{"id":7245,"date":"2020-04-21T13:04:18","date_gmt":"2020-04-21T13:04:18","guid":{"rendered":"https:\/\/lhchosting.com\/hosna\/?post_type=product&#038;p=7245"},"modified":"2021-07-08T08:51:51","modified_gmt":"2021-07-08T08:51:51","slug":"oleo-mac-tondeuse-g-44-pk-140-cm3-41-cm-comfort-plus-essence","status":"publish","type":"product","link":"https:\/\/eurlhosnakamel.dz\/dz\/produit\/oleo-mac-tondeuse-g-44-pk-140-cm3-41-cm-comfort-plus-essence\/","title":{"rendered":"OLEO MAC TONDEUSE G 44 PK 140 cm3 41 cm COMFORT PLUS ESSENCE"},"content":{"rendered":"<div>Les roues mont\u00e9es sur roulements permettent \u00e0 la machine de mieux se d\u00e9placer sur le terrain.<\/div>\n<div><\/div>\n<div>La hauteur de coupe est ind\u00e9pendante et r\u00e9glable sur chaque roue sur 4 positions.<\/div>\n","protected":false},"excerpt":{"rendered":"<div align=\"left\"><u><b>Caract\u00e9ristiques:<\/b><\/u><br \/>\nMoteur : Emak K600 OHV<br \/>\nCylindr\u00e9e : 140 cm3<br \/>\nLargeur de coupe : 41 cm<br \/>\nR\u00e9glage de coupe : ind\u00e9pendant<br \/>\nHauteur de coupe : de 28 \u00e0 75 mm<br \/>\nCapacit\u00e9 du bac : 70 litres<br \/>\nTraction : \u00e0 pousser<br \/>\nPoids : 24 kg<\/p>\n<\/div>\n","protected":false},"featured_media":7249,"template":"","meta":[],"product_cat":[957],"product_tag":[1477],"class_list":{"0":"post-7245","1":"product","2":"type-product","3":"status-publish","4":"has-post-thumbnail","6":"product_cat-jardinage","7":"product_tag-oleo-mac-tondeuse-g-44-pk-140-cm3-41-cm-comfort-plus-essence","8":"product_brand-oleomac","10":"first","11":"instock","12":"shipping-taxable","13":"product-type-simple","14":"col-xs-6 col-sm-4","15":"col-md-3 col-lg-3","16":"un-4-cols"},"yoast_head":"<!-- This site is optimized with the Yoast SEO plugin v22.5 - https:\/\/yoast.com\/wordpress\/plugins\/seo\/ -->\n<title>OLEO MAC TONDEUSE G 44 PK 140 cm3 41 cm COMFORT PLUS ESSENCE - EURL HOSNA KAMEL<\/title>\n<meta name=\"description\" content=\"OLEO MAC TONDEUSE G 44 PK 140 cm3 41 cm COMFORT PLUS ESSENCE - EURL HOSNA KAMEL\" \/>\n<meta name=\"robots\" content=\"index, follow, max-snippet:-1, max-image-preview:large, max-video-preview:-1\" \/>\n<link rel=\"canonical\" href=\"https:\/\/eurlhosnakamel.dz\/dz\/produit\/oleo-mac-tondeuse-g-44-pk-140-cm3-41-cm-comfort-plus-essence\/\" \/>\n<meta property=\"og:locale\" content=\"fr_FR\" \/>\n<meta property=\"og:type\" content=\"article\" \/>\n<meta property=\"og:title\" content=\"OLEO MAC TONDEUSE G 44 PK 140 cm3 41 cm COMFORT PLUS ESSENCE - EURL HOSNA KAMEL\" \/>\n<meta property=\"og:description\" content=\"OLEO MAC TONDEUSE G 44 PK 140 cm3 41 cm COMFORT PLUS ESSENCE - EURL HOSNA KAMEL\" \/>\n<meta property=\"og:url\" content=\"https:\/\/eurlhosnakamel.dz\/dz\/produit\/oleo-mac-tondeuse-g-44-pk-140-cm3-41-cm-comfort-plus-essence\/\" \/>\n<meta property=\"og:site_name\" content=\"EURL HOSNA KAMEL\" \/>\n<meta property=\"article:publisher\" content=\"https:\/\/www.facebook.com\/Eurl.Hosna.DZ\/\" \/>\n<meta property=\"article:modified_time\" content=\"2021-07-08T08:51:51+00:00\" \/>\n<meta property=\"og:image\" content=\"https:\/\/eurlhosnakamel.dz\/dz\/wp-content\/uploads\/2020\/04\/OLEO-MAC-TONDEUSE-G44PK-140cm3-41cm-COMFORT-PLUS-ESS.-eurl-hosna-kamel-algerie.jpg\" \/>\n\t<meta property=\"og:image:width\" content=\"512\" \/>\n\t<meta property=\"og:image:height\" content=\"512\" \/>\n\t<meta property=\"og:image:type\" content=\"image\/jpeg\" \/>\n<meta name=\"twitter:card\" content=\"summary_large_image\" \/>\n<script type=\"application\/ld+json\" class=\"yoast-schema-graph\">{\"@context\":\"https:\/\/schema.org\",\"@graph\":[{\"@type\":\"WebPage\",\"@id\":\"https:\/\/eurlhosnakamel.dz\/dz\/produit\/oleo-mac-tondeuse-g-44-pk-140-cm3-41-cm-comfort-plus-essence\/\",\"url\":\"https:\/\/eurlhosnakamel.dz\/dz\/produit\/oleo-mac-tondeuse-g-44-pk-140-cm3-41-cm-comfort-plus-essence\/\",\"name\":\"OLEO MAC TONDEUSE G 44 PK 140 cm3 41 cm COMFORT PLUS ESSENCE - EURL HOSNA KAMEL\",\"isPartOf\":{\"@id\":\"https:\/\/eurlhosnakamel.dz\/dz\/#website\"},\"primaryImageOfPage\":{\"@id\":\"https:\/\/eurlhosnakamel.dz\/dz\/produit\/oleo-mac-tondeuse-g-44-pk-140-cm3-41-cm-comfort-plus-essence\/#primaryimage\"},\"image\":{\"@id\":\"https:\/\/eurlhosnakamel.dz\/dz\/produit\/oleo-mac-tondeuse-g-44-pk-140-cm3-41-cm-comfort-plus-essence\/#primaryimage\"},\"thumbnailUrl\":\"https:\/\/eurlhosnakamel.dz\/dz\/wp-content\/uploads\/2020\/04\/OLEO-MAC-TONDEUSE-G44PK-140cm3-41cm-COMFORT-PLUS-ESS.-eurl-hosna-kamel-algerie.jpg\",\"datePublished\":\"2020-04-21T13:04:18+00:00\",\"dateModified\":\"2021-07-08T08:51:51+00:00\",\"description\":\"OLEO MAC TONDEUSE G 44 PK 140 cm3 41 cm COMFORT PLUS ESSENCE - EURL HOSNA KAMEL\",\"breadcrumb\":{\"@id\":\"https:\/\/eurlhosnakamel.dz\/dz\/produit\/oleo-mac-tondeuse-g-44-pk-140-cm3-41-cm-comfort-plus-essence\/#breadcrumb\"},\"inLanguage\":\"fr-FR\",\"potentialAction\":[{\"@type\":\"ReadAction\",\"target\":[\"https:\/\/eurlhosnakamel.dz\/dz\/produit\/oleo-mac-tondeuse-g-44-pk-140-cm3-41-cm-comfort-plus-essence\/\"]}]},{\"@type\":\"ImageObject\",\"inLanguage\":\"fr-FR\",\"@id\":\"https:\/\/eurlhosnakamel.dz\/dz\/produit\/oleo-mac-tondeuse-g-44-pk-140-cm3-41-cm-comfort-plus-essence\/#primaryimage\",\"url\":\"https:\/\/eurlhosnakamel.dz\/dz\/wp-content\/uploads\/2020\/04\/OLEO-MAC-TONDEUSE-G44PK-140cm3-41cm-COMFORT-PLUS-ESS.-eurl-hosna-kamel-algerie.jpg\",\"contentUrl\":\"https:\/\/eurlhosnakamel.dz\/dz\/wp-content\/uploads\/2020\/04\/OLEO-MAC-TONDEUSE-G44PK-140cm3-41cm-COMFORT-PLUS-ESS.-eurl-hosna-kamel-algerie.jpg\",\"width\":512,\"height\":512},{\"@type\":\"BreadcrumbList\",\"@id\":\"https:\/\/eurlhosnakamel.dz\/dz\/produit\/oleo-mac-tondeuse-g-44-pk-140-cm3-41-cm-comfort-plus-essence\/#breadcrumb\",\"itemListElement\":[{\"@type\":\"ListItem\",\"position\":1,\"name\":\"Accueil\",\"item\":\"https:\/\/eurlhosnakamel.dz\/dz\/\"},{\"@type\":\"ListItem\",\"position\":2,\"name\":\"Shop\",\"item\":\"https:\/\/eurlhosnakamel.dz\/dz\/shop\/\"},{\"@type\":\"ListItem\",\"position\":3,\"name\":\"OLEO MAC TONDEUSE G 44 PK 140 cm3 41 cm COMFORT PLUS ESSENCE\"}]},{\"@type\":\"WebSite\",\"@id\":\"https:\/\/eurlhosnakamel.dz\/dz\/#website\",\"url\":\"https:\/\/eurlhosnakamel.dz\/dz\/\",\"name\":\"EURL HOSNA KAMEL\",\"description\":\"Fournisseur Premium d&#039;Outillages Professionnels en Alg\u00e9rie -\",\"publisher\":{\"@id\":\"https:\/\/eurlhosnakamel.dz\/dz\/#organization\"},\"potentialAction\":[{\"@type\":\"SearchAction\",\"target\":{\"@type\":\"EntryPoint\",\"urlTemplate\":\"https:\/\/eurlhosnakamel.dz\/dz\/?s={search_term_string}\"},\"query-input\":\"required name=search_term_string\"}],\"inLanguage\":\"fr-FR\"},{\"@type\":\"Organization\",\"@id\":\"https:\/\/eurlhosnakamel.dz\/dz\/#organization\",\"name\":\"EURL HOSNA KAMEL - Bosch alg\u00e9rie\",\"url\":\"https:\/\/eurlhosnakamel.dz\/dz\/\",\"logo\":{\"@type\":\"ImageObject\",\"inLanguage\":\"fr-FR\",\"@id\":\"https:\/\/eurlhosnakamel.dz\/dz\/#\/schema\/logo\/image\/\",\"url\":\"https:\/\/eurlhosnakamel.dz\/wp-content\/uploads\/2020\/04\/LOGO-HOSNA1.png\",\"contentUrl\":\"https:\/\/eurlhosnakamel.dz\/wp-content\/uploads\/2020\/04\/LOGO-HOSNA1.png\",\"width\":120,\"height\":127,\"caption\":\"EURL HOSNA KAMEL - Bosch alg\u00e9rie\"},\"image\":{\"@id\":\"https:\/\/eurlhosnakamel.dz\/dz\/#\/schema\/logo\/image\/\"},\"sameAs\":[\"https:\/\/www.facebook.com\/Eurl.Hosna.DZ\/\"]}]}<\/script>\n<!-- \/ Yoast SEO plugin. -->","yoast_head_json":{"title":"OLEO MAC TONDEUSE G 44 PK 140 cm3 41 cm COMFORT PLUS ESSENCE - EURL HOSNA KAMEL","description":"OLEO MAC TONDEUSE G 44 PK 140 cm3 41 cm COMFORT PLUS ESSENCE - EURL HOSNA KAMEL","robots":{"index":"index","follow":"follow","max-snippet":"max-snippet:-1","max-image-preview":"max-image-preview:large","max-video-preview":"max-video-preview:-1"},"canonical":"https:\/\/eurlhosnakamel.dz\/dz\/produit\/oleo-mac-tondeuse-g-44-pk-140-cm3-41-cm-comfort-plus-essence\/","og_locale":"fr_FR","og_type":"article","og_title":"OLEO MAC TONDEUSE G 44 PK 140 cm3 41 cm COMFORT PLUS ESSENCE - EURL HOSNA KAMEL","og_description":"OLEO MAC TONDEUSE G 44 PK 140 cm3 41 cm COMFORT PLUS ESSENCE - EURL HOSNA KAMEL","og_url":"https:\/\/eurlhosnakamel.dz\/dz\/produit\/oleo-mac-tondeuse-g-44-pk-140-cm3-41-cm-comfort-plus-essence\/","og_site_name":"EURL HOSNA KAMEL","article_publisher":"https:\/\/www.facebook.com\/Eurl.Hosna.DZ\/","article_modified_time":"2021-07-08T08:51:51+00:00","og_image":[{"width":512,"height":512,"url":"https:\/\/eurlhosnakamel.dz\/dz\/wp-content\/uploads\/2020\/04\/OLEO-MAC-TONDEUSE-G44PK-140cm3-41cm-COMFORT-PLUS-ESS.-eurl-hosna-kamel-algerie.jpg","type":"image\/jpeg"}],"twitter_card":"summary_large_image","schema":{"@context":"https:\/\/schema.org","@graph":[{"@type":"WebPage","@id":"https:\/\/eurlhosnakamel.dz\/dz\/produit\/oleo-mac-tondeuse-g-44-pk-140-cm3-41-cm-comfort-plus-essence\/","url":"https:\/\/eurlhosnakamel.dz\/dz\/produit\/oleo-mac-tondeuse-g-44-pk-140-cm3-41-cm-comfort-plus-essence\/","name":"OLEO MAC TONDEUSE G 44 PK 140 cm3 41 cm COMFORT PLUS ESSENCE - EURL HOSNA KAMEL","isPartOf":{"@id":"https:\/\/eurlhosnakamel.dz\/dz\/#website"},"primaryImageOfPage":{"@id":"https:\/\/eurlhosnakamel.dz\/dz\/produit\/oleo-mac-tondeuse-g-44-pk-140-cm3-41-cm-comfort-plus-essence\/#primaryimage"},"image":{"@id":"https:\/\/eurlhosnakamel.dz\/dz\/produit\/oleo-mac-tondeuse-g-44-pk-140-cm3-41-cm-comfort-plus-essence\/#primaryimage"},"thumbnailUrl":"https:\/\/eurlhosnakamel.dz\/dz\/wp-content\/uploads\/2020\/04\/OLEO-MAC-TONDEUSE-G44PK-140cm3-41cm-COMFORT-PLUS-ESS.-eurl-hosna-kamel-algerie.jpg","datePublished":"2020-04-21T13:04:18+00:00","dateModified":"2021-07-08T08:51:51+00:00","description":"OLEO MAC TONDEUSE G 44 PK 140 cm3 41 cm COMFORT PLUS ESSENCE - EURL HOSNA KAMEL","breadcrumb":{"@id":"https:\/\/eurlhosnakamel.dz\/dz\/produit\/oleo-mac-tondeuse-g-44-pk-140-cm3-41-cm-comfort-plus-essence\/#breadcrumb"},"inLanguage":"fr-FR","potentialAction":[{"@type":"ReadAction","target":["https:\/\/eurlhosnakamel.dz\/dz\/produit\/oleo-mac-tondeuse-g-44-pk-140-cm3-41-cm-comfort-plus-essence\/"]}]},{"@type":"ImageObject","inLanguage":"fr-FR","@id":"https:\/\/eurlhosnakamel.dz\/dz\/produit\/oleo-mac-tondeuse-g-44-pk-140-cm3-41-cm-comfort-plus-essence\/#primaryimage","url":"https:\/\/eurlhosnakamel.dz\/dz\/wp-content\/uploads\/2020\/04\/OLEO-MAC-TONDEUSE-G44PK-140cm3-41cm-COMFORT-PLUS-ESS.-eurl-hosna-kamel-algerie.jpg","contentUrl":"https:\/\/eurlhosnakamel.dz\/dz\/wp-content\/uploads\/2020\/04\/OLEO-MAC-TONDEUSE-G44PK-140cm3-41cm-COMFORT-PLUS-ESS.-eurl-hosna-kamel-algerie.jpg","width":512,"height":512},{"@type":"BreadcrumbList","@id":"https:\/\/eurlhosnakamel.dz\/dz\/produit\/oleo-mac-tondeuse-g-44-pk-140-cm3-41-cm-comfort-plus-essence\/#breadcrumb","itemListElement":[{"@type":"ListItem","position":1,"name":"Accueil","item":"https:\/\/eurlhosnakamel.dz\/dz\/"},{"@type":"ListItem","position":2,"name":"Shop","item":"https:\/\/eurlhosnakamel.dz\/dz\/shop\/"},{"@type":"ListItem","position":3,"name":"OLEO MAC TONDEUSE G 44 PK 140 cm3 41 cm COMFORT PLUS ESSENCE"}]},{"@type":"WebSite","@id":"https:\/\/eurlhosnakamel.dz\/dz\/#website","url":"https:\/\/eurlhosnakamel.dz\/dz\/","name":"EURL HOSNA KAMEL","description":"Fournisseur Premium d&#039;Outillages Professionnels en Alg\u00e9rie -","publisher":{"@id":"https:\/\/eurlhosnakamel.dz\/dz\/#organization"},"potentialAction":[{"@type":"SearchAction","target":{"@type":"EntryPoint","urlTemplate":"https:\/\/eurlhosnakamel.dz\/dz\/?s={search_term_string}"},"query-input":"required name=search_term_string"}],"inLanguage":"fr-FR"},{"@type":"Organization","@id":"https:\/\/eurlhosnakamel.dz\/dz\/#organization","name":"EURL HOSNA KAMEL - Bosch alg\u00e9rie","url":"https:\/\/eurlhosnakamel.dz\/dz\/","logo":{"@type":"ImageObject","inLanguage":"fr-FR","@id":"https:\/\/eurlhosnakamel.dz\/dz\/#\/schema\/logo\/image\/","url":"https:\/\/eurlhosnakamel.dz\/wp-content\/uploads\/2020\/04\/LOGO-HOSNA1.png","contentUrl":"https:\/\/eurlhosnakamel.dz\/wp-content\/uploads\/2020\/04\/LOGO-HOSNA1.png","width":120,"height":127,"caption":"EURL HOSNA KAMEL - Bosch alg\u00e9rie"},"image":{"@id":"https:\/\/eurlhosnakamel.dz\/dz\/#\/schema\/logo\/image\/"},"sameAs":["https:\/\/www.facebook.com\/Eurl.Hosna.DZ\/"]}]}},"_links":{"self":[{"href":"https:\/\/eurlhosnakamel.dz\/dz\/wp-json\/wp\/v2\/product\/7245","targetHints":{"allow":["GET"]}}],"collection":[{"href":"https:\/\/eurlhosnakamel.dz\/dz\/wp-json\/wp\/v2\/product"}],"about":[{"href":"https:\/\/eurlhosnakamel.dz\/dz\/wp-json\/wp\/v2\/types\/product"}],"wp:featuredmedia":[{"embeddable":true,"href":"https:\/\/eurlhosnakamel.dz\/dz\/wp-json\/wp\/v2\/media\/7249"}],"wp:attachment":[{"href":"https:\/\/eurlhosnakamel.dz\/dz\/wp-json\/wp\/v2\/media?parent=7245"}],"wp:term":[{"taxonomy":"product_cat","embeddable":true,"href":"https:\/\/eurlhosnakamel.dz\/dz\/wp-json\/wp\/v2\/product_cat?post=7245"},{"taxonomy":"product_tag","embeddable":true,"href":"https:\/\/eurlhosnakamel.dz\/dz\/wp-json\/wp\/v2\/product_tag?post=7245"}],"curies":[{"name":"wp","href":"https:\/\/api.w.org\/{rel}","templated":true}]}}