{"id":7281,"date":"2020-04-21T14:18:03","date_gmt":"2020-04-21T14:18:03","guid":{"rendered":"https:\/\/lhchosting.com\/hosna\/?post_type=product&#038;p=7281"},"modified":"2020-04-21T14:23:42","modified_gmt":"2020-04-21T14:23:42","slug":"aksa-groupe-apd200c-osk-180-200kva-dies-mot-cummins","status":"publish","type":"product","link":"https:\/\/eurlhosnakamel.dz\/dz\/produit\/aksa-groupe-apd200c-osk-180-200kva-dies-mot-cummins\/","title":{"rendered":"AKSA GROUPE APD200C-OSK 180-200KVA DIES. MOT CUMMINS"},"content":{"rendered":"<div class=\"acc-content\">\n<div class=\"table-responsive\">\n<table id=\"tabloMotorOzellik\" class=\"table table-bordered urunDetayTablo alignLeft\">\n<tbody>\n<tr>\n<th style=\"text-align: justify;\" colspan=\"2\">Nom du mod\u00e8le<\/th>\n<td style=\"text-align: justify;\" colspan=\"2\">APD 200 C<\/td>\n<\/tr>\n<tr style=\"text-align: justify;\">\n<th colspan=\"2\">Fr\u00e9quence (Hz)<\/th>\n<td colspan=\"2\">50<\/td>\n<\/tr>\n<tr style=\"text-align: justify;\">\n<th colspan=\"2\">Type de carburant utilis\u00e9<\/th>\n<td colspan=\"2\">Diesel<\/td>\n<\/tr>\n<tr style=\"text-align: justify;\">\n<th colspan=\"2\">Marque et modele du moteur<\/th>\n<td colspan=\"2\">CUMMINS &#8211; 6CTA8.3G2<\/td>\n<\/tr>\n<tr style=\"text-align: justify;\">\n<th colspan=\"2\">Marque et mod\u00e8le de l&#8217;alternateur<\/th>\n<td colspan=\"2\">Axe &#8211; AK 4150<\/td>\n<\/tr>\n<tr style=\"text-align: justify;\">\n<th colspan=\"2\">Mod\u00e8le panneau de commande<\/th>\n<td colspan=\"2\">DSE 6020<\/td>\n<\/tr>\n<tr style=\"text-align: justify;\">\n<th colspan=\"2\">Cabine<\/th>\n<td colspan=\"2\">ASM 6<\/td>\n<\/tr>\n<\/tbody>\n<\/table>\n<\/div>\n<\/div>\n<p style=\"text-align: justify;\"><a class=\"acc-trigger\">Triphas\u00e9, 50 Hz, PF 0,8<\/a><\/p>\n<div class=\"acc-content\" style=\"text-align: justify;\">\n<div class=\"table-responsive\">\n<table class=\"table table-bordered urunDetayTablo\">\n<tbody>\n<tr>\n<th rowspan=\"2\">Tension (AC)<\/th>\n<th colspan=\"2\">La puissance de standby (ESP)<\/th>\n<th colspan=\"2\">La puissance prime (PRP)<\/th>\n<th rowspan=\"2\">Ampli de veille<\/th>\n<\/tr>\n<tr class=\"subtitle\">\n<th>kVA<\/th>\n<th>kW<\/th>\n<th>kVA<\/th>\n<th>kW<\/th>\n<\/tr>\n<tr>\n<td>400\/231<\/td>\n<td>200<\/td>\n<td>160<\/td>\n<td>180<\/td>\n<td>144<\/td>\n<td>288.68<\/td>\n<\/tr>\n<\/tbody>\n<\/table>\n<\/div>\n<div>\n<p><strong>La puissance de standby (ESP) :<\/strong>\u00a0En cas de coupure d\u2019alimentation du r\u00e9seau fiable, l\u2019\u00e9lectricit\u00e9 de variable est utilis\u00e9e pour la fourniture de puissance \u00e0 la charge. ESP est appropri\u00e9e avec ISO8528. Il n\u2019a pas \u00e9t\u00e9 autoris\u00e9 \u00e0 surcharger.<\/p>\n<p><strong>La puissance prime (PRP) :<\/strong>\u00a0L\u2019\u00e9lectricit\u00e9 de variable est utilis\u00e9e pour la fourniture de puissance \u00e0 la charge, pour l\u2019heure illimit\u00e9e de fonctionnement annuel. PRP est appropri\u00e9 avec ISO3046. Selon ISO3046, il est utilis\u00e9 pour 10% sur chargement pendant 1 heure en 12 heures de p\u00e9riode de fonctionnement.<\/p>\n<\/div>\n<\/div>\n<p style=\"text-align: justify;\"><a class=\"acc-trigger\">Caract\u00e9ristiques du moteur<\/a><\/p>\n<div class=\"acc-content\" style=\"text-align: justify;\">\n<div class=\"table-responsive\">\n<table id=\"tabloMotorOzellik\" class=\"table table-bordered urunDetayTablo alignLeft\">\n<tbody>\n<tr>\n<th colspan=\"2\">Moteur<\/th>\n<td colspan=\"2\">CUMMINS<\/td>\n<\/tr>\n<tr>\n<th colspan=\"2\">Mod\u00e8le de moteur<\/th>\n<td colspan=\"2\">6CTA8.3G2<\/td>\n<\/tr>\n<tr>\n<th colspan=\"2\">Nombre de cylindres<\/th>\n<td colspan=\"2\">6 cylindres &#8211; en ligne<\/td>\n<\/tr>\n<tr>\n<th>AL\u00c9SAGE ET AVC<\/th>\n<th class=\"unit\">mm<\/th>\n<td colspan=\"2\">114 X 135<\/td>\n<\/tr>\n<tr>\n<th>Volume cylindre<\/th>\n<th class=\"unit\">L<\/th>\n<td colspan=\"2\">8,30<\/td>\n<\/tr>\n<tr>\n<th colspan=\"2\">Aspiration d&#8217;air<\/th>\n<td colspan=\"2\">Turbo charg\u00e9 et apr\u00e8s refroidissement<\/td>\n<\/tr>\n<tr>\n<th colspan=\"2\">Taux de compression<\/th>\n<td colspan=\"2\">17.3:1<\/td>\n<\/tr>\n<tr>\n<th>Vitesse<\/th>\n<th class=\"unit\">d \/ dk<\/th>\n<td colspan=\"2\">1500<\/td>\n<\/tr>\n<tr>\n<th>Capacit\u00e9 d&#8217;huile (L) (filtre inclus)<\/th>\n<th class=\"unit\">L<\/th>\n<td colspan=\"2\">16,6<\/td>\n<\/tr>\n<tr>\n<th class=\"col1\" colspan=\"2\">Puissance secours\u00a0(kW\/HP)<\/th>\n<td colspan=\"2\">180\/241<\/td>\n<\/tr>\n<tr>\n<th class=\"col1\" colspan=\"2\">Puisance prime\u00a0(kW\/HP)<\/th>\n<td colspan=\"2\">163\/218<\/td>\n<\/tr>\n<tr>\n<th class=\"col1\" rowspan=\"2\">Chauffe-bloc<\/th>\n<\/tr>\n<tr>\n<th class=\"unit\"><\/th>\n<td colspan=\"2\">1<\/td>\n<\/tr>\n<tr>\n<th class=\"col1\" rowspan=\"2\">Puissance Chauffe-bloc (Watt)<\/th>\n<\/tr>\n<tr>\n<th class=\"unit\"><\/th>\n<td colspan=\"2\">1500<\/td>\n<\/tr>\n<tr>\n<th class=\"col1\" rowspan=\"2\">Type de carburant utilis\u00e9<\/th>\n<\/tr>\n<tr>\n<th class=\"unit\"><\/th>\n<td colspan=\"2\">Diesel<\/td>\n<\/tr>\n<tr>\n<th class=\"col1\" rowspan=\"2\">Type et syst\u00e8me d&#8217;injection<\/th>\n<\/tr>\n<tr>\n<th class=\"unit\"><\/th>\n<td colspan=\"2\">Direct<\/td>\n<\/tr>\n<tr>\n<th class=\"col1\" rowspan=\"2\">Type de pompe \u00e0 carburant<\/th>\n<\/tr>\n<tr>\n<th class=\"unit\"><\/th>\n<td colspan=\"2\">BE PB<\/td>\n<\/tr>\n<tr>\n<th class=\"col1\" rowspan=\"2\">Type de r\u00e9gulateur<\/th>\n<\/tr>\n<tr>\n<th class=\"unit\"><\/th>\n<td colspan=\"2\">\u00c9lectronique<\/td>\n<\/tr>\n<tr>\n<th class=\"col1\" rowspan=\"2\">Tension de fonctionnement (VdC)<\/th>\n<\/tr>\n<tr>\n<th class=\"unit\"><\/th>\n<td colspan=\"2\">24 Vdc<\/td>\n<\/tr>\n<tr>\n<th class=\"col1\" rowspan=\"2\">Batterie et capacit\u00e9 (Qty\/Ah)<\/th>\n<\/tr>\n<tr>\n<th class=\"unit\"><\/th>\n<td colspan=\"2\">2&#215;80<\/td>\n<\/tr>\n<tr>\n<th class=\"col1\" rowspan=\"2\">Proc\u00e9d\u00e9 de refroidissement<\/th>\n<\/tr>\n<tr>\n<th class=\"unit\"><\/th>\n<td colspan=\"2\">Refroidi \u00e0 l&#8217;eau<\/td>\n<\/tr>\n<tr>\n<th class=\"col1\" rowspan=\"2\">Flux d&#8217;air du ventilateur de refroidissement (m\u00b3\/min)<\/th>\n<\/tr>\n<tr>\n<th class=\"unit\"><\/th>\n<td colspan=\"2\">186<\/td>\n<\/tr>\n<tr>\n<th class=\"col1\" rowspan=\"2\">Liquide de refroidissement (moteur seul\/ avec radiateur) (lt)<\/th>\n<\/tr>\n<tr>\n<th class=\"unit\"><\/th>\n<td colspan=\"2\">41,3<\/td>\n<\/tr>\n<tr>\n<th class=\"col1\" rowspan=\"2\">Filtre \u00e0 air<\/th>\n<\/tr>\n<tr>\n<th class=\"unit\"><\/th>\n<td colspan=\"2\">Type sec<\/td>\n<\/tr>\n<tr>\n<th class=\"col1\" rowspan=\"2\">Consommation de carburant a 100% de la charge puissance prime (lt \/ h)<\/th>\n<\/tr>\n<tr>\n<th class=\"unit\"><\/th>\n<td colspan=\"2\">42<\/td>\n<\/tr>\n<tr>\n<th class=\"col1\" rowspan=\"2\">Consommation de carburant a 75% de la charge puissance prime (lt \/ h)<\/th>\n<\/tr>\n<tr>\n<th class=\"unit\"><\/th>\n<td colspan=\"2\">31<\/td>\n<\/tr>\n<tr>\n<th class=\"col1\" rowspan=\"2\">Consommation de carburant a 50% de la charge puissance prime (lt \/ h)<\/th>\n<\/tr>\n<tr>\n<th class=\"unit\"><\/th>\n<td colspan=\"2\">21<\/td>\n<\/tr>\n<\/tbody>\n<\/table>\n<\/div>\n<\/div>\n<p style=\"text-align: justify;\"><a class=\"acc-trigger\">Caract\u00e9ristiques du alternateur<\/a><\/p>\n<div class=\"acc-content\" style=\"text-align: justify;\">\n<div class=\"table-responsive\">\n<table id=\"tabloAlternatorOzellik\" class=\"table table-bordered urunDetayTablo alignLeft\">\n<tbody>\n<tr>\n<th colspan=\"2\">Fabricant<\/th>\n<td>Aksa<\/td>\n<\/tr>\n<tr>\n<th colspan=\"2\">Marque et mod\u00e8le de l&#8217;alternateur<\/th>\n<td>AK 4150<\/td>\n<\/tr>\n<tr>\n<th>Fr\u00e9quence (Hz)<\/th>\n<th class=\"unit\">Hz<\/th>\n<td>50<\/td>\n<\/tr>\n<tr>\n<th class=\"col1\">Puissance (kVA)<\/th>\n<th class=\"unit\">kVA<\/th>\n<td>187.5<\/td>\n<\/tr>\n<tr>\n<th colspan=\"2\">d\u00e9sign<\/th>\n<td>\u00a0\u00a0Brushless<\/td>\n<\/tr>\n<tr>\n<th>Tension (AC)<\/th>\n<th class=\"unit\">V<\/th>\n<td>400<\/td>\n<\/tr>\n<tr>\n<th colspan=\"2\">Phase<\/th>\n<td>3<\/td>\n<\/tr>\n<tr>\n<th colspan=\"2\">R\u00e9gulateur de tension automatique<\/th>\n<td>AS460<\/td>\n<\/tr>\n<tr>\n<th>R\u00e9gulation de tension<\/th>\n<th class=\"unit\">(+\/-)<\/th>\n<td>1,5%<\/td>\n<\/tr>\n<tr>\n<th colspan=\"2\">Syst\u00e8me d&#8217;isolation<\/th>\n<td>H<\/td>\n<\/tr>\n<tr>\n<th colspan=\"2\">Classe de protection<\/th>\n<td>IP22<\/td>\n<\/tr>\n<tr>\n<th colspan=\"2\">Facteur de puissance<\/th>\n<td>0.8<\/td>\n<\/tr>\n<tr>\n<th colspan=\"2\">Poids du groupe \u00e9lectrog\u00e8ne complet (Kg)<\/th>\n<td>580<\/td>\n<\/tr>\n<tr>\n<th>Air de refroidissement<\/th>\n<th class=\"unit\">m\u00a0<sup>3<\/sup><\/th>\n<td>30,84<\/td>\n<\/tr>\n<\/tbody>\n<\/table>\n<\/div>\n<\/div>\n<p style=\"text-align: justify;\"><a class=\"acc-trigger\">Taille et poids<\/a><\/p>\n<div class=\"acc-content\" style=\"text-align: justify;\">\n<div class=\"table-responsive\">\n<table id=\"tabloBoyutAgirlik\" class=\"table table-bordered urunDetayTablo\">\n<tbody>\n<tr>\n<th>Type Ouvert<\/th>\n<th>Poids sec (kg)<br \/>\n(kg.)<\/th>\n<th>Longueur (mm)<br \/>\n(mm.)<\/th>\n<th>Largeur (mm)<br \/>\n(mm.)<\/th>\n<th>Hauteur (mm)<br \/>\n(mm.)<\/th>\n<th>Capacit\u00e9 du r\u00e9servoir\u00a0(L.) (Lt.)<\/th>\n<\/tr>\n<tr>\n<td><img decoding=\"async\" src=\"http:\/\/gendatabase.aksa.com.tr\/UploadFiles\/MODEL\/147\/Image\/200C.jpg\" alt=\"\" width=\"100\" \/><\/td>\n<td>1780<\/td>\n<td>2336<\/td>\n<td>1100<\/td>\n<td>1652<\/td>\n<td>350<\/td>\n<\/tr>\n<tr>\n<th>Cabine<\/th>\n<th>Poids sec (kg)<br \/>\n(kg.)<\/th>\n<th>Longueur (mm)<br \/>\n(mm.)<\/th>\n<th>Largeur (mm)<br \/>\n(mm.)<\/th>\n<th>Hauteur (mm)<br \/>\n(mm.)<\/th>\n<th>Capacit\u00e9 du r\u00e9servoir\u00a0(L.) (Lt.)<\/th>\n<\/tr>\n<tr>\n<td>ASM 6<br \/>\n<img decoding=\"async\" src=\"http:\/\/gendatabase.aksa.com.tr\/UploadFiles\/CANOPY\/43\/Image\/ASM%206-6A.jpg\" alt=\"\" width=\"100\" \/><\/td>\n<td>2280<\/td>\n<td>3265<\/td>\n<td>1163<\/td>\n<td>1858<\/td>\n<td>271<\/td>\n<\/tr>\n<\/tbody>\n<\/table>\n<\/div>\n<\/div>\n<p style=\"text-align: justify;\"><a class=\"acc-trigger\">Caract\u00e9ristiques standard<\/a><\/p>\n<div class=\"acc-content\" style=\"text-align: justify;\">Moteur diesel refroidi par eau<br \/>\nRadiateur avec ventilateur m\u00e9canique Grille de<br \/>\nprotection pour les pi\u00e8ces tournantes et chaudes<br \/>\nD\u00e9marreur \u00e9lectrique et alternateur de charge<br \/>\nBatterie de d\u00e9marrage (avec acide de plomb), y compris la cr\u00e9maill\u00e8re et les c\u00e2bles<br \/>\nR\u00e9chauffeur de liquide de refroidissement du moteur La<br \/>\nconception du ch\u00e2ssis de base comprend un r\u00e9servoir de carburant int\u00e9gr\u00e9 et des isolateurs antivibrations<br \/>\nCarburant flexible tuyaux de raccordement<br \/>\nAlternateur \u00e0 palier unique, classe H<br \/>\nSilencieux d&#8217;\u00e9chappement industriel et soufflet en acier fournis s\u00e9par\u00e9ment (pour les ensembles ouverts)<br \/>\nChargeur de batterie statique<br \/>\nManuel pour l&#8217;application et l&#8217;installation<\/div>\n<p style=\"text-align: justify;\"><a class=\"acc-trigger\">EQUIPEMENTS OPTIONNELS<\/a><\/p>\n<div class=\"acc-content\">\n<p><strong>MOTEUR<\/strong><\/p>\n<ul style=\"text-align: justify;\">\n<li>Refroidissement du radiateur \u00e0 distance<\/li>\n<li>Filtre s\u00e9parateur eau-carburant<\/li>\n<li>R\u00e9chauffeur d&#8217;huile<\/li>\n<\/ul>\n<p><strong>ALTERNATEUR<\/strong><\/p>\n<ul style=\"text-align: justify;\">\n<li>Anti-Condensation Heater<\/li>\n<li>Disjoncteur de ligne principale<\/li>\n<\/ul>\n<p><strong>SYST\u00c8ME DE CONTR\u00d4LE<\/strong><\/p>\n<ul style=\"text-align: justify;\">\n<li>D\u00e9faut de terre, un seul ensemble<\/li>\n<li>Amp\u00e8rem\u00e8tre de charge<\/li>\n<\/ul>\n<p><strong>COMMUTATEUR DE TRANSFERT<\/strong><\/p>\n<ul style=\"text-align: justify;\">\n<li>Contacteur tripolaire<\/li>\n<li>Contacteur \u00e0 quatre p\u00f4les<\/li>\n<li>Disjoncteur \u00e0 moteur tripolaire ou tripolaire<\/li>\n<\/ul>\n<p><strong>AUTRES ACCESSOIRES<\/strong><\/p>\n<ul>\n<li style=\"text-align: justify;\">R\u00e9servoir de carburant principal<\/li>\n<li style=\"text-align: justify;\">Syst\u00e8me de remplissage de carburant automatique ou manuel<\/li>\n<li style=\"text-align: justify;\">Pompe de vidange d&#8217;huile manuelle<\/li>\n<li style=\"text-align: justify;\">Alarme de niveau de carburant bas et \u00e9lev\u00e9<\/li>\n<li style=\"text-align: justify;\">Bo\u00eetier: protection anti-bruit ou insonoris\u00e9e<\/li>\n<li style=\"text-align: justify;\">Bande annonce<\/li>\n<li style=\"text-align: justify;\">Trousse d&#8217;outils pour l&#8217;entretien<\/li>\n<li style=\"text-align: justify;\">Interrupteur de transfert automatique<\/li>\n<\/ul>\n<\/div>\n","protected":false},"excerpt":{"rendered":"<p><strong>Syst\u00e8me de g\u00e9n\u00e9ration d&#8217;\u00e9nergie Aksa, offrant des performances et une fiabilit\u00e9 optimales pour les applications de secours stationnaire, d&#8217;alimentation principale et de service continu.\u00a0Tous les groupes \u00e9lectrog\u00e8nes sont fabriqu\u00e9s en usine et test\u00e9s en production.<\/strong><\/p>\n","protected":false},"featured_media":7283,"template":"","meta":[],"product_cat":[553,555],"product_tag":[1497],"class_list":{"0":"post-7281","1":"product","2":"type-product","3":"status-publish","4":"has-post-thumbnail","6":"product_cat-groupes-electrogenes","7":"product_cat-groupes-electrogenes-diesel","8":"product_tag-aksa-groupe-apd200c-osk-180-200kva-dies-mot-cummins","9":"product_brand-aksa","11":"first","12":"instock","13":"shipping-taxable","14":"product-type-simple","15":"col-xs-6 col-sm-4","16":"col-md-3 col-lg-3","17":"un-4-cols"},"yoast_head":"<!-- This site is optimized with the Yoast SEO plugin v22.5 - https:\/\/yoast.com\/wordpress\/plugins\/seo\/ -->\n<title>AKSA GROUPE APD200C-OSK 180-200KVA DIES. MOT CUMMINS - EURL HOSNA KAMEL<\/title>\n<meta name=\"description\" content=\"AKSA GROUPE APD200C-OSK 180-200KVA DIES. MOT CUMMINS - EURL HOSNA KAMEL\" \/>\n<meta name=\"robots\" content=\"index, follow, max-snippet:-1, max-image-preview:large, max-video-preview:-1\" \/>\n<link rel=\"canonical\" href=\"https:\/\/eurlhosnakamel.dz\/dz\/produit\/aksa-groupe-apd200c-osk-180-200kva-dies-mot-cummins\/\" \/>\n<meta property=\"og:locale\" content=\"fr_FR\" \/>\n<meta property=\"og:type\" content=\"article\" \/>\n<meta property=\"og:title\" content=\"AKSA GROUPE APD200C-OSK 180-200KVA DIES. MOT CUMMINS - EURL HOSNA KAMEL\" \/>\n<meta property=\"og:description\" content=\"AKSA GROUPE APD200C-OSK 180-200KVA DIES. MOT CUMMINS - EURL HOSNA KAMEL\" \/>\n<meta property=\"og:url\" content=\"https:\/\/eurlhosnakamel.dz\/dz\/produit\/aksa-groupe-apd200c-osk-180-200kva-dies-mot-cummins\/\" \/>\n<meta property=\"og:site_name\" content=\"EURL HOSNA KAMEL\" \/>\n<meta property=\"article:publisher\" content=\"https:\/\/www.facebook.com\/Eurl.Hosna.DZ\/\" \/>\n<meta property=\"article:modified_time\" content=\"2020-04-21T14:23:42+00:00\" \/>\n<meta property=\"og:image\" content=\"https:\/\/eurlhosnakamel.dz\/dz\/wp-content\/uploads\/2020\/04\/31AKSA-GROUPE-APD200C-OSK-180-200KVA-DIES.-MOT-CUMMINS.jpg\" \/>\n\t<meta property=\"og:image:width\" content=\"512\" \/>\n\t<meta property=\"og:image:height\" content=\"512\" \/>\n\t<meta property=\"og:image:type\" content=\"image\/jpeg\" \/>\n<meta name=\"twitter:card\" content=\"summary_large_image\" \/>\n<meta name=\"twitter:label1\" content=\"Dur\u00e9e de lecture estim\u00e9e\" \/>\n\t<meta name=\"twitter:data1\" content=\"3 minutes\" \/>\n<script type=\"application\/ld+json\" class=\"yoast-schema-graph\">{\"@context\":\"https:\/\/schema.org\",\"@graph\":[{\"@type\":\"WebPage\",\"@id\":\"https:\/\/eurlhosnakamel.dz\/dz\/produit\/aksa-groupe-apd200c-osk-180-200kva-dies-mot-cummins\/\",\"url\":\"https:\/\/eurlhosnakamel.dz\/dz\/produit\/aksa-groupe-apd200c-osk-180-200kva-dies-mot-cummins\/\",\"name\":\"AKSA GROUPE APD200C-OSK 180-200KVA DIES. MOT CUMMINS - EURL HOSNA KAMEL\",\"isPartOf\":{\"@id\":\"https:\/\/eurlhosnakamel.dz\/dz\/#website\"},\"primaryImageOfPage\":{\"@id\":\"https:\/\/eurlhosnakamel.dz\/dz\/produit\/aksa-groupe-apd200c-osk-180-200kva-dies-mot-cummins\/#primaryimage\"},\"image\":{\"@id\":\"https:\/\/eurlhosnakamel.dz\/dz\/produit\/aksa-groupe-apd200c-osk-180-200kva-dies-mot-cummins\/#primaryimage\"},\"thumbnailUrl\":\"https:\/\/eurlhosnakamel.dz\/dz\/wp-content\/uploads\/2020\/04\/31AKSA-GROUPE-APD200C-OSK-180-200KVA-DIES.-MOT-CUMMINS.jpg\",\"datePublished\":\"2020-04-21T14:18:03+00:00\",\"dateModified\":\"2020-04-21T14:23:42+00:00\",\"description\":\"AKSA GROUPE APD200C-OSK 180-200KVA DIES. MOT CUMMINS - EURL HOSNA KAMEL\",\"breadcrumb\":{\"@id\":\"https:\/\/eurlhosnakamel.dz\/dz\/produit\/aksa-groupe-apd200c-osk-180-200kva-dies-mot-cummins\/#breadcrumb\"},\"inLanguage\":\"fr-FR\",\"potentialAction\":[{\"@type\":\"ReadAction\",\"target\":[\"https:\/\/eurlhosnakamel.dz\/dz\/produit\/aksa-groupe-apd200c-osk-180-200kva-dies-mot-cummins\/\"]}]},{\"@type\":\"ImageObject\",\"inLanguage\":\"fr-FR\",\"@id\":\"https:\/\/eurlhosnakamel.dz\/dz\/produit\/aksa-groupe-apd200c-osk-180-200kva-dies-mot-cummins\/#primaryimage\",\"url\":\"https:\/\/eurlhosnakamel.dz\/dz\/wp-content\/uploads\/2020\/04\/31AKSA-GROUPE-APD200C-OSK-180-200KVA-DIES.-MOT-CUMMINS.jpg\",\"contentUrl\":\"https:\/\/eurlhosnakamel.dz\/dz\/wp-content\/uploads\/2020\/04\/31AKSA-GROUPE-APD200C-OSK-180-200KVA-DIES.-MOT-CUMMINS.jpg\",\"width\":512,\"height\":512},{\"@type\":\"BreadcrumbList\",\"@id\":\"https:\/\/eurlhosnakamel.dz\/dz\/produit\/aksa-groupe-apd200c-osk-180-200kva-dies-mot-cummins\/#breadcrumb\",\"itemListElement\":[{\"@type\":\"ListItem\",\"position\":1,\"name\":\"Accueil\",\"item\":\"https:\/\/eurlhosnakamel.dz\/dz\/\"},{\"@type\":\"ListItem\",\"position\":2,\"name\":\"Shop\",\"item\":\"https:\/\/eurlhosnakamel.dz\/dz\/shop\/\"},{\"@type\":\"ListItem\",\"position\":3,\"name\":\"AKSA GROUPE APD200C-OSK 180-200KVA DIES. MOT CUMMINS\"}]},{\"@type\":\"WebSite\",\"@id\":\"https:\/\/eurlhosnakamel.dz\/dz\/#website\",\"url\":\"https:\/\/eurlhosnakamel.dz\/dz\/\",\"name\":\"EURL HOSNA KAMEL\",\"description\":\"Fournisseur Premium d&#039;Outillages Professionnels en Alg\u00e9rie -\",\"publisher\":{\"@id\":\"https:\/\/eurlhosnakamel.dz\/dz\/#organization\"},\"potentialAction\":[{\"@type\":\"SearchAction\",\"target\":{\"@type\":\"EntryPoint\",\"urlTemplate\":\"https:\/\/eurlhosnakamel.dz\/dz\/?s={search_term_string}\"},\"query-input\":\"required name=search_term_string\"}],\"inLanguage\":\"fr-FR\"},{\"@type\":\"Organization\",\"@id\":\"https:\/\/eurlhosnakamel.dz\/dz\/#organization\",\"name\":\"EURL HOSNA KAMEL - Bosch alg\u00e9rie\",\"url\":\"https:\/\/eurlhosnakamel.dz\/dz\/\",\"logo\":{\"@type\":\"ImageObject\",\"inLanguage\":\"fr-FR\",\"@id\":\"https:\/\/eurlhosnakamel.dz\/dz\/#\/schema\/logo\/image\/\",\"url\":\"https:\/\/eurlhosnakamel.dz\/wp-content\/uploads\/2020\/04\/LOGO-HOSNA1.png\",\"contentUrl\":\"https:\/\/eurlhosnakamel.dz\/wp-content\/uploads\/2020\/04\/LOGO-HOSNA1.png\",\"width\":120,\"height\":127,\"caption\":\"EURL HOSNA KAMEL - Bosch alg\u00e9rie\"},\"image\":{\"@id\":\"https:\/\/eurlhosnakamel.dz\/dz\/#\/schema\/logo\/image\/\"},\"sameAs\":[\"https:\/\/www.facebook.com\/Eurl.Hosna.DZ\/\"]}]}<\/script>\n<!-- \/ Yoast SEO plugin. -->","yoast_head_json":{"title":"AKSA GROUPE APD200C-OSK 180-200KVA DIES. MOT CUMMINS - EURL HOSNA KAMEL","description":"AKSA GROUPE APD200C-OSK 180-200KVA DIES. MOT CUMMINS - EURL HOSNA KAMEL","robots":{"index":"index","follow":"follow","max-snippet":"max-snippet:-1","max-image-preview":"max-image-preview:large","max-video-preview":"max-video-preview:-1"},"canonical":"https:\/\/eurlhosnakamel.dz\/dz\/produit\/aksa-groupe-apd200c-osk-180-200kva-dies-mot-cummins\/","og_locale":"fr_FR","og_type":"article","og_title":"AKSA GROUPE APD200C-OSK 180-200KVA DIES. MOT CUMMINS - EURL HOSNA KAMEL","og_description":"AKSA GROUPE APD200C-OSK 180-200KVA DIES. MOT CUMMINS - EURL HOSNA KAMEL","og_url":"https:\/\/eurlhosnakamel.dz\/dz\/produit\/aksa-groupe-apd200c-osk-180-200kva-dies-mot-cummins\/","og_site_name":"EURL HOSNA KAMEL","article_publisher":"https:\/\/www.facebook.com\/Eurl.Hosna.DZ\/","article_modified_time":"2020-04-21T14:23:42+00:00","og_image":[{"width":512,"height":512,"url":"https:\/\/eurlhosnakamel.dz\/dz\/wp-content\/uploads\/2020\/04\/31AKSA-GROUPE-APD200C-OSK-180-200KVA-DIES.-MOT-CUMMINS.jpg","type":"image\/jpeg"}],"twitter_card":"summary_large_image","twitter_misc":{"Dur\u00e9e de lecture estim\u00e9e":"3 minutes"},"schema":{"@context":"https:\/\/schema.org","@graph":[{"@type":"WebPage","@id":"https:\/\/eurlhosnakamel.dz\/dz\/produit\/aksa-groupe-apd200c-osk-180-200kva-dies-mot-cummins\/","url":"https:\/\/eurlhosnakamel.dz\/dz\/produit\/aksa-groupe-apd200c-osk-180-200kva-dies-mot-cummins\/","name":"AKSA GROUPE APD200C-OSK 180-200KVA DIES. MOT CUMMINS - EURL HOSNA KAMEL","isPartOf":{"@id":"https:\/\/eurlhosnakamel.dz\/dz\/#website"},"primaryImageOfPage":{"@id":"https:\/\/eurlhosnakamel.dz\/dz\/produit\/aksa-groupe-apd200c-osk-180-200kva-dies-mot-cummins\/#primaryimage"},"image":{"@id":"https:\/\/eurlhosnakamel.dz\/dz\/produit\/aksa-groupe-apd200c-osk-180-200kva-dies-mot-cummins\/#primaryimage"},"thumbnailUrl":"https:\/\/eurlhosnakamel.dz\/dz\/wp-content\/uploads\/2020\/04\/31AKSA-GROUPE-APD200C-OSK-180-200KVA-DIES.-MOT-CUMMINS.jpg","datePublished":"2020-04-21T14:18:03+00:00","dateModified":"2020-04-21T14:23:42+00:00","description":"AKSA GROUPE APD200C-OSK 180-200KVA DIES. MOT CUMMINS - EURL HOSNA KAMEL","breadcrumb":{"@id":"https:\/\/eurlhosnakamel.dz\/dz\/produit\/aksa-groupe-apd200c-osk-180-200kva-dies-mot-cummins\/#breadcrumb"},"inLanguage":"fr-FR","potentialAction":[{"@type":"ReadAction","target":["https:\/\/eurlhosnakamel.dz\/dz\/produit\/aksa-groupe-apd200c-osk-180-200kva-dies-mot-cummins\/"]}]},{"@type":"ImageObject","inLanguage":"fr-FR","@id":"https:\/\/eurlhosnakamel.dz\/dz\/produit\/aksa-groupe-apd200c-osk-180-200kva-dies-mot-cummins\/#primaryimage","url":"https:\/\/eurlhosnakamel.dz\/dz\/wp-content\/uploads\/2020\/04\/31AKSA-GROUPE-APD200C-OSK-180-200KVA-DIES.-MOT-CUMMINS.jpg","contentUrl":"https:\/\/eurlhosnakamel.dz\/dz\/wp-content\/uploads\/2020\/04\/31AKSA-GROUPE-APD200C-OSK-180-200KVA-DIES.-MOT-CUMMINS.jpg","width":512,"height":512},{"@type":"BreadcrumbList","@id":"https:\/\/eurlhosnakamel.dz\/dz\/produit\/aksa-groupe-apd200c-osk-180-200kva-dies-mot-cummins\/#breadcrumb","itemListElement":[{"@type":"ListItem","position":1,"name":"Accueil","item":"https:\/\/eurlhosnakamel.dz\/dz\/"},{"@type":"ListItem","position":2,"name":"Shop","item":"https:\/\/eurlhosnakamel.dz\/dz\/shop\/"},{"@type":"ListItem","position":3,"name":"AKSA GROUPE APD200C-OSK 180-200KVA DIES. MOT CUMMINS"}]},{"@type":"WebSite","@id":"https:\/\/eurlhosnakamel.dz\/dz\/#website","url":"https:\/\/eurlhosnakamel.dz\/dz\/","name":"EURL HOSNA KAMEL","description":"Fournisseur Premium d&#039;Outillages Professionnels en Alg\u00e9rie -","publisher":{"@id":"https:\/\/eurlhosnakamel.dz\/dz\/#organization"},"potentialAction":[{"@type":"SearchAction","target":{"@type":"EntryPoint","urlTemplate":"https:\/\/eurlhosnakamel.dz\/dz\/?s={search_term_string}"},"query-input":"required name=search_term_string"}],"inLanguage":"fr-FR"},{"@type":"Organization","@id":"https:\/\/eurlhosnakamel.dz\/dz\/#organization","name":"EURL HOSNA KAMEL - Bosch alg\u00e9rie","url":"https:\/\/eurlhosnakamel.dz\/dz\/","logo":{"@type":"ImageObject","inLanguage":"fr-FR","@id":"https:\/\/eurlhosnakamel.dz\/dz\/#\/schema\/logo\/image\/","url":"https:\/\/eurlhosnakamel.dz\/wp-content\/uploads\/2020\/04\/LOGO-HOSNA1.png","contentUrl":"https:\/\/eurlhosnakamel.dz\/wp-content\/uploads\/2020\/04\/LOGO-HOSNA1.png","width":120,"height":127,"caption":"EURL HOSNA KAMEL - Bosch alg\u00e9rie"},"image":{"@id":"https:\/\/eurlhosnakamel.dz\/dz\/#\/schema\/logo\/image\/"},"sameAs":["https:\/\/www.facebook.com\/Eurl.Hosna.DZ\/"]}]}},"_links":{"self":[{"href":"https:\/\/eurlhosnakamel.dz\/dz\/wp-json\/wp\/v2\/product\/7281","targetHints":{"allow":["GET"]}}],"collection":[{"href":"https:\/\/eurlhosnakamel.dz\/dz\/wp-json\/wp\/v2\/product"}],"about":[{"href":"https:\/\/eurlhosnakamel.dz\/dz\/wp-json\/wp\/v2\/types\/product"}],"wp:featuredmedia":[{"embeddable":true,"href":"https:\/\/eurlhosnakamel.dz\/dz\/wp-json\/wp\/v2\/media\/7283"}],"wp:attachment":[{"href":"https:\/\/eurlhosnakamel.dz\/dz\/wp-json\/wp\/v2\/media?parent=7281"}],"wp:term":[{"taxonomy":"product_cat","embeddable":true,"href":"https:\/\/eurlhosnakamel.dz\/dz\/wp-json\/wp\/v2\/product_cat?post=7281"},{"taxonomy":"product_tag","embeddable":true,"href":"https:\/\/eurlhosnakamel.dz\/dz\/wp-json\/wp\/v2\/product_tag?post=7281"}],"curies":[{"name":"wp","href":"https:\/\/api.w.org\/{rel}","templated":true}]}}