{"id":7301,"date":"2020-04-21T14:35:53","date_gmt":"2020-04-21T14:35:53","guid":{"rendered":"https:\/\/lhchosting.com\/hosna\/?post_type=product&#038;p=7301"},"modified":"2020-04-21T14:36:25","modified_gmt":"2020-04-21T14:36:25","slug":"aksa-groupe-ad710-osk-640-710kva-dies-m-doosan","status":"publish","type":"product","link":"https:\/\/eurlhosnakamel.dz\/dz\/produit\/aksa-groupe-ad710-osk-640-710kva-dies-m-doosan\/","title":{"rendered":"AKSA GROUPE AD710-OSK 640-710KVA DIES. M\/DOOSAN"},"content":{"rendered":"<div class=\"acc-content\">\n<div class=\"table-responsive\">\n<table id=\"tabloMotorOzellik\" class=\"table table-bordered urunDetayTablo alignLeft\">\n<tbody>\n<tr>\n<th colspan=\"2\"><strong>Nom du mod\u00e8le<\/strong><\/th>\n<td colspan=\"2\"><strong>AD 710<\/strong><\/td>\n<\/tr>\n<tr>\n<th colspan=\"2\"><strong>Fr\u00e9quence (Hz)<\/strong><\/th>\n<td colspan=\"2\"><strong>50<\/strong><\/td>\n<\/tr>\n<tr>\n<th colspan=\"2\"><strong>Type de carburant utilis\u00e9<\/strong><\/th>\n<td colspan=\"2\"><strong>Diesel<\/strong><\/td>\n<\/tr>\n<tr>\n<th colspan=\"2\"><strong>Marque et modele du moteur<\/strong><\/th>\n<td colspan=\"2\"><strong>DOOSAN &#8211; DP180LB<\/strong><\/td>\n<\/tr>\n<tr>\n<th colspan=\"2\"><strong>Marque et mod\u00e8le de l&#8217;alternateur<\/strong><\/th>\n<td colspan=\"2\"><strong>Aksa &#8211; AK 6540<\/strong><\/td>\n<\/tr>\n<tr>\n<th colspan=\"2\"><strong>Mod\u00e8le panneau de commande<\/strong><\/th>\n<td colspan=\"2\"><strong>DSE 7320<\/strong><\/td>\n<\/tr>\n<tr>\n<th colspan=\"2\"><strong>Cabine<\/strong><\/th>\n<td colspan=\"2\"><strong>MS 80 TRP<\/strong><\/td>\n<\/tr>\n<\/tbody>\n<\/table>\n<\/div>\n<\/div>\n<p><strong><a class=\"acc-trigger\">3 Phase, 50 Hz, PF 0.8<\/a><\/strong><\/p>\n<div class=\"acc-content\">\n<div class=\"table-responsive\">\n<table class=\"table table-bordered urunDetayTablo\">\n<tbody>\n<tr>\n<th rowspan=\"2\"><strong>Tension (AC)<\/strong><\/th>\n<th colspan=\"2\"><strong>La puissance de standby (ESP)<\/strong><\/th>\n<th colspan=\"2\"><strong>La puissance prime (PRP)<\/strong><\/th>\n<th rowspan=\"2\"><strong>Standby Amper<\/strong><\/th>\n<\/tr>\n<tr class=\"subtitle\">\n<th><strong>kVA<\/strong><\/th>\n<th><strong>kW<\/strong><\/th>\n<th><strong>kVA<\/strong><\/th>\n<th><strong>kW<\/strong><\/th>\n<\/tr>\n<tr>\n<td><strong>400\/231<\/strong><\/td>\n<td><strong>710<\/strong><\/td>\n<td><strong>568.0<\/strong><\/td>\n<td><strong>640<\/strong><\/td>\n<td><strong>512.0<\/strong><\/td>\n<td><strong>1024.83<\/strong><\/td>\n<\/tr>\n<\/tbody>\n<\/table>\n<\/div>\n<div>\n<p><strong>La puissance de standby (ESP) :\u00a0En cas de coupure d\u2019alimentation du r\u00e9seau fiable, l\u2019\u00e9lectricit\u00e9 de variable est utilis\u00e9e pour la fourniture de puissance \u00e0 la charge. ESP est appropri\u00e9e avec ISO8528. Il n\u2019a pas \u00e9t\u00e9 autoris\u00e9 \u00e0 surcharger.<\/strong><\/p>\n<p><strong>La puissance prime (PRP) :\u00a0L\u2019\u00e9lectricit\u00e9 de variable est utilis\u00e9e pour la fourniture de puissance \u00e0 la charge, pour l\u2019heure illimit\u00e9e de fonctionnement annuel. PRP est appropri\u00e9 avec ISO3046. Selon ISO3046, il est utilis\u00e9 pour 10% sur chargement pendant 1 heure en 12 heures de p\u00e9riode de fonctionnement.<\/strong><\/p>\n<\/div>\n<\/div>\n<p><strong><a class=\"acc-trigger\">Caract\u00e9ristiques du moteur<\/a><\/strong><\/p>\n<div class=\"acc-content\">\n<div class=\"table-responsive\">\n<table id=\"tabloMotorOzellik\" class=\"table table-bordered urunDetayTablo alignLeft\">\n<tbody>\n<tr>\n<th colspan=\"2\"><strong>Moteur<\/strong><\/th>\n<td colspan=\"2\"><strong>DOOSAN<\/strong><\/td>\n<\/tr>\n<tr>\n<th colspan=\"2\"><strong>Mod\u00e8le de moteur<\/strong><\/th>\n<td colspan=\"2\"><strong>DP180LB<\/strong><\/td>\n<\/tr>\n<tr>\n<th colspan=\"2\"><strong>Nombre de cylindres<\/strong><\/th>\n<td colspan=\"2\"><strong>10 cylinders &#8211; V type<\/strong><\/td>\n<\/tr>\n<tr>\n<th><strong>BORE AND STROKE<\/strong><\/th>\n<th class=\"unit\"><strong>mm<\/strong><\/th>\n<td colspan=\"2\"><strong>128 X 142<\/strong><\/td>\n<\/tr>\n<tr>\n<th><strong>Volume cylindre<\/strong><\/th>\n<th class=\"unit\"><strong>L<\/strong><\/th>\n<td colspan=\"2\"><strong>18.273<\/strong><\/td>\n<\/tr>\n<tr>\n<th colspan=\"2\"><strong>Aspiration d&#8217;air<\/strong><\/th>\n<td colspan=\"2\"><strong>Turbo Charged and Intercooled (Air to Air)<\/strong><\/td>\n<\/tr>\n<tr>\n<th colspan=\"2\"><strong>Taux de compression<\/strong><\/th>\n<td colspan=\"2\"><strong>15.0:1<\/strong><\/td>\n<\/tr>\n<tr>\n<th><strong>Vitesse<\/strong><\/th>\n<th class=\"unit\"><strong>d\/dk<\/strong><\/th>\n<td colspan=\"2\"><strong>1500<\/strong><\/td>\n<\/tr>\n<tr>\n<th><strong>Capacit\u00e9 d&#8217;huile (L) (filtre inclus)<\/strong><\/th>\n<th class=\"unit\"><strong>L<\/strong><\/th>\n<td colspan=\"2\"><strong>34<\/strong><\/td>\n<\/tr>\n<tr>\n<th class=\"col1\" colspan=\"2\"><strong>Puissance secours\u00a0(kW\/HP)<\/strong><\/th>\n<td colspan=\"2\"><strong>612\/832<\/strong><\/td>\n<\/tr>\n<tr>\n<th class=\"col1\" colspan=\"2\"><strong>Puisance prime\u00a0(kW\/HP)<\/strong><\/th>\n<td colspan=\"2\"><strong>556\/756<\/strong><\/td>\n<\/tr>\n<tr>\n<th class=\"col1\" rowspan=\"2\"><strong>Chauffe-bloc<\/strong><\/th>\n<\/tr>\n<tr>\n<th class=\"unit\"><\/th>\n<td colspan=\"2\"><strong>1<\/strong><\/td>\n<\/tr>\n<tr>\n<th class=\"col1\" rowspan=\"2\"><strong>Puissance Chauffe-bloc (Watt)<\/strong><\/th>\n<\/tr>\n<tr>\n<th class=\"unit\"><\/th>\n<td colspan=\"2\"><strong>3000<\/strong><\/td>\n<\/tr>\n<tr>\n<th class=\"col1\" rowspan=\"2\"><strong>Type de carburant utilis\u00e9<\/strong><\/th>\n<\/tr>\n<tr>\n<th class=\"unit\"><\/th>\n<td colspan=\"2\"><strong>Diesel<\/strong><\/td>\n<\/tr>\n<tr>\n<th class=\"col1\" rowspan=\"2\"><strong>Type et syst\u00e8me d&#8217;injection<\/strong><\/th>\n<\/tr>\n<tr>\n<th class=\"unit\"><\/th>\n<td colspan=\"2\"><strong>Direct<\/strong><\/td>\n<\/tr>\n<tr>\n<th class=\"col1\" rowspan=\"2\"><strong>Type de pompe \u00e0 carburant<\/strong><\/th>\n<\/tr>\n<tr>\n<th class=\"unit\"><\/th>\n<td colspan=\"2\"><strong>Bosh In-Line P Type<\/strong><\/td>\n<\/tr>\n<tr>\n<th class=\"col1\" rowspan=\"2\"><strong>Type de r\u00e9gulateur<\/strong><\/th>\n<\/tr>\n<tr>\n<th class=\"unit\"><\/th>\n<td colspan=\"2\"><strong>Electronic<\/strong><\/td>\n<\/tr>\n<tr>\n<th class=\"col1\" rowspan=\"2\"><strong>Tension de fonctionnement (VdC)<\/strong><\/th>\n<\/tr>\n<tr>\n<th class=\"unit\"><\/th>\n<td colspan=\"2\"><strong>24 Vdc<\/strong><\/td>\n<\/tr>\n<tr>\n<th class=\"col1\" rowspan=\"2\"><strong>Batterie et capacit\u00e9 (Qty\/Ah)<\/strong><\/th>\n<\/tr>\n<tr>\n<th class=\"unit\"><\/th>\n<td colspan=\"2\"><strong>2&#215;120<\/strong><\/td>\n<\/tr>\n<tr>\n<th class=\"col1\" rowspan=\"2\"><strong>Alternateur de charge<\/strong><\/th>\n<\/tr>\n<tr>\n<th class=\"unit\"><\/th>\n<td colspan=\"2\"><strong>45<\/strong><\/td>\n<\/tr>\n<tr>\n<th class=\"col1\" rowspan=\"2\"><strong>Proc\u00e9d\u00e9 de refroidissement<\/strong><\/th>\n<\/tr>\n<tr>\n<th class=\"unit\"><\/th>\n<td colspan=\"2\"><strong>Water Cooled<\/strong><\/td>\n<\/tr>\n<tr>\n<th class=\"col1\" rowspan=\"2\"><strong>Flux d&#8217;air du ventilateur de refroidissement (m\u00b3\/min)<\/strong><\/th>\n<\/tr>\n<tr>\n<th class=\"unit\"><\/th>\n<td colspan=\"2\"><strong>700<\/strong><\/td>\n<\/tr>\n<tr>\n<th class=\"col1\" rowspan=\"2\"><strong>Liquide de refroidissement (moteur seul\/ avec radiateur) (lt)<\/strong><\/th>\n<\/tr>\n<tr>\n<th class=\"unit\"><\/th>\n<td colspan=\"2\"><strong>21\/112.2<\/strong><\/td>\n<\/tr>\n<tr>\n<th class=\"col1\" rowspan=\"2\"><strong>Filtre \u00e0 air<\/strong><\/th>\n<\/tr>\n<tr>\n<th class=\"unit\"><\/th>\n<td colspan=\"2\"><strong>Dry Type<\/strong><\/td>\n<\/tr>\n<tr>\n<th class=\"col1\" rowspan=\"2\"><strong>Consommation de carburant a 100% de la charge puissance prime (lt \/ h)<\/strong><\/th>\n<\/tr>\n<tr>\n<th class=\"unit\"><\/th>\n<td colspan=\"2\"><strong>136.4<\/strong><\/td>\n<\/tr>\n<tr>\n<th class=\"col1\" rowspan=\"2\"><strong>Consommation de carburant a 75% de la charge puissance prime (lt \/ h)<\/strong><\/th>\n<\/tr>\n<tr>\n<th class=\"unit\"><\/th>\n<td colspan=\"2\"><strong>103.8<\/strong><\/td>\n<\/tr>\n<tr>\n<th class=\"col1\" rowspan=\"2\"><strong>Consommation de carburant a 50% de la charge puissance prime (lt \/ h)<\/strong><\/th>\n<\/tr>\n<tr>\n<th class=\"unit\"><\/th>\n<td colspan=\"2\"><strong>71.2<\/strong><\/td>\n<\/tr>\n<\/tbody>\n<\/table>\n<\/div>\n<\/div>\n<p><strong><a class=\"acc-trigger\">Caract\u00e9ristiques du alternateur<\/a><\/strong><\/p>\n<div class=\"acc-content\">\n<div class=\"table-responsive\">\n<table id=\"tabloAlternatorOzellik\" class=\"table table-bordered urunDetayTablo alignLeft\">\n<tbody>\n<tr>\n<th colspan=\"2\"><strong>Fabricant<\/strong><\/th>\n<td><strong>Aksa<\/strong><\/td>\n<\/tr>\n<tr>\n<th colspan=\"2\"><strong>Marque et mod\u00e8le de l&#8217;alternateur<\/strong><\/th>\n<td><strong>AK 6540<\/strong><\/td>\n<\/tr>\n<tr>\n<th><strong>Fr\u00e9quence (Hz)<\/strong><\/th>\n<th class=\"unit\"><strong>Hz<\/strong><\/th>\n<td><strong>50<\/strong><\/td>\n<\/tr>\n<tr>\n<th class=\"col1\"><strong>Puissance (kVA)<\/strong><\/th>\n<th class=\"unit\"><strong>kVA<\/strong><\/th>\n<td><strong>675<\/strong><\/td>\n<\/tr>\n<tr>\n<th colspan=\"2\"><strong>d\u00e9sign<\/strong><\/th>\n<td><strong>\u00a0\u00a0Brushless<\/strong><\/td>\n<\/tr>\n<tr>\n<th><strong>Tension (AC)<\/strong><\/th>\n<th class=\"unit\"><strong>V<\/strong><\/th>\n<td><strong>400<\/strong><\/td>\n<\/tr>\n<tr>\n<th colspan=\"2\"><strong>Phase<\/strong><\/th>\n<td><strong>3<\/strong><\/td>\n<\/tr>\n<tr>\n<th colspan=\"2\"><strong>R\u00e9gulateur de tension automatique<\/strong><\/th>\n<td><strong>SX440<\/strong><\/td>\n<\/tr>\n<tr>\n<th><strong>R\u00e9gulation de tension<\/strong><\/th>\n<th class=\"unit\"><strong>(+\/-)<\/strong><\/th>\n<td><strong>1%<\/strong><\/td>\n<\/tr>\n<tr>\n<th colspan=\"2\"><strong>Syst\u00e8me d&#8217;isolation<\/strong><\/th>\n<td><strong>H<\/strong><\/td>\n<\/tr>\n<tr>\n<th colspan=\"2\"><strong>Classe de protection<\/strong><\/th>\n<td><strong>IP22<\/strong><\/td>\n<\/tr>\n<tr>\n<th colspan=\"2\"><strong>Facteur de puissance<\/strong><\/th>\n<td><strong>0.8<\/strong><\/td>\n<\/tr>\n<tr>\n<th colspan=\"2\"><strong>Poids du groupe \u00e9lectrog\u00e8ne complet (Kg)<\/strong><\/th>\n<td><strong>1685<\/strong><\/td>\n<\/tr>\n<tr>\n<th><strong>Air de refroidissement<\/strong><\/th>\n<th class=\"unit\"><strong>m<sup>3<\/sup><\/strong><\/th>\n<td><strong>62.1<\/strong><\/td>\n<\/tr>\n<\/tbody>\n<\/table>\n<\/div>\n<\/div>\n<p><strong><a class=\"acc-trigger\">Taille et poids<\/a><\/strong><\/p>\n<div class=\"acc-content\">\n<div class=\"table-responsive\">\n<table id=\"tabloBoyutAgirlik\" class=\"table table-bordered urunDetayTablo\">\n<tbody>\n<tr>\n<th><strong>Type Ouvert<\/strong><\/th>\n<th><strong>Poids sec (kg)<\/strong><br \/>\n<strong>(kg.)<\/strong><\/th>\n<th><strong>Longueur (mm)<\/strong><br \/>\n<strong>(mm.)<\/strong><\/th>\n<th><strong>Largeur (mm)<\/strong><br \/>\n<strong>(mm.)<\/strong><\/th>\n<th><strong>Hauteur (mm)<\/strong><br \/>\n<strong>(mm.)<\/strong><\/th>\n<th><strong>Capacit\u00e9 du r\u00e9servoir\u00a0(L.) (Lt.)<\/strong><\/th>\n<\/tr>\n<tr>\n<td><strong><img decoding=\"async\" src=\"http:\/\/gendatabase.aksa.com.tr\/UploadFiles\/MODEL\/45\/Image\/AD410-825.jpg\" alt=\"\" width=\"100\" \/><\/strong><\/td>\n<td><strong>4000<\/strong><\/td>\n<td><strong>3205<\/strong><\/td>\n<td><strong>1550<\/strong><\/td>\n<td><strong>2056<\/strong><\/td>\n<td><strong>850<\/strong><\/td>\n<\/tr>\n<tr>\n<th><strong>Cabine<\/strong><\/th>\n<th><strong>Poids sec (kg)<\/strong><br \/>\n<strong>(kg.)<\/strong><\/th>\n<th><strong>Longueur (mm)<\/strong><br \/>\n<strong>(mm.)<\/strong><\/th>\n<th><strong>Largeur (mm)<\/strong><br \/>\n<strong>(mm.)<\/strong><\/th>\n<th><strong>Hauteur (mm)<\/strong><br \/>\n<strong>(mm.)<\/strong><\/th>\n<th><strong>Capacit\u00e9 du r\u00e9servoir\u00a0(L.) (Lt.)<\/strong><\/th>\n<\/tr>\n<tr>\n<td><strong>MS 80 TRP<\/strong><br \/>\n<strong><img decoding=\"async\" src=\"http:\/\/gendatabase.aksa.com.tr\/UploadFiles\/CANOPY\/55\/Image\/MS%2080_1.jpg\" alt=\"\" width=\"100\" \/><\/strong><\/td>\n<td><strong>4940<\/strong><\/td>\n<td><strong>4810<\/strong><\/td>\n<td><strong>1610<\/strong><\/td>\n<td><strong>2620<\/strong><\/td>\n<td><strong>850<\/strong><\/td>\n<\/tr>\n<\/tbody>\n<\/table>\n<\/div>\n<\/div>\n<p><strong><a class=\"acc-trigger\">EQUIPEMENTS OPTIONNELS<\/a><\/strong><\/p>\n<div class=\"acc-content\"><strong>MOTEUR<\/strong><br \/>\n<strong>\u2022 Filtre de s\u00e9parateur carburant &#8211; eau<\/strong><br \/>\n<strong>\u2022 Pr\u00e9chauffage d&#8217;huile<\/strong><br \/>\n<strong>ALTERNATOR<\/strong><br \/>\n<strong>\u2022 R\u00e9sistance anti-condensation<\/strong><br \/>\n<strong>\u2022 G\u00e9n\u00e9ratrice surdimmensionn\u00e9e<\/strong><br \/>\n<strong>\u2022 Excitation PMG + AVR<\/strong><br \/>\n<strong>\u2022 Disjoncteur de sortie<\/strong><br \/>\n<strong>SYSTEME DE COMMANDE<\/strong><br \/>\n<strong>\u2022 Syst\u00e8me de synchronisation automatique et de contr\u00f4le de puissance (plusieurs groupes \u00e9lectrog\u00e8nes en parall\u00e8le)<\/strong><br \/>\n<strong>\u2022 Synchronisation transitoire avec le r\u00e9seau.<\/strong><br \/>\n<strong>\u2022 Surveillance et Control \u00e0 distance<\/strong><br \/>\n<strong>\u2022 Panneau d&#8217;alarme \u00e0 distance<\/strong><br \/>\n<strong>\u2022 Les relais de sortie d&#8217;alarme<\/strong><br \/>\n<strong>\u2022 Communication \u00e0 distance avec modem<\/strong><br \/>\n<strong>\u2022 D\u00e9faut de terre, groupe unique<\/strong><br \/>\n<strong>\u2022 Charge Amp\u00e8rem\u00e8tre<\/strong><br \/>\n<strong>TRANSFER SWITCH<\/strong><br \/>\n<strong>\u2022 Trois Contacteur p\u00f4le<\/strong><br \/>\n<strong>\u2022 Contacteur quatre p\u00f4les<\/strong><br \/>\n<strong>\u2022 Trois ou quatre p\u00f4les du moteur actionn\u00e9 le disjoncteur<\/strong><br \/>\n<strong>AUTRES ACCESSOIRES<\/strong><br \/>\n<strong>\u2022 Amp\u00e8rem\u00e8tre de charge<\/strong><br \/>\n<strong>\u2022 Syst\u00e8me de remplissage automatique ou manuel<\/strong><br \/>\n<strong>\u2022 Pompe de vidange d&#8217;huile manuelle<\/strong><br \/>\n<strong>\u2022 Pompe de vidange d&#8217;huile \u00e9lectrique<\/strong><br \/>\n<strong>\u2022 Alarme de niveau bas et niveau haut du carburant<\/strong><br \/>\n<strong>\u2022 Silencieux r\u00e9sidentiel<\/strong><br \/>\n<strong>\u2022 Cabines modulaires d&#8217;insonorisation et de protection<\/strong><br \/>\n<strong>\u2022 Adaptateur de durite (Devant le radiateur )<\/strong><br \/>\n<strong>\u2022 Grilles motoris\u00e9s d&#8217;air (ent\u00e9e et sortie)<\/strong><br \/>\n<strong>\u2022 Pi\u00e8ge \u00e0 son d&#8217;entr\u00e9e et de sortie<\/strong><br \/>\n<strong>\u2022 Remorque<\/strong><br \/>\n<strong>\u2022 Caisse \u00e0 outil (entretien)<\/strong><br \/>\n<strong>\u2022 Armoire D&#8217;Inverseur Normal\/Secours<\/strong><\/div>\n","protected":false},"excerpt":{"rendered":"<div class=\"acc-content\"><strong>Le groupe electrogene d\u2019Aksa fournit la fiabilit\u00e9 et la performance id\u00e9ale aux installations fixes, aux champs d\u2019utilisation d\u2019alimentation de remplacement ou continuelle. Pour tous les groupes electrogenes produits, le pr\u00e9-test de produit et le test de production d\u2019usine sont faits.<\/strong><\/div>\n<p><strong><a class=\"acc-trigger\">CERTIFICATS<\/a><\/strong><\/p>\n<div class=\"acc-content\">\n<div><strong>\u00a0\u00a0TS ISO 8528<\/strong><\/div>\n<div><strong>\u00a0\u00a0TS ISO 9001-2008<\/strong><\/div>\n<div><strong>\u00a0\u00a0CE<\/strong><\/div>\n<div><strong>\u00a0\u00a0SZUTEST<\/strong><\/div>\n<div><strong>\u00a0\u00a02000\/14\/EC<\/strong><\/div>\n<\/div>\n","protected":false},"featured_media":7303,"template":"","meta":[],"product_cat":[553,555],"product_tag":[1507],"class_list":{"0":"post-7301","1":"product","2":"type-product","3":"status-publish","4":"has-post-thumbnail","6":"product_cat-groupes-electrogenes","7":"product_cat-groupes-electrogenes-diesel","8":"product_tag-aksa-groupe-ad710-osk-640-710kva-dies-m-doosan","9":"product_brand-aksa","11":"first","12":"instock","13":"shipping-taxable","14":"product-type-simple","15":"col-xs-6 col-sm-4","16":"col-md-3 col-lg-3","17":"un-4-cols"},"yoast_head":"<!-- This site is optimized with the Yoast SEO plugin v22.5 - https:\/\/yoast.com\/wordpress\/plugins\/seo\/ -->\n<title>AKSA GROUPE AD710-OSK 640-710KVA DIES. M\/DOOSAN - EURL HOSNA KAMEL<\/title>\n<meta name=\"description\" content=\"AKSA GROUPE AD710-OSK 640-710KVA DIES. M\/DOOSAN - EURL HOSNA KAMEL\" \/>\n<meta name=\"robots\" content=\"index, follow, max-snippet:-1, max-image-preview:large, max-video-preview:-1\" \/>\n<link rel=\"canonical\" href=\"https:\/\/eurlhosnakamel.dz\/dz\/produit\/aksa-groupe-ad710-osk-640-710kva-dies-m-doosan\/\" \/>\n<meta property=\"og:locale\" content=\"fr_FR\" \/>\n<meta property=\"og:type\" content=\"article\" \/>\n<meta property=\"og:title\" content=\"AKSA GROUPE AD710-OSK 640-710KVA DIES. M\/DOOSAN - EURL HOSNA KAMEL\" \/>\n<meta property=\"og:description\" content=\"AKSA GROUPE AD710-OSK 640-710KVA DIES. M\/DOOSAN - EURL HOSNA KAMEL\" \/>\n<meta property=\"og:url\" content=\"https:\/\/eurlhosnakamel.dz\/dz\/produit\/aksa-groupe-ad710-osk-640-710kva-dies-m-doosan\/\" \/>\n<meta property=\"og:site_name\" content=\"EURL HOSNA KAMEL\" \/>\n<meta property=\"article:publisher\" content=\"https:\/\/www.facebook.com\/Eurl.Hosna.DZ\/\" \/>\n<meta property=\"article:modified_time\" content=\"2020-04-21T14:36:25+00:00\" \/>\n<meta property=\"og:image\" content=\"https:\/\/eurlhosnakamel.dz\/dz\/wp-content\/uploads\/2020\/04\/AKSA-GROUPE-AD710-OSK-640-710KVA-DIES.-M-DOOSANeurl-hosna-kamel-algerie.jpg\" \/>\n\t<meta property=\"og:image:width\" content=\"512\" \/>\n\t<meta property=\"og:image:height\" content=\"512\" \/>\n\t<meta property=\"og:image:type\" content=\"image\/jpeg\" \/>\n<meta name=\"twitter:card\" content=\"summary_large_image\" \/>\n<meta name=\"twitter:label1\" content=\"Dur\u00e9e de lecture estim\u00e9e\" \/>\n\t<meta name=\"twitter:data1\" content=\"3 minutes\" \/>\n<script type=\"application\/ld+json\" class=\"yoast-schema-graph\">{\"@context\":\"https:\/\/schema.org\",\"@graph\":[{\"@type\":\"WebPage\",\"@id\":\"https:\/\/eurlhosnakamel.dz\/dz\/produit\/aksa-groupe-ad710-osk-640-710kva-dies-m-doosan\/\",\"url\":\"https:\/\/eurlhosnakamel.dz\/dz\/produit\/aksa-groupe-ad710-osk-640-710kva-dies-m-doosan\/\",\"name\":\"AKSA GROUPE AD710-OSK 640-710KVA DIES. M\/DOOSAN - EURL HOSNA KAMEL\",\"isPartOf\":{\"@id\":\"https:\/\/eurlhosnakamel.dz\/dz\/#website\"},\"primaryImageOfPage\":{\"@id\":\"https:\/\/eurlhosnakamel.dz\/dz\/produit\/aksa-groupe-ad710-osk-640-710kva-dies-m-doosan\/#primaryimage\"},\"image\":{\"@id\":\"https:\/\/eurlhosnakamel.dz\/dz\/produit\/aksa-groupe-ad710-osk-640-710kva-dies-m-doosan\/#primaryimage\"},\"thumbnailUrl\":\"https:\/\/eurlhosnakamel.dz\/dz\/wp-content\/uploads\/2020\/04\/AKSA-GROUPE-AD710-OSK-640-710KVA-DIES.-M-DOOSANeurl-hosna-kamel-algerie.jpg\",\"datePublished\":\"2020-04-21T14:35:53+00:00\",\"dateModified\":\"2020-04-21T14:36:25+00:00\",\"description\":\"AKSA GROUPE AD710-OSK 640-710KVA DIES. M\/DOOSAN - EURL HOSNA KAMEL\",\"breadcrumb\":{\"@id\":\"https:\/\/eurlhosnakamel.dz\/dz\/produit\/aksa-groupe-ad710-osk-640-710kva-dies-m-doosan\/#breadcrumb\"},\"inLanguage\":\"fr-FR\",\"potentialAction\":[{\"@type\":\"ReadAction\",\"target\":[\"https:\/\/eurlhosnakamel.dz\/dz\/produit\/aksa-groupe-ad710-osk-640-710kva-dies-m-doosan\/\"]}]},{\"@type\":\"ImageObject\",\"inLanguage\":\"fr-FR\",\"@id\":\"https:\/\/eurlhosnakamel.dz\/dz\/produit\/aksa-groupe-ad710-osk-640-710kva-dies-m-doosan\/#primaryimage\",\"url\":\"https:\/\/eurlhosnakamel.dz\/dz\/wp-content\/uploads\/2020\/04\/AKSA-GROUPE-AD710-OSK-640-710KVA-DIES.-M-DOOSANeurl-hosna-kamel-algerie.jpg\",\"contentUrl\":\"https:\/\/eurlhosnakamel.dz\/dz\/wp-content\/uploads\/2020\/04\/AKSA-GROUPE-AD710-OSK-640-710KVA-DIES.-M-DOOSANeurl-hosna-kamel-algerie.jpg\",\"width\":512,\"height\":512},{\"@type\":\"BreadcrumbList\",\"@id\":\"https:\/\/eurlhosnakamel.dz\/dz\/produit\/aksa-groupe-ad710-osk-640-710kva-dies-m-doosan\/#breadcrumb\",\"itemListElement\":[{\"@type\":\"ListItem\",\"position\":1,\"name\":\"Accueil\",\"item\":\"https:\/\/eurlhosnakamel.dz\/dz\/\"},{\"@type\":\"ListItem\",\"position\":2,\"name\":\"Shop\",\"item\":\"https:\/\/eurlhosnakamel.dz\/dz\/shop\/\"},{\"@type\":\"ListItem\",\"position\":3,\"name\":\"AKSA GROUPE AD710-OSK 640-710KVA DIES. M\/DOOSAN\"}]},{\"@type\":\"WebSite\",\"@id\":\"https:\/\/eurlhosnakamel.dz\/dz\/#website\",\"url\":\"https:\/\/eurlhosnakamel.dz\/dz\/\",\"name\":\"EURL HOSNA KAMEL\",\"description\":\"Fournisseur Premium d&#039;Outillages Professionnels en Alg\u00e9rie -\",\"publisher\":{\"@id\":\"https:\/\/eurlhosnakamel.dz\/dz\/#organization\"},\"potentialAction\":[{\"@type\":\"SearchAction\",\"target\":{\"@type\":\"EntryPoint\",\"urlTemplate\":\"https:\/\/eurlhosnakamel.dz\/dz\/?s={search_term_string}\"},\"query-input\":\"required name=search_term_string\"}],\"inLanguage\":\"fr-FR\"},{\"@type\":\"Organization\",\"@id\":\"https:\/\/eurlhosnakamel.dz\/dz\/#organization\",\"name\":\"EURL HOSNA KAMEL - Bosch alg\u00e9rie\",\"url\":\"https:\/\/eurlhosnakamel.dz\/dz\/\",\"logo\":{\"@type\":\"ImageObject\",\"inLanguage\":\"fr-FR\",\"@id\":\"https:\/\/eurlhosnakamel.dz\/dz\/#\/schema\/logo\/image\/\",\"url\":\"https:\/\/eurlhosnakamel.dz\/wp-content\/uploads\/2020\/04\/LOGO-HOSNA1.png\",\"contentUrl\":\"https:\/\/eurlhosnakamel.dz\/wp-content\/uploads\/2020\/04\/LOGO-HOSNA1.png\",\"width\":120,\"height\":127,\"caption\":\"EURL HOSNA KAMEL - Bosch alg\u00e9rie\"},\"image\":{\"@id\":\"https:\/\/eurlhosnakamel.dz\/dz\/#\/schema\/logo\/image\/\"},\"sameAs\":[\"https:\/\/www.facebook.com\/Eurl.Hosna.DZ\/\"]}]}<\/script>\n<!-- \/ Yoast SEO plugin. -->","yoast_head_json":{"title":"AKSA GROUPE AD710-OSK 640-710KVA DIES. M\/DOOSAN - EURL HOSNA KAMEL","description":"AKSA GROUPE AD710-OSK 640-710KVA DIES. M\/DOOSAN - EURL HOSNA KAMEL","robots":{"index":"index","follow":"follow","max-snippet":"max-snippet:-1","max-image-preview":"max-image-preview:large","max-video-preview":"max-video-preview:-1"},"canonical":"https:\/\/eurlhosnakamel.dz\/dz\/produit\/aksa-groupe-ad710-osk-640-710kva-dies-m-doosan\/","og_locale":"fr_FR","og_type":"article","og_title":"AKSA GROUPE AD710-OSK 640-710KVA DIES. M\/DOOSAN - EURL HOSNA KAMEL","og_description":"AKSA GROUPE AD710-OSK 640-710KVA DIES. M\/DOOSAN - EURL HOSNA KAMEL","og_url":"https:\/\/eurlhosnakamel.dz\/dz\/produit\/aksa-groupe-ad710-osk-640-710kva-dies-m-doosan\/","og_site_name":"EURL HOSNA KAMEL","article_publisher":"https:\/\/www.facebook.com\/Eurl.Hosna.DZ\/","article_modified_time":"2020-04-21T14:36:25+00:00","og_image":[{"width":512,"height":512,"url":"https:\/\/eurlhosnakamel.dz\/dz\/wp-content\/uploads\/2020\/04\/AKSA-GROUPE-AD710-OSK-640-710KVA-DIES.-M-DOOSANeurl-hosna-kamel-algerie.jpg","type":"image\/jpeg"}],"twitter_card":"summary_large_image","twitter_misc":{"Dur\u00e9e de lecture estim\u00e9e":"3 minutes"},"schema":{"@context":"https:\/\/schema.org","@graph":[{"@type":"WebPage","@id":"https:\/\/eurlhosnakamel.dz\/dz\/produit\/aksa-groupe-ad710-osk-640-710kva-dies-m-doosan\/","url":"https:\/\/eurlhosnakamel.dz\/dz\/produit\/aksa-groupe-ad710-osk-640-710kva-dies-m-doosan\/","name":"AKSA GROUPE AD710-OSK 640-710KVA DIES. M\/DOOSAN - EURL HOSNA KAMEL","isPartOf":{"@id":"https:\/\/eurlhosnakamel.dz\/dz\/#website"},"primaryImageOfPage":{"@id":"https:\/\/eurlhosnakamel.dz\/dz\/produit\/aksa-groupe-ad710-osk-640-710kva-dies-m-doosan\/#primaryimage"},"image":{"@id":"https:\/\/eurlhosnakamel.dz\/dz\/produit\/aksa-groupe-ad710-osk-640-710kva-dies-m-doosan\/#primaryimage"},"thumbnailUrl":"https:\/\/eurlhosnakamel.dz\/dz\/wp-content\/uploads\/2020\/04\/AKSA-GROUPE-AD710-OSK-640-710KVA-DIES.-M-DOOSANeurl-hosna-kamel-algerie.jpg","datePublished":"2020-04-21T14:35:53+00:00","dateModified":"2020-04-21T14:36:25+00:00","description":"AKSA GROUPE AD710-OSK 640-710KVA DIES. M\/DOOSAN - EURL HOSNA KAMEL","breadcrumb":{"@id":"https:\/\/eurlhosnakamel.dz\/dz\/produit\/aksa-groupe-ad710-osk-640-710kva-dies-m-doosan\/#breadcrumb"},"inLanguage":"fr-FR","potentialAction":[{"@type":"ReadAction","target":["https:\/\/eurlhosnakamel.dz\/dz\/produit\/aksa-groupe-ad710-osk-640-710kva-dies-m-doosan\/"]}]},{"@type":"ImageObject","inLanguage":"fr-FR","@id":"https:\/\/eurlhosnakamel.dz\/dz\/produit\/aksa-groupe-ad710-osk-640-710kva-dies-m-doosan\/#primaryimage","url":"https:\/\/eurlhosnakamel.dz\/dz\/wp-content\/uploads\/2020\/04\/AKSA-GROUPE-AD710-OSK-640-710KVA-DIES.-M-DOOSANeurl-hosna-kamel-algerie.jpg","contentUrl":"https:\/\/eurlhosnakamel.dz\/dz\/wp-content\/uploads\/2020\/04\/AKSA-GROUPE-AD710-OSK-640-710KVA-DIES.-M-DOOSANeurl-hosna-kamel-algerie.jpg","width":512,"height":512},{"@type":"BreadcrumbList","@id":"https:\/\/eurlhosnakamel.dz\/dz\/produit\/aksa-groupe-ad710-osk-640-710kva-dies-m-doosan\/#breadcrumb","itemListElement":[{"@type":"ListItem","position":1,"name":"Accueil","item":"https:\/\/eurlhosnakamel.dz\/dz\/"},{"@type":"ListItem","position":2,"name":"Shop","item":"https:\/\/eurlhosnakamel.dz\/dz\/shop\/"},{"@type":"ListItem","position":3,"name":"AKSA GROUPE AD710-OSK 640-710KVA DIES. M\/DOOSAN"}]},{"@type":"WebSite","@id":"https:\/\/eurlhosnakamel.dz\/dz\/#website","url":"https:\/\/eurlhosnakamel.dz\/dz\/","name":"EURL HOSNA KAMEL","description":"Fournisseur Premium d&#039;Outillages Professionnels en Alg\u00e9rie -","publisher":{"@id":"https:\/\/eurlhosnakamel.dz\/dz\/#organization"},"potentialAction":[{"@type":"SearchAction","target":{"@type":"EntryPoint","urlTemplate":"https:\/\/eurlhosnakamel.dz\/dz\/?s={search_term_string}"},"query-input":"required name=search_term_string"}],"inLanguage":"fr-FR"},{"@type":"Organization","@id":"https:\/\/eurlhosnakamel.dz\/dz\/#organization","name":"EURL HOSNA KAMEL - Bosch alg\u00e9rie","url":"https:\/\/eurlhosnakamel.dz\/dz\/","logo":{"@type":"ImageObject","inLanguage":"fr-FR","@id":"https:\/\/eurlhosnakamel.dz\/dz\/#\/schema\/logo\/image\/","url":"https:\/\/eurlhosnakamel.dz\/wp-content\/uploads\/2020\/04\/LOGO-HOSNA1.png","contentUrl":"https:\/\/eurlhosnakamel.dz\/wp-content\/uploads\/2020\/04\/LOGO-HOSNA1.png","width":120,"height":127,"caption":"EURL HOSNA KAMEL - Bosch alg\u00e9rie"},"image":{"@id":"https:\/\/eurlhosnakamel.dz\/dz\/#\/schema\/logo\/image\/"},"sameAs":["https:\/\/www.facebook.com\/Eurl.Hosna.DZ\/"]}]}},"_links":{"self":[{"href":"https:\/\/eurlhosnakamel.dz\/dz\/wp-json\/wp\/v2\/product\/7301","targetHints":{"allow":["GET"]}}],"collection":[{"href":"https:\/\/eurlhosnakamel.dz\/dz\/wp-json\/wp\/v2\/product"}],"about":[{"href":"https:\/\/eurlhosnakamel.dz\/dz\/wp-json\/wp\/v2\/types\/product"}],"wp:featuredmedia":[{"embeddable":true,"href":"https:\/\/eurlhosnakamel.dz\/dz\/wp-json\/wp\/v2\/media\/7303"}],"wp:attachment":[{"href":"https:\/\/eurlhosnakamel.dz\/dz\/wp-json\/wp\/v2\/media?parent=7301"}],"wp:term":[{"taxonomy":"product_cat","embeddable":true,"href":"https:\/\/eurlhosnakamel.dz\/dz\/wp-json\/wp\/v2\/product_cat?post=7301"},{"taxonomy":"product_tag","embeddable":true,"href":"https:\/\/eurlhosnakamel.dz\/dz\/wp-json\/wp\/v2\/product_tag?post=7301"}],"curies":[{"name":"wp","href":"https:\/\/api.w.org\/{rel}","templated":true}]}}