{"id":7309,"date":"2020-04-21T14:40:43","date_gmt":"2020-04-21T14:40:43","guid":{"rendered":"https:\/\/lhchosting.com\/hosna\/?post_type=product&#038;p=7309"},"modified":"2020-04-21T14:43:44","modified_gmt":"2020-04-21T14:43:44","slug":"alba-echaffaudage-electrique-complet-50m","status":"publish","type":"product","link":"https:\/\/eurlhosnakamel.dz\/dz\/produit\/alba-echaffaudage-electrique-complet-50m\/","title":{"rendered":"ALBA ECHAFFAUDAGE ELECTRIQUE COMPLET 50M"},"content":{"rendered":"<div>Cette polyvalence permet \u00e0 nos \u00e9chafaudages \u00e9lectriques de s\u2019adapter aux diff\u00e9rentes configurations de chantier, tels que les larges fa\u00e7ades et les grandes hauteurs. La composition d\u2019aluminium apporte \u00e0 nos \u00e9chafaudages suspendus une grande l\u00e9g\u00e8ret\u00e9 et de la r\u00e9sistance \u00e0 la corrosion.<\/p>\n<\/div>\n<div>La base des \u00e9chafaudages suspendus \u00e9lectriques d\u2019ALBA est form\u00e9e par la plateforme m\u00e9tallis\u00e9e, les appareils \u00e9lectriques et les consoles, repr\u00e9sentant ainsi une excellente solution pour le levage de personnes.<\/p>\n<\/div>\n<div>Les trois \u00e9l\u00e9ments qui composent la base de l\u2019\u00e9chafaudage suspendu \u00e9lectrique temporaire sont d\u00e9taill\u00e9s ci-apr\u00e8s:<\/p>\n<\/div>\n<ul>\n<li><a href=\"http:\/\/alba.es\/fr\/produits\/echafaudages-suspendus\/echafaudage-suspendu-electrique\/treuils-electriques\">Appareil \u00e9lectrique<\/a>: les moteurs de nos \u00e9chafaudages \u00e9lectriques supportent une charge allant jusqu\u2019\u00e0 800 kg et disposent d\u2019un frein r\u00e9ducteur manuel en cas d\u2019absence d\u2019\u00e9lectricit\u00e9. Les \u00e9chafaudages suspendus \u00e9lectriques travaillent \u00e9galement avec des c\u00e2bles sans limitation de hauteur et des c\u00e2bles de s\u00e9curit\u00e9 et antichute compl\u00e9mentaires. La vitesse de remont\u00e9e et de descente est d\u2019environ 7,7 m\/min.<\/li>\n<\/ul>\n<ul>\n<li><a href=\"http:\/\/alba.es\/fr\/produits\/echafaudages-suspendus\/echafaudage-suspendu-electrique\/potences-pour-echafaudages-suspendus\">Consoles de chantier<\/a>:\u00a0Alba dispose de diff\u00e9rents syst\u00e8mes de suspension, tous avec des longueurs r\u00e9glables en porte-\u00e0-faux et entre les supports des points d\u2019accrochage ou les consoles de chantier, dot\u00e9s de 2 points de fixation.<\/li>\n<\/ul>\n<div>\n<ul>\n<li><a href=\"http:\/\/alba.es\/fr\/produits\/echafaudages-suspendus\/echafaudage-suspendu-electrique\/plateformes-metalliques\">Plateforme m\u00e9tallique<\/a>:\u00a0Le mat\u00e9riel du sol de la plateforme de l\u2019\u00e9chafaudage suspendu est en aluminium stri\u00e9, ce qui \u00e9vite le glissement de l\u2019op\u00e9rateur, et a une longueur de 2 \u00e0 3 m\u00e8tres. La possibilit\u00e9 de relier les diff\u00e9rentes plateformes permet de couvrir les fa\u00e7ades jusqu\u2019\u00e0 16 m\u00e8tres de longueur, ainsi que de couvrir diverses fa\u00e7ades gr\u00e2ce \u00e0 la configuration possible des plateformes en angles de 90\u00ba \u00e0 165\u00ba.<\/li>\n<\/ul>\n<\/div>\n","protected":false},"excerpt":{"rendered":"<h4><strong>L\u2019\u00e9chafaudage suspendu \u00e9lectrique ou la plateforme suspendue temporaire est une solution l\u00e9g\u00e8re et s\u00fbre qui facilite le levage de personnes pour des travaux en hauteur. L\u2019\u00e9chafaudage suspendu \u00e9lectrique d\u2019ALBA est un syst\u00e8me modulaire d\u2019\u00e9l\u00e9ments et d\u2019accessoires interchangeables qui lui conf\u00e8rent une grande polyvalence.<\/strong><\/h4>\n","protected":false},"featured_media":7311,"template":"","meta":[],"product_cat":[399,1493],"product_tag":[1509],"class_list":{"0":"post-7309","1":"product","2":"type-product","3":"status-publish","4":"has-post-thumbnail","6":"product_cat-batiment","7":"product_cat-echafaudages","8":"product_tag-alba-echaffaudage-electrique-complet-50m","9":"product_brand-alba","11":"first","12":"instock","13":"shipping-taxable","14":"product-type-simple","15":"col-xs-6 col-sm-4","16":"col-md-3 col-lg-3","17":"un-4-cols"},"yoast_head":"<!-- This site is optimized with the Yoast SEO plugin v22.5 - https:\/\/yoast.com\/wordpress\/plugins\/seo\/ -->\n<title>ALBA ECHAFFAUDAGE ELECTRIQUE COMPLET 50M - EURL HOSNA KAMEL<\/title>\n<meta name=\"description\" content=\"ALBA ECHAFFAUDAGE ELECTRIQUE COMPLET 50M - EURL HOSNA KAMEL\" \/>\n<meta name=\"robots\" content=\"index, follow, max-snippet:-1, max-image-preview:large, max-video-preview:-1\" \/>\n<link rel=\"canonical\" href=\"https:\/\/eurlhosnakamel.dz\/dz\/produit\/alba-echaffaudage-electrique-complet-50m\/\" \/>\n<meta property=\"og:locale\" content=\"fr_FR\" \/>\n<meta property=\"og:type\" content=\"article\" \/>\n<meta property=\"og:title\" content=\"ALBA ECHAFFAUDAGE ELECTRIQUE COMPLET 50M - EURL HOSNA KAMEL\" \/>\n<meta property=\"og:description\" content=\"ALBA ECHAFFAUDAGE ELECTRIQUE COMPLET 50M - EURL HOSNA KAMEL\" \/>\n<meta property=\"og:url\" content=\"https:\/\/eurlhosnakamel.dz\/dz\/produit\/alba-echaffaudage-electrique-complet-50m\/\" \/>\n<meta property=\"og:site_name\" content=\"EURL HOSNA KAMEL\" \/>\n<meta property=\"article:publisher\" content=\"https:\/\/www.facebook.com\/Eurl.Hosna.DZ\/\" \/>\n<meta property=\"article:modified_time\" content=\"2020-04-21T14:43:44+00:00\" \/>\n<meta property=\"og:image\" content=\"https:\/\/eurlhosnakamel.dz\/dz\/wp-content\/uploads\/2020\/04\/SIRL-BETONNIERE-BBH400L-DIES.-CHARGEUR-LAMBARDINI-PORT.-eurl-hosna-kamel-algerie-1.jpg\" \/>\n\t<meta property=\"og:image:width\" content=\"512\" \/>\n\t<meta property=\"og:image:height\" content=\"512\" \/>\n\t<meta property=\"og:image:type\" content=\"image\/jpeg\" \/>\n<meta name=\"twitter:card\" content=\"summary_large_image\" \/>\n<meta name=\"twitter:label1\" content=\"Dur\u00e9e de lecture estim\u00e9e\" \/>\n\t<meta name=\"twitter:data1\" content=\"1 minute\" \/>\n<script type=\"application\/ld+json\" class=\"yoast-schema-graph\">{\"@context\":\"https:\/\/schema.org\",\"@graph\":[{\"@type\":\"WebPage\",\"@id\":\"https:\/\/eurlhosnakamel.dz\/dz\/produit\/alba-echaffaudage-electrique-complet-50m\/\",\"url\":\"https:\/\/eurlhosnakamel.dz\/dz\/produit\/alba-echaffaudage-electrique-complet-50m\/\",\"name\":\"ALBA ECHAFFAUDAGE ELECTRIQUE COMPLET 50M - EURL HOSNA KAMEL\",\"isPartOf\":{\"@id\":\"https:\/\/eurlhosnakamel.dz\/dz\/#website\"},\"primaryImageOfPage\":{\"@id\":\"https:\/\/eurlhosnakamel.dz\/dz\/produit\/alba-echaffaudage-electrique-complet-50m\/#primaryimage\"},\"image\":{\"@id\":\"https:\/\/eurlhosnakamel.dz\/dz\/produit\/alba-echaffaudage-electrique-complet-50m\/#primaryimage\"},\"thumbnailUrl\":\"https:\/\/eurlhosnakamel.dz\/dz\/wp-content\/uploads\/2020\/04\/SIRL-BETONNIERE-BBH400L-DIES.-CHARGEUR-LAMBARDINI-PORT.-eurl-hosna-kamel-algerie-1.jpg\",\"datePublished\":\"2020-04-21T14:40:43+00:00\",\"dateModified\":\"2020-04-21T14:43:44+00:00\",\"description\":\"ALBA ECHAFFAUDAGE ELECTRIQUE COMPLET 50M - EURL HOSNA KAMEL\",\"breadcrumb\":{\"@id\":\"https:\/\/eurlhosnakamel.dz\/dz\/produit\/alba-echaffaudage-electrique-complet-50m\/#breadcrumb\"},\"inLanguage\":\"fr-FR\",\"potentialAction\":[{\"@type\":\"ReadAction\",\"target\":[\"https:\/\/eurlhosnakamel.dz\/dz\/produit\/alba-echaffaudage-electrique-complet-50m\/\"]}]},{\"@type\":\"ImageObject\",\"inLanguage\":\"fr-FR\",\"@id\":\"https:\/\/eurlhosnakamel.dz\/dz\/produit\/alba-echaffaudage-electrique-complet-50m\/#primaryimage\",\"url\":\"https:\/\/eurlhosnakamel.dz\/dz\/wp-content\/uploads\/2020\/04\/SIRL-BETONNIERE-BBH400L-DIES.-CHARGEUR-LAMBARDINI-PORT.-eurl-hosna-kamel-algerie-1.jpg\",\"contentUrl\":\"https:\/\/eurlhosnakamel.dz\/dz\/wp-content\/uploads\/2020\/04\/SIRL-BETONNIERE-BBH400L-DIES.-CHARGEUR-LAMBARDINI-PORT.-eurl-hosna-kamel-algerie-1.jpg\",\"width\":512,\"height\":512},{\"@type\":\"BreadcrumbList\",\"@id\":\"https:\/\/eurlhosnakamel.dz\/dz\/produit\/alba-echaffaudage-electrique-complet-50m\/#breadcrumb\",\"itemListElement\":[{\"@type\":\"ListItem\",\"position\":1,\"name\":\"Accueil\",\"item\":\"https:\/\/eurlhosnakamel.dz\/dz\/\"},{\"@type\":\"ListItem\",\"position\":2,\"name\":\"Shop\",\"item\":\"https:\/\/eurlhosnakamel.dz\/dz\/shop\/\"},{\"@type\":\"ListItem\",\"position\":3,\"name\":\"ALBA ECHAFFAUDAGE ELECTRIQUE COMPLET 50M\"}]},{\"@type\":\"WebSite\",\"@id\":\"https:\/\/eurlhosnakamel.dz\/dz\/#website\",\"url\":\"https:\/\/eurlhosnakamel.dz\/dz\/\",\"name\":\"EURL HOSNA KAMEL\",\"description\":\"Fournisseur Premium d&#039;Outillages Professionnels en Alg\u00e9rie -\",\"publisher\":{\"@id\":\"https:\/\/eurlhosnakamel.dz\/dz\/#organization\"},\"potentialAction\":[{\"@type\":\"SearchAction\",\"target\":{\"@type\":\"EntryPoint\",\"urlTemplate\":\"https:\/\/eurlhosnakamel.dz\/dz\/?s={search_term_string}\"},\"query-input\":\"required name=search_term_string\"}],\"inLanguage\":\"fr-FR\"},{\"@type\":\"Organization\",\"@id\":\"https:\/\/eurlhosnakamel.dz\/dz\/#organization\",\"name\":\"EURL HOSNA KAMEL - Bosch alg\u00e9rie\",\"url\":\"https:\/\/eurlhosnakamel.dz\/dz\/\",\"logo\":{\"@type\":\"ImageObject\",\"inLanguage\":\"fr-FR\",\"@id\":\"https:\/\/eurlhosnakamel.dz\/dz\/#\/schema\/logo\/image\/\",\"url\":\"https:\/\/eurlhosnakamel.dz\/wp-content\/uploads\/2020\/04\/LOGO-HOSNA1.png\",\"contentUrl\":\"https:\/\/eurlhosnakamel.dz\/wp-content\/uploads\/2020\/04\/LOGO-HOSNA1.png\",\"width\":120,\"height\":127,\"caption\":\"EURL HOSNA KAMEL - Bosch alg\u00e9rie\"},\"image\":{\"@id\":\"https:\/\/eurlhosnakamel.dz\/dz\/#\/schema\/logo\/image\/\"},\"sameAs\":[\"https:\/\/www.facebook.com\/Eurl.Hosna.DZ\/\"]}]}<\/script>\n<!-- \/ Yoast SEO plugin. -->","yoast_head_json":{"title":"ALBA ECHAFFAUDAGE ELECTRIQUE COMPLET 50M - EURL HOSNA KAMEL","description":"ALBA ECHAFFAUDAGE ELECTRIQUE COMPLET 50M - EURL HOSNA KAMEL","robots":{"index":"index","follow":"follow","max-snippet":"max-snippet:-1","max-image-preview":"max-image-preview:large","max-video-preview":"max-video-preview:-1"},"canonical":"https:\/\/eurlhosnakamel.dz\/dz\/produit\/alba-echaffaudage-electrique-complet-50m\/","og_locale":"fr_FR","og_type":"article","og_title":"ALBA ECHAFFAUDAGE ELECTRIQUE COMPLET 50M - EURL HOSNA KAMEL","og_description":"ALBA ECHAFFAUDAGE ELECTRIQUE COMPLET 50M - EURL HOSNA KAMEL","og_url":"https:\/\/eurlhosnakamel.dz\/dz\/produit\/alba-echaffaudage-electrique-complet-50m\/","og_site_name":"EURL HOSNA KAMEL","article_publisher":"https:\/\/www.facebook.com\/Eurl.Hosna.DZ\/","article_modified_time":"2020-04-21T14:43:44+00:00","og_image":[{"width":512,"height":512,"url":"https:\/\/eurlhosnakamel.dz\/dz\/wp-content\/uploads\/2020\/04\/SIRL-BETONNIERE-BBH400L-DIES.-CHARGEUR-LAMBARDINI-PORT.-eurl-hosna-kamel-algerie-1.jpg","type":"image\/jpeg"}],"twitter_card":"summary_large_image","twitter_misc":{"Dur\u00e9e de lecture estim\u00e9e":"1 minute"},"schema":{"@context":"https:\/\/schema.org","@graph":[{"@type":"WebPage","@id":"https:\/\/eurlhosnakamel.dz\/dz\/produit\/alba-echaffaudage-electrique-complet-50m\/","url":"https:\/\/eurlhosnakamel.dz\/dz\/produit\/alba-echaffaudage-electrique-complet-50m\/","name":"ALBA ECHAFFAUDAGE ELECTRIQUE COMPLET 50M - EURL HOSNA KAMEL","isPartOf":{"@id":"https:\/\/eurlhosnakamel.dz\/dz\/#website"},"primaryImageOfPage":{"@id":"https:\/\/eurlhosnakamel.dz\/dz\/produit\/alba-echaffaudage-electrique-complet-50m\/#primaryimage"},"image":{"@id":"https:\/\/eurlhosnakamel.dz\/dz\/produit\/alba-echaffaudage-electrique-complet-50m\/#primaryimage"},"thumbnailUrl":"https:\/\/eurlhosnakamel.dz\/dz\/wp-content\/uploads\/2020\/04\/SIRL-BETONNIERE-BBH400L-DIES.-CHARGEUR-LAMBARDINI-PORT.-eurl-hosna-kamel-algerie-1.jpg","datePublished":"2020-04-21T14:40:43+00:00","dateModified":"2020-04-21T14:43:44+00:00","description":"ALBA ECHAFFAUDAGE ELECTRIQUE COMPLET 50M - EURL HOSNA KAMEL","breadcrumb":{"@id":"https:\/\/eurlhosnakamel.dz\/dz\/produit\/alba-echaffaudage-electrique-complet-50m\/#breadcrumb"},"inLanguage":"fr-FR","potentialAction":[{"@type":"ReadAction","target":["https:\/\/eurlhosnakamel.dz\/dz\/produit\/alba-echaffaudage-electrique-complet-50m\/"]}]},{"@type":"ImageObject","inLanguage":"fr-FR","@id":"https:\/\/eurlhosnakamel.dz\/dz\/produit\/alba-echaffaudage-electrique-complet-50m\/#primaryimage","url":"https:\/\/eurlhosnakamel.dz\/dz\/wp-content\/uploads\/2020\/04\/SIRL-BETONNIERE-BBH400L-DIES.-CHARGEUR-LAMBARDINI-PORT.-eurl-hosna-kamel-algerie-1.jpg","contentUrl":"https:\/\/eurlhosnakamel.dz\/dz\/wp-content\/uploads\/2020\/04\/SIRL-BETONNIERE-BBH400L-DIES.-CHARGEUR-LAMBARDINI-PORT.-eurl-hosna-kamel-algerie-1.jpg","width":512,"height":512},{"@type":"BreadcrumbList","@id":"https:\/\/eurlhosnakamel.dz\/dz\/produit\/alba-echaffaudage-electrique-complet-50m\/#breadcrumb","itemListElement":[{"@type":"ListItem","position":1,"name":"Accueil","item":"https:\/\/eurlhosnakamel.dz\/dz\/"},{"@type":"ListItem","position":2,"name":"Shop","item":"https:\/\/eurlhosnakamel.dz\/dz\/shop\/"},{"@type":"ListItem","position":3,"name":"ALBA ECHAFFAUDAGE ELECTRIQUE COMPLET 50M"}]},{"@type":"WebSite","@id":"https:\/\/eurlhosnakamel.dz\/dz\/#website","url":"https:\/\/eurlhosnakamel.dz\/dz\/","name":"EURL HOSNA KAMEL","description":"Fournisseur Premium d&#039;Outillages Professionnels en Alg\u00e9rie -","publisher":{"@id":"https:\/\/eurlhosnakamel.dz\/dz\/#organization"},"potentialAction":[{"@type":"SearchAction","target":{"@type":"EntryPoint","urlTemplate":"https:\/\/eurlhosnakamel.dz\/dz\/?s={search_term_string}"},"query-input":"required name=search_term_string"}],"inLanguage":"fr-FR"},{"@type":"Organization","@id":"https:\/\/eurlhosnakamel.dz\/dz\/#organization","name":"EURL HOSNA KAMEL - Bosch alg\u00e9rie","url":"https:\/\/eurlhosnakamel.dz\/dz\/","logo":{"@type":"ImageObject","inLanguage":"fr-FR","@id":"https:\/\/eurlhosnakamel.dz\/dz\/#\/schema\/logo\/image\/","url":"https:\/\/eurlhosnakamel.dz\/wp-content\/uploads\/2020\/04\/LOGO-HOSNA1.png","contentUrl":"https:\/\/eurlhosnakamel.dz\/wp-content\/uploads\/2020\/04\/LOGO-HOSNA1.png","width":120,"height":127,"caption":"EURL HOSNA KAMEL - Bosch alg\u00e9rie"},"image":{"@id":"https:\/\/eurlhosnakamel.dz\/dz\/#\/schema\/logo\/image\/"},"sameAs":["https:\/\/www.facebook.com\/Eurl.Hosna.DZ\/"]}]}},"_links":{"self":[{"href":"https:\/\/eurlhosnakamel.dz\/dz\/wp-json\/wp\/v2\/product\/7309","targetHints":{"allow":["GET"]}}],"collection":[{"href":"https:\/\/eurlhosnakamel.dz\/dz\/wp-json\/wp\/v2\/product"}],"about":[{"href":"https:\/\/eurlhosnakamel.dz\/dz\/wp-json\/wp\/v2\/types\/product"}],"wp:featuredmedia":[{"embeddable":true,"href":"https:\/\/eurlhosnakamel.dz\/dz\/wp-json\/wp\/v2\/media\/7311"}],"wp:attachment":[{"href":"https:\/\/eurlhosnakamel.dz\/dz\/wp-json\/wp\/v2\/media?parent=7309"}],"wp:term":[{"taxonomy":"product_cat","embeddable":true,"href":"https:\/\/eurlhosnakamel.dz\/dz\/wp-json\/wp\/v2\/product_cat?post=7309"},{"taxonomy":"product_tag","embeddable":true,"href":"https:\/\/eurlhosnakamel.dz\/dz\/wp-json\/wp\/v2\/product_tag?post=7309"}],"curies":[{"name":"wp","href":"https:\/\/api.w.org\/{rel}","templated":true}]}}