{"id":7377,"date":"2020-04-21T16:12:15","date_gmt":"2020-04-21T16:12:15","guid":{"rendered":"https:\/\/lhchosting.com\/hosna\/?post_type=product&#038;p=7377"},"modified":"2020-04-21T16:15:04","modified_gmt":"2020-04-21T16:15:04","slug":"vrx-1362-55-tete-filiere-61-62-api-3-4-20-npt","status":"publish","type":"product","link":"https:\/\/eurlhosnakamel.dz\/dz\/produit\/vrx-1362-55-tete-filiere-61-62-api-3-4-20-npt\/","title":{"rendered":"VRX 1362 55 TETE FILIERE 61\/62 API 3\/4 (20) NPT"},"content":{"rendered":"<p><strong>T\u00eates\u00a0<\/strong>\u00e0 entra\u00eenement par \u00e9paulement \u00e0 huit pans (ou cannelures) crant\u00e9s pour immobilisation dans la cage.<br \/>\n<strong>Calotte\u00a0<\/strong>permettant un positionnement pr\u00e9cis des peignes et la possibilit\u00e9 de les retourner pour un filetage au ras des murs et supprimant les risques d\u2019arrachement.<br \/>\n<strong>Guide de centrage de longue port\u00e9e\u00a0<\/strong>facilitant le travail.<\/p>\n<p>Compatible avec fili\u00e8re manuelle \u00e0 t\u00eates interchangeables, Mini Ph\u00e9nix et Ph\u00e9nix III, selon leurs capacit\u00e9s.<br \/>\nPour un filetage avec la Mini Ph\u00e9nix r\u00e9f. 138020 \/138021, utiliser uniquement les t\u00eates BSPT acier jusqu\u2019au \u00d8 1.1\/4&#8243;.<br \/>\nLes tubes doivent \u00eatre conformes aux normes EN 10255 S et EN 10255 W (ancienne norme NFA 49115 et NFA 49145 s\u00e9rie moyenne et forte) ; seuls les tubes s\u00e9rie l\u00e9g\u00e8re (ou &#8220;Tarif 1&#8221; et &#8220;Tarif 2&#8221;) sont d\u00e9conseill\u00e9s.<br \/>\n* pour une utilisation avec la Ph\u00e9nix IIB \/ Ph\u00e9nix III (r\u00e9f. 1375), enlever le jonc de retenue.<\/p>\n<div class=\"attributs\">\n<table cellspacing=\"0\" cellpadding=\"0\">\n<tbody>\n<tr>\n<th>Type<\/th>\n<th>Type Filetage<\/th>\n<th>\u00d8 &#8220;<\/th>\n<th>\u00d8 mm<\/th>\n<th>kg<\/th>\n<\/tr>\n<tr>\n<td>Acier<\/td>\n<td>BSPT Droite<\/td>\n<td>1\/8<\/td>\n<td>6\/10<\/td>\n<td>0,445<\/td>\n<\/tr>\n<tr>\n<td>Acier<\/td>\n<td>BSPT Droite<\/td>\n<td>1\/4<\/td>\n<td>8\/13<\/td>\n<td>0,460<\/td>\n<\/tr>\n<tr>\n<td>Acier<\/td>\n<td>BSPT Droite<\/td>\n<td>3\/8<\/td>\n<td>12\/17<\/td>\n<td>0,445<\/td>\n<\/tr>\n<tr>\n<td>Acier<\/td>\n<td>BSPT Droite<\/td>\n<td>1\/2<\/td>\n<td>15\/21<\/td>\n<td>0,520<\/td>\n<\/tr>\n<tr>\n<td>Acier<\/td>\n<td>BSPT Droite<\/td>\n<td>3\/4<\/td>\n<td>20\/27<\/td>\n<td>0,570<\/td>\n<\/tr>\n<tr>\n<td>Acier<\/td>\n<td>BSPT Droite<\/td>\n<td>1<\/td>\n<td>26\/34<\/td>\n<td>0,720<\/td>\n<\/tr>\n<tr>\n<td>Acier<\/td>\n<td>BSPT Droite<\/td>\n<td>1.1\/4<\/td>\n<td>33\/42<\/td>\n<td>0,720<\/td>\n<\/tr>\n<tr>\n<td>Acier<\/td>\n<td>BSPT Droite<\/td>\n<td>1.1\/2*<\/td>\n<td>40\/49<\/td>\n<td>2,000<\/td>\n<\/tr>\n<tr>\n<td>Acier<\/td>\n<td>BSPT Droite<\/td>\n<td>2*<\/td>\n<td>50\/60<\/td>\n<td>2,150<\/td>\n<\/tr>\n<tr>\n<td>Acier<\/td>\n<td>BSPT Gauche<\/td>\n<td>1\/8<\/td>\n<td>6\/10<\/td>\n<td>0,460<\/td>\n<\/tr>\n<tr>\n<td>Acier<\/td>\n<td>BSPT Gauche<\/td>\n<td>1\/4<\/td>\n<td>8\/13<\/td>\n<td>0,460<\/td>\n<\/tr>\n<tr>\n<td>Acier<\/td>\n<td>BSPT Gauche<\/td>\n<td>3\/8<\/td>\n<td>12\/17<\/td>\n<td>0,440<\/td>\n<\/tr>\n<tr>\n<td>Acier<\/td>\n<td>BSPT Gauche<\/td>\n<td>1\/2<\/td>\n<td>15\/21<\/td>\n<td>0,510<\/td>\n<\/tr>\n<tr>\n<td>Acier<\/td>\n<td>BSPT Gauche<\/td>\n<td>3\/4<\/td>\n<td>20\/27<\/td>\n<td>0,575<\/td>\n<\/tr>\n<tr>\n<td>Acier<\/td>\n<td>BSPT Gauche<\/td>\n<td>1<\/td>\n<td>26\/34<\/td>\n<td>0,720<\/td>\n<\/tr>\n<tr>\n<td>Acier<\/td>\n<td>BSPT Gauche<\/td>\n<td>1.1\/4<\/td>\n<td>33\/42<\/td>\n<td>0,725<\/td>\n<\/tr>\n<tr>\n<td>Acier<\/td>\n<td>BSPT Gauche<\/td>\n<td>1.1\/2*<\/td>\n<td>40\/49<\/td>\n<td>1,980<\/td>\n<\/tr>\n<tr>\n<td>Acier<\/td>\n<td>BSPT Gauche<\/td>\n<td>2*<\/td>\n<td>50\/60<\/td>\n<td>2,150<\/td>\n<\/tr>\n<tr>\n<td>Acier<\/td>\n<td>NPT<\/td>\n<td>1\/8<\/td>\n<td>6\/10<\/td>\n<td>0,460<\/td>\n<\/tr>\n<tr>\n<td>Acier<\/td>\n<td>NPT<\/td>\n<td>1\/4<\/td>\n<td>8\/13<\/td>\n<td>0,450<\/td>\n<\/tr>\n<tr>\n<td>Acier<\/td>\n<td>NPT<\/td>\n<td>3\/8<\/td>\n<td>12\/17<\/td>\n<td>0,430<\/td>\n<\/tr>\n<tr>\n<td>Acier<\/td>\n<td>NPT<\/td>\n<td>1\/2<\/td>\n<td>15\/21<\/td>\n<td>0,520<\/td>\n<\/tr>\n<tr>\n<td>Acier<\/td>\n<td>NPT<\/td>\n<td>3\/4<\/td>\n<td>20\/27<\/td>\n<td>0,570<\/td>\n<\/tr>\n<tr>\n<td>Acier<\/td>\n<td>NPT<\/td>\n<td>1<\/td>\n<td>26\/34<\/td>\n<td>0,720<\/td>\n<\/tr>\n<tr>\n<td>Acier<\/td>\n<td>NPT<\/td>\n<td>1.1\/4<\/td>\n<td>33\/42<\/td>\n<td>0,730<\/td>\n<\/tr>\n<tr>\n<td>Acier<\/td>\n<td>NPT<\/td>\n<td>1.1\/2*<\/td>\n<td>40\/49<\/td>\n<td>2,000<\/td>\n<\/tr>\n<tr>\n<td>Acier<\/td>\n<td>NPT<\/td>\n<td>2*<\/td>\n<td>50\/60<\/td>\n<td>2,160<\/td>\n<\/tr>\n<tr>\n<td>Inox<\/td>\n<td>BSPT Droite<\/td>\n<td>3\/8<\/td>\n<td>12\/17<\/td>\n<td>0,460<\/td>\n<\/tr>\n<tr>\n<td>Inox<\/td>\n<td>BSPT Droite<\/td>\n<td>1\/2<\/td>\n<td>15\/21<\/td>\n<td>0,532<\/td>\n<\/tr>\n<tr>\n<td>Inox<\/td>\n<td>BSPT Droite<\/td>\n<td>3\/4<\/td>\n<td>20\/27<\/td>\n<td>0,596<\/td>\n<\/tr>\n<tr>\n<td>Inox<\/td>\n<td>BSPT Droite<\/td>\n<td>1<\/td>\n<td>26\/34<\/td>\n<td>0,720<\/td>\n<\/tr>\n<tr>\n<td>Inox<\/td>\n<td>BSPT Droite<\/td>\n<td>1.1\/4<\/td>\n<td>33\/42<\/td>\n<td>0,730<\/td>\n<\/tr>\n<tr>\n<td colspan=\"5\"><\/td>\n<\/tr>\n<\/tbody>\n<\/table>\n<\/div>\n<div class=\"references\">\n<table cellspacing=\"0\" cellpadding=\"0\">\n<tbody>\n<tr>\n<th>REF<\/th>\n<\/tr>\n<tr>\n<td>136231<\/td>\n<\/tr>\n<tr>\n<td>136232<\/td>\n<\/tr>\n<tr>\n<td>136233<\/td>\n<\/tr>\n<tr>\n<td>136234<\/td>\n<\/tr>\n<tr>\n<td>136235<\/td>\n<\/tr>\n<tr>\n<td>136236<\/td>\n<\/tr>\n<tr>\n<td>136237<\/td>\n<\/tr>\n<tr>\n<td>136438<\/td>\n<\/tr>\n<tr>\n<td>136439<\/td>\n<\/tr>\n<tr>\n<td>136241<\/td>\n<\/tr>\n<tr>\n<td>136242<\/td>\n<\/tr>\n<tr>\n<td>136243<\/td>\n<\/tr>\n<tr>\n<td>136244<\/td>\n<\/tr>\n<tr>\n<td>136245<\/td>\n<\/tr>\n<tr>\n<td>136246<\/td>\n<\/tr>\n<tr>\n<td>136247<\/td>\n<\/tr>\n<tr>\n<td>136448<\/td>\n<\/tr>\n<tr>\n<td>136449<\/td>\n<\/tr>\n<tr>\n<td>136251<\/td>\n<\/tr>\n<tr>\n<td>136252<\/td>\n<\/tr>\n<tr>\n<td>136253<\/td>\n<\/tr>\n<tr>\n<td>136254<\/td>\n<\/tr>\n<tr>\n<td>136255<\/td>\n<\/tr>\n<tr>\n<td>136256<\/td>\n<\/tr>\n<tr>\n<td>136257<\/td>\n<\/tr>\n<tr>\n<td>136458<\/td>\n<\/tr>\n<tr>\n<td>136459<\/td>\n<\/tr>\n<tr>\n<td>137043<\/td>\n<\/tr>\n<tr>\n<td>137044<\/td>\n<\/tr>\n<tr>\n<td>137045<\/td>\n<\/tr>\n<tr>\n<td>137046<\/td>\n<\/tr>\n<tr>\n<td>137047<\/td>\n<\/tr>\n<\/tbody>\n<\/table>\n<\/div>\n","protected":false},"excerpt":{"rendered":"<h4><strong>Lubrification et d\u00e9gagement des copeaux\u00a0<\/strong>facilit\u00e9s par des ouvertures largement dimensionn\u00e9es.<br \/>\n<strong>Rep\u00e9rage de positionnement\u00a0<\/strong>des peignes toujours parfaitement lisible.<br \/>\n<strong>Al\u00e9sage servant de guide\u00a0<\/strong>pour garantir l\u2019auto-centrage de la fili\u00e8re.<\/h4>\n","protected":false},"featured_media":7379,"template":"","meta":[],"product_cat":[407],"product_tag":[1531],"class_list":{"0":"post-7377","1":"product","2":"type-product","3":"status-publish","4":"has-post-thumbnail","6":"product_cat-plomberie","7":"product_tag-vrx-1362-55-tete-filiere-61-62-api-3-4-20-npt","8":"product_brand-virax","10":"first","11":"instock","12":"shipping-taxable","13":"product-type-simple","14":"col-xs-6 col-sm-4","15":"col-md-3 col-lg-3","16":"un-4-cols"},"yoast_head":"<!-- This site is optimized with the Yoast SEO plugin v22.5 - https:\/\/yoast.com\/wordpress\/plugins\/seo\/ -->\n<title>VRX 1362 55 TETE FILIERE 61\/62 API 3\/4 (20) NPT - EURL HOSNA KAMEL<\/title>\n<meta name=\"description\" content=\"VRX 1362 55 TETE FILIERE 61\/62 API 3\/4 (20) NPT - EURL HOSNA KAMEL\" \/>\n<meta name=\"robots\" content=\"index, follow, max-snippet:-1, max-image-preview:large, max-video-preview:-1\" \/>\n<link rel=\"canonical\" href=\"https:\/\/eurlhosnakamel.dz\/dz\/produit\/vrx-1362-55-tete-filiere-61-62-api-3-4-20-npt\/\" \/>\n<meta property=\"og:locale\" content=\"fr_FR\" \/>\n<meta property=\"og:type\" content=\"article\" \/>\n<meta property=\"og:title\" content=\"VRX 1362 55 TETE FILIERE 61\/62 API 3\/4 (20) NPT - EURL HOSNA KAMEL\" \/>\n<meta property=\"og:description\" content=\"VRX 1362 55 TETE FILIERE 61\/62 API 3\/4 (20) NPT - EURL HOSNA KAMEL\" \/>\n<meta property=\"og:url\" content=\"https:\/\/eurlhosnakamel.dz\/dz\/produit\/vrx-1362-55-tete-filiere-61-62-api-3-4-20-npt\/\" \/>\n<meta property=\"og:site_name\" content=\"EURL HOSNA KAMEL\" \/>\n<meta property=\"article:publisher\" content=\"https:\/\/www.facebook.com\/Eurl.Hosna.DZ\/\" \/>\n<meta property=\"article:modified_time\" content=\"2020-04-21T16:15:04+00:00\" \/>\n<meta property=\"og:image\" content=\"https:\/\/eurlhosnakamel.dz\/dz\/wp-content\/uploads\/2020\/04\/VRX-1362-55-TETE-FILIERE-61-62-API-3-4-20-NPT-eurl-hosna-kamel-algerie.jpg\" \/>\n\t<meta property=\"og:image:width\" content=\"512\" \/>\n\t<meta property=\"og:image:height\" content=\"512\" \/>\n\t<meta property=\"og:image:type\" content=\"image\/jpeg\" \/>\n<meta name=\"twitter:card\" content=\"summary_large_image\" \/>\n<meta name=\"twitter:label1\" content=\"Dur\u00e9e de lecture estim\u00e9e\" \/>\n\t<meta name=\"twitter:data1\" content=\"1 minute\" \/>\n<script type=\"application\/ld+json\" class=\"yoast-schema-graph\">{\"@context\":\"https:\/\/schema.org\",\"@graph\":[{\"@type\":\"WebPage\",\"@id\":\"https:\/\/eurlhosnakamel.dz\/dz\/produit\/vrx-1362-55-tete-filiere-61-62-api-3-4-20-npt\/\",\"url\":\"https:\/\/eurlhosnakamel.dz\/dz\/produit\/vrx-1362-55-tete-filiere-61-62-api-3-4-20-npt\/\",\"name\":\"VRX 1362 55 TETE FILIERE 61\/62 API 3\/4 (20) NPT - EURL HOSNA KAMEL\",\"isPartOf\":{\"@id\":\"https:\/\/eurlhosnakamel.dz\/dz\/#website\"},\"primaryImageOfPage\":{\"@id\":\"https:\/\/eurlhosnakamel.dz\/dz\/produit\/vrx-1362-55-tete-filiere-61-62-api-3-4-20-npt\/#primaryimage\"},\"image\":{\"@id\":\"https:\/\/eurlhosnakamel.dz\/dz\/produit\/vrx-1362-55-tete-filiere-61-62-api-3-4-20-npt\/#primaryimage\"},\"thumbnailUrl\":\"https:\/\/eurlhosnakamel.dz\/dz\/wp-content\/uploads\/2020\/04\/VRX-1362-55-TETE-FILIERE-61-62-API-3-4-20-NPT-eurl-hosna-kamel-algerie.jpg\",\"datePublished\":\"2020-04-21T16:12:15+00:00\",\"dateModified\":\"2020-04-21T16:15:04+00:00\",\"description\":\"VRX 1362 55 TETE FILIERE 61\/62 API 3\/4 (20) NPT - EURL HOSNA KAMEL\",\"breadcrumb\":{\"@id\":\"https:\/\/eurlhosnakamel.dz\/dz\/produit\/vrx-1362-55-tete-filiere-61-62-api-3-4-20-npt\/#breadcrumb\"},\"inLanguage\":\"fr-FR\",\"potentialAction\":[{\"@type\":\"ReadAction\",\"target\":[\"https:\/\/eurlhosnakamel.dz\/dz\/produit\/vrx-1362-55-tete-filiere-61-62-api-3-4-20-npt\/\"]}]},{\"@type\":\"ImageObject\",\"inLanguage\":\"fr-FR\",\"@id\":\"https:\/\/eurlhosnakamel.dz\/dz\/produit\/vrx-1362-55-tete-filiere-61-62-api-3-4-20-npt\/#primaryimage\",\"url\":\"https:\/\/eurlhosnakamel.dz\/dz\/wp-content\/uploads\/2020\/04\/VRX-1362-55-TETE-FILIERE-61-62-API-3-4-20-NPT-eurl-hosna-kamel-algerie.jpg\",\"contentUrl\":\"https:\/\/eurlhosnakamel.dz\/dz\/wp-content\/uploads\/2020\/04\/VRX-1362-55-TETE-FILIERE-61-62-API-3-4-20-NPT-eurl-hosna-kamel-algerie.jpg\",\"width\":512,\"height\":512},{\"@type\":\"BreadcrumbList\",\"@id\":\"https:\/\/eurlhosnakamel.dz\/dz\/produit\/vrx-1362-55-tete-filiere-61-62-api-3-4-20-npt\/#breadcrumb\",\"itemListElement\":[{\"@type\":\"ListItem\",\"position\":1,\"name\":\"Accueil\",\"item\":\"https:\/\/eurlhosnakamel.dz\/dz\/\"},{\"@type\":\"ListItem\",\"position\":2,\"name\":\"Shop\",\"item\":\"https:\/\/eurlhosnakamel.dz\/dz\/shop\/\"},{\"@type\":\"ListItem\",\"position\":3,\"name\":\"VRX 1362 55 TETE FILIERE 61\/62 API 3\/4 (20) NPT\"}]},{\"@type\":\"WebSite\",\"@id\":\"https:\/\/eurlhosnakamel.dz\/dz\/#website\",\"url\":\"https:\/\/eurlhosnakamel.dz\/dz\/\",\"name\":\"EURL HOSNA KAMEL\",\"description\":\"Fournisseur Premium d&#039;Outillages Professionnels en Alg\u00e9rie -\",\"publisher\":{\"@id\":\"https:\/\/eurlhosnakamel.dz\/dz\/#organization\"},\"potentialAction\":[{\"@type\":\"SearchAction\",\"target\":{\"@type\":\"EntryPoint\",\"urlTemplate\":\"https:\/\/eurlhosnakamel.dz\/dz\/?s={search_term_string}\"},\"query-input\":\"required name=search_term_string\"}],\"inLanguage\":\"fr-FR\"},{\"@type\":\"Organization\",\"@id\":\"https:\/\/eurlhosnakamel.dz\/dz\/#organization\",\"name\":\"EURL HOSNA KAMEL - Bosch alg\u00e9rie\",\"url\":\"https:\/\/eurlhosnakamel.dz\/dz\/\",\"logo\":{\"@type\":\"ImageObject\",\"inLanguage\":\"fr-FR\",\"@id\":\"https:\/\/eurlhosnakamel.dz\/dz\/#\/schema\/logo\/image\/\",\"url\":\"https:\/\/eurlhosnakamel.dz\/wp-content\/uploads\/2020\/04\/LOGO-HOSNA1.png\",\"contentUrl\":\"https:\/\/eurlhosnakamel.dz\/wp-content\/uploads\/2020\/04\/LOGO-HOSNA1.png\",\"width\":120,\"height\":127,\"caption\":\"EURL HOSNA KAMEL - Bosch alg\u00e9rie\"},\"image\":{\"@id\":\"https:\/\/eurlhosnakamel.dz\/dz\/#\/schema\/logo\/image\/\"},\"sameAs\":[\"https:\/\/www.facebook.com\/Eurl.Hosna.DZ\/\"]}]}<\/script>\n<!-- \/ Yoast SEO plugin. -->","yoast_head_json":{"title":"VRX 1362 55 TETE FILIERE 61\/62 API 3\/4 (20) NPT - EURL HOSNA KAMEL","description":"VRX 1362 55 TETE FILIERE 61\/62 API 3\/4 (20) NPT - EURL HOSNA KAMEL","robots":{"index":"index","follow":"follow","max-snippet":"max-snippet:-1","max-image-preview":"max-image-preview:large","max-video-preview":"max-video-preview:-1"},"canonical":"https:\/\/eurlhosnakamel.dz\/dz\/produit\/vrx-1362-55-tete-filiere-61-62-api-3-4-20-npt\/","og_locale":"fr_FR","og_type":"article","og_title":"VRX 1362 55 TETE FILIERE 61\/62 API 3\/4 (20) NPT - EURL HOSNA KAMEL","og_description":"VRX 1362 55 TETE FILIERE 61\/62 API 3\/4 (20) NPT - EURL HOSNA KAMEL","og_url":"https:\/\/eurlhosnakamel.dz\/dz\/produit\/vrx-1362-55-tete-filiere-61-62-api-3-4-20-npt\/","og_site_name":"EURL HOSNA KAMEL","article_publisher":"https:\/\/www.facebook.com\/Eurl.Hosna.DZ\/","article_modified_time":"2020-04-21T16:15:04+00:00","og_image":[{"width":512,"height":512,"url":"https:\/\/eurlhosnakamel.dz\/dz\/wp-content\/uploads\/2020\/04\/VRX-1362-55-TETE-FILIERE-61-62-API-3-4-20-NPT-eurl-hosna-kamel-algerie.jpg","type":"image\/jpeg"}],"twitter_card":"summary_large_image","twitter_misc":{"Dur\u00e9e de lecture estim\u00e9e":"1 minute"},"schema":{"@context":"https:\/\/schema.org","@graph":[{"@type":"WebPage","@id":"https:\/\/eurlhosnakamel.dz\/dz\/produit\/vrx-1362-55-tete-filiere-61-62-api-3-4-20-npt\/","url":"https:\/\/eurlhosnakamel.dz\/dz\/produit\/vrx-1362-55-tete-filiere-61-62-api-3-4-20-npt\/","name":"VRX 1362 55 TETE FILIERE 61\/62 API 3\/4 (20) NPT - EURL HOSNA KAMEL","isPartOf":{"@id":"https:\/\/eurlhosnakamel.dz\/dz\/#website"},"primaryImageOfPage":{"@id":"https:\/\/eurlhosnakamel.dz\/dz\/produit\/vrx-1362-55-tete-filiere-61-62-api-3-4-20-npt\/#primaryimage"},"image":{"@id":"https:\/\/eurlhosnakamel.dz\/dz\/produit\/vrx-1362-55-tete-filiere-61-62-api-3-4-20-npt\/#primaryimage"},"thumbnailUrl":"https:\/\/eurlhosnakamel.dz\/dz\/wp-content\/uploads\/2020\/04\/VRX-1362-55-TETE-FILIERE-61-62-API-3-4-20-NPT-eurl-hosna-kamel-algerie.jpg","datePublished":"2020-04-21T16:12:15+00:00","dateModified":"2020-04-21T16:15:04+00:00","description":"VRX 1362 55 TETE FILIERE 61\/62 API 3\/4 (20) NPT - EURL HOSNA KAMEL","breadcrumb":{"@id":"https:\/\/eurlhosnakamel.dz\/dz\/produit\/vrx-1362-55-tete-filiere-61-62-api-3-4-20-npt\/#breadcrumb"},"inLanguage":"fr-FR","potentialAction":[{"@type":"ReadAction","target":["https:\/\/eurlhosnakamel.dz\/dz\/produit\/vrx-1362-55-tete-filiere-61-62-api-3-4-20-npt\/"]}]},{"@type":"ImageObject","inLanguage":"fr-FR","@id":"https:\/\/eurlhosnakamel.dz\/dz\/produit\/vrx-1362-55-tete-filiere-61-62-api-3-4-20-npt\/#primaryimage","url":"https:\/\/eurlhosnakamel.dz\/dz\/wp-content\/uploads\/2020\/04\/VRX-1362-55-TETE-FILIERE-61-62-API-3-4-20-NPT-eurl-hosna-kamel-algerie.jpg","contentUrl":"https:\/\/eurlhosnakamel.dz\/dz\/wp-content\/uploads\/2020\/04\/VRX-1362-55-TETE-FILIERE-61-62-API-3-4-20-NPT-eurl-hosna-kamel-algerie.jpg","width":512,"height":512},{"@type":"BreadcrumbList","@id":"https:\/\/eurlhosnakamel.dz\/dz\/produit\/vrx-1362-55-tete-filiere-61-62-api-3-4-20-npt\/#breadcrumb","itemListElement":[{"@type":"ListItem","position":1,"name":"Accueil","item":"https:\/\/eurlhosnakamel.dz\/dz\/"},{"@type":"ListItem","position":2,"name":"Shop","item":"https:\/\/eurlhosnakamel.dz\/dz\/shop\/"},{"@type":"ListItem","position":3,"name":"VRX 1362 55 TETE FILIERE 61\/62 API 3\/4 (20) NPT"}]},{"@type":"WebSite","@id":"https:\/\/eurlhosnakamel.dz\/dz\/#website","url":"https:\/\/eurlhosnakamel.dz\/dz\/","name":"EURL HOSNA KAMEL","description":"Fournisseur Premium d&#039;Outillages Professionnels en Alg\u00e9rie -","publisher":{"@id":"https:\/\/eurlhosnakamel.dz\/dz\/#organization"},"potentialAction":[{"@type":"SearchAction","target":{"@type":"EntryPoint","urlTemplate":"https:\/\/eurlhosnakamel.dz\/dz\/?s={search_term_string}"},"query-input":"required name=search_term_string"}],"inLanguage":"fr-FR"},{"@type":"Organization","@id":"https:\/\/eurlhosnakamel.dz\/dz\/#organization","name":"EURL HOSNA KAMEL - Bosch alg\u00e9rie","url":"https:\/\/eurlhosnakamel.dz\/dz\/","logo":{"@type":"ImageObject","inLanguage":"fr-FR","@id":"https:\/\/eurlhosnakamel.dz\/dz\/#\/schema\/logo\/image\/","url":"https:\/\/eurlhosnakamel.dz\/wp-content\/uploads\/2020\/04\/LOGO-HOSNA1.png","contentUrl":"https:\/\/eurlhosnakamel.dz\/wp-content\/uploads\/2020\/04\/LOGO-HOSNA1.png","width":120,"height":127,"caption":"EURL HOSNA KAMEL - Bosch alg\u00e9rie"},"image":{"@id":"https:\/\/eurlhosnakamel.dz\/dz\/#\/schema\/logo\/image\/"},"sameAs":["https:\/\/www.facebook.com\/Eurl.Hosna.DZ\/"]}]}},"_links":{"self":[{"href":"https:\/\/eurlhosnakamel.dz\/dz\/wp-json\/wp\/v2\/product\/7377","targetHints":{"allow":["GET"]}}],"collection":[{"href":"https:\/\/eurlhosnakamel.dz\/dz\/wp-json\/wp\/v2\/product"}],"about":[{"href":"https:\/\/eurlhosnakamel.dz\/dz\/wp-json\/wp\/v2\/types\/product"}],"wp:featuredmedia":[{"embeddable":true,"href":"https:\/\/eurlhosnakamel.dz\/dz\/wp-json\/wp\/v2\/media\/7379"}],"wp:attachment":[{"href":"https:\/\/eurlhosnakamel.dz\/dz\/wp-json\/wp\/v2\/media?parent=7377"}],"wp:term":[{"taxonomy":"product_cat","embeddable":true,"href":"https:\/\/eurlhosnakamel.dz\/dz\/wp-json\/wp\/v2\/product_cat?post=7377"},{"taxonomy":"product_tag","embeddable":true,"href":"https:\/\/eurlhosnakamel.dz\/dz\/wp-json\/wp\/v2\/product_tag?post=7377"}],"curies":[{"name":"wp","href":"https:\/\/api.w.org\/{rel}","templated":true}]}}