{"id":7713,"date":"2020-04-22T10:20:00","date_gmt":"2020-04-22T10:20:00","guid":{"rendered":"https:\/\/lhchosting.com\/hosna\/?post_type=product&#038;p=7713"},"modified":"2021-07-06T14:15:36","modified_gmt":"2021-07-06T14:15:36","slug":"worcraft-scie-sauteuse-400w-js-04-55","status":"publish","type":"product","link":"https:\/\/eurlhosnakamel.dz\/dz\/produit\/worcraft-scie-sauteuse-400w-js-04-55\/","title":{"rendered":"WORCRAFT SCIE SAUTEUSE 400W JS 04-55"},"content":{"rendered":"<table border=\"0\" cellspacing=\"1\" cellpadding=\"1\">\n<tbody>\n<tr>\n<td>sp\u00e9cification<\/td>\n<td>JS04-55<\/td>\n<\/tr>\n<tr>\n<td>Tension \/ Fr\u00e9quence<\/td>\n<td>110-240V \/ 50-60Hz<\/td>\n<\/tr>\n<tr>\n<td>Puissance nominale<\/td>\n<td>400W<\/td>\n<\/tr>\n<tr>\n<td>Vitesse variable<\/td>\n<td>Non<\/td>\n<\/tr>\n<tr>\n<td>Vitesse sans charge<\/td>\n<td>3000 tr \/ min<\/td>\n<\/tr>\n<tr>\n<td>Capacit\u00e9 de coupe dans le bois<\/td>\n<td>55mm<\/td>\n<\/tr>\n<tr>\n<td>Capacit\u00e9 de coupe en aluminium<\/td>\n<td>6 mm<\/td>\n<\/tr>\n<tr>\n<td>Coupes en biseau [gauche \/ droite]<\/td>\n<td>0 ~ 45 \u00b0 C<\/td>\n<\/tr>\n<tr>\n<td>Informations d&#8217;emballage<\/td>\n<td><\/td>\n<\/tr>\n<tr>\n<td>Type d&#8217;emballage<\/td>\n<td>Bo\u00eete en carton<\/td>\n<\/tr>\n<tr>\n<td>Qt\u00e9 \/ carton principal<\/td>\n<td>6 pi\u00e8ces<\/td>\n<\/tr>\n<tr>\n<td>Taille du carton<\/td>\n<td>52 \u00d7 26 \u00d7 22,5 cm<\/td>\n<\/tr>\n<tr>\n<td>NW \/ GW<\/td>\n<td>11,5 \/ 12,5 kg<\/td>\n<\/tr>\n<tr>\n<td>FCL 20\u00b9ft \/ 40\u00b9ft<\/td>\n<td>5520 \/ 11436pcs<\/td>\n<\/tr>\n<\/tbody>\n<\/table>\n","protected":false},"excerpt":{"rendered":"<div class=\"goods-info\">\n<h4 class=\"canshu\"><strong>Sp\u00e9cifications JS04-55 Tension \/ Fr\u00e9quence 110-240V \/ 50-60Hz Puissance nominale 400W Vitesse variable Non Pas de charge \u00e0 vide 3000rpm Capacit\u00e9 de coupe dans le bois 55mm Capacit\u00e9 de coupe dans l&#8217;aluminium 6mm Coupes en biseau [gauche \/ droite] 0 ~ 45C Informations d&#8217;emballage Type d&#8217;emballage Ca<\/strong><\/h4>\n<\/div>\n","protected":false},"featured_media":7715,"template":"","meta":[],"product_cat":[29],"product_tag":[1633],"class_list":{"0":"post-7713","1":"product","2":"type-product","3":"status-publish","4":"has-post-thumbnail","6":"product_cat-quincaillerie","7":"product_tag-worcraft-scie-sauteuse-400w-js-04-55","8":"product_brand-worcraft-power-tools","10":"first","11":"instock","12":"shipping-taxable","13":"product-type-simple","14":"col-xs-6 col-sm-4","15":"col-md-3 col-lg-3","16":"un-4-cols"},"yoast_head":"<!-- This site is optimized with the Yoast SEO plugin v22.5 - https:\/\/yoast.com\/wordpress\/plugins\/seo\/ -->\n<title>WORCRAFT SCIE SAUTEUSE 400W JS 04-55 - EURL HOSNA KAMEL<\/title>\n<meta name=\"description\" content=\"WORCRAFT SCIE SAUTEUSE 400W JS 04-55 - EURL HOSNA KAMEL\" \/>\n<meta name=\"robots\" content=\"index, follow, max-snippet:-1, max-image-preview:large, max-video-preview:-1\" \/>\n<link rel=\"canonical\" href=\"https:\/\/eurlhosnakamel.dz\/dz\/produit\/worcraft-scie-sauteuse-400w-js-04-55\/\" \/>\n<meta property=\"og:locale\" content=\"fr_FR\" \/>\n<meta property=\"og:type\" content=\"article\" \/>\n<meta property=\"og:title\" content=\"WORCRAFT SCIE SAUTEUSE 400W JS 04-55 - EURL HOSNA KAMEL\" \/>\n<meta property=\"og:description\" content=\"WORCRAFT SCIE SAUTEUSE 400W JS 04-55 - EURL HOSNA KAMEL\" \/>\n<meta property=\"og:url\" content=\"https:\/\/eurlhosnakamel.dz\/dz\/produit\/worcraft-scie-sauteuse-400w-js-04-55\/\" \/>\n<meta property=\"og:site_name\" content=\"EURL HOSNA KAMEL\" \/>\n<meta property=\"article:publisher\" content=\"https:\/\/www.facebook.com\/Eurl.Hosna.DZ\/\" \/>\n<meta property=\"article:modified_time\" content=\"2021-07-06T14:15:36+00:00\" \/>\n<meta property=\"og:image\" content=\"https:\/\/eurlhosnakamel.dz\/dz\/wp-content\/uploads\/2020\/04\/WORCRAFT-SCIE-SAUTEUSE-400W-JS04-55-eurl-hosna-kamel-algerie.jpg\" \/>\n\t<meta property=\"og:image:width\" content=\"512\" \/>\n\t<meta property=\"og:image:height\" content=\"512\" \/>\n\t<meta property=\"og:image:type\" content=\"image\/jpeg\" \/>\n<meta name=\"twitter:card\" content=\"summary_large_image\" \/>\n<script type=\"application\/ld+json\" class=\"yoast-schema-graph\">{\"@context\":\"https:\/\/schema.org\",\"@graph\":[{\"@type\":\"WebPage\",\"@id\":\"https:\/\/eurlhosnakamel.dz\/dz\/produit\/worcraft-scie-sauteuse-400w-js-04-55\/\",\"url\":\"https:\/\/eurlhosnakamel.dz\/dz\/produit\/worcraft-scie-sauteuse-400w-js-04-55\/\",\"name\":\"WORCRAFT SCIE SAUTEUSE 400W JS 04-55 - EURL HOSNA KAMEL\",\"isPartOf\":{\"@id\":\"https:\/\/eurlhosnakamel.dz\/dz\/#website\"},\"primaryImageOfPage\":{\"@id\":\"https:\/\/eurlhosnakamel.dz\/dz\/produit\/worcraft-scie-sauteuse-400w-js-04-55\/#primaryimage\"},\"image\":{\"@id\":\"https:\/\/eurlhosnakamel.dz\/dz\/produit\/worcraft-scie-sauteuse-400w-js-04-55\/#primaryimage\"},\"thumbnailUrl\":\"https:\/\/eurlhosnakamel.dz\/dz\/wp-content\/uploads\/2020\/04\/WORCRAFT-SCIE-SAUTEUSE-400W-JS04-55-eurl-hosna-kamel-algerie.jpg\",\"datePublished\":\"2020-04-22T10:20:00+00:00\",\"dateModified\":\"2021-07-06T14:15:36+00:00\",\"description\":\"WORCRAFT SCIE SAUTEUSE 400W JS 04-55 - EURL HOSNA KAMEL\",\"breadcrumb\":{\"@id\":\"https:\/\/eurlhosnakamel.dz\/dz\/produit\/worcraft-scie-sauteuse-400w-js-04-55\/#breadcrumb\"},\"inLanguage\":\"fr-FR\",\"potentialAction\":[{\"@type\":\"ReadAction\",\"target\":[\"https:\/\/eurlhosnakamel.dz\/dz\/produit\/worcraft-scie-sauteuse-400w-js-04-55\/\"]}]},{\"@type\":\"ImageObject\",\"inLanguage\":\"fr-FR\",\"@id\":\"https:\/\/eurlhosnakamel.dz\/dz\/produit\/worcraft-scie-sauteuse-400w-js-04-55\/#primaryimage\",\"url\":\"https:\/\/eurlhosnakamel.dz\/dz\/wp-content\/uploads\/2020\/04\/WORCRAFT-SCIE-SAUTEUSE-400W-JS04-55-eurl-hosna-kamel-algerie.jpg\",\"contentUrl\":\"https:\/\/eurlhosnakamel.dz\/dz\/wp-content\/uploads\/2020\/04\/WORCRAFT-SCIE-SAUTEUSE-400W-JS04-55-eurl-hosna-kamel-algerie.jpg\",\"width\":512,\"height\":512},{\"@type\":\"BreadcrumbList\",\"@id\":\"https:\/\/eurlhosnakamel.dz\/dz\/produit\/worcraft-scie-sauteuse-400w-js-04-55\/#breadcrumb\",\"itemListElement\":[{\"@type\":\"ListItem\",\"position\":1,\"name\":\"Accueil\",\"item\":\"https:\/\/eurlhosnakamel.dz\/dz\/\"},{\"@type\":\"ListItem\",\"position\":2,\"name\":\"Shop\",\"item\":\"https:\/\/eurlhosnakamel.dz\/dz\/shop\/\"},{\"@type\":\"ListItem\",\"position\":3,\"name\":\"WORCRAFT SCIE SAUTEUSE 400W JS 04-55\"}]},{\"@type\":\"WebSite\",\"@id\":\"https:\/\/eurlhosnakamel.dz\/dz\/#website\",\"url\":\"https:\/\/eurlhosnakamel.dz\/dz\/\",\"name\":\"EURL HOSNA KAMEL\",\"description\":\"Fournisseur Premium d&#039;Outillages Professionnels en Alg\u00e9rie -\",\"publisher\":{\"@id\":\"https:\/\/eurlhosnakamel.dz\/dz\/#organization\"},\"potentialAction\":[{\"@type\":\"SearchAction\",\"target\":{\"@type\":\"EntryPoint\",\"urlTemplate\":\"https:\/\/eurlhosnakamel.dz\/dz\/?s={search_term_string}\"},\"query-input\":\"required name=search_term_string\"}],\"inLanguage\":\"fr-FR\"},{\"@type\":\"Organization\",\"@id\":\"https:\/\/eurlhosnakamel.dz\/dz\/#organization\",\"name\":\"EURL HOSNA KAMEL - Bosch alg\u00e9rie\",\"url\":\"https:\/\/eurlhosnakamel.dz\/dz\/\",\"logo\":{\"@type\":\"ImageObject\",\"inLanguage\":\"fr-FR\",\"@id\":\"https:\/\/eurlhosnakamel.dz\/dz\/#\/schema\/logo\/image\/\",\"url\":\"https:\/\/eurlhosnakamel.dz\/wp-content\/uploads\/2020\/04\/LOGO-HOSNA1.png\",\"contentUrl\":\"https:\/\/eurlhosnakamel.dz\/wp-content\/uploads\/2020\/04\/LOGO-HOSNA1.png\",\"width\":120,\"height\":127,\"caption\":\"EURL HOSNA KAMEL - Bosch alg\u00e9rie\"},\"image\":{\"@id\":\"https:\/\/eurlhosnakamel.dz\/dz\/#\/schema\/logo\/image\/\"},\"sameAs\":[\"https:\/\/www.facebook.com\/Eurl.Hosna.DZ\/\"]}]}<\/script>\n<!-- \/ Yoast SEO plugin. -->","yoast_head_json":{"title":"WORCRAFT SCIE SAUTEUSE 400W JS 04-55 - EURL HOSNA KAMEL","description":"WORCRAFT SCIE SAUTEUSE 400W JS 04-55 - EURL HOSNA KAMEL","robots":{"index":"index","follow":"follow","max-snippet":"max-snippet:-1","max-image-preview":"max-image-preview:large","max-video-preview":"max-video-preview:-1"},"canonical":"https:\/\/eurlhosnakamel.dz\/dz\/produit\/worcraft-scie-sauteuse-400w-js-04-55\/","og_locale":"fr_FR","og_type":"article","og_title":"WORCRAFT SCIE SAUTEUSE 400W JS 04-55 - EURL HOSNA KAMEL","og_description":"WORCRAFT SCIE SAUTEUSE 400W JS 04-55 - EURL HOSNA KAMEL","og_url":"https:\/\/eurlhosnakamel.dz\/dz\/produit\/worcraft-scie-sauteuse-400w-js-04-55\/","og_site_name":"EURL HOSNA KAMEL","article_publisher":"https:\/\/www.facebook.com\/Eurl.Hosna.DZ\/","article_modified_time":"2021-07-06T14:15:36+00:00","og_image":[{"width":512,"height":512,"url":"https:\/\/eurlhosnakamel.dz\/dz\/wp-content\/uploads\/2020\/04\/WORCRAFT-SCIE-SAUTEUSE-400W-JS04-55-eurl-hosna-kamel-algerie.jpg","type":"image\/jpeg"}],"twitter_card":"summary_large_image","schema":{"@context":"https:\/\/schema.org","@graph":[{"@type":"WebPage","@id":"https:\/\/eurlhosnakamel.dz\/dz\/produit\/worcraft-scie-sauteuse-400w-js-04-55\/","url":"https:\/\/eurlhosnakamel.dz\/dz\/produit\/worcraft-scie-sauteuse-400w-js-04-55\/","name":"WORCRAFT SCIE SAUTEUSE 400W JS 04-55 - EURL HOSNA KAMEL","isPartOf":{"@id":"https:\/\/eurlhosnakamel.dz\/dz\/#website"},"primaryImageOfPage":{"@id":"https:\/\/eurlhosnakamel.dz\/dz\/produit\/worcraft-scie-sauteuse-400w-js-04-55\/#primaryimage"},"image":{"@id":"https:\/\/eurlhosnakamel.dz\/dz\/produit\/worcraft-scie-sauteuse-400w-js-04-55\/#primaryimage"},"thumbnailUrl":"https:\/\/eurlhosnakamel.dz\/dz\/wp-content\/uploads\/2020\/04\/WORCRAFT-SCIE-SAUTEUSE-400W-JS04-55-eurl-hosna-kamel-algerie.jpg","datePublished":"2020-04-22T10:20:00+00:00","dateModified":"2021-07-06T14:15:36+00:00","description":"WORCRAFT SCIE SAUTEUSE 400W JS 04-55 - EURL HOSNA KAMEL","breadcrumb":{"@id":"https:\/\/eurlhosnakamel.dz\/dz\/produit\/worcraft-scie-sauteuse-400w-js-04-55\/#breadcrumb"},"inLanguage":"fr-FR","potentialAction":[{"@type":"ReadAction","target":["https:\/\/eurlhosnakamel.dz\/dz\/produit\/worcraft-scie-sauteuse-400w-js-04-55\/"]}]},{"@type":"ImageObject","inLanguage":"fr-FR","@id":"https:\/\/eurlhosnakamel.dz\/dz\/produit\/worcraft-scie-sauteuse-400w-js-04-55\/#primaryimage","url":"https:\/\/eurlhosnakamel.dz\/dz\/wp-content\/uploads\/2020\/04\/WORCRAFT-SCIE-SAUTEUSE-400W-JS04-55-eurl-hosna-kamel-algerie.jpg","contentUrl":"https:\/\/eurlhosnakamel.dz\/dz\/wp-content\/uploads\/2020\/04\/WORCRAFT-SCIE-SAUTEUSE-400W-JS04-55-eurl-hosna-kamel-algerie.jpg","width":512,"height":512},{"@type":"BreadcrumbList","@id":"https:\/\/eurlhosnakamel.dz\/dz\/produit\/worcraft-scie-sauteuse-400w-js-04-55\/#breadcrumb","itemListElement":[{"@type":"ListItem","position":1,"name":"Accueil","item":"https:\/\/eurlhosnakamel.dz\/dz\/"},{"@type":"ListItem","position":2,"name":"Shop","item":"https:\/\/eurlhosnakamel.dz\/dz\/shop\/"},{"@type":"ListItem","position":3,"name":"WORCRAFT SCIE SAUTEUSE 400W JS 04-55"}]},{"@type":"WebSite","@id":"https:\/\/eurlhosnakamel.dz\/dz\/#website","url":"https:\/\/eurlhosnakamel.dz\/dz\/","name":"EURL HOSNA KAMEL","description":"Fournisseur Premium d&#039;Outillages Professionnels en Alg\u00e9rie -","publisher":{"@id":"https:\/\/eurlhosnakamel.dz\/dz\/#organization"},"potentialAction":[{"@type":"SearchAction","target":{"@type":"EntryPoint","urlTemplate":"https:\/\/eurlhosnakamel.dz\/dz\/?s={search_term_string}"},"query-input":"required name=search_term_string"}],"inLanguage":"fr-FR"},{"@type":"Organization","@id":"https:\/\/eurlhosnakamel.dz\/dz\/#organization","name":"EURL HOSNA KAMEL - Bosch alg\u00e9rie","url":"https:\/\/eurlhosnakamel.dz\/dz\/","logo":{"@type":"ImageObject","inLanguage":"fr-FR","@id":"https:\/\/eurlhosnakamel.dz\/dz\/#\/schema\/logo\/image\/","url":"https:\/\/eurlhosnakamel.dz\/wp-content\/uploads\/2020\/04\/LOGO-HOSNA1.png","contentUrl":"https:\/\/eurlhosnakamel.dz\/wp-content\/uploads\/2020\/04\/LOGO-HOSNA1.png","width":120,"height":127,"caption":"EURL HOSNA KAMEL - Bosch alg\u00e9rie"},"image":{"@id":"https:\/\/eurlhosnakamel.dz\/dz\/#\/schema\/logo\/image\/"},"sameAs":["https:\/\/www.facebook.com\/Eurl.Hosna.DZ\/"]}]}},"_links":{"self":[{"href":"https:\/\/eurlhosnakamel.dz\/dz\/wp-json\/wp\/v2\/product\/7713","targetHints":{"allow":["GET"]}}],"collection":[{"href":"https:\/\/eurlhosnakamel.dz\/dz\/wp-json\/wp\/v2\/product"}],"about":[{"href":"https:\/\/eurlhosnakamel.dz\/dz\/wp-json\/wp\/v2\/types\/product"}],"wp:featuredmedia":[{"embeddable":true,"href":"https:\/\/eurlhosnakamel.dz\/dz\/wp-json\/wp\/v2\/media\/7715"}],"wp:attachment":[{"href":"https:\/\/eurlhosnakamel.dz\/dz\/wp-json\/wp\/v2\/media?parent=7713"}],"wp:term":[{"taxonomy":"product_cat","embeddable":true,"href":"https:\/\/eurlhosnakamel.dz\/dz\/wp-json\/wp\/v2\/product_cat?post=7713"},{"taxonomy":"product_tag","embeddable":true,"href":"https:\/\/eurlhosnakamel.dz\/dz\/wp-json\/wp\/v2\/product_tag?post=7713"}],"curies":[{"name":"wp","href":"https:\/\/api.w.org\/{rel}","templated":true}]}}