{"id":7735,"date":"2020-04-22T10:44:30","date_gmt":"2020-04-22T10:44:30","guid":{"rendered":"https:\/\/lhchosting.com\/hosna\/?post_type=product&#038;p=7735"},"modified":"2020-04-22T10:46:49","modified_gmt":"2020-04-22T10:46:49","slug":"worcraft-poste-a-souder-port-mma-160","status":"publish","type":"product","link":"https:\/\/eurlhosnakamel.dz\/dz\/produit\/worcraft-poste-a-souder-port-mma-160\/","title":{"rendered":"WORCRAFT POSTE A SOUDER PORT MMA 160"},"content":{"rendered":"<table border=\"0\" cellspacing=\"1\" cellpadding=\"1\">\n<tbody>\n<tr>\n<td><span>Tension<\/span><\/td>\n<td><span>110-240V \/ 50-60Hz<\/span><\/td>\n<\/tr>\n<tr>\n<td><span>Pas de tension de charge<\/span><\/td>\n<td><span>75V<\/span><\/td>\n<\/tr>\n<tr>\n<td><span>Capacit\u00e9 d&#8217;entr\u00e9e Ratde<\/span><\/td>\n<td><span>5400W<\/span><\/td>\n<\/tr>\n<tr>\n<td><span>Gamme actuelle<\/span><\/td>\n<td><span>35-160A<\/span><\/td>\n<\/tr>\n<tr>\n<td><span>Cycle de service nominal<\/span><\/td>\n<td><span>100%<\/span><\/td>\n<\/tr>\n<tr>\n<td><span>Classe d&#8217;isolation<\/span><\/td>\n<td><span>H<\/span><\/td>\n<\/tr>\n<tr>\n<td><span>Baguette de soudage appliqu\u00e9e<\/span><\/td>\n<td><span>1,6-4,0 mm<\/span><\/td>\n<\/tr>\n<tr>\n<td><span>Utiliser un panneau en plastique<\/span><\/td>\n<td><span>ajouter 3,0 $<\/span><\/td>\n<\/tr>\n<\/tbody>\n<\/table>\n<p>&nbsp;<\/p>\n","protected":false},"excerpt":{"rendered":"<div class=\"goods-info\">\n<div class=\"goods-info\">\n<h4 class=\"canshu\">Sp\u00e9cifications MMA-160B Tension 110-240V \/ 50-60Hz Tension \u00e0 vide 75V Capacit\u00e9 d&#8217;entr\u00e9e Ratde 5400W Plage de courant 35-160A Cycle de service nominal 100% Classe d&#8217;isolation H Baguette de soudage appliqu\u00e9e 1,6-4,0 mm Utilisez un panneau en plastique ajoutez 3,0 $ Informations d&#8217;emballage Packi<\/h4>\n<\/div>\n<\/div>\n","protected":false},"featured_media":7737,"template":"","meta":[],"product_cat":[29],"product_tag":[1643],"class_list":{"0":"post-7735","1":"product","2":"type-product","3":"status-publish","4":"has-post-thumbnail","6":"product_cat-quincaillerie","7":"product_tag-worcraft-poste-a-souder-port-mma-160","8":"product_brand-worcraft-power-tools","10":"first","11":"instock","12":"shipping-taxable","13":"product-type-simple","14":"col-xs-6 col-sm-4","15":"col-md-3 col-lg-3","16":"un-4-cols"},"yoast_head":"<!-- This site is optimized with the Yoast SEO plugin v22.5 - https:\/\/yoast.com\/wordpress\/plugins\/seo\/ -->\n<title>WORCRAFT POSTE A SOUDER PORT MMA 160 - EURL HOSNA KAMEL<\/title>\n<meta name=\"description\" content=\"WORCRAFT POSTE A SOUDER PORT MMA 160 - EURL HOSNA KAMEL\" \/>\n<meta name=\"robots\" content=\"index, follow, max-snippet:-1, max-image-preview:large, max-video-preview:-1\" \/>\n<link rel=\"canonical\" href=\"https:\/\/eurlhosnakamel.dz\/dz\/produit\/worcraft-poste-a-souder-port-mma-160\/\" \/>\n<meta property=\"og:locale\" content=\"fr_FR\" \/>\n<meta property=\"og:type\" content=\"article\" \/>\n<meta property=\"og:title\" content=\"WORCRAFT POSTE A SOUDER PORT MMA 160 - EURL HOSNA KAMEL\" \/>\n<meta property=\"og:description\" content=\"WORCRAFT POSTE A SOUDER PORT MMA 160 - EURL HOSNA KAMEL\" \/>\n<meta property=\"og:url\" content=\"https:\/\/eurlhosnakamel.dz\/dz\/produit\/worcraft-poste-a-souder-port-mma-160\/\" \/>\n<meta property=\"og:site_name\" content=\"EURL HOSNA KAMEL\" \/>\n<meta property=\"article:publisher\" content=\"https:\/\/www.facebook.com\/Eurl.Hosna.DZ\/\" \/>\n<meta property=\"article:modified_time\" content=\"2020-04-22T10:46:49+00:00\" \/>\n<meta property=\"og:image\" content=\"https:\/\/eurlhosnakamel.dz\/dz\/wp-content\/uploads\/2020\/04\/WORCRAFT-POSTE-A-SOUDER-PORT-MMA-160-eurl-hosna-kamel-algerie.jpg\" \/>\n\t<meta property=\"og:image:width\" content=\"512\" \/>\n\t<meta property=\"og:image:height\" content=\"512\" \/>\n\t<meta property=\"og:image:type\" content=\"image\/jpeg\" \/>\n<meta name=\"twitter:card\" content=\"summary_large_image\" \/>\n<script type=\"application\/ld+json\" class=\"yoast-schema-graph\">{\"@context\":\"https:\/\/schema.org\",\"@graph\":[{\"@type\":\"WebPage\",\"@id\":\"https:\/\/eurlhosnakamel.dz\/dz\/produit\/worcraft-poste-a-souder-port-mma-160\/\",\"url\":\"https:\/\/eurlhosnakamel.dz\/dz\/produit\/worcraft-poste-a-souder-port-mma-160\/\",\"name\":\"WORCRAFT POSTE A SOUDER PORT MMA 160 - EURL HOSNA KAMEL\",\"isPartOf\":{\"@id\":\"https:\/\/eurlhosnakamel.dz\/dz\/#website\"},\"primaryImageOfPage\":{\"@id\":\"https:\/\/eurlhosnakamel.dz\/dz\/produit\/worcraft-poste-a-souder-port-mma-160\/#primaryimage\"},\"image\":{\"@id\":\"https:\/\/eurlhosnakamel.dz\/dz\/produit\/worcraft-poste-a-souder-port-mma-160\/#primaryimage\"},\"thumbnailUrl\":\"https:\/\/eurlhosnakamel.dz\/dz\/wp-content\/uploads\/2020\/04\/WORCRAFT-POSTE-A-SOUDER-PORT-MMA-160-eurl-hosna-kamel-algerie.jpg\",\"datePublished\":\"2020-04-22T10:44:30+00:00\",\"dateModified\":\"2020-04-22T10:46:49+00:00\",\"description\":\"WORCRAFT POSTE A SOUDER PORT MMA 160 - EURL HOSNA KAMEL\",\"breadcrumb\":{\"@id\":\"https:\/\/eurlhosnakamel.dz\/dz\/produit\/worcraft-poste-a-souder-port-mma-160\/#breadcrumb\"},\"inLanguage\":\"fr-FR\",\"potentialAction\":[{\"@type\":\"ReadAction\",\"target\":[\"https:\/\/eurlhosnakamel.dz\/dz\/produit\/worcraft-poste-a-souder-port-mma-160\/\"]}]},{\"@type\":\"ImageObject\",\"inLanguage\":\"fr-FR\",\"@id\":\"https:\/\/eurlhosnakamel.dz\/dz\/produit\/worcraft-poste-a-souder-port-mma-160\/#primaryimage\",\"url\":\"https:\/\/eurlhosnakamel.dz\/dz\/wp-content\/uploads\/2020\/04\/WORCRAFT-POSTE-A-SOUDER-PORT-MMA-160-eurl-hosna-kamel-algerie.jpg\",\"contentUrl\":\"https:\/\/eurlhosnakamel.dz\/dz\/wp-content\/uploads\/2020\/04\/WORCRAFT-POSTE-A-SOUDER-PORT-MMA-160-eurl-hosna-kamel-algerie.jpg\",\"width\":512,\"height\":512},{\"@type\":\"BreadcrumbList\",\"@id\":\"https:\/\/eurlhosnakamel.dz\/dz\/produit\/worcraft-poste-a-souder-port-mma-160\/#breadcrumb\",\"itemListElement\":[{\"@type\":\"ListItem\",\"position\":1,\"name\":\"Accueil\",\"item\":\"https:\/\/eurlhosnakamel.dz\/dz\/\"},{\"@type\":\"ListItem\",\"position\":2,\"name\":\"Shop\",\"item\":\"https:\/\/eurlhosnakamel.dz\/dz\/shop\/\"},{\"@type\":\"ListItem\",\"position\":3,\"name\":\"WORCRAFT POSTE A SOUDER PORT MMA 160\"}]},{\"@type\":\"WebSite\",\"@id\":\"https:\/\/eurlhosnakamel.dz\/dz\/#website\",\"url\":\"https:\/\/eurlhosnakamel.dz\/dz\/\",\"name\":\"EURL HOSNA KAMEL\",\"description\":\"Fournisseur Premium d&#039;Outillages Professionnels en Alg\u00e9rie -\",\"publisher\":{\"@id\":\"https:\/\/eurlhosnakamel.dz\/dz\/#organization\"},\"potentialAction\":[{\"@type\":\"SearchAction\",\"target\":{\"@type\":\"EntryPoint\",\"urlTemplate\":\"https:\/\/eurlhosnakamel.dz\/dz\/?s={search_term_string}\"},\"query-input\":\"required name=search_term_string\"}],\"inLanguage\":\"fr-FR\"},{\"@type\":\"Organization\",\"@id\":\"https:\/\/eurlhosnakamel.dz\/dz\/#organization\",\"name\":\"EURL HOSNA KAMEL - Bosch alg\u00e9rie\",\"url\":\"https:\/\/eurlhosnakamel.dz\/dz\/\",\"logo\":{\"@type\":\"ImageObject\",\"inLanguage\":\"fr-FR\",\"@id\":\"https:\/\/eurlhosnakamel.dz\/dz\/#\/schema\/logo\/image\/\",\"url\":\"https:\/\/eurlhosnakamel.dz\/wp-content\/uploads\/2020\/04\/LOGO-HOSNA1.png\",\"contentUrl\":\"https:\/\/eurlhosnakamel.dz\/wp-content\/uploads\/2020\/04\/LOGO-HOSNA1.png\",\"width\":120,\"height\":127,\"caption\":\"EURL HOSNA KAMEL - Bosch alg\u00e9rie\"},\"image\":{\"@id\":\"https:\/\/eurlhosnakamel.dz\/dz\/#\/schema\/logo\/image\/\"},\"sameAs\":[\"https:\/\/www.facebook.com\/Eurl.Hosna.DZ\/\"]}]}<\/script>\n<!-- \/ Yoast SEO plugin. -->","yoast_head_json":{"title":"WORCRAFT POSTE A SOUDER PORT MMA 160 - EURL HOSNA KAMEL","description":"WORCRAFT POSTE A SOUDER PORT MMA 160 - EURL HOSNA KAMEL","robots":{"index":"index","follow":"follow","max-snippet":"max-snippet:-1","max-image-preview":"max-image-preview:large","max-video-preview":"max-video-preview:-1"},"canonical":"https:\/\/eurlhosnakamel.dz\/dz\/produit\/worcraft-poste-a-souder-port-mma-160\/","og_locale":"fr_FR","og_type":"article","og_title":"WORCRAFT POSTE A SOUDER PORT MMA 160 - EURL HOSNA KAMEL","og_description":"WORCRAFT POSTE A SOUDER PORT MMA 160 - EURL HOSNA KAMEL","og_url":"https:\/\/eurlhosnakamel.dz\/dz\/produit\/worcraft-poste-a-souder-port-mma-160\/","og_site_name":"EURL HOSNA KAMEL","article_publisher":"https:\/\/www.facebook.com\/Eurl.Hosna.DZ\/","article_modified_time":"2020-04-22T10:46:49+00:00","og_image":[{"width":512,"height":512,"url":"https:\/\/eurlhosnakamel.dz\/dz\/wp-content\/uploads\/2020\/04\/WORCRAFT-POSTE-A-SOUDER-PORT-MMA-160-eurl-hosna-kamel-algerie.jpg","type":"image\/jpeg"}],"twitter_card":"summary_large_image","schema":{"@context":"https:\/\/schema.org","@graph":[{"@type":"WebPage","@id":"https:\/\/eurlhosnakamel.dz\/dz\/produit\/worcraft-poste-a-souder-port-mma-160\/","url":"https:\/\/eurlhosnakamel.dz\/dz\/produit\/worcraft-poste-a-souder-port-mma-160\/","name":"WORCRAFT POSTE A SOUDER PORT MMA 160 - EURL HOSNA KAMEL","isPartOf":{"@id":"https:\/\/eurlhosnakamel.dz\/dz\/#website"},"primaryImageOfPage":{"@id":"https:\/\/eurlhosnakamel.dz\/dz\/produit\/worcraft-poste-a-souder-port-mma-160\/#primaryimage"},"image":{"@id":"https:\/\/eurlhosnakamel.dz\/dz\/produit\/worcraft-poste-a-souder-port-mma-160\/#primaryimage"},"thumbnailUrl":"https:\/\/eurlhosnakamel.dz\/dz\/wp-content\/uploads\/2020\/04\/WORCRAFT-POSTE-A-SOUDER-PORT-MMA-160-eurl-hosna-kamel-algerie.jpg","datePublished":"2020-04-22T10:44:30+00:00","dateModified":"2020-04-22T10:46:49+00:00","description":"WORCRAFT POSTE A SOUDER PORT MMA 160 - EURL HOSNA KAMEL","breadcrumb":{"@id":"https:\/\/eurlhosnakamel.dz\/dz\/produit\/worcraft-poste-a-souder-port-mma-160\/#breadcrumb"},"inLanguage":"fr-FR","potentialAction":[{"@type":"ReadAction","target":["https:\/\/eurlhosnakamel.dz\/dz\/produit\/worcraft-poste-a-souder-port-mma-160\/"]}]},{"@type":"ImageObject","inLanguage":"fr-FR","@id":"https:\/\/eurlhosnakamel.dz\/dz\/produit\/worcraft-poste-a-souder-port-mma-160\/#primaryimage","url":"https:\/\/eurlhosnakamel.dz\/dz\/wp-content\/uploads\/2020\/04\/WORCRAFT-POSTE-A-SOUDER-PORT-MMA-160-eurl-hosna-kamel-algerie.jpg","contentUrl":"https:\/\/eurlhosnakamel.dz\/dz\/wp-content\/uploads\/2020\/04\/WORCRAFT-POSTE-A-SOUDER-PORT-MMA-160-eurl-hosna-kamel-algerie.jpg","width":512,"height":512},{"@type":"BreadcrumbList","@id":"https:\/\/eurlhosnakamel.dz\/dz\/produit\/worcraft-poste-a-souder-port-mma-160\/#breadcrumb","itemListElement":[{"@type":"ListItem","position":1,"name":"Accueil","item":"https:\/\/eurlhosnakamel.dz\/dz\/"},{"@type":"ListItem","position":2,"name":"Shop","item":"https:\/\/eurlhosnakamel.dz\/dz\/shop\/"},{"@type":"ListItem","position":3,"name":"WORCRAFT POSTE A SOUDER PORT MMA 160"}]},{"@type":"WebSite","@id":"https:\/\/eurlhosnakamel.dz\/dz\/#website","url":"https:\/\/eurlhosnakamel.dz\/dz\/","name":"EURL HOSNA KAMEL","description":"Fournisseur Premium d&#039;Outillages Professionnels en Alg\u00e9rie -","publisher":{"@id":"https:\/\/eurlhosnakamel.dz\/dz\/#organization"},"potentialAction":[{"@type":"SearchAction","target":{"@type":"EntryPoint","urlTemplate":"https:\/\/eurlhosnakamel.dz\/dz\/?s={search_term_string}"},"query-input":"required name=search_term_string"}],"inLanguage":"fr-FR"},{"@type":"Organization","@id":"https:\/\/eurlhosnakamel.dz\/dz\/#organization","name":"EURL HOSNA KAMEL - Bosch alg\u00e9rie","url":"https:\/\/eurlhosnakamel.dz\/dz\/","logo":{"@type":"ImageObject","inLanguage":"fr-FR","@id":"https:\/\/eurlhosnakamel.dz\/dz\/#\/schema\/logo\/image\/","url":"https:\/\/eurlhosnakamel.dz\/wp-content\/uploads\/2020\/04\/LOGO-HOSNA1.png","contentUrl":"https:\/\/eurlhosnakamel.dz\/wp-content\/uploads\/2020\/04\/LOGO-HOSNA1.png","width":120,"height":127,"caption":"EURL HOSNA KAMEL - Bosch alg\u00e9rie"},"image":{"@id":"https:\/\/eurlhosnakamel.dz\/dz\/#\/schema\/logo\/image\/"},"sameAs":["https:\/\/www.facebook.com\/Eurl.Hosna.DZ\/"]}]}},"_links":{"self":[{"href":"https:\/\/eurlhosnakamel.dz\/dz\/wp-json\/wp\/v2\/product\/7735","targetHints":{"allow":["GET"]}}],"collection":[{"href":"https:\/\/eurlhosnakamel.dz\/dz\/wp-json\/wp\/v2\/product"}],"about":[{"href":"https:\/\/eurlhosnakamel.dz\/dz\/wp-json\/wp\/v2\/types\/product"}],"wp:featuredmedia":[{"embeddable":true,"href":"https:\/\/eurlhosnakamel.dz\/dz\/wp-json\/wp\/v2\/media\/7737"}],"wp:attachment":[{"href":"https:\/\/eurlhosnakamel.dz\/dz\/wp-json\/wp\/v2\/media?parent=7735"}],"wp:term":[{"taxonomy":"product_cat","embeddable":true,"href":"https:\/\/eurlhosnakamel.dz\/dz\/wp-json\/wp\/v2\/product_cat?post=7735"},{"taxonomy":"product_tag","embeddable":true,"href":"https:\/\/eurlhosnakamel.dz\/dz\/wp-json\/wp\/v2\/product_tag?post=7735"}],"curies":[{"name":"wp","href":"https:\/\/api.w.org\/{rel}","templated":true}]}}