{"id":7751,"date":"2020-04-22T11:03:06","date_gmt":"2020-04-22T11:03:06","guid":{"rendered":"https:\/\/lhchosting.com\/hosna\/?post_type=product&#038;p=7751"},"modified":"2020-04-22T11:04:34","modified_gmt":"2020-04-22T11:04:34","slug":"worcraft-compresseur-50-lt","status":"publish","type":"product","link":"https:\/\/eurlhosnakamel.dz\/dz\/produit\/worcraft-compresseur-50-lt\/","title":{"rendered":"WORCRAFT COMPRESSEUR 50 LT"},"content":{"rendered":"<table border=\"0\" cellspacing=\"1\" cellpadding=\"1\">\n<tbody>\n<tr>\n<td><span>sp\u00e9cification<\/span><\/td>\n<td><span>AC02-24<\/span><\/td>\n<\/tr>\n<tr>\n<td><span>Tension<\/span><\/td>\n<td><span>110-240V \/ 50-60Hz<\/span><\/td>\n<\/tr>\n<tr>\n<td><span>La puissance d&#8217;entr\u00e9e<\/span><\/td>\n<td><span>1.5KW (2HP)<\/span><\/td>\n<\/tr>\n<tr>\n<td><span>Pas de vitesse de chargement<\/span><\/td>\n<td><span>2850rpm<\/span><\/td>\n<\/tr>\n<tr>\n<td><span>Pression de l&#8217;air<\/span><\/td>\n<td><span>8bar (116pai)<\/span><\/td>\n<\/tr>\n<tr>\n<td><span>D\u00e9placement<\/span><\/td>\n<td><span>206L \/ min<\/span><\/td>\n<\/tr>\n<tr>\n<td><span>Volume du r\u00e9servoir<\/span><\/td>\n<td><span>24L<\/span><\/td>\n<\/tr>\n<tr>\n<td><span>Informations d&#8217;emballage<\/span><\/td>\n<td><\/td>\n<\/tr>\n<tr>\n<td><span>Type d&#8217;emballage<\/span><\/td>\n<td><span>Bo\u00eete en carton<\/span><\/td>\n<\/tr>\n<tr>\n<td><span>Qt\u00e9 \/ carton principal<\/span><\/td>\n<td><span>1 PCS<\/span><\/td>\n<\/tr>\n<tr>\n<td><span>FCL 20\u00b9ft \/ 40\u00b9ft<\/span><\/td>\n<td><span>230 \/ 600pcs<\/span><\/td>\n<\/tr>\n<\/tbody>\n<\/table>\n","protected":false},"excerpt":{"rendered":"<div class=\"goods-info\">\n<div class=\"goods-info\">\n<div class=\"goods-info\">\n<h4 class=\"canshu\">Sp\u00e9cifications AC02-24 Tension 110-240V \/ 50-60Hz Puissance d&#8217;entr\u00e9e 1,5KW (2HP) Vitesse \u00e0 vide 2850rpm Pression d&#8217;air 8bar (116pai) D\u00e9placement 206L \/ min Volume du r\u00e9servoir 24L Informations d&#8217;emballage Type d&#8217;emballage Bo\u00eete en carton Qt\u00e9 \/ carton principal 1pcs 20ft \/ 40ft FCL<\/h4>\n<\/div>\n<\/div>\n<\/div>\n","protected":false},"featured_media":7753,"template":"","meta":[],"product_cat":[29],"product_tag":[1651],"class_list":{"0":"post-7751","1":"product","2":"type-product","3":"status-publish","4":"has-post-thumbnail","6":"product_cat-quincaillerie","7":"product_tag-worcraft-compresseur-50-lt","8":"product_brand-worcraft-power-tools","10":"first","11":"instock","12":"shipping-taxable","13":"product-type-simple","14":"col-xs-6 col-sm-4","15":"col-md-3 col-lg-3","16":"un-4-cols"},"yoast_head":"<!-- This site is optimized with the Yoast SEO plugin v22.5 - https:\/\/yoast.com\/wordpress\/plugins\/seo\/ -->\n<title>WORCRAFT COMPRESSEUR 50 LT - EURL HOSNA KAMEL<\/title>\n<meta name=\"description\" content=\"WORCRAFT COMPRESSEUR 50 LT - EURL HOSNA KAMEL\" \/>\n<meta name=\"robots\" content=\"index, follow, max-snippet:-1, max-image-preview:large, max-video-preview:-1\" \/>\n<link rel=\"canonical\" href=\"https:\/\/eurlhosnakamel.dz\/dz\/produit\/worcraft-compresseur-50-lt\/\" \/>\n<meta property=\"og:locale\" content=\"fr_FR\" \/>\n<meta property=\"og:type\" content=\"article\" \/>\n<meta property=\"og:title\" content=\"WORCRAFT COMPRESSEUR 50 LT - EURL HOSNA KAMEL\" \/>\n<meta property=\"og:description\" content=\"WORCRAFT COMPRESSEUR 50 LT - EURL HOSNA KAMEL\" \/>\n<meta property=\"og:url\" content=\"https:\/\/eurlhosnakamel.dz\/dz\/produit\/worcraft-compresseur-50-lt\/\" \/>\n<meta property=\"og:site_name\" content=\"EURL HOSNA KAMEL\" \/>\n<meta property=\"article:publisher\" content=\"https:\/\/www.facebook.com\/Eurl.Hosna.DZ\/\" \/>\n<meta property=\"article:modified_time\" content=\"2020-04-22T11:04:34+00:00\" \/>\n<meta property=\"og:image\" content=\"https:\/\/eurlhosnakamel.dz\/dz\/wp-content\/uploads\/2020\/04\/WORCRAFT-COMPRESSEUR-50LT-100-eurl-hosna-kamel-algerie.jpg\" \/>\n\t<meta property=\"og:image:width\" content=\"512\" \/>\n\t<meta property=\"og:image:height\" content=\"512\" \/>\n\t<meta property=\"og:image:type\" content=\"image\/jpeg\" \/>\n<meta name=\"twitter:card\" content=\"summary_large_image\" \/>\n<script type=\"application\/ld+json\" class=\"yoast-schema-graph\">{\"@context\":\"https:\/\/schema.org\",\"@graph\":[{\"@type\":\"WebPage\",\"@id\":\"https:\/\/eurlhosnakamel.dz\/dz\/produit\/worcraft-compresseur-50-lt\/\",\"url\":\"https:\/\/eurlhosnakamel.dz\/dz\/produit\/worcraft-compresseur-50-lt\/\",\"name\":\"WORCRAFT COMPRESSEUR 50 LT - EURL HOSNA KAMEL\",\"isPartOf\":{\"@id\":\"https:\/\/eurlhosnakamel.dz\/dz\/#website\"},\"primaryImageOfPage\":{\"@id\":\"https:\/\/eurlhosnakamel.dz\/dz\/produit\/worcraft-compresseur-50-lt\/#primaryimage\"},\"image\":{\"@id\":\"https:\/\/eurlhosnakamel.dz\/dz\/produit\/worcraft-compresseur-50-lt\/#primaryimage\"},\"thumbnailUrl\":\"https:\/\/eurlhosnakamel.dz\/dz\/wp-content\/uploads\/2020\/04\/WORCRAFT-COMPRESSEUR-50LT-100-eurl-hosna-kamel-algerie.jpg\",\"datePublished\":\"2020-04-22T11:03:06+00:00\",\"dateModified\":\"2020-04-22T11:04:34+00:00\",\"description\":\"WORCRAFT COMPRESSEUR 50 LT - EURL HOSNA KAMEL\",\"breadcrumb\":{\"@id\":\"https:\/\/eurlhosnakamel.dz\/dz\/produit\/worcraft-compresseur-50-lt\/#breadcrumb\"},\"inLanguage\":\"fr-FR\",\"potentialAction\":[{\"@type\":\"ReadAction\",\"target\":[\"https:\/\/eurlhosnakamel.dz\/dz\/produit\/worcraft-compresseur-50-lt\/\"]}]},{\"@type\":\"ImageObject\",\"inLanguage\":\"fr-FR\",\"@id\":\"https:\/\/eurlhosnakamel.dz\/dz\/produit\/worcraft-compresseur-50-lt\/#primaryimage\",\"url\":\"https:\/\/eurlhosnakamel.dz\/dz\/wp-content\/uploads\/2020\/04\/WORCRAFT-COMPRESSEUR-50LT-100-eurl-hosna-kamel-algerie.jpg\",\"contentUrl\":\"https:\/\/eurlhosnakamel.dz\/dz\/wp-content\/uploads\/2020\/04\/WORCRAFT-COMPRESSEUR-50LT-100-eurl-hosna-kamel-algerie.jpg\",\"width\":512,\"height\":512},{\"@type\":\"BreadcrumbList\",\"@id\":\"https:\/\/eurlhosnakamel.dz\/dz\/produit\/worcraft-compresseur-50-lt\/#breadcrumb\",\"itemListElement\":[{\"@type\":\"ListItem\",\"position\":1,\"name\":\"Accueil\",\"item\":\"https:\/\/eurlhosnakamel.dz\/dz\/\"},{\"@type\":\"ListItem\",\"position\":2,\"name\":\"Shop\",\"item\":\"https:\/\/eurlhosnakamel.dz\/dz\/shop\/\"},{\"@type\":\"ListItem\",\"position\":3,\"name\":\"WORCRAFT COMPRESSEUR 50 LT\"}]},{\"@type\":\"WebSite\",\"@id\":\"https:\/\/eurlhosnakamel.dz\/dz\/#website\",\"url\":\"https:\/\/eurlhosnakamel.dz\/dz\/\",\"name\":\"EURL HOSNA KAMEL\",\"description\":\"Fournisseur Premium d&#039;Outillages Professionnels en Alg\u00e9rie -\",\"publisher\":{\"@id\":\"https:\/\/eurlhosnakamel.dz\/dz\/#organization\"},\"potentialAction\":[{\"@type\":\"SearchAction\",\"target\":{\"@type\":\"EntryPoint\",\"urlTemplate\":\"https:\/\/eurlhosnakamel.dz\/dz\/?s={search_term_string}\"},\"query-input\":\"required name=search_term_string\"}],\"inLanguage\":\"fr-FR\"},{\"@type\":\"Organization\",\"@id\":\"https:\/\/eurlhosnakamel.dz\/dz\/#organization\",\"name\":\"EURL HOSNA KAMEL - Bosch alg\u00e9rie\",\"url\":\"https:\/\/eurlhosnakamel.dz\/dz\/\",\"logo\":{\"@type\":\"ImageObject\",\"inLanguage\":\"fr-FR\",\"@id\":\"https:\/\/eurlhosnakamel.dz\/dz\/#\/schema\/logo\/image\/\",\"url\":\"https:\/\/eurlhosnakamel.dz\/wp-content\/uploads\/2020\/04\/LOGO-HOSNA1.png\",\"contentUrl\":\"https:\/\/eurlhosnakamel.dz\/wp-content\/uploads\/2020\/04\/LOGO-HOSNA1.png\",\"width\":120,\"height\":127,\"caption\":\"EURL HOSNA KAMEL - Bosch alg\u00e9rie\"},\"image\":{\"@id\":\"https:\/\/eurlhosnakamel.dz\/dz\/#\/schema\/logo\/image\/\"},\"sameAs\":[\"https:\/\/www.facebook.com\/Eurl.Hosna.DZ\/\"]}]}<\/script>\n<!-- \/ Yoast SEO plugin. -->","yoast_head_json":{"title":"WORCRAFT COMPRESSEUR 50 LT - EURL HOSNA KAMEL","description":"WORCRAFT COMPRESSEUR 50 LT - EURL HOSNA KAMEL","robots":{"index":"index","follow":"follow","max-snippet":"max-snippet:-1","max-image-preview":"max-image-preview:large","max-video-preview":"max-video-preview:-1"},"canonical":"https:\/\/eurlhosnakamel.dz\/dz\/produit\/worcraft-compresseur-50-lt\/","og_locale":"fr_FR","og_type":"article","og_title":"WORCRAFT COMPRESSEUR 50 LT - EURL HOSNA KAMEL","og_description":"WORCRAFT COMPRESSEUR 50 LT - EURL HOSNA KAMEL","og_url":"https:\/\/eurlhosnakamel.dz\/dz\/produit\/worcraft-compresseur-50-lt\/","og_site_name":"EURL HOSNA KAMEL","article_publisher":"https:\/\/www.facebook.com\/Eurl.Hosna.DZ\/","article_modified_time":"2020-04-22T11:04:34+00:00","og_image":[{"width":512,"height":512,"url":"https:\/\/eurlhosnakamel.dz\/dz\/wp-content\/uploads\/2020\/04\/WORCRAFT-COMPRESSEUR-50LT-100-eurl-hosna-kamel-algerie.jpg","type":"image\/jpeg"}],"twitter_card":"summary_large_image","schema":{"@context":"https:\/\/schema.org","@graph":[{"@type":"WebPage","@id":"https:\/\/eurlhosnakamel.dz\/dz\/produit\/worcraft-compresseur-50-lt\/","url":"https:\/\/eurlhosnakamel.dz\/dz\/produit\/worcraft-compresseur-50-lt\/","name":"WORCRAFT COMPRESSEUR 50 LT - EURL HOSNA KAMEL","isPartOf":{"@id":"https:\/\/eurlhosnakamel.dz\/dz\/#website"},"primaryImageOfPage":{"@id":"https:\/\/eurlhosnakamel.dz\/dz\/produit\/worcraft-compresseur-50-lt\/#primaryimage"},"image":{"@id":"https:\/\/eurlhosnakamel.dz\/dz\/produit\/worcraft-compresseur-50-lt\/#primaryimage"},"thumbnailUrl":"https:\/\/eurlhosnakamel.dz\/dz\/wp-content\/uploads\/2020\/04\/WORCRAFT-COMPRESSEUR-50LT-100-eurl-hosna-kamel-algerie.jpg","datePublished":"2020-04-22T11:03:06+00:00","dateModified":"2020-04-22T11:04:34+00:00","description":"WORCRAFT COMPRESSEUR 50 LT - EURL HOSNA KAMEL","breadcrumb":{"@id":"https:\/\/eurlhosnakamel.dz\/dz\/produit\/worcraft-compresseur-50-lt\/#breadcrumb"},"inLanguage":"fr-FR","potentialAction":[{"@type":"ReadAction","target":["https:\/\/eurlhosnakamel.dz\/dz\/produit\/worcraft-compresseur-50-lt\/"]}]},{"@type":"ImageObject","inLanguage":"fr-FR","@id":"https:\/\/eurlhosnakamel.dz\/dz\/produit\/worcraft-compresseur-50-lt\/#primaryimage","url":"https:\/\/eurlhosnakamel.dz\/dz\/wp-content\/uploads\/2020\/04\/WORCRAFT-COMPRESSEUR-50LT-100-eurl-hosna-kamel-algerie.jpg","contentUrl":"https:\/\/eurlhosnakamel.dz\/dz\/wp-content\/uploads\/2020\/04\/WORCRAFT-COMPRESSEUR-50LT-100-eurl-hosna-kamel-algerie.jpg","width":512,"height":512},{"@type":"BreadcrumbList","@id":"https:\/\/eurlhosnakamel.dz\/dz\/produit\/worcraft-compresseur-50-lt\/#breadcrumb","itemListElement":[{"@type":"ListItem","position":1,"name":"Accueil","item":"https:\/\/eurlhosnakamel.dz\/dz\/"},{"@type":"ListItem","position":2,"name":"Shop","item":"https:\/\/eurlhosnakamel.dz\/dz\/shop\/"},{"@type":"ListItem","position":3,"name":"WORCRAFT COMPRESSEUR 50 LT"}]},{"@type":"WebSite","@id":"https:\/\/eurlhosnakamel.dz\/dz\/#website","url":"https:\/\/eurlhosnakamel.dz\/dz\/","name":"EURL HOSNA KAMEL","description":"Fournisseur Premium d&#039;Outillages Professionnels en Alg\u00e9rie -","publisher":{"@id":"https:\/\/eurlhosnakamel.dz\/dz\/#organization"},"potentialAction":[{"@type":"SearchAction","target":{"@type":"EntryPoint","urlTemplate":"https:\/\/eurlhosnakamel.dz\/dz\/?s={search_term_string}"},"query-input":"required name=search_term_string"}],"inLanguage":"fr-FR"},{"@type":"Organization","@id":"https:\/\/eurlhosnakamel.dz\/dz\/#organization","name":"EURL HOSNA KAMEL - Bosch alg\u00e9rie","url":"https:\/\/eurlhosnakamel.dz\/dz\/","logo":{"@type":"ImageObject","inLanguage":"fr-FR","@id":"https:\/\/eurlhosnakamel.dz\/dz\/#\/schema\/logo\/image\/","url":"https:\/\/eurlhosnakamel.dz\/wp-content\/uploads\/2020\/04\/LOGO-HOSNA1.png","contentUrl":"https:\/\/eurlhosnakamel.dz\/wp-content\/uploads\/2020\/04\/LOGO-HOSNA1.png","width":120,"height":127,"caption":"EURL HOSNA KAMEL - Bosch alg\u00e9rie"},"image":{"@id":"https:\/\/eurlhosnakamel.dz\/dz\/#\/schema\/logo\/image\/"},"sameAs":["https:\/\/www.facebook.com\/Eurl.Hosna.DZ\/"]}]}},"_links":{"self":[{"href":"https:\/\/eurlhosnakamel.dz\/dz\/wp-json\/wp\/v2\/product\/7751","targetHints":{"allow":["GET"]}}],"collection":[{"href":"https:\/\/eurlhosnakamel.dz\/dz\/wp-json\/wp\/v2\/product"}],"about":[{"href":"https:\/\/eurlhosnakamel.dz\/dz\/wp-json\/wp\/v2\/types\/product"}],"wp:featuredmedia":[{"embeddable":true,"href":"https:\/\/eurlhosnakamel.dz\/dz\/wp-json\/wp\/v2\/media\/7753"}],"wp:attachment":[{"href":"https:\/\/eurlhosnakamel.dz\/dz\/wp-json\/wp\/v2\/media?parent=7751"}],"wp:term":[{"taxonomy":"product_cat","embeddable":true,"href":"https:\/\/eurlhosnakamel.dz\/dz\/wp-json\/wp\/v2\/product_cat?post=7751"},{"taxonomy":"product_tag","embeddable":true,"href":"https:\/\/eurlhosnakamel.dz\/dz\/wp-json\/wp\/v2\/product_tag?post=7751"}],"curies":[{"name":"wp","href":"https:\/\/api.w.org\/{rel}","templated":true}]}}