{"id":7759,"date":"2020-04-22T11:30:14","date_gmt":"2020-04-22T11:30:14","guid":{"rendered":"https:\/\/lhchosting.com\/hosna\/?post_type=product&#038;p=7759"},"modified":"2020-04-22T11:38:43","modified_gmt":"2020-04-22T11:38:43","slug":"ridgid-machine-a-fileter-2-300-compacte-50697","status":"publish","type":"product","link":"https:\/\/eurlhosnakamel.dz\/dz\/produit\/ridgid-machine-a-fileter-2-300-compacte-50697\/","title":{"rendered":"RIDGID MACHINE A FILETER 2&#8243; 300 COMPACTE 50697"},"content":{"rendered":"<h4>Caract\u00e9ristiques<\/h4>\n<table class=\"alternate odd\">\n<tbody>\n<tr>\n<td>Capacit\u00e9 de tuyau<\/td>\n<td>3\u00a0mm \u00e0 50\u00a0mm (1\/8\u00a0po \u00e0 2\u00a0po).<\/td>\n<\/tr>\n<tr>\n<td>Capacit\u00e9 de boulon<\/td>\n<td>6\u00a0mm \u00e0 50\u00a0mm (1\/4\u00a0po \u00e0 2\u00a0po).<\/td>\n<\/tr>\n<tr>\n<td>Commande moteur<\/td>\n<td>Interrupteur \u00e0 p\u00e9dale int\u00e9gr\u00e9 robuste rotatif avant\/arr\u00eat\/arri\u00e8re<\/td>\n<\/tr>\n<tr>\n<td>Mandrin<\/td>\n<td>Type \u00e0 chocs avec jeux de mors interchangeables.<\/td>\n<\/tr>\n<tr>\n<td>Syst\u00e8me de lubrification<\/td>\n<td>Par la t\u00eate, avec r\u00e9servoir d&#8217;huile int\u00e9gr\u00e9 dot\u00e9 d&#8217;une pompe \u00e0 rotor \u00e0 amor\u00e7age automatique et d\u00e9bit constant.<\/td>\n<\/tr>\n<\/tbody>\n<\/table>\n<p><iframe src=\"https:\/\/www.youtube.com\/embed\/6T701WZZr4k\" width=\"600\" height=\"338\" frameborder=\"0\" allowfullscreen=\"allowfullscreen\"><span data-mce-type=\"bookmark\" style=\"display: inline-block; width: 0px; overflow: hidden; line-height: 0;\" class=\"mce_SELRES_start\">\ufeff<\/span><\/iframe><\/p>\n","protected":false},"excerpt":{"rendered":"<div class=\"goods-info\">\n<div class=\"goods-info\">\n<div class=\"goods-info\">\n<ul class=\"bullet\">\n<li><strong>Performances \u00e9prouv\u00e9es pour usage intensif.<\/strong><\/li>\n<li><strong>Mod\u00e8le l\u00e9ger et portatif.<\/strong><\/li>\n<li><strong>Transport et installation rapides.<\/strong><\/li>\n<li><strong>Syst\u00e8me d&#8217;huile autonome avec commande de d\u00e9bit r\u00e9glable.<\/strong><\/li>\n<li><strong>Souplesse de filetage et de rainurage.<\/strong><\/li>\n<li><strong>Fonctionnement silencieux.<\/strong><\/li>\n<\/ul>\n<\/div>\n<\/div>\n<\/div>\n","protected":false},"featured_media":7761,"template":"","meta":[],"product_cat":[407],"product_tag":[1655],"class_list":{"0":"post-7759","1":"product","2":"type-product","3":"status-publish","4":"has-post-thumbnail","6":"product_cat-plomberie","7":"product_tag-ridgid-machine-a-fileter-2-300-compacte-50697","8":"product_brand-ridgid","10":"first","11":"instock","12":"shipping-taxable","13":"product-type-simple","14":"col-xs-6 col-sm-4","15":"col-md-3 col-lg-3","16":"un-4-cols"},"yoast_head":"<!-- This site is optimized with the Yoast SEO plugin v22.5 - https:\/\/yoast.com\/wordpress\/plugins\/seo\/ -->\n<title>RIDGID MACHINE A FILETER 2&quot; 300 COMPACTE 50697 - EURL HOSNA KAMEL<\/title>\n<meta name=\"description\" content=\"RIDGID MACHINE A FILETER 2&quot; 300 COMPACTE 50697 - EURL HOSNA KAMEL\" \/>\n<meta name=\"robots\" content=\"index, follow, max-snippet:-1, max-image-preview:large, max-video-preview:-1\" \/>\n<link rel=\"canonical\" href=\"https:\/\/eurlhosnakamel.dz\/dz\/produit\/ridgid-machine-a-fileter-2-300-compacte-50697\/\" \/>\n<meta property=\"og:locale\" content=\"fr_FR\" \/>\n<meta property=\"og:type\" content=\"article\" \/>\n<meta property=\"og:title\" content=\"RIDGID MACHINE A FILETER 2&quot; 300 COMPACTE 50697 - EURL HOSNA KAMEL\" \/>\n<meta property=\"og:description\" content=\"RIDGID MACHINE A FILETER 2&quot; 300 COMPACTE 50697 - EURL HOSNA KAMEL\" \/>\n<meta property=\"og:url\" content=\"https:\/\/eurlhosnakamel.dz\/dz\/produit\/ridgid-machine-a-fileter-2-300-compacte-50697\/\" \/>\n<meta property=\"og:site_name\" content=\"EURL HOSNA KAMEL\" \/>\n<meta property=\"article:publisher\" content=\"https:\/\/www.facebook.com\/Eurl.Hosna.DZ\/\" \/>\n<meta property=\"article:modified_time\" content=\"2020-04-22T11:38:43+00:00\" \/>\n<meta property=\"og:image\" content=\"https:\/\/eurlhosnakamel.dz\/dz\/wp-content\/uploads\/2020\/04\/RIDGID-MACHINE-A-FILETER-2-300-COMP-50697-eurl-hosna-kamel-algerie.jpg\" \/>\n\t<meta property=\"og:image:width\" content=\"512\" \/>\n\t<meta property=\"og:image:height\" content=\"512\" \/>\n\t<meta property=\"og:image:type\" content=\"image\/jpeg\" \/>\n<meta name=\"twitter:card\" content=\"summary_large_image\" \/>\n<script type=\"application\/ld+json\" class=\"yoast-schema-graph\">{\"@context\":\"https:\/\/schema.org\",\"@graph\":[{\"@type\":\"WebPage\",\"@id\":\"https:\/\/eurlhosnakamel.dz\/dz\/produit\/ridgid-machine-a-fileter-2-300-compacte-50697\/\",\"url\":\"https:\/\/eurlhosnakamel.dz\/dz\/produit\/ridgid-machine-a-fileter-2-300-compacte-50697\/\",\"name\":\"RIDGID MACHINE A FILETER 2\\\" 300 COMPACTE 50697 - EURL HOSNA KAMEL\",\"isPartOf\":{\"@id\":\"https:\/\/eurlhosnakamel.dz\/dz\/#website\"},\"primaryImageOfPage\":{\"@id\":\"https:\/\/eurlhosnakamel.dz\/dz\/produit\/ridgid-machine-a-fileter-2-300-compacte-50697\/#primaryimage\"},\"image\":{\"@id\":\"https:\/\/eurlhosnakamel.dz\/dz\/produit\/ridgid-machine-a-fileter-2-300-compacte-50697\/#primaryimage\"},\"thumbnailUrl\":\"https:\/\/eurlhosnakamel.dz\/dz\/wp-content\/uploads\/2020\/04\/RIDGID-MACHINE-A-FILETER-2-300-COMP-50697-eurl-hosna-kamel-algerie.jpg\",\"datePublished\":\"2020-04-22T11:30:14+00:00\",\"dateModified\":\"2020-04-22T11:38:43+00:00\",\"description\":\"RIDGID MACHINE A FILETER 2\\\" 300 COMPACTE 50697 - EURL HOSNA KAMEL\",\"breadcrumb\":{\"@id\":\"https:\/\/eurlhosnakamel.dz\/dz\/produit\/ridgid-machine-a-fileter-2-300-compacte-50697\/#breadcrumb\"},\"inLanguage\":\"fr-FR\",\"potentialAction\":[{\"@type\":\"ReadAction\",\"target\":[\"https:\/\/eurlhosnakamel.dz\/dz\/produit\/ridgid-machine-a-fileter-2-300-compacte-50697\/\"]}]},{\"@type\":\"ImageObject\",\"inLanguage\":\"fr-FR\",\"@id\":\"https:\/\/eurlhosnakamel.dz\/dz\/produit\/ridgid-machine-a-fileter-2-300-compacte-50697\/#primaryimage\",\"url\":\"https:\/\/eurlhosnakamel.dz\/dz\/wp-content\/uploads\/2020\/04\/RIDGID-MACHINE-A-FILETER-2-300-COMP-50697-eurl-hosna-kamel-algerie.jpg\",\"contentUrl\":\"https:\/\/eurlhosnakamel.dz\/dz\/wp-content\/uploads\/2020\/04\/RIDGID-MACHINE-A-FILETER-2-300-COMP-50697-eurl-hosna-kamel-algerie.jpg\",\"width\":512,\"height\":512},{\"@type\":\"BreadcrumbList\",\"@id\":\"https:\/\/eurlhosnakamel.dz\/dz\/produit\/ridgid-machine-a-fileter-2-300-compacte-50697\/#breadcrumb\",\"itemListElement\":[{\"@type\":\"ListItem\",\"position\":1,\"name\":\"Accueil\",\"item\":\"https:\/\/eurlhosnakamel.dz\/dz\/\"},{\"@type\":\"ListItem\",\"position\":2,\"name\":\"Shop\",\"item\":\"https:\/\/eurlhosnakamel.dz\/dz\/shop\/\"},{\"@type\":\"ListItem\",\"position\":3,\"name\":\"RIDGID MACHINE A FILETER 2&#8243; 300 COMPACTE 50697\"}]},{\"@type\":\"WebSite\",\"@id\":\"https:\/\/eurlhosnakamel.dz\/dz\/#website\",\"url\":\"https:\/\/eurlhosnakamel.dz\/dz\/\",\"name\":\"EURL HOSNA KAMEL\",\"description\":\"Fournisseur Premium d&#039;Outillages Professionnels en Alg\u00e9rie -\",\"publisher\":{\"@id\":\"https:\/\/eurlhosnakamel.dz\/dz\/#organization\"},\"potentialAction\":[{\"@type\":\"SearchAction\",\"target\":{\"@type\":\"EntryPoint\",\"urlTemplate\":\"https:\/\/eurlhosnakamel.dz\/dz\/?s={search_term_string}\"},\"query-input\":\"required name=search_term_string\"}],\"inLanguage\":\"fr-FR\"},{\"@type\":\"Organization\",\"@id\":\"https:\/\/eurlhosnakamel.dz\/dz\/#organization\",\"name\":\"EURL HOSNA KAMEL - Bosch alg\u00e9rie\",\"url\":\"https:\/\/eurlhosnakamel.dz\/dz\/\",\"logo\":{\"@type\":\"ImageObject\",\"inLanguage\":\"fr-FR\",\"@id\":\"https:\/\/eurlhosnakamel.dz\/dz\/#\/schema\/logo\/image\/\",\"url\":\"https:\/\/eurlhosnakamel.dz\/wp-content\/uploads\/2020\/04\/LOGO-HOSNA1.png\",\"contentUrl\":\"https:\/\/eurlhosnakamel.dz\/wp-content\/uploads\/2020\/04\/LOGO-HOSNA1.png\",\"width\":120,\"height\":127,\"caption\":\"EURL HOSNA KAMEL - Bosch alg\u00e9rie\"},\"image\":{\"@id\":\"https:\/\/eurlhosnakamel.dz\/dz\/#\/schema\/logo\/image\/\"},\"sameAs\":[\"https:\/\/www.facebook.com\/Eurl.Hosna.DZ\/\"]}]}<\/script>\n<!-- \/ Yoast SEO plugin. -->","yoast_head_json":{"title":"RIDGID MACHINE A FILETER 2\" 300 COMPACTE 50697 - EURL HOSNA KAMEL","description":"RIDGID MACHINE A FILETER 2\" 300 COMPACTE 50697 - EURL HOSNA KAMEL","robots":{"index":"index","follow":"follow","max-snippet":"max-snippet:-1","max-image-preview":"max-image-preview:large","max-video-preview":"max-video-preview:-1"},"canonical":"https:\/\/eurlhosnakamel.dz\/dz\/produit\/ridgid-machine-a-fileter-2-300-compacte-50697\/","og_locale":"fr_FR","og_type":"article","og_title":"RIDGID MACHINE A FILETER 2\" 300 COMPACTE 50697 - EURL HOSNA KAMEL","og_description":"RIDGID MACHINE A FILETER 2\" 300 COMPACTE 50697 - EURL HOSNA KAMEL","og_url":"https:\/\/eurlhosnakamel.dz\/dz\/produit\/ridgid-machine-a-fileter-2-300-compacte-50697\/","og_site_name":"EURL HOSNA KAMEL","article_publisher":"https:\/\/www.facebook.com\/Eurl.Hosna.DZ\/","article_modified_time":"2020-04-22T11:38:43+00:00","og_image":[{"width":512,"height":512,"url":"https:\/\/eurlhosnakamel.dz\/dz\/wp-content\/uploads\/2020\/04\/RIDGID-MACHINE-A-FILETER-2-300-COMP-50697-eurl-hosna-kamel-algerie.jpg","type":"image\/jpeg"}],"twitter_card":"summary_large_image","schema":{"@context":"https:\/\/schema.org","@graph":[{"@type":"WebPage","@id":"https:\/\/eurlhosnakamel.dz\/dz\/produit\/ridgid-machine-a-fileter-2-300-compacte-50697\/","url":"https:\/\/eurlhosnakamel.dz\/dz\/produit\/ridgid-machine-a-fileter-2-300-compacte-50697\/","name":"RIDGID MACHINE A FILETER 2\" 300 COMPACTE 50697 - EURL HOSNA KAMEL","isPartOf":{"@id":"https:\/\/eurlhosnakamel.dz\/dz\/#website"},"primaryImageOfPage":{"@id":"https:\/\/eurlhosnakamel.dz\/dz\/produit\/ridgid-machine-a-fileter-2-300-compacte-50697\/#primaryimage"},"image":{"@id":"https:\/\/eurlhosnakamel.dz\/dz\/produit\/ridgid-machine-a-fileter-2-300-compacte-50697\/#primaryimage"},"thumbnailUrl":"https:\/\/eurlhosnakamel.dz\/dz\/wp-content\/uploads\/2020\/04\/RIDGID-MACHINE-A-FILETER-2-300-COMP-50697-eurl-hosna-kamel-algerie.jpg","datePublished":"2020-04-22T11:30:14+00:00","dateModified":"2020-04-22T11:38:43+00:00","description":"RIDGID MACHINE A FILETER 2\" 300 COMPACTE 50697 - EURL HOSNA KAMEL","breadcrumb":{"@id":"https:\/\/eurlhosnakamel.dz\/dz\/produit\/ridgid-machine-a-fileter-2-300-compacte-50697\/#breadcrumb"},"inLanguage":"fr-FR","potentialAction":[{"@type":"ReadAction","target":["https:\/\/eurlhosnakamel.dz\/dz\/produit\/ridgid-machine-a-fileter-2-300-compacte-50697\/"]}]},{"@type":"ImageObject","inLanguage":"fr-FR","@id":"https:\/\/eurlhosnakamel.dz\/dz\/produit\/ridgid-machine-a-fileter-2-300-compacte-50697\/#primaryimage","url":"https:\/\/eurlhosnakamel.dz\/dz\/wp-content\/uploads\/2020\/04\/RIDGID-MACHINE-A-FILETER-2-300-COMP-50697-eurl-hosna-kamel-algerie.jpg","contentUrl":"https:\/\/eurlhosnakamel.dz\/dz\/wp-content\/uploads\/2020\/04\/RIDGID-MACHINE-A-FILETER-2-300-COMP-50697-eurl-hosna-kamel-algerie.jpg","width":512,"height":512},{"@type":"BreadcrumbList","@id":"https:\/\/eurlhosnakamel.dz\/dz\/produit\/ridgid-machine-a-fileter-2-300-compacte-50697\/#breadcrumb","itemListElement":[{"@type":"ListItem","position":1,"name":"Accueil","item":"https:\/\/eurlhosnakamel.dz\/dz\/"},{"@type":"ListItem","position":2,"name":"Shop","item":"https:\/\/eurlhosnakamel.dz\/dz\/shop\/"},{"@type":"ListItem","position":3,"name":"RIDGID MACHINE A FILETER 2&#8243; 300 COMPACTE 50697"}]},{"@type":"WebSite","@id":"https:\/\/eurlhosnakamel.dz\/dz\/#website","url":"https:\/\/eurlhosnakamel.dz\/dz\/","name":"EURL HOSNA KAMEL","description":"Fournisseur Premium d&#039;Outillages Professionnels en Alg\u00e9rie -","publisher":{"@id":"https:\/\/eurlhosnakamel.dz\/dz\/#organization"},"potentialAction":[{"@type":"SearchAction","target":{"@type":"EntryPoint","urlTemplate":"https:\/\/eurlhosnakamel.dz\/dz\/?s={search_term_string}"},"query-input":"required name=search_term_string"}],"inLanguage":"fr-FR"},{"@type":"Organization","@id":"https:\/\/eurlhosnakamel.dz\/dz\/#organization","name":"EURL HOSNA KAMEL - Bosch alg\u00e9rie","url":"https:\/\/eurlhosnakamel.dz\/dz\/","logo":{"@type":"ImageObject","inLanguage":"fr-FR","@id":"https:\/\/eurlhosnakamel.dz\/dz\/#\/schema\/logo\/image\/","url":"https:\/\/eurlhosnakamel.dz\/wp-content\/uploads\/2020\/04\/LOGO-HOSNA1.png","contentUrl":"https:\/\/eurlhosnakamel.dz\/wp-content\/uploads\/2020\/04\/LOGO-HOSNA1.png","width":120,"height":127,"caption":"EURL HOSNA KAMEL - Bosch alg\u00e9rie"},"image":{"@id":"https:\/\/eurlhosnakamel.dz\/dz\/#\/schema\/logo\/image\/"},"sameAs":["https:\/\/www.facebook.com\/Eurl.Hosna.DZ\/"]}]}},"_links":{"self":[{"href":"https:\/\/eurlhosnakamel.dz\/dz\/wp-json\/wp\/v2\/product\/7759","targetHints":{"allow":["GET"]}}],"collection":[{"href":"https:\/\/eurlhosnakamel.dz\/dz\/wp-json\/wp\/v2\/product"}],"about":[{"href":"https:\/\/eurlhosnakamel.dz\/dz\/wp-json\/wp\/v2\/types\/product"}],"wp:featuredmedia":[{"embeddable":true,"href":"https:\/\/eurlhosnakamel.dz\/dz\/wp-json\/wp\/v2\/media\/7761"}],"wp:attachment":[{"href":"https:\/\/eurlhosnakamel.dz\/dz\/wp-json\/wp\/v2\/media?parent=7759"}],"wp:term":[{"taxonomy":"product_cat","embeddable":true,"href":"https:\/\/eurlhosnakamel.dz\/dz\/wp-json\/wp\/v2\/product_cat?post=7759"},{"taxonomy":"product_tag","embeddable":true,"href":"https:\/\/eurlhosnakamel.dz\/dz\/wp-json\/wp\/v2\/product_tag?post=7759"}],"curies":[{"name":"wp","href":"https:\/\/api.w.org\/{rel}","templated":true}]}}