{"id":7781,"date":"2020-04-22T12:41:50","date_gmt":"2020-04-22T12:41:50","guid":{"rendered":"https:\/\/lhchosting.com\/hosna\/?post_type=product&#038;p=7781"},"modified":"2020-04-22T12:48:30","modified_gmt":"2020-04-22T12:48:30","slug":"ridgid-beveller-b-500-230-v-49303","status":"publish","type":"product","link":"https:\/\/eurlhosnakamel.dz\/dz\/produit\/ridgid-beveller-b-500-230-v-49303\/","title":{"rendered":"RIDGID BEVELLER, B-500  230 V 49303"},"content":{"rendered":"<h4>Caract\u00e9ristiques<\/h4>\n<p class=\"marketingContent\"><strong>Vitesse<\/strong><\/p>\n<ul class=\"bullet\">\n<li>Installez et chanfreinez des tubes Schedule\u00a040 de 254\u00a0mm (10\u00a0po) de diam\u00e8tre en moins de 45\u00a0secondes\u00a0!<\/li>\n<li>Imm\u00e9diatement apr\u00e8s le chanfreinage, le tube est d\u00e9j\u00e0 froid au toucher<\/li>\n<\/ul>\n<p class=\"marketingContent\"><strong>Constance<\/strong><\/p>\n<ul class=\"bullet\">\n<li>Un angle de chanfrein pr\u00e9cis autour du diam\u00e8tre du tube permet un nombre optimal de passes.<\/li>\n<li>Largeur de facette r\u00e9glable de 0 \u00e0 0,48\u00a0cm (0 \u00e0 3\/16\u00a0po) pour r\u00e9pondre aux besoins du soudeur.<\/li>\n<li>Produit un fini usin\u00e9 gr\u00e2ce aux 6\u00a0outils de coupe rempla\u00e7ables fonctionnant simultan\u00e9ment.<\/li>\n<\/ul>\n<p class=\"marketingContent\"><strong>Simplicit\u00e9<\/strong><\/p>\n<ul class=\"bullet\">\n<li>Installation et op\u00e9ration rapides.<\/li>\n<li>Un syst\u00e8me de serrage en instance de brevet maintient fermement l&#8217;outil sur le tube.<\/li>\n<li>Contr\u00f4le de la vitesse avec voyants luminieux pour une performance optimale.<\/li>\n<li>Fonctionnement sans \u00e9tincelle.<\/li>\n<\/ul>\n<h4>Caract\u00e9ristiques<\/h4>\n<table class=\"alternate odd\">\n<tbody>\n<tr>\n<td>Capacit\u00e9<\/td>\n<td>Tube de 10,16\u00a0cm (4\u00a0po) et plus, plaque plane.<\/td>\n<\/tr>\n<tr>\n<td>\u00c9paisseur de paroi du tube\/de la plaque<\/td>\n<td>Min 4,8\u00a0mm (0,188\u00a0po)\/Max 12,7\u00a0mm (0,50\u00a0po)<\/td>\n<\/tr>\n<tr>\n<td>Mod\u00e8les \u00e9quip\u00e9s de<\/td>\n<td>37,5\u00b0\u00a0; 30\u00b0 ou 45\u00b0 (avec porte-lames facultatifs).<\/td>\n<\/tr>\n<tr>\n<td>Porte-lames<\/td>\n<td>Adapt\u00e9 pour la plupart des aciers et l&#8217;acier inoxydable*.<\/td>\n<\/tr>\n<tr>\n<td>Dimensions<\/td>\n<td>L x l x H = 401\u00a0mm (15,8\u00a0po) x 292\u00a0mm (11,5\u00a0po) x 338\u00a0mm (13,3\u00a0po).<\/td>\n<\/tr>\n<tr>\n<td>Largeur de facette<\/td>\n<td>0 \u00e0 4,8\u00a0mm (0 \u00e0 3\/16\u00a0po) en incr\u00e9ments de 0,8\u00a0mm (1\/32\u00a0po) environ.<\/td>\n<\/tr>\n<tr>\n<td>Type de moteur<\/td>\n<td>Monophas\u00e9 universel.<\/td>\n<\/tr>\n<tr>\n<td>R\u00e9gime moteur<\/td>\n<td>950 (sans charge).<\/td>\n<\/tr>\n<tr>\n<td>Corps<\/td>\n<td>Structure en acier<\/td>\n<\/tr>\n<tr>\n<td><\/td>\n<td>* La t\u00eate et les inserts (lames) sont optimis\u00e9s pour un tube acier doux standard\u00a0A53. La dur\u00e9e de vie des inserts est r\u00e9duite avec d&#8217;autres mat\u00e9riaux.<\/td>\n<\/tr>\n<\/tbody>\n<\/table>\n<p><iframe src=\"https:\/\/www.youtube.com\/embed\/ts3IDM9w4pE\" width=\"600\" height=\"338\" frameborder=\"0\" allowfullscreen=\"allowfullscreen\"><span data-mce-type=\"bookmark\" style=\"display: inline-block; width: 0px; overflow: hidden; line-height: 0;\" class=\"mce_SELRES_start\">\ufeff<\/span><\/iframe><\/p>\n","protected":false},"excerpt":{"rendered":"<p><strong>La chanfreineuse de tube transportable B-500 produit des chanfreins de haute qualit\u00e9 en 45 secondes, sans flamme ni \u00e9tincelle. De conception compacte, elle se fixe rapidement sur des tubes de 4 pouces et plus avec une \u00e9paisseur de paroi maximale de 0,5 pouce, et cr\u00e9e des chanfreins constants en un seul passage.<\/strong><\/p>\n","protected":false},"featured_media":7783,"template":"","meta":[],"product_cat":[407],"product_tag":[1661,1659],"class_list":{"0":"post-7781","1":"product","2":"type-product","3":"status-publish","4":"has-post-thumbnail","6":"product_cat-plomberie","7":"product_tag-b-500-230-v-49303","8":"product_tag-ridgid-beveller","9":"product_brand-ridgid","11":"first","12":"instock","13":"shipping-taxable","14":"product-type-simple","15":"col-xs-6 col-sm-4","16":"col-md-3 col-lg-3","17":"un-4-cols"},"yoast_head":"<!-- This site is optimized with the Yoast SEO plugin v22.5 - https:\/\/yoast.com\/wordpress\/plugins\/seo\/ -->\n<title>RIDGID BEVELLER, B-500 230 V 49303 - EURL HOSNA KAMEL<\/title>\n<meta name=\"description\" content=\"RIDGID BEVELLER, B-500 230 V 49303 - EURL HOSNA KAMEL\" \/>\n<meta name=\"robots\" content=\"index, follow, max-snippet:-1, max-image-preview:large, max-video-preview:-1\" \/>\n<link rel=\"canonical\" href=\"https:\/\/eurlhosnakamel.dz\/dz\/produit\/ridgid-beveller-b-500-230-v-49303\/\" \/>\n<meta property=\"og:locale\" content=\"fr_FR\" \/>\n<meta property=\"og:type\" content=\"article\" \/>\n<meta property=\"og:title\" content=\"RIDGID BEVELLER, B-500 230 V 49303 - EURL HOSNA KAMEL\" \/>\n<meta property=\"og:description\" content=\"RIDGID BEVELLER, B-500 230 V 49303 - EURL HOSNA KAMEL\" \/>\n<meta property=\"og:url\" content=\"https:\/\/eurlhosnakamel.dz\/dz\/produit\/ridgid-beveller-b-500-230-v-49303\/\" \/>\n<meta property=\"og:site_name\" content=\"EURL HOSNA KAMEL\" \/>\n<meta property=\"article:publisher\" content=\"https:\/\/www.facebook.com\/Eurl.Hosna.DZ\/\" \/>\n<meta property=\"article:modified_time\" content=\"2020-04-22T12:48:30+00:00\" \/>\n<meta property=\"og:image\" content=\"https:\/\/eurlhosnakamel.dz\/dz\/wp-content\/uploads\/2020\/04\/RIDGID-BEVELLER-B-500-230V-49303-eurl-hosna-kamel-algerie.jpg\" \/>\n\t<meta property=\"og:image:width\" content=\"512\" \/>\n\t<meta property=\"og:image:height\" content=\"512\" \/>\n\t<meta property=\"og:image:type\" content=\"image\/jpeg\" \/>\n<meta name=\"twitter:card\" content=\"summary_large_image\" \/>\n<meta name=\"twitter:label1\" content=\"Dur\u00e9e de lecture estim\u00e9e\" \/>\n\t<meta name=\"twitter:data1\" content=\"1 minute\" \/>\n<script type=\"application\/ld+json\" class=\"yoast-schema-graph\">{\"@context\":\"https:\/\/schema.org\",\"@graph\":[{\"@type\":\"WebPage\",\"@id\":\"https:\/\/eurlhosnakamel.dz\/dz\/produit\/ridgid-beveller-b-500-230-v-49303\/\",\"url\":\"https:\/\/eurlhosnakamel.dz\/dz\/produit\/ridgid-beveller-b-500-230-v-49303\/\",\"name\":\"RIDGID BEVELLER, B-500 230 V 49303 - EURL HOSNA KAMEL\",\"isPartOf\":{\"@id\":\"https:\/\/eurlhosnakamel.dz\/dz\/#website\"},\"primaryImageOfPage\":{\"@id\":\"https:\/\/eurlhosnakamel.dz\/dz\/produit\/ridgid-beveller-b-500-230-v-49303\/#primaryimage\"},\"image\":{\"@id\":\"https:\/\/eurlhosnakamel.dz\/dz\/produit\/ridgid-beveller-b-500-230-v-49303\/#primaryimage\"},\"thumbnailUrl\":\"https:\/\/eurlhosnakamel.dz\/dz\/wp-content\/uploads\/2020\/04\/RIDGID-BEVELLER-B-500-230V-49303-eurl-hosna-kamel-algerie.jpg\",\"datePublished\":\"2020-04-22T12:41:50+00:00\",\"dateModified\":\"2020-04-22T12:48:30+00:00\",\"description\":\"RIDGID BEVELLER, B-500 230 V 49303 - EURL HOSNA KAMEL\",\"breadcrumb\":{\"@id\":\"https:\/\/eurlhosnakamel.dz\/dz\/produit\/ridgid-beveller-b-500-230-v-49303\/#breadcrumb\"},\"inLanguage\":\"fr-FR\",\"potentialAction\":[{\"@type\":\"ReadAction\",\"target\":[\"https:\/\/eurlhosnakamel.dz\/dz\/produit\/ridgid-beveller-b-500-230-v-49303\/\"]}]},{\"@type\":\"ImageObject\",\"inLanguage\":\"fr-FR\",\"@id\":\"https:\/\/eurlhosnakamel.dz\/dz\/produit\/ridgid-beveller-b-500-230-v-49303\/#primaryimage\",\"url\":\"https:\/\/eurlhosnakamel.dz\/dz\/wp-content\/uploads\/2020\/04\/RIDGID-BEVELLER-B-500-230V-49303-eurl-hosna-kamel-algerie.jpg\",\"contentUrl\":\"https:\/\/eurlhosnakamel.dz\/dz\/wp-content\/uploads\/2020\/04\/RIDGID-BEVELLER-B-500-230V-49303-eurl-hosna-kamel-algerie.jpg\",\"width\":512,\"height\":512},{\"@type\":\"BreadcrumbList\",\"@id\":\"https:\/\/eurlhosnakamel.dz\/dz\/produit\/ridgid-beveller-b-500-230-v-49303\/#breadcrumb\",\"itemListElement\":[{\"@type\":\"ListItem\",\"position\":1,\"name\":\"Accueil\",\"item\":\"https:\/\/eurlhosnakamel.dz\/dz\/\"},{\"@type\":\"ListItem\",\"position\":2,\"name\":\"Shop\",\"item\":\"https:\/\/eurlhosnakamel.dz\/dz\/shop\/\"},{\"@type\":\"ListItem\",\"position\":3,\"name\":\"RIDGID BEVELLER, B-500 230 V 49303\"}]},{\"@type\":\"WebSite\",\"@id\":\"https:\/\/eurlhosnakamel.dz\/dz\/#website\",\"url\":\"https:\/\/eurlhosnakamel.dz\/dz\/\",\"name\":\"EURL HOSNA KAMEL\",\"description\":\"Fournisseur Premium d&#039;Outillages Professionnels en Alg\u00e9rie -\",\"publisher\":{\"@id\":\"https:\/\/eurlhosnakamel.dz\/dz\/#organization\"},\"potentialAction\":[{\"@type\":\"SearchAction\",\"target\":{\"@type\":\"EntryPoint\",\"urlTemplate\":\"https:\/\/eurlhosnakamel.dz\/dz\/?s={search_term_string}\"},\"query-input\":\"required name=search_term_string\"}],\"inLanguage\":\"fr-FR\"},{\"@type\":\"Organization\",\"@id\":\"https:\/\/eurlhosnakamel.dz\/dz\/#organization\",\"name\":\"EURL HOSNA KAMEL - Bosch alg\u00e9rie\",\"url\":\"https:\/\/eurlhosnakamel.dz\/dz\/\",\"logo\":{\"@type\":\"ImageObject\",\"inLanguage\":\"fr-FR\",\"@id\":\"https:\/\/eurlhosnakamel.dz\/dz\/#\/schema\/logo\/image\/\",\"url\":\"https:\/\/eurlhosnakamel.dz\/wp-content\/uploads\/2020\/04\/LOGO-HOSNA1.png\",\"contentUrl\":\"https:\/\/eurlhosnakamel.dz\/wp-content\/uploads\/2020\/04\/LOGO-HOSNA1.png\",\"width\":120,\"height\":127,\"caption\":\"EURL HOSNA KAMEL - Bosch alg\u00e9rie\"},\"image\":{\"@id\":\"https:\/\/eurlhosnakamel.dz\/dz\/#\/schema\/logo\/image\/\"},\"sameAs\":[\"https:\/\/www.facebook.com\/Eurl.Hosna.DZ\/\"]}]}<\/script>\n<!-- \/ Yoast SEO plugin. -->","yoast_head_json":{"title":"RIDGID BEVELLER, B-500 230 V 49303 - EURL HOSNA KAMEL","description":"RIDGID BEVELLER, B-500 230 V 49303 - EURL HOSNA KAMEL","robots":{"index":"index","follow":"follow","max-snippet":"max-snippet:-1","max-image-preview":"max-image-preview:large","max-video-preview":"max-video-preview:-1"},"canonical":"https:\/\/eurlhosnakamel.dz\/dz\/produit\/ridgid-beveller-b-500-230-v-49303\/","og_locale":"fr_FR","og_type":"article","og_title":"RIDGID BEVELLER, B-500 230 V 49303 - EURL HOSNA KAMEL","og_description":"RIDGID BEVELLER, B-500 230 V 49303 - EURL HOSNA KAMEL","og_url":"https:\/\/eurlhosnakamel.dz\/dz\/produit\/ridgid-beveller-b-500-230-v-49303\/","og_site_name":"EURL HOSNA KAMEL","article_publisher":"https:\/\/www.facebook.com\/Eurl.Hosna.DZ\/","article_modified_time":"2020-04-22T12:48:30+00:00","og_image":[{"width":512,"height":512,"url":"https:\/\/eurlhosnakamel.dz\/dz\/wp-content\/uploads\/2020\/04\/RIDGID-BEVELLER-B-500-230V-49303-eurl-hosna-kamel-algerie.jpg","type":"image\/jpeg"}],"twitter_card":"summary_large_image","twitter_misc":{"Dur\u00e9e de lecture estim\u00e9e":"1 minute"},"schema":{"@context":"https:\/\/schema.org","@graph":[{"@type":"WebPage","@id":"https:\/\/eurlhosnakamel.dz\/dz\/produit\/ridgid-beveller-b-500-230-v-49303\/","url":"https:\/\/eurlhosnakamel.dz\/dz\/produit\/ridgid-beveller-b-500-230-v-49303\/","name":"RIDGID BEVELLER, B-500 230 V 49303 - EURL HOSNA KAMEL","isPartOf":{"@id":"https:\/\/eurlhosnakamel.dz\/dz\/#website"},"primaryImageOfPage":{"@id":"https:\/\/eurlhosnakamel.dz\/dz\/produit\/ridgid-beveller-b-500-230-v-49303\/#primaryimage"},"image":{"@id":"https:\/\/eurlhosnakamel.dz\/dz\/produit\/ridgid-beveller-b-500-230-v-49303\/#primaryimage"},"thumbnailUrl":"https:\/\/eurlhosnakamel.dz\/dz\/wp-content\/uploads\/2020\/04\/RIDGID-BEVELLER-B-500-230V-49303-eurl-hosna-kamel-algerie.jpg","datePublished":"2020-04-22T12:41:50+00:00","dateModified":"2020-04-22T12:48:30+00:00","description":"RIDGID BEVELLER, B-500 230 V 49303 - EURL HOSNA KAMEL","breadcrumb":{"@id":"https:\/\/eurlhosnakamel.dz\/dz\/produit\/ridgid-beveller-b-500-230-v-49303\/#breadcrumb"},"inLanguage":"fr-FR","potentialAction":[{"@type":"ReadAction","target":["https:\/\/eurlhosnakamel.dz\/dz\/produit\/ridgid-beveller-b-500-230-v-49303\/"]}]},{"@type":"ImageObject","inLanguage":"fr-FR","@id":"https:\/\/eurlhosnakamel.dz\/dz\/produit\/ridgid-beveller-b-500-230-v-49303\/#primaryimage","url":"https:\/\/eurlhosnakamel.dz\/dz\/wp-content\/uploads\/2020\/04\/RIDGID-BEVELLER-B-500-230V-49303-eurl-hosna-kamel-algerie.jpg","contentUrl":"https:\/\/eurlhosnakamel.dz\/dz\/wp-content\/uploads\/2020\/04\/RIDGID-BEVELLER-B-500-230V-49303-eurl-hosna-kamel-algerie.jpg","width":512,"height":512},{"@type":"BreadcrumbList","@id":"https:\/\/eurlhosnakamel.dz\/dz\/produit\/ridgid-beveller-b-500-230-v-49303\/#breadcrumb","itemListElement":[{"@type":"ListItem","position":1,"name":"Accueil","item":"https:\/\/eurlhosnakamel.dz\/dz\/"},{"@type":"ListItem","position":2,"name":"Shop","item":"https:\/\/eurlhosnakamel.dz\/dz\/shop\/"},{"@type":"ListItem","position":3,"name":"RIDGID BEVELLER, B-500 230 V 49303"}]},{"@type":"WebSite","@id":"https:\/\/eurlhosnakamel.dz\/dz\/#website","url":"https:\/\/eurlhosnakamel.dz\/dz\/","name":"EURL HOSNA KAMEL","description":"Fournisseur Premium d&#039;Outillages Professionnels en Alg\u00e9rie -","publisher":{"@id":"https:\/\/eurlhosnakamel.dz\/dz\/#organization"},"potentialAction":[{"@type":"SearchAction","target":{"@type":"EntryPoint","urlTemplate":"https:\/\/eurlhosnakamel.dz\/dz\/?s={search_term_string}"},"query-input":"required name=search_term_string"}],"inLanguage":"fr-FR"},{"@type":"Organization","@id":"https:\/\/eurlhosnakamel.dz\/dz\/#organization","name":"EURL HOSNA KAMEL - Bosch alg\u00e9rie","url":"https:\/\/eurlhosnakamel.dz\/dz\/","logo":{"@type":"ImageObject","inLanguage":"fr-FR","@id":"https:\/\/eurlhosnakamel.dz\/dz\/#\/schema\/logo\/image\/","url":"https:\/\/eurlhosnakamel.dz\/wp-content\/uploads\/2020\/04\/LOGO-HOSNA1.png","contentUrl":"https:\/\/eurlhosnakamel.dz\/wp-content\/uploads\/2020\/04\/LOGO-HOSNA1.png","width":120,"height":127,"caption":"EURL HOSNA KAMEL - Bosch alg\u00e9rie"},"image":{"@id":"https:\/\/eurlhosnakamel.dz\/dz\/#\/schema\/logo\/image\/"},"sameAs":["https:\/\/www.facebook.com\/Eurl.Hosna.DZ\/"]}]}},"_links":{"self":[{"href":"https:\/\/eurlhosnakamel.dz\/dz\/wp-json\/wp\/v2\/product\/7781","targetHints":{"allow":["GET"]}}],"collection":[{"href":"https:\/\/eurlhosnakamel.dz\/dz\/wp-json\/wp\/v2\/product"}],"about":[{"href":"https:\/\/eurlhosnakamel.dz\/dz\/wp-json\/wp\/v2\/types\/product"}],"wp:featuredmedia":[{"embeddable":true,"href":"https:\/\/eurlhosnakamel.dz\/dz\/wp-json\/wp\/v2\/media\/7783"}],"wp:attachment":[{"href":"https:\/\/eurlhosnakamel.dz\/dz\/wp-json\/wp\/v2\/media?parent=7781"}],"wp:term":[{"taxonomy":"product_cat","embeddable":true,"href":"https:\/\/eurlhosnakamel.dz\/dz\/wp-json\/wp\/v2\/product_cat?post=7781"},{"taxonomy":"product_tag","embeddable":true,"href":"https:\/\/eurlhosnakamel.dz\/dz\/wp-json\/wp\/v2\/product_tag?post=7781"}],"curies":[{"name":"wp","href":"https:\/\/api.w.org\/{rel}","templated":true}]}}