{"id":7803,"date":"2020-04-22T12:51:12","date_gmt":"2020-04-22T12:51:12","guid":{"rendered":"https:\/\/lhchosting.com\/hosna\/?post_type=product&#038;p=7803"},"modified":"2020-04-22T12:51:15","modified_gmt":"2020-04-22T12:51:15","slug":"aksa-groupe-apd12a-osk-10-5-11-5kva-dies-m-aksa-g-aksa","status":"publish","type":"product","link":"https:\/\/eurlhosnakamel.dz\/dz\/produit\/aksa-groupe-apd12a-osk-10-5-11-5kva-dies-m-aksa-g-aksa\/","title":{"rendered":"AKSA GROUPE APD12A-OSK 10.5-11.5KVA DIES. M\/AKSA -G\/AKSA"},"content":{"rendered":"<p><strong>QUALIT\u00c9 STANDBY (ESP) (ESP):<\/strong><br \/>\n<strong>Tension: 400\/231<\/strong><br \/>\n<strong>kVA: 11,5<\/strong><br \/>\n<strong>kW: 9,20<\/strong><\/p>\n<p><strong>PRIME RATING (PRP) (PRP):<\/strong><br \/>\n<strong>kVA: 10,6<\/strong><br \/>\n<strong>kW: 8,48<\/strong><br \/>\n<strong>Amp: 16,60<\/strong><\/p>\n","protected":false},"excerpt":{"rendered":"<h3 class=\"title\"><strong>APD 12A &#8211; G\u00e9n\u00e9rateur diesel AKSA A3CRX14 triphas\u00e9, 50 Hz<br \/>\n<\/strong><\/h3>\n<h3 class=\"title\"><strong style=\"font-size: 14px; color: #666666;\">Syst\u00e8me de g\u00e9n\u00e9ration d&#8217;\u00e9nergie Aksa, offrant des performances et une fiabilit\u00e9 optimales pour les applications de secours stationnaire, d&#8217;alimentation principale et de service continu, Tous les groupes \u00e9lectrog\u00e8nes sont fabriqu\u00e9s en usine et test\u00e9s en production,<\/strong><strong><br \/>\n<\/strong><\/h3>\n","protected":false},"featured_media":7811,"template":"","meta":[],"product_cat":[553,555],"product_tag":[1663],"class_list":{"0":"post-7803","1":"product","2":"type-product","3":"status-publish","4":"has-post-thumbnail","6":"product_cat-groupes-electrogenes","7":"product_cat-groupes-electrogenes-diesel","8":"product_tag-aksa-groupe-apd12a-osk-10-5-11-5kva-dies-m-aksa-g-aksa","9":"product_brand-aksa","11":"first","12":"instock","13":"shipping-taxable","14":"product-type-simple","15":"col-xs-6 col-sm-4","16":"col-md-3 col-lg-3","17":"un-4-cols"},"yoast_head":"<!-- This site is optimized with the Yoast SEO plugin v22.5 - https:\/\/yoast.com\/wordpress\/plugins\/seo\/ -->\n<title>AKSA GROUPE APD12A-OSK 10.5-11.5KVA DIES. M\/AKSA -G\/AKSA - EURL HOSNA KAMEL<\/title>\n<meta name=\"description\" content=\"AKSA GROUPE APD12A-OSK 10.5-11.5KVA DIES. M\/AKSA -G\/AKSA - EURL HOSNA KAMEL\" \/>\n<meta name=\"robots\" content=\"index, follow, max-snippet:-1, max-image-preview:large, max-video-preview:-1\" \/>\n<link rel=\"canonical\" href=\"https:\/\/eurlhosnakamel.dz\/dz\/produit\/aksa-groupe-apd12a-osk-10-5-11-5kva-dies-m-aksa-g-aksa\/\" \/>\n<meta property=\"og:locale\" content=\"fr_FR\" \/>\n<meta property=\"og:type\" content=\"article\" \/>\n<meta property=\"og:title\" content=\"AKSA GROUPE APD12A-OSK 10.5-11.5KVA DIES. M\/AKSA -G\/AKSA - EURL HOSNA KAMEL\" \/>\n<meta property=\"og:description\" content=\"AKSA GROUPE APD12A-OSK 10.5-11.5KVA DIES. M\/AKSA -G\/AKSA - EURL HOSNA KAMEL\" \/>\n<meta property=\"og:url\" content=\"https:\/\/eurlhosnakamel.dz\/dz\/produit\/aksa-groupe-apd12a-osk-10-5-11-5kva-dies-m-aksa-g-aksa\/\" \/>\n<meta property=\"og:site_name\" content=\"EURL HOSNA KAMEL\" \/>\n<meta property=\"article:publisher\" content=\"https:\/\/www.facebook.com\/Eurl.Hosna.DZ\/\" \/>\n<meta property=\"article:modified_time\" content=\"2020-04-22T12:51:15+00:00\" \/>\n<meta property=\"og:image\" content=\"https:\/\/eurlhosnakamel.dz\/dz\/wp-content\/uploads\/2020\/04\/AKSA-GROUPE-APD12A-OSK-10.5-11.5KVA-DIES.-M-AKSA-G-AKSA-eurl-hosna-kamel-Alg\u00e9rie-3.jpg\" \/>\n\t<meta property=\"og:image:width\" content=\"512\" \/>\n\t<meta property=\"og:image:height\" content=\"512\" \/>\n\t<meta property=\"og:image:type\" content=\"image\/jpeg\" \/>\n<meta name=\"twitter:card\" content=\"summary_large_image\" \/>\n<script type=\"application\/ld+json\" class=\"yoast-schema-graph\">{\"@context\":\"https:\/\/schema.org\",\"@graph\":[{\"@type\":\"WebPage\",\"@id\":\"https:\/\/eurlhosnakamel.dz\/dz\/produit\/aksa-groupe-apd12a-osk-10-5-11-5kva-dies-m-aksa-g-aksa\/\",\"url\":\"https:\/\/eurlhosnakamel.dz\/dz\/produit\/aksa-groupe-apd12a-osk-10-5-11-5kva-dies-m-aksa-g-aksa\/\",\"name\":\"AKSA GROUPE APD12A-OSK 10.5-11.5KVA DIES. M\/AKSA -G\/AKSA - EURL HOSNA KAMEL\",\"isPartOf\":{\"@id\":\"https:\/\/eurlhosnakamel.dz\/dz\/#website\"},\"primaryImageOfPage\":{\"@id\":\"https:\/\/eurlhosnakamel.dz\/dz\/produit\/aksa-groupe-apd12a-osk-10-5-11-5kva-dies-m-aksa-g-aksa\/#primaryimage\"},\"image\":{\"@id\":\"https:\/\/eurlhosnakamel.dz\/dz\/produit\/aksa-groupe-apd12a-osk-10-5-11-5kva-dies-m-aksa-g-aksa\/#primaryimage\"},\"thumbnailUrl\":\"https:\/\/eurlhosnakamel.dz\/dz\/wp-content\/uploads\/2020\/04\/AKSA-GROUPE-APD12A-OSK-10.5-11.5KVA-DIES.-M-AKSA-G-AKSA-eurl-hosna-kamel-Alg\u00e9rie-3.jpg\",\"datePublished\":\"2020-04-22T12:51:12+00:00\",\"dateModified\":\"2020-04-22T12:51:15+00:00\",\"description\":\"AKSA GROUPE APD12A-OSK 10.5-11.5KVA DIES. M\/AKSA -G\/AKSA - EURL HOSNA KAMEL\",\"breadcrumb\":{\"@id\":\"https:\/\/eurlhosnakamel.dz\/dz\/produit\/aksa-groupe-apd12a-osk-10-5-11-5kva-dies-m-aksa-g-aksa\/#breadcrumb\"},\"inLanguage\":\"fr-FR\",\"potentialAction\":[{\"@type\":\"ReadAction\",\"target\":[\"https:\/\/eurlhosnakamel.dz\/dz\/produit\/aksa-groupe-apd12a-osk-10-5-11-5kva-dies-m-aksa-g-aksa\/\"]}]},{\"@type\":\"ImageObject\",\"inLanguage\":\"fr-FR\",\"@id\":\"https:\/\/eurlhosnakamel.dz\/dz\/produit\/aksa-groupe-apd12a-osk-10-5-11-5kva-dies-m-aksa-g-aksa\/#primaryimage\",\"url\":\"https:\/\/eurlhosnakamel.dz\/dz\/wp-content\/uploads\/2020\/04\/AKSA-GROUPE-APD12A-OSK-10.5-11.5KVA-DIES.-M-AKSA-G-AKSA-eurl-hosna-kamel-Alg\u00e9rie-3.jpg\",\"contentUrl\":\"https:\/\/eurlhosnakamel.dz\/dz\/wp-content\/uploads\/2020\/04\/AKSA-GROUPE-APD12A-OSK-10.5-11.5KVA-DIES.-M-AKSA-G-AKSA-eurl-hosna-kamel-Alg\u00e9rie-3.jpg\",\"width\":512,\"height\":512},{\"@type\":\"BreadcrumbList\",\"@id\":\"https:\/\/eurlhosnakamel.dz\/dz\/produit\/aksa-groupe-apd12a-osk-10-5-11-5kva-dies-m-aksa-g-aksa\/#breadcrumb\",\"itemListElement\":[{\"@type\":\"ListItem\",\"position\":1,\"name\":\"Accueil\",\"item\":\"https:\/\/eurlhosnakamel.dz\/dz\/\"},{\"@type\":\"ListItem\",\"position\":2,\"name\":\"Shop\",\"item\":\"https:\/\/eurlhosnakamel.dz\/dz\/shop\/\"},{\"@type\":\"ListItem\",\"position\":3,\"name\":\"AKSA GROUPE APD12A-OSK 10.5-11.5KVA DIES. M\/AKSA -G\/AKSA\"}]},{\"@type\":\"WebSite\",\"@id\":\"https:\/\/eurlhosnakamel.dz\/dz\/#website\",\"url\":\"https:\/\/eurlhosnakamel.dz\/dz\/\",\"name\":\"EURL HOSNA KAMEL\",\"description\":\"Fournisseur Premium d&#039;Outillages Professionnels en Alg\u00e9rie -\",\"publisher\":{\"@id\":\"https:\/\/eurlhosnakamel.dz\/dz\/#organization\"},\"potentialAction\":[{\"@type\":\"SearchAction\",\"target\":{\"@type\":\"EntryPoint\",\"urlTemplate\":\"https:\/\/eurlhosnakamel.dz\/dz\/?s={search_term_string}\"},\"query-input\":\"required name=search_term_string\"}],\"inLanguage\":\"fr-FR\"},{\"@type\":\"Organization\",\"@id\":\"https:\/\/eurlhosnakamel.dz\/dz\/#organization\",\"name\":\"EURL HOSNA KAMEL - Bosch alg\u00e9rie\",\"url\":\"https:\/\/eurlhosnakamel.dz\/dz\/\",\"logo\":{\"@type\":\"ImageObject\",\"inLanguage\":\"fr-FR\",\"@id\":\"https:\/\/eurlhosnakamel.dz\/dz\/#\/schema\/logo\/image\/\",\"url\":\"https:\/\/eurlhosnakamel.dz\/wp-content\/uploads\/2020\/04\/LOGO-HOSNA1.png\",\"contentUrl\":\"https:\/\/eurlhosnakamel.dz\/wp-content\/uploads\/2020\/04\/LOGO-HOSNA1.png\",\"width\":120,\"height\":127,\"caption\":\"EURL HOSNA KAMEL - Bosch alg\u00e9rie\"},\"image\":{\"@id\":\"https:\/\/eurlhosnakamel.dz\/dz\/#\/schema\/logo\/image\/\"},\"sameAs\":[\"https:\/\/www.facebook.com\/Eurl.Hosna.DZ\/\"]}]}<\/script>\n<!-- \/ Yoast SEO plugin. -->","yoast_head_json":{"title":"AKSA GROUPE APD12A-OSK 10.5-11.5KVA DIES. M\/AKSA -G\/AKSA - EURL HOSNA KAMEL","description":"AKSA GROUPE APD12A-OSK 10.5-11.5KVA DIES. M\/AKSA -G\/AKSA - EURL HOSNA KAMEL","robots":{"index":"index","follow":"follow","max-snippet":"max-snippet:-1","max-image-preview":"max-image-preview:large","max-video-preview":"max-video-preview:-1"},"canonical":"https:\/\/eurlhosnakamel.dz\/dz\/produit\/aksa-groupe-apd12a-osk-10-5-11-5kva-dies-m-aksa-g-aksa\/","og_locale":"fr_FR","og_type":"article","og_title":"AKSA GROUPE APD12A-OSK 10.5-11.5KVA DIES. M\/AKSA -G\/AKSA - EURL HOSNA KAMEL","og_description":"AKSA GROUPE APD12A-OSK 10.5-11.5KVA DIES. M\/AKSA -G\/AKSA - EURL HOSNA KAMEL","og_url":"https:\/\/eurlhosnakamel.dz\/dz\/produit\/aksa-groupe-apd12a-osk-10-5-11-5kva-dies-m-aksa-g-aksa\/","og_site_name":"EURL HOSNA KAMEL","article_publisher":"https:\/\/www.facebook.com\/Eurl.Hosna.DZ\/","article_modified_time":"2020-04-22T12:51:15+00:00","og_image":[{"width":512,"height":512,"url":"https:\/\/eurlhosnakamel.dz\/dz\/wp-content\/uploads\/2020\/04\/AKSA-GROUPE-APD12A-OSK-10.5-11.5KVA-DIES.-M-AKSA-G-AKSA-eurl-hosna-kamel-Alg\u00e9rie-3.jpg","type":"image\/jpeg"}],"twitter_card":"summary_large_image","schema":{"@context":"https:\/\/schema.org","@graph":[{"@type":"WebPage","@id":"https:\/\/eurlhosnakamel.dz\/dz\/produit\/aksa-groupe-apd12a-osk-10-5-11-5kva-dies-m-aksa-g-aksa\/","url":"https:\/\/eurlhosnakamel.dz\/dz\/produit\/aksa-groupe-apd12a-osk-10-5-11-5kva-dies-m-aksa-g-aksa\/","name":"AKSA GROUPE APD12A-OSK 10.5-11.5KVA DIES. M\/AKSA -G\/AKSA - EURL HOSNA KAMEL","isPartOf":{"@id":"https:\/\/eurlhosnakamel.dz\/dz\/#website"},"primaryImageOfPage":{"@id":"https:\/\/eurlhosnakamel.dz\/dz\/produit\/aksa-groupe-apd12a-osk-10-5-11-5kva-dies-m-aksa-g-aksa\/#primaryimage"},"image":{"@id":"https:\/\/eurlhosnakamel.dz\/dz\/produit\/aksa-groupe-apd12a-osk-10-5-11-5kva-dies-m-aksa-g-aksa\/#primaryimage"},"thumbnailUrl":"https:\/\/eurlhosnakamel.dz\/dz\/wp-content\/uploads\/2020\/04\/AKSA-GROUPE-APD12A-OSK-10.5-11.5KVA-DIES.-M-AKSA-G-AKSA-eurl-hosna-kamel-Alg\u00e9rie-3.jpg","datePublished":"2020-04-22T12:51:12+00:00","dateModified":"2020-04-22T12:51:15+00:00","description":"AKSA GROUPE APD12A-OSK 10.5-11.5KVA DIES. M\/AKSA -G\/AKSA - EURL HOSNA KAMEL","breadcrumb":{"@id":"https:\/\/eurlhosnakamel.dz\/dz\/produit\/aksa-groupe-apd12a-osk-10-5-11-5kva-dies-m-aksa-g-aksa\/#breadcrumb"},"inLanguage":"fr-FR","potentialAction":[{"@type":"ReadAction","target":["https:\/\/eurlhosnakamel.dz\/dz\/produit\/aksa-groupe-apd12a-osk-10-5-11-5kva-dies-m-aksa-g-aksa\/"]}]},{"@type":"ImageObject","inLanguage":"fr-FR","@id":"https:\/\/eurlhosnakamel.dz\/dz\/produit\/aksa-groupe-apd12a-osk-10-5-11-5kva-dies-m-aksa-g-aksa\/#primaryimage","url":"https:\/\/eurlhosnakamel.dz\/dz\/wp-content\/uploads\/2020\/04\/AKSA-GROUPE-APD12A-OSK-10.5-11.5KVA-DIES.-M-AKSA-G-AKSA-eurl-hosna-kamel-Alg\u00e9rie-3.jpg","contentUrl":"https:\/\/eurlhosnakamel.dz\/dz\/wp-content\/uploads\/2020\/04\/AKSA-GROUPE-APD12A-OSK-10.5-11.5KVA-DIES.-M-AKSA-G-AKSA-eurl-hosna-kamel-Alg\u00e9rie-3.jpg","width":512,"height":512},{"@type":"BreadcrumbList","@id":"https:\/\/eurlhosnakamel.dz\/dz\/produit\/aksa-groupe-apd12a-osk-10-5-11-5kva-dies-m-aksa-g-aksa\/#breadcrumb","itemListElement":[{"@type":"ListItem","position":1,"name":"Accueil","item":"https:\/\/eurlhosnakamel.dz\/dz\/"},{"@type":"ListItem","position":2,"name":"Shop","item":"https:\/\/eurlhosnakamel.dz\/dz\/shop\/"},{"@type":"ListItem","position":3,"name":"AKSA GROUPE APD12A-OSK 10.5-11.5KVA DIES. M\/AKSA -G\/AKSA"}]},{"@type":"WebSite","@id":"https:\/\/eurlhosnakamel.dz\/dz\/#website","url":"https:\/\/eurlhosnakamel.dz\/dz\/","name":"EURL HOSNA KAMEL","description":"Fournisseur Premium d&#039;Outillages Professionnels en Alg\u00e9rie -","publisher":{"@id":"https:\/\/eurlhosnakamel.dz\/dz\/#organization"},"potentialAction":[{"@type":"SearchAction","target":{"@type":"EntryPoint","urlTemplate":"https:\/\/eurlhosnakamel.dz\/dz\/?s={search_term_string}"},"query-input":"required name=search_term_string"}],"inLanguage":"fr-FR"},{"@type":"Organization","@id":"https:\/\/eurlhosnakamel.dz\/dz\/#organization","name":"EURL HOSNA KAMEL - Bosch alg\u00e9rie","url":"https:\/\/eurlhosnakamel.dz\/dz\/","logo":{"@type":"ImageObject","inLanguage":"fr-FR","@id":"https:\/\/eurlhosnakamel.dz\/dz\/#\/schema\/logo\/image\/","url":"https:\/\/eurlhosnakamel.dz\/wp-content\/uploads\/2020\/04\/LOGO-HOSNA1.png","contentUrl":"https:\/\/eurlhosnakamel.dz\/wp-content\/uploads\/2020\/04\/LOGO-HOSNA1.png","width":120,"height":127,"caption":"EURL HOSNA KAMEL - Bosch alg\u00e9rie"},"image":{"@id":"https:\/\/eurlhosnakamel.dz\/dz\/#\/schema\/logo\/image\/"},"sameAs":["https:\/\/www.facebook.com\/Eurl.Hosna.DZ\/"]}]}},"_links":{"self":[{"href":"https:\/\/eurlhosnakamel.dz\/dz\/wp-json\/wp\/v2\/product\/7803","targetHints":{"allow":["GET"]}}],"collection":[{"href":"https:\/\/eurlhosnakamel.dz\/dz\/wp-json\/wp\/v2\/product"}],"about":[{"href":"https:\/\/eurlhosnakamel.dz\/dz\/wp-json\/wp\/v2\/types\/product"}],"wp:featuredmedia":[{"embeddable":true,"href":"https:\/\/eurlhosnakamel.dz\/dz\/wp-json\/wp\/v2\/media\/7811"}],"wp:attachment":[{"href":"https:\/\/eurlhosnakamel.dz\/dz\/wp-json\/wp\/v2\/media?parent=7803"}],"wp:term":[{"taxonomy":"product_cat","embeddable":true,"href":"https:\/\/eurlhosnakamel.dz\/dz\/wp-json\/wp\/v2\/product_cat?post=7803"},{"taxonomy":"product_tag","embeddable":true,"href":"https:\/\/eurlhosnakamel.dz\/dz\/wp-json\/wp\/v2\/product_tag?post=7803"}],"curies":[{"name":"wp","href":"https:\/\/api.w.org\/{rel}","templated":true}]}}