{"id":7827,"date":"2020-04-22T13:13:03","date_gmt":"2020-04-22T13:13:03","guid":{"rendered":"https:\/\/lhchosting.com\/hosna\/?post_type=product&#038;p=7827"},"modified":"2020-04-22T13:17:04","modified_gmt":"2020-04-22T13:17:04","slug":"ridgid-filiere-assembly-690-i-230v-bspt-1-2-2-44933","status":"publish","type":"product","link":"https:\/\/eurlhosnakamel.dz\/dz\/produit\/ridgid-filiere-assembly-690-i-230v-bspt-1-2-2-44933\/","title":{"rendered":"RIDGID FILIERE ASSEMBLY 690-I 230V BSPT 1\/2-2&#8243;- 44933"},"content":{"rendered":"<h4>Caract\u00e9ristiques<\/h4>\n<ul class=\"bullet\">\n<li><strong>Le syst\u00e8me de retenue de t\u00eate RIDGID fonctionne simplement avec une torsion et un d\u00e9verrouillage pour les t\u00eates de 1 1\u20442\u00a0po, 2\u00a0po et l&#8217;adaptateur pour t\u00eate.<\/strong><\/li>\n<li><strong>L\u00e9g\u00e8re et portable pour effectuer les entretiens, les r\u00e9paration et les plombiers-r\u00e9parateurs.<\/strong><\/li>\n<li><strong>La poign\u00e9e moul\u00e9e et le manche profil\u00e9 apportent un contr\u00f4le optimal.<\/strong><\/li>\n<li><strong>Les prot\u00e8ge-brosses filet\u00e9s am\u00e9liorent la facilit\u00e9 d&#8217;entretien.<\/strong><\/li>\n<li><strong>Carter d&#8217;engrenages moul\u00e9 sous pression durable et corps en plastique renforc\u00e9 en fibre de verre pour r\u00e9sister aux conditions des chantiers exigeants.<\/strong><\/li>\n<li><strong>Le bras de support avec m\u00e2choire en V double emp\u00eache les d\u00e9rapages.<\/strong><\/li>\n<\/ul>\n<h4>Caract\u00e9ristiques<\/h4>\n<table class=\"alternate odd\">\n<tbody>\n<tr>\n<td>Capacit\u00e9<\/td>\n<td>3\u00a0mm \u00e0 50\u00a0mm (1\/8\u00a0po \u00e0 2\u00a0po).<\/td>\n<\/tr>\n<tr>\n<td>Poids<\/td>\n<td>9,59\u00a0kg (21,1\u00a0lb), fili\u00e8re \u00e9lectroportative seule.<\/td>\n<\/tr>\n<tr>\n<td>Dimension<\/td>\n<td>613 mm (24,1 po) L x 121 mm (4,75 po) W x 203mm (8 po) L.<\/td>\n<\/tr>\n<tr>\n<td>Commandes<\/td>\n<td>Interrupteur coulissant AV\/AR, contact marche\/arr\u00eat momentan\u00e9 en deux \u00e9tapes.<\/td>\n<\/tr>\n<tr>\n<td>T\u00eate motrice\u00a0:<\/td>\n<td>Aluminium moul\u00e9 sous pression graiss\u00e9 en permanence.<\/td>\n<\/tr>\n<tr>\n<td>B\u00e2ti et poign\u00e9e<\/td>\n<td>Plastique durable haute r\u00e9sistance renforc\u00e9 de fibres de verre.<\/td>\n<\/tr>\n<\/tbody>\n<\/table>\n<p><iframe src=\"https:\/\/www.youtube.com\/embed\/pk1zDzhI_FU\" width=\"600\" height=\"338\" frameborder=\"0\" allowfullscreen=\"allowfullscreen\"><span data-mce-type=\"bookmark\" style=\"display: inline-block; width: 0px; overflow: hidden; line-height: 0;\" class=\"mce_SELRES_start\">\ufeff<\/span><\/iframe><\/p>\n","protected":false},"excerpt":{"rendered":"<p><strong>Dot\u00e9 du syst\u00e8me de lib\u00e9ration rapide de t\u00eate RIDGID\u00ae.<\/strong><\/p>\n","protected":false},"featured_media":7829,"template":"","meta":[],"product_cat":[407],"product_tag":[1671],"class_list":{"0":"post-7827","1":"product","2":"type-product","3":"status-publish","4":"has-post-thumbnail","6":"product_cat-plomberie","7":"product_tag-ridgid-filiere-assembly-690-i-230v-bspt-1-2-2-44933","8":"product_brand-ridgid","10":"first","11":"instock","12":"shipping-taxable","13":"product-type-simple","14":"col-xs-6 col-sm-4","15":"col-md-3 col-lg-3","16":"un-4-cols"},"yoast_head":"<!-- This site is optimized with the Yoast SEO plugin v22.5 - https:\/\/yoast.com\/wordpress\/plugins\/seo\/ -->\n<title>RIDGID FILIERE ASSEMBLY 690-I 230V BSPT 1\/2-2&quot;- 44933 - EURL HOSNA KAMEL<\/title>\n<meta name=\"description\" content=\"RIDGID FILIERE ASSEMBLY 690-I 230V BSPT 1\/2-2&quot;- 44933 - EURL HOSNA KAMEL\" \/>\n<meta name=\"robots\" content=\"index, follow, max-snippet:-1, max-image-preview:large, max-video-preview:-1\" \/>\n<link rel=\"canonical\" href=\"https:\/\/eurlhosnakamel.dz\/dz\/produit\/ridgid-filiere-assembly-690-i-230v-bspt-1-2-2-44933\/\" \/>\n<meta property=\"og:locale\" content=\"fr_FR\" \/>\n<meta property=\"og:type\" content=\"article\" \/>\n<meta property=\"og:title\" content=\"RIDGID FILIERE ASSEMBLY 690-I 230V BSPT 1\/2-2&quot;- 44933 - EURL HOSNA KAMEL\" \/>\n<meta property=\"og:description\" content=\"RIDGID FILIERE ASSEMBLY 690-I 230V BSPT 1\/2-2&quot;- 44933 - EURL HOSNA KAMEL\" \/>\n<meta property=\"og:url\" content=\"https:\/\/eurlhosnakamel.dz\/dz\/produit\/ridgid-filiere-assembly-690-i-230v-bspt-1-2-2-44933\/\" \/>\n<meta property=\"og:site_name\" content=\"EURL HOSNA KAMEL\" \/>\n<meta property=\"article:publisher\" content=\"https:\/\/www.facebook.com\/Eurl.Hosna.DZ\/\" \/>\n<meta property=\"article:modified_time\" content=\"2020-04-22T13:17:04+00:00\" \/>\n<meta property=\"og:image\" content=\"https:\/\/eurlhosnakamel.dz\/dz\/wp-content\/uploads\/2020\/04\/RIDGID-FILIERE-ASSEMBLY-690-I-230V-BSPT-1-2-2-44933-eurl-hosna-kamel-algerie.jpg\" \/>\n\t<meta property=\"og:image:width\" content=\"512\" \/>\n\t<meta property=\"og:image:height\" content=\"512\" \/>\n\t<meta property=\"og:image:type\" content=\"image\/jpeg\" \/>\n<meta name=\"twitter:card\" content=\"summary_large_image\" \/>\n<meta name=\"twitter:label1\" content=\"Dur\u00e9e de lecture estim\u00e9e\" \/>\n\t<meta name=\"twitter:data1\" content=\"1 minute\" \/>\n<script type=\"application\/ld+json\" class=\"yoast-schema-graph\">{\"@context\":\"https:\/\/schema.org\",\"@graph\":[{\"@type\":\"WebPage\",\"@id\":\"https:\/\/eurlhosnakamel.dz\/dz\/produit\/ridgid-filiere-assembly-690-i-230v-bspt-1-2-2-44933\/\",\"url\":\"https:\/\/eurlhosnakamel.dz\/dz\/produit\/ridgid-filiere-assembly-690-i-230v-bspt-1-2-2-44933\/\",\"name\":\"RIDGID FILIERE ASSEMBLY 690-I 230V BSPT 1\/2-2\\\"- 44933 - EURL HOSNA KAMEL\",\"isPartOf\":{\"@id\":\"https:\/\/eurlhosnakamel.dz\/dz\/#website\"},\"primaryImageOfPage\":{\"@id\":\"https:\/\/eurlhosnakamel.dz\/dz\/produit\/ridgid-filiere-assembly-690-i-230v-bspt-1-2-2-44933\/#primaryimage\"},\"image\":{\"@id\":\"https:\/\/eurlhosnakamel.dz\/dz\/produit\/ridgid-filiere-assembly-690-i-230v-bspt-1-2-2-44933\/#primaryimage\"},\"thumbnailUrl\":\"https:\/\/eurlhosnakamel.dz\/dz\/wp-content\/uploads\/2020\/04\/RIDGID-FILIERE-ASSEMBLY-690-I-230V-BSPT-1-2-2-44933-eurl-hosna-kamel-algerie.jpg\",\"datePublished\":\"2020-04-22T13:13:03+00:00\",\"dateModified\":\"2020-04-22T13:17:04+00:00\",\"description\":\"RIDGID FILIERE ASSEMBLY 690-I 230V BSPT 1\/2-2\\\"- 44933 - EURL HOSNA KAMEL\",\"breadcrumb\":{\"@id\":\"https:\/\/eurlhosnakamel.dz\/dz\/produit\/ridgid-filiere-assembly-690-i-230v-bspt-1-2-2-44933\/#breadcrumb\"},\"inLanguage\":\"fr-FR\",\"potentialAction\":[{\"@type\":\"ReadAction\",\"target\":[\"https:\/\/eurlhosnakamel.dz\/dz\/produit\/ridgid-filiere-assembly-690-i-230v-bspt-1-2-2-44933\/\"]}]},{\"@type\":\"ImageObject\",\"inLanguage\":\"fr-FR\",\"@id\":\"https:\/\/eurlhosnakamel.dz\/dz\/produit\/ridgid-filiere-assembly-690-i-230v-bspt-1-2-2-44933\/#primaryimage\",\"url\":\"https:\/\/eurlhosnakamel.dz\/dz\/wp-content\/uploads\/2020\/04\/RIDGID-FILIERE-ASSEMBLY-690-I-230V-BSPT-1-2-2-44933-eurl-hosna-kamel-algerie.jpg\",\"contentUrl\":\"https:\/\/eurlhosnakamel.dz\/dz\/wp-content\/uploads\/2020\/04\/RIDGID-FILIERE-ASSEMBLY-690-I-230V-BSPT-1-2-2-44933-eurl-hosna-kamel-algerie.jpg\",\"width\":512,\"height\":512},{\"@type\":\"BreadcrumbList\",\"@id\":\"https:\/\/eurlhosnakamel.dz\/dz\/produit\/ridgid-filiere-assembly-690-i-230v-bspt-1-2-2-44933\/#breadcrumb\",\"itemListElement\":[{\"@type\":\"ListItem\",\"position\":1,\"name\":\"Accueil\",\"item\":\"https:\/\/eurlhosnakamel.dz\/dz\/\"},{\"@type\":\"ListItem\",\"position\":2,\"name\":\"Shop\",\"item\":\"https:\/\/eurlhosnakamel.dz\/dz\/shop\/\"},{\"@type\":\"ListItem\",\"position\":3,\"name\":\"RIDGID FILIERE ASSEMBLY 690-I 230V BSPT 1\/2-2&#8243;- 44933\"}]},{\"@type\":\"WebSite\",\"@id\":\"https:\/\/eurlhosnakamel.dz\/dz\/#website\",\"url\":\"https:\/\/eurlhosnakamel.dz\/dz\/\",\"name\":\"EURL HOSNA KAMEL\",\"description\":\"Fournisseur Premium d&#039;Outillages Professionnels en Alg\u00e9rie -\",\"publisher\":{\"@id\":\"https:\/\/eurlhosnakamel.dz\/dz\/#organization\"},\"potentialAction\":[{\"@type\":\"SearchAction\",\"target\":{\"@type\":\"EntryPoint\",\"urlTemplate\":\"https:\/\/eurlhosnakamel.dz\/dz\/?s={search_term_string}\"},\"query-input\":\"required name=search_term_string\"}],\"inLanguage\":\"fr-FR\"},{\"@type\":\"Organization\",\"@id\":\"https:\/\/eurlhosnakamel.dz\/dz\/#organization\",\"name\":\"EURL HOSNA KAMEL - Bosch alg\u00e9rie\",\"url\":\"https:\/\/eurlhosnakamel.dz\/dz\/\",\"logo\":{\"@type\":\"ImageObject\",\"inLanguage\":\"fr-FR\",\"@id\":\"https:\/\/eurlhosnakamel.dz\/dz\/#\/schema\/logo\/image\/\",\"url\":\"https:\/\/eurlhosnakamel.dz\/wp-content\/uploads\/2020\/04\/LOGO-HOSNA1.png\",\"contentUrl\":\"https:\/\/eurlhosnakamel.dz\/wp-content\/uploads\/2020\/04\/LOGO-HOSNA1.png\",\"width\":120,\"height\":127,\"caption\":\"EURL HOSNA KAMEL - Bosch alg\u00e9rie\"},\"image\":{\"@id\":\"https:\/\/eurlhosnakamel.dz\/dz\/#\/schema\/logo\/image\/\"},\"sameAs\":[\"https:\/\/www.facebook.com\/Eurl.Hosna.DZ\/\"]}]}<\/script>\n<!-- \/ Yoast SEO plugin. -->","yoast_head_json":{"title":"RIDGID FILIERE ASSEMBLY 690-I 230V BSPT 1\/2-2\"- 44933 - EURL HOSNA KAMEL","description":"RIDGID FILIERE ASSEMBLY 690-I 230V BSPT 1\/2-2\"- 44933 - EURL HOSNA KAMEL","robots":{"index":"index","follow":"follow","max-snippet":"max-snippet:-1","max-image-preview":"max-image-preview:large","max-video-preview":"max-video-preview:-1"},"canonical":"https:\/\/eurlhosnakamel.dz\/dz\/produit\/ridgid-filiere-assembly-690-i-230v-bspt-1-2-2-44933\/","og_locale":"fr_FR","og_type":"article","og_title":"RIDGID FILIERE ASSEMBLY 690-I 230V BSPT 1\/2-2\"- 44933 - EURL HOSNA KAMEL","og_description":"RIDGID FILIERE ASSEMBLY 690-I 230V BSPT 1\/2-2\"- 44933 - EURL HOSNA KAMEL","og_url":"https:\/\/eurlhosnakamel.dz\/dz\/produit\/ridgid-filiere-assembly-690-i-230v-bspt-1-2-2-44933\/","og_site_name":"EURL HOSNA KAMEL","article_publisher":"https:\/\/www.facebook.com\/Eurl.Hosna.DZ\/","article_modified_time":"2020-04-22T13:17:04+00:00","og_image":[{"width":512,"height":512,"url":"https:\/\/eurlhosnakamel.dz\/dz\/wp-content\/uploads\/2020\/04\/RIDGID-FILIERE-ASSEMBLY-690-I-230V-BSPT-1-2-2-44933-eurl-hosna-kamel-algerie.jpg","type":"image\/jpeg"}],"twitter_card":"summary_large_image","twitter_misc":{"Dur\u00e9e de lecture estim\u00e9e":"1 minute"},"schema":{"@context":"https:\/\/schema.org","@graph":[{"@type":"WebPage","@id":"https:\/\/eurlhosnakamel.dz\/dz\/produit\/ridgid-filiere-assembly-690-i-230v-bspt-1-2-2-44933\/","url":"https:\/\/eurlhosnakamel.dz\/dz\/produit\/ridgid-filiere-assembly-690-i-230v-bspt-1-2-2-44933\/","name":"RIDGID FILIERE ASSEMBLY 690-I 230V BSPT 1\/2-2\"- 44933 - EURL HOSNA KAMEL","isPartOf":{"@id":"https:\/\/eurlhosnakamel.dz\/dz\/#website"},"primaryImageOfPage":{"@id":"https:\/\/eurlhosnakamel.dz\/dz\/produit\/ridgid-filiere-assembly-690-i-230v-bspt-1-2-2-44933\/#primaryimage"},"image":{"@id":"https:\/\/eurlhosnakamel.dz\/dz\/produit\/ridgid-filiere-assembly-690-i-230v-bspt-1-2-2-44933\/#primaryimage"},"thumbnailUrl":"https:\/\/eurlhosnakamel.dz\/dz\/wp-content\/uploads\/2020\/04\/RIDGID-FILIERE-ASSEMBLY-690-I-230V-BSPT-1-2-2-44933-eurl-hosna-kamel-algerie.jpg","datePublished":"2020-04-22T13:13:03+00:00","dateModified":"2020-04-22T13:17:04+00:00","description":"RIDGID FILIERE ASSEMBLY 690-I 230V BSPT 1\/2-2\"- 44933 - EURL HOSNA KAMEL","breadcrumb":{"@id":"https:\/\/eurlhosnakamel.dz\/dz\/produit\/ridgid-filiere-assembly-690-i-230v-bspt-1-2-2-44933\/#breadcrumb"},"inLanguage":"fr-FR","potentialAction":[{"@type":"ReadAction","target":["https:\/\/eurlhosnakamel.dz\/dz\/produit\/ridgid-filiere-assembly-690-i-230v-bspt-1-2-2-44933\/"]}]},{"@type":"ImageObject","inLanguage":"fr-FR","@id":"https:\/\/eurlhosnakamel.dz\/dz\/produit\/ridgid-filiere-assembly-690-i-230v-bspt-1-2-2-44933\/#primaryimage","url":"https:\/\/eurlhosnakamel.dz\/dz\/wp-content\/uploads\/2020\/04\/RIDGID-FILIERE-ASSEMBLY-690-I-230V-BSPT-1-2-2-44933-eurl-hosna-kamel-algerie.jpg","contentUrl":"https:\/\/eurlhosnakamel.dz\/dz\/wp-content\/uploads\/2020\/04\/RIDGID-FILIERE-ASSEMBLY-690-I-230V-BSPT-1-2-2-44933-eurl-hosna-kamel-algerie.jpg","width":512,"height":512},{"@type":"BreadcrumbList","@id":"https:\/\/eurlhosnakamel.dz\/dz\/produit\/ridgid-filiere-assembly-690-i-230v-bspt-1-2-2-44933\/#breadcrumb","itemListElement":[{"@type":"ListItem","position":1,"name":"Accueil","item":"https:\/\/eurlhosnakamel.dz\/dz\/"},{"@type":"ListItem","position":2,"name":"Shop","item":"https:\/\/eurlhosnakamel.dz\/dz\/shop\/"},{"@type":"ListItem","position":3,"name":"RIDGID FILIERE ASSEMBLY 690-I 230V BSPT 1\/2-2&#8243;- 44933"}]},{"@type":"WebSite","@id":"https:\/\/eurlhosnakamel.dz\/dz\/#website","url":"https:\/\/eurlhosnakamel.dz\/dz\/","name":"EURL HOSNA KAMEL","description":"Fournisseur Premium d&#039;Outillages Professionnels en Alg\u00e9rie -","publisher":{"@id":"https:\/\/eurlhosnakamel.dz\/dz\/#organization"},"potentialAction":[{"@type":"SearchAction","target":{"@type":"EntryPoint","urlTemplate":"https:\/\/eurlhosnakamel.dz\/dz\/?s={search_term_string}"},"query-input":"required name=search_term_string"}],"inLanguage":"fr-FR"},{"@type":"Organization","@id":"https:\/\/eurlhosnakamel.dz\/dz\/#organization","name":"EURL HOSNA KAMEL - Bosch alg\u00e9rie","url":"https:\/\/eurlhosnakamel.dz\/dz\/","logo":{"@type":"ImageObject","inLanguage":"fr-FR","@id":"https:\/\/eurlhosnakamel.dz\/dz\/#\/schema\/logo\/image\/","url":"https:\/\/eurlhosnakamel.dz\/wp-content\/uploads\/2020\/04\/LOGO-HOSNA1.png","contentUrl":"https:\/\/eurlhosnakamel.dz\/wp-content\/uploads\/2020\/04\/LOGO-HOSNA1.png","width":120,"height":127,"caption":"EURL HOSNA KAMEL - Bosch alg\u00e9rie"},"image":{"@id":"https:\/\/eurlhosnakamel.dz\/dz\/#\/schema\/logo\/image\/"},"sameAs":["https:\/\/www.facebook.com\/Eurl.Hosna.DZ\/"]}]}},"_links":{"self":[{"href":"https:\/\/eurlhosnakamel.dz\/dz\/wp-json\/wp\/v2\/product\/7827","targetHints":{"allow":["GET"]}}],"collection":[{"href":"https:\/\/eurlhosnakamel.dz\/dz\/wp-json\/wp\/v2\/product"}],"about":[{"href":"https:\/\/eurlhosnakamel.dz\/dz\/wp-json\/wp\/v2\/types\/product"}],"wp:featuredmedia":[{"embeddable":true,"href":"https:\/\/eurlhosnakamel.dz\/dz\/wp-json\/wp\/v2\/media\/7829"}],"wp:attachment":[{"href":"https:\/\/eurlhosnakamel.dz\/dz\/wp-json\/wp\/v2\/media?parent=7827"}],"wp:term":[{"taxonomy":"product_cat","embeddable":true,"href":"https:\/\/eurlhosnakamel.dz\/dz\/wp-json\/wp\/v2\/product_cat?post=7827"},{"taxonomy":"product_tag","embeddable":true,"href":"https:\/\/eurlhosnakamel.dz\/dz\/wp-json\/wp\/v2\/product_tag?post=7827"}],"curies":[{"name":"wp","href":"https:\/\/api.w.org\/{rel}","templated":true}]}}