{"id":7853,"date":"2020-04-22T13:20:49","date_gmt":"2020-04-22T13:20:49","guid":{"rendered":"https:\/\/lhchosting.com\/hosna\/?post_type=product&#038;p=7853"},"modified":"2020-04-22T13:24:31","modified_gmt":"2020-04-22T13:24:31","slug":"ridgid-machine-fileter-1224-1-2-4-26107","status":"publish","type":"product","link":"https:\/\/eurlhosnakamel.dz\/dz\/produit\/ridgid-machine-fileter-1224-1-2-4-26107\/","title":{"rendered":"RIDGID MACHINE FILETER 1224 1\/2&#8243; 4&#8243;  26107"},"content":{"rendered":"<article id=\"features\" class=\"col s12 section scrollspy\">\n<h4>Caract\u00e9ristiques<\/h4>\n<ul class=\"bullet\">\n<li>Un moteur \u00e0 induction minimise le bruit.<\/li>\n<li>En cas de chute de tension, les condensateurs de la 1224 lui permettent de continuer \u00e0 fileter normalement sur toute la gamme.<\/li>\n<li>T\u00eate universelle de 1\/4 \u00e0 2 pouces\u00a0; t\u00eate \u00e0 repoussement automatique de 2 1\u20442 \u00e0 4\u00a0pouces permettant de r\u00e9aliser des filetages taraud\u00e9s ou droits NPT\/NPSM ou BSPT\/BSPP.<\/li>\n<li>Lubrification constante et ad\u00e9quate des peignes et de la pi\u00e8ce \u00e0 fileter par la t\u00eate.<\/li>\n<\/ul>\n<\/article>\n<article id=\"specifications\" class=\"col s12 section scrollspy\">\n<h4>Caract\u00e9ristiques<\/h4>\n<table class=\"alternate odd\">\n<tbody>\n<tr>\n<td>Capacit\u00e9 nominale de tuyau<\/td>\n<td>1\/4\u00a0po &#8211; 2\u00a0po (6\u00a0mm &#8211; 100\u00a0mm) \u00e0 36\u00a0tr\/min, 2-1\/2\u00a0po &#8211; 4\u00a0po (65\u00a0mm &#8211; 100\u00a0mm) \u00e0 12\u00a0tr\/min, 4\u00a0po &#8211; 6\u00a0po (100\u00a0mm &#8211; 150\u00a0mm) avec t\u00eate de d\u00e9multiplication 161.<\/td>\n<\/tr>\n<tr>\n<td>Capacit\u00e9 de boulon<\/td>\n<td>6\u00a0mm &#8211; 50\u00a0mm (1\/4\u00a0po &#8211; 2\u00a0po).<\/td>\n<\/tr>\n<tr>\n<td>Commande moteur<\/td>\n<td>Arri\u00e8re \/ arr\u00eat \/ avant, rotatif de qualit\u00e9 industrielle, avec p\u00e9dale de commande.<\/td>\n<\/tr>\n<tr>\n<td>Bo\u00eete de vitesses<\/td>\n<td>Bo\u00eete \u00e0 deux vitesses avec rapport 3:1.<\/td>\n<\/tr>\n<tr>\n<td>Mandrin<\/td>\n<td>Type \u00e0 chocs avec jeux de mors interchangeables.<\/td>\n<\/tr>\n<tr>\n<td>Dispositif de centrage arri\u00e8re<\/td>\n<td>Action \u00e0 cames.<\/td>\n<\/tr>\n<tr>\n<td>Pompe de lubrification<\/td>\n<td>Auto-amor\u00e7ante, type gerotor, \u00e0 inversion automatique et d\u00e9bit constant.<\/td>\n<\/tr>\n<tr>\n<td>Lubrification<\/td>\n<td>Par la t\u00eate<\/td>\n<\/tr>\n<\/tbody>\n<\/table>\n<p><iframe src=\"https:\/\/www.youtube.com\/embed\/N_qvk6Wv_6Q\" width=\"600\" height=\"338\" frameborder=\"0\" allowfullscreen=\"allowfullscreen\"><span data-mce-type=\"bookmark\" style=\"display: inline-block; width: 0px; overflow: hidden; line-height: 0;\" class=\"mce_SELRES_start\">\ufeff<\/span><\/iframe><\/p>\n<\/article>\n","protected":false},"excerpt":{"rendered":"<p><strong>La 124 est capable de fileter une vaste gamme de conduits en acier, acier galvanis\u00e9 et acier plastifi\u00e9, tuyaux en inox, IMC et s\u00e9rie lourde, ainsi que les ronds d&#8217;une duret\u00e9 maximale de 30 Rockwell C.<\/strong><\/p>\n","protected":false},"featured_media":7861,"template":"","meta":[],"product_cat":[407],"product_tag":[1673],"class_list":{"0":"post-7853","1":"product","2":"type-product","3":"status-publish","4":"has-post-thumbnail","6":"product_cat-plomberie","7":"product_tag-ridgid-machine-fileter-1224-1-2-4-26107","8":"product_brand-ridgid","10":"first","11":"instock","12":"shipping-taxable","13":"product-type-simple","14":"col-xs-6 col-sm-4","15":"col-md-3 col-lg-3","16":"un-4-cols"},"yoast_head":"<!-- This site is optimized with the Yoast SEO plugin v22.5 - https:\/\/yoast.com\/wordpress\/plugins\/seo\/ -->\n<title>RIDGID MACHINE FILETER 1224 1\/2&quot; 4&quot; 26107 - EURL HOSNA KAMEL<\/title>\n<meta name=\"description\" content=\"RIDGID MACHINE FILETER 1224 1\/2&quot; 4&quot; 26107 - EURL HOSNA KAMEL\" \/>\n<meta name=\"robots\" content=\"index, follow, max-snippet:-1, max-image-preview:large, max-video-preview:-1\" \/>\n<link rel=\"canonical\" href=\"https:\/\/eurlhosnakamel.dz\/dz\/produit\/ridgid-machine-fileter-1224-1-2-4-26107\/\" \/>\n<meta property=\"og:locale\" content=\"fr_FR\" \/>\n<meta property=\"og:type\" content=\"article\" \/>\n<meta property=\"og:title\" content=\"RIDGID MACHINE FILETER 1224 1\/2&quot; 4&quot; 26107 - EURL HOSNA KAMEL\" \/>\n<meta property=\"og:description\" content=\"RIDGID MACHINE FILETER 1224 1\/2&quot; 4&quot; 26107 - EURL HOSNA KAMEL\" \/>\n<meta property=\"og:url\" content=\"https:\/\/eurlhosnakamel.dz\/dz\/produit\/ridgid-machine-fileter-1224-1-2-4-26107\/\" \/>\n<meta property=\"og:site_name\" content=\"EURL HOSNA KAMEL\" \/>\n<meta property=\"article:publisher\" content=\"https:\/\/www.facebook.com\/Eurl.Hosna.DZ\/\" \/>\n<meta property=\"article:modified_time\" content=\"2020-04-22T13:24:31+00:00\" \/>\n<meta property=\"og:image\" content=\"https:\/\/eurlhosnakamel.dz\/dz\/wp-content\/uploads\/2020\/04\/RIDGID-MACHINE-FILETER-1224-eurl-hosna-kamel-algerie.jpg\" \/>\n\t<meta property=\"og:image:width\" content=\"512\" \/>\n\t<meta property=\"og:image:height\" content=\"512\" \/>\n\t<meta property=\"og:image:type\" content=\"image\/jpeg\" \/>\n<meta name=\"twitter:card\" content=\"summary_large_image\" \/>\n<meta name=\"twitter:label1\" content=\"Dur\u00e9e de lecture estim\u00e9e\" \/>\n\t<meta name=\"twitter:data1\" content=\"1 minute\" \/>\n<script type=\"application\/ld+json\" class=\"yoast-schema-graph\">{\"@context\":\"https:\/\/schema.org\",\"@graph\":[{\"@type\":\"WebPage\",\"@id\":\"https:\/\/eurlhosnakamel.dz\/dz\/produit\/ridgid-machine-fileter-1224-1-2-4-26107\/\",\"url\":\"https:\/\/eurlhosnakamel.dz\/dz\/produit\/ridgid-machine-fileter-1224-1-2-4-26107\/\",\"name\":\"RIDGID MACHINE FILETER 1224 1\/2\\\" 4\\\" 26107 - EURL HOSNA KAMEL\",\"isPartOf\":{\"@id\":\"https:\/\/eurlhosnakamel.dz\/dz\/#website\"},\"primaryImageOfPage\":{\"@id\":\"https:\/\/eurlhosnakamel.dz\/dz\/produit\/ridgid-machine-fileter-1224-1-2-4-26107\/#primaryimage\"},\"image\":{\"@id\":\"https:\/\/eurlhosnakamel.dz\/dz\/produit\/ridgid-machine-fileter-1224-1-2-4-26107\/#primaryimage\"},\"thumbnailUrl\":\"https:\/\/eurlhosnakamel.dz\/dz\/wp-content\/uploads\/2020\/04\/RIDGID-MACHINE-FILETER-1224-eurl-hosna-kamel-algerie.jpg\",\"datePublished\":\"2020-04-22T13:20:49+00:00\",\"dateModified\":\"2020-04-22T13:24:31+00:00\",\"description\":\"RIDGID MACHINE FILETER 1224 1\/2\\\" 4\\\" 26107 - EURL HOSNA KAMEL\",\"breadcrumb\":{\"@id\":\"https:\/\/eurlhosnakamel.dz\/dz\/produit\/ridgid-machine-fileter-1224-1-2-4-26107\/#breadcrumb\"},\"inLanguage\":\"fr-FR\",\"potentialAction\":[{\"@type\":\"ReadAction\",\"target\":[\"https:\/\/eurlhosnakamel.dz\/dz\/produit\/ridgid-machine-fileter-1224-1-2-4-26107\/\"]}]},{\"@type\":\"ImageObject\",\"inLanguage\":\"fr-FR\",\"@id\":\"https:\/\/eurlhosnakamel.dz\/dz\/produit\/ridgid-machine-fileter-1224-1-2-4-26107\/#primaryimage\",\"url\":\"https:\/\/eurlhosnakamel.dz\/dz\/wp-content\/uploads\/2020\/04\/RIDGID-MACHINE-FILETER-1224-eurl-hosna-kamel-algerie.jpg\",\"contentUrl\":\"https:\/\/eurlhosnakamel.dz\/dz\/wp-content\/uploads\/2020\/04\/RIDGID-MACHINE-FILETER-1224-eurl-hosna-kamel-algerie.jpg\",\"width\":512,\"height\":512},{\"@type\":\"BreadcrumbList\",\"@id\":\"https:\/\/eurlhosnakamel.dz\/dz\/produit\/ridgid-machine-fileter-1224-1-2-4-26107\/#breadcrumb\",\"itemListElement\":[{\"@type\":\"ListItem\",\"position\":1,\"name\":\"Accueil\",\"item\":\"https:\/\/eurlhosnakamel.dz\/dz\/\"},{\"@type\":\"ListItem\",\"position\":2,\"name\":\"Shop\",\"item\":\"https:\/\/eurlhosnakamel.dz\/dz\/shop\/\"},{\"@type\":\"ListItem\",\"position\":3,\"name\":\"RIDGID MACHINE FILETER 1224 1\/2&#8243; 4&#8243; 26107\"}]},{\"@type\":\"WebSite\",\"@id\":\"https:\/\/eurlhosnakamel.dz\/dz\/#website\",\"url\":\"https:\/\/eurlhosnakamel.dz\/dz\/\",\"name\":\"EURL HOSNA KAMEL\",\"description\":\"Fournisseur Premium d&#039;Outillages Professionnels en Alg\u00e9rie -\",\"publisher\":{\"@id\":\"https:\/\/eurlhosnakamel.dz\/dz\/#organization\"},\"potentialAction\":[{\"@type\":\"SearchAction\",\"target\":{\"@type\":\"EntryPoint\",\"urlTemplate\":\"https:\/\/eurlhosnakamel.dz\/dz\/?s={search_term_string}\"},\"query-input\":\"required name=search_term_string\"}],\"inLanguage\":\"fr-FR\"},{\"@type\":\"Organization\",\"@id\":\"https:\/\/eurlhosnakamel.dz\/dz\/#organization\",\"name\":\"EURL HOSNA KAMEL - Bosch alg\u00e9rie\",\"url\":\"https:\/\/eurlhosnakamel.dz\/dz\/\",\"logo\":{\"@type\":\"ImageObject\",\"inLanguage\":\"fr-FR\",\"@id\":\"https:\/\/eurlhosnakamel.dz\/dz\/#\/schema\/logo\/image\/\",\"url\":\"https:\/\/eurlhosnakamel.dz\/wp-content\/uploads\/2020\/04\/LOGO-HOSNA1.png\",\"contentUrl\":\"https:\/\/eurlhosnakamel.dz\/wp-content\/uploads\/2020\/04\/LOGO-HOSNA1.png\",\"width\":120,\"height\":127,\"caption\":\"EURL HOSNA KAMEL - Bosch alg\u00e9rie\"},\"image\":{\"@id\":\"https:\/\/eurlhosnakamel.dz\/dz\/#\/schema\/logo\/image\/\"},\"sameAs\":[\"https:\/\/www.facebook.com\/Eurl.Hosna.DZ\/\"]}]}<\/script>\n<!-- \/ Yoast SEO plugin. -->","yoast_head_json":{"title":"RIDGID MACHINE FILETER 1224 1\/2\" 4\" 26107 - EURL HOSNA KAMEL","description":"RIDGID MACHINE FILETER 1224 1\/2\" 4\" 26107 - EURL HOSNA KAMEL","robots":{"index":"index","follow":"follow","max-snippet":"max-snippet:-1","max-image-preview":"max-image-preview:large","max-video-preview":"max-video-preview:-1"},"canonical":"https:\/\/eurlhosnakamel.dz\/dz\/produit\/ridgid-machine-fileter-1224-1-2-4-26107\/","og_locale":"fr_FR","og_type":"article","og_title":"RIDGID MACHINE FILETER 1224 1\/2\" 4\" 26107 - EURL HOSNA KAMEL","og_description":"RIDGID MACHINE FILETER 1224 1\/2\" 4\" 26107 - EURL HOSNA KAMEL","og_url":"https:\/\/eurlhosnakamel.dz\/dz\/produit\/ridgid-machine-fileter-1224-1-2-4-26107\/","og_site_name":"EURL HOSNA KAMEL","article_publisher":"https:\/\/www.facebook.com\/Eurl.Hosna.DZ\/","article_modified_time":"2020-04-22T13:24:31+00:00","og_image":[{"width":512,"height":512,"url":"https:\/\/eurlhosnakamel.dz\/dz\/wp-content\/uploads\/2020\/04\/RIDGID-MACHINE-FILETER-1224-eurl-hosna-kamel-algerie.jpg","type":"image\/jpeg"}],"twitter_card":"summary_large_image","twitter_misc":{"Dur\u00e9e de lecture estim\u00e9e":"1 minute"},"schema":{"@context":"https:\/\/schema.org","@graph":[{"@type":"WebPage","@id":"https:\/\/eurlhosnakamel.dz\/dz\/produit\/ridgid-machine-fileter-1224-1-2-4-26107\/","url":"https:\/\/eurlhosnakamel.dz\/dz\/produit\/ridgid-machine-fileter-1224-1-2-4-26107\/","name":"RIDGID MACHINE FILETER 1224 1\/2\" 4\" 26107 - EURL HOSNA KAMEL","isPartOf":{"@id":"https:\/\/eurlhosnakamel.dz\/dz\/#website"},"primaryImageOfPage":{"@id":"https:\/\/eurlhosnakamel.dz\/dz\/produit\/ridgid-machine-fileter-1224-1-2-4-26107\/#primaryimage"},"image":{"@id":"https:\/\/eurlhosnakamel.dz\/dz\/produit\/ridgid-machine-fileter-1224-1-2-4-26107\/#primaryimage"},"thumbnailUrl":"https:\/\/eurlhosnakamel.dz\/dz\/wp-content\/uploads\/2020\/04\/RIDGID-MACHINE-FILETER-1224-eurl-hosna-kamel-algerie.jpg","datePublished":"2020-04-22T13:20:49+00:00","dateModified":"2020-04-22T13:24:31+00:00","description":"RIDGID MACHINE FILETER 1224 1\/2\" 4\" 26107 - EURL HOSNA KAMEL","breadcrumb":{"@id":"https:\/\/eurlhosnakamel.dz\/dz\/produit\/ridgid-machine-fileter-1224-1-2-4-26107\/#breadcrumb"},"inLanguage":"fr-FR","potentialAction":[{"@type":"ReadAction","target":["https:\/\/eurlhosnakamel.dz\/dz\/produit\/ridgid-machine-fileter-1224-1-2-4-26107\/"]}]},{"@type":"ImageObject","inLanguage":"fr-FR","@id":"https:\/\/eurlhosnakamel.dz\/dz\/produit\/ridgid-machine-fileter-1224-1-2-4-26107\/#primaryimage","url":"https:\/\/eurlhosnakamel.dz\/dz\/wp-content\/uploads\/2020\/04\/RIDGID-MACHINE-FILETER-1224-eurl-hosna-kamel-algerie.jpg","contentUrl":"https:\/\/eurlhosnakamel.dz\/dz\/wp-content\/uploads\/2020\/04\/RIDGID-MACHINE-FILETER-1224-eurl-hosna-kamel-algerie.jpg","width":512,"height":512},{"@type":"BreadcrumbList","@id":"https:\/\/eurlhosnakamel.dz\/dz\/produit\/ridgid-machine-fileter-1224-1-2-4-26107\/#breadcrumb","itemListElement":[{"@type":"ListItem","position":1,"name":"Accueil","item":"https:\/\/eurlhosnakamel.dz\/dz\/"},{"@type":"ListItem","position":2,"name":"Shop","item":"https:\/\/eurlhosnakamel.dz\/dz\/shop\/"},{"@type":"ListItem","position":3,"name":"RIDGID MACHINE FILETER 1224 1\/2&#8243; 4&#8243; 26107"}]},{"@type":"WebSite","@id":"https:\/\/eurlhosnakamel.dz\/dz\/#website","url":"https:\/\/eurlhosnakamel.dz\/dz\/","name":"EURL HOSNA KAMEL","description":"Fournisseur Premium d&#039;Outillages Professionnels en Alg\u00e9rie -","publisher":{"@id":"https:\/\/eurlhosnakamel.dz\/dz\/#organization"},"potentialAction":[{"@type":"SearchAction","target":{"@type":"EntryPoint","urlTemplate":"https:\/\/eurlhosnakamel.dz\/dz\/?s={search_term_string}"},"query-input":"required name=search_term_string"}],"inLanguage":"fr-FR"},{"@type":"Organization","@id":"https:\/\/eurlhosnakamel.dz\/dz\/#organization","name":"EURL HOSNA KAMEL - Bosch alg\u00e9rie","url":"https:\/\/eurlhosnakamel.dz\/dz\/","logo":{"@type":"ImageObject","inLanguage":"fr-FR","@id":"https:\/\/eurlhosnakamel.dz\/dz\/#\/schema\/logo\/image\/","url":"https:\/\/eurlhosnakamel.dz\/wp-content\/uploads\/2020\/04\/LOGO-HOSNA1.png","contentUrl":"https:\/\/eurlhosnakamel.dz\/wp-content\/uploads\/2020\/04\/LOGO-HOSNA1.png","width":120,"height":127,"caption":"EURL HOSNA KAMEL - Bosch alg\u00e9rie"},"image":{"@id":"https:\/\/eurlhosnakamel.dz\/dz\/#\/schema\/logo\/image\/"},"sameAs":["https:\/\/www.facebook.com\/Eurl.Hosna.DZ\/"]}]}},"_links":{"self":[{"href":"https:\/\/eurlhosnakamel.dz\/dz\/wp-json\/wp\/v2\/product\/7853","targetHints":{"allow":["GET"]}}],"collection":[{"href":"https:\/\/eurlhosnakamel.dz\/dz\/wp-json\/wp\/v2\/product"}],"about":[{"href":"https:\/\/eurlhosnakamel.dz\/dz\/wp-json\/wp\/v2\/types\/product"}],"wp:featuredmedia":[{"embeddable":true,"href":"https:\/\/eurlhosnakamel.dz\/dz\/wp-json\/wp\/v2\/media\/7861"}],"wp:attachment":[{"href":"https:\/\/eurlhosnakamel.dz\/dz\/wp-json\/wp\/v2\/media?parent=7853"}],"wp:term":[{"taxonomy":"product_cat","embeddable":true,"href":"https:\/\/eurlhosnakamel.dz\/dz\/wp-json\/wp\/v2\/product_cat?post=7853"},{"taxonomy":"product_tag","embeddable":true,"href":"https:\/\/eurlhosnakamel.dz\/dz\/wp-json\/wp\/v2\/product_tag?post=7853"}],"curies":[{"name":"wp","href":"https:\/\/api.w.org\/{rel}","templated":true}]}}