{"id":8019,"date":"2020-04-23T13:43:56","date_gmt":"2020-04-23T13:43:56","guid":{"rendered":"https:\/\/lhchosting.com\/hosna\/?post_type=product&#038;p=8019"},"modified":"2020-04-23T13:44:53","modified_gmt":"2020-04-23T13:44:53","slug":"ridgid-cle-a-griffe-48-31040","status":"publish","type":"product","link":"https:\/\/eurlhosnakamel.dz\/dz\/produit\/ridgid-cle-a-griffe-48-31040\/","title":{"rendered":"RIDGID CLE A GRIFFE 48  &#8211; 31040"},"content":{"rendered":"<article id=\"features\" class=\"col s12 section scrollspy\">\n<div class=\"scrollable-table\">\n<table class=\"table-overflow productTable\">\n<thead>\n<tr>\n<th rowspan=\"2\">NUM\u00c9RO DE CATALOGUE<\/th>\n<th class=\"column0 col-1-\" rowspan=\"2\">DESCRIPTION<\/th>\n<th class=\"column1 col-89-\" colspan=\"2\">DIAM\u00c8TRE NOM.<\/th>\n<th class=\"column2 col-173-\" colspan=\"2\">MAX.<\/th>\n<th class=\"column3 col-3-\" colspan=\"2\">POIDS<\/th>\n<\/tr>\n<tr>\n<th class=\"column1 col-89-\">PO<\/th>\n<th class=\"column1 col-89-\">MM<\/th>\n<th class=\"column2 col-173-\">PO<\/th>\n<th class=\"column2 col-173-\">MM<\/th>\n<th class=\"column3 col-3-\">LB<\/th>\n<th class=\"column3 col-3-\">KG<\/th>\n<\/tr>\n<\/thead>\n<tbody data-productid=\"708\">\n<tr class=\"catalogModelRow\" data-saleable=\"False\">\n<td class=\"left-align\">31000<\/td>\n<td class=\"column0 col-1- left-align\">Cl\u00e9 \u00e0 griffe droite haute r\u00e9sistance 6\u00a0po<\/td>\n<td class=\"column1 col-89-\">6<\/td>\n<td class=\"column1 col-89- secondary\">150<\/td>\n<td class=\"column2 col-173-\">3\/4<\/td>\n<td class=\"column2 col-173- secondary\">20<\/td>\n<td class=\"column3 col-3-\">1\/2<\/td>\n<td class=\"column3 col-3- secondary\">0,2<\/td>\n<\/tr>\n<tr class=\"catalogModelRow\" data-saleable=\"False\">\n<td class=\"left-align\">31005<\/td>\n<td class=\"column0 col-1- left-align\">Cl\u00e9 \u00e0 griffe droite haute r\u00e9sistance 8\u00a0po<\/td>\n<td class=\"column1 col-89-\">8<\/td>\n<td class=\"column1 col-89- secondary\">200<\/td>\n<td class=\"column2 col-173-\">1<\/td>\n<td class=\"column2 col-173- secondary\">25<\/td>\n<td class=\"column3 col-3-\">3\/4<\/td>\n<td class=\"column3 col-3- secondary\">0,3<\/td>\n<\/tr>\n<tr class=\"catalogModelRow\" data-saleable=\"False\">\n<td class=\"left-align\">31010<\/td>\n<td class=\"column0 col-1- left-align\">Cl\u00e9 \u00e0 griffe droite haute r\u00e9sistance 10\u00a0po<\/td>\n<td class=\"column1 col-89-\">10<\/td>\n<td class=\"column1 col-89- secondary\">250<\/td>\n<td class=\"column2 col-173-\">1 1\/2<\/td>\n<td class=\"column2 col-173- secondary\">40<\/td>\n<td class=\"column3 col-3-\">1 3\/4<\/td>\n<td class=\"column3 col-3- secondary\">0,8<\/td>\n<\/tr>\n<tr class=\"catalogModelRow\" data-saleable=\"False\">\n<td class=\"left-align\">31015<\/td>\n<td class=\"column0 col-1- left-align\">Cl\u00e9 \u00e0 griffe droite haute r\u00e9sistance 12\u00a0po<\/td>\n<td class=\"column1 col-89-\">12<\/td>\n<td class=\"column1 col-89- secondary\">300<\/td>\n<td class=\"column2 col-173-\">2<\/td>\n<td class=\"column2 col-173- secondary\">50<\/td>\n<td class=\"column3 col-3-\">2 3\/4<\/td>\n<td class=\"column3 col-3- secondary\">1,2<\/td>\n<\/tr>\n<tr class=\"catalogModelRow\" data-saleable=\"False\">\n<td class=\"left-align\">31020<\/td>\n<td class=\"column0 col-1- left-align\">Cl\u00e9 \u00e0 griffe droite haute r\u00e9sistance 14\u00a0po<\/td>\n<td class=\"column1 col-89-\">14<\/td>\n<td class=\"column1 col-89- secondary\">350<\/td>\n<td class=\"column2 col-173-\">2<\/td>\n<td class=\"column2 col-173- secondary\">50<\/td>\n<td class=\"column3 col-3-\">3 1\/2<\/td>\n<td class=\"column3 col-3- secondary\">1,6<\/td>\n<\/tr>\n<tr class=\"catalogModelRow\" data-saleable=\"False\">\n<td class=\"left-align\">31025<\/td>\n<td class=\"column0 col-1- left-align\">Cl\u00e9 \u00e0 griffe droite haute r\u00e9sistance 18\u00a0po<\/td>\n<td class=\"column1 col-89-\">18<\/td>\n<td class=\"column1 col-89- secondary\">450<\/td>\n<td class=\"column2 col-173-\">2 1\/2<\/td>\n<td class=\"column2 col-173- secondary\">65<\/td>\n<td class=\"column3 col-3-\">5 3\/4<\/td>\n<td class=\"column3 col-3- secondary\">2,6<\/td>\n<\/tr>\n<tr class=\"catalogModelRow\" data-saleable=\"False\">\n<td class=\"left-align\">31030<\/td>\n<td class=\"column0 col-1- left-align\">Cl\u00e9 \u00e0 griffe droite haute r\u00e9sistance 24\u00a0po<\/td>\n<td class=\"column1 col-89-\">24<\/td>\n<td class=\"column1 col-89- secondary\">600<\/td>\n<td class=\"column2 col-173-\">3<\/td>\n<td class=\"column2 col-173- secondary\">80<\/td>\n<td class=\"column3 col-3-\">9 3\/4<\/td>\n<td class=\"column3 col-3- secondary\">4,4<\/td>\n<\/tr>\n<tr class=\"catalogModelRow\" data-saleable=\"False\">\n<td class=\"left-align\">31035<\/td>\n<td class=\"column0 col-1- left-align\">Cl\u00e9 \u00e0 griffe droite haute r\u00e9sistance 36\u00a0po<\/td>\n<td class=\"column1 col-89-\">36<\/td>\n<td class=\"column1 col-89- secondary\">900<\/td>\n<td class=\"column2 col-173-\">5<\/td>\n<td class=\"column2 col-173- secondary\">125<\/td>\n<td class=\"column3 col-3-\">19<\/td>\n<td class=\"column3 col-3- secondary\">8,7<\/td>\n<\/tr>\n<tr class=\"catalogModelRow\" data-saleable=\"False\">\n<td class=\"left-align\"><span style=\"color: #ff0000;\"><strong>31040<\/strong><\/span><\/td>\n<td class=\"column0 col-1- left-align\"><span style=\"color: #ff0000;\"><strong>Cl\u00e9 \u00e0 griffe droite haute r\u00e9sistance 48\u00a0po<\/strong><\/span><\/td>\n<td class=\"column1 col-89-\"><span style=\"color: #ff0000;\"><strong>48<\/strong><\/span><\/td>\n<td class=\"column1 col-89- secondary\"><span style=\"color: #ff0000;\"><strong>1\u00a0200<\/strong><\/span><\/td>\n<td class=\"column2 col-173-\"><span style=\"color: #ff0000;\"><strong>6<\/strong><\/span><\/td>\n<td class=\"column2 col-173- secondary\"><span style=\"color: #ff0000;\"><strong>150<\/strong><\/span><\/td>\n<td class=\"column3 col-3-\"><span style=\"color: #ff0000;\"><strong>34 1\/4<\/strong><\/span><\/td>\n<td class=\"column3 col-3- secondary\"><span style=\"color: #ff0000;\"><strong>15,6<\/strong><\/span><\/td>\n<\/tr>\n<tr class=\"catalogModelRow\" data-saleable=\"False\">\n<td class=\"left-align\">31045<\/td>\n<td class=\"column0 col-1- left-align\">Cl\u00e9 \u00e0 griffe droite haute r\u00e9sistance 60\u00a0po<\/td>\n<td class=\"column1 col-89-\">60<\/td>\n<td class=\"column1 col-89- secondary\">1\u00a0500<\/td>\n<td class=\"column2 col-173-\">8<\/td>\n<td class=\"column2 col-173- secondary\">200<\/td>\n<td class=\"column3 col-3-\">51 1\/4<\/td>\n<td class=\"column3 col-3- secondary\">23,3<\/td>\n<\/tr>\n<\/tbody>\n<\/table>\n<\/div>\n<div class=\"tableNotes\">\n<div class=\"footerContainer\">\n<div class=\"footer\">Taille nominale = longueur nominale de la poign\u00e9e<\/div>\n<div class=\"footer\">Capacit\u00e9 nominale du tube = diam\u00e8tre nominal maximum du tube acier<\/div>\n<\/div>\n<\/div>\n<h4>Fonctionnalit\u00e9s<\/h4>\n<ul>\n<li class=\"product_weight\">Les cl\u00e9s \u00e0 griffe droites comprennent un robuste b\u00e2ti en fonte, une poign\u00e9e profil\u00e9e avec m\u00e2choire flottante forg\u00e9e, des filets auto-nettoyants et des m\u00e2choires rempla\u00e7ables.<\/li>\n<li class=\"product_weight\">Les cl\u00e9s \u00e0 griffe professionnelles sont conformes \u00e0 la norme GGG-W65IE, Type II, Classe A.<\/li>\n<\/ul>\n<\/article>\n","protected":false},"excerpt":{"rendered":"<p>&nbsp;<\/p>\n<ul>\n<li><strong>Les cl\u00e9s \u00e0 griffe droites comprennent un robuste b\u00e2ti en fonte ductile, une poign\u00e9e profil\u00e9e avec m\u00e2choire flottante forg\u00e9e, ainsi que des filets auto-nettoyants et des m\u00e2choires rempla\u00e7ables.<\/strong><\/li>\n<li><strong>Les cl\u00e9s \u00e0 griffe professionnelles sont conformes \u00e0 la norme GGG-W65IE, Type\u00a0II, Classe\u00a0A.<\/strong><\/li>\n<\/ul>\n<p>&nbsp;<\/p>\n<p>&nbsp;<\/p>\n","protected":false},"featured_media":7987,"template":"","meta":[],"product_cat":[407],"product_tag":[1717],"class_list":{"0":"post-8019","1":"product","2":"type-product","3":"status-publish","4":"has-post-thumbnail","6":"product_cat-plomberie","7":"product_tag-ridgid-cle-a-griffe-48-31040","8":"product_brand-ridgid","10":"first","11":"instock","12":"shipping-taxable","13":"product-type-simple","14":"col-xs-6 col-sm-4","15":"col-md-3 col-lg-3","16":"un-4-cols"},"yoast_head":"<!-- This site is optimized with the Yoast SEO plugin v22.5 - https:\/\/yoast.com\/wordpress\/plugins\/seo\/ -->\n<title>RIDGID CLE A GRIFFE 48 - 31040 - EURL HOSNA KAMEL<\/title>\n<meta name=\"description\" content=\"RIDGID CLE A GRIFFE 48 - 31040 - EURL HOSNA KAMEL\" \/>\n<meta name=\"robots\" content=\"index, follow, max-snippet:-1, max-image-preview:large, max-video-preview:-1\" \/>\n<link rel=\"canonical\" href=\"https:\/\/eurlhosnakamel.dz\/dz\/produit\/ridgid-cle-a-griffe-48-31040\/\" \/>\n<meta property=\"og:locale\" content=\"fr_FR\" \/>\n<meta property=\"og:type\" content=\"article\" \/>\n<meta property=\"og:title\" content=\"RIDGID CLE A GRIFFE 48 - 31040 - EURL HOSNA KAMEL\" \/>\n<meta property=\"og:description\" content=\"RIDGID CLE A GRIFFE 48 - 31040 - EURL HOSNA KAMEL\" \/>\n<meta property=\"og:url\" content=\"https:\/\/eurlhosnakamel.dz\/dz\/produit\/ridgid-cle-a-griffe-48-31040\/\" \/>\n<meta property=\"og:site_name\" content=\"EURL HOSNA KAMEL\" \/>\n<meta property=\"article:publisher\" content=\"https:\/\/www.facebook.com\/Eurl.Hosna.DZ\/\" \/>\n<meta property=\"article:modified_time\" content=\"2020-04-23T13:44:53+00:00\" \/>\n<meta property=\"og:image\" content=\"https:\/\/eurlhosnakamel.dz\/dz\/wp-content\/uploads\/2020\/04\/RIDGID-CLE-A-GRIF-60-31045-eurl-hosna-kamel-algerie.jpg\" \/>\n\t<meta property=\"og:image:width\" content=\"512\" \/>\n\t<meta property=\"og:image:height\" content=\"512\" \/>\n\t<meta property=\"og:image:type\" content=\"image\/jpeg\" \/>\n<meta name=\"twitter:card\" content=\"summary_large_image\" \/>\n<meta name=\"twitter:label1\" content=\"Dur\u00e9e de lecture estim\u00e9e\" \/>\n\t<meta name=\"twitter:data1\" content=\"1 minute\" \/>\n<script type=\"application\/ld+json\" class=\"yoast-schema-graph\">{\"@context\":\"https:\/\/schema.org\",\"@graph\":[{\"@type\":\"WebPage\",\"@id\":\"https:\/\/eurlhosnakamel.dz\/dz\/produit\/ridgid-cle-a-griffe-48-31040\/\",\"url\":\"https:\/\/eurlhosnakamel.dz\/dz\/produit\/ridgid-cle-a-griffe-48-31040\/\",\"name\":\"RIDGID CLE A GRIFFE 48 - 31040 - EURL HOSNA KAMEL\",\"isPartOf\":{\"@id\":\"https:\/\/eurlhosnakamel.dz\/dz\/#website\"},\"primaryImageOfPage\":{\"@id\":\"https:\/\/eurlhosnakamel.dz\/dz\/produit\/ridgid-cle-a-griffe-48-31040\/#primaryimage\"},\"image\":{\"@id\":\"https:\/\/eurlhosnakamel.dz\/dz\/produit\/ridgid-cle-a-griffe-48-31040\/#primaryimage\"},\"thumbnailUrl\":\"https:\/\/eurlhosnakamel.dz\/dz\/wp-content\/uploads\/2020\/04\/RIDGID-CLE-A-GRIF-60-31045-eurl-hosna-kamel-algerie.jpg\",\"datePublished\":\"2020-04-23T13:43:56+00:00\",\"dateModified\":\"2020-04-23T13:44:53+00:00\",\"description\":\"RIDGID CLE A GRIFFE 48 - 31040 - EURL HOSNA KAMEL\",\"breadcrumb\":{\"@id\":\"https:\/\/eurlhosnakamel.dz\/dz\/produit\/ridgid-cle-a-griffe-48-31040\/#breadcrumb\"},\"inLanguage\":\"fr-FR\",\"potentialAction\":[{\"@type\":\"ReadAction\",\"target\":[\"https:\/\/eurlhosnakamel.dz\/dz\/produit\/ridgid-cle-a-griffe-48-31040\/\"]}]},{\"@type\":\"ImageObject\",\"inLanguage\":\"fr-FR\",\"@id\":\"https:\/\/eurlhosnakamel.dz\/dz\/produit\/ridgid-cle-a-griffe-48-31040\/#primaryimage\",\"url\":\"https:\/\/eurlhosnakamel.dz\/dz\/wp-content\/uploads\/2020\/04\/RIDGID-CLE-A-GRIF-60-31045-eurl-hosna-kamel-algerie.jpg\",\"contentUrl\":\"https:\/\/eurlhosnakamel.dz\/dz\/wp-content\/uploads\/2020\/04\/RIDGID-CLE-A-GRIF-60-31045-eurl-hosna-kamel-algerie.jpg\",\"width\":512,\"height\":512},{\"@type\":\"BreadcrumbList\",\"@id\":\"https:\/\/eurlhosnakamel.dz\/dz\/produit\/ridgid-cle-a-griffe-48-31040\/#breadcrumb\",\"itemListElement\":[{\"@type\":\"ListItem\",\"position\":1,\"name\":\"Accueil\",\"item\":\"https:\/\/eurlhosnakamel.dz\/dz\/\"},{\"@type\":\"ListItem\",\"position\":2,\"name\":\"Shop\",\"item\":\"https:\/\/eurlhosnakamel.dz\/dz\/shop\/\"},{\"@type\":\"ListItem\",\"position\":3,\"name\":\"RIDGID CLE A GRIFFE 48 &#8211; 31040\"}]},{\"@type\":\"WebSite\",\"@id\":\"https:\/\/eurlhosnakamel.dz\/dz\/#website\",\"url\":\"https:\/\/eurlhosnakamel.dz\/dz\/\",\"name\":\"EURL HOSNA KAMEL\",\"description\":\"Fournisseur Premium d&#039;Outillages Professionnels en Alg\u00e9rie -\",\"publisher\":{\"@id\":\"https:\/\/eurlhosnakamel.dz\/dz\/#organization\"},\"potentialAction\":[{\"@type\":\"SearchAction\",\"target\":{\"@type\":\"EntryPoint\",\"urlTemplate\":\"https:\/\/eurlhosnakamel.dz\/dz\/?s={search_term_string}\"},\"query-input\":\"required name=search_term_string\"}],\"inLanguage\":\"fr-FR\"},{\"@type\":\"Organization\",\"@id\":\"https:\/\/eurlhosnakamel.dz\/dz\/#organization\",\"name\":\"EURL HOSNA KAMEL - Bosch alg\u00e9rie\",\"url\":\"https:\/\/eurlhosnakamel.dz\/dz\/\",\"logo\":{\"@type\":\"ImageObject\",\"inLanguage\":\"fr-FR\",\"@id\":\"https:\/\/eurlhosnakamel.dz\/dz\/#\/schema\/logo\/image\/\",\"url\":\"https:\/\/eurlhosnakamel.dz\/wp-content\/uploads\/2020\/04\/LOGO-HOSNA1.png\",\"contentUrl\":\"https:\/\/eurlhosnakamel.dz\/wp-content\/uploads\/2020\/04\/LOGO-HOSNA1.png\",\"width\":120,\"height\":127,\"caption\":\"EURL HOSNA KAMEL - Bosch alg\u00e9rie\"},\"image\":{\"@id\":\"https:\/\/eurlhosnakamel.dz\/dz\/#\/schema\/logo\/image\/\"},\"sameAs\":[\"https:\/\/www.facebook.com\/Eurl.Hosna.DZ\/\"]}]}<\/script>\n<!-- \/ Yoast SEO plugin. -->","yoast_head_json":{"title":"RIDGID CLE A GRIFFE 48 - 31040 - EURL HOSNA KAMEL","description":"RIDGID CLE A GRIFFE 48 - 31040 - EURL HOSNA KAMEL","robots":{"index":"index","follow":"follow","max-snippet":"max-snippet:-1","max-image-preview":"max-image-preview:large","max-video-preview":"max-video-preview:-1"},"canonical":"https:\/\/eurlhosnakamel.dz\/dz\/produit\/ridgid-cle-a-griffe-48-31040\/","og_locale":"fr_FR","og_type":"article","og_title":"RIDGID CLE A GRIFFE 48 - 31040 - EURL HOSNA KAMEL","og_description":"RIDGID CLE A GRIFFE 48 - 31040 - EURL HOSNA KAMEL","og_url":"https:\/\/eurlhosnakamel.dz\/dz\/produit\/ridgid-cle-a-griffe-48-31040\/","og_site_name":"EURL HOSNA KAMEL","article_publisher":"https:\/\/www.facebook.com\/Eurl.Hosna.DZ\/","article_modified_time":"2020-04-23T13:44:53+00:00","og_image":[{"width":512,"height":512,"url":"https:\/\/eurlhosnakamel.dz\/dz\/wp-content\/uploads\/2020\/04\/RIDGID-CLE-A-GRIF-60-31045-eurl-hosna-kamel-algerie.jpg","type":"image\/jpeg"}],"twitter_card":"summary_large_image","twitter_misc":{"Dur\u00e9e de lecture estim\u00e9e":"1 minute"},"schema":{"@context":"https:\/\/schema.org","@graph":[{"@type":"WebPage","@id":"https:\/\/eurlhosnakamel.dz\/dz\/produit\/ridgid-cle-a-griffe-48-31040\/","url":"https:\/\/eurlhosnakamel.dz\/dz\/produit\/ridgid-cle-a-griffe-48-31040\/","name":"RIDGID CLE A GRIFFE 48 - 31040 - EURL HOSNA KAMEL","isPartOf":{"@id":"https:\/\/eurlhosnakamel.dz\/dz\/#website"},"primaryImageOfPage":{"@id":"https:\/\/eurlhosnakamel.dz\/dz\/produit\/ridgid-cle-a-griffe-48-31040\/#primaryimage"},"image":{"@id":"https:\/\/eurlhosnakamel.dz\/dz\/produit\/ridgid-cle-a-griffe-48-31040\/#primaryimage"},"thumbnailUrl":"https:\/\/eurlhosnakamel.dz\/dz\/wp-content\/uploads\/2020\/04\/RIDGID-CLE-A-GRIF-60-31045-eurl-hosna-kamel-algerie.jpg","datePublished":"2020-04-23T13:43:56+00:00","dateModified":"2020-04-23T13:44:53+00:00","description":"RIDGID CLE A GRIFFE 48 - 31040 - EURL HOSNA KAMEL","breadcrumb":{"@id":"https:\/\/eurlhosnakamel.dz\/dz\/produit\/ridgid-cle-a-griffe-48-31040\/#breadcrumb"},"inLanguage":"fr-FR","potentialAction":[{"@type":"ReadAction","target":["https:\/\/eurlhosnakamel.dz\/dz\/produit\/ridgid-cle-a-griffe-48-31040\/"]}]},{"@type":"ImageObject","inLanguage":"fr-FR","@id":"https:\/\/eurlhosnakamel.dz\/dz\/produit\/ridgid-cle-a-griffe-48-31040\/#primaryimage","url":"https:\/\/eurlhosnakamel.dz\/dz\/wp-content\/uploads\/2020\/04\/RIDGID-CLE-A-GRIF-60-31045-eurl-hosna-kamel-algerie.jpg","contentUrl":"https:\/\/eurlhosnakamel.dz\/dz\/wp-content\/uploads\/2020\/04\/RIDGID-CLE-A-GRIF-60-31045-eurl-hosna-kamel-algerie.jpg","width":512,"height":512},{"@type":"BreadcrumbList","@id":"https:\/\/eurlhosnakamel.dz\/dz\/produit\/ridgid-cle-a-griffe-48-31040\/#breadcrumb","itemListElement":[{"@type":"ListItem","position":1,"name":"Accueil","item":"https:\/\/eurlhosnakamel.dz\/dz\/"},{"@type":"ListItem","position":2,"name":"Shop","item":"https:\/\/eurlhosnakamel.dz\/dz\/shop\/"},{"@type":"ListItem","position":3,"name":"RIDGID CLE A GRIFFE 48 &#8211; 31040"}]},{"@type":"WebSite","@id":"https:\/\/eurlhosnakamel.dz\/dz\/#website","url":"https:\/\/eurlhosnakamel.dz\/dz\/","name":"EURL HOSNA KAMEL","description":"Fournisseur Premium d&#039;Outillages Professionnels en Alg\u00e9rie -","publisher":{"@id":"https:\/\/eurlhosnakamel.dz\/dz\/#organization"},"potentialAction":[{"@type":"SearchAction","target":{"@type":"EntryPoint","urlTemplate":"https:\/\/eurlhosnakamel.dz\/dz\/?s={search_term_string}"},"query-input":"required name=search_term_string"}],"inLanguage":"fr-FR"},{"@type":"Organization","@id":"https:\/\/eurlhosnakamel.dz\/dz\/#organization","name":"EURL HOSNA KAMEL - Bosch alg\u00e9rie","url":"https:\/\/eurlhosnakamel.dz\/dz\/","logo":{"@type":"ImageObject","inLanguage":"fr-FR","@id":"https:\/\/eurlhosnakamel.dz\/dz\/#\/schema\/logo\/image\/","url":"https:\/\/eurlhosnakamel.dz\/wp-content\/uploads\/2020\/04\/LOGO-HOSNA1.png","contentUrl":"https:\/\/eurlhosnakamel.dz\/wp-content\/uploads\/2020\/04\/LOGO-HOSNA1.png","width":120,"height":127,"caption":"EURL HOSNA KAMEL - Bosch alg\u00e9rie"},"image":{"@id":"https:\/\/eurlhosnakamel.dz\/dz\/#\/schema\/logo\/image\/"},"sameAs":["https:\/\/www.facebook.com\/Eurl.Hosna.DZ\/"]}]}},"_links":{"self":[{"href":"https:\/\/eurlhosnakamel.dz\/dz\/wp-json\/wp\/v2\/product\/8019","targetHints":{"allow":["GET"]}}],"collection":[{"href":"https:\/\/eurlhosnakamel.dz\/dz\/wp-json\/wp\/v2\/product"}],"about":[{"href":"https:\/\/eurlhosnakamel.dz\/dz\/wp-json\/wp\/v2\/types\/product"}],"wp:featuredmedia":[{"embeddable":true,"href":"https:\/\/eurlhosnakamel.dz\/dz\/wp-json\/wp\/v2\/media\/7987"}],"wp:attachment":[{"href":"https:\/\/eurlhosnakamel.dz\/dz\/wp-json\/wp\/v2\/media?parent=8019"}],"wp:term":[{"taxonomy":"product_cat","embeddable":true,"href":"https:\/\/eurlhosnakamel.dz\/dz\/wp-json\/wp\/v2\/product_cat?post=8019"},{"taxonomy":"product_tag","embeddable":true,"href":"https:\/\/eurlhosnakamel.dz\/dz\/wp-json\/wp\/v2\/product_tag?post=8019"}],"curies":[{"name":"wp","href":"https:\/\/api.w.org\/{rel}","templated":true}]}}