{"id":8047,"date":"2020-04-23T14:02:56","date_gmt":"2020-04-23T14:02:56","guid":{"rendered":"https:\/\/lhchosting.com\/hosna\/?post_type=product&#038;p=8047"},"modified":"2020-04-23T14:04:02","modified_gmt":"2020-04-23T14:04:02","slug":"ridgid-cle-a-molette-24-86932","status":"publish","type":"product","link":"https:\/\/eurlhosnakamel.dz\/dz\/produit\/ridgid-cle-a-molette-24-86932\/","title":{"rendered":"RIDGID CLE A MOLETTE 24  &#8211; 86932"},"content":{"rendered":"<table class=\"table-overflow productTable\">\n<thead>\n<tr>\n<th rowspan=\"2\">NUM\u00c9RO DE CATALOGUE<\/th>\n<th class=\"column0 col-86-\" rowspan=\"2\">N\u00b0 DE MOD\u00c8LE<\/th>\n<th class=\"column1 col-1-\" rowspan=\"2\">DESCRIPTION<\/th>\n<th class=\"column2 col-89-\" colspan=\"2\">DIAM\u00c8TRE NOM.<\/th>\n<th class=\"column3 col-233-\" colspan=\"2\">OUVERTURE DE LA M\u00c2CHOIRE<\/th>\n<th class=\"column4 col-3-\" colspan=\"2\">POIDS<\/th>\n<\/tr>\n<tr>\n<th class=\"column2 col-89-\">PO<\/th>\n<th class=\"column2 col-89-\">MM<\/th>\n<th class=\"column3 col-233-\">PO<\/th>\n<th class=\"column3 col-233-\">MM<\/th>\n<th class=\"column4 col-3-\">LB<\/th>\n<th class=\"column4 col-3-\">KG<\/th>\n<\/tr>\n<\/thead>\n<tbody data-productid=\"737\">\n<tr class=\"catalogModelRow\" data-saleable=\"False\">\n<td class=\"left-align\">86902<\/td>\n<td class=\"column0 col-86- left-align\">756<\/td>\n<td class=\"column1 col-1- left-align\">Cl\u00e9 \u00e0 molette de 6\u00a0po (152\u00a0mm)<\/td>\n<td class=\"column2 col-89-\">6<\/td>\n<td class=\"column2 col-89- secondary\">150<\/td>\n<td class=\"column3 col-233-\">3\/4<\/td>\n<td class=\"column3 col-233- secondary\">20<\/td>\n<td class=\"column4 col-3-\">1\/4<\/td>\n<td class=\"column4 col-3- secondary\">0,1<\/td>\n<\/tr>\n<tr class=\"catalogModelRow\" data-saleable=\"False\">\n<td class=\"left-align\">86907<\/td>\n<td class=\"column0 col-86- left-align\">758<\/td>\n<td class=\"column1 col-1- left-align\">Cl\u00e9 \u00e0 molette de 8\u00a0po (203\u00a0mm)<\/td>\n<td class=\"column2 col-89-\">8<\/td>\n<td class=\"column2 col-89- secondary\">200<\/td>\n<td class=\"column3 col-233-\">7\/8<\/td>\n<td class=\"column3 col-233- secondary\">22<\/td>\n<td class=\"column4 col-3-\">1\/2<\/td>\n<td class=\"column4 col-3- secondary\">0,2<\/td>\n<\/tr>\n<tr class=\"catalogModelRow\" data-saleable=\"False\">\n<td class=\"left-align\">86912<\/td>\n<td class=\"column0 col-86- left-align\">760<\/td>\n<td class=\"column1 col-1- left-align\">Cl\u00e9 \u00e0 molette de 10\u00a0po (254\u00a0mm)<\/td>\n<td class=\"column2 col-89-\">10<\/td>\n<td class=\"column2 col-89- secondary\">250<\/td>\n<td class=\"column3 col-233-\">1 1\/8<\/td>\n<td class=\"column3 col-233- secondary\">30<\/td>\n<td class=\"column4 col-3-\">3\/4<\/td>\n<td class=\"column4 col-3- secondary\">0,3<\/td>\n<\/tr>\n<tr class=\"catalogModelRow\" data-saleable=\"False\">\n<td class=\"left-align\">86917<\/td>\n<td class=\"column0 col-86- left-align\">762<\/td>\n<td class=\"column1 col-1- left-align\">Cl\u00e9 \u00e0 molette de 12\u00a0po (305\u00a0mm)<\/td>\n<td class=\"column2 col-89-\">12<\/td>\n<td class=\"column2 col-89- secondary\">300<\/td>\n<td class=\"column3 col-233-\">1 5\/16<\/td>\n<td class=\"column3 col-233- secondary\">35<\/td>\n<td class=\"column4 col-3-\">1 1\/2<\/td>\n<td class=\"column4 col-3- secondary\">0,6<\/td>\n<\/tr>\n<tr class=\"catalogModelRow\" data-saleable=\"False\">\n<td class=\"left-align\">86922<\/td>\n<td class=\"column0 col-86- left-align\">765<\/td>\n<td class=\"column1 col-1- left-align\">Cl\u00e9 \u00e0 molette de 15\u00a0po (381\u00a0mm)<\/td>\n<td class=\"column2 col-89-\">15<\/td>\n<td class=\"column2 col-89- secondary\">375<\/td>\n<td class=\"column3 col-233-\">1 11\/16<\/td>\n<td class=\"column3 col-233- secondary\">40<\/td>\n<td class=\"column4 col-3-\">3<\/td>\n<td class=\"column4 col-3- secondary\">1,3<\/td>\n<\/tr>\n<tr class=\"catalogModelRow\" data-saleable=\"False\">\n<td class=\"left-align\">86927<\/td>\n<td class=\"column0 col-86- left-align\">768<\/td>\n<td class=\"column1 col-1- left-align\">Cl\u00e9 \u00e0 molette de 18\u00a0po (457\u00a0mm)<\/td>\n<td class=\"column2 col-89-\">18<\/td>\n<td class=\"column2 col-89- secondary\">450<\/td>\n<td class=\"column3 col-233-\">2 1\/8<\/td>\n<td class=\"column3 col-233- secondary\">50<\/td>\n<td class=\"column4 col-3-\">5 1\/8<\/td>\n<td class=\"column4 col-3- secondary\">2,3<\/td>\n<\/tr>\n<tr class=\"catalogModelRow\" data-saleable=\"False\">\n<td class=\"left-align\"><span style=\"color: #ff0000;\"><strong>86932<\/strong><\/span><\/td>\n<td class=\"column0 col-86- left-align\"><span style=\"color: #ff0000;\"><strong>774<\/strong><\/span><\/td>\n<td class=\"column1 col-1- left-align\"><span style=\"color: #ff0000;\"><strong>Cl\u00e9 \u00e0 molette de 24\u00a0po (610\u00a0mm)<\/strong><\/span><\/td>\n<td class=\"column2 col-89-\"><span style=\"color: #ff0000;\"><strong>24<\/strong><\/span><\/td>\n<td class=\"column2 col-89- secondary\"><span style=\"color: #ff0000;\"><strong>600<\/strong><\/span><\/td>\n<td class=\"column3 col-233-\"><span style=\"color: #ff0000;\"><strong>2 7\/16<\/strong><\/span><\/td>\n<td class=\"column3 col-233- secondary\"><span style=\"color: #ff0000;\"><strong>60<\/strong><\/span><\/td>\n<td class=\"column4 col-3-\"><span style=\"color: #ff0000;\"><strong>9 1\/4<\/strong><\/span><\/td>\n<td class=\"column4 col-3- secondary\"><span style=\"color: #ff0000;\"><strong>4,2<\/strong><\/span><\/td>\n<\/tr>\n<\/tbody>\n<\/table>\n","protected":false},"excerpt":{"rendered":"<p>&nbsp;<\/p>\n<ul>\n<li><strong>Alliage d&#8217;acier de qualit\u00e9<\/strong><\/li>\n<li><strong>Placage \u00e0 base de nickel avec finition bross\u00e9e pour limiter la rouille et la corrosion.<\/strong><\/li>\n<li><strong>Forg\u00e9es et thermotrait\u00e9es pour plus de durabilit\u00e9.<\/strong><\/li>\n<li><strong>M\u00e2choire adaptable en unit\u00e9s SAE et m\u00e9triques pour un r\u00e9glage rapide<\/strong><\/li>\n<\/ul>\n<p>&nbsp;<\/p>\n<p>&nbsp;<\/p>\n","protected":false},"featured_media":8023,"template":"","meta":[],"product_cat":[29,589,407],"product_tag":[1727],"class_list":{"0":"post-8047","1":"product","2":"type-product","3":"status-publish","4":"has-post-thumbnail","6":"product_cat-quincaillerie","7":"product_cat-cles-a-molette","8":"product_cat-plomberie","9":"product_tag-ridgid-cle-a-molette-24-86932","10":"product_brand-ridgid","12":"first","13":"instock","14":"shipping-taxable","15":"product-type-simple","16":"col-xs-6 col-sm-4","17":"col-md-3 col-lg-3","18":"un-4-cols"},"yoast_head":"<!-- This site is optimized with the Yoast SEO plugin v22.5 - https:\/\/yoast.com\/wordpress\/plugins\/seo\/ -->\n<title>RIDGID CLE A MOLETTE 24 - 86932 - EURL HOSNA KAMEL<\/title>\n<meta name=\"description\" content=\"RIDGID CLE A MOLETTE 24 - 86932 - EURL HOSNA KAMEL\" \/>\n<meta name=\"robots\" content=\"index, follow, max-snippet:-1, max-image-preview:large, max-video-preview:-1\" \/>\n<link rel=\"canonical\" href=\"https:\/\/eurlhosnakamel.dz\/dz\/produit\/ridgid-cle-a-molette-24-86932\/\" \/>\n<meta property=\"og:locale\" content=\"fr_FR\" \/>\n<meta property=\"og:type\" content=\"article\" \/>\n<meta property=\"og:title\" content=\"RIDGID CLE A MOLETTE 24 - 86932 - EURL HOSNA KAMEL\" \/>\n<meta property=\"og:description\" content=\"RIDGID CLE A MOLETTE 24 - 86932 - EURL HOSNA KAMEL\" \/>\n<meta property=\"og:url\" content=\"https:\/\/eurlhosnakamel.dz\/dz\/produit\/ridgid-cle-a-molette-24-86932\/\" \/>\n<meta property=\"og:site_name\" content=\"EURL HOSNA KAMEL\" \/>\n<meta property=\"article:publisher\" content=\"https:\/\/www.facebook.com\/Eurl.Hosna.DZ\/\" \/>\n<meta property=\"article:modified_time\" content=\"2020-04-23T14:04:02+00:00\" \/>\n<meta property=\"og:image\" content=\"https:\/\/eurlhosnakamel.dz\/dz\/wp-content\/uploads\/2020\/04\/RIDGID-CLE-A-MOLETTE-31045-eurl-hosna-kamel-algerie.jpg\" \/>\n\t<meta property=\"og:image:width\" content=\"512\" \/>\n\t<meta property=\"og:image:height\" content=\"512\" \/>\n\t<meta property=\"og:image:type\" content=\"image\/jpeg\" \/>\n<meta name=\"twitter:card\" content=\"summary_large_image\" \/>\n<script type=\"application\/ld+json\" class=\"yoast-schema-graph\">{\"@context\":\"https:\/\/schema.org\",\"@graph\":[{\"@type\":\"WebPage\",\"@id\":\"https:\/\/eurlhosnakamel.dz\/dz\/produit\/ridgid-cle-a-molette-24-86932\/\",\"url\":\"https:\/\/eurlhosnakamel.dz\/dz\/produit\/ridgid-cle-a-molette-24-86932\/\",\"name\":\"RIDGID CLE A MOLETTE 24 - 86932 - EURL HOSNA KAMEL\",\"isPartOf\":{\"@id\":\"https:\/\/eurlhosnakamel.dz\/dz\/#website\"},\"primaryImageOfPage\":{\"@id\":\"https:\/\/eurlhosnakamel.dz\/dz\/produit\/ridgid-cle-a-molette-24-86932\/#primaryimage\"},\"image\":{\"@id\":\"https:\/\/eurlhosnakamel.dz\/dz\/produit\/ridgid-cle-a-molette-24-86932\/#primaryimage\"},\"thumbnailUrl\":\"https:\/\/eurlhosnakamel.dz\/dz\/wp-content\/uploads\/2020\/04\/RIDGID-CLE-A-MOLETTE-31045-eurl-hosna-kamel-algerie.jpg\",\"datePublished\":\"2020-04-23T14:02:56+00:00\",\"dateModified\":\"2020-04-23T14:04:02+00:00\",\"description\":\"RIDGID CLE A MOLETTE 24 - 86932 - EURL HOSNA KAMEL\",\"breadcrumb\":{\"@id\":\"https:\/\/eurlhosnakamel.dz\/dz\/produit\/ridgid-cle-a-molette-24-86932\/#breadcrumb\"},\"inLanguage\":\"fr-FR\",\"potentialAction\":[{\"@type\":\"ReadAction\",\"target\":[\"https:\/\/eurlhosnakamel.dz\/dz\/produit\/ridgid-cle-a-molette-24-86932\/\"]}]},{\"@type\":\"ImageObject\",\"inLanguage\":\"fr-FR\",\"@id\":\"https:\/\/eurlhosnakamel.dz\/dz\/produit\/ridgid-cle-a-molette-24-86932\/#primaryimage\",\"url\":\"https:\/\/eurlhosnakamel.dz\/dz\/wp-content\/uploads\/2020\/04\/RIDGID-CLE-A-MOLETTE-31045-eurl-hosna-kamel-algerie.jpg\",\"contentUrl\":\"https:\/\/eurlhosnakamel.dz\/dz\/wp-content\/uploads\/2020\/04\/RIDGID-CLE-A-MOLETTE-31045-eurl-hosna-kamel-algerie.jpg\",\"width\":512,\"height\":512},{\"@type\":\"BreadcrumbList\",\"@id\":\"https:\/\/eurlhosnakamel.dz\/dz\/produit\/ridgid-cle-a-molette-24-86932\/#breadcrumb\",\"itemListElement\":[{\"@type\":\"ListItem\",\"position\":1,\"name\":\"Accueil\",\"item\":\"https:\/\/eurlhosnakamel.dz\/dz\/\"},{\"@type\":\"ListItem\",\"position\":2,\"name\":\"Shop\",\"item\":\"https:\/\/eurlhosnakamel.dz\/dz\/shop\/\"},{\"@type\":\"ListItem\",\"position\":3,\"name\":\"RIDGID CLE A MOLETTE 24 &#8211; 86932\"}]},{\"@type\":\"WebSite\",\"@id\":\"https:\/\/eurlhosnakamel.dz\/dz\/#website\",\"url\":\"https:\/\/eurlhosnakamel.dz\/dz\/\",\"name\":\"EURL HOSNA KAMEL\",\"description\":\"Fournisseur Premium d&#039;Outillages Professionnels en Alg\u00e9rie -\",\"publisher\":{\"@id\":\"https:\/\/eurlhosnakamel.dz\/dz\/#organization\"},\"potentialAction\":[{\"@type\":\"SearchAction\",\"target\":{\"@type\":\"EntryPoint\",\"urlTemplate\":\"https:\/\/eurlhosnakamel.dz\/dz\/?s={search_term_string}\"},\"query-input\":\"required name=search_term_string\"}],\"inLanguage\":\"fr-FR\"},{\"@type\":\"Organization\",\"@id\":\"https:\/\/eurlhosnakamel.dz\/dz\/#organization\",\"name\":\"EURL HOSNA KAMEL - Bosch alg\u00e9rie\",\"url\":\"https:\/\/eurlhosnakamel.dz\/dz\/\",\"logo\":{\"@type\":\"ImageObject\",\"inLanguage\":\"fr-FR\",\"@id\":\"https:\/\/eurlhosnakamel.dz\/dz\/#\/schema\/logo\/image\/\",\"url\":\"https:\/\/eurlhosnakamel.dz\/wp-content\/uploads\/2020\/04\/LOGO-HOSNA1.png\",\"contentUrl\":\"https:\/\/eurlhosnakamel.dz\/wp-content\/uploads\/2020\/04\/LOGO-HOSNA1.png\",\"width\":120,\"height\":127,\"caption\":\"EURL HOSNA KAMEL - Bosch alg\u00e9rie\"},\"image\":{\"@id\":\"https:\/\/eurlhosnakamel.dz\/dz\/#\/schema\/logo\/image\/\"},\"sameAs\":[\"https:\/\/www.facebook.com\/Eurl.Hosna.DZ\/\"]}]}<\/script>\n<!-- \/ Yoast SEO plugin. -->","yoast_head_json":{"title":"RIDGID CLE A MOLETTE 24 - 86932 - EURL HOSNA KAMEL","description":"RIDGID CLE A MOLETTE 24 - 86932 - EURL HOSNA KAMEL","robots":{"index":"index","follow":"follow","max-snippet":"max-snippet:-1","max-image-preview":"max-image-preview:large","max-video-preview":"max-video-preview:-1"},"canonical":"https:\/\/eurlhosnakamel.dz\/dz\/produit\/ridgid-cle-a-molette-24-86932\/","og_locale":"fr_FR","og_type":"article","og_title":"RIDGID CLE A MOLETTE 24 - 86932 - EURL HOSNA KAMEL","og_description":"RIDGID CLE A MOLETTE 24 - 86932 - EURL HOSNA KAMEL","og_url":"https:\/\/eurlhosnakamel.dz\/dz\/produit\/ridgid-cle-a-molette-24-86932\/","og_site_name":"EURL HOSNA KAMEL","article_publisher":"https:\/\/www.facebook.com\/Eurl.Hosna.DZ\/","article_modified_time":"2020-04-23T14:04:02+00:00","og_image":[{"width":512,"height":512,"url":"https:\/\/eurlhosnakamel.dz\/dz\/wp-content\/uploads\/2020\/04\/RIDGID-CLE-A-MOLETTE-31045-eurl-hosna-kamel-algerie.jpg","type":"image\/jpeg"}],"twitter_card":"summary_large_image","schema":{"@context":"https:\/\/schema.org","@graph":[{"@type":"WebPage","@id":"https:\/\/eurlhosnakamel.dz\/dz\/produit\/ridgid-cle-a-molette-24-86932\/","url":"https:\/\/eurlhosnakamel.dz\/dz\/produit\/ridgid-cle-a-molette-24-86932\/","name":"RIDGID CLE A MOLETTE 24 - 86932 - EURL HOSNA KAMEL","isPartOf":{"@id":"https:\/\/eurlhosnakamel.dz\/dz\/#website"},"primaryImageOfPage":{"@id":"https:\/\/eurlhosnakamel.dz\/dz\/produit\/ridgid-cle-a-molette-24-86932\/#primaryimage"},"image":{"@id":"https:\/\/eurlhosnakamel.dz\/dz\/produit\/ridgid-cle-a-molette-24-86932\/#primaryimage"},"thumbnailUrl":"https:\/\/eurlhosnakamel.dz\/dz\/wp-content\/uploads\/2020\/04\/RIDGID-CLE-A-MOLETTE-31045-eurl-hosna-kamel-algerie.jpg","datePublished":"2020-04-23T14:02:56+00:00","dateModified":"2020-04-23T14:04:02+00:00","description":"RIDGID CLE A MOLETTE 24 - 86932 - EURL HOSNA KAMEL","breadcrumb":{"@id":"https:\/\/eurlhosnakamel.dz\/dz\/produit\/ridgid-cle-a-molette-24-86932\/#breadcrumb"},"inLanguage":"fr-FR","potentialAction":[{"@type":"ReadAction","target":["https:\/\/eurlhosnakamel.dz\/dz\/produit\/ridgid-cle-a-molette-24-86932\/"]}]},{"@type":"ImageObject","inLanguage":"fr-FR","@id":"https:\/\/eurlhosnakamel.dz\/dz\/produit\/ridgid-cle-a-molette-24-86932\/#primaryimage","url":"https:\/\/eurlhosnakamel.dz\/dz\/wp-content\/uploads\/2020\/04\/RIDGID-CLE-A-MOLETTE-31045-eurl-hosna-kamel-algerie.jpg","contentUrl":"https:\/\/eurlhosnakamel.dz\/dz\/wp-content\/uploads\/2020\/04\/RIDGID-CLE-A-MOLETTE-31045-eurl-hosna-kamel-algerie.jpg","width":512,"height":512},{"@type":"BreadcrumbList","@id":"https:\/\/eurlhosnakamel.dz\/dz\/produit\/ridgid-cle-a-molette-24-86932\/#breadcrumb","itemListElement":[{"@type":"ListItem","position":1,"name":"Accueil","item":"https:\/\/eurlhosnakamel.dz\/dz\/"},{"@type":"ListItem","position":2,"name":"Shop","item":"https:\/\/eurlhosnakamel.dz\/dz\/shop\/"},{"@type":"ListItem","position":3,"name":"RIDGID CLE A MOLETTE 24 &#8211; 86932"}]},{"@type":"WebSite","@id":"https:\/\/eurlhosnakamel.dz\/dz\/#website","url":"https:\/\/eurlhosnakamel.dz\/dz\/","name":"EURL HOSNA KAMEL","description":"Fournisseur Premium d&#039;Outillages Professionnels en Alg\u00e9rie -","publisher":{"@id":"https:\/\/eurlhosnakamel.dz\/dz\/#organization"},"potentialAction":[{"@type":"SearchAction","target":{"@type":"EntryPoint","urlTemplate":"https:\/\/eurlhosnakamel.dz\/dz\/?s={search_term_string}"},"query-input":"required name=search_term_string"}],"inLanguage":"fr-FR"},{"@type":"Organization","@id":"https:\/\/eurlhosnakamel.dz\/dz\/#organization","name":"EURL HOSNA KAMEL - Bosch alg\u00e9rie","url":"https:\/\/eurlhosnakamel.dz\/dz\/","logo":{"@type":"ImageObject","inLanguage":"fr-FR","@id":"https:\/\/eurlhosnakamel.dz\/dz\/#\/schema\/logo\/image\/","url":"https:\/\/eurlhosnakamel.dz\/wp-content\/uploads\/2020\/04\/LOGO-HOSNA1.png","contentUrl":"https:\/\/eurlhosnakamel.dz\/wp-content\/uploads\/2020\/04\/LOGO-HOSNA1.png","width":120,"height":127,"caption":"EURL HOSNA KAMEL - Bosch alg\u00e9rie"},"image":{"@id":"https:\/\/eurlhosnakamel.dz\/dz\/#\/schema\/logo\/image\/"},"sameAs":["https:\/\/www.facebook.com\/Eurl.Hosna.DZ\/"]}]}},"_links":{"self":[{"href":"https:\/\/eurlhosnakamel.dz\/dz\/wp-json\/wp\/v2\/product\/8047","targetHints":{"allow":["GET"]}}],"collection":[{"href":"https:\/\/eurlhosnakamel.dz\/dz\/wp-json\/wp\/v2\/product"}],"about":[{"href":"https:\/\/eurlhosnakamel.dz\/dz\/wp-json\/wp\/v2\/types\/product"}],"wp:featuredmedia":[{"embeddable":true,"href":"https:\/\/eurlhosnakamel.dz\/dz\/wp-json\/wp\/v2\/media\/8023"}],"wp:attachment":[{"href":"https:\/\/eurlhosnakamel.dz\/dz\/wp-json\/wp\/v2\/media?parent=8047"}],"wp:term":[{"taxonomy":"product_cat","embeddable":true,"href":"https:\/\/eurlhosnakamel.dz\/dz\/wp-json\/wp\/v2\/product_cat?post=8047"},{"taxonomy":"product_tag","embeddable":true,"href":"https:\/\/eurlhosnakamel.dz\/dz\/wp-json\/wp\/v2\/product_tag?post=8047"}],"curies":[{"name":"wp","href":"https:\/\/api.w.org\/{rel}","templated":true}]}}