{"id":8069,"date":"2020-04-23T15:17:00","date_gmt":"2020-04-23T15:17:00","guid":{"rendered":"https:\/\/lhchosting.com\/hosna\/?post_type=product&#038;p=8069"},"modified":"2020-04-23T15:17:58","modified_gmt":"2020-04-23T15:17:58","slug":"ridgid-coupe-boulon-30-14228","status":"publish","type":"product","link":"https:\/\/eurlhosnakamel.dz\/dz\/produit\/ridgid-coupe-boulon-30-14228\/","title":{"rendered":"RIDGID COUPE BOULON 30  &#8211; 14228"},"content":{"rendered":"<table class=\"table-overflow productTable\">\n<thead>\n<tr>\n<th rowspan=\"2\">NUM\u00c9RO DE CATALOGUE<\/th>\n<th class=\"column0 col-86-\" rowspan=\"2\">N\u00b0 DE MOD\u00c8LE<\/th>\n<th class=\"column1 col-240-\" colspan=\"2\">CAPACIT\u00c9 \/ M\u00c9TAUX SOUPLES (15RC)1<\/th>\n<th class=\"column2 col-241-\" colspan=\"2\">CAPACIT\u00c9 \/ M\u00c9TAUX MOYENS (31RC)2<\/th>\n<th class=\"column3 col-242-\" colspan=\"2\">CAPACIT\u00c9 \/ M\u00c9TAUX DURS (42RC)3<\/th>\n<th class=\"column4 col-75-\" colspan=\"2\">LONGUEUR HORS TOUT<\/th>\n<\/tr>\n<tr>\n<th class=\"column1 col-240-\">PO<\/th>\n<th class=\"column1 col-240-\">MM<\/th>\n<th class=\"column2 col-241-\">PO<\/th>\n<th class=\"column2 col-241-\">MM<\/th>\n<th class=\"column3 col-242-\">PO<\/th>\n<th class=\"column3 col-242-\">MM<\/th>\n<th class=\"column4 col-75-\">PO<\/th>\n<th class=\"column4 col-75-\">MM<\/th>\n<\/tr>\n<\/thead>\n<tbody data-productid=\"162\">\n<tr class=\"catalogModelRow\" data-saleable=\"False\">\n<td class=\"left-align\">14213<\/td>\n<td class=\"column0 col-86- left-align\">S14<\/td>\n<td class=\"column1 col-240-\">5\/16<\/td>\n<td class=\"column1 col-240- secondary\">7,9<\/td>\n<td class=\"column2 col-241-\">1\/4<\/td>\n<td class=\"column2 col-241- secondary\">6,4<\/td>\n<td class=\"column3 col-242-\">3\/16<\/td>\n<td class=\"column3 col-242- secondary\">4,8<\/td>\n<td class=\"column4 col-75-\">15<\/td>\n<td class=\"column4 col-75- secondary\">379,0<\/td>\n<\/tr>\n<tr class=\"catalogModelRow\" data-saleable=\"False\">\n<td class=\"left-align\">14218<\/td>\n<td class=\"column0 col-86- left-align\">S18<\/td>\n<td class=\"column1 col-240-\">3\/8<\/td>\n<td class=\"column1 col-240- secondary\">9,5<\/td>\n<td class=\"column2 col-241-\">5\/16<\/td>\n<td class=\"column2 col-241- secondary\">7,9<\/td>\n<td class=\"column3 col-242-\">1\/4<\/td>\n<td class=\"column3 col-242- secondary\">6,4<\/td>\n<td class=\"column4 col-75-\">19<\/td>\n<td class=\"column4 col-75- secondary\">485,0<\/td>\n<\/tr>\n<tr class=\"catalogModelRow\" data-saleable=\"False\">\n<td class=\"left-align\">14223<\/td>\n<td class=\"column0 col-86- left-align\">S24<\/td>\n<td class=\"column1 col-240-\">7\/16<\/td>\n<td class=\"column1 col-240- secondary\">11,0<\/td>\n<td class=\"column2 col-241-\">3\/8<\/td>\n<td class=\"column2 col-241- secondary\">9,5<\/td>\n<td class=\"column3 col-242-\">5\/16<\/td>\n<td class=\"column3 col-242- secondary\">7,9<\/td>\n<td class=\"column4 col-75-\">24<\/td>\n<td class=\"column4 col-75- secondary\">610,0<\/td>\n<\/tr>\n<tr class=\"catalogModelRow\" data-saleable=\"False\">\n<td class=\"left-align\"><span style=\"color: #ff0000;\"><strong>14228<\/strong><\/span><\/td>\n<td class=\"column0 col-86- left-align\"><span style=\"color: #ff0000;\"><strong>S30<\/strong><\/span><\/td>\n<td class=\"column1 col-240-\"><span style=\"color: #ff0000;\"><strong>1\/2<\/strong><\/span><\/td>\n<td class=\"column1 col-240- secondary\"><span style=\"color: #ff0000;\"><strong>12,7<\/strong><\/span><\/td>\n<td class=\"column2 col-241-\"><span style=\"color: #ff0000;\"><strong>7\/16<\/strong><\/span><\/td>\n<td class=\"column2 col-241- secondary\"><span style=\"color: #ff0000;\"><strong>11,0<\/strong><\/span><\/td>\n<td class=\"column3 col-242-\"><span style=\"color: #ff0000;\"><strong>3\/8<\/strong><\/span><\/td>\n<td class=\"column3 col-242- secondary\"><span style=\"color: #ff0000;\"><strong>9,5<\/strong><\/span><\/td>\n<td class=\"column4 col-75-\"><span style=\"color: #ff0000;\"><strong>31<\/strong><\/span><\/td>\n<td class=\"column4 col-75- secondary\"><span style=\"color: #ff0000;\"><strong>800,0<\/strong><\/span><\/td>\n<\/tr>\n<tr class=\"catalogModelRow\" data-saleable=\"False\">\n<td class=\"left-align\">14233<\/td>\n<td class=\"column0 col-86- left-align\">S36<\/td>\n<td class=\"column1 col-240-\">9\/16<\/td>\n<td class=\"column1 col-240- secondary\">14,3<\/td>\n<td class=\"column2 col-241-\">1\/2<\/td>\n<td class=\"column2 col-241- secondary\">12,7<\/td>\n<td class=\"column3 col-242-\">7\/16<\/td>\n<td class=\"column3 col-242- secondary\">11,0<\/td>\n<td class=\"column4 col-75-\">38<\/td>\n<td class=\"column4 col-75- secondary\">958,0<\/td>\n<\/tr>\n<tr class=\"catalogModelRow\" data-saleable=\"False\">\n<td class=\"left-align\">14238<\/td>\n<td class=\"column0 col-86- left-align\">S42<\/td>\n<td class=\"column1 col-240-\">11\/16<\/td>\n<td class=\"column1 col-240- secondary\">17,5<\/td>\n<td class=\"column2 col-241-\">9\/16<\/td>\n<td class=\"column2 col-241- secondary\">14,3<\/td>\n<td class=\"column3 col-242-\">1\/2<\/td>\n<td class=\"column3 col-242- secondary\">12,7<\/td>\n<td class=\"column4 col-75-\">44<\/td>\n<td class=\"column4 col-75- secondary\">1,0 &#8211; 115,0<\/td>\n<\/tr>\n<\/tbody>\n<\/table>\n","protected":false},"excerpt":{"rendered":"<ul class=\"bullet\">\n<li><strong>Les m\u00e2choires en alliage d&#8217;acier durci sont con\u00e7ues et fabriqu\u00e9es pour prolonger au maximum la dur\u00e9e de vie des lames.<\/strong><\/li>\n<li><strong>Le m\u00e9canisme \u00e0 came interne \u00e0 un pas est la mani\u00e8re la plus rapide et la plus simple de conserver l&#8217;alignement pr\u00e9cis des lames de coupe.<\/strong><\/li>\n<li><strong>Les poign\u00e9es et prises sont con\u00e7ues pour permettre un avantage m\u00e9canique sup\u00e9rieur pour une coupe nette et contr\u00f4l\u00e9e.<\/strong><\/li>\n<\/ul>\n<p>&nbsp;<\/p>\n<p>&nbsp;<\/p>\n","protected":false},"featured_media":8051,"template":"","meta":[],"product_cat":[29,407],"product_tag":[1735],"class_list":{"0":"post-8069","1":"product","2":"type-product","3":"status-publish","4":"has-post-thumbnail","6":"product_cat-quincaillerie","7":"product_cat-plomberie","8":"product_tag-ridgid-coupe-boulon-30-14228","9":"product_brand-ridgid","11":"first","12":"instock","13":"shipping-taxable","14":"product-type-simple","15":"col-xs-6 col-sm-4","16":"col-md-3 col-lg-3","17":"un-4-cols"},"yoast_head":"<!-- This site is optimized with the Yoast SEO plugin v22.5 - https:\/\/yoast.com\/wordpress\/plugins\/seo\/ -->\n<title>RIDGID COUPE BOULON 30 - 14228 - EURL HOSNA KAMEL<\/title>\n<meta name=\"description\" content=\"RIDGID COUPE BOULON 30 - 14228 - EURL HOSNA KAMEL\" \/>\n<meta name=\"robots\" content=\"index, follow, max-snippet:-1, max-image-preview:large, max-video-preview:-1\" \/>\n<link rel=\"canonical\" href=\"https:\/\/eurlhosnakamel.dz\/dz\/produit\/ridgid-coupe-boulon-30-14228\/\" \/>\n<meta property=\"og:locale\" content=\"fr_FR\" \/>\n<meta property=\"og:type\" content=\"article\" \/>\n<meta property=\"og:title\" content=\"RIDGID COUPE BOULON 30 - 14228 - EURL HOSNA KAMEL\" \/>\n<meta property=\"og:description\" content=\"RIDGID COUPE BOULON 30 - 14228 - EURL HOSNA KAMEL\" \/>\n<meta property=\"og:url\" content=\"https:\/\/eurlhosnakamel.dz\/dz\/produit\/ridgid-coupe-boulon-30-14228\/\" \/>\n<meta property=\"og:site_name\" content=\"EURL HOSNA KAMEL\" \/>\n<meta property=\"article:publisher\" content=\"https:\/\/www.facebook.com\/Eurl.Hosna.DZ\/\" \/>\n<meta property=\"article:modified_time\" content=\"2020-04-23T15:17:58+00:00\" \/>\n<meta property=\"og:image\" content=\"https:\/\/eurlhosnakamel.dz\/dz\/wp-content\/uploads\/2020\/04\/RIDGID-COUPE-BOULON-eurl-hosna-kamel-algerie.jpg\" \/>\n\t<meta property=\"og:image:width\" content=\"512\" \/>\n\t<meta property=\"og:image:height\" content=\"512\" \/>\n\t<meta property=\"og:image:type\" content=\"image\/jpeg\" \/>\n<meta name=\"twitter:card\" content=\"summary_large_image\" \/>\n<script type=\"application\/ld+json\" class=\"yoast-schema-graph\">{\"@context\":\"https:\/\/schema.org\",\"@graph\":[{\"@type\":\"WebPage\",\"@id\":\"https:\/\/eurlhosnakamel.dz\/dz\/produit\/ridgid-coupe-boulon-30-14228\/\",\"url\":\"https:\/\/eurlhosnakamel.dz\/dz\/produit\/ridgid-coupe-boulon-30-14228\/\",\"name\":\"RIDGID COUPE BOULON 30 - 14228 - EURL HOSNA KAMEL\",\"isPartOf\":{\"@id\":\"https:\/\/eurlhosnakamel.dz\/dz\/#website\"},\"primaryImageOfPage\":{\"@id\":\"https:\/\/eurlhosnakamel.dz\/dz\/produit\/ridgid-coupe-boulon-30-14228\/#primaryimage\"},\"image\":{\"@id\":\"https:\/\/eurlhosnakamel.dz\/dz\/produit\/ridgid-coupe-boulon-30-14228\/#primaryimage\"},\"thumbnailUrl\":\"https:\/\/eurlhosnakamel.dz\/dz\/wp-content\/uploads\/2020\/04\/RIDGID-COUPE-BOULON-eurl-hosna-kamel-algerie.jpg\",\"datePublished\":\"2020-04-23T15:17:00+00:00\",\"dateModified\":\"2020-04-23T15:17:58+00:00\",\"description\":\"RIDGID COUPE BOULON 30 - 14228 - EURL HOSNA KAMEL\",\"breadcrumb\":{\"@id\":\"https:\/\/eurlhosnakamel.dz\/dz\/produit\/ridgid-coupe-boulon-30-14228\/#breadcrumb\"},\"inLanguage\":\"fr-FR\",\"potentialAction\":[{\"@type\":\"ReadAction\",\"target\":[\"https:\/\/eurlhosnakamel.dz\/dz\/produit\/ridgid-coupe-boulon-30-14228\/\"]}]},{\"@type\":\"ImageObject\",\"inLanguage\":\"fr-FR\",\"@id\":\"https:\/\/eurlhosnakamel.dz\/dz\/produit\/ridgid-coupe-boulon-30-14228\/#primaryimage\",\"url\":\"https:\/\/eurlhosnakamel.dz\/dz\/wp-content\/uploads\/2020\/04\/RIDGID-COUPE-BOULON-eurl-hosna-kamel-algerie.jpg\",\"contentUrl\":\"https:\/\/eurlhosnakamel.dz\/dz\/wp-content\/uploads\/2020\/04\/RIDGID-COUPE-BOULON-eurl-hosna-kamel-algerie.jpg\",\"width\":512,\"height\":512},{\"@type\":\"BreadcrumbList\",\"@id\":\"https:\/\/eurlhosnakamel.dz\/dz\/produit\/ridgid-coupe-boulon-30-14228\/#breadcrumb\",\"itemListElement\":[{\"@type\":\"ListItem\",\"position\":1,\"name\":\"Accueil\",\"item\":\"https:\/\/eurlhosnakamel.dz\/dz\/\"},{\"@type\":\"ListItem\",\"position\":2,\"name\":\"Shop\",\"item\":\"https:\/\/eurlhosnakamel.dz\/dz\/shop\/\"},{\"@type\":\"ListItem\",\"position\":3,\"name\":\"RIDGID COUPE BOULON 30 &#8211; 14228\"}]},{\"@type\":\"WebSite\",\"@id\":\"https:\/\/eurlhosnakamel.dz\/dz\/#website\",\"url\":\"https:\/\/eurlhosnakamel.dz\/dz\/\",\"name\":\"EURL HOSNA KAMEL\",\"description\":\"Fournisseur Premium d&#039;Outillages Professionnels en Alg\u00e9rie -\",\"publisher\":{\"@id\":\"https:\/\/eurlhosnakamel.dz\/dz\/#organization\"},\"potentialAction\":[{\"@type\":\"SearchAction\",\"target\":{\"@type\":\"EntryPoint\",\"urlTemplate\":\"https:\/\/eurlhosnakamel.dz\/dz\/?s={search_term_string}\"},\"query-input\":\"required name=search_term_string\"}],\"inLanguage\":\"fr-FR\"},{\"@type\":\"Organization\",\"@id\":\"https:\/\/eurlhosnakamel.dz\/dz\/#organization\",\"name\":\"EURL HOSNA KAMEL - Bosch alg\u00e9rie\",\"url\":\"https:\/\/eurlhosnakamel.dz\/dz\/\",\"logo\":{\"@type\":\"ImageObject\",\"inLanguage\":\"fr-FR\",\"@id\":\"https:\/\/eurlhosnakamel.dz\/dz\/#\/schema\/logo\/image\/\",\"url\":\"https:\/\/eurlhosnakamel.dz\/wp-content\/uploads\/2020\/04\/LOGO-HOSNA1.png\",\"contentUrl\":\"https:\/\/eurlhosnakamel.dz\/wp-content\/uploads\/2020\/04\/LOGO-HOSNA1.png\",\"width\":120,\"height\":127,\"caption\":\"EURL HOSNA KAMEL - Bosch alg\u00e9rie\"},\"image\":{\"@id\":\"https:\/\/eurlhosnakamel.dz\/dz\/#\/schema\/logo\/image\/\"},\"sameAs\":[\"https:\/\/www.facebook.com\/Eurl.Hosna.DZ\/\"]}]}<\/script>\n<!-- \/ Yoast SEO plugin. -->","yoast_head_json":{"title":"RIDGID COUPE BOULON 30 - 14228 - EURL HOSNA KAMEL","description":"RIDGID COUPE BOULON 30 - 14228 - EURL HOSNA KAMEL","robots":{"index":"index","follow":"follow","max-snippet":"max-snippet:-1","max-image-preview":"max-image-preview:large","max-video-preview":"max-video-preview:-1"},"canonical":"https:\/\/eurlhosnakamel.dz\/dz\/produit\/ridgid-coupe-boulon-30-14228\/","og_locale":"fr_FR","og_type":"article","og_title":"RIDGID COUPE BOULON 30 - 14228 - EURL HOSNA KAMEL","og_description":"RIDGID COUPE BOULON 30 - 14228 - EURL HOSNA KAMEL","og_url":"https:\/\/eurlhosnakamel.dz\/dz\/produit\/ridgid-coupe-boulon-30-14228\/","og_site_name":"EURL HOSNA KAMEL","article_publisher":"https:\/\/www.facebook.com\/Eurl.Hosna.DZ\/","article_modified_time":"2020-04-23T15:17:58+00:00","og_image":[{"width":512,"height":512,"url":"https:\/\/eurlhosnakamel.dz\/dz\/wp-content\/uploads\/2020\/04\/RIDGID-COUPE-BOULON-eurl-hosna-kamel-algerie.jpg","type":"image\/jpeg"}],"twitter_card":"summary_large_image","schema":{"@context":"https:\/\/schema.org","@graph":[{"@type":"WebPage","@id":"https:\/\/eurlhosnakamel.dz\/dz\/produit\/ridgid-coupe-boulon-30-14228\/","url":"https:\/\/eurlhosnakamel.dz\/dz\/produit\/ridgid-coupe-boulon-30-14228\/","name":"RIDGID COUPE BOULON 30 - 14228 - EURL HOSNA KAMEL","isPartOf":{"@id":"https:\/\/eurlhosnakamel.dz\/dz\/#website"},"primaryImageOfPage":{"@id":"https:\/\/eurlhosnakamel.dz\/dz\/produit\/ridgid-coupe-boulon-30-14228\/#primaryimage"},"image":{"@id":"https:\/\/eurlhosnakamel.dz\/dz\/produit\/ridgid-coupe-boulon-30-14228\/#primaryimage"},"thumbnailUrl":"https:\/\/eurlhosnakamel.dz\/dz\/wp-content\/uploads\/2020\/04\/RIDGID-COUPE-BOULON-eurl-hosna-kamel-algerie.jpg","datePublished":"2020-04-23T15:17:00+00:00","dateModified":"2020-04-23T15:17:58+00:00","description":"RIDGID COUPE BOULON 30 - 14228 - EURL HOSNA KAMEL","breadcrumb":{"@id":"https:\/\/eurlhosnakamel.dz\/dz\/produit\/ridgid-coupe-boulon-30-14228\/#breadcrumb"},"inLanguage":"fr-FR","potentialAction":[{"@type":"ReadAction","target":["https:\/\/eurlhosnakamel.dz\/dz\/produit\/ridgid-coupe-boulon-30-14228\/"]}]},{"@type":"ImageObject","inLanguage":"fr-FR","@id":"https:\/\/eurlhosnakamel.dz\/dz\/produit\/ridgid-coupe-boulon-30-14228\/#primaryimage","url":"https:\/\/eurlhosnakamel.dz\/dz\/wp-content\/uploads\/2020\/04\/RIDGID-COUPE-BOULON-eurl-hosna-kamel-algerie.jpg","contentUrl":"https:\/\/eurlhosnakamel.dz\/dz\/wp-content\/uploads\/2020\/04\/RIDGID-COUPE-BOULON-eurl-hosna-kamel-algerie.jpg","width":512,"height":512},{"@type":"BreadcrumbList","@id":"https:\/\/eurlhosnakamel.dz\/dz\/produit\/ridgid-coupe-boulon-30-14228\/#breadcrumb","itemListElement":[{"@type":"ListItem","position":1,"name":"Accueil","item":"https:\/\/eurlhosnakamel.dz\/dz\/"},{"@type":"ListItem","position":2,"name":"Shop","item":"https:\/\/eurlhosnakamel.dz\/dz\/shop\/"},{"@type":"ListItem","position":3,"name":"RIDGID COUPE BOULON 30 &#8211; 14228"}]},{"@type":"WebSite","@id":"https:\/\/eurlhosnakamel.dz\/dz\/#website","url":"https:\/\/eurlhosnakamel.dz\/dz\/","name":"EURL HOSNA KAMEL","description":"Fournisseur Premium d&#039;Outillages Professionnels en Alg\u00e9rie -","publisher":{"@id":"https:\/\/eurlhosnakamel.dz\/dz\/#organization"},"potentialAction":[{"@type":"SearchAction","target":{"@type":"EntryPoint","urlTemplate":"https:\/\/eurlhosnakamel.dz\/dz\/?s={search_term_string}"},"query-input":"required name=search_term_string"}],"inLanguage":"fr-FR"},{"@type":"Organization","@id":"https:\/\/eurlhosnakamel.dz\/dz\/#organization","name":"EURL HOSNA KAMEL - Bosch alg\u00e9rie","url":"https:\/\/eurlhosnakamel.dz\/dz\/","logo":{"@type":"ImageObject","inLanguage":"fr-FR","@id":"https:\/\/eurlhosnakamel.dz\/dz\/#\/schema\/logo\/image\/","url":"https:\/\/eurlhosnakamel.dz\/wp-content\/uploads\/2020\/04\/LOGO-HOSNA1.png","contentUrl":"https:\/\/eurlhosnakamel.dz\/wp-content\/uploads\/2020\/04\/LOGO-HOSNA1.png","width":120,"height":127,"caption":"EURL HOSNA KAMEL - Bosch alg\u00e9rie"},"image":{"@id":"https:\/\/eurlhosnakamel.dz\/dz\/#\/schema\/logo\/image\/"},"sameAs":["https:\/\/www.facebook.com\/Eurl.Hosna.DZ\/"]}]}},"_links":{"self":[{"href":"https:\/\/eurlhosnakamel.dz\/dz\/wp-json\/wp\/v2\/product\/8069","targetHints":{"allow":["GET"]}}],"collection":[{"href":"https:\/\/eurlhosnakamel.dz\/dz\/wp-json\/wp\/v2\/product"}],"about":[{"href":"https:\/\/eurlhosnakamel.dz\/dz\/wp-json\/wp\/v2\/types\/product"}],"wp:featuredmedia":[{"embeddable":true,"href":"https:\/\/eurlhosnakamel.dz\/dz\/wp-json\/wp\/v2\/media\/8051"}],"wp:attachment":[{"href":"https:\/\/eurlhosnakamel.dz\/dz\/wp-json\/wp\/v2\/media?parent=8069"}],"wp:term":[{"taxonomy":"product_cat","embeddable":true,"href":"https:\/\/eurlhosnakamel.dz\/dz\/wp-json\/wp\/v2\/product_cat?post=8069"},{"taxonomy":"product_tag","embeddable":true,"href":"https:\/\/eurlhosnakamel.dz\/dz\/wp-json\/wp\/v2\/product_tag?post=8069"}],"curies":[{"name":"wp","href":"https:\/\/api.w.org\/{rel}","templated":true}]}}