{"id":8071,"date":"2020-04-23T15:26:11","date_gmt":"2020-04-23T15:26:11","guid":{"rendered":"https:\/\/lhchosting.com\/hosna\/?post_type=product&#038;p=8071"},"modified":"2020-04-23T15:35:14","modified_gmt":"2020-04-23T15:35:14","slug":"ridgid-coupe-tube-15-5-28-mm-32920","status":"publish","type":"product","link":"https:\/\/eurlhosnakamel.dz\/dz\/produit\/ridgid-coupe-tube-15-5-28-mm-32920\/","title":{"rendered":"RIDGID COUPE TUBE 15 &#8211; 5-28 mm 32920"},"content":{"rendered":"<table class=\"table-overflow productTable\">\n<thead>\n<tr>\n<th rowspan=\"2\">NUM\u00c9RO DE CATALOGUE<\/th>\n<th class=\"column0 col-86-\" rowspan=\"2\">N\u00b0 DE MOD\u00c8LE<\/th>\n<th class=\"column1 col-1-\" rowspan=\"2\">DESCRIPTION<\/th>\n<th class=\"column2 col-135-\" rowspan=\"2\">MOLETTE STD<\/th>\n<th class=\"column3 col-25-\" colspan=\"2\">CAPACIT\u00c9<\/th>\n<th class=\"column4 col-3-\" colspan=\"2\">POIDS<\/th>\n<th rowspan=\"2\"><\/th>\n<\/tr>\n<tr>\n<th class=\"column3 col-25-\">PO<\/th>\n<th class=\"column3 col-25-\">MM<\/th>\n<th class=\"column4 col-3-\">LB<\/th>\n<th class=\"column4 col-3-\">KG<\/th>\n<\/tr>\n<\/thead>\n<tbody data-productid=\"744\">\n<tr class=\"catalogModelRow\" data-saleable=\"False\">\n<td class=\"left-align\">32910<\/td>\n<td class=\"column0 col-86- left-align\">10<\/td>\n<td class=\"column1 col-1- left-align\">Coupe-tubes pour tuyaux et conduites \u00e0 avance par vis n\u00b0 10<\/td>\n<td class=\"column2 col-135- left-align\">F-158<\/td>\n<td class=\"column3 col-25-\">1\/8 &#8211; 1<\/td>\n<td class=\"column3 col-25- secondary\">3 &#8211; 25<\/td>\n<td class=\"column4 col-3-\">7\/8<\/td>\n<td class=\"column4 col-3- secondary\">0,40<\/td>\n<td><\/td>\n<\/tr>\n<tr class=\"catalogModelRow\" data-saleable=\"False\">\n<td class=\"left-align\">32915<\/td>\n<td class=\"column0 col-86- left-align\">10<\/td>\n<td class=\"column1 col-1- left-align\">Coupe-tubes pour tuyaux et conduites avec molette haute r\u00e9sistance n\u00b0 10<\/td>\n<td class=\"column2 col-135- left-align\">E-1240<\/td>\n<td class=\"column3 col-25-\">1\/8 &#8211; 1<\/td>\n<td class=\"column3 col-25- secondary\">3 &#8211; 25<\/td>\n<td class=\"column4 col-3-\">7\/8<\/td>\n<td class=\"column4 col-3- secondary\">0,40<\/td>\n<td><\/td>\n<\/tr>\n<tr class=\"catalogModelRow\" data-saleable=\"False\">\n<td class=\"left-align\"><span style=\"color: #ff0000;\"><strong>32920<\/strong><\/span><\/td>\n<td class=\"column0 col-86- left-align\"><span style=\"color: #ff0000;\"><strong>15\u00a0<\/strong><\/span><\/td>\n<td class=\"column1 col-1- left-align\"><span style=\"color: #ff0000;\"><strong>Coupe-tubes pour tuyaux et conduites \u00e0 avance par vis n\u00b0 15\u00a0<\/strong><\/span><\/td>\n<td class=\"column2 col-135- left-align\"><span style=\"color: #ff0000;\"><strong>F-158\u00a0<\/strong><\/span><\/td>\n<td class=\"column3 col-25-\"><span style=\"color: #ff0000;\"><strong>3\/16 &#8211; 1 1\/8\u00a0<\/strong><\/span><\/td>\n<td class=\"column3 col-25- secondary\"><span style=\"color: #ff0000;\"><strong>5 &#8211; 28\u00a0<\/strong><\/span><\/td>\n<td class=\"column4 col-3-\"><span style=\"color: #ff0000;\"><strong>1\/2\u00a0<\/strong><\/span><\/td>\n<td class=\"column4 col-3- secondary\"><span style=\"color: #ff0000;\"><strong>0,68\u00a0<\/strong><\/span><\/td>\n<td><\/td>\n<\/tr>\n<tr class=\"catalogModelRow\" data-saleable=\"False\">\n<td class=\"left-align\">32925<\/td>\n<td class=\"column0 col-86- left-align\">15<\/td>\n<td class=\"column1 col-1- left-align\">Coupe-tubes pour tuyaux et conduites avec molette haute r\u00e9sistance n\u00b0 15<\/td>\n<td class=\"column2 col-135- left-align\">E-1240<\/td>\n<td class=\"column3 col-25-\">3\/16 &#8211; 1 1\/8<\/td>\n<td class=\"column3 col-25- secondary\">5 &#8211; 28<\/td>\n<td class=\"column4 col-3-\">1\/2<\/td>\n<td class=\"column4 col-3- secondary\">0,68<\/td>\n<td><\/td>\n<\/tr>\n<tr class=\"catalogModelRow\" data-saleable=\"False\">\n<td class=\"left-align\">32930<\/td>\n<td class=\"column0 col-86- left-align\">20<\/td>\n<td class=\"column1 col-1- left-align\">Coupe-tubes pour tuyaux et conduites \u00e0 avance par vis n\u00b0 20<\/td>\n<td class=\"column2 col-135- left-align\">F-158<\/td>\n<td class=\"column3 col-25-\">5\/8 &#8211; 2 1\/8<\/td>\n<td class=\"column3 col-25- secondary\">16 &#8211; 54<\/td>\n<td class=\"column4 col-3-\">1 3\/4<\/td>\n<td class=\"column4 col-3- secondary\">0,79<\/td>\n<td><\/td>\n<\/tr>\n<tr class=\"catalogModelRow\" data-saleable=\"False\">\n<td class=\"left-align\">32935<\/td>\n<td class=\"column0 col-86- left-align\">20<\/td>\n<td class=\"column1 col-1- left-align\">Coupe-tubes pour tuyaux et conduites avec molette haute r\u00e9sistance n\u00b0 20<\/td>\n<td class=\"column2 col-135- left-align\">E-1240<\/td>\n<td class=\"column3 col-25-\">5\/8 &#8211; 2 1\/8<\/td>\n<td class=\"column3 col-25- secondary\">16 &#8211; 54<\/td>\n<td class=\"column4 col-3-\">1 3\/4<\/td>\n<td class=\"column4 col-3- secondary\">0,79<\/td>\n<td><\/td>\n<\/tr>\n<tr class=\"catalogModelRow\" data-saleable=\"False\">\n<td class=\"left-align\">32940<\/td>\n<td class=\"column0 col-86- left-align\">30<\/td>\n<td class=\"column1 col-1- left-align\">Coupe-tubes pour tuyaux et conduites \u00e0 avance par vis n\u00b0 30<\/td>\n<td class=\"column2 col-135- left-align\">E-2558<\/td>\n<td class=\"column3 col-25-\">1 &#8211; 3 1\/8<\/td>\n<td class=\"column3 col-25- secondary\">25 &#8211; 79<\/td>\n<td class=\"column4 col-3-\">3 1\/2<\/td>\n<td class=\"column4 col-3- secondary\"><\/td>\n<td><\/td>\n<\/tr>\n<tr class=\"catalogModelRow\" data-saleable=\"False\">\n<td class=\"left-align\">32950<\/td>\n<td class=\"column0 col-86- left-align\">30<\/td>\n<td class=\"column1 col-1- left-align\">Coupe-tubes pour tuyaux et conduites avec molette haute r\u00e9sistance n\u00b0 30<\/td>\n<td class=\"column2 col-135- left-align\">E-2191<\/td>\n<td class=\"column3 col-25-\">1 &#8211; 3 1\/8<\/td>\n<td class=\"column3 col-25- secondary\">25 &#8211; 79<\/td>\n<td class=\"column4 col-3-\">4<\/td>\n<td class=\"column4 col-3- secondary\">1,81<\/td>\n<td><\/td>\n<\/tr>\n<\/tbody>\n<\/table>\n","protected":false},"excerpt":{"rendered":"<p><strong>Vous pouvez r\u00e9aliser facilement des coupes \u00e0 l&#8217;\u00e9querre et nettes sur les tubes en cuivre, en laiton, en aluminium et les conduites \u00e0 parois minces en acier.<\/strong><\/p>\n<ul class=\"bullet\">\n<li><strong>Les boutons X-CEL\u00ae permettent de couper les tubes plus rapidement et plus facilement gr\u00e2ce \u00e0 des mod\u00e8les plus grands et plus ergonomiques.<\/strong><\/li>\n<li><strong>Les mod\u00e8les\u00a010, 15 et 20 sont \u00e9quip\u00e9s d&#8217;un al\u00e9soir r\u00e9tractable pratique.<\/strong><\/li>\n<\/ul>\n<p>&nbsp;<\/p>\n","protected":false},"featured_media":8073,"template":"","meta":[],"product_cat":[29,407],"product_tag":[1737],"class_list":{"0":"post-8071","1":"product","2":"type-product","3":"status-publish","4":"has-post-thumbnail","6":"product_cat-quincaillerie","7":"product_cat-plomberie","8":"product_tag-ridgid-coupe-tube-15-5-28-mm-32920","9":"product_brand-ridgid","11":"first","12":"instock","13":"shipping-taxable","14":"product-type-simple","15":"col-xs-6 col-sm-4","16":"col-md-3 col-lg-3","17":"un-4-cols"},"yoast_head":"<!-- This site is optimized with the Yoast SEO plugin v22.5 - https:\/\/yoast.com\/wordpress\/plugins\/seo\/ -->\n<title>RIDGID COUPE TUBE 15 - 5-28 mm 32920 - EURL HOSNA KAMEL<\/title>\n<meta name=\"description\" content=\"RIDGID COUPE TUBE 15 - 5-28 mm 32920 - EURL HOSNA KAMEL\" \/>\n<meta name=\"robots\" content=\"index, follow, max-snippet:-1, max-image-preview:large, max-video-preview:-1\" \/>\n<link rel=\"canonical\" href=\"https:\/\/eurlhosnakamel.dz\/dz\/produit\/ridgid-coupe-tube-15-5-28-mm-32920\/\" \/>\n<meta property=\"og:locale\" content=\"fr_FR\" \/>\n<meta property=\"og:type\" content=\"article\" \/>\n<meta property=\"og:title\" content=\"RIDGID COUPE TUBE 15 - 5-28 mm 32920 - EURL HOSNA KAMEL\" \/>\n<meta property=\"og:description\" content=\"RIDGID COUPE TUBE 15 - 5-28 mm 32920 - EURL HOSNA KAMEL\" \/>\n<meta property=\"og:url\" content=\"https:\/\/eurlhosnakamel.dz\/dz\/produit\/ridgid-coupe-tube-15-5-28-mm-32920\/\" \/>\n<meta property=\"og:site_name\" content=\"EURL HOSNA KAMEL\" \/>\n<meta property=\"article:publisher\" content=\"https:\/\/www.facebook.com\/Eurl.Hosna.DZ\/\" \/>\n<meta property=\"article:modified_time\" content=\"2020-04-23T15:35:14+00:00\" \/>\n<meta property=\"og:image\" content=\"https:\/\/eurlhosnakamel.dz\/dz\/wp-content\/uploads\/2020\/04\/RIDGID-COUPE-TUBE-eurl-hosna-kamel-algerie.jpg\" \/>\n\t<meta property=\"og:image:width\" content=\"512\" \/>\n\t<meta property=\"og:image:height\" content=\"512\" \/>\n\t<meta property=\"og:image:type\" content=\"image\/jpeg\" \/>\n<meta name=\"twitter:card\" content=\"summary_large_image\" \/>\n<meta name=\"twitter:label1\" content=\"Dur\u00e9e de lecture estim\u00e9e\" \/>\n\t<meta name=\"twitter:data1\" content=\"1 minute\" \/>\n<script type=\"application\/ld+json\" class=\"yoast-schema-graph\">{\"@context\":\"https:\/\/schema.org\",\"@graph\":[{\"@type\":\"WebPage\",\"@id\":\"https:\/\/eurlhosnakamel.dz\/dz\/produit\/ridgid-coupe-tube-15-5-28-mm-32920\/\",\"url\":\"https:\/\/eurlhosnakamel.dz\/dz\/produit\/ridgid-coupe-tube-15-5-28-mm-32920\/\",\"name\":\"RIDGID COUPE TUBE 15 - 5-28 mm 32920 - EURL HOSNA KAMEL\",\"isPartOf\":{\"@id\":\"https:\/\/eurlhosnakamel.dz\/dz\/#website\"},\"primaryImageOfPage\":{\"@id\":\"https:\/\/eurlhosnakamel.dz\/dz\/produit\/ridgid-coupe-tube-15-5-28-mm-32920\/#primaryimage\"},\"image\":{\"@id\":\"https:\/\/eurlhosnakamel.dz\/dz\/produit\/ridgid-coupe-tube-15-5-28-mm-32920\/#primaryimage\"},\"thumbnailUrl\":\"https:\/\/eurlhosnakamel.dz\/dz\/wp-content\/uploads\/2020\/04\/RIDGID-COUPE-TUBE-eurl-hosna-kamel-algerie.jpg\",\"datePublished\":\"2020-04-23T15:26:11+00:00\",\"dateModified\":\"2020-04-23T15:35:14+00:00\",\"description\":\"RIDGID COUPE TUBE 15 - 5-28 mm 32920 - EURL HOSNA KAMEL\",\"breadcrumb\":{\"@id\":\"https:\/\/eurlhosnakamel.dz\/dz\/produit\/ridgid-coupe-tube-15-5-28-mm-32920\/#breadcrumb\"},\"inLanguage\":\"fr-FR\",\"potentialAction\":[{\"@type\":\"ReadAction\",\"target\":[\"https:\/\/eurlhosnakamel.dz\/dz\/produit\/ridgid-coupe-tube-15-5-28-mm-32920\/\"]}]},{\"@type\":\"ImageObject\",\"inLanguage\":\"fr-FR\",\"@id\":\"https:\/\/eurlhosnakamel.dz\/dz\/produit\/ridgid-coupe-tube-15-5-28-mm-32920\/#primaryimage\",\"url\":\"https:\/\/eurlhosnakamel.dz\/dz\/wp-content\/uploads\/2020\/04\/RIDGID-COUPE-TUBE-eurl-hosna-kamel-algerie.jpg\",\"contentUrl\":\"https:\/\/eurlhosnakamel.dz\/dz\/wp-content\/uploads\/2020\/04\/RIDGID-COUPE-TUBE-eurl-hosna-kamel-algerie.jpg\",\"width\":512,\"height\":512},{\"@type\":\"BreadcrumbList\",\"@id\":\"https:\/\/eurlhosnakamel.dz\/dz\/produit\/ridgid-coupe-tube-15-5-28-mm-32920\/#breadcrumb\",\"itemListElement\":[{\"@type\":\"ListItem\",\"position\":1,\"name\":\"Accueil\",\"item\":\"https:\/\/eurlhosnakamel.dz\/dz\/\"},{\"@type\":\"ListItem\",\"position\":2,\"name\":\"Shop\",\"item\":\"https:\/\/eurlhosnakamel.dz\/dz\/shop\/\"},{\"@type\":\"ListItem\",\"position\":3,\"name\":\"RIDGID COUPE TUBE 15 &#8211; 5-28 mm 32920\"}]},{\"@type\":\"WebSite\",\"@id\":\"https:\/\/eurlhosnakamel.dz\/dz\/#website\",\"url\":\"https:\/\/eurlhosnakamel.dz\/dz\/\",\"name\":\"EURL HOSNA KAMEL\",\"description\":\"Fournisseur Premium d&#039;Outillages Professionnels en Alg\u00e9rie -\",\"publisher\":{\"@id\":\"https:\/\/eurlhosnakamel.dz\/dz\/#organization\"},\"potentialAction\":[{\"@type\":\"SearchAction\",\"target\":{\"@type\":\"EntryPoint\",\"urlTemplate\":\"https:\/\/eurlhosnakamel.dz\/dz\/?s={search_term_string}\"},\"query-input\":\"required name=search_term_string\"}],\"inLanguage\":\"fr-FR\"},{\"@type\":\"Organization\",\"@id\":\"https:\/\/eurlhosnakamel.dz\/dz\/#organization\",\"name\":\"EURL HOSNA KAMEL - Bosch alg\u00e9rie\",\"url\":\"https:\/\/eurlhosnakamel.dz\/dz\/\",\"logo\":{\"@type\":\"ImageObject\",\"inLanguage\":\"fr-FR\",\"@id\":\"https:\/\/eurlhosnakamel.dz\/dz\/#\/schema\/logo\/image\/\",\"url\":\"https:\/\/eurlhosnakamel.dz\/wp-content\/uploads\/2020\/04\/LOGO-HOSNA1.png\",\"contentUrl\":\"https:\/\/eurlhosnakamel.dz\/wp-content\/uploads\/2020\/04\/LOGO-HOSNA1.png\",\"width\":120,\"height\":127,\"caption\":\"EURL HOSNA KAMEL - Bosch alg\u00e9rie\"},\"image\":{\"@id\":\"https:\/\/eurlhosnakamel.dz\/dz\/#\/schema\/logo\/image\/\"},\"sameAs\":[\"https:\/\/www.facebook.com\/Eurl.Hosna.DZ\/\"]}]}<\/script>\n<!-- \/ Yoast SEO plugin. -->","yoast_head_json":{"title":"RIDGID COUPE TUBE 15 - 5-28 mm 32920 - EURL HOSNA KAMEL","description":"RIDGID COUPE TUBE 15 - 5-28 mm 32920 - EURL HOSNA KAMEL","robots":{"index":"index","follow":"follow","max-snippet":"max-snippet:-1","max-image-preview":"max-image-preview:large","max-video-preview":"max-video-preview:-1"},"canonical":"https:\/\/eurlhosnakamel.dz\/dz\/produit\/ridgid-coupe-tube-15-5-28-mm-32920\/","og_locale":"fr_FR","og_type":"article","og_title":"RIDGID COUPE TUBE 15 - 5-28 mm 32920 - EURL HOSNA KAMEL","og_description":"RIDGID COUPE TUBE 15 - 5-28 mm 32920 - EURL HOSNA KAMEL","og_url":"https:\/\/eurlhosnakamel.dz\/dz\/produit\/ridgid-coupe-tube-15-5-28-mm-32920\/","og_site_name":"EURL HOSNA KAMEL","article_publisher":"https:\/\/www.facebook.com\/Eurl.Hosna.DZ\/","article_modified_time":"2020-04-23T15:35:14+00:00","og_image":[{"width":512,"height":512,"url":"https:\/\/eurlhosnakamel.dz\/dz\/wp-content\/uploads\/2020\/04\/RIDGID-COUPE-TUBE-eurl-hosna-kamel-algerie.jpg","type":"image\/jpeg"}],"twitter_card":"summary_large_image","twitter_misc":{"Dur\u00e9e de lecture estim\u00e9e":"1 minute"},"schema":{"@context":"https:\/\/schema.org","@graph":[{"@type":"WebPage","@id":"https:\/\/eurlhosnakamel.dz\/dz\/produit\/ridgid-coupe-tube-15-5-28-mm-32920\/","url":"https:\/\/eurlhosnakamel.dz\/dz\/produit\/ridgid-coupe-tube-15-5-28-mm-32920\/","name":"RIDGID COUPE TUBE 15 - 5-28 mm 32920 - EURL HOSNA KAMEL","isPartOf":{"@id":"https:\/\/eurlhosnakamel.dz\/dz\/#website"},"primaryImageOfPage":{"@id":"https:\/\/eurlhosnakamel.dz\/dz\/produit\/ridgid-coupe-tube-15-5-28-mm-32920\/#primaryimage"},"image":{"@id":"https:\/\/eurlhosnakamel.dz\/dz\/produit\/ridgid-coupe-tube-15-5-28-mm-32920\/#primaryimage"},"thumbnailUrl":"https:\/\/eurlhosnakamel.dz\/dz\/wp-content\/uploads\/2020\/04\/RIDGID-COUPE-TUBE-eurl-hosna-kamel-algerie.jpg","datePublished":"2020-04-23T15:26:11+00:00","dateModified":"2020-04-23T15:35:14+00:00","description":"RIDGID COUPE TUBE 15 - 5-28 mm 32920 - EURL HOSNA KAMEL","breadcrumb":{"@id":"https:\/\/eurlhosnakamel.dz\/dz\/produit\/ridgid-coupe-tube-15-5-28-mm-32920\/#breadcrumb"},"inLanguage":"fr-FR","potentialAction":[{"@type":"ReadAction","target":["https:\/\/eurlhosnakamel.dz\/dz\/produit\/ridgid-coupe-tube-15-5-28-mm-32920\/"]}]},{"@type":"ImageObject","inLanguage":"fr-FR","@id":"https:\/\/eurlhosnakamel.dz\/dz\/produit\/ridgid-coupe-tube-15-5-28-mm-32920\/#primaryimage","url":"https:\/\/eurlhosnakamel.dz\/dz\/wp-content\/uploads\/2020\/04\/RIDGID-COUPE-TUBE-eurl-hosna-kamel-algerie.jpg","contentUrl":"https:\/\/eurlhosnakamel.dz\/dz\/wp-content\/uploads\/2020\/04\/RIDGID-COUPE-TUBE-eurl-hosna-kamel-algerie.jpg","width":512,"height":512},{"@type":"BreadcrumbList","@id":"https:\/\/eurlhosnakamel.dz\/dz\/produit\/ridgid-coupe-tube-15-5-28-mm-32920\/#breadcrumb","itemListElement":[{"@type":"ListItem","position":1,"name":"Accueil","item":"https:\/\/eurlhosnakamel.dz\/dz\/"},{"@type":"ListItem","position":2,"name":"Shop","item":"https:\/\/eurlhosnakamel.dz\/dz\/shop\/"},{"@type":"ListItem","position":3,"name":"RIDGID COUPE TUBE 15 &#8211; 5-28 mm 32920"}]},{"@type":"WebSite","@id":"https:\/\/eurlhosnakamel.dz\/dz\/#website","url":"https:\/\/eurlhosnakamel.dz\/dz\/","name":"EURL HOSNA KAMEL","description":"Fournisseur Premium d&#039;Outillages Professionnels en Alg\u00e9rie -","publisher":{"@id":"https:\/\/eurlhosnakamel.dz\/dz\/#organization"},"potentialAction":[{"@type":"SearchAction","target":{"@type":"EntryPoint","urlTemplate":"https:\/\/eurlhosnakamel.dz\/dz\/?s={search_term_string}"},"query-input":"required name=search_term_string"}],"inLanguage":"fr-FR"},{"@type":"Organization","@id":"https:\/\/eurlhosnakamel.dz\/dz\/#organization","name":"EURL HOSNA KAMEL - Bosch alg\u00e9rie","url":"https:\/\/eurlhosnakamel.dz\/dz\/","logo":{"@type":"ImageObject","inLanguage":"fr-FR","@id":"https:\/\/eurlhosnakamel.dz\/dz\/#\/schema\/logo\/image\/","url":"https:\/\/eurlhosnakamel.dz\/wp-content\/uploads\/2020\/04\/LOGO-HOSNA1.png","contentUrl":"https:\/\/eurlhosnakamel.dz\/wp-content\/uploads\/2020\/04\/LOGO-HOSNA1.png","width":120,"height":127,"caption":"EURL HOSNA KAMEL - Bosch alg\u00e9rie"},"image":{"@id":"https:\/\/eurlhosnakamel.dz\/dz\/#\/schema\/logo\/image\/"},"sameAs":["https:\/\/www.facebook.com\/Eurl.Hosna.DZ\/"]}]}},"_links":{"self":[{"href":"https:\/\/eurlhosnakamel.dz\/dz\/wp-json\/wp\/v2\/product\/8071","targetHints":{"allow":["GET"]}}],"collection":[{"href":"https:\/\/eurlhosnakamel.dz\/dz\/wp-json\/wp\/v2\/product"}],"about":[{"href":"https:\/\/eurlhosnakamel.dz\/dz\/wp-json\/wp\/v2\/types\/product"}],"wp:featuredmedia":[{"embeddable":true,"href":"https:\/\/eurlhosnakamel.dz\/dz\/wp-json\/wp\/v2\/media\/8073"}],"wp:attachment":[{"href":"https:\/\/eurlhosnakamel.dz\/dz\/wp-json\/wp\/v2\/media?parent=8071"}],"wp:term":[{"taxonomy":"product_cat","embeddable":true,"href":"https:\/\/eurlhosnakamel.dz\/dz\/wp-json\/wp\/v2\/product_cat?post=8071"},{"taxonomy":"product_tag","embeddable":true,"href":"https:\/\/eurlhosnakamel.dz\/dz\/wp-json\/wp\/v2\/product_tag?post=8071"}],"curies":[{"name":"wp","href":"https:\/\/api.w.org\/{rel}","templated":true}]}}