{"id":8085,"date":"2020-04-23T15:35:31","date_gmt":"2020-04-23T15:35:31","guid":{"rendered":"https:\/\/lhchosting.com\/hosna\/?post_type=product&#038;p=8085"},"modified":"2020-04-23T15:39:12","modified_gmt":"2020-04-23T15:39:12","slug":"ridgid-coupe-tube-150-l-6-35-mm-66737","status":"publish","type":"product","link":"https:\/\/eurlhosnakamel.dz\/dz\/produit\/ridgid-coupe-tube-150-l-6-35-mm-66737\/","title":{"rendered":"RIDGID COUPE TUBE 150 L 6-35 mm &#8211; 66737"},"content":{"rendered":"<table class=\"table-overflow productTable\">\n<thead>\n<tr>\n<th rowspan=\"2\">NUM\u00c9RO DE CATALOGUE<\/th>\n<th class=\"column0 col-86-\" rowspan=\"2\">N\u00b0 DE MOD\u00c8LE<\/th>\n<th class=\"column1 col-1-\" rowspan=\"2\">DESCRIPTION<\/th>\n<th class=\"column2 col-135-\" rowspan=\"2\">MOLETTE STD<\/th>\n<th class=\"column3 col-28-\" colspan=\"2\">PLAGE DE CAPACIT\u00c9S<\/th>\n<th class=\"column4 col-3-\" colspan=\"2\">POIDS<\/th>\n<th rowspan=\"2\"><\/th>\n<\/tr>\n<tr>\n<th class=\"column3 col-28-\">PO<\/th>\n<th class=\"column3 col-28-\">MM<\/th>\n<th class=\"column4 col-3-\">LB<\/th>\n<th class=\"column4 col-3-\">KG<\/th>\n<\/tr>\n<\/thead>\n<tbody data-productid=\"133\">\n<tr class=\"catalogModelRow\" data-saleable=\"False\">\n<td class=\"left-align\">66737<\/td>\n<td class=\"column0 col-86- left-align\">150-L<\/td>\n<td class=\"column1 col-1- left-align\">Coupe-tubes \u00e0 d\u00e9battement constant 150-L, longueur \u00e9tendue<\/td>\n<td class=\"column2 col-135- left-align\">E-3469<\/td>\n<td class=\"column3 col-28-\">1\/4 &#8211; 1 3\/8<\/td>\n<td class=\"column3 col-28- secondary\">6 &#8211; 35<\/td>\n<td class=\"column4 col-3-\">1 1\/8<\/td>\n<td class=\"column4 col-3- secondary\"><\/td>\n<td><\/td>\n<\/tr>\n<tr class=\"catalogModelRow\" data-saleable=\"False\">\n<td class=\"left-align\">66742<\/td>\n<td class=\"column0 col-86- left-align\">150-LS<\/td>\n<td class=\"column1 col-1- left-align\">Coupe-tubes \u00e0 d\u00e9battement constant 150-L, longueur \u00e9tendue avec molette haute r\u00e9sistance<\/td>\n<td class=\"column2 col-135- left-align\">E-4546<\/td>\n<td class=\"column3 col-28-\">1\/4 &#8211; 1 3\/8<\/td>\n<td class=\"column3 col-28- secondary\">6 &#8211; 35<\/td>\n<td class=\"column4 col-3-\">1 1\/8<\/td>\n<td class=\"column4 col-3- secondary\">0,47<\/td>\n<\/tr>\n<\/tbody>\n<\/table>\n<p>&nbsp;<\/p>\n","protected":false},"excerpt":{"rendered":"<ul class=\"bullet\">\n<li><strong>Comprend une vis d&#8217;avance ferm\u00e9e pour \u00e9liminer les colmatages et les bourrages, des rouleaux \u00e0 gorge pour des coupes proches de l&#8217;\u00e9vasement et un al\u00e9soir rabattable.<\/strong><\/li>\n<li><strong>La molette X-CEL\u00ae permet de couper les tubes plus rapidement et plus facilement gr\u00e2ce \u00e0 notre conception plus grande et plus ergonomique.<\/strong><\/li>\n<li><strong>Axe de galet X-CEL \u2013 changez rapidement de galet de coupe gr\u00e2ce \u00e0 notre nouvelle conception de d\u00e9verrouillage \u00e0 bille\u2026 aucun outil requis&#8230; plus d&#8217;attaches perdues\u00a0!<\/strong><\/li>\n<li><strong>Galet de coupe de rechange inclus dans la molette.<\/strong><\/li>\n<li><strong>Coupe les tubes en cuivre, laiton et aluminium et les conduits \u00e0 paroi mince.<\/strong><\/li>\n<\/ul>\n<p>&nbsp;<\/p>\n","protected":false},"featured_media":8087,"template":"","meta":[],"product_cat":[29,407],"product_tag":[1739],"class_list":{"0":"post-8085","1":"product","2":"type-product","3":"status-publish","4":"has-post-thumbnail","6":"product_cat-quincaillerie","7":"product_cat-plomberie","8":"product_tag-ridgid-coupe-tube-150-l-6-35-mm-66737","9":"product_brand-ridgid","11":"first","12":"instock","13":"shipping-taxable","14":"product-type-simple","15":"col-xs-6 col-sm-4","16":"col-md-3 col-lg-3","17":"un-4-cols"},"yoast_head":"<!-- This site is optimized with the Yoast SEO plugin v22.5 - https:\/\/yoast.com\/wordpress\/plugins\/seo\/ -->\n<title>RIDGID COUPE TUBE 150 L 6-35 mm - 66737 - EURL HOSNA KAMEL<\/title>\n<meta name=\"description\" content=\"RIDGID COUPE TUBE 150 L 6-35 mm - 66737 - EURL HOSNA KAMEL\" \/>\n<meta name=\"robots\" content=\"index, follow, max-snippet:-1, max-image-preview:large, max-video-preview:-1\" \/>\n<link rel=\"canonical\" href=\"https:\/\/eurlhosnakamel.dz\/dz\/produit\/ridgid-coupe-tube-150-l-6-35-mm-66737\/\" \/>\n<meta property=\"og:locale\" content=\"fr_FR\" \/>\n<meta property=\"og:type\" content=\"article\" \/>\n<meta property=\"og:title\" content=\"RIDGID COUPE TUBE 150 L 6-35 mm - 66737 - EURL HOSNA KAMEL\" \/>\n<meta property=\"og:description\" content=\"RIDGID COUPE TUBE 150 L 6-35 mm - 66737 - EURL HOSNA KAMEL\" \/>\n<meta property=\"og:url\" content=\"https:\/\/eurlhosnakamel.dz\/dz\/produit\/ridgid-coupe-tube-150-l-6-35-mm-66737\/\" \/>\n<meta property=\"og:site_name\" content=\"EURL HOSNA KAMEL\" \/>\n<meta property=\"article:publisher\" content=\"https:\/\/www.facebook.com\/Eurl.Hosna.DZ\/\" \/>\n<meta property=\"article:modified_time\" content=\"2020-04-23T15:39:12+00:00\" \/>\n<meta property=\"og:image\" content=\"https:\/\/eurlhosnakamel.dz\/dz\/wp-content\/uploads\/2020\/04\/RIDGID-COUPE-TUBE-150L-6-35mm-66737-eurl-hosna-kamel-algerie.jpg\" \/>\n\t<meta property=\"og:image:width\" content=\"512\" \/>\n\t<meta property=\"og:image:height\" content=\"512\" \/>\n\t<meta property=\"og:image:type\" content=\"image\/jpeg\" \/>\n<meta name=\"twitter:card\" content=\"summary_large_image\" \/>\n<script type=\"application\/ld+json\" class=\"yoast-schema-graph\">{\"@context\":\"https:\/\/schema.org\",\"@graph\":[{\"@type\":\"WebPage\",\"@id\":\"https:\/\/eurlhosnakamel.dz\/dz\/produit\/ridgid-coupe-tube-150-l-6-35-mm-66737\/\",\"url\":\"https:\/\/eurlhosnakamel.dz\/dz\/produit\/ridgid-coupe-tube-150-l-6-35-mm-66737\/\",\"name\":\"RIDGID COUPE TUBE 150 L 6-35 mm - 66737 - EURL HOSNA KAMEL\",\"isPartOf\":{\"@id\":\"https:\/\/eurlhosnakamel.dz\/dz\/#website\"},\"primaryImageOfPage\":{\"@id\":\"https:\/\/eurlhosnakamel.dz\/dz\/produit\/ridgid-coupe-tube-150-l-6-35-mm-66737\/#primaryimage\"},\"image\":{\"@id\":\"https:\/\/eurlhosnakamel.dz\/dz\/produit\/ridgid-coupe-tube-150-l-6-35-mm-66737\/#primaryimage\"},\"thumbnailUrl\":\"https:\/\/eurlhosnakamel.dz\/dz\/wp-content\/uploads\/2020\/04\/RIDGID-COUPE-TUBE-150L-6-35mm-66737-eurl-hosna-kamel-algerie.jpg\",\"datePublished\":\"2020-04-23T15:35:31+00:00\",\"dateModified\":\"2020-04-23T15:39:12+00:00\",\"description\":\"RIDGID COUPE TUBE 150 L 6-35 mm - 66737 - EURL HOSNA KAMEL\",\"breadcrumb\":{\"@id\":\"https:\/\/eurlhosnakamel.dz\/dz\/produit\/ridgid-coupe-tube-150-l-6-35-mm-66737\/#breadcrumb\"},\"inLanguage\":\"fr-FR\",\"potentialAction\":[{\"@type\":\"ReadAction\",\"target\":[\"https:\/\/eurlhosnakamel.dz\/dz\/produit\/ridgid-coupe-tube-150-l-6-35-mm-66737\/\"]}]},{\"@type\":\"ImageObject\",\"inLanguage\":\"fr-FR\",\"@id\":\"https:\/\/eurlhosnakamel.dz\/dz\/produit\/ridgid-coupe-tube-150-l-6-35-mm-66737\/#primaryimage\",\"url\":\"https:\/\/eurlhosnakamel.dz\/dz\/wp-content\/uploads\/2020\/04\/RIDGID-COUPE-TUBE-150L-6-35mm-66737-eurl-hosna-kamel-algerie.jpg\",\"contentUrl\":\"https:\/\/eurlhosnakamel.dz\/dz\/wp-content\/uploads\/2020\/04\/RIDGID-COUPE-TUBE-150L-6-35mm-66737-eurl-hosna-kamel-algerie.jpg\",\"width\":512,\"height\":512},{\"@type\":\"BreadcrumbList\",\"@id\":\"https:\/\/eurlhosnakamel.dz\/dz\/produit\/ridgid-coupe-tube-150-l-6-35-mm-66737\/#breadcrumb\",\"itemListElement\":[{\"@type\":\"ListItem\",\"position\":1,\"name\":\"Accueil\",\"item\":\"https:\/\/eurlhosnakamel.dz\/dz\/\"},{\"@type\":\"ListItem\",\"position\":2,\"name\":\"Shop\",\"item\":\"https:\/\/eurlhosnakamel.dz\/dz\/shop\/\"},{\"@type\":\"ListItem\",\"position\":3,\"name\":\"RIDGID COUPE TUBE 150 L 6-35 mm &#8211; 66737\"}]},{\"@type\":\"WebSite\",\"@id\":\"https:\/\/eurlhosnakamel.dz\/dz\/#website\",\"url\":\"https:\/\/eurlhosnakamel.dz\/dz\/\",\"name\":\"EURL HOSNA KAMEL\",\"description\":\"Fournisseur Premium d&#039;Outillages Professionnels en Alg\u00e9rie -\",\"publisher\":{\"@id\":\"https:\/\/eurlhosnakamel.dz\/dz\/#organization\"},\"potentialAction\":[{\"@type\":\"SearchAction\",\"target\":{\"@type\":\"EntryPoint\",\"urlTemplate\":\"https:\/\/eurlhosnakamel.dz\/dz\/?s={search_term_string}\"},\"query-input\":\"required name=search_term_string\"}],\"inLanguage\":\"fr-FR\"},{\"@type\":\"Organization\",\"@id\":\"https:\/\/eurlhosnakamel.dz\/dz\/#organization\",\"name\":\"EURL HOSNA KAMEL - Bosch alg\u00e9rie\",\"url\":\"https:\/\/eurlhosnakamel.dz\/dz\/\",\"logo\":{\"@type\":\"ImageObject\",\"inLanguage\":\"fr-FR\",\"@id\":\"https:\/\/eurlhosnakamel.dz\/dz\/#\/schema\/logo\/image\/\",\"url\":\"https:\/\/eurlhosnakamel.dz\/wp-content\/uploads\/2020\/04\/LOGO-HOSNA1.png\",\"contentUrl\":\"https:\/\/eurlhosnakamel.dz\/wp-content\/uploads\/2020\/04\/LOGO-HOSNA1.png\",\"width\":120,\"height\":127,\"caption\":\"EURL HOSNA KAMEL - Bosch alg\u00e9rie\"},\"image\":{\"@id\":\"https:\/\/eurlhosnakamel.dz\/dz\/#\/schema\/logo\/image\/\"},\"sameAs\":[\"https:\/\/www.facebook.com\/Eurl.Hosna.DZ\/\"]}]}<\/script>\n<!-- \/ Yoast SEO plugin. -->","yoast_head_json":{"title":"RIDGID COUPE TUBE 150 L 6-35 mm - 66737 - EURL HOSNA KAMEL","description":"RIDGID COUPE TUBE 150 L 6-35 mm - 66737 - EURL HOSNA KAMEL","robots":{"index":"index","follow":"follow","max-snippet":"max-snippet:-1","max-image-preview":"max-image-preview:large","max-video-preview":"max-video-preview:-1"},"canonical":"https:\/\/eurlhosnakamel.dz\/dz\/produit\/ridgid-coupe-tube-150-l-6-35-mm-66737\/","og_locale":"fr_FR","og_type":"article","og_title":"RIDGID COUPE TUBE 150 L 6-35 mm - 66737 - EURL HOSNA KAMEL","og_description":"RIDGID COUPE TUBE 150 L 6-35 mm - 66737 - EURL HOSNA KAMEL","og_url":"https:\/\/eurlhosnakamel.dz\/dz\/produit\/ridgid-coupe-tube-150-l-6-35-mm-66737\/","og_site_name":"EURL HOSNA KAMEL","article_publisher":"https:\/\/www.facebook.com\/Eurl.Hosna.DZ\/","article_modified_time":"2020-04-23T15:39:12+00:00","og_image":[{"width":512,"height":512,"url":"https:\/\/eurlhosnakamel.dz\/dz\/wp-content\/uploads\/2020\/04\/RIDGID-COUPE-TUBE-150L-6-35mm-66737-eurl-hosna-kamel-algerie.jpg","type":"image\/jpeg"}],"twitter_card":"summary_large_image","schema":{"@context":"https:\/\/schema.org","@graph":[{"@type":"WebPage","@id":"https:\/\/eurlhosnakamel.dz\/dz\/produit\/ridgid-coupe-tube-150-l-6-35-mm-66737\/","url":"https:\/\/eurlhosnakamel.dz\/dz\/produit\/ridgid-coupe-tube-150-l-6-35-mm-66737\/","name":"RIDGID COUPE TUBE 150 L 6-35 mm - 66737 - EURL HOSNA KAMEL","isPartOf":{"@id":"https:\/\/eurlhosnakamel.dz\/dz\/#website"},"primaryImageOfPage":{"@id":"https:\/\/eurlhosnakamel.dz\/dz\/produit\/ridgid-coupe-tube-150-l-6-35-mm-66737\/#primaryimage"},"image":{"@id":"https:\/\/eurlhosnakamel.dz\/dz\/produit\/ridgid-coupe-tube-150-l-6-35-mm-66737\/#primaryimage"},"thumbnailUrl":"https:\/\/eurlhosnakamel.dz\/dz\/wp-content\/uploads\/2020\/04\/RIDGID-COUPE-TUBE-150L-6-35mm-66737-eurl-hosna-kamel-algerie.jpg","datePublished":"2020-04-23T15:35:31+00:00","dateModified":"2020-04-23T15:39:12+00:00","description":"RIDGID COUPE TUBE 150 L 6-35 mm - 66737 - EURL HOSNA KAMEL","breadcrumb":{"@id":"https:\/\/eurlhosnakamel.dz\/dz\/produit\/ridgid-coupe-tube-150-l-6-35-mm-66737\/#breadcrumb"},"inLanguage":"fr-FR","potentialAction":[{"@type":"ReadAction","target":["https:\/\/eurlhosnakamel.dz\/dz\/produit\/ridgid-coupe-tube-150-l-6-35-mm-66737\/"]}]},{"@type":"ImageObject","inLanguage":"fr-FR","@id":"https:\/\/eurlhosnakamel.dz\/dz\/produit\/ridgid-coupe-tube-150-l-6-35-mm-66737\/#primaryimage","url":"https:\/\/eurlhosnakamel.dz\/dz\/wp-content\/uploads\/2020\/04\/RIDGID-COUPE-TUBE-150L-6-35mm-66737-eurl-hosna-kamel-algerie.jpg","contentUrl":"https:\/\/eurlhosnakamel.dz\/dz\/wp-content\/uploads\/2020\/04\/RIDGID-COUPE-TUBE-150L-6-35mm-66737-eurl-hosna-kamel-algerie.jpg","width":512,"height":512},{"@type":"BreadcrumbList","@id":"https:\/\/eurlhosnakamel.dz\/dz\/produit\/ridgid-coupe-tube-150-l-6-35-mm-66737\/#breadcrumb","itemListElement":[{"@type":"ListItem","position":1,"name":"Accueil","item":"https:\/\/eurlhosnakamel.dz\/dz\/"},{"@type":"ListItem","position":2,"name":"Shop","item":"https:\/\/eurlhosnakamel.dz\/dz\/shop\/"},{"@type":"ListItem","position":3,"name":"RIDGID COUPE TUBE 150 L 6-35 mm &#8211; 66737"}]},{"@type":"WebSite","@id":"https:\/\/eurlhosnakamel.dz\/dz\/#website","url":"https:\/\/eurlhosnakamel.dz\/dz\/","name":"EURL HOSNA KAMEL","description":"Fournisseur Premium d&#039;Outillages Professionnels en Alg\u00e9rie -","publisher":{"@id":"https:\/\/eurlhosnakamel.dz\/dz\/#organization"},"potentialAction":[{"@type":"SearchAction","target":{"@type":"EntryPoint","urlTemplate":"https:\/\/eurlhosnakamel.dz\/dz\/?s={search_term_string}"},"query-input":"required name=search_term_string"}],"inLanguage":"fr-FR"},{"@type":"Organization","@id":"https:\/\/eurlhosnakamel.dz\/dz\/#organization","name":"EURL HOSNA KAMEL - Bosch alg\u00e9rie","url":"https:\/\/eurlhosnakamel.dz\/dz\/","logo":{"@type":"ImageObject","inLanguage":"fr-FR","@id":"https:\/\/eurlhosnakamel.dz\/dz\/#\/schema\/logo\/image\/","url":"https:\/\/eurlhosnakamel.dz\/wp-content\/uploads\/2020\/04\/LOGO-HOSNA1.png","contentUrl":"https:\/\/eurlhosnakamel.dz\/wp-content\/uploads\/2020\/04\/LOGO-HOSNA1.png","width":120,"height":127,"caption":"EURL HOSNA KAMEL - Bosch alg\u00e9rie"},"image":{"@id":"https:\/\/eurlhosnakamel.dz\/dz\/#\/schema\/logo\/image\/"},"sameAs":["https:\/\/www.facebook.com\/Eurl.Hosna.DZ\/"]}]}},"_links":{"self":[{"href":"https:\/\/eurlhosnakamel.dz\/dz\/wp-json\/wp\/v2\/product\/8085","targetHints":{"allow":["GET"]}}],"collection":[{"href":"https:\/\/eurlhosnakamel.dz\/dz\/wp-json\/wp\/v2\/product"}],"about":[{"href":"https:\/\/eurlhosnakamel.dz\/dz\/wp-json\/wp\/v2\/types\/product"}],"wp:featuredmedia":[{"embeddable":true,"href":"https:\/\/eurlhosnakamel.dz\/dz\/wp-json\/wp\/v2\/media\/8087"}],"wp:attachment":[{"href":"https:\/\/eurlhosnakamel.dz\/dz\/wp-json\/wp\/v2\/media?parent=8085"}],"wp:term":[{"taxonomy":"product_cat","embeddable":true,"href":"https:\/\/eurlhosnakamel.dz\/dz\/wp-json\/wp\/v2\/product_cat?post=8085"},{"taxonomy":"product_tag","embeddable":true,"href":"https:\/\/eurlhosnakamel.dz\/dz\/wp-json\/wp\/v2\/product_tag?post=8085"}],"curies":[{"name":"wp","href":"https:\/\/api.w.org\/{rel}","templated":true}]}}