{"id":8097,"date":"2020-04-23T15:50:10","date_gmt":"2020-04-23T15:50:10","guid":{"rendered":"https:\/\/lhchosting.com\/hosna\/?post_type=product&#038;p=8097"},"modified":"2021-07-08T08:53:33","modified_gmt":"2021-07-08T08:53:33","slug":"ridgid-cisaille-a-course-unique-plastique-pc-1375-23493","status":"publish","type":"product","link":"https:\/\/eurlhosnakamel.dz\/dz\/produit\/ridgid-cisaille-a-course-unique-plastique-pc-1375-23493\/","title":{"rendered":"RIDGID CISAILLE A COURSE UNIQUE PLASTIQUE PC 1375  &#8211; 23493"},"content":{"rendered":"<div class=\"scrollable-table\">\n<table class=\"table-overflow productTable\">\n<thead>\n<tr>\n<th rowspan=\"2\">NUM\u00c9RO DE CATALOGUE<\/th>\n<th class=\"column0 col-86-\" rowspan=\"2\">N\u00b0 DE MOD\u00c8LE<\/th>\n<th class=\"column1 col-1-\" rowspan=\"2\">DESCRIPTION<\/th>\n<th class=\"column2 col-26-\" colspan=\"2\">CAPACIT\u00c9 (DIAM. EXT.)<\/th>\n<th class=\"column3 col-3-\" colspan=\"2\">POIDS<\/th>\n<th rowspan=\"2\"><\/th>\n<\/tr>\n<tr>\n<th class=\"column2 col-26-\">PO<\/th>\n<th class=\"column2 col-26-\">MM<\/th>\n<th class=\"column3 col-3-\">LB<\/th>\n<th class=\"column3 col-3-\">KG<\/th>\n<\/tr>\n<\/thead>\n<tbody data-productid=\"746\">\n<tr class=\"catalogModelRow\" data-saleable=\"False\">\n<td class=\"left-align\">23488<\/td>\n<td class=\"column0 col-86- left-align\">PC-1250<\/td>\n<td class=\"column1 col-1- left-align\">Coupe-tubes \u00e0 course unique PC-1250 pour tubes et tuyaux en plastique<\/td>\n<td class=\"column2 col-26-\">1\/8 &#8211; 1 5\/8<\/td>\n<td class=\"column2 col-26- secondary\">3 &#8211; 42<\/td>\n<td class=\"column3 col-3-\">3\/5<\/td>\n<td class=\"column3 col-3- secondary\">0,27<\/td>\n<td><\/td>\n<\/tr>\n<tr class=\"catalogModelRow\" data-saleable=\"False\">\n<td class=\"left-align\">26803<\/td>\n<td class=\"column0 col-86- left-align\">PCB-1250<\/td>\n<td class=\"column1 col-1- left-align\">Lame de rechange PC-1250<\/td>\n<td class=\"column2 col-26-\">&#8211;<\/td>\n<td class=\"column2 col-26- secondary\">&#8211;<\/td>\n<td class=\"column3 col-3-\">9\/50<\/td>\n<td class=\"column3 col-3- secondary\">0,08<\/td>\n<td><\/td>\n<\/tr>\n<tr class=\"catalogModelRow\" data-saleable=\"False\">\n<td class=\"left-align\"><span style=\"color: #ff0000;\"><strong>23493<\/strong><\/span><\/td>\n<td class=\"column0 col-86- left-align\"><span style=\"color: #ff0000;\"><strong>PC-1375 ML\u00a0<\/strong><\/span><\/td>\n<td class=\"column1 col-1- left-align\"><span style=\"color: #ff0000;\"><strong>Coupe-tubes \u00e0 course unique\u00a0PC-1375 pour tubes et tuyaux en plastique\u00a0<\/strong><\/span><\/td>\n<td class=\"column2 col-26-\"><span style=\"color: #ff0000;\"><strong>1\/8 &#8211; 1 3\/8\u00a0\u00a0<span class=\"asterisk\">*<\/span><\/strong><\/span><\/td>\n<td class=\"column2 col-26- secondary\"><span style=\"color: #ff0000;\"><strong>3 &#8211; 35\u00a0\u00a0<span class=\"asterisk\">*<\/span><\/strong><\/span><\/td>\n<td class=\"column3 col-3-\"><span style=\"color: #ff0000;\"><strong>1 1\/5\u00a0<\/strong><\/span><\/td>\n<td class=\"column3 col-3- secondary\"><span style=\"color: #ff0000;\"><strong>0,54<\/strong><\/span><\/td>\n<td><\/td>\n<\/tr>\n<tr class=\"catalogModelRow\" data-saleable=\"False\">\n<td class=\"left-align\">25588<\/td>\n<td class=\"column0 col-86- left-align\">PCB-1375<\/td>\n<td class=\"column1 col-1- left-align\">Lame de rechange\u00a0PC-1375<\/td>\n<td class=\"column2 col-26-\">&#8211;<\/td>\n<td class=\"column2 col-26- secondary\">&#8211;<\/td>\n<td class=\"column3 col-3-\">1\/5<\/td>\n<td class=\"column3 col-3- secondary\">0,09<\/td>\n<td><\/td>\n<\/tr>\n<\/tbody>\n<\/table>\n<\/div>\n<div class=\"tableNotes\">\n<div class=\"footerContainer\"><\/div>\n<div class=\"footnoteContainer\">\n<div class=\"footnote\"><label>*<\/label>\u00a03-25 mm (0.1&#8243;-1&#8243;) avec l&#8217;utilisation d&#8217;un adaptateur ML<\/div>\n<\/div>\n<\/div>\n","protected":false},"excerpt":{"rendered":"<ul class=\"bullet\">\n<li><strong>Pour tubes en plastique (PVC, CPVC, PP, PEX, PE) et multicouches.<\/strong><\/li>\n<li><strong>Poign\u00e9es \u00e0 ressort pour un positionnement plus rapide. Course unique, coupe facile.<\/strong><\/li>\n<li><strong>Le mod\u00e8le PC-1250 dispose d&#8217;une une lame r\u00e9versible qui double sa dur\u00e9e de vie. N&#8217;est pas adapt\u00e9 pour couper les tubes multicouches.<\/strong><\/li>\n<li><strong>Le PC-1375 ML est dot\u00e9 d&#8217;une construction en aluminium durable pour une utilisation intensive. Adaptateur\u00a0ML \u00e0 montage rapide assurant une coupe am\u00e9lior\u00e9e des tubes multicouches et le repli instantan\u00e9 de l&#8217;embout du tube.<\/strong><\/li>\n<\/ul>\n","protected":false},"featured_media":8099,"template":"","meta":[],"product_cat":[29,407],"product_tag":[1741],"class_list":{"0":"post-8097","1":"product","2":"type-product","3":"status-publish","4":"has-post-thumbnail","6":"product_cat-quincaillerie","7":"product_cat-plomberie","8":"product_tag-ridgid-cisaille-a-course-unique-plastique-pc-1375-23493","9":"product_brand-ridgid","11":"first","12":"instock","13":"shipping-taxable","14":"product-type-simple","15":"col-xs-6 col-sm-4","16":"col-md-3 col-lg-3","17":"un-4-cols"},"yoast_head":"<!-- This site is optimized with the Yoast SEO plugin v22.5 - https:\/\/yoast.com\/wordpress\/plugins\/seo\/ -->\n<title>RIDGID CISAILLE A COURSE UNIQUE PLASTIQUE PC 1375 - 23493 - EURL HOSNA KAMEL<\/title>\n<meta name=\"description\" content=\"RIDGID CISAILLE A COURSE UNIQUE PLASTIQUE PC 1375 - 23493 - EURL HOSNA KAMEL\" \/>\n<meta name=\"robots\" content=\"index, follow, max-snippet:-1, max-image-preview:large, max-video-preview:-1\" \/>\n<link rel=\"canonical\" href=\"https:\/\/eurlhosnakamel.dz\/dz\/produit\/ridgid-cisaille-a-course-unique-plastique-pc-1375-23493\/\" \/>\n<meta property=\"og:locale\" content=\"fr_FR\" \/>\n<meta property=\"og:type\" content=\"article\" \/>\n<meta property=\"og:title\" content=\"RIDGID CISAILLE A COURSE UNIQUE PLASTIQUE PC 1375 - 23493 - EURL HOSNA KAMEL\" \/>\n<meta property=\"og:description\" content=\"RIDGID CISAILLE A COURSE UNIQUE PLASTIQUE PC 1375 - 23493 - EURL HOSNA KAMEL\" \/>\n<meta property=\"og:url\" content=\"https:\/\/eurlhosnakamel.dz\/dz\/produit\/ridgid-cisaille-a-course-unique-plastique-pc-1375-23493\/\" \/>\n<meta property=\"og:site_name\" content=\"EURL HOSNA KAMEL\" \/>\n<meta property=\"article:publisher\" content=\"https:\/\/www.facebook.com\/Eurl.Hosna.DZ\/\" \/>\n<meta property=\"article:modified_time\" content=\"2021-07-08T08:53:33+00:00\" \/>\n<meta property=\"og:image\" content=\"https:\/\/eurlhosnakamel.dz\/dz\/wp-content\/uploads\/2020\/04\/RIDGID-CISAILLE-A-COURSE-UNIQUE-PLAST.-PC1375-23493-eurl-hosna-kamel-algerie.jpg\" \/>\n\t<meta property=\"og:image:width\" content=\"512\" \/>\n\t<meta property=\"og:image:height\" content=\"512\" \/>\n\t<meta property=\"og:image:type\" content=\"image\/jpeg\" \/>\n<meta name=\"twitter:card\" content=\"summary_large_image\" \/>\n<script type=\"application\/ld+json\" class=\"yoast-schema-graph\">{\"@context\":\"https:\/\/schema.org\",\"@graph\":[{\"@type\":\"WebPage\",\"@id\":\"https:\/\/eurlhosnakamel.dz\/dz\/produit\/ridgid-cisaille-a-course-unique-plastique-pc-1375-23493\/\",\"url\":\"https:\/\/eurlhosnakamel.dz\/dz\/produit\/ridgid-cisaille-a-course-unique-plastique-pc-1375-23493\/\",\"name\":\"RIDGID CISAILLE A COURSE UNIQUE PLASTIQUE PC 1375 - 23493 - EURL HOSNA KAMEL\",\"isPartOf\":{\"@id\":\"https:\/\/eurlhosnakamel.dz\/dz\/#website\"},\"primaryImageOfPage\":{\"@id\":\"https:\/\/eurlhosnakamel.dz\/dz\/produit\/ridgid-cisaille-a-course-unique-plastique-pc-1375-23493\/#primaryimage\"},\"image\":{\"@id\":\"https:\/\/eurlhosnakamel.dz\/dz\/produit\/ridgid-cisaille-a-course-unique-plastique-pc-1375-23493\/#primaryimage\"},\"thumbnailUrl\":\"https:\/\/eurlhosnakamel.dz\/dz\/wp-content\/uploads\/2020\/04\/RIDGID-CISAILLE-A-COURSE-UNIQUE-PLAST.-PC1375-23493-eurl-hosna-kamel-algerie.jpg\",\"datePublished\":\"2020-04-23T15:50:10+00:00\",\"dateModified\":\"2021-07-08T08:53:33+00:00\",\"description\":\"RIDGID CISAILLE A COURSE UNIQUE PLASTIQUE PC 1375 - 23493 - EURL HOSNA KAMEL\",\"breadcrumb\":{\"@id\":\"https:\/\/eurlhosnakamel.dz\/dz\/produit\/ridgid-cisaille-a-course-unique-plastique-pc-1375-23493\/#breadcrumb\"},\"inLanguage\":\"fr-FR\",\"potentialAction\":[{\"@type\":\"ReadAction\",\"target\":[\"https:\/\/eurlhosnakamel.dz\/dz\/produit\/ridgid-cisaille-a-course-unique-plastique-pc-1375-23493\/\"]}]},{\"@type\":\"ImageObject\",\"inLanguage\":\"fr-FR\",\"@id\":\"https:\/\/eurlhosnakamel.dz\/dz\/produit\/ridgid-cisaille-a-course-unique-plastique-pc-1375-23493\/#primaryimage\",\"url\":\"https:\/\/eurlhosnakamel.dz\/dz\/wp-content\/uploads\/2020\/04\/RIDGID-CISAILLE-A-COURSE-UNIQUE-PLAST.-PC1375-23493-eurl-hosna-kamel-algerie.jpg\",\"contentUrl\":\"https:\/\/eurlhosnakamel.dz\/dz\/wp-content\/uploads\/2020\/04\/RIDGID-CISAILLE-A-COURSE-UNIQUE-PLAST.-PC1375-23493-eurl-hosna-kamel-algerie.jpg\",\"width\":512,\"height\":512},{\"@type\":\"BreadcrumbList\",\"@id\":\"https:\/\/eurlhosnakamel.dz\/dz\/produit\/ridgid-cisaille-a-course-unique-plastique-pc-1375-23493\/#breadcrumb\",\"itemListElement\":[{\"@type\":\"ListItem\",\"position\":1,\"name\":\"Accueil\",\"item\":\"https:\/\/eurlhosnakamel.dz\/dz\/\"},{\"@type\":\"ListItem\",\"position\":2,\"name\":\"Shop\",\"item\":\"https:\/\/eurlhosnakamel.dz\/dz\/shop\/\"},{\"@type\":\"ListItem\",\"position\":3,\"name\":\"RIDGID CISAILLE A COURSE UNIQUE PLASTIQUE PC 1375 &#8211; 23493\"}]},{\"@type\":\"WebSite\",\"@id\":\"https:\/\/eurlhosnakamel.dz\/dz\/#website\",\"url\":\"https:\/\/eurlhosnakamel.dz\/dz\/\",\"name\":\"EURL HOSNA KAMEL\",\"description\":\"Fournisseur Premium d&#039;Outillages Professionnels en Alg\u00e9rie -\",\"publisher\":{\"@id\":\"https:\/\/eurlhosnakamel.dz\/dz\/#organization\"},\"potentialAction\":[{\"@type\":\"SearchAction\",\"target\":{\"@type\":\"EntryPoint\",\"urlTemplate\":\"https:\/\/eurlhosnakamel.dz\/dz\/?s={search_term_string}\"},\"query-input\":\"required name=search_term_string\"}],\"inLanguage\":\"fr-FR\"},{\"@type\":\"Organization\",\"@id\":\"https:\/\/eurlhosnakamel.dz\/dz\/#organization\",\"name\":\"EURL HOSNA KAMEL - Bosch alg\u00e9rie\",\"url\":\"https:\/\/eurlhosnakamel.dz\/dz\/\",\"logo\":{\"@type\":\"ImageObject\",\"inLanguage\":\"fr-FR\",\"@id\":\"https:\/\/eurlhosnakamel.dz\/dz\/#\/schema\/logo\/image\/\",\"url\":\"https:\/\/eurlhosnakamel.dz\/wp-content\/uploads\/2020\/04\/LOGO-HOSNA1.png\",\"contentUrl\":\"https:\/\/eurlhosnakamel.dz\/wp-content\/uploads\/2020\/04\/LOGO-HOSNA1.png\",\"width\":120,\"height\":127,\"caption\":\"EURL HOSNA KAMEL - Bosch alg\u00e9rie\"},\"image\":{\"@id\":\"https:\/\/eurlhosnakamel.dz\/dz\/#\/schema\/logo\/image\/\"},\"sameAs\":[\"https:\/\/www.facebook.com\/Eurl.Hosna.DZ\/\"]}]}<\/script>\n<!-- \/ Yoast SEO plugin. -->","yoast_head_json":{"title":"RIDGID CISAILLE A COURSE UNIQUE PLASTIQUE PC 1375 - 23493 - EURL HOSNA KAMEL","description":"RIDGID CISAILLE A COURSE UNIQUE PLASTIQUE PC 1375 - 23493 - EURL HOSNA KAMEL","robots":{"index":"index","follow":"follow","max-snippet":"max-snippet:-1","max-image-preview":"max-image-preview:large","max-video-preview":"max-video-preview:-1"},"canonical":"https:\/\/eurlhosnakamel.dz\/dz\/produit\/ridgid-cisaille-a-course-unique-plastique-pc-1375-23493\/","og_locale":"fr_FR","og_type":"article","og_title":"RIDGID CISAILLE A COURSE UNIQUE PLASTIQUE PC 1375 - 23493 - EURL HOSNA KAMEL","og_description":"RIDGID CISAILLE A COURSE UNIQUE PLASTIQUE PC 1375 - 23493 - EURL HOSNA KAMEL","og_url":"https:\/\/eurlhosnakamel.dz\/dz\/produit\/ridgid-cisaille-a-course-unique-plastique-pc-1375-23493\/","og_site_name":"EURL HOSNA KAMEL","article_publisher":"https:\/\/www.facebook.com\/Eurl.Hosna.DZ\/","article_modified_time":"2021-07-08T08:53:33+00:00","og_image":[{"width":512,"height":512,"url":"https:\/\/eurlhosnakamel.dz\/dz\/wp-content\/uploads\/2020\/04\/RIDGID-CISAILLE-A-COURSE-UNIQUE-PLAST.-PC1375-23493-eurl-hosna-kamel-algerie.jpg","type":"image\/jpeg"}],"twitter_card":"summary_large_image","schema":{"@context":"https:\/\/schema.org","@graph":[{"@type":"WebPage","@id":"https:\/\/eurlhosnakamel.dz\/dz\/produit\/ridgid-cisaille-a-course-unique-plastique-pc-1375-23493\/","url":"https:\/\/eurlhosnakamel.dz\/dz\/produit\/ridgid-cisaille-a-course-unique-plastique-pc-1375-23493\/","name":"RIDGID CISAILLE A COURSE UNIQUE PLASTIQUE PC 1375 - 23493 - EURL HOSNA KAMEL","isPartOf":{"@id":"https:\/\/eurlhosnakamel.dz\/dz\/#website"},"primaryImageOfPage":{"@id":"https:\/\/eurlhosnakamel.dz\/dz\/produit\/ridgid-cisaille-a-course-unique-plastique-pc-1375-23493\/#primaryimage"},"image":{"@id":"https:\/\/eurlhosnakamel.dz\/dz\/produit\/ridgid-cisaille-a-course-unique-plastique-pc-1375-23493\/#primaryimage"},"thumbnailUrl":"https:\/\/eurlhosnakamel.dz\/dz\/wp-content\/uploads\/2020\/04\/RIDGID-CISAILLE-A-COURSE-UNIQUE-PLAST.-PC1375-23493-eurl-hosna-kamel-algerie.jpg","datePublished":"2020-04-23T15:50:10+00:00","dateModified":"2021-07-08T08:53:33+00:00","description":"RIDGID CISAILLE A COURSE UNIQUE PLASTIQUE PC 1375 - 23493 - EURL HOSNA KAMEL","breadcrumb":{"@id":"https:\/\/eurlhosnakamel.dz\/dz\/produit\/ridgid-cisaille-a-course-unique-plastique-pc-1375-23493\/#breadcrumb"},"inLanguage":"fr-FR","potentialAction":[{"@type":"ReadAction","target":["https:\/\/eurlhosnakamel.dz\/dz\/produit\/ridgid-cisaille-a-course-unique-plastique-pc-1375-23493\/"]}]},{"@type":"ImageObject","inLanguage":"fr-FR","@id":"https:\/\/eurlhosnakamel.dz\/dz\/produit\/ridgid-cisaille-a-course-unique-plastique-pc-1375-23493\/#primaryimage","url":"https:\/\/eurlhosnakamel.dz\/dz\/wp-content\/uploads\/2020\/04\/RIDGID-CISAILLE-A-COURSE-UNIQUE-PLAST.-PC1375-23493-eurl-hosna-kamel-algerie.jpg","contentUrl":"https:\/\/eurlhosnakamel.dz\/dz\/wp-content\/uploads\/2020\/04\/RIDGID-CISAILLE-A-COURSE-UNIQUE-PLAST.-PC1375-23493-eurl-hosna-kamel-algerie.jpg","width":512,"height":512},{"@type":"BreadcrumbList","@id":"https:\/\/eurlhosnakamel.dz\/dz\/produit\/ridgid-cisaille-a-course-unique-plastique-pc-1375-23493\/#breadcrumb","itemListElement":[{"@type":"ListItem","position":1,"name":"Accueil","item":"https:\/\/eurlhosnakamel.dz\/dz\/"},{"@type":"ListItem","position":2,"name":"Shop","item":"https:\/\/eurlhosnakamel.dz\/dz\/shop\/"},{"@type":"ListItem","position":3,"name":"RIDGID CISAILLE A COURSE UNIQUE PLASTIQUE PC 1375 &#8211; 23493"}]},{"@type":"WebSite","@id":"https:\/\/eurlhosnakamel.dz\/dz\/#website","url":"https:\/\/eurlhosnakamel.dz\/dz\/","name":"EURL HOSNA KAMEL","description":"Fournisseur Premium d&#039;Outillages Professionnels en Alg\u00e9rie -","publisher":{"@id":"https:\/\/eurlhosnakamel.dz\/dz\/#organization"},"potentialAction":[{"@type":"SearchAction","target":{"@type":"EntryPoint","urlTemplate":"https:\/\/eurlhosnakamel.dz\/dz\/?s={search_term_string}"},"query-input":"required name=search_term_string"}],"inLanguage":"fr-FR"},{"@type":"Organization","@id":"https:\/\/eurlhosnakamel.dz\/dz\/#organization","name":"EURL HOSNA KAMEL - Bosch alg\u00e9rie","url":"https:\/\/eurlhosnakamel.dz\/dz\/","logo":{"@type":"ImageObject","inLanguage":"fr-FR","@id":"https:\/\/eurlhosnakamel.dz\/dz\/#\/schema\/logo\/image\/","url":"https:\/\/eurlhosnakamel.dz\/wp-content\/uploads\/2020\/04\/LOGO-HOSNA1.png","contentUrl":"https:\/\/eurlhosnakamel.dz\/wp-content\/uploads\/2020\/04\/LOGO-HOSNA1.png","width":120,"height":127,"caption":"EURL HOSNA KAMEL - Bosch alg\u00e9rie"},"image":{"@id":"https:\/\/eurlhosnakamel.dz\/dz\/#\/schema\/logo\/image\/"},"sameAs":["https:\/\/www.facebook.com\/Eurl.Hosna.DZ\/"]}]}},"_links":{"self":[{"href":"https:\/\/eurlhosnakamel.dz\/dz\/wp-json\/wp\/v2\/product\/8097","targetHints":{"allow":["GET"]}}],"collection":[{"href":"https:\/\/eurlhosnakamel.dz\/dz\/wp-json\/wp\/v2\/product"}],"about":[{"href":"https:\/\/eurlhosnakamel.dz\/dz\/wp-json\/wp\/v2\/types\/product"}],"wp:featuredmedia":[{"embeddable":true,"href":"https:\/\/eurlhosnakamel.dz\/dz\/wp-json\/wp\/v2\/media\/8099"}],"wp:attachment":[{"href":"https:\/\/eurlhosnakamel.dz\/dz\/wp-json\/wp\/v2\/media?parent=8097"}],"wp:term":[{"taxonomy":"product_cat","embeddable":true,"href":"https:\/\/eurlhosnakamel.dz\/dz\/wp-json\/wp\/v2\/product_cat?post=8097"},{"taxonomy":"product_tag","embeddable":true,"href":"https:\/\/eurlhosnakamel.dz\/dz\/wp-json\/wp\/v2\/product_tag?post=8097"}],"curies":[{"name":"wp","href":"https:\/\/api.w.org\/{rel}","templated":true}]}}