{"id":8121,"date":"2020-04-23T16:01:44","date_gmt":"2020-04-23T16:01:44","guid":{"rendered":"https:\/\/lhchosting.com\/hosna\/?post_type=product&#038;p=8121"},"modified":"2020-04-23T16:04:23","modified_gmt":"2020-04-23T16:04:23","slug":"ridgid-cisaille-a-cliquet-plastique-rc-2375-30088","status":"publish","type":"product","link":"https:\/\/eurlhosnakamel.dz\/dz\/produit\/ridgid-cisaille-a-cliquet-plastique-rc-2375-30088\/","title":{"rendered":"RIDGID CISAILLE A CLIQUET PLASTIQUE RC 2375  &#8211; 30088"},"content":{"rendered":"<table class=\"table-overflow productTable\">\n<thead>\n<tr>\n<th rowspan=\"2\">NUM\u00c9RO DE CATALOGUE<\/th>\n<th class=\"column0 col-1-\" rowspan=\"2\">DESCRIPTION<\/th>\n<th class=\"column1 col-26-\" colspan=\"2\">CAPACIT\u00c9 (DIAM. EXT.)<\/th>\n<th class=\"column2 col-3-\" colspan=\"2\">POIDS<\/th>\n<th rowspan=\"2\"><\/th>\n<\/tr>\n<tr>\n<th class=\"column1 col-26-\">PO<\/th>\n<th class=\"column1 col-26-\">MM<\/th>\n<th class=\"column2 col-3-\">LB<\/th>\n<th class=\"column2 col-3-\">KG<\/th>\n<\/tr>\n<\/thead>\n<tbody data-productid=\"747\">\n<tr class=\"catalogModelRow\" data-saleable=\"True\">\n<td class=\"left-align\">23498<\/td>\n<td class=\"column0 col-1- left-align\">Coupe-tubes \u00e0 cliquet\u00a0RC-1625 pour tubes et tuyaux en plastique<\/td>\n<td class=\"column1 col-26-\">1\/8 &#8211; 1 5\/8<\/td>\n<td class=\"column1 col-26- secondary\">3 &#8211; 42<\/td>\n<td class=\"column2 col-3-\">1 2\/5<\/td>\n<td class=\"column2 col-3- secondary\">0,64<\/td>\n<td><\/td>\n<\/tr>\n<tr class=\"catalogModelRow\" data-saleable=\"True\">\n<td class=\"left-align\">30088<\/td>\n<td class=\"column0 col-1- left-align\">Coupe-tubes \u00e0 cliquet RC-2375 pour tubes et tuyaux en plastique<\/td>\n<td class=\"column1 col-26-\">1\/8 &#8211; 2 3\/8<\/td>\n<td class=\"column1 col-26- secondary\">3 &#8211; 63<\/td>\n<td class=\"column2 col-3-\">1 4\/5<\/td>\n<td class=\"column2 col-3- secondary\">0,82<\/td>\n<td><\/td>\n<\/tr>\n<\/tbody>\n<\/table>\n","protected":false},"excerpt":{"rendered":"<ul class=\"bullet\">\n<li><strong>Les prises ergonomiques de la poign\u00e9e inf\u00e9rieure sont espac\u00e9es par incr\u00e9ments de 12,70 mm (1\/2 in.) pour permettre une \u00e9chelle de mesure rapide du tube.<\/strong><\/li>\n<li><strong>Lame X-CEL\u00ae de rechange rapide.<\/strong><\/li>\n<li><strong>La d\u00e9coupe sans bavure permet d&#8217;obtenir des bords droits.<\/strong><\/li>\n<li><strong>Mat\u00e9riaux vis\u00e9s\u00a0: tubes en plastique (PVC, CPVC, PP, PEX, PE, flexible en caoutchouc) et multicouches.<\/strong><\/li>\n<\/ul>\n","protected":false},"featured_media":8123,"template":"","meta":[],"product_cat":[29,407],"product_tag":[1743],"class_list":{"0":"post-8121","1":"product","2":"type-product","3":"status-publish","4":"has-post-thumbnail","6":"product_cat-quincaillerie","7":"product_cat-plomberie","8":"product_tag-ridgid-cisaille-a-cliquet-plastique-rc-2375-30088","9":"product_brand-ridgid","11":"first","12":"instock","13":"shipping-taxable","14":"product-type-simple","15":"col-xs-6 col-sm-4","16":"col-md-3 col-lg-3","17":"un-4-cols"},"yoast_head":"<!-- This site is optimized with the Yoast SEO plugin v22.5 - https:\/\/yoast.com\/wordpress\/plugins\/seo\/ -->\n<title>RIDGID CISAILLE A CLIQUET PLASTIQUE RC 2375 - 30088 - EURL HOSNA KAMEL<\/title>\n<meta name=\"description\" content=\"RIDGID CISAILLE A CLIQUET PLASTIQUE RC 2375 - 30088 - EURL HOSNA KAMEL\" \/>\n<meta name=\"robots\" content=\"index, follow, max-snippet:-1, max-image-preview:large, max-video-preview:-1\" \/>\n<link rel=\"canonical\" href=\"https:\/\/eurlhosnakamel.dz\/dz\/produit\/ridgid-cisaille-a-cliquet-plastique-rc-2375-30088\/\" \/>\n<meta property=\"og:locale\" content=\"fr_FR\" \/>\n<meta property=\"og:type\" content=\"article\" \/>\n<meta property=\"og:title\" content=\"RIDGID CISAILLE A CLIQUET PLASTIQUE RC 2375 - 30088 - EURL HOSNA KAMEL\" \/>\n<meta property=\"og:description\" content=\"RIDGID CISAILLE A CLIQUET PLASTIQUE RC 2375 - 30088 - EURL HOSNA KAMEL\" \/>\n<meta property=\"og:url\" content=\"https:\/\/eurlhosnakamel.dz\/dz\/produit\/ridgid-cisaille-a-cliquet-plastique-rc-2375-30088\/\" \/>\n<meta property=\"og:site_name\" content=\"EURL HOSNA KAMEL\" \/>\n<meta property=\"article:publisher\" content=\"https:\/\/www.facebook.com\/Eurl.Hosna.DZ\/\" \/>\n<meta property=\"article:modified_time\" content=\"2020-04-23T16:04:23+00:00\" \/>\n<meta property=\"og:image\" content=\"https:\/\/eurlhosnakamel.dz\/dz\/wp-content\/uploads\/2020\/04\/RIDGID-CISAILLE-A-CLIQUET-PLAST.-RC2375-30088-eurl-hosna-kamel-algerie.jpg\" \/>\n\t<meta property=\"og:image:width\" content=\"512\" \/>\n\t<meta property=\"og:image:height\" content=\"512\" \/>\n\t<meta property=\"og:image:type\" content=\"image\/jpeg\" \/>\n<meta name=\"twitter:card\" content=\"summary_large_image\" \/>\n<script type=\"application\/ld+json\" class=\"yoast-schema-graph\">{\"@context\":\"https:\/\/schema.org\",\"@graph\":[{\"@type\":\"WebPage\",\"@id\":\"https:\/\/eurlhosnakamel.dz\/dz\/produit\/ridgid-cisaille-a-cliquet-plastique-rc-2375-30088\/\",\"url\":\"https:\/\/eurlhosnakamel.dz\/dz\/produit\/ridgid-cisaille-a-cliquet-plastique-rc-2375-30088\/\",\"name\":\"RIDGID CISAILLE A CLIQUET PLASTIQUE RC 2375 - 30088 - EURL HOSNA KAMEL\",\"isPartOf\":{\"@id\":\"https:\/\/eurlhosnakamel.dz\/dz\/#website\"},\"primaryImageOfPage\":{\"@id\":\"https:\/\/eurlhosnakamel.dz\/dz\/produit\/ridgid-cisaille-a-cliquet-plastique-rc-2375-30088\/#primaryimage\"},\"image\":{\"@id\":\"https:\/\/eurlhosnakamel.dz\/dz\/produit\/ridgid-cisaille-a-cliquet-plastique-rc-2375-30088\/#primaryimage\"},\"thumbnailUrl\":\"https:\/\/eurlhosnakamel.dz\/dz\/wp-content\/uploads\/2020\/04\/RIDGID-CISAILLE-A-CLIQUET-PLAST.-RC2375-30088-eurl-hosna-kamel-algerie.jpg\",\"datePublished\":\"2020-04-23T16:01:44+00:00\",\"dateModified\":\"2020-04-23T16:04:23+00:00\",\"description\":\"RIDGID CISAILLE A CLIQUET PLASTIQUE RC 2375 - 30088 - EURL HOSNA KAMEL\",\"breadcrumb\":{\"@id\":\"https:\/\/eurlhosnakamel.dz\/dz\/produit\/ridgid-cisaille-a-cliquet-plastique-rc-2375-30088\/#breadcrumb\"},\"inLanguage\":\"fr-FR\",\"potentialAction\":[{\"@type\":\"ReadAction\",\"target\":[\"https:\/\/eurlhosnakamel.dz\/dz\/produit\/ridgid-cisaille-a-cliquet-plastique-rc-2375-30088\/\"]}]},{\"@type\":\"ImageObject\",\"inLanguage\":\"fr-FR\",\"@id\":\"https:\/\/eurlhosnakamel.dz\/dz\/produit\/ridgid-cisaille-a-cliquet-plastique-rc-2375-30088\/#primaryimage\",\"url\":\"https:\/\/eurlhosnakamel.dz\/dz\/wp-content\/uploads\/2020\/04\/RIDGID-CISAILLE-A-CLIQUET-PLAST.-RC2375-30088-eurl-hosna-kamel-algerie.jpg\",\"contentUrl\":\"https:\/\/eurlhosnakamel.dz\/dz\/wp-content\/uploads\/2020\/04\/RIDGID-CISAILLE-A-CLIQUET-PLAST.-RC2375-30088-eurl-hosna-kamel-algerie.jpg\",\"width\":512,\"height\":512},{\"@type\":\"BreadcrumbList\",\"@id\":\"https:\/\/eurlhosnakamel.dz\/dz\/produit\/ridgid-cisaille-a-cliquet-plastique-rc-2375-30088\/#breadcrumb\",\"itemListElement\":[{\"@type\":\"ListItem\",\"position\":1,\"name\":\"Accueil\",\"item\":\"https:\/\/eurlhosnakamel.dz\/dz\/\"},{\"@type\":\"ListItem\",\"position\":2,\"name\":\"Shop\",\"item\":\"https:\/\/eurlhosnakamel.dz\/dz\/shop\/\"},{\"@type\":\"ListItem\",\"position\":3,\"name\":\"RIDGID CISAILLE A CLIQUET PLASTIQUE RC 2375 &#8211; 30088\"}]},{\"@type\":\"WebSite\",\"@id\":\"https:\/\/eurlhosnakamel.dz\/dz\/#website\",\"url\":\"https:\/\/eurlhosnakamel.dz\/dz\/\",\"name\":\"EURL HOSNA KAMEL\",\"description\":\"Fournisseur Premium d&#039;Outillages Professionnels en Alg\u00e9rie -\",\"publisher\":{\"@id\":\"https:\/\/eurlhosnakamel.dz\/dz\/#organization\"},\"potentialAction\":[{\"@type\":\"SearchAction\",\"target\":{\"@type\":\"EntryPoint\",\"urlTemplate\":\"https:\/\/eurlhosnakamel.dz\/dz\/?s={search_term_string}\"},\"query-input\":\"required name=search_term_string\"}],\"inLanguage\":\"fr-FR\"},{\"@type\":\"Organization\",\"@id\":\"https:\/\/eurlhosnakamel.dz\/dz\/#organization\",\"name\":\"EURL HOSNA KAMEL - Bosch alg\u00e9rie\",\"url\":\"https:\/\/eurlhosnakamel.dz\/dz\/\",\"logo\":{\"@type\":\"ImageObject\",\"inLanguage\":\"fr-FR\",\"@id\":\"https:\/\/eurlhosnakamel.dz\/dz\/#\/schema\/logo\/image\/\",\"url\":\"https:\/\/eurlhosnakamel.dz\/wp-content\/uploads\/2020\/04\/LOGO-HOSNA1.png\",\"contentUrl\":\"https:\/\/eurlhosnakamel.dz\/wp-content\/uploads\/2020\/04\/LOGO-HOSNA1.png\",\"width\":120,\"height\":127,\"caption\":\"EURL HOSNA KAMEL - Bosch alg\u00e9rie\"},\"image\":{\"@id\":\"https:\/\/eurlhosnakamel.dz\/dz\/#\/schema\/logo\/image\/\"},\"sameAs\":[\"https:\/\/www.facebook.com\/Eurl.Hosna.DZ\/\"]}]}<\/script>\n<!-- \/ Yoast SEO plugin. -->","yoast_head_json":{"title":"RIDGID CISAILLE A CLIQUET PLASTIQUE RC 2375 - 30088 - EURL HOSNA KAMEL","description":"RIDGID CISAILLE A CLIQUET PLASTIQUE RC 2375 - 30088 - EURL HOSNA KAMEL","robots":{"index":"index","follow":"follow","max-snippet":"max-snippet:-1","max-image-preview":"max-image-preview:large","max-video-preview":"max-video-preview:-1"},"canonical":"https:\/\/eurlhosnakamel.dz\/dz\/produit\/ridgid-cisaille-a-cliquet-plastique-rc-2375-30088\/","og_locale":"fr_FR","og_type":"article","og_title":"RIDGID CISAILLE A CLIQUET PLASTIQUE RC 2375 - 30088 - EURL HOSNA KAMEL","og_description":"RIDGID CISAILLE A CLIQUET PLASTIQUE RC 2375 - 30088 - EURL HOSNA KAMEL","og_url":"https:\/\/eurlhosnakamel.dz\/dz\/produit\/ridgid-cisaille-a-cliquet-plastique-rc-2375-30088\/","og_site_name":"EURL HOSNA KAMEL","article_publisher":"https:\/\/www.facebook.com\/Eurl.Hosna.DZ\/","article_modified_time":"2020-04-23T16:04:23+00:00","og_image":[{"width":512,"height":512,"url":"https:\/\/eurlhosnakamel.dz\/dz\/wp-content\/uploads\/2020\/04\/RIDGID-CISAILLE-A-CLIQUET-PLAST.-RC2375-30088-eurl-hosna-kamel-algerie.jpg","type":"image\/jpeg"}],"twitter_card":"summary_large_image","schema":{"@context":"https:\/\/schema.org","@graph":[{"@type":"WebPage","@id":"https:\/\/eurlhosnakamel.dz\/dz\/produit\/ridgid-cisaille-a-cliquet-plastique-rc-2375-30088\/","url":"https:\/\/eurlhosnakamel.dz\/dz\/produit\/ridgid-cisaille-a-cliquet-plastique-rc-2375-30088\/","name":"RIDGID CISAILLE A CLIQUET PLASTIQUE RC 2375 - 30088 - EURL HOSNA KAMEL","isPartOf":{"@id":"https:\/\/eurlhosnakamel.dz\/dz\/#website"},"primaryImageOfPage":{"@id":"https:\/\/eurlhosnakamel.dz\/dz\/produit\/ridgid-cisaille-a-cliquet-plastique-rc-2375-30088\/#primaryimage"},"image":{"@id":"https:\/\/eurlhosnakamel.dz\/dz\/produit\/ridgid-cisaille-a-cliquet-plastique-rc-2375-30088\/#primaryimage"},"thumbnailUrl":"https:\/\/eurlhosnakamel.dz\/dz\/wp-content\/uploads\/2020\/04\/RIDGID-CISAILLE-A-CLIQUET-PLAST.-RC2375-30088-eurl-hosna-kamel-algerie.jpg","datePublished":"2020-04-23T16:01:44+00:00","dateModified":"2020-04-23T16:04:23+00:00","description":"RIDGID CISAILLE A CLIQUET PLASTIQUE RC 2375 - 30088 - EURL HOSNA KAMEL","breadcrumb":{"@id":"https:\/\/eurlhosnakamel.dz\/dz\/produit\/ridgid-cisaille-a-cliquet-plastique-rc-2375-30088\/#breadcrumb"},"inLanguage":"fr-FR","potentialAction":[{"@type":"ReadAction","target":["https:\/\/eurlhosnakamel.dz\/dz\/produit\/ridgid-cisaille-a-cliquet-plastique-rc-2375-30088\/"]}]},{"@type":"ImageObject","inLanguage":"fr-FR","@id":"https:\/\/eurlhosnakamel.dz\/dz\/produit\/ridgid-cisaille-a-cliquet-plastique-rc-2375-30088\/#primaryimage","url":"https:\/\/eurlhosnakamel.dz\/dz\/wp-content\/uploads\/2020\/04\/RIDGID-CISAILLE-A-CLIQUET-PLAST.-RC2375-30088-eurl-hosna-kamel-algerie.jpg","contentUrl":"https:\/\/eurlhosnakamel.dz\/dz\/wp-content\/uploads\/2020\/04\/RIDGID-CISAILLE-A-CLIQUET-PLAST.-RC2375-30088-eurl-hosna-kamel-algerie.jpg","width":512,"height":512},{"@type":"BreadcrumbList","@id":"https:\/\/eurlhosnakamel.dz\/dz\/produit\/ridgid-cisaille-a-cliquet-plastique-rc-2375-30088\/#breadcrumb","itemListElement":[{"@type":"ListItem","position":1,"name":"Accueil","item":"https:\/\/eurlhosnakamel.dz\/dz\/"},{"@type":"ListItem","position":2,"name":"Shop","item":"https:\/\/eurlhosnakamel.dz\/dz\/shop\/"},{"@type":"ListItem","position":3,"name":"RIDGID CISAILLE A CLIQUET PLASTIQUE RC 2375 &#8211; 30088"}]},{"@type":"WebSite","@id":"https:\/\/eurlhosnakamel.dz\/dz\/#website","url":"https:\/\/eurlhosnakamel.dz\/dz\/","name":"EURL HOSNA KAMEL","description":"Fournisseur Premium d&#039;Outillages Professionnels en Alg\u00e9rie -","publisher":{"@id":"https:\/\/eurlhosnakamel.dz\/dz\/#organization"},"potentialAction":[{"@type":"SearchAction","target":{"@type":"EntryPoint","urlTemplate":"https:\/\/eurlhosnakamel.dz\/dz\/?s={search_term_string}"},"query-input":"required name=search_term_string"}],"inLanguage":"fr-FR"},{"@type":"Organization","@id":"https:\/\/eurlhosnakamel.dz\/dz\/#organization","name":"EURL HOSNA KAMEL - Bosch alg\u00e9rie","url":"https:\/\/eurlhosnakamel.dz\/dz\/","logo":{"@type":"ImageObject","inLanguage":"fr-FR","@id":"https:\/\/eurlhosnakamel.dz\/dz\/#\/schema\/logo\/image\/","url":"https:\/\/eurlhosnakamel.dz\/wp-content\/uploads\/2020\/04\/LOGO-HOSNA1.png","contentUrl":"https:\/\/eurlhosnakamel.dz\/wp-content\/uploads\/2020\/04\/LOGO-HOSNA1.png","width":120,"height":127,"caption":"EURL HOSNA KAMEL - Bosch alg\u00e9rie"},"image":{"@id":"https:\/\/eurlhosnakamel.dz\/dz\/#\/schema\/logo\/image\/"},"sameAs":["https:\/\/www.facebook.com\/Eurl.Hosna.DZ\/"]}]}},"_links":{"self":[{"href":"https:\/\/eurlhosnakamel.dz\/dz\/wp-json\/wp\/v2\/product\/8121","targetHints":{"allow":["GET"]}}],"collection":[{"href":"https:\/\/eurlhosnakamel.dz\/dz\/wp-json\/wp\/v2\/product"}],"about":[{"href":"https:\/\/eurlhosnakamel.dz\/dz\/wp-json\/wp\/v2\/types\/product"}],"wp:featuredmedia":[{"embeddable":true,"href":"https:\/\/eurlhosnakamel.dz\/dz\/wp-json\/wp\/v2\/media\/8123"}],"wp:attachment":[{"href":"https:\/\/eurlhosnakamel.dz\/dz\/wp-json\/wp\/v2\/media?parent=8121"}],"wp:term":[{"taxonomy":"product_cat","embeddable":true,"href":"https:\/\/eurlhosnakamel.dz\/dz\/wp-json\/wp\/v2\/product_cat?post=8121"},{"taxonomy":"product_tag","embeddable":true,"href":"https:\/\/eurlhosnakamel.dz\/dz\/wp-json\/wp\/v2\/product_tag?post=8121"}],"curies":[{"name":"wp","href":"https:\/\/api.w.org\/{rel}","templated":true}]}}