{"id":8137,"date":"2020-04-23T16:53:05","date_gmt":"2020-04-23T16:53:05","guid":{"rendered":"https:\/\/lhchosting.com\/hosna\/?post_type=product&#038;p=8137"},"modified":"2020-04-23T16:57:49","modified_gmt":"2020-04-23T16:57:49","slug":"ridgid-etabli-portable-avec-etau-1-8-2-10-60-mm-12202","status":"publish","type":"product","link":"https:\/\/eurlhosnakamel.dz\/dz\/produit\/ridgid-etabli-portable-avec-etau-1-8-2-10-60-mm-12202\/","title":{"rendered":"RIDGID ETABLI PORTABLE AVEC ETAU 1\/8-2&#8243;  10-60 mm  -12202"},"content":{"rendered":"<div class=\"productTableLayout productTableCtr \">\n<div class=\"table-data\">\n<div class=\"scrollable-table\">\n<table class=\"table-overflow productTable\">\n<thead>\n<tr>\n<th rowspan=\"2\">NUM\u00c9RO DE CATALOGUE<\/th>\n<th class=\"column0 col-86-\" rowspan=\"2\">N\u00b0 DE MOD\u00c8LE<\/th>\n<th class=\"column1 col-1-\" rowspan=\"2\">DESCRIPTION<\/th>\n<th class=\"column2 col-25-\" colspan=\"2\">CAPACIT\u00c9<\/th>\n<th class=\"column3 col-3-\" colspan=\"2\">POIDS<\/th>\n<th rowspan=\"2\"><\/th>\n<\/tr>\n<tr>\n<th class=\"column2 col-25-\">PO<\/th>\n<th class=\"column2 col-25-\">MM<\/th>\n<th class=\"column3 col-3-\">LB<\/th>\n<th class=\"column3 col-3-\">KG<\/th>\n<\/tr>\n<\/thead>\n<tbody data-productid=\"685\">\n<tr class=\"catalogModelRow\" data-saleable=\"False\">\n<td class=\"left-align\"><span style=\"color: #ff0000;\"><strong>12202<\/strong><\/span><\/td>\n<td class=\"column0 col-86- left-align\"><span style=\"color: #ff0000;\"><strong>2\u00a0\u00a0<span class=\"asterisk\">*<\/span><\/strong><\/span><\/td>\n<td class=\"column1 col-1- left-align\"><span style=\"color: #ff0000;\"><strong>\u00c9tabli Pionier\u00a0<\/strong><\/span><\/td>\n<td class=\"column2 col-25-\"><span style=\"color: #ff0000;\"><strong>1\/8 &#8211; 2\u00a0<\/strong><\/span><\/td>\n<td class=\"column2 col-25- secondary\"><span style=\"color: #ff0000;\"><strong>10 &#8211; 60\u00a0<\/strong><\/span><\/td>\n<td class=\"column3 col-3-\"><span style=\"color: #ff0000;\"><strong>50,7\u00a0<\/strong><\/span><\/td>\n<td class=\"column3 col-3- secondary\"><span style=\"color: #ff0000;\"><strong>23,0\u00a0<\/strong><\/span><\/td>\n<td><\/td>\n<\/tr>\n<tr class=\"catalogModelRow\" data-saleable=\"True\">\n<td class=\"left-align\">12203<\/td>\n<td class=\"column0 col-86- left-align\">3\u00a0\u00a0<span class=\"asterisk\">**<\/span><\/td>\n<td class=\"column1 col-1- left-align\">\u00c9tabli Pionier<\/td>\n<td class=\"column2 col-25-\">1\/8 &#8211; 3<\/td>\n<td class=\"column2 col-25- secondary\">10 &#8211; 89<\/td>\n<td class=\"column3 col-3-\">60,1<\/td>\n<td class=\"column3 col-3- secondary\">30,0<\/td>\n<td><\/td>\n<\/tr>\n<\/tbody>\n<\/table>\n<\/div>\n<div class=\"tableNotes\">\n<div class=\"footerContainer\"><\/div>\n<div class=\"footnoteContainer\">\n<div class=\"footnote\"><label>*<\/label>\u00a0Le mod\u00e8le n\u00b0\u00a02 cintre des tubes de 1\/2\u00a0po \u00e0 1\u00a01\/2\u00a0po.<\/div>\n<div class=\"footnote\"><label>**<\/label>\u00a0Le mod\u00e8le n\u00b0\u00a03 cintre des tubes de 1\u00a0po \u00e0 2\u00a0po.<\/div>\n<\/div>\n<\/div>\n<\/div>\n<\/div>\n<div class=\"productTableLayout productTableCtr \"><span class=\"table-title\"><span class=\"noBorder\">ACCESSOIRES<\/span><\/span><\/p>\n<div class=\"clearfix\"><\/div>\n<div class=\"table-data\">\n<div class=\"scrollable-table\">\n<table class=\"table-overflow productTable\">\n<thead>\n<tr>\n<th rowspan=\"2\">NUM\u00c9RO DE CATALOGUE<\/th>\n<th class=\"column0 col-86-Accessoires\" rowspan=\"2\">N\u00b0 DE MOD\u00c8LE<\/th>\n<th class=\"column1 col-1-Accessoires\" rowspan=\"2\">DESCRIPTION<\/th>\n<th class=\"column2 col-3-Accessoires\" colspan=\"2\">POIDS<\/th>\n<th rowspan=\"2\"><\/th>\n<\/tr>\n<tr>\n<th class=\"column2 col-3-Accessoires\">LB<\/th>\n<th class=\"column2 col-3-Accessoires\">KG<\/th>\n<\/tr>\n<\/thead>\n<tbody data-productid=\"685\">\n<tr class=\"catalogModelRow\" data-saleable=\"False\">\n<td class=\"left-align\"><strong><span style=\"color: #ff0000;\">12022<\/span><\/strong><\/td>\n<td class=\"column0 col-86-Accessoires left-align\"><\/td>\n<td class=\"column1 col-1-Accessoires left-align\"><strong><span style=\"color: #ff0000;\">Bride de fixation pour \u00e9tau pour mod\u00e8le n\u00b0\u00a02<\/span><\/strong><\/td>\n<td class=\"column2 col-3-Accessoires\"><span style=\"color: #ff0000;\"><strong>3,1\u00a0<\/strong><\/span><\/td>\n<td class=\"column2 col-3-Accessoires secondary\"><span style=\"color: #ff0000;\"><strong>1,4<\/strong><\/span><\/td>\n<td><\/td>\n<\/tr>\n<\/tbody>\n<\/table>\n<\/div>\n<div class=\"tableNotes\">\n<div class=\"footerContainer\">\n<div class=\"footer\">Les deux mod\u00e8les peuvent \u00eatre mont\u00e9s gr\u00e2ce \u00e0 des \u00e9taux Matador mod\u00e8le 120 ou Superior mod\u00e8le 120 (requiert un \u00e9tau)<\/div>\n<\/div>\n<\/div>\n<\/div>\n<\/div>\n","protected":false},"excerpt":{"rendered":"<ul class=\"bullet\">\n<li><strong>Plaque de cintrage de tube<\/strong><\/li>\n<li><strong>\u00c9tag\u00e8re de rangement des outils et plaque de sol \u00e0 charni\u00e8re pour plus de stabilit\u00e9<\/strong><\/li>\n<li><strong>Un verrouillage de s\u00e9curit\u00e9 sp\u00e9cial emp\u00eache l&#8217;\u00e9tabli de basculer vers l&#8217;avant par accident<\/strong><\/li>\n<\/ul>\n","protected":false},"featured_media":8139,"template":"","meta":[],"product_cat":[29,407],"product_tag":[1747],"class_list":{"0":"post-8137","1":"product","2":"type-product","3":"status-publish","4":"has-post-thumbnail","6":"product_cat-quincaillerie","7":"product_cat-plomberie","8":"product_tag-ridgid-etabli-portable-avec-etau-1-8-2-10-60-mm-12202","9":"product_brand-ridgid","11":"first","12":"instock","13":"shipping-taxable","14":"product-type-simple","15":"col-xs-6 col-sm-4","16":"col-md-3 col-lg-3","17":"un-4-cols"},"yoast_head":"<!-- This site is optimized with the Yoast SEO plugin v22.5 - https:\/\/yoast.com\/wordpress\/plugins\/seo\/ -->\n<title>RIDGID ETABLI PORTABLE AVEC ETAU 1\/8-2&quot; 10-60 mm -12202 - EURL HOSNA KAMEL<\/title>\n<meta name=\"description\" content=\"RIDGID ETABLI PORTABLE AVEC ETAU 1\/8-2&quot; 10-60 mm -12202 - EURL HOSNA KAMEL\" \/>\n<meta name=\"robots\" content=\"index, follow, max-snippet:-1, max-image-preview:large, max-video-preview:-1\" \/>\n<link rel=\"canonical\" href=\"https:\/\/eurlhosnakamel.dz\/dz\/produit\/ridgid-etabli-portable-avec-etau-1-8-2-10-60-mm-12202\/\" \/>\n<meta property=\"og:locale\" content=\"fr_FR\" \/>\n<meta property=\"og:type\" content=\"article\" \/>\n<meta property=\"og:title\" content=\"RIDGID ETABLI PORTABLE AVEC ETAU 1\/8-2&quot; 10-60 mm -12202 - EURL HOSNA KAMEL\" \/>\n<meta property=\"og:description\" content=\"RIDGID ETABLI PORTABLE AVEC ETAU 1\/8-2&quot; 10-60 mm -12202 - EURL HOSNA KAMEL\" \/>\n<meta property=\"og:url\" content=\"https:\/\/eurlhosnakamel.dz\/dz\/produit\/ridgid-etabli-portable-avec-etau-1-8-2-10-60-mm-12202\/\" \/>\n<meta property=\"og:site_name\" content=\"EURL HOSNA KAMEL\" \/>\n<meta property=\"article:publisher\" content=\"https:\/\/www.facebook.com\/Eurl.Hosna.DZ\/\" \/>\n<meta property=\"article:modified_time\" content=\"2020-04-23T16:57:49+00:00\" \/>\n<meta property=\"og:image\" content=\"https:\/\/eurlhosnakamel.dz\/dz\/wp-content\/uploads\/2020\/04\/RIDGID-ETABLI-PORTABLE-AVEC-ETAU-eurl-hosna-kamel-algerie.jpg\" \/>\n\t<meta property=\"og:image:width\" content=\"512\" \/>\n\t<meta property=\"og:image:height\" content=\"512\" \/>\n\t<meta property=\"og:image:type\" content=\"image\/jpeg\" \/>\n<meta name=\"twitter:card\" content=\"summary_large_image\" \/>\n<script type=\"application\/ld+json\" class=\"yoast-schema-graph\">{\"@context\":\"https:\/\/schema.org\",\"@graph\":[{\"@type\":\"WebPage\",\"@id\":\"https:\/\/eurlhosnakamel.dz\/dz\/produit\/ridgid-etabli-portable-avec-etau-1-8-2-10-60-mm-12202\/\",\"url\":\"https:\/\/eurlhosnakamel.dz\/dz\/produit\/ridgid-etabli-portable-avec-etau-1-8-2-10-60-mm-12202\/\",\"name\":\"RIDGID ETABLI PORTABLE AVEC ETAU 1\/8-2\\\" 10-60 mm -12202 - EURL HOSNA KAMEL\",\"isPartOf\":{\"@id\":\"https:\/\/eurlhosnakamel.dz\/dz\/#website\"},\"primaryImageOfPage\":{\"@id\":\"https:\/\/eurlhosnakamel.dz\/dz\/produit\/ridgid-etabli-portable-avec-etau-1-8-2-10-60-mm-12202\/#primaryimage\"},\"image\":{\"@id\":\"https:\/\/eurlhosnakamel.dz\/dz\/produit\/ridgid-etabli-portable-avec-etau-1-8-2-10-60-mm-12202\/#primaryimage\"},\"thumbnailUrl\":\"https:\/\/eurlhosnakamel.dz\/dz\/wp-content\/uploads\/2020\/04\/RIDGID-ETABLI-PORTABLE-AVEC-ETAU-eurl-hosna-kamel-algerie.jpg\",\"datePublished\":\"2020-04-23T16:53:05+00:00\",\"dateModified\":\"2020-04-23T16:57:49+00:00\",\"description\":\"RIDGID ETABLI PORTABLE AVEC ETAU 1\/8-2\\\" 10-60 mm -12202 - EURL HOSNA KAMEL\",\"breadcrumb\":{\"@id\":\"https:\/\/eurlhosnakamel.dz\/dz\/produit\/ridgid-etabli-portable-avec-etau-1-8-2-10-60-mm-12202\/#breadcrumb\"},\"inLanguage\":\"fr-FR\",\"potentialAction\":[{\"@type\":\"ReadAction\",\"target\":[\"https:\/\/eurlhosnakamel.dz\/dz\/produit\/ridgid-etabli-portable-avec-etau-1-8-2-10-60-mm-12202\/\"]}]},{\"@type\":\"ImageObject\",\"inLanguage\":\"fr-FR\",\"@id\":\"https:\/\/eurlhosnakamel.dz\/dz\/produit\/ridgid-etabli-portable-avec-etau-1-8-2-10-60-mm-12202\/#primaryimage\",\"url\":\"https:\/\/eurlhosnakamel.dz\/dz\/wp-content\/uploads\/2020\/04\/RIDGID-ETABLI-PORTABLE-AVEC-ETAU-eurl-hosna-kamel-algerie.jpg\",\"contentUrl\":\"https:\/\/eurlhosnakamel.dz\/dz\/wp-content\/uploads\/2020\/04\/RIDGID-ETABLI-PORTABLE-AVEC-ETAU-eurl-hosna-kamel-algerie.jpg\",\"width\":512,\"height\":512},{\"@type\":\"BreadcrumbList\",\"@id\":\"https:\/\/eurlhosnakamel.dz\/dz\/produit\/ridgid-etabli-portable-avec-etau-1-8-2-10-60-mm-12202\/#breadcrumb\",\"itemListElement\":[{\"@type\":\"ListItem\",\"position\":1,\"name\":\"Accueil\",\"item\":\"https:\/\/eurlhosnakamel.dz\/dz\/\"},{\"@type\":\"ListItem\",\"position\":2,\"name\":\"Shop\",\"item\":\"https:\/\/eurlhosnakamel.dz\/dz\/shop\/\"},{\"@type\":\"ListItem\",\"position\":3,\"name\":\"RIDGID ETABLI PORTABLE AVEC ETAU 1\/8-2&#8243; 10-60 mm -12202\"}]},{\"@type\":\"WebSite\",\"@id\":\"https:\/\/eurlhosnakamel.dz\/dz\/#website\",\"url\":\"https:\/\/eurlhosnakamel.dz\/dz\/\",\"name\":\"EURL HOSNA KAMEL\",\"description\":\"Fournisseur Premium d&#039;Outillages Professionnels en Alg\u00e9rie -\",\"publisher\":{\"@id\":\"https:\/\/eurlhosnakamel.dz\/dz\/#organization\"},\"potentialAction\":[{\"@type\":\"SearchAction\",\"target\":{\"@type\":\"EntryPoint\",\"urlTemplate\":\"https:\/\/eurlhosnakamel.dz\/dz\/?s={search_term_string}\"},\"query-input\":\"required name=search_term_string\"}],\"inLanguage\":\"fr-FR\"},{\"@type\":\"Organization\",\"@id\":\"https:\/\/eurlhosnakamel.dz\/dz\/#organization\",\"name\":\"EURL HOSNA KAMEL - Bosch alg\u00e9rie\",\"url\":\"https:\/\/eurlhosnakamel.dz\/dz\/\",\"logo\":{\"@type\":\"ImageObject\",\"inLanguage\":\"fr-FR\",\"@id\":\"https:\/\/eurlhosnakamel.dz\/dz\/#\/schema\/logo\/image\/\",\"url\":\"https:\/\/eurlhosnakamel.dz\/wp-content\/uploads\/2020\/04\/LOGO-HOSNA1.png\",\"contentUrl\":\"https:\/\/eurlhosnakamel.dz\/wp-content\/uploads\/2020\/04\/LOGO-HOSNA1.png\",\"width\":120,\"height\":127,\"caption\":\"EURL HOSNA KAMEL - Bosch alg\u00e9rie\"},\"image\":{\"@id\":\"https:\/\/eurlhosnakamel.dz\/dz\/#\/schema\/logo\/image\/\"},\"sameAs\":[\"https:\/\/www.facebook.com\/Eurl.Hosna.DZ\/\"]}]}<\/script>\n<!-- \/ Yoast SEO plugin. -->","yoast_head_json":{"title":"RIDGID ETABLI PORTABLE AVEC ETAU 1\/8-2\" 10-60 mm -12202 - EURL HOSNA KAMEL","description":"RIDGID ETABLI PORTABLE AVEC ETAU 1\/8-2\" 10-60 mm -12202 - EURL HOSNA KAMEL","robots":{"index":"index","follow":"follow","max-snippet":"max-snippet:-1","max-image-preview":"max-image-preview:large","max-video-preview":"max-video-preview:-1"},"canonical":"https:\/\/eurlhosnakamel.dz\/dz\/produit\/ridgid-etabli-portable-avec-etau-1-8-2-10-60-mm-12202\/","og_locale":"fr_FR","og_type":"article","og_title":"RIDGID ETABLI PORTABLE AVEC ETAU 1\/8-2\" 10-60 mm -12202 - EURL HOSNA KAMEL","og_description":"RIDGID ETABLI PORTABLE AVEC ETAU 1\/8-2\" 10-60 mm -12202 - EURL HOSNA KAMEL","og_url":"https:\/\/eurlhosnakamel.dz\/dz\/produit\/ridgid-etabli-portable-avec-etau-1-8-2-10-60-mm-12202\/","og_site_name":"EURL HOSNA KAMEL","article_publisher":"https:\/\/www.facebook.com\/Eurl.Hosna.DZ\/","article_modified_time":"2020-04-23T16:57:49+00:00","og_image":[{"width":512,"height":512,"url":"https:\/\/eurlhosnakamel.dz\/dz\/wp-content\/uploads\/2020\/04\/RIDGID-ETABLI-PORTABLE-AVEC-ETAU-eurl-hosna-kamel-algerie.jpg","type":"image\/jpeg"}],"twitter_card":"summary_large_image","schema":{"@context":"https:\/\/schema.org","@graph":[{"@type":"WebPage","@id":"https:\/\/eurlhosnakamel.dz\/dz\/produit\/ridgid-etabli-portable-avec-etau-1-8-2-10-60-mm-12202\/","url":"https:\/\/eurlhosnakamel.dz\/dz\/produit\/ridgid-etabli-portable-avec-etau-1-8-2-10-60-mm-12202\/","name":"RIDGID ETABLI PORTABLE AVEC ETAU 1\/8-2\" 10-60 mm -12202 - EURL HOSNA KAMEL","isPartOf":{"@id":"https:\/\/eurlhosnakamel.dz\/dz\/#website"},"primaryImageOfPage":{"@id":"https:\/\/eurlhosnakamel.dz\/dz\/produit\/ridgid-etabli-portable-avec-etau-1-8-2-10-60-mm-12202\/#primaryimage"},"image":{"@id":"https:\/\/eurlhosnakamel.dz\/dz\/produit\/ridgid-etabli-portable-avec-etau-1-8-2-10-60-mm-12202\/#primaryimage"},"thumbnailUrl":"https:\/\/eurlhosnakamel.dz\/dz\/wp-content\/uploads\/2020\/04\/RIDGID-ETABLI-PORTABLE-AVEC-ETAU-eurl-hosna-kamel-algerie.jpg","datePublished":"2020-04-23T16:53:05+00:00","dateModified":"2020-04-23T16:57:49+00:00","description":"RIDGID ETABLI PORTABLE AVEC ETAU 1\/8-2\" 10-60 mm -12202 - EURL HOSNA KAMEL","breadcrumb":{"@id":"https:\/\/eurlhosnakamel.dz\/dz\/produit\/ridgid-etabli-portable-avec-etau-1-8-2-10-60-mm-12202\/#breadcrumb"},"inLanguage":"fr-FR","potentialAction":[{"@type":"ReadAction","target":["https:\/\/eurlhosnakamel.dz\/dz\/produit\/ridgid-etabli-portable-avec-etau-1-8-2-10-60-mm-12202\/"]}]},{"@type":"ImageObject","inLanguage":"fr-FR","@id":"https:\/\/eurlhosnakamel.dz\/dz\/produit\/ridgid-etabli-portable-avec-etau-1-8-2-10-60-mm-12202\/#primaryimage","url":"https:\/\/eurlhosnakamel.dz\/dz\/wp-content\/uploads\/2020\/04\/RIDGID-ETABLI-PORTABLE-AVEC-ETAU-eurl-hosna-kamel-algerie.jpg","contentUrl":"https:\/\/eurlhosnakamel.dz\/dz\/wp-content\/uploads\/2020\/04\/RIDGID-ETABLI-PORTABLE-AVEC-ETAU-eurl-hosna-kamel-algerie.jpg","width":512,"height":512},{"@type":"BreadcrumbList","@id":"https:\/\/eurlhosnakamel.dz\/dz\/produit\/ridgid-etabli-portable-avec-etau-1-8-2-10-60-mm-12202\/#breadcrumb","itemListElement":[{"@type":"ListItem","position":1,"name":"Accueil","item":"https:\/\/eurlhosnakamel.dz\/dz\/"},{"@type":"ListItem","position":2,"name":"Shop","item":"https:\/\/eurlhosnakamel.dz\/dz\/shop\/"},{"@type":"ListItem","position":3,"name":"RIDGID ETABLI PORTABLE AVEC ETAU 1\/8-2&#8243; 10-60 mm -12202"}]},{"@type":"WebSite","@id":"https:\/\/eurlhosnakamel.dz\/dz\/#website","url":"https:\/\/eurlhosnakamel.dz\/dz\/","name":"EURL HOSNA KAMEL","description":"Fournisseur Premium d&#039;Outillages Professionnels en Alg\u00e9rie -","publisher":{"@id":"https:\/\/eurlhosnakamel.dz\/dz\/#organization"},"potentialAction":[{"@type":"SearchAction","target":{"@type":"EntryPoint","urlTemplate":"https:\/\/eurlhosnakamel.dz\/dz\/?s={search_term_string}"},"query-input":"required name=search_term_string"}],"inLanguage":"fr-FR"},{"@type":"Organization","@id":"https:\/\/eurlhosnakamel.dz\/dz\/#organization","name":"EURL HOSNA KAMEL - Bosch alg\u00e9rie","url":"https:\/\/eurlhosnakamel.dz\/dz\/","logo":{"@type":"ImageObject","inLanguage":"fr-FR","@id":"https:\/\/eurlhosnakamel.dz\/dz\/#\/schema\/logo\/image\/","url":"https:\/\/eurlhosnakamel.dz\/wp-content\/uploads\/2020\/04\/LOGO-HOSNA1.png","contentUrl":"https:\/\/eurlhosnakamel.dz\/wp-content\/uploads\/2020\/04\/LOGO-HOSNA1.png","width":120,"height":127,"caption":"EURL HOSNA KAMEL - Bosch alg\u00e9rie"},"image":{"@id":"https:\/\/eurlhosnakamel.dz\/dz\/#\/schema\/logo\/image\/"},"sameAs":["https:\/\/www.facebook.com\/Eurl.Hosna.DZ\/"]}]}},"_links":{"self":[{"href":"https:\/\/eurlhosnakamel.dz\/dz\/wp-json\/wp\/v2\/product\/8137","targetHints":{"allow":["GET"]}}],"collection":[{"href":"https:\/\/eurlhosnakamel.dz\/dz\/wp-json\/wp\/v2\/product"}],"about":[{"href":"https:\/\/eurlhosnakamel.dz\/dz\/wp-json\/wp\/v2\/types\/product"}],"wp:featuredmedia":[{"embeddable":true,"href":"https:\/\/eurlhosnakamel.dz\/dz\/wp-json\/wp\/v2\/media\/8139"}],"wp:attachment":[{"href":"https:\/\/eurlhosnakamel.dz\/dz\/wp-json\/wp\/v2\/media?parent=8137"}],"wp:term":[{"taxonomy":"product_cat","embeddable":true,"href":"https:\/\/eurlhosnakamel.dz\/dz\/wp-json\/wp\/v2\/product_cat?post=8137"},{"taxonomy":"product_tag","embeddable":true,"href":"https:\/\/eurlhosnakamel.dz\/dz\/wp-json\/wp\/v2\/product_tag?post=8137"}],"curies":[{"name":"wp","href":"https:\/\/api.w.org\/{rel}","templated":true}]}}