{"id":8141,"date":"2020-04-23T17:01:27","date_gmt":"2020-04-23T17:01:27","guid":{"rendered":"https:\/\/lhchosting.com\/hosna\/?post_type=product&#038;p=8141"},"modified":"2020-04-23T17:05:12","modified_gmt":"2020-04-23T17:05:12","slug":"ridgid-scie-a-metaux-30-cm-20238","status":"publish","type":"product","link":"https:\/\/eurlhosnakamel.dz\/dz\/produit\/ridgid-scie-a-metaux-30-cm-20238\/","title":{"rendered":"RIDGID SCIE A METAUX 30 CM  &#8211; 20238"},"content":{"rendered":"<table class=\"table-overflow productTable\">\n<thead>\n<tr>\n<th rowspan=\"2\">NUM\u00c9RO DE CATALOGUE<\/th>\n<th class=\"column0 col-86-\" rowspan=\"2\">N\u00b0 DE MOD\u00c8LE<\/th>\n<th class=\"column1 col-1-\" rowspan=\"2\">DESCRIPTION<\/th>\n<th class=\"column2 col-189-\" colspan=\"2\">LONGUEUR DE LA LAME<\/th>\n<th class=\"column3 col-3-\" colspan=\"2\">POIDS<\/th>\n<\/tr>\n<tr>\n<th class=\"column2 col-189-\">PO<\/th>\n<th class=\"column2 col-189-\">MM<\/th>\n<th class=\"column3 col-3-\">LB<\/th>\n<th class=\"column3 col-3-\">KG<\/th>\n<\/tr>\n<\/thead>\n<tbody data-productid=\"768\">\n<tr class=\"catalogModelRow\" data-saleable=\"True\">\n<td class=\"left-align\">20238<\/td>\n<td class=\"column0 col-86- left-align\">212<\/td>\n<td class=\"column1 col-1- left-align\">Scie \u00e0 m\u00e9taux en aluminium\u00a0Pro\u00a0Arc (avec lame de 12\u00a0po)<\/td>\n<td class=\"column2 col-189-\">12<\/td>\n<td class=\"column2 col-189- secondary\">300<\/td>\n<td class=\"column3 col-3-\">1 3\/10<\/td>\n<td class=\"column3 col-3- secondary\">0,60<\/td>\n<\/tr>\n<\/tbody>\n<\/table>\n","protected":false},"excerpt":{"rendered":"<p><strong>Pour acier inoxydable, cuivre, laiton, plastique, aluminium, tige filet\u00e9e et bois.<\/strong><\/p>\n<ul class=\"bullet\">\n<li><strong>Scie \u00e0 m\u00e9taux professionnelle l\u00e9g\u00e8re con\u00e7ue pour garantir une r\u00e9sistance sup\u00e9rieure et un contr\u00f4le maximal.<\/strong><\/li>\n<li><strong>Grand bouton de r\u00e9glage de la tension pour un remplacement rapide de la lame.<\/strong><\/li>\n<li><strong>Poign\u00e9es caoutchout\u00e9es pour un confort maximal.<\/strong><\/li>\n<li><strong>Deux positions de montage de la lame (angles de coupe de 45\u00b0 ou 90\u00b0).<\/strong><\/li>\n<\/ul>\n","protected":false},"featured_media":8143,"template":"","meta":[],"product_cat":[29,407],"product_tag":[1749],"class_list":{"0":"post-8141","1":"product","2":"type-product","3":"status-publish","4":"has-post-thumbnail","6":"product_cat-quincaillerie","7":"product_cat-plomberie","8":"product_tag-ridgid-scie-a-metaux-30-cm-20238","9":"product_brand-ridgid","11":"first","12":"instock","13":"shipping-taxable","14":"product-type-simple","15":"col-xs-6 col-sm-4","16":"col-md-3 col-lg-3","17":"un-4-cols"},"yoast_head":"<!-- This site is optimized with the Yoast SEO plugin v22.5 - https:\/\/yoast.com\/wordpress\/plugins\/seo\/ -->\n<title>RIDGID SCIE A METAUX 30 CM - 20238 - EURL HOSNA KAMEL<\/title>\n<meta name=\"description\" content=\"RIDGID SCIE A METAUX 30 CM - 20238 - EURL HOSNA KAMEL\" \/>\n<meta name=\"robots\" content=\"index, follow, max-snippet:-1, max-image-preview:large, max-video-preview:-1\" \/>\n<link rel=\"canonical\" href=\"https:\/\/eurlhosnakamel.dz\/dz\/produit\/ridgid-scie-a-metaux-30-cm-20238\/\" \/>\n<meta property=\"og:locale\" content=\"fr_FR\" \/>\n<meta property=\"og:type\" content=\"article\" \/>\n<meta property=\"og:title\" content=\"RIDGID SCIE A METAUX 30 CM - 20238 - EURL HOSNA KAMEL\" \/>\n<meta property=\"og:description\" content=\"RIDGID SCIE A METAUX 30 CM - 20238 - EURL HOSNA KAMEL\" \/>\n<meta property=\"og:url\" content=\"https:\/\/eurlhosnakamel.dz\/dz\/produit\/ridgid-scie-a-metaux-30-cm-20238\/\" \/>\n<meta property=\"og:site_name\" content=\"EURL HOSNA KAMEL\" \/>\n<meta property=\"article:publisher\" content=\"https:\/\/www.facebook.com\/Eurl.Hosna.DZ\/\" \/>\n<meta property=\"article:modified_time\" content=\"2020-04-23T17:05:12+00:00\" \/>\n<meta property=\"og:image\" content=\"https:\/\/eurlhosnakamel.dz\/dz\/wp-content\/uploads\/2020\/04\/RIDGID-SCIE-A-METAUX-30CM-20238-eurl-hosna-kamel-algerie.jpg\" \/>\n\t<meta property=\"og:image:width\" content=\"512\" \/>\n\t<meta property=\"og:image:height\" content=\"512\" \/>\n\t<meta property=\"og:image:type\" content=\"image\/jpeg\" \/>\n<meta name=\"twitter:card\" content=\"summary_large_image\" \/>\n<script type=\"application\/ld+json\" class=\"yoast-schema-graph\">{\"@context\":\"https:\/\/schema.org\",\"@graph\":[{\"@type\":\"WebPage\",\"@id\":\"https:\/\/eurlhosnakamel.dz\/dz\/produit\/ridgid-scie-a-metaux-30-cm-20238\/\",\"url\":\"https:\/\/eurlhosnakamel.dz\/dz\/produit\/ridgid-scie-a-metaux-30-cm-20238\/\",\"name\":\"RIDGID SCIE A METAUX 30 CM - 20238 - EURL HOSNA KAMEL\",\"isPartOf\":{\"@id\":\"https:\/\/eurlhosnakamel.dz\/dz\/#website\"},\"primaryImageOfPage\":{\"@id\":\"https:\/\/eurlhosnakamel.dz\/dz\/produit\/ridgid-scie-a-metaux-30-cm-20238\/#primaryimage\"},\"image\":{\"@id\":\"https:\/\/eurlhosnakamel.dz\/dz\/produit\/ridgid-scie-a-metaux-30-cm-20238\/#primaryimage\"},\"thumbnailUrl\":\"https:\/\/eurlhosnakamel.dz\/dz\/wp-content\/uploads\/2020\/04\/RIDGID-SCIE-A-METAUX-30CM-20238-eurl-hosna-kamel-algerie.jpg\",\"datePublished\":\"2020-04-23T17:01:27+00:00\",\"dateModified\":\"2020-04-23T17:05:12+00:00\",\"description\":\"RIDGID SCIE A METAUX 30 CM - 20238 - EURL HOSNA KAMEL\",\"breadcrumb\":{\"@id\":\"https:\/\/eurlhosnakamel.dz\/dz\/produit\/ridgid-scie-a-metaux-30-cm-20238\/#breadcrumb\"},\"inLanguage\":\"fr-FR\",\"potentialAction\":[{\"@type\":\"ReadAction\",\"target\":[\"https:\/\/eurlhosnakamel.dz\/dz\/produit\/ridgid-scie-a-metaux-30-cm-20238\/\"]}]},{\"@type\":\"ImageObject\",\"inLanguage\":\"fr-FR\",\"@id\":\"https:\/\/eurlhosnakamel.dz\/dz\/produit\/ridgid-scie-a-metaux-30-cm-20238\/#primaryimage\",\"url\":\"https:\/\/eurlhosnakamel.dz\/dz\/wp-content\/uploads\/2020\/04\/RIDGID-SCIE-A-METAUX-30CM-20238-eurl-hosna-kamel-algerie.jpg\",\"contentUrl\":\"https:\/\/eurlhosnakamel.dz\/dz\/wp-content\/uploads\/2020\/04\/RIDGID-SCIE-A-METAUX-30CM-20238-eurl-hosna-kamel-algerie.jpg\",\"width\":512,\"height\":512},{\"@type\":\"BreadcrumbList\",\"@id\":\"https:\/\/eurlhosnakamel.dz\/dz\/produit\/ridgid-scie-a-metaux-30-cm-20238\/#breadcrumb\",\"itemListElement\":[{\"@type\":\"ListItem\",\"position\":1,\"name\":\"Accueil\",\"item\":\"https:\/\/eurlhosnakamel.dz\/dz\/\"},{\"@type\":\"ListItem\",\"position\":2,\"name\":\"Shop\",\"item\":\"https:\/\/eurlhosnakamel.dz\/dz\/shop\/\"},{\"@type\":\"ListItem\",\"position\":3,\"name\":\"RIDGID SCIE A METAUX 30 CM &#8211; 20238\"}]},{\"@type\":\"WebSite\",\"@id\":\"https:\/\/eurlhosnakamel.dz\/dz\/#website\",\"url\":\"https:\/\/eurlhosnakamel.dz\/dz\/\",\"name\":\"EURL HOSNA KAMEL\",\"description\":\"Fournisseur Premium d&#039;Outillages Professionnels en Alg\u00e9rie -\",\"publisher\":{\"@id\":\"https:\/\/eurlhosnakamel.dz\/dz\/#organization\"},\"potentialAction\":[{\"@type\":\"SearchAction\",\"target\":{\"@type\":\"EntryPoint\",\"urlTemplate\":\"https:\/\/eurlhosnakamel.dz\/dz\/?s={search_term_string}\"},\"query-input\":\"required name=search_term_string\"}],\"inLanguage\":\"fr-FR\"},{\"@type\":\"Organization\",\"@id\":\"https:\/\/eurlhosnakamel.dz\/dz\/#organization\",\"name\":\"EURL HOSNA KAMEL - Bosch alg\u00e9rie\",\"url\":\"https:\/\/eurlhosnakamel.dz\/dz\/\",\"logo\":{\"@type\":\"ImageObject\",\"inLanguage\":\"fr-FR\",\"@id\":\"https:\/\/eurlhosnakamel.dz\/dz\/#\/schema\/logo\/image\/\",\"url\":\"https:\/\/eurlhosnakamel.dz\/wp-content\/uploads\/2020\/04\/LOGO-HOSNA1.png\",\"contentUrl\":\"https:\/\/eurlhosnakamel.dz\/wp-content\/uploads\/2020\/04\/LOGO-HOSNA1.png\",\"width\":120,\"height\":127,\"caption\":\"EURL HOSNA KAMEL - Bosch alg\u00e9rie\"},\"image\":{\"@id\":\"https:\/\/eurlhosnakamel.dz\/dz\/#\/schema\/logo\/image\/\"},\"sameAs\":[\"https:\/\/www.facebook.com\/Eurl.Hosna.DZ\/\"]}]}<\/script>\n<!-- \/ Yoast SEO plugin. -->","yoast_head_json":{"title":"RIDGID SCIE A METAUX 30 CM - 20238 - EURL HOSNA KAMEL","description":"RIDGID SCIE A METAUX 30 CM - 20238 - EURL HOSNA KAMEL","robots":{"index":"index","follow":"follow","max-snippet":"max-snippet:-1","max-image-preview":"max-image-preview:large","max-video-preview":"max-video-preview:-1"},"canonical":"https:\/\/eurlhosnakamel.dz\/dz\/produit\/ridgid-scie-a-metaux-30-cm-20238\/","og_locale":"fr_FR","og_type":"article","og_title":"RIDGID SCIE A METAUX 30 CM - 20238 - EURL HOSNA KAMEL","og_description":"RIDGID SCIE A METAUX 30 CM - 20238 - EURL HOSNA KAMEL","og_url":"https:\/\/eurlhosnakamel.dz\/dz\/produit\/ridgid-scie-a-metaux-30-cm-20238\/","og_site_name":"EURL HOSNA KAMEL","article_publisher":"https:\/\/www.facebook.com\/Eurl.Hosna.DZ\/","article_modified_time":"2020-04-23T17:05:12+00:00","og_image":[{"width":512,"height":512,"url":"https:\/\/eurlhosnakamel.dz\/dz\/wp-content\/uploads\/2020\/04\/RIDGID-SCIE-A-METAUX-30CM-20238-eurl-hosna-kamel-algerie.jpg","type":"image\/jpeg"}],"twitter_card":"summary_large_image","schema":{"@context":"https:\/\/schema.org","@graph":[{"@type":"WebPage","@id":"https:\/\/eurlhosnakamel.dz\/dz\/produit\/ridgid-scie-a-metaux-30-cm-20238\/","url":"https:\/\/eurlhosnakamel.dz\/dz\/produit\/ridgid-scie-a-metaux-30-cm-20238\/","name":"RIDGID SCIE A METAUX 30 CM - 20238 - EURL HOSNA KAMEL","isPartOf":{"@id":"https:\/\/eurlhosnakamel.dz\/dz\/#website"},"primaryImageOfPage":{"@id":"https:\/\/eurlhosnakamel.dz\/dz\/produit\/ridgid-scie-a-metaux-30-cm-20238\/#primaryimage"},"image":{"@id":"https:\/\/eurlhosnakamel.dz\/dz\/produit\/ridgid-scie-a-metaux-30-cm-20238\/#primaryimage"},"thumbnailUrl":"https:\/\/eurlhosnakamel.dz\/dz\/wp-content\/uploads\/2020\/04\/RIDGID-SCIE-A-METAUX-30CM-20238-eurl-hosna-kamel-algerie.jpg","datePublished":"2020-04-23T17:01:27+00:00","dateModified":"2020-04-23T17:05:12+00:00","description":"RIDGID SCIE A METAUX 30 CM - 20238 - EURL HOSNA KAMEL","breadcrumb":{"@id":"https:\/\/eurlhosnakamel.dz\/dz\/produit\/ridgid-scie-a-metaux-30-cm-20238\/#breadcrumb"},"inLanguage":"fr-FR","potentialAction":[{"@type":"ReadAction","target":["https:\/\/eurlhosnakamel.dz\/dz\/produit\/ridgid-scie-a-metaux-30-cm-20238\/"]}]},{"@type":"ImageObject","inLanguage":"fr-FR","@id":"https:\/\/eurlhosnakamel.dz\/dz\/produit\/ridgid-scie-a-metaux-30-cm-20238\/#primaryimage","url":"https:\/\/eurlhosnakamel.dz\/dz\/wp-content\/uploads\/2020\/04\/RIDGID-SCIE-A-METAUX-30CM-20238-eurl-hosna-kamel-algerie.jpg","contentUrl":"https:\/\/eurlhosnakamel.dz\/dz\/wp-content\/uploads\/2020\/04\/RIDGID-SCIE-A-METAUX-30CM-20238-eurl-hosna-kamel-algerie.jpg","width":512,"height":512},{"@type":"BreadcrumbList","@id":"https:\/\/eurlhosnakamel.dz\/dz\/produit\/ridgid-scie-a-metaux-30-cm-20238\/#breadcrumb","itemListElement":[{"@type":"ListItem","position":1,"name":"Accueil","item":"https:\/\/eurlhosnakamel.dz\/dz\/"},{"@type":"ListItem","position":2,"name":"Shop","item":"https:\/\/eurlhosnakamel.dz\/dz\/shop\/"},{"@type":"ListItem","position":3,"name":"RIDGID SCIE A METAUX 30 CM &#8211; 20238"}]},{"@type":"WebSite","@id":"https:\/\/eurlhosnakamel.dz\/dz\/#website","url":"https:\/\/eurlhosnakamel.dz\/dz\/","name":"EURL HOSNA KAMEL","description":"Fournisseur Premium d&#039;Outillages Professionnels en Alg\u00e9rie -","publisher":{"@id":"https:\/\/eurlhosnakamel.dz\/dz\/#organization"},"potentialAction":[{"@type":"SearchAction","target":{"@type":"EntryPoint","urlTemplate":"https:\/\/eurlhosnakamel.dz\/dz\/?s={search_term_string}"},"query-input":"required name=search_term_string"}],"inLanguage":"fr-FR"},{"@type":"Organization","@id":"https:\/\/eurlhosnakamel.dz\/dz\/#organization","name":"EURL HOSNA KAMEL - Bosch alg\u00e9rie","url":"https:\/\/eurlhosnakamel.dz\/dz\/","logo":{"@type":"ImageObject","inLanguage":"fr-FR","@id":"https:\/\/eurlhosnakamel.dz\/dz\/#\/schema\/logo\/image\/","url":"https:\/\/eurlhosnakamel.dz\/wp-content\/uploads\/2020\/04\/LOGO-HOSNA1.png","contentUrl":"https:\/\/eurlhosnakamel.dz\/wp-content\/uploads\/2020\/04\/LOGO-HOSNA1.png","width":120,"height":127,"caption":"EURL HOSNA KAMEL - Bosch alg\u00e9rie"},"image":{"@id":"https:\/\/eurlhosnakamel.dz\/dz\/#\/schema\/logo\/image\/"},"sameAs":["https:\/\/www.facebook.com\/Eurl.Hosna.DZ\/"]}]}},"_links":{"self":[{"href":"https:\/\/eurlhosnakamel.dz\/dz\/wp-json\/wp\/v2\/product\/8141","targetHints":{"allow":["GET"]}}],"collection":[{"href":"https:\/\/eurlhosnakamel.dz\/dz\/wp-json\/wp\/v2\/product"}],"about":[{"href":"https:\/\/eurlhosnakamel.dz\/dz\/wp-json\/wp\/v2\/types\/product"}],"wp:featuredmedia":[{"embeddable":true,"href":"https:\/\/eurlhosnakamel.dz\/dz\/wp-json\/wp\/v2\/media\/8143"}],"wp:attachment":[{"href":"https:\/\/eurlhosnakamel.dz\/dz\/wp-json\/wp\/v2\/media?parent=8141"}],"wp:term":[{"taxonomy":"product_cat","embeddable":true,"href":"https:\/\/eurlhosnakamel.dz\/dz\/wp-json\/wp\/v2\/product_cat?post=8141"},{"taxonomy":"product_tag","embeddable":true,"href":"https:\/\/eurlhosnakamel.dz\/dz\/wp-json\/wp\/v2\/product_tag?post=8141"}],"curies":[{"name":"wp","href":"https:\/\/api.w.org\/{rel}","templated":true}]}}