{"id":8147,"date":"2020-04-23T17:08:18","date_gmt":"2020-04-23T17:08:18","guid":{"rendered":"https:\/\/lhchosting.com\/hosna\/?post_type=product&#038;p=8147"},"modified":"2020-04-23T17:09:58","modified_gmt":"2020-04-23T17:09:58","slug":"ridgid-lame-de-scie-a-metaux-30-cm-56852","status":"publish","type":"product","link":"https:\/\/eurlhosnakamel.dz\/dz\/produit\/ridgid-lame-de-scie-a-metaux-30-cm-56852\/","title":{"rendered":"RIDGID LAME DE SCIE A METAUX 30 CM  &#8211; 56852"},"content":{"rendered":"<table class=\"table-overflow productTable\">\n<thead>\n<tr>\n<th rowspan=\"2\">NUM\u00c9RO DE CATALOGUE<\/th>\n<th class=\"column0 col-86-\" rowspan=\"2\">N\u00b0 DE MOD\u00c8LE<\/th>\n<th class=\"column1 col-1-\" rowspan=\"2\">DESCRIPTION<\/th>\n<th class=\"column2 col-2-\" colspan=\"2\">LONGUEUR<\/th>\n<th class=\"column3 col-139-\" rowspan=\"2\">DENTS PAR POUCES<\/th>\n<th class=\"column4 col-3-\" colspan=\"2\">POIDS<\/th>\n<\/tr>\n<tr>\n<th class=\"column2 col-2-\">PO<\/th>\n<th class=\"column2 col-2-\">MM<\/th>\n<th class=\"column4 col-3-\">LB<\/th>\n<th class=\"column4 col-3-\">KG<\/th>\n<\/tr>\n<\/thead>\n<tbody data-productid=\"725\">\n<tr class=\"catalogModelRow\" data-saleable=\"False\">\n<td class=\"left-align\">56847<\/td>\n<td class=\"column0 col-86- left-align\">1218-BM<\/td>\n<td class=\"column1 col-1- left-align\">Applications haute r\u00e9sistance &gt; 3\u00a0mm<\/td>\n<td class=\"column2 col-2-\">12<\/td>\n<td class=\"column2 col-2- secondary\">300<\/td>\n<td class=\"column3 col-139- left-align\">18<\/td>\n<td class=\"column4 col-3-\">3 3\/10<\/td>\n<td class=\"column4 col-3- secondary\">1,50<\/td>\n<\/tr>\n<tr class=\"catalogModelRow\" data-saleable=\"False\">\n<td class=\"left-align\"><span style=\"color: #ff0000;\"><strong>56852<\/strong><\/span><\/td>\n<td class=\"column0 col-86- left-align\"><span style=\"color: #ff0000;\"><strong>1224-BM\u00a0<\/strong><\/span><\/td>\n<td class=\"column1 col-1- left-align\"><span style=\"color: #ff0000;\"><strong>Applications g\u00e9n\u00e9rales\u00a0<\/strong><\/span><\/td>\n<td class=\"column2 col-2-\"><span style=\"color: #ff0000;\"><strong>12\u00a0<\/strong><\/span><\/td>\n<td class=\"column2 col-2- secondary\"><span style=\"color: #ff0000;\"><strong>300\u00a0<\/strong><\/span><\/td>\n<td class=\"column3 col-139- left-align\"><span style=\"color: #ff0000;\"><strong>24\u00a0<\/strong><\/span><\/td>\n<td class=\"column4 col-3-\"><span style=\"color: #ff0000;\"><strong>3 3\/10\u00a0<\/strong><\/span><\/td>\n<td class=\"column4 col-3- secondary\"><span style=\"color: #ff0000;\"><strong>1,50<\/strong><\/span><\/td>\n<\/tr>\n<\/tbody>\n<\/table>\n","protected":false},"excerpt":{"rendered":"<p><strong>Les lames bi-m\u00e9tal comportent des dents grande vitesse soud\u00e9es par un faisceau d&#8217;\u00e9lectrons sur une matrice en acier r\u00e9sistante mais souple afin de produire les meilleures performances possibles dans une lame haut de gamme. Disponibles en 18 dents\/po \u2013 24 dents\/po et 300 mm (11,8\u00a0po) de longueur.<\/strong><\/p>\n","protected":false},"featured_media":8149,"template":"","meta":[],"product_cat":[29,407],"product_tag":[1751],"class_list":{"0":"post-8147","1":"product","2":"type-product","3":"status-publish","4":"has-post-thumbnail","6":"product_cat-quincaillerie","7":"product_cat-plomberie","8":"product_tag-ridgid-lame-de-scie-a-metaux-30-cm-56852","9":"product_brand-ridgid","11":"first","12":"instock","13":"shipping-taxable","14":"product-type-simple","15":"col-xs-6 col-sm-4","16":"col-md-3 col-lg-3","17":"un-4-cols"},"yoast_head":"<!-- This site is optimized with the Yoast SEO plugin v22.5 - https:\/\/yoast.com\/wordpress\/plugins\/seo\/ -->\n<title>RIDGID LAME DE SCIE A METAUX 30 CM - 56852 - EURL HOSNA KAMEL<\/title>\n<meta name=\"description\" content=\"RIDGID LAME DE SCIE A METAUX 30 CM - 56852 - EURL HOSNA KAMEL\" \/>\n<meta name=\"robots\" content=\"index, follow, max-snippet:-1, max-image-preview:large, max-video-preview:-1\" \/>\n<link rel=\"canonical\" href=\"https:\/\/eurlhosnakamel.dz\/dz\/produit\/ridgid-lame-de-scie-a-metaux-30-cm-56852\/\" \/>\n<meta property=\"og:locale\" content=\"fr_FR\" \/>\n<meta property=\"og:type\" content=\"article\" \/>\n<meta property=\"og:title\" content=\"RIDGID LAME DE SCIE A METAUX 30 CM - 56852 - EURL HOSNA KAMEL\" \/>\n<meta property=\"og:description\" content=\"RIDGID LAME DE SCIE A METAUX 30 CM - 56852 - EURL HOSNA KAMEL\" \/>\n<meta property=\"og:url\" content=\"https:\/\/eurlhosnakamel.dz\/dz\/produit\/ridgid-lame-de-scie-a-metaux-30-cm-56852\/\" \/>\n<meta property=\"og:site_name\" content=\"EURL HOSNA KAMEL\" \/>\n<meta property=\"article:publisher\" content=\"https:\/\/www.facebook.com\/Eurl.Hosna.DZ\/\" \/>\n<meta property=\"article:modified_time\" content=\"2020-04-23T17:09:58+00:00\" \/>\n<meta property=\"og:image\" content=\"https:\/\/eurlhosnakamel.dz\/dz\/wp-content\/uploads\/2020\/04\/RIDGID-LAME-DE-SCIE-A-METAUX-30CM-56852-eurl-hosna-kamel-algerie.jpg\" \/>\n\t<meta property=\"og:image:width\" content=\"512\" \/>\n\t<meta property=\"og:image:height\" content=\"512\" \/>\n\t<meta property=\"og:image:type\" content=\"image\/jpeg\" \/>\n<meta name=\"twitter:card\" content=\"summary_large_image\" \/>\n<script type=\"application\/ld+json\" class=\"yoast-schema-graph\">{\"@context\":\"https:\/\/schema.org\",\"@graph\":[{\"@type\":\"WebPage\",\"@id\":\"https:\/\/eurlhosnakamel.dz\/dz\/produit\/ridgid-lame-de-scie-a-metaux-30-cm-56852\/\",\"url\":\"https:\/\/eurlhosnakamel.dz\/dz\/produit\/ridgid-lame-de-scie-a-metaux-30-cm-56852\/\",\"name\":\"RIDGID LAME DE SCIE A METAUX 30 CM - 56852 - EURL HOSNA KAMEL\",\"isPartOf\":{\"@id\":\"https:\/\/eurlhosnakamel.dz\/dz\/#website\"},\"primaryImageOfPage\":{\"@id\":\"https:\/\/eurlhosnakamel.dz\/dz\/produit\/ridgid-lame-de-scie-a-metaux-30-cm-56852\/#primaryimage\"},\"image\":{\"@id\":\"https:\/\/eurlhosnakamel.dz\/dz\/produit\/ridgid-lame-de-scie-a-metaux-30-cm-56852\/#primaryimage\"},\"thumbnailUrl\":\"https:\/\/eurlhosnakamel.dz\/dz\/wp-content\/uploads\/2020\/04\/RIDGID-LAME-DE-SCIE-A-METAUX-30CM-56852-eurl-hosna-kamel-algerie.jpg\",\"datePublished\":\"2020-04-23T17:08:18+00:00\",\"dateModified\":\"2020-04-23T17:09:58+00:00\",\"description\":\"RIDGID LAME DE SCIE A METAUX 30 CM - 56852 - EURL HOSNA KAMEL\",\"breadcrumb\":{\"@id\":\"https:\/\/eurlhosnakamel.dz\/dz\/produit\/ridgid-lame-de-scie-a-metaux-30-cm-56852\/#breadcrumb\"},\"inLanguage\":\"fr-FR\",\"potentialAction\":[{\"@type\":\"ReadAction\",\"target\":[\"https:\/\/eurlhosnakamel.dz\/dz\/produit\/ridgid-lame-de-scie-a-metaux-30-cm-56852\/\"]}]},{\"@type\":\"ImageObject\",\"inLanguage\":\"fr-FR\",\"@id\":\"https:\/\/eurlhosnakamel.dz\/dz\/produit\/ridgid-lame-de-scie-a-metaux-30-cm-56852\/#primaryimage\",\"url\":\"https:\/\/eurlhosnakamel.dz\/dz\/wp-content\/uploads\/2020\/04\/RIDGID-LAME-DE-SCIE-A-METAUX-30CM-56852-eurl-hosna-kamel-algerie.jpg\",\"contentUrl\":\"https:\/\/eurlhosnakamel.dz\/dz\/wp-content\/uploads\/2020\/04\/RIDGID-LAME-DE-SCIE-A-METAUX-30CM-56852-eurl-hosna-kamel-algerie.jpg\",\"width\":512,\"height\":512},{\"@type\":\"BreadcrumbList\",\"@id\":\"https:\/\/eurlhosnakamel.dz\/dz\/produit\/ridgid-lame-de-scie-a-metaux-30-cm-56852\/#breadcrumb\",\"itemListElement\":[{\"@type\":\"ListItem\",\"position\":1,\"name\":\"Accueil\",\"item\":\"https:\/\/eurlhosnakamel.dz\/dz\/\"},{\"@type\":\"ListItem\",\"position\":2,\"name\":\"Shop\",\"item\":\"https:\/\/eurlhosnakamel.dz\/dz\/shop\/\"},{\"@type\":\"ListItem\",\"position\":3,\"name\":\"RIDGID LAME DE SCIE A METAUX 30 CM &#8211; 56852\"}]},{\"@type\":\"WebSite\",\"@id\":\"https:\/\/eurlhosnakamel.dz\/dz\/#website\",\"url\":\"https:\/\/eurlhosnakamel.dz\/dz\/\",\"name\":\"EURL HOSNA KAMEL\",\"description\":\"Fournisseur Premium d&#039;Outillages Professionnels en Alg\u00e9rie -\",\"publisher\":{\"@id\":\"https:\/\/eurlhosnakamel.dz\/dz\/#organization\"},\"potentialAction\":[{\"@type\":\"SearchAction\",\"target\":{\"@type\":\"EntryPoint\",\"urlTemplate\":\"https:\/\/eurlhosnakamel.dz\/dz\/?s={search_term_string}\"},\"query-input\":\"required name=search_term_string\"}],\"inLanguage\":\"fr-FR\"},{\"@type\":\"Organization\",\"@id\":\"https:\/\/eurlhosnakamel.dz\/dz\/#organization\",\"name\":\"EURL HOSNA KAMEL - Bosch alg\u00e9rie\",\"url\":\"https:\/\/eurlhosnakamel.dz\/dz\/\",\"logo\":{\"@type\":\"ImageObject\",\"inLanguage\":\"fr-FR\",\"@id\":\"https:\/\/eurlhosnakamel.dz\/dz\/#\/schema\/logo\/image\/\",\"url\":\"https:\/\/eurlhosnakamel.dz\/wp-content\/uploads\/2020\/04\/LOGO-HOSNA1.png\",\"contentUrl\":\"https:\/\/eurlhosnakamel.dz\/wp-content\/uploads\/2020\/04\/LOGO-HOSNA1.png\",\"width\":120,\"height\":127,\"caption\":\"EURL HOSNA KAMEL - Bosch alg\u00e9rie\"},\"image\":{\"@id\":\"https:\/\/eurlhosnakamel.dz\/dz\/#\/schema\/logo\/image\/\"},\"sameAs\":[\"https:\/\/www.facebook.com\/Eurl.Hosna.DZ\/\"]}]}<\/script>\n<!-- \/ Yoast SEO plugin. -->","yoast_head_json":{"title":"RIDGID LAME DE SCIE A METAUX 30 CM - 56852 - EURL HOSNA KAMEL","description":"RIDGID LAME DE SCIE A METAUX 30 CM - 56852 - EURL HOSNA KAMEL","robots":{"index":"index","follow":"follow","max-snippet":"max-snippet:-1","max-image-preview":"max-image-preview:large","max-video-preview":"max-video-preview:-1"},"canonical":"https:\/\/eurlhosnakamel.dz\/dz\/produit\/ridgid-lame-de-scie-a-metaux-30-cm-56852\/","og_locale":"fr_FR","og_type":"article","og_title":"RIDGID LAME DE SCIE A METAUX 30 CM - 56852 - EURL HOSNA KAMEL","og_description":"RIDGID LAME DE SCIE A METAUX 30 CM - 56852 - EURL HOSNA KAMEL","og_url":"https:\/\/eurlhosnakamel.dz\/dz\/produit\/ridgid-lame-de-scie-a-metaux-30-cm-56852\/","og_site_name":"EURL HOSNA KAMEL","article_publisher":"https:\/\/www.facebook.com\/Eurl.Hosna.DZ\/","article_modified_time":"2020-04-23T17:09:58+00:00","og_image":[{"width":512,"height":512,"url":"https:\/\/eurlhosnakamel.dz\/dz\/wp-content\/uploads\/2020\/04\/RIDGID-LAME-DE-SCIE-A-METAUX-30CM-56852-eurl-hosna-kamel-algerie.jpg","type":"image\/jpeg"}],"twitter_card":"summary_large_image","schema":{"@context":"https:\/\/schema.org","@graph":[{"@type":"WebPage","@id":"https:\/\/eurlhosnakamel.dz\/dz\/produit\/ridgid-lame-de-scie-a-metaux-30-cm-56852\/","url":"https:\/\/eurlhosnakamel.dz\/dz\/produit\/ridgid-lame-de-scie-a-metaux-30-cm-56852\/","name":"RIDGID LAME DE SCIE A METAUX 30 CM - 56852 - EURL HOSNA KAMEL","isPartOf":{"@id":"https:\/\/eurlhosnakamel.dz\/dz\/#website"},"primaryImageOfPage":{"@id":"https:\/\/eurlhosnakamel.dz\/dz\/produit\/ridgid-lame-de-scie-a-metaux-30-cm-56852\/#primaryimage"},"image":{"@id":"https:\/\/eurlhosnakamel.dz\/dz\/produit\/ridgid-lame-de-scie-a-metaux-30-cm-56852\/#primaryimage"},"thumbnailUrl":"https:\/\/eurlhosnakamel.dz\/dz\/wp-content\/uploads\/2020\/04\/RIDGID-LAME-DE-SCIE-A-METAUX-30CM-56852-eurl-hosna-kamel-algerie.jpg","datePublished":"2020-04-23T17:08:18+00:00","dateModified":"2020-04-23T17:09:58+00:00","description":"RIDGID LAME DE SCIE A METAUX 30 CM - 56852 - EURL HOSNA KAMEL","breadcrumb":{"@id":"https:\/\/eurlhosnakamel.dz\/dz\/produit\/ridgid-lame-de-scie-a-metaux-30-cm-56852\/#breadcrumb"},"inLanguage":"fr-FR","potentialAction":[{"@type":"ReadAction","target":["https:\/\/eurlhosnakamel.dz\/dz\/produit\/ridgid-lame-de-scie-a-metaux-30-cm-56852\/"]}]},{"@type":"ImageObject","inLanguage":"fr-FR","@id":"https:\/\/eurlhosnakamel.dz\/dz\/produit\/ridgid-lame-de-scie-a-metaux-30-cm-56852\/#primaryimage","url":"https:\/\/eurlhosnakamel.dz\/dz\/wp-content\/uploads\/2020\/04\/RIDGID-LAME-DE-SCIE-A-METAUX-30CM-56852-eurl-hosna-kamel-algerie.jpg","contentUrl":"https:\/\/eurlhosnakamel.dz\/dz\/wp-content\/uploads\/2020\/04\/RIDGID-LAME-DE-SCIE-A-METAUX-30CM-56852-eurl-hosna-kamel-algerie.jpg","width":512,"height":512},{"@type":"BreadcrumbList","@id":"https:\/\/eurlhosnakamel.dz\/dz\/produit\/ridgid-lame-de-scie-a-metaux-30-cm-56852\/#breadcrumb","itemListElement":[{"@type":"ListItem","position":1,"name":"Accueil","item":"https:\/\/eurlhosnakamel.dz\/dz\/"},{"@type":"ListItem","position":2,"name":"Shop","item":"https:\/\/eurlhosnakamel.dz\/dz\/shop\/"},{"@type":"ListItem","position":3,"name":"RIDGID LAME DE SCIE A METAUX 30 CM &#8211; 56852"}]},{"@type":"WebSite","@id":"https:\/\/eurlhosnakamel.dz\/dz\/#website","url":"https:\/\/eurlhosnakamel.dz\/dz\/","name":"EURL HOSNA KAMEL","description":"Fournisseur Premium d&#039;Outillages Professionnels en Alg\u00e9rie -","publisher":{"@id":"https:\/\/eurlhosnakamel.dz\/dz\/#organization"},"potentialAction":[{"@type":"SearchAction","target":{"@type":"EntryPoint","urlTemplate":"https:\/\/eurlhosnakamel.dz\/dz\/?s={search_term_string}"},"query-input":"required name=search_term_string"}],"inLanguage":"fr-FR"},{"@type":"Organization","@id":"https:\/\/eurlhosnakamel.dz\/dz\/#organization","name":"EURL HOSNA KAMEL - Bosch alg\u00e9rie","url":"https:\/\/eurlhosnakamel.dz\/dz\/","logo":{"@type":"ImageObject","inLanguage":"fr-FR","@id":"https:\/\/eurlhosnakamel.dz\/dz\/#\/schema\/logo\/image\/","url":"https:\/\/eurlhosnakamel.dz\/wp-content\/uploads\/2020\/04\/LOGO-HOSNA1.png","contentUrl":"https:\/\/eurlhosnakamel.dz\/wp-content\/uploads\/2020\/04\/LOGO-HOSNA1.png","width":120,"height":127,"caption":"EURL HOSNA KAMEL - Bosch alg\u00e9rie"},"image":{"@id":"https:\/\/eurlhosnakamel.dz\/dz\/#\/schema\/logo\/image\/"},"sameAs":["https:\/\/www.facebook.com\/Eurl.Hosna.DZ\/"]}]}},"_links":{"self":[{"href":"https:\/\/eurlhosnakamel.dz\/dz\/wp-json\/wp\/v2\/product\/8147","targetHints":{"allow":["GET"]}}],"collection":[{"href":"https:\/\/eurlhosnakamel.dz\/dz\/wp-json\/wp\/v2\/product"}],"about":[{"href":"https:\/\/eurlhosnakamel.dz\/dz\/wp-json\/wp\/v2\/types\/product"}],"wp:featuredmedia":[{"embeddable":true,"href":"https:\/\/eurlhosnakamel.dz\/dz\/wp-json\/wp\/v2\/media\/8149"}],"wp:attachment":[{"href":"https:\/\/eurlhosnakamel.dz\/dz\/wp-json\/wp\/v2\/media?parent=8147"}],"wp:term":[{"taxonomy":"product_cat","embeddable":true,"href":"https:\/\/eurlhosnakamel.dz\/dz\/wp-json\/wp\/v2\/product_cat?post=8147"},{"taxonomy":"product_tag","embeddable":true,"href":"https:\/\/eurlhosnakamel.dz\/dz\/wp-json\/wp\/v2\/product_tag?post=8147"}],"curies":[{"name":"wp","href":"https:\/\/api.w.org\/{rel}","templated":true}]}}