{"id":8151,"date":"2020-04-23T17:15:37","date_gmt":"2020-04-23T17:15:37","guid":{"rendered":"https:\/\/lhchosting.com\/hosna\/?post_type=product&#038;p=8151"},"modified":"2020-04-23T17:19:05","modified_gmt":"2020-04-23T17:19:05","slug":"ridgid-scie-a-cloche-kit-usage-gen-plo-ele-81500","status":"publish","type":"product","link":"https:\/\/eurlhosnakamel.dz\/dz\/produit\/ridgid-scie-a-cloche-kit-usage-gen-plo-ele-81500\/","title":{"rendered":"RIDGID SCIE A CLOCHE &#8211; KIT USAGE GEN. PLO &#038; ELE -81500"},"content":{"rendered":"<p class=\"marketingContent\"><strong>Des tests externes d\u00e9montrent que les scies-cloches \u00e0 pas variable RIDGID d\u00e9coupent plus rapidement que des produits similaires commercialis\u00e9s par les cinq principaux concurrents :<\/strong><\/p>\n<ul class=\"bullet\">\n<li>39 % dans l&#8217;acier inoxydable 304 \u00e9paisseur 16<\/li>\n<li>10 % dans les panneaux OSB de 1\/2 po<\/li>\n<li>12 % dans les plaques d&#8217;acier doux de 1\/4 po<\/li>\n<\/ul>\n<p class=\"marketingContent\">Les coffrets pour plombier, pour \u00e9lectricien et \u00e0 usage g\u00e9n\u00e9ral incluent une s\u00e9lection de scies-cloches RIDGID et d&#8217;arbres de scie-cloche pour couper le bois, le plastique, les m\u00e9taux usinables, les alliages d&#8217;acier inoxydable, les bois avec clous.<\/p>\n<p class=\"marketingContent\"><strong>Le kit pour plombiers mod\u00e8le 1248 (r\u00e9f. catalogue\u00a0: 81490) comprend\u00a0:<\/strong><\/p>\n<ul class=\"bullet\">\n<li><strong>Scies-cloches<\/strong>\u00a0&#8211; 22\u00a0mm (7\/8\u00a0po), 29\u00a0mm (1\u00a01\/8\u00a0po), 38\u00a0mm (1\u00a01\u20442\u00a0po), 44\u00a0mm (1\u00a03\u20444\u00a0po), 57\u00a0mm (2\u00a01\u20444\u00a0po), 67\u00a0mm (2\u00a05\u20448\u00a0po)<\/li>\n<li><strong>Arbres<\/strong>\u00a0&#8211; R25, R5<\/li>\n<\/ul>\n<p class=\"marketingContent\"><strong>Le kit pour \u00e9lectriciens mod\u00e8le\u00a01249 (r\u00e9f. catalogue\u00a081495) comprend\u00a0:<\/strong><\/p>\n<ul class=\"bullet\">\n<li><strong>Scies-cloches<\/strong>\u00a0&#8211; 22\u00a0mm (7\/8\u00a0po), 29\u00a0mm (1\u00a01\/8\u00a0po), 35\u00a0mm (1\u00a03\u20448\u00a0po), 44\u00a0mm (1\u00a03\u20444\u00a0po), 51\u00a0mm (2\u00a0po), 64\u00a0mm (2\u00a01\u20442\u00a0po)<\/li>\n<li><strong>Arbres<\/strong>\u00a0&#8211; R25, R5<\/li>\n<\/ul>\n<p class=\"marketingContent\"><strong>Le kit \u00e0 usage g\u00e9n\u00e9ral mod\u00e8le\u00a01250 (r\u00e9f. catalogue\u00a081500) comprend\u00a0:<\/strong><\/p>\n<ul class=\"bullet\">\n<li><strong>Scies-cloches<\/strong>\u00a0&#8211; 19 mm (3\/4 po), 22 mm (7\/8 po), 29 mm (1 1\/8 po), 35 mm (1 3\u20448 po), 38 mm (1 1\u20442 po), 44 mm (1 3\u20444 po), 51 mm (2 po), 57 mm (2 1\u20444 po), 64 mm(2 1\u20442 po)<\/li>\n<li><strong>Arbres<\/strong>\u00a0&#8211; R25, R5<\/li>\n<\/ul>\n<p class=\"marketingContent\"><strong>Le mod\u00e8le\u00a01251 (r\u00e9f. catalogue\u00a026991 \u2013 Europe et Afrique uniquement) comprend\u00a0:<\/strong><\/p>\n<ul class=\"bullet\">\n<li><strong>Scies-cloches<\/strong>\u00a0&#8211; 25 mm (1 po), 32 mm (1 1\/4 po), 35 mm (1 3\/8 po), 51 mm (2 po), 54 mm (2 1\u20448 po), 76 mm (3 po), 92 mm (3 5\/8 po), 114 mm (4 1\/2 po).<\/li>\n<li><strong>Arbres<\/strong>\u00a0&#8211; R5, R2S<\/li>\n<li><strong>\u00c9crou adaptateur<\/strong><\/li>\n<\/ul>\n<p><strong>Caract\u00e9ristiques<\/strong><\/p>\n<ul class=\"bullet\">\n<li>Bord de coupe en acier haute vitesse Premium M42.<\/li>\n<li>Conception des dents (en instance de brevet) optimis\u00e9e pour acc\u00e9l\u00e9rer la d\u00e9coupe.<\/li>\n<li>Dur\u00e9e de vie optimis\u00e9e \u2013 deux fois celle des scies des mod\u00e8les ant\u00e9rieurs.<\/li>\n<li>Profondeur de coupe 49 mm (1-15\/16 po).<\/li>\n<li>Fente lat\u00e9rale pour la pose\/d\u00e9pose rapides des \u00e9l\u00e9ments de fixation.<\/li>\n<li>Paroi durable de 0,050 po (protection anti-effondrement).<\/li>\n<li>Le capuchon r\u00e9duit les d\u00e9viations et les vibrations.<\/li>\n<li>Le rev\u00eatement ext\u00e9rieur r\u00e9duit le frottement lat\u00e9ral pour optimiser la d\u00e9coupe.<\/li>\n<\/ul>\n","protected":false},"excerpt":{"rendered":"<p class=\"marketingContent\"><strong>Les nouvelles scies-cloches bi-m\u00e9tal RIDGID sont d\u00e9sormais plus rentables tout en offrant les performances de coupe optimales.<\/strong><\/p>\n<p class=\"marketingContent\">Elles sont fabriqu\u00e9es en acier grande vitesse M42 et \u00e9quip\u00e9es d&#8217;une denture en instance de brevet qui permet une dur\u00e9e de service deux fois sup\u00e9rieure \u00e0 celle du mod\u00e8le ant\u00e9rieur.<\/p>\n","protected":false},"featured_media":8153,"template":"","meta":[],"product_cat":[29,407],"product_tag":[1753],"class_list":{"0":"post-8151","1":"product","2":"type-product","3":"status-publish","4":"has-post-thumbnail","6":"product_cat-quincaillerie","7":"product_cat-plomberie","8":"product_tag-ridgid-scie-a-cloche-kit-usage-gen-plo-ele-81500","9":"product_brand-ridgid","11":"first","12":"instock","13":"shipping-taxable","14":"product-type-simple","15":"col-xs-6 col-sm-4","16":"col-md-3 col-lg-3","17":"un-4-cols"},"yoast_head":"<!-- This site is optimized with the Yoast SEO plugin v22.5 - https:\/\/yoast.com\/wordpress\/plugins\/seo\/ -->\n<title>RIDGID SCIE A CLOCHE - KIT USAGE GEN. PLO &amp; ELE -81500 - EURL HOSNA KAMEL<\/title>\n<meta name=\"description\" content=\"RIDGID SCIE A CLOCHE - KIT USAGE GEN. PLO &amp; ELE -81500 - EURL HOSNA KAMEL\" \/>\n<meta name=\"robots\" content=\"index, follow, max-snippet:-1, max-image-preview:large, max-video-preview:-1\" \/>\n<link rel=\"canonical\" href=\"https:\/\/eurlhosnakamel.dz\/dz\/produit\/ridgid-scie-a-cloche-kit-usage-gen-plo-ele-81500\/\" \/>\n<meta property=\"og:locale\" content=\"fr_FR\" \/>\n<meta property=\"og:type\" content=\"article\" \/>\n<meta property=\"og:title\" content=\"RIDGID SCIE A CLOCHE - KIT USAGE GEN. PLO &amp; ELE -81500 - EURL HOSNA KAMEL\" \/>\n<meta property=\"og:description\" content=\"RIDGID SCIE A CLOCHE - KIT USAGE GEN. PLO &amp; ELE -81500 - EURL HOSNA KAMEL\" \/>\n<meta property=\"og:url\" content=\"https:\/\/eurlhosnakamel.dz\/dz\/produit\/ridgid-scie-a-cloche-kit-usage-gen-plo-ele-81500\/\" \/>\n<meta property=\"og:site_name\" content=\"EURL HOSNA KAMEL\" \/>\n<meta property=\"article:publisher\" content=\"https:\/\/www.facebook.com\/Eurl.Hosna.DZ\/\" \/>\n<meta property=\"article:modified_time\" content=\"2020-04-23T17:19:05+00:00\" \/>\n<meta property=\"og:image\" content=\"https:\/\/eurlhosnakamel.dz\/dz\/wp-content\/uploads\/2020\/04\/RIDGID-SCIE-A-CLOCHE-KIT-USAGE-GEN.-PLO-ELE-81500-eurl-hosna-kamel-algerie.jpg\" \/>\n\t<meta property=\"og:image:width\" content=\"512\" \/>\n\t<meta property=\"og:image:height\" content=\"512\" \/>\n\t<meta property=\"og:image:type\" content=\"image\/jpeg\" \/>\n<meta name=\"twitter:card\" content=\"summary_large_image\" \/>\n<meta name=\"twitter:label1\" content=\"Dur\u00e9e de lecture estim\u00e9e\" \/>\n\t<meta name=\"twitter:data1\" content=\"2 minutes\" \/>\n<script type=\"application\/ld+json\" class=\"yoast-schema-graph\">{\"@context\":\"https:\/\/schema.org\",\"@graph\":[{\"@type\":\"WebPage\",\"@id\":\"https:\/\/eurlhosnakamel.dz\/dz\/produit\/ridgid-scie-a-cloche-kit-usage-gen-plo-ele-81500\/\",\"url\":\"https:\/\/eurlhosnakamel.dz\/dz\/produit\/ridgid-scie-a-cloche-kit-usage-gen-plo-ele-81500\/\",\"name\":\"RIDGID SCIE A CLOCHE - KIT USAGE GEN. PLO & ELE -81500 - EURL HOSNA KAMEL\",\"isPartOf\":{\"@id\":\"https:\/\/eurlhosnakamel.dz\/dz\/#website\"},\"primaryImageOfPage\":{\"@id\":\"https:\/\/eurlhosnakamel.dz\/dz\/produit\/ridgid-scie-a-cloche-kit-usage-gen-plo-ele-81500\/#primaryimage\"},\"image\":{\"@id\":\"https:\/\/eurlhosnakamel.dz\/dz\/produit\/ridgid-scie-a-cloche-kit-usage-gen-plo-ele-81500\/#primaryimage\"},\"thumbnailUrl\":\"https:\/\/eurlhosnakamel.dz\/dz\/wp-content\/uploads\/2020\/04\/RIDGID-SCIE-A-CLOCHE-KIT-USAGE-GEN.-PLO-ELE-81500-eurl-hosna-kamel-algerie.jpg\",\"datePublished\":\"2020-04-23T17:15:37+00:00\",\"dateModified\":\"2020-04-23T17:19:05+00:00\",\"description\":\"RIDGID SCIE A CLOCHE - KIT USAGE GEN. PLO & ELE -81500 - EURL HOSNA KAMEL\",\"breadcrumb\":{\"@id\":\"https:\/\/eurlhosnakamel.dz\/dz\/produit\/ridgid-scie-a-cloche-kit-usage-gen-plo-ele-81500\/#breadcrumb\"},\"inLanguage\":\"fr-FR\",\"potentialAction\":[{\"@type\":\"ReadAction\",\"target\":[\"https:\/\/eurlhosnakamel.dz\/dz\/produit\/ridgid-scie-a-cloche-kit-usage-gen-plo-ele-81500\/\"]}]},{\"@type\":\"ImageObject\",\"inLanguage\":\"fr-FR\",\"@id\":\"https:\/\/eurlhosnakamel.dz\/dz\/produit\/ridgid-scie-a-cloche-kit-usage-gen-plo-ele-81500\/#primaryimage\",\"url\":\"https:\/\/eurlhosnakamel.dz\/dz\/wp-content\/uploads\/2020\/04\/RIDGID-SCIE-A-CLOCHE-KIT-USAGE-GEN.-PLO-ELE-81500-eurl-hosna-kamel-algerie.jpg\",\"contentUrl\":\"https:\/\/eurlhosnakamel.dz\/dz\/wp-content\/uploads\/2020\/04\/RIDGID-SCIE-A-CLOCHE-KIT-USAGE-GEN.-PLO-ELE-81500-eurl-hosna-kamel-algerie.jpg\",\"width\":512,\"height\":512},{\"@type\":\"BreadcrumbList\",\"@id\":\"https:\/\/eurlhosnakamel.dz\/dz\/produit\/ridgid-scie-a-cloche-kit-usage-gen-plo-ele-81500\/#breadcrumb\",\"itemListElement\":[{\"@type\":\"ListItem\",\"position\":1,\"name\":\"Accueil\",\"item\":\"https:\/\/eurlhosnakamel.dz\/dz\/\"},{\"@type\":\"ListItem\",\"position\":2,\"name\":\"Shop\",\"item\":\"https:\/\/eurlhosnakamel.dz\/dz\/shop\/\"},{\"@type\":\"ListItem\",\"position\":3,\"name\":\"RIDGID SCIE A CLOCHE &#8211; KIT USAGE GEN. PLO &#038; ELE -81500\"}]},{\"@type\":\"WebSite\",\"@id\":\"https:\/\/eurlhosnakamel.dz\/dz\/#website\",\"url\":\"https:\/\/eurlhosnakamel.dz\/dz\/\",\"name\":\"EURL HOSNA KAMEL\",\"description\":\"Fournisseur Premium d&#039;Outillages Professionnels en Alg\u00e9rie -\",\"publisher\":{\"@id\":\"https:\/\/eurlhosnakamel.dz\/dz\/#organization\"},\"potentialAction\":[{\"@type\":\"SearchAction\",\"target\":{\"@type\":\"EntryPoint\",\"urlTemplate\":\"https:\/\/eurlhosnakamel.dz\/dz\/?s={search_term_string}\"},\"query-input\":\"required name=search_term_string\"}],\"inLanguage\":\"fr-FR\"},{\"@type\":\"Organization\",\"@id\":\"https:\/\/eurlhosnakamel.dz\/dz\/#organization\",\"name\":\"EURL HOSNA KAMEL - Bosch alg\u00e9rie\",\"url\":\"https:\/\/eurlhosnakamel.dz\/dz\/\",\"logo\":{\"@type\":\"ImageObject\",\"inLanguage\":\"fr-FR\",\"@id\":\"https:\/\/eurlhosnakamel.dz\/dz\/#\/schema\/logo\/image\/\",\"url\":\"https:\/\/eurlhosnakamel.dz\/wp-content\/uploads\/2020\/04\/LOGO-HOSNA1.png\",\"contentUrl\":\"https:\/\/eurlhosnakamel.dz\/wp-content\/uploads\/2020\/04\/LOGO-HOSNA1.png\",\"width\":120,\"height\":127,\"caption\":\"EURL HOSNA KAMEL - Bosch alg\u00e9rie\"},\"image\":{\"@id\":\"https:\/\/eurlhosnakamel.dz\/dz\/#\/schema\/logo\/image\/\"},\"sameAs\":[\"https:\/\/www.facebook.com\/Eurl.Hosna.DZ\/\"]}]}<\/script>\n<!-- \/ Yoast SEO plugin. -->","yoast_head_json":{"title":"RIDGID SCIE A CLOCHE - KIT USAGE GEN. PLO & ELE -81500 - EURL HOSNA KAMEL","description":"RIDGID SCIE A CLOCHE - KIT USAGE GEN. PLO & ELE -81500 - EURL HOSNA KAMEL","robots":{"index":"index","follow":"follow","max-snippet":"max-snippet:-1","max-image-preview":"max-image-preview:large","max-video-preview":"max-video-preview:-1"},"canonical":"https:\/\/eurlhosnakamel.dz\/dz\/produit\/ridgid-scie-a-cloche-kit-usage-gen-plo-ele-81500\/","og_locale":"fr_FR","og_type":"article","og_title":"RIDGID SCIE A CLOCHE - KIT USAGE GEN. PLO & ELE -81500 - EURL HOSNA KAMEL","og_description":"RIDGID SCIE A CLOCHE - KIT USAGE GEN. PLO & ELE -81500 - EURL HOSNA KAMEL","og_url":"https:\/\/eurlhosnakamel.dz\/dz\/produit\/ridgid-scie-a-cloche-kit-usage-gen-plo-ele-81500\/","og_site_name":"EURL HOSNA KAMEL","article_publisher":"https:\/\/www.facebook.com\/Eurl.Hosna.DZ\/","article_modified_time":"2020-04-23T17:19:05+00:00","og_image":[{"width":512,"height":512,"url":"https:\/\/eurlhosnakamel.dz\/dz\/wp-content\/uploads\/2020\/04\/RIDGID-SCIE-A-CLOCHE-KIT-USAGE-GEN.-PLO-ELE-81500-eurl-hosna-kamel-algerie.jpg","type":"image\/jpeg"}],"twitter_card":"summary_large_image","twitter_misc":{"Dur\u00e9e de lecture estim\u00e9e":"2 minutes"},"schema":{"@context":"https:\/\/schema.org","@graph":[{"@type":"WebPage","@id":"https:\/\/eurlhosnakamel.dz\/dz\/produit\/ridgid-scie-a-cloche-kit-usage-gen-plo-ele-81500\/","url":"https:\/\/eurlhosnakamel.dz\/dz\/produit\/ridgid-scie-a-cloche-kit-usage-gen-plo-ele-81500\/","name":"RIDGID SCIE A CLOCHE - KIT USAGE GEN. PLO & ELE -81500 - EURL HOSNA KAMEL","isPartOf":{"@id":"https:\/\/eurlhosnakamel.dz\/dz\/#website"},"primaryImageOfPage":{"@id":"https:\/\/eurlhosnakamel.dz\/dz\/produit\/ridgid-scie-a-cloche-kit-usage-gen-plo-ele-81500\/#primaryimage"},"image":{"@id":"https:\/\/eurlhosnakamel.dz\/dz\/produit\/ridgid-scie-a-cloche-kit-usage-gen-plo-ele-81500\/#primaryimage"},"thumbnailUrl":"https:\/\/eurlhosnakamel.dz\/dz\/wp-content\/uploads\/2020\/04\/RIDGID-SCIE-A-CLOCHE-KIT-USAGE-GEN.-PLO-ELE-81500-eurl-hosna-kamel-algerie.jpg","datePublished":"2020-04-23T17:15:37+00:00","dateModified":"2020-04-23T17:19:05+00:00","description":"RIDGID SCIE A CLOCHE - KIT USAGE GEN. PLO & ELE -81500 - EURL HOSNA KAMEL","breadcrumb":{"@id":"https:\/\/eurlhosnakamel.dz\/dz\/produit\/ridgid-scie-a-cloche-kit-usage-gen-plo-ele-81500\/#breadcrumb"},"inLanguage":"fr-FR","potentialAction":[{"@type":"ReadAction","target":["https:\/\/eurlhosnakamel.dz\/dz\/produit\/ridgid-scie-a-cloche-kit-usage-gen-plo-ele-81500\/"]}]},{"@type":"ImageObject","inLanguage":"fr-FR","@id":"https:\/\/eurlhosnakamel.dz\/dz\/produit\/ridgid-scie-a-cloche-kit-usage-gen-plo-ele-81500\/#primaryimage","url":"https:\/\/eurlhosnakamel.dz\/dz\/wp-content\/uploads\/2020\/04\/RIDGID-SCIE-A-CLOCHE-KIT-USAGE-GEN.-PLO-ELE-81500-eurl-hosna-kamel-algerie.jpg","contentUrl":"https:\/\/eurlhosnakamel.dz\/dz\/wp-content\/uploads\/2020\/04\/RIDGID-SCIE-A-CLOCHE-KIT-USAGE-GEN.-PLO-ELE-81500-eurl-hosna-kamel-algerie.jpg","width":512,"height":512},{"@type":"BreadcrumbList","@id":"https:\/\/eurlhosnakamel.dz\/dz\/produit\/ridgid-scie-a-cloche-kit-usage-gen-plo-ele-81500\/#breadcrumb","itemListElement":[{"@type":"ListItem","position":1,"name":"Accueil","item":"https:\/\/eurlhosnakamel.dz\/dz\/"},{"@type":"ListItem","position":2,"name":"Shop","item":"https:\/\/eurlhosnakamel.dz\/dz\/shop\/"},{"@type":"ListItem","position":3,"name":"RIDGID SCIE A CLOCHE &#8211; KIT USAGE GEN. PLO &#038; ELE -81500"}]},{"@type":"WebSite","@id":"https:\/\/eurlhosnakamel.dz\/dz\/#website","url":"https:\/\/eurlhosnakamel.dz\/dz\/","name":"EURL HOSNA KAMEL","description":"Fournisseur Premium d&#039;Outillages Professionnels en Alg\u00e9rie -","publisher":{"@id":"https:\/\/eurlhosnakamel.dz\/dz\/#organization"},"potentialAction":[{"@type":"SearchAction","target":{"@type":"EntryPoint","urlTemplate":"https:\/\/eurlhosnakamel.dz\/dz\/?s={search_term_string}"},"query-input":"required name=search_term_string"}],"inLanguage":"fr-FR"},{"@type":"Organization","@id":"https:\/\/eurlhosnakamel.dz\/dz\/#organization","name":"EURL HOSNA KAMEL - Bosch alg\u00e9rie","url":"https:\/\/eurlhosnakamel.dz\/dz\/","logo":{"@type":"ImageObject","inLanguage":"fr-FR","@id":"https:\/\/eurlhosnakamel.dz\/dz\/#\/schema\/logo\/image\/","url":"https:\/\/eurlhosnakamel.dz\/wp-content\/uploads\/2020\/04\/LOGO-HOSNA1.png","contentUrl":"https:\/\/eurlhosnakamel.dz\/wp-content\/uploads\/2020\/04\/LOGO-HOSNA1.png","width":120,"height":127,"caption":"EURL HOSNA KAMEL - Bosch alg\u00e9rie"},"image":{"@id":"https:\/\/eurlhosnakamel.dz\/dz\/#\/schema\/logo\/image\/"},"sameAs":["https:\/\/www.facebook.com\/Eurl.Hosna.DZ\/"]}]}},"_links":{"self":[{"href":"https:\/\/eurlhosnakamel.dz\/dz\/wp-json\/wp\/v2\/product\/8151","targetHints":{"allow":["GET"]}}],"collection":[{"href":"https:\/\/eurlhosnakamel.dz\/dz\/wp-json\/wp\/v2\/product"}],"about":[{"href":"https:\/\/eurlhosnakamel.dz\/dz\/wp-json\/wp\/v2\/types\/product"}],"wp:featuredmedia":[{"embeddable":true,"href":"https:\/\/eurlhosnakamel.dz\/dz\/wp-json\/wp\/v2\/media\/8153"}],"wp:attachment":[{"href":"https:\/\/eurlhosnakamel.dz\/dz\/wp-json\/wp\/v2\/media?parent=8151"}],"wp:term":[{"taxonomy":"product_cat","embeddable":true,"href":"https:\/\/eurlhosnakamel.dz\/dz\/wp-json\/wp\/v2\/product_cat?post=8151"},{"taxonomy":"product_tag","embeddable":true,"href":"https:\/\/eurlhosnakamel.dz\/dz\/wp-json\/wp\/v2\/product_tag?post=8151"}],"curies":[{"name":"wp","href":"https:\/\/api.w.org\/{rel}","templated":true}]}}