{"id":8159,"date":"2020-04-23T17:22:10","date_gmt":"2020-04-23T17:22:10","guid":{"rendered":"https:\/\/lhchosting.com\/hosna\/?post_type=product&#038;p=8159"},"modified":"2020-04-23T17:25:03","modified_gmt":"2020-04-23T17:25:03","slug":"ridgid-scie-carbure-590-l-diamant-355-mm-26641","status":"publish","type":"product","link":"https:\/\/eurlhosnakamel.dz\/dz\/produit\/ridgid-scie-carbure-590-l-diamant-355-mm-26641\/","title":{"rendered":"RIDGID SCIE CARBURE 590 L DIAMANT 355 MM &#8211;  26641"},"content":{"rendered":"<div class=\"ng-scope\">\n<div class=\"productTableLayout productTableCtr \">\n<div class=\"table-data\">\n<div class=\"scrollable-table\">\n<table class=\"table-overflow productTable\">\n<thead>\n<tr>\n<th rowspan=\"2\">NUM\u00c9RO DE CATALOGUE<\/th>\n<th class=\"column0 col-86-\" rowspan=\"2\">N\u00b0 DE MOD\u00c8LE<\/th>\n<th class=\"column1 col-1-\" rowspan=\"2\">DESCRIPTION<\/th>\n<th class=\"column2 col-3-\" colspan=\"2\">POIDS<\/th>\n<\/tr>\n<tr>\n<th class=\"column2 col-3-\">LB<\/th>\n<th class=\"column2 col-3-\">KG<\/th>\n<\/tr>\n<\/thead>\n<tbody data-productid=\"706\">\n<tr class=\"catalogModelRow\" data-saleable=\"True\">\n<td class=\"left-align\">26641<\/td>\n<td class=\"column0 col-86- left-align\">590L<\/td>\n<td class=\"column1 col-1- left-align\">Scie de coupe \u00e0 sec 230\u00a0V, 50\u00a0Hz<\/td>\n<td class=\"column2 col-3-\">50<\/td>\n<td class=\"column2 col-3- secondary\">23,00<\/td>\n<\/tr>\n<tr class=\"catalogModelRow\" data-saleable=\"False\">\n<td class=\"left-align\">26651<\/td>\n<td class=\"column0 col-86- left-align\">590L<\/td>\n<td class=\"column1 col-1- left-align\">Scie de coupe \u00e0 sec 115\u00a0V 50\u00a0HZ<\/td>\n<td class=\"column2 col-3-\">50<\/td>\n<td class=\"column2 col-3- secondary\">23,00<\/td>\n<\/tr>\n<\/tbody>\n<\/table>\n<\/div>\n<\/div>\n<\/div>\n<div><\/div>\n<div class=\"productTableLayout productTableCtr \"><strong><span class=\"table-title\"><span class=\"noBorder\">LAMES DE SCIE<\/span><\/span><\/strong><\/p>\n<div class=\"clearfix\"><\/div>\n<div class=\"table-data\">\n<div class=\"scrollable-table\">\n<table class=\"table-overflow productTable\">\n<thead>\n<tr>\n<th rowspan=\"2\">NUM\u00c9RO DE CATALOGUE<\/th>\n<th class=\"column0 col-1-Lamesdescie\" rowspan=\"2\">DESCRIPTION<\/th>\n<th class=\"column1 col-227-Lamesdescie\" rowspan=\"2\">AL\u00c9SAGE\u00a0(MM)<\/th>\n<th class=\"column2 col-46-Lamesdescie\" rowspan=\"2\">DIAM\u00c8TRE\u00a0(MM)<\/th>\n<th class=\"column3 col-228-Lamesdescie\" rowspan=\"2\">Z<\/th>\n<th class=\"column4 col-3-Lamesdescie\" colspan=\"2\">POIDS<\/th>\n<\/tr>\n<tr>\n<th class=\"column4 col-3-Lamesdescie\">LB<\/th>\n<th class=\"column4 col-3-Lamesdescie\">KG<\/th>\n<\/tr>\n<\/thead>\n<tbody data-productid=\"706\">\n<tr class=\"catalogModelRow\" data-saleable=\"False\">\n<td class=\"left-align\">58466<\/td>\n<td class=\"column0 col-1-Lamesdescie left-align\">Lames de scie TCT pour 590<\/td>\n<td class=\"column1 col-227-Lamesdescie\">25,4<\/td>\n<td class=\"column2 col-46-Lamesdescie\">305<\/td>\n<td class=\"column3 col-228-Lamesdescie left-align\">70<\/td>\n<td class=\"column4 col-3-Lamesdescie\">2 1\/2<\/td>\n<td class=\"column4 col-3-Lamesdescie secondary\">1,12<\/td>\n<\/tr>\n<tr class=\"catalogModelRow\" data-saleable=\"True\">\n<td class=\"left-align\">58476<\/td>\n<td class=\"column0 col-1-Lamesdescie left-align\">Lames de scie TCT pour 590L<\/td>\n<td class=\"column1 col-227-Lamesdescie\">25,4<\/td>\n<td class=\"column2 col-46-Lamesdescie\">355<\/td>\n<td class=\"column3 col-228-Lamesdescie left-align\">80<\/td>\n<td class=\"column4 col-3-Lamesdescie\">3 7\/10<\/td>\n<td class=\"column4 col-3-Lamesdescie secondary\">1,70<\/td>\n<\/tr>\n<tr class=\"catalogModelRow\" data-saleable=\"False\">\n<td class=\"left-align\">71976<\/td>\n<td class=\"column0 col-1-Lamesdescie left-align\">Lame de scie TCT pour 570<\/td>\n<td class=\"column1 col-227-Lamesdescie\">20,0<\/td>\n<td class=\"column2 col-46-Lamesdescie\">185<\/td>\n<td class=\"column3 col-228-Lamesdescie left-align\">36<\/td>\n<td class=\"column4 col-3-Lamesdescie\">7\/10<\/td>\n<td class=\"column4 col-3-Lamesdescie secondary\">0,30<\/td>\n<\/tr>\n<\/tbody>\n<\/table>\n<\/div>\n<\/div>\n<\/div>\n<\/div>\n<div>\n<p>&nbsp;<\/p>\n<p><strong>Tableau d&#8217;application (mm)<\/strong><\/p>\n<table class=\"productTable alternate even\">\n<tbody>\n<tr>\n<td align=\"middle\"><\/td>\n<td colspan=\"2\" align=\"middle\"><strong>Dimensions hors tout<\/strong><\/td>\n<td colspan=\"5\" align=\"middle\"><strong>\u00c9paisseur de paroi maximale aux dimensions maximales<\/strong><\/td>\n<\/tr>\n<tr>\n<td align=\"middle\">Profil<\/td>\n<td align=\"middle\">&lt;32 Rc 90\u00b0<\/td>\n<td align=\"middle\">&lt;32 RC 45\u00b0<\/td>\n<td align=\"middle\">M\u00e9taux ferreux<\/td>\n<td align=\"middle\">Cuivre\/Zinc<\/td>\n<td align=\"middle\">Laiton<\/td>\n<td align=\"middle\">Aluminium<\/td>\n<td align=\"middle\">PVC\/ABS<\/td>\n<\/tr>\n<tr>\n<td align=\"middle\"><img decoding=\"async\" src=\"https:\/\/cdn.ridgid.com\/images\/590_circle.png\" alt=\"\" \/><\/td>\n<td align=\"middle\">130<\/td>\n<td align=\"middle\">100<\/td>\n<td align=\"middle\">&gt;0,5&lt;6<\/td>\n<td align=\"middle\">&gt;0,5&lt;6<\/td>\n<td align=\"middle\">&gt;1,5&lt;4<\/td>\n<td align=\"middle\">&gt;0,5&lt;6<\/td>\n<td align=\"middle\">&gt;0,5&lt;6<\/td>\n<\/tr>\n<tr>\n<td align=\"middle\"><img decoding=\"async\" src=\"https:\/\/cdn.ridgid.com\/images\/590_square.png\" alt=\"\" \/><\/td>\n<td align=\"middle\">115 x 115<\/td>\n<td align=\"middle\">90 x 90<\/td>\n<td align=\"middle\">&gt;0,5&lt;6<\/td>\n<td align=\"middle\">&gt;0,5&lt;6<\/td>\n<td align=\"middle\">&gt;1,5&lt;4<\/td>\n<td align=\"middle\">&gt;0,5&lt;6<\/td>\n<td align=\"middle\">&gt;0,5&lt;6<\/td>\n<\/tr>\n<tr>\n<td align=\"middle\"><img decoding=\"async\" src=\"https:\/\/cdn.ridgid.com\/images\/590_rectangle.png\" alt=\"\" \/><\/td>\n<td align=\"middle\">95 x 180<\/td>\n<td align=\"middle\">90 x 100<\/td>\n<td align=\"middle\">&gt;0,5&lt;6<\/td>\n<td align=\"middle\">&gt;0,5&lt;6<\/td>\n<td align=\"middle\">&gt;1,5&lt;4<\/td>\n<td align=\"middle\">&gt;0,5&lt;6<\/td>\n<td align=\"middle\">&gt;0,5&lt;6<\/td>\n<\/tr>\n<tr>\n<td align=\"middle\"><img decoding=\"async\" src=\"https:\/\/cdn.ridgid.com\/images\/590_partial.png\" alt=\"\" \/><\/td>\n<td align=\"middle\">85 x 85<\/td>\n<td align=\"middle\">75 x 75<\/td>\n<td align=\"middle\">&gt;0,5&lt;6<\/td>\n<td align=\"middle\">&gt;0,5&lt;6<\/td>\n<td align=\"middle\">&gt;1,5&lt;4<\/td>\n<td align=\"middle\">&gt;1,0&lt;6<\/td>\n<td align=\"middle\">&gt;0,5&lt;6<\/td>\n<\/tr>\n<\/tbody>\n<\/table>\n<p>L&#8217;\u00e9paisseur du mat\u00e9riau est donn\u00e9e \u00e0 titre indicatif pour les profil\u00e9s aux dimensions maximales pour une duret\u00e9 donn\u00e9e.<\/p><\/div>\n","protected":false},"excerpt":{"rendered":"<ul class=\"bullet\">\n<li><strong>Moteur puissant de 2\u00a0200\u00a0W<\/strong><\/li>\n<li><strong>R\u00e9gime \u00e0 vide 1\u00a0300\u00a0t\/min<\/strong><\/li>\n<li><strong>\u00c9quip\u00e9e de s\u00e9rie d&#8217;une lame de 14\u00a0po (355\u00a0mm) \u00e0 80\u00a0dents en carbure de tungst\u00e8ne ultra-durable &#8211; lame \u00e0 dents en carbure<\/strong><\/li>\n<li><strong>Produit des coupes nettes et pratiquement sans bavures sur l&#8217;acier, le cuivre, l&#8217;aluminium et les plastiques.<\/strong><\/li>\n<li><strong>Angle de coupe r\u00e9glable de 45\u00b0 \u00e0 90\u00b0<\/strong><\/li>\n<li><strong>Syst\u00e8me de serrage \u00e0 action rapide pour un fonctionnement rapide<\/strong><\/li>\n<li><strong>Verrouillage de la broche pour faciliter le changement de lame<\/strong><\/li>\n<\/ul>\n<p class=\"marketingContent\"><strong>Lames de scie \u00e0 dents en carbure de tungst\u00e8ne<\/strong><\/p>\n<p class=\"marketingContent\"><strong>Lame de scie professionnelle \u00e0 dents en carbure de tungst\u00e8ne, con\u00e7ue pour la coupe de l&#8217;acier, du cuivre, de l&#8217;aluminium et des mati\u00e8res plastiques d&#8217;une \u00e9paisseur de paroi maximale de 6\u00a0mm.<\/strong><\/p>\n<ul class=\"bullet\">\n<li><strong>Angle de coupe\u00a0&#8211; 0\u00b0<\/strong><\/li>\n<li><strong>Angle de d\u00e9gagement\u00a0&#8211; 13\u00b0<\/strong><\/li>\n<li><strong>Angle de chanfrein\u00a0&#8211; 45\u00b0<\/strong><\/li>\n<\/ul>\n","protected":false},"featured_media":8161,"template":"","meta":[],"product_cat":[29,407],"product_tag":[1755],"class_list":{"0":"post-8159","1":"product","2":"type-product","3":"status-publish","4":"has-post-thumbnail","6":"product_cat-quincaillerie","7":"product_cat-plomberie","8":"product_tag-ridgid-scie-carbure-590-l-diamant-355-mm-26641","9":"product_brand-ridgid","11":"first","12":"instock","13":"shipping-taxable","14":"product-type-simple","15":"col-xs-6 col-sm-4","16":"col-md-3 col-lg-3","17":"un-4-cols"},"yoast_head":"<!-- This site is optimized with the Yoast SEO plugin v22.5 - https:\/\/yoast.com\/wordpress\/plugins\/seo\/ -->\n<title>RIDGID SCIE CARBURE 590 L DIAMANT 355 MM - 26641 - EURL HOSNA KAMEL<\/title>\n<meta name=\"description\" content=\"RIDGID SCIE CARBURE 590 L DIAMANT 355 MM - 26641 - EURL HOSNA KAMEL\" \/>\n<meta name=\"robots\" content=\"index, follow, max-snippet:-1, max-image-preview:large, max-video-preview:-1\" \/>\n<link rel=\"canonical\" href=\"https:\/\/eurlhosnakamel.dz\/dz\/produit\/ridgid-scie-carbure-590-l-diamant-355-mm-26641\/\" \/>\n<meta property=\"og:locale\" content=\"fr_FR\" \/>\n<meta property=\"og:type\" content=\"article\" \/>\n<meta property=\"og:title\" content=\"RIDGID SCIE CARBURE 590 L DIAMANT 355 MM - 26641 - EURL HOSNA KAMEL\" \/>\n<meta property=\"og:description\" content=\"RIDGID SCIE CARBURE 590 L DIAMANT 355 MM - 26641 - EURL HOSNA KAMEL\" \/>\n<meta property=\"og:url\" content=\"https:\/\/eurlhosnakamel.dz\/dz\/produit\/ridgid-scie-carbure-590-l-diamant-355-mm-26641\/\" \/>\n<meta property=\"og:site_name\" content=\"EURL HOSNA KAMEL\" \/>\n<meta property=\"article:publisher\" content=\"https:\/\/www.facebook.com\/Eurl.Hosna.DZ\/\" \/>\n<meta property=\"article:modified_time\" content=\"2020-04-23T17:25:03+00:00\" \/>\n<meta property=\"og:image\" content=\"https:\/\/eurlhosnakamel.dz\/dz\/wp-content\/uploads\/2020\/04\/RIDGID-SCIE-CARBURE-590L-DIAM-355MM-26641-eurl-hosna-kamel-algerie.jpg\" \/>\n\t<meta property=\"og:image:width\" content=\"512\" \/>\n\t<meta property=\"og:image:height\" content=\"512\" \/>\n\t<meta property=\"og:image:type\" content=\"image\/jpeg\" \/>\n<meta name=\"twitter:card\" content=\"summary_large_image\" \/>\n<meta name=\"twitter:label1\" content=\"Dur\u00e9e de lecture estim\u00e9e\" \/>\n\t<meta name=\"twitter:data1\" content=\"1 minute\" \/>\n<script type=\"application\/ld+json\" class=\"yoast-schema-graph\">{\"@context\":\"https:\/\/schema.org\",\"@graph\":[{\"@type\":\"WebPage\",\"@id\":\"https:\/\/eurlhosnakamel.dz\/dz\/produit\/ridgid-scie-carbure-590-l-diamant-355-mm-26641\/\",\"url\":\"https:\/\/eurlhosnakamel.dz\/dz\/produit\/ridgid-scie-carbure-590-l-diamant-355-mm-26641\/\",\"name\":\"RIDGID SCIE CARBURE 590 L DIAMANT 355 MM - 26641 - EURL HOSNA KAMEL\",\"isPartOf\":{\"@id\":\"https:\/\/eurlhosnakamel.dz\/dz\/#website\"},\"primaryImageOfPage\":{\"@id\":\"https:\/\/eurlhosnakamel.dz\/dz\/produit\/ridgid-scie-carbure-590-l-diamant-355-mm-26641\/#primaryimage\"},\"image\":{\"@id\":\"https:\/\/eurlhosnakamel.dz\/dz\/produit\/ridgid-scie-carbure-590-l-diamant-355-mm-26641\/#primaryimage\"},\"thumbnailUrl\":\"https:\/\/eurlhosnakamel.dz\/dz\/wp-content\/uploads\/2020\/04\/RIDGID-SCIE-CARBURE-590L-DIAM-355MM-26641-eurl-hosna-kamel-algerie.jpg\",\"datePublished\":\"2020-04-23T17:22:10+00:00\",\"dateModified\":\"2020-04-23T17:25:03+00:00\",\"description\":\"RIDGID SCIE CARBURE 590 L DIAMANT 355 MM - 26641 - EURL HOSNA KAMEL\",\"breadcrumb\":{\"@id\":\"https:\/\/eurlhosnakamel.dz\/dz\/produit\/ridgid-scie-carbure-590-l-diamant-355-mm-26641\/#breadcrumb\"},\"inLanguage\":\"fr-FR\",\"potentialAction\":[{\"@type\":\"ReadAction\",\"target\":[\"https:\/\/eurlhosnakamel.dz\/dz\/produit\/ridgid-scie-carbure-590-l-diamant-355-mm-26641\/\"]}]},{\"@type\":\"ImageObject\",\"inLanguage\":\"fr-FR\",\"@id\":\"https:\/\/eurlhosnakamel.dz\/dz\/produit\/ridgid-scie-carbure-590-l-diamant-355-mm-26641\/#primaryimage\",\"url\":\"https:\/\/eurlhosnakamel.dz\/dz\/wp-content\/uploads\/2020\/04\/RIDGID-SCIE-CARBURE-590L-DIAM-355MM-26641-eurl-hosna-kamel-algerie.jpg\",\"contentUrl\":\"https:\/\/eurlhosnakamel.dz\/dz\/wp-content\/uploads\/2020\/04\/RIDGID-SCIE-CARBURE-590L-DIAM-355MM-26641-eurl-hosna-kamel-algerie.jpg\",\"width\":512,\"height\":512},{\"@type\":\"BreadcrumbList\",\"@id\":\"https:\/\/eurlhosnakamel.dz\/dz\/produit\/ridgid-scie-carbure-590-l-diamant-355-mm-26641\/#breadcrumb\",\"itemListElement\":[{\"@type\":\"ListItem\",\"position\":1,\"name\":\"Accueil\",\"item\":\"https:\/\/eurlhosnakamel.dz\/dz\/\"},{\"@type\":\"ListItem\",\"position\":2,\"name\":\"Shop\",\"item\":\"https:\/\/eurlhosnakamel.dz\/dz\/shop\/\"},{\"@type\":\"ListItem\",\"position\":3,\"name\":\"RIDGID SCIE CARBURE 590 L DIAMANT 355 MM &#8211; 26641\"}]},{\"@type\":\"WebSite\",\"@id\":\"https:\/\/eurlhosnakamel.dz\/dz\/#website\",\"url\":\"https:\/\/eurlhosnakamel.dz\/dz\/\",\"name\":\"EURL HOSNA KAMEL\",\"description\":\"Fournisseur Premium d&#039;Outillages Professionnels en Alg\u00e9rie -\",\"publisher\":{\"@id\":\"https:\/\/eurlhosnakamel.dz\/dz\/#organization\"},\"potentialAction\":[{\"@type\":\"SearchAction\",\"target\":{\"@type\":\"EntryPoint\",\"urlTemplate\":\"https:\/\/eurlhosnakamel.dz\/dz\/?s={search_term_string}\"},\"query-input\":\"required name=search_term_string\"}],\"inLanguage\":\"fr-FR\"},{\"@type\":\"Organization\",\"@id\":\"https:\/\/eurlhosnakamel.dz\/dz\/#organization\",\"name\":\"EURL HOSNA KAMEL - Bosch alg\u00e9rie\",\"url\":\"https:\/\/eurlhosnakamel.dz\/dz\/\",\"logo\":{\"@type\":\"ImageObject\",\"inLanguage\":\"fr-FR\",\"@id\":\"https:\/\/eurlhosnakamel.dz\/dz\/#\/schema\/logo\/image\/\",\"url\":\"https:\/\/eurlhosnakamel.dz\/wp-content\/uploads\/2020\/04\/LOGO-HOSNA1.png\",\"contentUrl\":\"https:\/\/eurlhosnakamel.dz\/wp-content\/uploads\/2020\/04\/LOGO-HOSNA1.png\",\"width\":120,\"height\":127,\"caption\":\"EURL HOSNA KAMEL - Bosch alg\u00e9rie\"},\"image\":{\"@id\":\"https:\/\/eurlhosnakamel.dz\/dz\/#\/schema\/logo\/image\/\"},\"sameAs\":[\"https:\/\/www.facebook.com\/Eurl.Hosna.DZ\/\"]}]}<\/script>\n<!-- \/ Yoast SEO plugin. -->","yoast_head_json":{"title":"RIDGID SCIE CARBURE 590 L DIAMANT 355 MM - 26641 - EURL HOSNA KAMEL","description":"RIDGID SCIE CARBURE 590 L DIAMANT 355 MM - 26641 - EURL HOSNA KAMEL","robots":{"index":"index","follow":"follow","max-snippet":"max-snippet:-1","max-image-preview":"max-image-preview:large","max-video-preview":"max-video-preview:-1"},"canonical":"https:\/\/eurlhosnakamel.dz\/dz\/produit\/ridgid-scie-carbure-590-l-diamant-355-mm-26641\/","og_locale":"fr_FR","og_type":"article","og_title":"RIDGID SCIE CARBURE 590 L DIAMANT 355 MM - 26641 - EURL HOSNA KAMEL","og_description":"RIDGID SCIE CARBURE 590 L DIAMANT 355 MM - 26641 - EURL HOSNA KAMEL","og_url":"https:\/\/eurlhosnakamel.dz\/dz\/produit\/ridgid-scie-carbure-590-l-diamant-355-mm-26641\/","og_site_name":"EURL HOSNA KAMEL","article_publisher":"https:\/\/www.facebook.com\/Eurl.Hosna.DZ\/","article_modified_time":"2020-04-23T17:25:03+00:00","og_image":[{"width":512,"height":512,"url":"https:\/\/eurlhosnakamel.dz\/dz\/wp-content\/uploads\/2020\/04\/RIDGID-SCIE-CARBURE-590L-DIAM-355MM-26641-eurl-hosna-kamel-algerie.jpg","type":"image\/jpeg"}],"twitter_card":"summary_large_image","twitter_misc":{"Dur\u00e9e de lecture estim\u00e9e":"1 minute"},"schema":{"@context":"https:\/\/schema.org","@graph":[{"@type":"WebPage","@id":"https:\/\/eurlhosnakamel.dz\/dz\/produit\/ridgid-scie-carbure-590-l-diamant-355-mm-26641\/","url":"https:\/\/eurlhosnakamel.dz\/dz\/produit\/ridgid-scie-carbure-590-l-diamant-355-mm-26641\/","name":"RIDGID SCIE CARBURE 590 L DIAMANT 355 MM - 26641 - EURL HOSNA KAMEL","isPartOf":{"@id":"https:\/\/eurlhosnakamel.dz\/dz\/#website"},"primaryImageOfPage":{"@id":"https:\/\/eurlhosnakamel.dz\/dz\/produit\/ridgid-scie-carbure-590-l-diamant-355-mm-26641\/#primaryimage"},"image":{"@id":"https:\/\/eurlhosnakamel.dz\/dz\/produit\/ridgid-scie-carbure-590-l-diamant-355-mm-26641\/#primaryimage"},"thumbnailUrl":"https:\/\/eurlhosnakamel.dz\/dz\/wp-content\/uploads\/2020\/04\/RIDGID-SCIE-CARBURE-590L-DIAM-355MM-26641-eurl-hosna-kamel-algerie.jpg","datePublished":"2020-04-23T17:22:10+00:00","dateModified":"2020-04-23T17:25:03+00:00","description":"RIDGID SCIE CARBURE 590 L DIAMANT 355 MM - 26641 - EURL HOSNA KAMEL","breadcrumb":{"@id":"https:\/\/eurlhosnakamel.dz\/dz\/produit\/ridgid-scie-carbure-590-l-diamant-355-mm-26641\/#breadcrumb"},"inLanguage":"fr-FR","potentialAction":[{"@type":"ReadAction","target":["https:\/\/eurlhosnakamel.dz\/dz\/produit\/ridgid-scie-carbure-590-l-diamant-355-mm-26641\/"]}]},{"@type":"ImageObject","inLanguage":"fr-FR","@id":"https:\/\/eurlhosnakamel.dz\/dz\/produit\/ridgid-scie-carbure-590-l-diamant-355-mm-26641\/#primaryimage","url":"https:\/\/eurlhosnakamel.dz\/dz\/wp-content\/uploads\/2020\/04\/RIDGID-SCIE-CARBURE-590L-DIAM-355MM-26641-eurl-hosna-kamel-algerie.jpg","contentUrl":"https:\/\/eurlhosnakamel.dz\/dz\/wp-content\/uploads\/2020\/04\/RIDGID-SCIE-CARBURE-590L-DIAM-355MM-26641-eurl-hosna-kamel-algerie.jpg","width":512,"height":512},{"@type":"BreadcrumbList","@id":"https:\/\/eurlhosnakamel.dz\/dz\/produit\/ridgid-scie-carbure-590-l-diamant-355-mm-26641\/#breadcrumb","itemListElement":[{"@type":"ListItem","position":1,"name":"Accueil","item":"https:\/\/eurlhosnakamel.dz\/dz\/"},{"@type":"ListItem","position":2,"name":"Shop","item":"https:\/\/eurlhosnakamel.dz\/dz\/shop\/"},{"@type":"ListItem","position":3,"name":"RIDGID SCIE CARBURE 590 L DIAMANT 355 MM &#8211; 26641"}]},{"@type":"WebSite","@id":"https:\/\/eurlhosnakamel.dz\/dz\/#website","url":"https:\/\/eurlhosnakamel.dz\/dz\/","name":"EURL HOSNA KAMEL","description":"Fournisseur Premium d&#039;Outillages Professionnels en Alg\u00e9rie -","publisher":{"@id":"https:\/\/eurlhosnakamel.dz\/dz\/#organization"},"potentialAction":[{"@type":"SearchAction","target":{"@type":"EntryPoint","urlTemplate":"https:\/\/eurlhosnakamel.dz\/dz\/?s={search_term_string}"},"query-input":"required name=search_term_string"}],"inLanguage":"fr-FR"},{"@type":"Organization","@id":"https:\/\/eurlhosnakamel.dz\/dz\/#organization","name":"EURL HOSNA KAMEL - Bosch alg\u00e9rie","url":"https:\/\/eurlhosnakamel.dz\/dz\/","logo":{"@type":"ImageObject","inLanguage":"fr-FR","@id":"https:\/\/eurlhosnakamel.dz\/dz\/#\/schema\/logo\/image\/","url":"https:\/\/eurlhosnakamel.dz\/wp-content\/uploads\/2020\/04\/LOGO-HOSNA1.png","contentUrl":"https:\/\/eurlhosnakamel.dz\/wp-content\/uploads\/2020\/04\/LOGO-HOSNA1.png","width":120,"height":127,"caption":"EURL HOSNA KAMEL - Bosch alg\u00e9rie"},"image":{"@id":"https:\/\/eurlhosnakamel.dz\/dz\/#\/schema\/logo\/image\/"},"sameAs":["https:\/\/www.facebook.com\/Eurl.Hosna.DZ\/"]}]}},"_links":{"self":[{"href":"https:\/\/eurlhosnakamel.dz\/dz\/wp-json\/wp\/v2\/product\/8159","targetHints":{"allow":["GET"]}}],"collection":[{"href":"https:\/\/eurlhosnakamel.dz\/dz\/wp-json\/wp\/v2\/product"}],"about":[{"href":"https:\/\/eurlhosnakamel.dz\/dz\/wp-json\/wp\/v2\/types\/product"}],"wp:featuredmedia":[{"embeddable":true,"href":"https:\/\/eurlhosnakamel.dz\/dz\/wp-json\/wp\/v2\/media\/8161"}],"wp:attachment":[{"href":"https:\/\/eurlhosnakamel.dz\/dz\/wp-json\/wp\/v2\/media?parent=8159"}],"wp:term":[{"taxonomy":"product_cat","embeddable":true,"href":"https:\/\/eurlhosnakamel.dz\/dz\/wp-json\/wp\/v2\/product_cat?post=8159"},{"taxonomy":"product_tag","embeddable":true,"href":"https:\/\/eurlhosnakamel.dz\/dz\/wp-json\/wp\/v2\/product_tag?post=8159"}],"curies":[{"name":"wp","href":"https:\/\/api.w.org\/{rel}","templated":true}]}}