{"id":8169,"date":"2020-04-23T18:13:57","date_gmt":"2020-04-23T18:13:57","guid":{"rendered":"https:\/\/lhchosting.com\/hosna\/?post_type=product&#038;p=8169"},"modified":"2020-04-23T18:19:01","modified_gmt":"2020-04-23T18:19:01","slug":"cutter-portable-pour-blocs-adr","status":"publish","type":"product","link":"https:\/\/eurlhosnakamel.dz\/dz\/produit\/cutter-portable-pour-blocs-adr\/","title":{"rendered":"CUTTER PORTABLE POUR BLOCS ADR"},"content":{"rendered":"<div class=\"col-xs-12 col-sm-6 xs-vrythm\">\n<h4 class=\"prodotto__section-title\"><strong>AVANTAGES<\/strong><\/h4>\n<div class=\"typography\">\n<p>ADR est une fraise de chantier portable sp\u00e9cialement con\u00e7ue pour la d\u00e9coupe de blocs et de mat\u00e9riaux de construction:<\/p>\n<ul>\n<li><strong>Plan de travail en bandes d&#8217;acier galvanis\u00e9<\/strong>\u00a0avec poign\u00e9es incorpor\u00e9es et carr\u00e9 r\u00e9glable;<\/li>\n<li><strong>R\u00e9servoir de collecte avec<\/strong>\u00a0syst\u00e8me de\u00a0<strong>recirculation d&#8217;<\/strong>\u00a0eau int\u00e9gr\u00e9;<\/li>\n<li><strong>Pieds pliants<\/strong>\u00a0pour un transport facile.<\/li>\n<\/ul>\n<\/div>\n<\/div>\n<div class=\"col-xs-12 col-sm-6 xs-vrythm\">\n<div class=\"prodotto__section-title\">DONN\u00c9ES TECHNIQUES<\/div>\n<div class=\"typography\">\n<div class=\"table-responsive\">\n<table class=\"table\">\n<tbody>\n<tr>\n<td>Coupe utile<\/td>\n<td>1000-1300 mm<\/td>\n<\/tr>\n<tr>\n<td>Diam\u00e8tre du disque diamant<\/td>\n<td>650 mm<\/td>\n<\/tr>\n<tr>\n<td>Trou de disque de diamant<\/td>\n<td>25,4 mm<\/td>\n<\/tr>\n<tr>\n<td>Puissance moteur<\/td>\n<td>4kW = 5.5HP 3 phases<\/td>\n<\/tr>\n<tr>\n<td>Vitesse de rotation du moteur<\/td>\n<td>1400 tr \/ min 50 Hz &#8211; 1700 tr \/ min 60 Hz<\/td>\n<\/tr>\n<tr>\n<td>Tension \/ fr\u00e9quence standard<\/td>\n<td>400V-50 Hz<\/td>\n<\/tr>\n<\/tbody>\n<\/table>\n<\/div>\n<\/div>\n<\/div>\n","protected":false},"excerpt":{"rendered":"<h4 class=\"h2\">FRAISE \u00c0 T\u00caTE COULISSANTE POUR MAT\u00c9RIAUX DE CONSTRUCTION \u00c9PAIS<\/h4>\n<p><strong>Scie portable\u00a0\u00e0 t\u00eate coulissante pour mat\u00e9riaux de construction tr\u00e8s \u00e9pais, elle peut monter des\u00a0disques jusqu&#8217;\u00e0 650 mm de diam\u00e8tre\u00a0.\u00a0Il est id\u00e9al pour \u00eatre utilis\u00e9 pour\u00a0couper des blocs\u00a0Poroton et similaires.\u00a0Robuste et pr\u00e9cis, il se caract\u00e9rise par une grande durabilit\u00e9.<\/strong><\/p>\n","protected":false},"featured_media":8171,"template":"","meta":[],"product_cat":[29,571],"product_tag":[1759],"class_list":{"0":"post-8169","1":"product","2":"type-product","3":"status-publish","4":"has-post-thumbnail","6":"product_cat-quincaillerie","7":"product_cat-outils-de-coupe","8":"product_tag-cutter-portable-pour-blocs-adr","9":"product_brand-achilli","11":"first","12":"instock","13":"shipping-taxable","14":"product-type-simple","15":"col-xs-6 col-sm-4","16":"col-md-3 col-lg-3","17":"un-4-cols"},"yoast_head":"<!-- This site is optimized with the Yoast SEO plugin v22.5 - https:\/\/yoast.com\/wordpress\/plugins\/seo\/ -->\n<title>CUTTER PORTABLE POUR BLOCS ADR - EURL HOSNA KAMEL<\/title>\n<meta name=\"description\" content=\"CUTTER PORTABLE POUR BLOCS ADR - EURL HOSNA KAMEL\" \/>\n<meta name=\"robots\" content=\"index, follow, max-snippet:-1, max-image-preview:large, max-video-preview:-1\" \/>\n<link rel=\"canonical\" href=\"https:\/\/eurlhosnakamel.dz\/dz\/produit\/cutter-portable-pour-blocs-adr\/\" \/>\n<meta property=\"og:locale\" content=\"fr_FR\" \/>\n<meta property=\"og:type\" content=\"article\" \/>\n<meta property=\"og:title\" content=\"CUTTER PORTABLE POUR BLOCS ADR - EURL HOSNA KAMEL\" \/>\n<meta property=\"og:description\" content=\"CUTTER PORTABLE POUR BLOCS ADR - EURL HOSNA KAMEL\" \/>\n<meta property=\"og:url\" content=\"https:\/\/eurlhosnakamel.dz\/dz\/produit\/cutter-portable-pour-blocs-adr\/\" \/>\n<meta property=\"og:site_name\" content=\"EURL HOSNA KAMEL\" \/>\n<meta property=\"article:publisher\" content=\"https:\/\/www.facebook.com\/Eurl.Hosna.DZ\/\" \/>\n<meta property=\"article:modified_time\" content=\"2020-04-23T18:19:01+00:00\" \/>\n<meta property=\"og:image\" content=\"https:\/\/eurlhosnakamel.dz\/dz\/wp-content\/uploads\/2020\/04\/CUTTER-PORTABLE-POUR-BLOCS-ADR-eurl-hosna-kamel-algerie.jpg\" \/>\n\t<meta property=\"og:image:width\" content=\"512\" \/>\n\t<meta property=\"og:image:height\" content=\"512\" \/>\n\t<meta property=\"og:image:type\" content=\"image\/jpeg\" \/>\n<meta name=\"twitter:card\" content=\"summary_large_image\" \/>\n<meta name=\"twitter:label1\" content=\"Dur\u00e9e de lecture estim\u00e9e\" \/>\n\t<meta name=\"twitter:data1\" content=\"1 minute\" \/>\n<script type=\"application\/ld+json\" class=\"yoast-schema-graph\">{\"@context\":\"https:\/\/schema.org\",\"@graph\":[{\"@type\":\"WebPage\",\"@id\":\"https:\/\/eurlhosnakamel.dz\/dz\/produit\/cutter-portable-pour-blocs-adr\/\",\"url\":\"https:\/\/eurlhosnakamel.dz\/dz\/produit\/cutter-portable-pour-blocs-adr\/\",\"name\":\"CUTTER PORTABLE POUR BLOCS ADR - EURL HOSNA KAMEL\",\"isPartOf\":{\"@id\":\"https:\/\/eurlhosnakamel.dz\/dz\/#website\"},\"primaryImageOfPage\":{\"@id\":\"https:\/\/eurlhosnakamel.dz\/dz\/produit\/cutter-portable-pour-blocs-adr\/#primaryimage\"},\"image\":{\"@id\":\"https:\/\/eurlhosnakamel.dz\/dz\/produit\/cutter-portable-pour-blocs-adr\/#primaryimage\"},\"thumbnailUrl\":\"https:\/\/eurlhosnakamel.dz\/dz\/wp-content\/uploads\/2020\/04\/CUTTER-PORTABLE-POUR-BLOCS-ADR-eurl-hosna-kamel-algerie.jpg\",\"datePublished\":\"2020-04-23T18:13:57+00:00\",\"dateModified\":\"2020-04-23T18:19:01+00:00\",\"description\":\"CUTTER PORTABLE POUR BLOCS ADR - EURL HOSNA KAMEL\",\"breadcrumb\":{\"@id\":\"https:\/\/eurlhosnakamel.dz\/dz\/produit\/cutter-portable-pour-blocs-adr\/#breadcrumb\"},\"inLanguage\":\"fr-FR\",\"potentialAction\":[{\"@type\":\"ReadAction\",\"target\":[\"https:\/\/eurlhosnakamel.dz\/dz\/produit\/cutter-portable-pour-blocs-adr\/\"]}]},{\"@type\":\"ImageObject\",\"inLanguage\":\"fr-FR\",\"@id\":\"https:\/\/eurlhosnakamel.dz\/dz\/produit\/cutter-portable-pour-blocs-adr\/#primaryimage\",\"url\":\"https:\/\/eurlhosnakamel.dz\/dz\/wp-content\/uploads\/2020\/04\/CUTTER-PORTABLE-POUR-BLOCS-ADR-eurl-hosna-kamel-algerie.jpg\",\"contentUrl\":\"https:\/\/eurlhosnakamel.dz\/dz\/wp-content\/uploads\/2020\/04\/CUTTER-PORTABLE-POUR-BLOCS-ADR-eurl-hosna-kamel-algerie.jpg\",\"width\":512,\"height\":512},{\"@type\":\"BreadcrumbList\",\"@id\":\"https:\/\/eurlhosnakamel.dz\/dz\/produit\/cutter-portable-pour-blocs-adr\/#breadcrumb\",\"itemListElement\":[{\"@type\":\"ListItem\",\"position\":1,\"name\":\"Accueil\",\"item\":\"https:\/\/eurlhosnakamel.dz\/dz\/\"},{\"@type\":\"ListItem\",\"position\":2,\"name\":\"Shop\",\"item\":\"https:\/\/eurlhosnakamel.dz\/dz\/shop\/\"},{\"@type\":\"ListItem\",\"position\":3,\"name\":\"CUTTER PORTABLE POUR BLOCS ADR\"}]},{\"@type\":\"WebSite\",\"@id\":\"https:\/\/eurlhosnakamel.dz\/dz\/#website\",\"url\":\"https:\/\/eurlhosnakamel.dz\/dz\/\",\"name\":\"EURL HOSNA KAMEL\",\"description\":\"Fournisseur Premium d&#039;Outillages Professionnels en Alg\u00e9rie -\",\"publisher\":{\"@id\":\"https:\/\/eurlhosnakamel.dz\/dz\/#organization\"},\"potentialAction\":[{\"@type\":\"SearchAction\",\"target\":{\"@type\":\"EntryPoint\",\"urlTemplate\":\"https:\/\/eurlhosnakamel.dz\/dz\/?s={search_term_string}\"},\"query-input\":\"required name=search_term_string\"}],\"inLanguage\":\"fr-FR\"},{\"@type\":\"Organization\",\"@id\":\"https:\/\/eurlhosnakamel.dz\/dz\/#organization\",\"name\":\"EURL HOSNA KAMEL - Bosch alg\u00e9rie\",\"url\":\"https:\/\/eurlhosnakamel.dz\/dz\/\",\"logo\":{\"@type\":\"ImageObject\",\"inLanguage\":\"fr-FR\",\"@id\":\"https:\/\/eurlhosnakamel.dz\/dz\/#\/schema\/logo\/image\/\",\"url\":\"https:\/\/eurlhosnakamel.dz\/wp-content\/uploads\/2020\/04\/LOGO-HOSNA1.png\",\"contentUrl\":\"https:\/\/eurlhosnakamel.dz\/wp-content\/uploads\/2020\/04\/LOGO-HOSNA1.png\",\"width\":120,\"height\":127,\"caption\":\"EURL HOSNA KAMEL - Bosch alg\u00e9rie\"},\"image\":{\"@id\":\"https:\/\/eurlhosnakamel.dz\/dz\/#\/schema\/logo\/image\/\"},\"sameAs\":[\"https:\/\/www.facebook.com\/Eurl.Hosna.DZ\/\"]}]}<\/script>\n<!-- \/ Yoast SEO plugin. -->","yoast_head_json":{"title":"CUTTER PORTABLE POUR BLOCS ADR - EURL HOSNA KAMEL","description":"CUTTER PORTABLE POUR BLOCS ADR - EURL HOSNA KAMEL","robots":{"index":"index","follow":"follow","max-snippet":"max-snippet:-1","max-image-preview":"max-image-preview:large","max-video-preview":"max-video-preview:-1"},"canonical":"https:\/\/eurlhosnakamel.dz\/dz\/produit\/cutter-portable-pour-blocs-adr\/","og_locale":"fr_FR","og_type":"article","og_title":"CUTTER PORTABLE POUR BLOCS ADR - EURL HOSNA KAMEL","og_description":"CUTTER PORTABLE POUR BLOCS ADR - EURL HOSNA KAMEL","og_url":"https:\/\/eurlhosnakamel.dz\/dz\/produit\/cutter-portable-pour-blocs-adr\/","og_site_name":"EURL HOSNA KAMEL","article_publisher":"https:\/\/www.facebook.com\/Eurl.Hosna.DZ\/","article_modified_time":"2020-04-23T18:19:01+00:00","og_image":[{"width":512,"height":512,"url":"https:\/\/eurlhosnakamel.dz\/dz\/wp-content\/uploads\/2020\/04\/CUTTER-PORTABLE-POUR-BLOCS-ADR-eurl-hosna-kamel-algerie.jpg","type":"image\/jpeg"}],"twitter_card":"summary_large_image","twitter_misc":{"Dur\u00e9e de lecture estim\u00e9e":"1 minute"},"schema":{"@context":"https:\/\/schema.org","@graph":[{"@type":"WebPage","@id":"https:\/\/eurlhosnakamel.dz\/dz\/produit\/cutter-portable-pour-blocs-adr\/","url":"https:\/\/eurlhosnakamel.dz\/dz\/produit\/cutter-portable-pour-blocs-adr\/","name":"CUTTER PORTABLE POUR BLOCS ADR - EURL HOSNA KAMEL","isPartOf":{"@id":"https:\/\/eurlhosnakamel.dz\/dz\/#website"},"primaryImageOfPage":{"@id":"https:\/\/eurlhosnakamel.dz\/dz\/produit\/cutter-portable-pour-blocs-adr\/#primaryimage"},"image":{"@id":"https:\/\/eurlhosnakamel.dz\/dz\/produit\/cutter-portable-pour-blocs-adr\/#primaryimage"},"thumbnailUrl":"https:\/\/eurlhosnakamel.dz\/dz\/wp-content\/uploads\/2020\/04\/CUTTER-PORTABLE-POUR-BLOCS-ADR-eurl-hosna-kamel-algerie.jpg","datePublished":"2020-04-23T18:13:57+00:00","dateModified":"2020-04-23T18:19:01+00:00","description":"CUTTER PORTABLE POUR BLOCS ADR - EURL HOSNA KAMEL","breadcrumb":{"@id":"https:\/\/eurlhosnakamel.dz\/dz\/produit\/cutter-portable-pour-blocs-adr\/#breadcrumb"},"inLanguage":"fr-FR","potentialAction":[{"@type":"ReadAction","target":["https:\/\/eurlhosnakamel.dz\/dz\/produit\/cutter-portable-pour-blocs-adr\/"]}]},{"@type":"ImageObject","inLanguage":"fr-FR","@id":"https:\/\/eurlhosnakamel.dz\/dz\/produit\/cutter-portable-pour-blocs-adr\/#primaryimage","url":"https:\/\/eurlhosnakamel.dz\/dz\/wp-content\/uploads\/2020\/04\/CUTTER-PORTABLE-POUR-BLOCS-ADR-eurl-hosna-kamel-algerie.jpg","contentUrl":"https:\/\/eurlhosnakamel.dz\/dz\/wp-content\/uploads\/2020\/04\/CUTTER-PORTABLE-POUR-BLOCS-ADR-eurl-hosna-kamel-algerie.jpg","width":512,"height":512},{"@type":"BreadcrumbList","@id":"https:\/\/eurlhosnakamel.dz\/dz\/produit\/cutter-portable-pour-blocs-adr\/#breadcrumb","itemListElement":[{"@type":"ListItem","position":1,"name":"Accueil","item":"https:\/\/eurlhosnakamel.dz\/dz\/"},{"@type":"ListItem","position":2,"name":"Shop","item":"https:\/\/eurlhosnakamel.dz\/dz\/shop\/"},{"@type":"ListItem","position":3,"name":"CUTTER PORTABLE POUR BLOCS ADR"}]},{"@type":"WebSite","@id":"https:\/\/eurlhosnakamel.dz\/dz\/#website","url":"https:\/\/eurlhosnakamel.dz\/dz\/","name":"EURL HOSNA KAMEL","description":"Fournisseur Premium d&#039;Outillages Professionnels en Alg\u00e9rie -","publisher":{"@id":"https:\/\/eurlhosnakamel.dz\/dz\/#organization"},"potentialAction":[{"@type":"SearchAction","target":{"@type":"EntryPoint","urlTemplate":"https:\/\/eurlhosnakamel.dz\/dz\/?s={search_term_string}"},"query-input":"required name=search_term_string"}],"inLanguage":"fr-FR"},{"@type":"Organization","@id":"https:\/\/eurlhosnakamel.dz\/dz\/#organization","name":"EURL HOSNA KAMEL - Bosch alg\u00e9rie","url":"https:\/\/eurlhosnakamel.dz\/dz\/","logo":{"@type":"ImageObject","inLanguage":"fr-FR","@id":"https:\/\/eurlhosnakamel.dz\/dz\/#\/schema\/logo\/image\/","url":"https:\/\/eurlhosnakamel.dz\/wp-content\/uploads\/2020\/04\/LOGO-HOSNA1.png","contentUrl":"https:\/\/eurlhosnakamel.dz\/wp-content\/uploads\/2020\/04\/LOGO-HOSNA1.png","width":120,"height":127,"caption":"EURL HOSNA KAMEL - Bosch alg\u00e9rie"},"image":{"@id":"https:\/\/eurlhosnakamel.dz\/dz\/#\/schema\/logo\/image\/"},"sameAs":["https:\/\/www.facebook.com\/Eurl.Hosna.DZ\/"]}]}},"_links":{"self":[{"href":"https:\/\/eurlhosnakamel.dz\/dz\/wp-json\/wp\/v2\/product\/8169","targetHints":{"allow":["GET"]}}],"collection":[{"href":"https:\/\/eurlhosnakamel.dz\/dz\/wp-json\/wp\/v2\/product"}],"about":[{"href":"https:\/\/eurlhosnakamel.dz\/dz\/wp-json\/wp\/v2\/types\/product"}],"wp:featuredmedia":[{"embeddable":true,"href":"https:\/\/eurlhosnakamel.dz\/dz\/wp-json\/wp\/v2\/media\/8171"}],"wp:attachment":[{"href":"https:\/\/eurlhosnakamel.dz\/dz\/wp-json\/wp\/v2\/media?parent=8169"}],"wp:term":[{"taxonomy":"product_cat","embeddable":true,"href":"https:\/\/eurlhosnakamel.dz\/dz\/wp-json\/wp\/v2\/product_cat?post=8169"},{"taxonomy":"product_tag","embeddable":true,"href":"https:\/\/eurlhosnakamel.dz\/dz\/wp-json\/wp\/v2\/product_tag?post=8169"}],"curies":[{"name":"wp","href":"https:\/\/api.w.org\/{rel}","templated":true}]}}