{"id":8173,"date":"2020-04-24T13:17:39","date_gmt":"2020-04-24T13:17:39","guid":{"rendered":"https:\/\/lhchosting.com\/hosna\/?post_type=product&#038;p=8173"},"modified":"2020-04-24T13:17:39","modified_gmt":"2020-04-24T13:17:39","slug":"conmec-regle-vibrante-a-beton-cts-200","status":"publish","type":"product","link":"https:\/\/eurlhosnakamel.dz\/dz\/produit\/conmec-regle-vibrante-a-beton-cts-200\/","title":{"rendered":"CONMEC REGLE VIBRANTE A BETON CTS 200"},"content":{"rendered":"<table>\n<tbody>\n<tr>\n<th class=\"orange\"><span>Mod\u00e8le<\/span><\/th>\n<th class=\"orange\"><span>Moteur<\/span><\/th>\n<th class=\"orange\"><span>Puissance<\/span><\/th>\n<th class=\"orange\"><span>Conduire<\/span><\/th>\n<th class=\"orange\"><span>Largeur max (ft)<\/span><\/th>\n<th class=\"orange\"><span>\u00c9paisseur de vibration maximale (po)<\/span><\/th>\n<th class=\"orange\"><span>Largeur de section (pi)<\/span><\/th>\n<\/tr>\n<tr>\n<td class=\"orange\"><span>CTS200-4U<\/span><\/td>\n<td class=\"orange\"><span>Honda GX270<\/span><\/td>\n<td class=\"orange\"><span>9.0<\/span><\/td>\n<td class=\"orange\"><span>Treuils manuels<\/span><\/td>\n<td class=\"orange\"><span>39 \u2032<\/span><\/td>\n<td class=\"orange\"><span>8 \u2033<\/span><\/td>\n<td class=\"orange\"><span>8,3 \u2032, 4,3 \u2032, 2,3 \u2032<\/span><\/td>\n<\/tr>\n<\/tbody>\n<\/table>\n<p>&nbsp;<\/p>\n<div id=\"blades\">\n<h3><span>Lames disponibles<\/span><\/h3>\n<figure><img decoding=\"async\" src=\"https:\/\/conmecusa.com\/wp-content\/uploads\/2016041355789488.jpg\" \/><figcaption><span>Sections de chape en treillis vibrant<\/span><\/figcaption><\/figure>\n<\/div>\n","protected":false},"excerpt":{"rendered":"<h2><strong>CTS200<\/strong><\/h2>\n<p><strong>Les chapes vibrantes en treillis sont la machine pr\u00e9f\u00e9r\u00e9e des contracteurs lorsque des valeurs FL \u00e0 haute tol\u00e9rance sont sp\u00e9cifi\u00e9es sur les sols et les chauss\u00e9es en b\u00e9ton.\u00a0Nos chapes en treillis ont \u00e9tabli la norme de l&#8217;industrie en mati\u00e8re de plan\u00e9it\u00e9 de pr\u00e9cision, de rigidit\u00e9 et de durabilit\u00e9.<\/strong><\/p>\n<ul>\n<li><strong>Aluminium l\u00e9ger et haute r\u00e9sistance<\/strong><\/li>\n<li><strong>Syst\u00e8me de connexion rapide pour un assemblage facile sans outils sp\u00e9ciaux<\/strong><\/li>\n<li><strong>Cadre triangulaire avec soudures r\u00e9sistantes aux vibrations<\/strong><\/li>\n<li><strong>Roulements rempla\u00e7ables et graissables<\/strong><\/li>\n<li><strong>Large gamme de largeurs de section pour s&#8217;adapter \u00e0 tous les travaux<\/strong><\/li>\n<\/ul>\n","protected":false},"featured_media":8175,"template":"","meta":[],"product_cat":[399],"product_tag":[1761],"class_list":{"0":"post-8173","1":"product","2":"type-product","3":"status-publish","4":"has-post-thumbnail","6":"product_cat-batiment","7":"product_tag-conmec-regle-vibrante-a-beton-cts-200","8":"product_brand-conmec","10":"first","11":"instock","12":"shipping-taxable","13":"product-type-simple","14":"col-xs-6 col-sm-4","15":"col-md-3 col-lg-3","16":"un-4-cols"},"yoast_head":"<!-- This site is optimized with the Yoast SEO plugin v22.5 - https:\/\/yoast.com\/wordpress\/plugins\/seo\/ -->\n<title>CONMEC REGLE VIBRANTE A BETON CTS 200 - EURL HOSNA KAMEL<\/title>\n<meta name=\"description\" content=\"CONMEC REGLE VIBRANTE A BETON CTS 200 - EURL HOSNA KAMEL\" \/>\n<meta name=\"robots\" content=\"index, follow, max-snippet:-1, max-image-preview:large, max-video-preview:-1\" \/>\n<link rel=\"canonical\" href=\"https:\/\/eurlhosnakamel.dz\/dz\/produit\/conmec-regle-vibrante-a-beton-cts-200\/\" \/>\n<meta property=\"og:locale\" content=\"fr_FR\" \/>\n<meta property=\"og:type\" content=\"article\" \/>\n<meta property=\"og:title\" content=\"CONMEC REGLE VIBRANTE A BETON CTS 200 - EURL HOSNA KAMEL\" \/>\n<meta property=\"og:description\" content=\"CONMEC REGLE VIBRANTE A BETON CTS 200 - EURL HOSNA KAMEL\" \/>\n<meta property=\"og:url\" content=\"https:\/\/eurlhosnakamel.dz\/dz\/produit\/conmec-regle-vibrante-a-beton-cts-200\/\" \/>\n<meta property=\"og:site_name\" content=\"EURL HOSNA KAMEL\" \/>\n<meta property=\"article:publisher\" content=\"https:\/\/www.facebook.com\/Eurl.Hosna.DZ\/\" \/>\n<meta property=\"og:image\" content=\"https:\/\/eurlhosnakamel.dz\/dz\/wp-content\/uploads\/2020\/04\/CONMEC-REGLE-VIBRANTE-A-BETON-CTS200-eurl-hosna-kamel-algerie.jpg\" \/>\n\t<meta property=\"og:image:width\" content=\"1000\" \/>\n\t<meta property=\"og:image:height\" content=\"189\" \/>\n\t<meta property=\"og:image:type\" content=\"image\/jpeg\" \/>\n<meta name=\"twitter:card\" content=\"summary_large_image\" \/>\n<script type=\"application\/ld+json\" class=\"yoast-schema-graph\">{\"@context\":\"https:\/\/schema.org\",\"@graph\":[{\"@type\":\"WebPage\",\"@id\":\"https:\/\/eurlhosnakamel.dz\/dz\/produit\/conmec-regle-vibrante-a-beton-cts-200\/\",\"url\":\"https:\/\/eurlhosnakamel.dz\/dz\/produit\/conmec-regle-vibrante-a-beton-cts-200\/\",\"name\":\"CONMEC REGLE VIBRANTE A BETON CTS 200 - EURL HOSNA KAMEL\",\"isPartOf\":{\"@id\":\"https:\/\/eurlhosnakamel.dz\/dz\/#website\"},\"primaryImageOfPage\":{\"@id\":\"https:\/\/eurlhosnakamel.dz\/dz\/produit\/conmec-regle-vibrante-a-beton-cts-200\/#primaryimage\"},\"image\":{\"@id\":\"https:\/\/eurlhosnakamel.dz\/dz\/produit\/conmec-regle-vibrante-a-beton-cts-200\/#primaryimage\"},\"thumbnailUrl\":\"https:\/\/eurlhosnakamel.dz\/dz\/wp-content\/uploads\/2020\/04\/CONMEC-REGLE-VIBRANTE-A-BETON-CTS200-eurl-hosna-kamel-algerie.jpg\",\"datePublished\":\"2020-04-24T13:17:39+00:00\",\"dateModified\":\"2020-04-24T13:17:39+00:00\",\"description\":\"CONMEC REGLE VIBRANTE A BETON CTS 200 - EURL HOSNA KAMEL\",\"breadcrumb\":{\"@id\":\"https:\/\/eurlhosnakamel.dz\/dz\/produit\/conmec-regle-vibrante-a-beton-cts-200\/#breadcrumb\"},\"inLanguage\":\"fr-FR\",\"potentialAction\":[{\"@type\":\"ReadAction\",\"target\":[\"https:\/\/eurlhosnakamel.dz\/dz\/produit\/conmec-regle-vibrante-a-beton-cts-200\/\"]}]},{\"@type\":\"ImageObject\",\"inLanguage\":\"fr-FR\",\"@id\":\"https:\/\/eurlhosnakamel.dz\/dz\/produit\/conmec-regle-vibrante-a-beton-cts-200\/#primaryimage\",\"url\":\"https:\/\/eurlhosnakamel.dz\/dz\/wp-content\/uploads\/2020\/04\/CONMEC-REGLE-VIBRANTE-A-BETON-CTS200-eurl-hosna-kamel-algerie.jpg\",\"contentUrl\":\"https:\/\/eurlhosnakamel.dz\/dz\/wp-content\/uploads\/2020\/04\/CONMEC-REGLE-VIBRANTE-A-BETON-CTS200-eurl-hosna-kamel-algerie.jpg\",\"width\":1000,\"height\":189},{\"@type\":\"BreadcrumbList\",\"@id\":\"https:\/\/eurlhosnakamel.dz\/dz\/produit\/conmec-regle-vibrante-a-beton-cts-200\/#breadcrumb\",\"itemListElement\":[{\"@type\":\"ListItem\",\"position\":1,\"name\":\"Accueil\",\"item\":\"https:\/\/eurlhosnakamel.dz\/dz\/\"},{\"@type\":\"ListItem\",\"position\":2,\"name\":\"Shop\",\"item\":\"https:\/\/eurlhosnakamel.dz\/dz\/shop\/\"},{\"@type\":\"ListItem\",\"position\":3,\"name\":\"CONMEC REGLE VIBRANTE A BETON CTS 200\"}]},{\"@type\":\"WebSite\",\"@id\":\"https:\/\/eurlhosnakamel.dz\/dz\/#website\",\"url\":\"https:\/\/eurlhosnakamel.dz\/dz\/\",\"name\":\"EURL HOSNA KAMEL\",\"description\":\"Fournisseur Premium d&#039;Outillages Professionnels en Alg\u00e9rie -\",\"publisher\":{\"@id\":\"https:\/\/eurlhosnakamel.dz\/dz\/#organization\"},\"potentialAction\":[{\"@type\":\"SearchAction\",\"target\":{\"@type\":\"EntryPoint\",\"urlTemplate\":\"https:\/\/eurlhosnakamel.dz\/dz\/?s={search_term_string}\"},\"query-input\":\"required name=search_term_string\"}],\"inLanguage\":\"fr-FR\"},{\"@type\":\"Organization\",\"@id\":\"https:\/\/eurlhosnakamel.dz\/dz\/#organization\",\"name\":\"EURL HOSNA KAMEL - Bosch alg\u00e9rie\",\"url\":\"https:\/\/eurlhosnakamel.dz\/dz\/\",\"logo\":{\"@type\":\"ImageObject\",\"inLanguage\":\"fr-FR\",\"@id\":\"https:\/\/eurlhosnakamel.dz\/dz\/#\/schema\/logo\/image\/\",\"url\":\"https:\/\/eurlhosnakamel.dz\/wp-content\/uploads\/2020\/04\/LOGO-HOSNA1.png\",\"contentUrl\":\"https:\/\/eurlhosnakamel.dz\/wp-content\/uploads\/2020\/04\/LOGO-HOSNA1.png\",\"width\":120,\"height\":127,\"caption\":\"EURL HOSNA KAMEL - Bosch alg\u00e9rie\"},\"image\":{\"@id\":\"https:\/\/eurlhosnakamel.dz\/dz\/#\/schema\/logo\/image\/\"},\"sameAs\":[\"https:\/\/www.facebook.com\/Eurl.Hosna.DZ\/\"]}]}<\/script>\n<!-- \/ Yoast SEO plugin. -->","yoast_head_json":{"title":"CONMEC REGLE VIBRANTE A BETON CTS 200 - EURL HOSNA KAMEL","description":"CONMEC REGLE VIBRANTE A BETON CTS 200 - EURL HOSNA KAMEL","robots":{"index":"index","follow":"follow","max-snippet":"max-snippet:-1","max-image-preview":"max-image-preview:large","max-video-preview":"max-video-preview:-1"},"canonical":"https:\/\/eurlhosnakamel.dz\/dz\/produit\/conmec-regle-vibrante-a-beton-cts-200\/","og_locale":"fr_FR","og_type":"article","og_title":"CONMEC REGLE VIBRANTE A BETON CTS 200 - EURL HOSNA KAMEL","og_description":"CONMEC REGLE VIBRANTE A BETON CTS 200 - EURL HOSNA KAMEL","og_url":"https:\/\/eurlhosnakamel.dz\/dz\/produit\/conmec-regle-vibrante-a-beton-cts-200\/","og_site_name":"EURL HOSNA KAMEL","article_publisher":"https:\/\/www.facebook.com\/Eurl.Hosna.DZ\/","og_image":[{"width":1000,"height":189,"url":"https:\/\/eurlhosnakamel.dz\/dz\/wp-content\/uploads\/2020\/04\/CONMEC-REGLE-VIBRANTE-A-BETON-CTS200-eurl-hosna-kamel-algerie.jpg","type":"image\/jpeg"}],"twitter_card":"summary_large_image","schema":{"@context":"https:\/\/schema.org","@graph":[{"@type":"WebPage","@id":"https:\/\/eurlhosnakamel.dz\/dz\/produit\/conmec-regle-vibrante-a-beton-cts-200\/","url":"https:\/\/eurlhosnakamel.dz\/dz\/produit\/conmec-regle-vibrante-a-beton-cts-200\/","name":"CONMEC REGLE VIBRANTE A BETON CTS 200 - EURL HOSNA KAMEL","isPartOf":{"@id":"https:\/\/eurlhosnakamel.dz\/dz\/#website"},"primaryImageOfPage":{"@id":"https:\/\/eurlhosnakamel.dz\/dz\/produit\/conmec-regle-vibrante-a-beton-cts-200\/#primaryimage"},"image":{"@id":"https:\/\/eurlhosnakamel.dz\/dz\/produit\/conmec-regle-vibrante-a-beton-cts-200\/#primaryimage"},"thumbnailUrl":"https:\/\/eurlhosnakamel.dz\/dz\/wp-content\/uploads\/2020\/04\/CONMEC-REGLE-VIBRANTE-A-BETON-CTS200-eurl-hosna-kamel-algerie.jpg","datePublished":"2020-04-24T13:17:39+00:00","dateModified":"2020-04-24T13:17:39+00:00","description":"CONMEC REGLE VIBRANTE A BETON CTS 200 - EURL HOSNA KAMEL","breadcrumb":{"@id":"https:\/\/eurlhosnakamel.dz\/dz\/produit\/conmec-regle-vibrante-a-beton-cts-200\/#breadcrumb"},"inLanguage":"fr-FR","potentialAction":[{"@type":"ReadAction","target":["https:\/\/eurlhosnakamel.dz\/dz\/produit\/conmec-regle-vibrante-a-beton-cts-200\/"]}]},{"@type":"ImageObject","inLanguage":"fr-FR","@id":"https:\/\/eurlhosnakamel.dz\/dz\/produit\/conmec-regle-vibrante-a-beton-cts-200\/#primaryimage","url":"https:\/\/eurlhosnakamel.dz\/dz\/wp-content\/uploads\/2020\/04\/CONMEC-REGLE-VIBRANTE-A-BETON-CTS200-eurl-hosna-kamel-algerie.jpg","contentUrl":"https:\/\/eurlhosnakamel.dz\/dz\/wp-content\/uploads\/2020\/04\/CONMEC-REGLE-VIBRANTE-A-BETON-CTS200-eurl-hosna-kamel-algerie.jpg","width":1000,"height":189},{"@type":"BreadcrumbList","@id":"https:\/\/eurlhosnakamel.dz\/dz\/produit\/conmec-regle-vibrante-a-beton-cts-200\/#breadcrumb","itemListElement":[{"@type":"ListItem","position":1,"name":"Accueil","item":"https:\/\/eurlhosnakamel.dz\/dz\/"},{"@type":"ListItem","position":2,"name":"Shop","item":"https:\/\/eurlhosnakamel.dz\/dz\/shop\/"},{"@type":"ListItem","position":3,"name":"CONMEC REGLE VIBRANTE A BETON CTS 200"}]},{"@type":"WebSite","@id":"https:\/\/eurlhosnakamel.dz\/dz\/#website","url":"https:\/\/eurlhosnakamel.dz\/dz\/","name":"EURL HOSNA KAMEL","description":"Fournisseur Premium d&#039;Outillages Professionnels en Alg\u00e9rie -","publisher":{"@id":"https:\/\/eurlhosnakamel.dz\/dz\/#organization"},"potentialAction":[{"@type":"SearchAction","target":{"@type":"EntryPoint","urlTemplate":"https:\/\/eurlhosnakamel.dz\/dz\/?s={search_term_string}"},"query-input":"required name=search_term_string"}],"inLanguage":"fr-FR"},{"@type":"Organization","@id":"https:\/\/eurlhosnakamel.dz\/dz\/#organization","name":"EURL HOSNA KAMEL - Bosch alg\u00e9rie","url":"https:\/\/eurlhosnakamel.dz\/dz\/","logo":{"@type":"ImageObject","inLanguage":"fr-FR","@id":"https:\/\/eurlhosnakamel.dz\/dz\/#\/schema\/logo\/image\/","url":"https:\/\/eurlhosnakamel.dz\/wp-content\/uploads\/2020\/04\/LOGO-HOSNA1.png","contentUrl":"https:\/\/eurlhosnakamel.dz\/wp-content\/uploads\/2020\/04\/LOGO-HOSNA1.png","width":120,"height":127,"caption":"EURL HOSNA KAMEL - Bosch alg\u00e9rie"},"image":{"@id":"https:\/\/eurlhosnakamel.dz\/dz\/#\/schema\/logo\/image\/"},"sameAs":["https:\/\/www.facebook.com\/Eurl.Hosna.DZ\/"]}]}},"_links":{"self":[{"href":"https:\/\/eurlhosnakamel.dz\/dz\/wp-json\/wp\/v2\/product\/8173","targetHints":{"allow":["GET"]}}],"collection":[{"href":"https:\/\/eurlhosnakamel.dz\/dz\/wp-json\/wp\/v2\/product"}],"about":[{"href":"https:\/\/eurlhosnakamel.dz\/dz\/wp-json\/wp\/v2\/types\/product"}],"wp:featuredmedia":[{"embeddable":true,"href":"https:\/\/eurlhosnakamel.dz\/dz\/wp-json\/wp\/v2\/media\/8175"}],"wp:attachment":[{"href":"https:\/\/eurlhosnakamel.dz\/dz\/wp-json\/wp\/v2\/media?parent=8173"}],"wp:term":[{"taxonomy":"product_cat","embeddable":true,"href":"https:\/\/eurlhosnakamel.dz\/dz\/wp-json\/wp\/v2\/product_cat?post=8173"},{"taxonomy":"product_tag","embeddable":true,"href":"https:\/\/eurlhosnakamel.dz\/dz\/wp-json\/wp\/v2\/product_tag?post=8173"}],"curies":[{"name":"wp","href":"https:\/\/api.w.org\/{rel}","templated":true}]}}