{"id":8177,"date":"2020-04-24T13:28:21","date_gmt":"2020-04-24T13:28:21","guid":{"rendered":"https:\/\/lhchosting.com\/hosna\/?post_type=product&#038;p=8177"},"modified":"2020-04-24T13:32:29","modified_gmt":"2020-04-24T13:32:29","slug":"conmec-lisseuse-avec-siege-de-conduite-crt830-4u-ess-honda-gx390-u","status":"publish","type":"product","link":"https:\/\/eurlhosnakamel.dz\/dz\/produit\/conmec-lisseuse-avec-siege-de-conduite-crt830-4u-ess-honda-gx390-u\/","title":{"rendered":"CONMEC LISSEUSE AVEC SIEGE DE CONDUITE  CRT830 &#8211; 4U ESS ( HONDA GX390 U )"},"content":{"rendered":"<p><a class=\"anchor aspecs\" style=\"font-size: 14px; transition-property: all; color: #fcb800; background-image: url('img\/anchor.gif'); text-align: start;\" name=\"specsheet\"><\/a><strong>Sp\u00e9cifications techniques<\/strong><\/p>\n<div id=\"table\">\n<table id=\"specstable\">\n<tbody>\n<tr>\n<th class=\"orange\">Mod\u00e8le<\/th>\n<td class=\"orange\">CRT836-4U<\/td>\n<td class=\"orange\">CRT836-6<\/td>\n<td class=\"orange\">CRT846-6<\/td>\n<td class=\"orange\">CRT846-940<\/td>\n<td class=\"orange\">CRT1046-G1<\/td>\n<td class=\"orange\">CRT1046-G2<\/td>\n<\/tr>\n<tr>\n<th class=\"orange\">Moteur<\/th>\n<td class=\"orange\">Honda GX690<\/td>\n<td class=\"orange\">Kohler CH740<\/td>\n<td class=\"orange\">Kohler CH740<\/td>\n<td class=\"orange\">Kohler CH940<\/td>\n<td class=\"orange\">Kohler CH940<\/td>\n<td class=\"orange\">Kohler CH940<\/td>\n<\/tr>\n<tr>\n<th class=\"orange\">Puissance<\/th>\n<td class=\"orange\">22,1 ch<\/td>\n<td class=\"orange\">25hp<\/td>\n<td class=\"orange\">25hp<\/td>\n<td class=\"orange\">34hp<\/td>\n<td class=\"orange\">34hp<\/td>\n<td class=\"orange\">34hp<\/td>\n<\/tr>\n<tr>\n<th class=\"orange\">Diam\u00e8tre (po)<\/th>\n<td class=\"orange\">75,19 \u2033<\/td>\n<td class=\"orange\">75,19 \u2033<\/td>\n<td class=\"orange\">91,33 \u2033<\/td>\n<td class=\"orange\">75,2 \u2033<\/td>\n<td class=\"orange\">91,33 \u2033<\/td>\n<td class=\"orange\">97,64 \u2033<\/td>\n<\/tr>\n<tr>\n<th class=\"orange\">Lames par araign\u00e9e<\/th>\n<td class=\"orange\">4<\/td>\n<td class=\"orange\">4<\/td>\n<td class=\"orange\">4<\/td>\n<td class=\"orange\">4<\/td>\n<td class=\"orange\">5<\/td>\n<td class=\"orange\">5<\/td>\n<\/tr>\n<tr>\n<th class=\"orange\">Chevauchement<\/th>\n<td class=\"orange\">Non<\/td>\n<td class=\"orange\">Non<\/td>\n<td class=\"orange\">Oui<\/td>\n<td class=\"orange\">Non<\/td>\n<td class=\"orange\">Non<\/td>\n<td class=\"orange\">Non<\/td>\n<\/tr>\n<tr>\n<th class=\"orange\">Poids (lb)<\/th>\n<td class=\"orange\">748 lb<\/td>\n<td class=\"orange\">748 lb<\/td>\n<td class=\"orange\">836 lb<\/td>\n<td class=\"orange\">1 036 lb<\/td>\n<td class=\"orange\">1,205 lb<\/td>\n<td class=\"orange\">1,660 lb<\/td>\n<\/tr>\n<tr>\n<th class=\"blue\">\n<figure><img decoding=\"async\" src=\"https:\/\/conmecusa.com\/wp-content\/uploads\/finishing-blade.png\" \/><figcaption>Finition<\/figcaption><\/figure>\n<\/th>\n<td class=\"blue\">CFB061416<br \/>\nCFB061420<\/td>\n<td class=\"blue\">CFB061416<br \/>\nCFB061420<\/td>\n<td class=\"blue\">CFB061616<br \/>\nCFB061620<br \/>\nCF061816<br \/>\nCFB061820<\/td>\n<td class=\"blue\">CFB061616<br \/>\nCFB061620<br \/>\nCF061816<br \/>\nCFB061820<\/td>\n<td class=\"blue\">CFB061816<br \/>\nCFB061820<\/td>\n<td class=\"blue\">CFB061816<br \/>\nCFB061820<\/td>\n<\/tr>\n<tr>\n<th class=\"blue\">\n<figure><img decoding=\"async\" src=\"https:\/\/conmecusa.com\/wp-content\/uploads\/combination-blade.png\" \/><figcaption>Combinaison<\/figcaption><\/figure>\n<\/th>\n<td class=\"blue\">CCB0814<\/td>\n<td class=\"blue\">CCB0814<\/td>\n<td class=\"blue\">CCB0816<br \/>\nCCB0818<\/td>\n<td class=\"blue\">CCB0816<br \/>\nCCB0818<\/td>\n<td class=\"blue\">CCB0818<\/td>\n<td class=\"blue\">CCB0818<\/td>\n<\/tr>\n<tr>\n<th class=\"blue\">\n<figure><img decoding=\"async\" src=\"https:\/\/conmecusa.com\/wp-content\/uploads\/superblueblade.png\" \/><figcaption>Super-bleu<\/figcaption><\/figure>\n<\/th>\n<td class=\"blue\">SFB061420<br \/>\nSCB0814<\/td>\n<td class=\"blue\">SFB061420<br \/>\nSCB0814<\/td>\n<td class=\"blue\">SFB061620<br \/>\nSFB061820<br \/>\nSCB0816<br \/>\nSCB0818<\/td>\n<td class=\"blue\">SFB061620<br \/>\nSFB061820<br \/>\nSCB0816<br \/>\nSCB0818<\/td>\n<td class=\"blue\">SFB061820<br \/>\nSCB0818<\/td>\n<td class=\"blue\">SFB061820<br \/>\nSCB0818<\/td>\n<\/tr>\n<tr>\n<th class=\"blue\">\n<figure><img decoding=\"async\" src=\"https:\/\/conmecusa.com\/wp-content\/uploads\/plastic-blade.png\" \/><figcaption>Plastique<\/figcaption><\/figure>\n<\/th>\n<td class=\"blue\">PCB0814<\/td>\n<td class=\"blue\">PCB0814<\/td>\n<td class=\"blue\">PCB0816<br \/>\nPCB0818<\/td>\n<td class=\"blue\">PCB0816<br \/>\nPCB0818<\/td>\n<td class=\"blue\">PCB0818<\/td>\n<td class=\"blue\">PCB0818<\/td>\n<\/tr>\n<tr>\n<th class=\"blue\">\n<figure><img decoding=\"async\" src=\"https:\/\/conmecusa.com\/wp-content\/uploads\/clip-on-shoe.png\" \/><figcaption>Clip-On<\/figcaption><\/figure>\n<\/th>\n<td class=\"blue\">CFS1014<\/td>\n<td class=\"blue\">CFS1014<\/td>\n<td class=\"blue\">CFS1018<\/td>\n<td class=\"blue\">CFS1018<\/td>\n<td class=\"blue\">CFS1018<\/td>\n<td class=\"blue\">CFS1018<\/td>\n<\/tr>\n<tr>\n<th class=\"blue\">\n<figure><img decoding=\"async\" src=\"https:\/\/conmecusa.com\/wp-content\/uploads\/float-pans.png\" \/><figcaption>Flotteur Pan<\/figcaption><\/figure>\n<\/th>\n<td class=\"blue\">CFP037R<\/td>\n<td class=\"blue\">CFP037R<\/td>\n<td class=\"blue\">CFP043R<\/td>\n<td class=\"blue\">CFP043R<\/td>\n<td class=\"blue\">CFP046R<\/td>\n<td class=\"blue\">CFP046R<\/td>\n<\/tr>\n<tr>\n<th class=\"green\">Kit de chariot<\/th>\n<td class=\"green yes\">\u2713<\/td>\n<td class=\"green yes\">\u2713<\/td>\n<td class=\"green yes\">\u2713<\/td>\n<td class=\"green yes\">\u2713<\/td>\n<td class=\"green yes\">\u2713<\/td>\n<td class=\"green yes\">\u2713<\/td>\n<\/tr>\n<tr>\n<th class=\"red\">Manuel Op<\/th>\n<td class=\"red\"><a href=\"https:\/\/conmecusa.com\/wp-content\/uploads\/CRT836-846.pdf\">CRT836\u21d3<\/a><\/td>\n<td class=\"red\"><a href=\"https:\/\/conmecusa.com\/wp-content\/uploads\/CRT836-846.pdf\">CRT836\u21d3<\/a><\/td>\n<td class=\"red\"><a href=\"https:\/\/conmecusa.com\/wp-content\/uploads\/CRT836-846.pdf\">CRT846\u21d3<\/a><\/td>\n<td class=\"red\"><a href=\"https:\/\/conmecusa.com\/wp-content\/uploads\/CRT836-846.pdf\">CRT846\u21d3<\/a><\/td>\n<td class=\"red\"><a href=\"https:\/\/conmecusa.com\/wp-content\/uploads\/CRT10-46-Operators-Manual.pdf\">CRT1046\u21d3<\/a><\/td>\n<td class=\"red\"><a href=\"https:\/\/conmecusa.com\/wp-content\/uploads\/CRT10-46-Operators-Manual.pdf\">CRT1046\u21d3<\/a><\/td>\n<\/tr>\n<tr>\n<th class=\"red\">Manuel des pi\u00e8ces<\/th>\n<td class=\"red\"><a href=\"https:\/\/conmecusa.com\/wp-content\/uploads\/CRT836-parts-manual-version-20150103.pdf\">CRT836\u21d3<\/a><\/td>\n<td class=\"red\"><a href=\"https:\/\/conmecusa.com\/wp-content\/uploads\/CRT836-parts-manual-version-20150103.pdf\">CRT836\u21d3<\/a><\/td>\n<td class=\"red\"><a href=\"https:\/\/conmecusa.com\/wp-content\/uploads\/CRT836-parts-manual-version-20150103.pdf\">CRT836\u21d3<\/a><\/td>\n<td class=\"red\"><a href=\"https:\/\/conmecusa.com\/wp-content\/uploads\/CRT836-parts-manual-version-20150103.pdf\">CRT836\u21d3<\/a><\/td>\n<td class=\"red\"><a href=\"https:\/\/conmecusa.com\/wp-content\/uploads\/CRT1046-parts-manual-version-20170101.pdf\">CRT1046\u21d3<\/a><\/td>\n<td class=\"red\"><a href=\"https:\/\/conmecusa.com\/wp-content\/uploads\/CRT1046-parts-manual-version-20170101.pdf\">CRT1046\u21d3<\/a><\/td>\n<\/tr>\n<\/tbody>\n<\/table>\n<p>&nbsp;<\/p>\n<\/div>\n","protected":false},"excerpt":{"rendered":"<p><strong>Con\u00e7us pour r\u00e9pondre aux exigences de l&#8217;entrepreneur professionnel, les CRT836 et CRT846 fournissent une machine l\u00e9g\u00e8re de haute production con\u00e7ue pour un entretien facile.<\/strong><\/p>\n<ul>\n<li><strong>Syst\u00e8me de direction multidirectionnel \u00e0 double manche pour un contr\u00f4le pr\u00e9cis et une maniabilit\u00e9 totale<\/strong><\/li>\n<li><strong>Les lames \u00e0 double mode sans chevauchement peuvent accueillir \u00e0 la fois les lames et les bacs \u00e0 flotteur<\/strong><\/li>\n<li><strong>Assemblage de plaques d&#8217;araign\u00e9e usin\u00e9es avec pr\u00e9cision et \u00e0 tol\u00e9rance serr\u00e9e pour un \u00e9quilibre exceptionnel et une longue dur\u00e9e de vie<\/strong><\/li>\n<li><strong>Haute vitesse pour une finition sup\u00e9rieure<\/strong><\/li>\n<li><strong>Anneaux d&#8217;extr\u00e9mit\u00e9 rabattables pour des changements de lame efficaces<\/strong><\/li>\n<li><strong>Le si\u00e8ge r\u00e9glable se rel\u00e8ve pour r\u00e9v\u00e9ler une balle de levage solide<\/strong><\/li>\n<li><strong>\u00c9clairage avant et arri\u00e8re<\/strong><\/li>\n<\/ul>\n","protected":false},"featured_media":8179,"template":"","meta":[],"product_cat":[399],"product_tag":[1763],"class_list":{"0":"post-8177","1":"product","2":"type-product","3":"status-publish","4":"has-post-thumbnail","6":"product_cat-batiment","7":"product_tag-conmec-lisseuse-avec-siege-de-conduite-crt830-4u-ess-honda-gx390-u","8":"product_brand-conmec","10":"first","11":"instock","12":"shipping-taxable","13":"product-type-simple","14":"col-xs-6 col-sm-4","15":"col-md-3 col-lg-3","16":"un-4-cols"},"yoast_head":"<!-- This site is optimized with the Yoast SEO plugin v22.5 - https:\/\/yoast.com\/wordpress\/plugins\/seo\/ -->\n<title>CONMEC LISSEUSE AVEC SIEGE DE CONDUITE CRT830 - 4U ESS ( HONDA GX390 U ) - EURL HOSNA KAMEL<\/title>\n<meta name=\"description\" content=\"CONMEC LISSEUSE AVEC SIEGE DE CONDUITE CRT830 - 4U ESS ( HONDA GX390 U ) - EURL HOSNA KAMEL\" \/>\n<meta name=\"robots\" content=\"index, follow, max-snippet:-1, max-image-preview:large, max-video-preview:-1\" \/>\n<link rel=\"canonical\" href=\"https:\/\/eurlhosnakamel.dz\/dz\/produit\/conmec-lisseuse-avec-siege-de-conduite-crt830-4u-ess-honda-gx390-u\/\" \/>\n<meta property=\"og:locale\" content=\"fr_FR\" \/>\n<meta property=\"og:type\" content=\"article\" \/>\n<meta property=\"og:title\" content=\"CONMEC LISSEUSE AVEC SIEGE DE CONDUITE CRT830 - 4U ESS ( HONDA GX390 U ) - EURL HOSNA KAMEL\" \/>\n<meta property=\"og:description\" content=\"CONMEC LISSEUSE AVEC SIEGE DE CONDUITE CRT830 - 4U ESS ( HONDA GX390 U ) - EURL HOSNA KAMEL\" \/>\n<meta property=\"og:url\" content=\"https:\/\/eurlhosnakamel.dz\/dz\/produit\/conmec-lisseuse-avec-siege-de-conduite-crt830-4u-ess-honda-gx390-u\/\" \/>\n<meta property=\"og:site_name\" content=\"EURL HOSNA KAMEL\" \/>\n<meta property=\"article:publisher\" content=\"https:\/\/www.facebook.com\/Eurl.Hosna.DZ\/\" \/>\n<meta property=\"article:modified_time\" content=\"2020-04-24T13:32:29+00:00\" \/>\n<meta property=\"og:image\" content=\"https:\/\/eurlhosnakamel.dz\/dz\/wp-content\/uploads\/2020\/04\/CONMEC-LISSEUSE-AVEC-SIEGE-DE-CONDUITE-CRT830.jpg\" \/>\n\t<meta property=\"og:image:width\" content=\"1000\" \/>\n\t<meta property=\"og:image:height\" content=\"688\" \/>\n\t<meta property=\"og:image:type\" content=\"image\/jpeg\" \/>\n<meta name=\"twitter:card\" content=\"summary_large_image\" \/>\n<meta name=\"twitter:label1\" content=\"Dur\u00e9e de lecture estim\u00e9e\" \/>\n\t<meta name=\"twitter:data1\" content=\"1 minute\" \/>\n<script type=\"application\/ld+json\" class=\"yoast-schema-graph\">{\"@context\":\"https:\/\/schema.org\",\"@graph\":[{\"@type\":\"WebPage\",\"@id\":\"https:\/\/eurlhosnakamel.dz\/dz\/produit\/conmec-lisseuse-avec-siege-de-conduite-crt830-4u-ess-honda-gx390-u\/\",\"url\":\"https:\/\/eurlhosnakamel.dz\/dz\/produit\/conmec-lisseuse-avec-siege-de-conduite-crt830-4u-ess-honda-gx390-u\/\",\"name\":\"CONMEC LISSEUSE AVEC SIEGE DE CONDUITE CRT830 - 4U ESS ( HONDA GX390 U ) - EURL HOSNA KAMEL\",\"isPartOf\":{\"@id\":\"https:\/\/eurlhosnakamel.dz\/dz\/#website\"},\"primaryImageOfPage\":{\"@id\":\"https:\/\/eurlhosnakamel.dz\/dz\/produit\/conmec-lisseuse-avec-siege-de-conduite-crt830-4u-ess-honda-gx390-u\/#primaryimage\"},\"image\":{\"@id\":\"https:\/\/eurlhosnakamel.dz\/dz\/produit\/conmec-lisseuse-avec-siege-de-conduite-crt830-4u-ess-honda-gx390-u\/#primaryimage\"},\"thumbnailUrl\":\"https:\/\/eurlhosnakamel.dz\/dz\/wp-content\/uploads\/2020\/04\/CONMEC-LISSEUSE-AVEC-SIEGE-DE-CONDUITE-CRT830.jpg\",\"datePublished\":\"2020-04-24T13:28:21+00:00\",\"dateModified\":\"2020-04-24T13:32:29+00:00\",\"description\":\"CONMEC LISSEUSE AVEC SIEGE DE CONDUITE CRT830 - 4U ESS ( HONDA GX390 U ) - EURL HOSNA KAMEL\",\"breadcrumb\":{\"@id\":\"https:\/\/eurlhosnakamel.dz\/dz\/produit\/conmec-lisseuse-avec-siege-de-conduite-crt830-4u-ess-honda-gx390-u\/#breadcrumb\"},\"inLanguage\":\"fr-FR\",\"potentialAction\":[{\"@type\":\"ReadAction\",\"target\":[\"https:\/\/eurlhosnakamel.dz\/dz\/produit\/conmec-lisseuse-avec-siege-de-conduite-crt830-4u-ess-honda-gx390-u\/\"]}]},{\"@type\":\"ImageObject\",\"inLanguage\":\"fr-FR\",\"@id\":\"https:\/\/eurlhosnakamel.dz\/dz\/produit\/conmec-lisseuse-avec-siege-de-conduite-crt830-4u-ess-honda-gx390-u\/#primaryimage\",\"url\":\"https:\/\/eurlhosnakamel.dz\/dz\/wp-content\/uploads\/2020\/04\/CONMEC-LISSEUSE-AVEC-SIEGE-DE-CONDUITE-CRT830.jpg\",\"contentUrl\":\"https:\/\/eurlhosnakamel.dz\/dz\/wp-content\/uploads\/2020\/04\/CONMEC-LISSEUSE-AVEC-SIEGE-DE-CONDUITE-CRT830.jpg\",\"width\":1000,\"height\":688},{\"@type\":\"BreadcrumbList\",\"@id\":\"https:\/\/eurlhosnakamel.dz\/dz\/produit\/conmec-lisseuse-avec-siege-de-conduite-crt830-4u-ess-honda-gx390-u\/#breadcrumb\",\"itemListElement\":[{\"@type\":\"ListItem\",\"position\":1,\"name\":\"Accueil\",\"item\":\"https:\/\/eurlhosnakamel.dz\/dz\/\"},{\"@type\":\"ListItem\",\"position\":2,\"name\":\"Shop\",\"item\":\"https:\/\/eurlhosnakamel.dz\/dz\/shop\/\"},{\"@type\":\"ListItem\",\"position\":3,\"name\":\"CONMEC LISSEUSE AVEC SIEGE DE CONDUITE CRT830 &#8211; 4U ESS ( HONDA GX390 U )\"}]},{\"@type\":\"WebSite\",\"@id\":\"https:\/\/eurlhosnakamel.dz\/dz\/#website\",\"url\":\"https:\/\/eurlhosnakamel.dz\/dz\/\",\"name\":\"EURL HOSNA KAMEL\",\"description\":\"Fournisseur Premium d&#039;Outillages Professionnels en Alg\u00e9rie -\",\"publisher\":{\"@id\":\"https:\/\/eurlhosnakamel.dz\/dz\/#organization\"},\"potentialAction\":[{\"@type\":\"SearchAction\",\"target\":{\"@type\":\"EntryPoint\",\"urlTemplate\":\"https:\/\/eurlhosnakamel.dz\/dz\/?s={search_term_string}\"},\"query-input\":\"required name=search_term_string\"}],\"inLanguage\":\"fr-FR\"},{\"@type\":\"Organization\",\"@id\":\"https:\/\/eurlhosnakamel.dz\/dz\/#organization\",\"name\":\"EURL HOSNA KAMEL - Bosch alg\u00e9rie\",\"url\":\"https:\/\/eurlhosnakamel.dz\/dz\/\",\"logo\":{\"@type\":\"ImageObject\",\"inLanguage\":\"fr-FR\",\"@id\":\"https:\/\/eurlhosnakamel.dz\/dz\/#\/schema\/logo\/image\/\",\"url\":\"https:\/\/eurlhosnakamel.dz\/wp-content\/uploads\/2020\/04\/LOGO-HOSNA1.png\",\"contentUrl\":\"https:\/\/eurlhosnakamel.dz\/wp-content\/uploads\/2020\/04\/LOGO-HOSNA1.png\",\"width\":120,\"height\":127,\"caption\":\"EURL HOSNA KAMEL - Bosch alg\u00e9rie\"},\"image\":{\"@id\":\"https:\/\/eurlhosnakamel.dz\/dz\/#\/schema\/logo\/image\/\"},\"sameAs\":[\"https:\/\/www.facebook.com\/Eurl.Hosna.DZ\/\"]}]}<\/script>\n<!-- \/ Yoast SEO plugin. -->","yoast_head_json":{"title":"CONMEC LISSEUSE AVEC SIEGE DE CONDUITE CRT830 - 4U ESS ( HONDA GX390 U ) - EURL HOSNA KAMEL","description":"CONMEC LISSEUSE AVEC SIEGE DE CONDUITE CRT830 - 4U ESS ( HONDA GX390 U ) - EURL HOSNA KAMEL","robots":{"index":"index","follow":"follow","max-snippet":"max-snippet:-1","max-image-preview":"max-image-preview:large","max-video-preview":"max-video-preview:-1"},"canonical":"https:\/\/eurlhosnakamel.dz\/dz\/produit\/conmec-lisseuse-avec-siege-de-conduite-crt830-4u-ess-honda-gx390-u\/","og_locale":"fr_FR","og_type":"article","og_title":"CONMEC LISSEUSE AVEC SIEGE DE CONDUITE CRT830 - 4U ESS ( HONDA GX390 U ) - EURL HOSNA KAMEL","og_description":"CONMEC LISSEUSE AVEC SIEGE DE CONDUITE CRT830 - 4U ESS ( HONDA GX390 U ) - EURL HOSNA KAMEL","og_url":"https:\/\/eurlhosnakamel.dz\/dz\/produit\/conmec-lisseuse-avec-siege-de-conduite-crt830-4u-ess-honda-gx390-u\/","og_site_name":"EURL HOSNA KAMEL","article_publisher":"https:\/\/www.facebook.com\/Eurl.Hosna.DZ\/","article_modified_time":"2020-04-24T13:32:29+00:00","og_image":[{"width":1000,"height":688,"url":"https:\/\/eurlhosnakamel.dz\/dz\/wp-content\/uploads\/2020\/04\/CONMEC-LISSEUSE-AVEC-SIEGE-DE-CONDUITE-CRT830.jpg","type":"image\/jpeg"}],"twitter_card":"summary_large_image","twitter_misc":{"Dur\u00e9e de lecture estim\u00e9e":"1 minute"},"schema":{"@context":"https:\/\/schema.org","@graph":[{"@type":"WebPage","@id":"https:\/\/eurlhosnakamel.dz\/dz\/produit\/conmec-lisseuse-avec-siege-de-conduite-crt830-4u-ess-honda-gx390-u\/","url":"https:\/\/eurlhosnakamel.dz\/dz\/produit\/conmec-lisseuse-avec-siege-de-conduite-crt830-4u-ess-honda-gx390-u\/","name":"CONMEC LISSEUSE AVEC SIEGE DE CONDUITE CRT830 - 4U ESS ( HONDA GX390 U ) - EURL HOSNA KAMEL","isPartOf":{"@id":"https:\/\/eurlhosnakamel.dz\/dz\/#website"},"primaryImageOfPage":{"@id":"https:\/\/eurlhosnakamel.dz\/dz\/produit\/conmec-lisseuse-avec-siege-de-conduite-crt830-4u-ess-honda-gx390-u\/#primaryimage"},"image":{"@id":"https:\/\/eurlhosnakamel.dz\/dz\/produit\/conmec-lisseuse-avec-siege-de-conduite-crt830-4u-ess-honda-gx390-u\/#primaryimage"},"thumbnailUrl":"https:\/\/eurlhosnakamel.dz\/dz\/wp-content\/uploads\/2020\/04\/CONMEC-LISSEUSE-AVEC-SIEGE-DE-CONDUITE-CRT830.jpg","datePublished":"2020-04-24T13:28:21+00:00","dateModified":"2020-04-24T13:32:29+00:00","description":"CONMEC LISSEUSE AVEC SIEGE DE CONDUITE CRT830 - 4U ESS ( HONDA GX390 U ) - EURL HOSNA KAMEL","breadcrumb":{"@id":"https:\/\/eurlhosnakamel.dz\/dz\/produit\/conmec-lisseuse-avec-siege-de-conduite-crt830-4u-ess-honda-gx390-u\/#breadcrumb"},"inLanguage":"fr-FR","potentialAction":[{"@type":"ReadAction","target":["https:\/\/eurlhosnakamel.dz\/dz\/produit\/conmec-lisseuse-avec-siege-de-conduite-crt830-4u-ess-honda-gx390-u\/"]}]},{"@type":"ImageObject","inLanguage":"fr-FR","@id":"https:\/\/eurlhosnakamel.dz\/dz\/produit\/conmec-lisseuse-avec-siege-de-conduite-crt830-4u-ess-honda-gx390-u\/#primaryimage","url":"https:\/\/eurlhosnakamel.dz\/dz\/wp-content\/uploads\/2020\/04\/CONMEC-LISSEUSE-AVEC-SIEGE-DE-CONDUITE-CRT830.jpg","contentUrl":"https:\/\/eurlhosnakamel.dz\/dz\/wp-content\/uploads\/2020\/04\/CONMEC-LISSEUSE-AVEC-SIEGE-DE-CONDUITE-CRT830.jpg","width":1000,"height":688},{"@type":"BreadcrumbList","@id":"https:\/\/eurlhosnakamel.dz\/dz\/produit\/conmec-lisseuse-avec-siege-de-conduite-crt830-4u-ess-honda-gx390-u\/#breadcrumb","itemListElement":[{"@type":"ListItem","position":1,"name":"Accueil","item":"https:\/\/eurlhosnakamel.dz\/dz\/"},{"@type":"ListItem","position":2,"name":"Shop","item":"https:\/\/eurlhosnakamel.dz\/dz\/shop\/"},{"@type":"ListItem","position":3,"name":"CONMEC LISSEUSE AVEC SIEGE DE CONDUITE CRT830 &#8211; 4U ESS ( HONDA GX390 U )"}]},{"@type":"WebSite","@id":"https:\/\/eurlhosnakamel.dz\/dz\/#website","url":"https:\/\/eurlhosnakamel.dz\/dz\/","name":"EURL HOSNA KAMEL","description":"Fournisseur Premium d&#039;Outillages Professionnels en Alg\u00e9rie -","publisher":{"@id":"https:\/\/eurlhosnakamel.dz\/dz\/#organization"},"potentialAction":[{"@type":"SearchAction","target":{"@type":"EntryPoint","urlTemplate":"https:\/\/eurlhosnakamel.dz\/dz\/?s={search_term_string}"},"query-input":"required name=search_term_string"}],"inLanguage":"fr-FR"},{"@type":"Organization","@id":"https:\/\/eurlhosnakamel.dz\/dz\/#organization","name":"EURL HOSNA KAMEL - Bosch alg\u00e9rie","url":"https:\/\/eurlhosnakamel.dz\/dz\/","logo":{"@type":"ImageObject","inLanguage":"fr-FR","@id":"https:\/\/eurlhosnakamel.dz\/dz\/#\/schema\/logo\/image\/","url":"https:\/\/eurlhosnakamel.dz\/wp-content\/uploads\/2020\/04\/LOGO-HOSNA1.png","contentUrl":"https:\/\/eurlhosnakamel.dz\/wp-content\/uploads\/2020\/04\/LOGO-HOSNA1.png","width":120,"height":127,"caption":"EURL HOSNA KAMEL - Bosch alg\u00e9rie"},"image":{"@id":"https:\/\/eurlhosnakamel.dz\/dz\/#\/schema\/logo\/image\/"},"sameAs":["https:\/\/www.facebook.com\/Eurl.Hosna.DZ\/"]}]}},"_links":{"self":[{"href":"https:\/\/eurlhosnakamel.dz\/dz\/wp-json\/wp\/v2\/product\/8177","targetHints":{"allow":["GET"]}}],"collection":[{"href":"https:\/\/eurlhosnakamel.dz\/dz\/wp-json\/wp\/v2\/product"}],"about":[{"href":"https:\/\/eurlhosnakamel.dz\/dz\/wp-json\/wp\/v2\/types\/product"}],"wp:featuredmedia":[{"embeddable":true,"href":"https:\/\/eurlhosnakamel.dz\/dz\/wp-json\/wp\/v2\/media\/8179"}],"wp:attachment":[{"href":"https:\/\/eurlhosnakamel.dz\/dz\/wp-json\/wp\/v2\/media?parent=8177"}],"wp:term":[{"taxonomy":"product_cat","embeddable":true,"href":"https:\/\/eurlhosnakamel.dz\/dz\/wp-json\/wp\/v2\/product_cat?post=8177"},{"taxonomy":"product_tag","embeddable":true,"href":"https:\/\/eurlhosnakamel.dz\/dz\/wp-json\/wp\/v2\/product_tag?post=8177"}],"curies":[{"name":"wp","href":"https:\/\/api.w.org\/{rel}","templated":true}]}}