{"id":8183,"date":"2020-04-24T13:36:28","date_gmt":"2020-04-24T13:36:28","guid":{"rendered":"https:\/\/lhchosting.com\/hosna\/?post_type=product&#038;p=8183"},"modified":"2020-04-24T13:38:59","modified_gmt":"2020-04-24T13:38:59","slug":"conmec-vibreur-a-beton-essence-portatif-2-5-m","status":"publish","type":"product","link":"https:\/\/eurlhosnakamel.dz\/dz\/produit\/conmec-vibreur-a-beton-essence-portatif-2-5-m\/","title":{"rendered":"CONMEC VIBREUR A BETON ESSENCE PORTATIF 2.5 M"},"content":{"rendered":"<p>&nbsp;<\/p>\n<table>\n<tbody>\n<tr>\n<th class=\"orange\"><span>Mod\u00e8le<\/span><\/th>\n<th class=\"orange\"><span>Type de moteur<\/span><\/th>\n<th class=\"orange\"><span>Puissance<\/span><\/th>\n<th class=\"orange\"><span>Longueur d&#8217;arbre flexible (m)<\/span><\/th>\n<th class=\"orange\"><span>Diam\u00e8tre de la t\u00eate du vibrateur (mm)<\/span><\/th>\n<\/tr>\n<tr>\n<td class=\"orange\"><span>CPV-4U<\/span><\/td>\n<td class=\"orange\"><span>Honda GX35<\/span><\/td>\n<td class=\"orange\"><span>2.0hp<\/span><\/td>\n<td class=\"orange\"><span>1,5 m, 2,5 m<\/span><\/td>\n<td class=\"orange\"><span>35 mm, 45 mm<\/span><\/td>\n<\/tr>\n<\/tbody>\n<\/table>\n","protected":false},"excerpt":{"rendered":"<div id=\"product-content\"><strong>Notre vibrateur portatif \u00e0 b\u00e9ton \u00e0 essence avec moteur \u00e0 essence de 2,0 ch permet aux op\u00e9rateurs de travailler sur le site avec une unit\u00e9 facile \u00e0 utiliser.\u00a0Aucune alimentation \u00e9lectrique ni unit\u00e9 d&#8217;entra\u00eenement s\u00e9par\u00e9e n&#8217;est n\u00e9cessaire.\u00a0Tous les pokers de la s\u00e9rie CVP et \u00eatre utilis\u00e9s avec cette unit\u00e9 d&#8217;entra\u00eenement.<\/strong><\/div>\n","protected":false},"featured_media":8185,"template":"","meta":[],"product_cat":[399,1499],"product_tag":[1765],"class_list":{"0":"post-8183","1":"product","2":"type-product","3":"status-publish","4":"has-post-thumbnail","6":"product_cat-batiment","7":"product_cat-vibreurs","8":"product_tag-conmec-vibreur-a-beton-ess-portatif-2-5m","9":"product_brand-conmec","11":"first","12":"instock","13":"shipping-taxable","14":"product-type-simple","15":"col-xs-6 col-sm-4","16":"col-md-3 col-lg-3","17":"un-4-cols"},"yoast_head":"<!-- This site is optimized with the Yoast SEO plugin v22.5 - https:\/\/yoast.com\/wordpress\/plugins\/seo\/ -->\n<title>CONMEC VIBREUR A BETON ESSENCE PORTATIF 2.5 M - EURL HOSNA KAMEL<\/title>\n<meta name=\"description\" content=\"CONMEC VIBREUR A BETON ESSENCE PORTATIF 2.5 M - EURL HOSNA KAMEL\" \/>\n<meta name=\"robots\" content=\"index, follow, max-snippet:-1, max-image-preview:large, max-video-preview:-1\" \/>\n<link rel=\"canonical\" href=\"https:\/\/eurlhosnakamel.dz\/dz\/produit\/conmec-vibreur-a-beton-essence-portatif-2-5-m\/\" \/>\n<meta property=\"og:locale\" content=\"fr_FR\" \/>\n<meta property=\"og:type\" content=\"article\" \/>\n<meta property=\"og:title\" content=\"CONMEC VIBREUR A BETON ESSENCE PORTATIF 2.5 M - EURL HOSNA KAMEL\" \/>\n<meta property=\"og:description\" content=\"CONMEC VIBREUR A BETON ESSENCE PORTATIF 2.5 M - EURL HOSNA KAMEL\" \/>\n<meta property=\"og:url\" content=\"https:\/\/eurlhosnakamel.dz\/dz\/produit\/conmec-vibreur-a-beton-essence-portatif-2-5-m\/\" \/>\n<meta property=\"og:site_name\" content=\"EURL HOSNA KAMEL\" \/>\n<meta property=\"article:publisher\" content=\"https:\/\/www.facebook.com\/Eurl.Hosna.DZ\/\" \/>\n<meta property=\"article:modified_time\" content=\"2020-04-24T13:38:59+00:00\" \/>\n<meta property=\"og:image\" content=\"https:\/\/eurlhosnakamel.dz\/dz\/wp-content\/uploads\/2020\/04\/CONMEC-VIBREUR-A-BETON-ESS-PORTATIF-2.5M.jpg\" \/>\n\t<meta property=\"og:image:width\" content=\"512\" \/>\n\t<meta property=\"og:image:height\" content=\"565\" \/>\n\t<meta property=\"og:image:type\" content=\"image\/jpeg\" \/>\n<meta name=\"twitter:card\" content=\"summary_large_image\" \/>\n<script type=\"application\/ld+json\" class=\"yoast-schema-graph\">{\"@context\":\"https:\/\/schema.org\",\"@graph\":[{\"@type\":\"WebPage\",\"@id\":\"https:\/\/eurlhosnakamel.dz\/dz\/produit\/conmec-vibreur-a-beton-essence-portatif-2-5-m\/\",\"url\":\"https:\/\/eurlhosnakamel.dz\/dz\/produit\/conmec-vibreur-a-beton-essence-portatif-2-5-m\/\",\"name\":\"CONMEC VIBREUR A BETON ESSENCE PORTATIF 2.5 M - EURL HOSNA KAMEL\",\"isPartOf\":{\"@id\":\"https:\/\/eurlhosnakamel.dz\/dz\/#website\"},\"primaryImageOfPage\":{\"@id\":\"https:\/\/eurlhosnakamel.dz\/dz\/produit\/conmec-vibreur-a-beton-essence-portatif-2-5-m\/#primaryimage\"},\"image\":{\"@id\":\"https:\/\/eurlhosnakamel.dz\/dz\/produit\/conmec-vibreur-a-beton-essence-portatif-2-5-m\/#primaryimage\"},\"thumbnailUrl\":\"https:\/\/eurlhosnakamel.dz\/dz\/wp-content\/uploads\/2020\/04\/CONMEC-VIBREUR-A-BETON-ESS-PORTATIF-2.5M.jpg\",\"datePublished\":\"2020-04-24T13:36:28+00:00\",\"dateModified\":\"2020-04-24T13:38:59+00:00\",\"description\":\"CONMEC VIBREUR A BETON ESSENCE PORTATIF 2.5 M - EURL HOSNA KAMEL\",\"breadcrumb\":{\"@id\":\"https:\/\/eurlhosnakamel.dz\/dz\/produit\/conmec-vibreur-a-beton-essence-portatif-2-5-m\/#breadcrumb\"},\"inLanguage\":\"fr-FR\",\"potentialAction\":[{\"@type\":\"ReadAction\",\"target\":[\"https:\/\/eurlhosnakamel.dz\/dz\/produit\/conmec-vibreur-a-beton-essence-portatif-2-5-m\/\"]}]},{\"@type\":\"ImageObject\",\"inLanguage\":\"fr-FR\",\"@id\":\"https:\/\/eurlhosnakamel.dz\/dz\/produit\/conmec-vibreur-a-beton-essence-portatif-2-5-m\/#primaryimage\",\"url\":\"https:\/\/eurlhosnakamel.dz\/dz\/wp-content\/uploads\/2020\/04\/CONMEC-VIBREUR-A-BETON-ESS-PORTATIF-2.5M.jpg\",\"contentUrl\":\"https:\/\/eurlhosnakamel.dz\/dz\/wp-content\/uploads\/2020\/04\/CONMEC-VIBREUR-A-BETON-ESS-PORTATIF-2.5M.jpg\",\"width\":512,\"height\":565},{\"@type\":\"BreadcrumbList\",\"@id\":\"https:\/\/eurlhosnakamel.dz\/dz\/produit\/conmec-vibreur-a-beton-essence-portatif-2-5-m\/#breadcrumb\",\"itemListElement\":[{\"@type\":\"ListItem\",\"position\":1,\"name\":\"Accueil\",\"item\":\"https:\/\/eurlhosnakamel.dz\/dz\/\"},{\"@type\":\"ListItem\",\"position\":2,\"name\":\"Shop\",\"item\":\"https:\/\/eurlhosnakamel.dz\/dz\/shop\/\"},{\"@type\":\"ListItem\",\"position\":3,\"name\":\"CONMEC VIBREUR A BETON ESSENCE PORTATIF 2.5 M\"}]},{\"@type\":\"WebSite\",\"@id\":\"https:\/\/eurlhosnakamel.dz\/dz\/#website\",\"url\":\"https:\/\/eurlhosnakamel.dz\/dz\/\",\"name\":\"EURL HOSNA KAMEL\",\"description\":\"Fournisseur Premium d&#039;Outillages Professionnels en Alg\u00e9rie -\",\"publisher\":{\"@id\":\"https:\/\/eurlhosnakamel.dz\/dz\/#organization\"},\"potentialAction\":[{\"@type\":\"SearchAction\",\"target\":{\"@type\":\"EntryPoint\",\"urlTemplate\":\"https:\/\/eurlhosnakamel.dz\/dz\/?s={search_term_string}\"},\"query-input\":\"required name=search_term_string\"}],\"inLanguage\":\"fr-FR\"},{\"@type\":\"Organization\",\"@id\":\"https:\/\/eurlhosnakamel.dz\/dz\/#organization\",\"name\":\"EURL HOSNA KAMEL - Bosch alg\u00e9rie\",\"url\":\"https:\/\/eurlhosnakamel.dz\/dz\/\",\"logo\":{\"@type\":\"ImageObject\",\"inLanguage\":\"fr-FR\",\"@id\":\"https:\/\/eurlhosnakamel.dz\/dz\/#\/schema\/logo\/image\/\",\"url\":\"https:\/\/eurlhosnakamel.dz\/wp-content\/uploads\/2020\/04\/LOGO-HOSNA1.png\",\"contentUrl\":\"https:\/\/eurlhosnakamel.dz\/wp-content\/uploads\/2020\/04\/LOGO-HOSNA1.png\",\"width\":120,\"height\":127,\"caption\":\"EURL HOSNA KAMEL - Bosch alg\u00e9rie\"},\"image\":{\"@id\":\"https:\/\/eurlhosnakamel.dz\/dz\/#\/schema\/logo\/image\/\"},\"sameAs\":[\"https:\/\/www.facebook.com\/Eurl.Hosna.DZ\/\"]}]}<\/script>\n<!-- \/ Yoast SEO plugin. -->","yoast_head_json":{"title":"CONMEC VIBREUR A BETON ESSENCE PORTATIF 2.5 M - EURL HOSNA KAMEL","description":"CONMEC VIBREUR A BETON ESSENCE PORTATIF 2.5 M - EURL HOSNA KAMEL","robots":{"index":"index","follow":"follow","max-snippet":"max-snippet:-1","max-image-preview":"max-image-preview:large","max-video-preview":"max-video-preview:-1"},"canonical":"https:\/\/eurlhosnakamel.dz\/dz\/produit\/conmec-vibreur-a-beton-essence-portatif-2-5-m\/","og_locale":"fr_FR","og_type":"article","og_title":"CONMEC VIBREUR A BETON ESSENCE PORTATIF 2.5 M - EURL HOSNA KAMEL","og_description":"CONMEC VIBREUR A BETON ESSENCE PORTATIF 2.5 M - EURL HOSNA KAMEL","og_url":"https:\/\/eurlhosnakamel.dz\/dz\/produit\/conmec-vibreur-a-beton-essence-portatif-2-5-m\/","og_site_name":"EURL HOSNA KAMEL","article_publisher":"https:\/\/www.facebook.com\/Eurl.Hosna.DZ\/","article_modified_time":"2020-04-24T13:38:59+00:00","og_image":[{"width":512,"height":565,"url":"https:\/\/eurlhosnakamel.dz\/dz\/wp-content\/uploads\/2020\/04\/CONMEC-VIBREUR-A-BETON-ESS-PORTATIF-2.5M.jpg","type":"image\/jpeg"}],"twitter_card":"summary_large_image","schema":{"@context":"https:\/\/schema.org","@graph":[{"@type":"WebPage","@id":"https:\/\/eurlhosnakamel.dz\/dz\/produit\/conmec-vibreur-a-beton-essence-portatif-2-5-m\/","url":"https:\/\/eurlhosnakamel.dz\/dz\/produit\/conmec-vibreur-a-beton-essence-portatif-2-5-m\/","name":"CONMEC VIBREUR A BETON ESSENCE PORTATIF 2.5 M - EURL HOSNA KAMEL","isPartOf":{"@id":"https:\/\/eurlhosnakamel.dz\/dz\/#website"},"primaryImageOfPage":{"@id":"https:\/\/eurlhosnakamel.dz\/dz\/produit\/conmec-vibreur-a-beton-essence-portatif-2-5-m\/#primaryimage"},"image":{"@id":"https:\/\/eurlhosnakamel.dz\/dz\/produit\/conmec-vibreur-a-beton-essence-portatif-2-5-m\/#primaryimage"},"thumbnailUrl":"https:\/\/eurlhosnakamel.dz\/dz\/wp-content\/uploads\/2020\/04\/CONMEC-VIBREUR-A-BETON-ESS-PORTATIF-2.5M.jpg","datePublished":"2020-04-24T13:36:28+00:00","dateModified":"2020-04-24T13:38:59+00:00","description":"CONMEC VIBREUR A BETON ESSENCE PORTATIF 2.5 M - EURL HOSNA KAMEL","breadcrumb":{"@id":"https:\/\/eurlhosnakamel.dz\/dz\/produit\/conmec-vibreur-a-beton-essence-portatif-2-5-m\/#breadcrumb"},"inLanguage":"fr-FR","potentialAction":[{"@type":"ReadAction","target":["https:\/\/eurlhosnakamel.dz\/dz\/produit\/conmec-vibreur-a-beton-essence-portatif-2-5-m\/"]}]},{"@type":"ImageObject","inLanguage":"fr-FR","@id":"https:\/\/eurlhosnakamel.dz\/dz\/produit\/conmec-vibreur-a-beton-essence-portatif-2-5-m\/#primaryimage","url":"https:\/\/eurlhosnakamel.dz\/dz\/wp-content\/uploads\/2020\/04\/CONMEC-VIBREUR-A-BETON-ESS-PORTATIF-2.5M.jpg","contentUrl":"https:\/\/eurlhosnakamel.dz\/dz\/wp-content\/uploads\/2020\/04\/CONMEC-VIBREUR-A-BETON-ESS-PORTATIF-2.5M.jpg","width":512,"height":565},{"@type":"BreadcrumbList","@id":"https:\/\/eurlhosnakamel.dz\/dz\/produit\/conmec-vibreur-a-beton-essence-portatif-2-5-m\/#breadcrumb","itemListElement":[{"@type":"ListItem","position":1,"name":"Accueil","item":"https:\/\/eurlhosnakamel.dz\/dz\/"},{"@type":"ListItem","position":2,"name":"Shop","item":"https:\/\/eurlhosnakamel.dz\/dz\/shop\/"},{"@type":"ListItem","position":3,"name":"CONMEC VIBREUR A BETON ESSENCE PORTATIF 2.5 M"}]},{"@type":"WebSite","@id":"https:\/\/eurlhosnakamel.dz\/dz\/#website","url":"https:\/\/eurlhosnakamel.dz\/dz\/","name":"EURL HOSNA KAMEL","description":"Fournisseur Premium d&#039;Outillages Professionnels en Alg\u00e9rie -","publisher":{"@id":"https:\/\/eurlhosnakamel.dz\/dz\/#organization"},"potentialAction":[{"@type":"SearchAction","target":{"@type":"EntryPoint","urlTemplate":"https:\/\/eurlhosnakamel.dz\/dz\/?s={search_term_string}"},"query-input":"required name=search_term_string"}],"inLanguage":"fr-FR"},{"@type":"Organization","@id":"https:\/\/eurlhosnakamel.dz\/dz\/#organization","name":"EURL HOSNA KAMEL - Bosch alg\u00e9rie","url":"https:\/\/eurlhosnakamel.dz\/dz\/","logo":{"@type":"ImageObject","inLanguage":"fr-FR","@id":"https:\/\/eurlhosnakamel.dz\/dz\/#\/schema\/logo\/image\/","url":"https:\/\/eurlhosnakamel.dz\/wp-content\/uploads\/2020\/04\/LOGO-HOSNA1.png","contentUrl":"https:\/\/eurlhosnakamel.dz\/wp-content\/uploads\/2020\/04\/LOGO-HOSNA1.png","width":120,"height":127,"caption":"EURL HOSNA KAMEL - Bosch alg\u00e9rie"},"image":{"@id":"https:\/\/eurlhosnakamel.dz\/dz\/#\/schema\/logo\/image\/"},"sameAs":["https:\/\/www.facebook.com\/Eurl.Hosna.DZ\/"]}]}},"_links":{"self":[{"href":"https:\/\/eurlhosnakamel.dz\/dz\/wp-json\/wp\/v2\/product\/8183","targetHints":{"allow":["GET"]}}],"collection":[{"href":"https:\/\/eurlhosnakamel.dz\/dz\/wp-json\/wp\/v2\/product"}],"about":[{"href":"https:\/\/eurlhosnakamel.dz\/dz\/wp-json\/wp\/v2\/types\/product"}],"wp:featuredmedia":[{"embeddable":true,"href":"https:\/\/eurlhosnakamel.dz\/dz\/wp-json\/wp\/v2\/media\/8185"}],"wp:attachment":[{"href":"https:\/\/eurlhosnakamel.dz\/dz\/wp-json\/wp\/v2\/media?parent=8183"}],"wp:term":[{"taxonomy":"product_cat","embeddable":true,"href":"https:\/\/eurlhosnakamel.dz\/dz\/wp-json\/wp\/v2\/product_cat?post=8183"},{"taxonomy":"product_tag","embeddable":true,"href":"https:\/\/eurlhosnakamel.dz\/dz\/wp-json\/wp\/v2\/product_tag?post=8183"}],"curies":[{"name":"wp","href":"https:\/\/api.w.org\/{rel}","templated":true}]}}