{"id":8197,"date":"2020-04-24T14:16:25","date_gmt":"2020-04-24T14:16:25","guid":{"rendered":"https:\/\/lhchosting.com\/hosna\/?post_type=product&#038;p=8197"},"modified":"2020-04-24T14:18:50","modified_gmt":"2020-04-24T14:18:50","slug":"conmec-machine-a-damer-sauteuse-er70-essence","status":"publish","type":"product","link":"https:\/\/eurlhosnakamel.dz\/dz\/produit\/conmec-machine-a-damer-sauteuse-er70-essence\/","title":{"rendered":"CONMEC MACHINE A DAMER SAUTEUSE ER70 ESSENCE"},"content":{"rendered":"<table>\n<tbody>\n<tr>\n<th class=\"orange\"><span>Mod\u00e8le<\/span><\/th>\n<th class=\"orange\"><span>Moteur<\/span><\/th>\n<th class=\"orange\"><span>Puissance<\/span><\/th>\n<th class=\"orange\"><span>Poids (lb)<\/span><\/th>\n<th class=\"orange\"><span>Force d&#8217;impact (kN)<\/span><\/th>\n<th class=\"orange\"><span>Course de saut (po)<\/span><\/th>\n<th class=\"orange\"><span>Capacit\u00e9 du r\u00e9servoir de carburant (L)<\/span><\/th>\n<th class=\"orange\"><span>Taille de chaussure (po)<\/span><\/th>\n<\/tr>\n<tr>\n<td class=\"orange\"><span>CR70H<\/span><\/td>\n<td class=\"orange\"><span>Honda GX120<\/span><\/td>\n<td class=\"orange\"><span>4,0<\/span><\/td>\n<td class=\"orange\"><span>154<\/span><\/td>\n<td class=\"orange\"><span>13<\/span><\/td>\n<td class=\"orange\"><span>1,5 \u2033 -3,3 \u2033<\/span><\/td>\n<td class=\"orange\"><span>2,8 L<\/span><\/td>\n<td class=\"orange\"><span>12,6 \u2033 * 11 \u2033<\/span><\/td>\n<\/tr>\n<\/tbody>\n<\/table>\n<p>&nbsp;<\/p>\n<p><strong>Accessoires disponibles<\/strong><\/p>\n<p><span>Kit de chariot<\/span><\/p>\n","protected":false},"excerpt":{"rendered":"<div id=\"product-content\"><strong>Le moteur fiable \u00e0 quatre temps d\u00e9livre de faibles \u00e9missions et du bruit Syst\u00e8me de filtration de l&#8217;air int\u00e9gr\u00e9 suppl\u00e9mentaire ainsi que les filtres \u00e0 air d&#8217;origine dans le moteur qui fournissent un air plus propre au moteur pour une dur\u00e9e de vie plus longue et une durabilit\u00e9 am\u00e9lior\u00e9e.\u00a0Levier d&#8217;acc\u00e9l\u00e9rateur ing\u00e9nieux pour un fonctionnement en douceur Syst\u00e8me de montage \u00e0 amortisseur lourd pour r\u00e9duire les vibrations main-bras et am\u00e9liorer le confort de l&#8217;op\u00e9rateur Le r\u00e9servoir d&#8217;huile en plastique offre une dur\u00e9e de vie plus longue et sans rouille Le couvercle sup\u00e9rieur protecteur du cadre \u00e9limine les dommages possibles au moteur Soufflet nervur\u00e9 en polyur\u00e9thane fabriqu\u00e9 en Allemagne pour une longue dur\u00e9e de vie la soupape de carburant permet un d\u00e9marrage facile.\u00a0Le sabot de pilon en t\u00f4le d&#8217;acier avec insert en bois offre une utilisation \u00e9conomique.<\/strong><\/div>\n","protected":false},"featured_media":8199,"template":"","meta":[],"product_cat":[399],"product_tag":[1771],"class_list":{"0":"post-8197","1":"product","2":"type-product","3":"status-publish","4":"has-post-thumbnail","6":"product_cat-batiment","7":"product_tag-conmec-machine-a-damer-sauteuse-er70-essence","8":"product_brand-conmec","10":"first","11":"instock","12":"shipping-taxable","13":"product-type-simple","14":"col-xs-6 col-sm-4","15":"col-md-3 col-lg-3","16":"un-4-cols"},"yoast_head":"<!-- This site is optimized with the Yoast SEO plugin v22.5 - https:\/\/yoast.com\/wordpress\/plugins\/seo\/ -->\n<title>CONMEC MACHINE A DAMER SAUTEUSE ER70 ESSENCE - EURL HOSNA KAMEL<\/title>\n<meta name=\"description\" content=\"CONMEC MACHINE A DAMER SAUTEUSE ER70 ESSENCE - EURL HOSNA KAMEL\" \/>\n<meta name=\"robots\" content=\"index, follow, max-snippet:-1, max-image-preview:large, max-video-preview:-1\" \/>\n<link rel=\"canonical\" href=\"https:\/\/eurlhosnakamel.dz\/dz\/produit\/conmec-machine-a-damer-sauteuse-er70-essence\/\" \/>\n<meta property=\"og:locale\" content=\"fr_FR\" \/>\n<meta property=\"og:type\" content=\"article\" \/>\n<meta property=\"og:title\" content=\"CONMEC MACHINE A DAMER SAUTEUSE ER70 ESSENCE - EURL HOSNA KAMEL\" \/>\n<meta property=\"og:description\" content=\"CONMEC MACHINE A DAMER SAUTEUSE ER70 ESSENCE - EURL HOSNA KAMEL\" \/>\n<meta property=\"og:url\" content=\"https:\/\/eurlhosnakamel.dz\/dz\/produit\/conmec-machine-a-damer-sauteuse-er70-essence\/\" \/>\n<meta property=\"og:site_name\" content=\"EURL HOSNA KAMEL\" \/>\n<meta property=\"article:publisher\" content=\"https:\/\/www.facebook.com\/Eurl.Hosna.DZ\/\" \/>\n<meta property=\"article:modified_time\" content=\"2020-04-24T14:18:50+00:00\" \/>\n<meta property=\"og:image\" content=\"https:\/\/eurlhosnakamel.dz\/dz\/wp-content\/uploads\/2020\/04\/CONMEC-MACHINE-A-DAMER-SAUTEUSE-ER70-ESS.jpg\" \/>\n\t<meta property=\"og:image:width\" content=\"165\" \/>\n\t<meta property=\"og:image:height\" content=\"252\" \/>\n\t<meta property=\"og:image:type\" content=\"image\/jpeg\" \/>\n<meta name=\"twitter:card\" content=\"summary_large_image\" \/>\n<script type=\"application\/ld+json\" class=\"yoast-schema-graph\">{\"@context\":\"https:\/\/schema.org\",\"@graph\":[{\"@type\":\"WebPage\",\"@id\":\"https:\/\/eurlhosnakamel.dz\/dz\/produit\/conmec-machine-a-damer-sauteuse-er70-essence\/\",\"url\":\"https:\/\/eurlhosnakamel.dz\/dz\/produit\/conmec-machine-a-damer-sauteuse-er70-essence\/\",\"name\":\"CONMEC MACHINE A DAMER SAUTEUSE ER70 ESSENCE - EURL HOSNA KAMEL\",\"isPartOf\":{\"@id\":\"https:\/\/eurlhosnakamel.dz\/dz\/#website\"},\"primaryImageOfPage\":{\"@id\":\"https:\/\/eurlhosnakamel.dz\/dz\/produit\/conmec-machine-a-damer-sauteuse-er70-essence\/#primaryimage\"},\"image\":{\"@id\":\"https:\/\/eurlhosnakamel.dz\/dz\/produit\/conmec-machine-a-damer-sauteuse-er70-essence\/#primaryimage\"},\"thumbnailUrl\":\"https:\/\/eurlhosnakamel.dz\/dz\/wp-content\/uploads\/2020\/04\/CONMEC-MACHINE-A-DAMER-SAUTEUSE-ER70-ESS.jpg\",\"datePublished\":\"2020-04-24T14:16:25+00:00\",\"dateModified\":\"2020-04-24T14:18:50+00:00\",\"description\":\"CONMEC MACHINE A DAMER SAUTEUSE ER70 ESSENCE - EURL HOSNA KAMEL\",\"breadcrumb\":{\"@id\":\"https:\/\/eurlhosnakamel.dz\/dz\/produit\/conmec-machine-a-damer-sauteuse-er70-essence\/#breadcrumb\"},\"inLanguage\":\"fr-FR\",\"potentialAction\":[{\"@type\":\"ReadAction\",\"target\":[\"https:\/\/eurlhosnakamel.dz\/dz\/produit\/conmec-machine-a-damer-sauteuse-er70-essence\/\"]}]},{\"@type\":\"ImageObject\",\"inLanguage\":\"fr-FR\",\"@id\":\"https:\/\/eurlhosnakamel.dz\/dz\/produit\/conmec-machine-a-damer-sauteuse-er70-essence\/#primaryimage\",\"url\":\"https:\/\/eurlhosnakamel.dz\/dz\/wp-content\/uploads\/2020\/04\/CONMEC-MACHINE-A-DAMER-SAUTEUSE-ER70-ESS.jpg\",\"contentUrl\":\"https:\/\/eurlhosnakamel.dz\/dz\/wp-content\/uploads\/2020\/04\/CONMEC-MACHINE-A-DAMER-SAUTEUSE-ER70-ESS.jpg\",\"width\":165,\"height\":252},{\"@type\":\"BreadcrumbList\",\"@id\":\"https:\/\/eurlhosnakamel.dz\/dz\/produit\/conmec-machine-a-damer-sauteuse-er70-essence\/#breadcrumb\",\"itemListElement\":[{\"@type\":\"ListItem\",\"position\":1,\"name\":\"Accueil\",\"item\":\"https:\/\/eurlhosnakamel.dz\/dz\/\"},{\"@type\":\"ListItem\",\"position\":2,\"name\":\"Shop\",\"item\":\"https:\/\/eurlhosnakamel.dz\/dz\/shop\/\"},{\"@type\":\"ListItem\",\"position\":3,\"name\":\"CONMEC MACHINE A DAMER SAUTEUSE ER70 ESSENCE\"}]},{\"@type\":\"WebSite\",\"@id\":\"https:\/\/eurlhosnakamel.dz\/dz\/#website\",\"url\":\"https:\/\/eurlhosnakamel.dz\/dz\/\",\"name\":\"EURL HOSNA KAMEL\",\"description\":\"Fournisseur Premium d&#039;Outillages Professionnels en Alg\u00e9rie -\",\"publisher\":{\"@id\":\"https:\/\/eurlhosnakamel.dz\/dz\/#organization\"},\"potentialAction\":[{\"@type\":\"SearchAction\",\"target\":{\"@type\":\"EntryPoint\",\"urlTemplate\":\"https:\/\/eurlhosnakamel.dz\/dz\/?s={search_term_string}\"},\"query-input\":\"required name=search_term_string\"}],\"inLanguage\":\"fr-FR\"},{\"@type\":\"Organization\",\"@id\":\"https:\/\/eurlhosnakamel.dz\/dz\/#organization\",\"name\":\"EURL HOSNA KAMEL - Bosch alg\u00e9rie\",\"url\":\"https:\/\/eurlhosnakamel.dz\/dz\/\",\"logo\":{\"@type\":\"ImageObject\",\"inLanguage\":\"fr-FR\",\"@id\":\"https:\/\/eurlhosnakamel.dz\/dz\/#\/schema\/logo\/image\/\",\"url\":\"https:\/\/eurlhosnakamel.dz\/wp-content\/uploads\/2020\/04\/LOGO-HOSNA1.png\",\"contentUrl\":\"https:\/\/eurlhosnakamel.dz\/wp-content\/uploads\/2020\/04\/LOGO-HOSNA1.png\",\"width\":120,\"height\":127,\"caption\":\"EURL HOSNA KAMEL - Bosch alg\u00e9rie\"},\"image\":{\"@id\":\"https:\/\/eurlhosnakamel.dz\/dz\/#\/schema\/logo\/image\/\"},\"sameAs\":[\"https:\/\/www.facebook.com\/Eurl.Hosna.DZ\/\"]}]}<\/script>\n<!-- \/ Yoast SEO plugin. -->","yoast_head_json":{"title":"CONMEC MACHINE A DAMER SAUTEUSE ER70 ESSENCE - EURL HOSNA KAMEL","description":"CONMEC MACHINE A DAMER SAUTEUSE ER70 ESSENCE - EURL HOSNA KAMEL","robots":{"index":"index","follow":"follow","max-snippet":"max-snippet:-1","max-image-preview":"max-image-preview:large","max-video-preview":"max-video-preview:-1"},"canonical":"https:\/\/eurlhosnakamel.dz\/dz\/produit\/conmec-machine-a-damer-sauteuse-er70-essence\/","og_locale":"fr_FR","og_type":"article","og_title":"CONMEC MACHINE A DAMER SAUTEUSE ER70 ESSENCE - EURL HOSNA KAMEL","og_description":"CONMEC MACHINE A DAMER SAUTEUSE ER70 ESSENCE - EURL HOSNA KAMEL","og_url":"https:\/\/eurlhosnakamel.dz\/dz\/produit\/conmec-machine-a-damer-sauteuse-er70-essence\/","og_site_name":"EURL HOSNA KAMEL","article_publisher":"https:\/\/www.facebook.com\/Eurl.Hosna.DZ\/","article_modified_time":"2020-04-24T14:18:50+00:00","og_image":[{"width":165,"height":252,"url":"https:\/\/eurlhosnakamel.dz\/dz\/wp-content\/uploads\/2020\/04\/CONMEC-MACHINE-A-DAMER-SAUTEUSE-ER70-ESS.jpg","type":"image\/jpeg"}],"twitter_card":"summary_large_image","schema":{"@context":"https:\/\/schema.org","@graph":[{"@type":"WebPage","@id":"https:\/\/eurlhosnakamel.dz\/dz\/produit\/conmec-machine-a-damer-sauteuse-er70-essence\/","url":"https:\/\/eurlhosnakamel.dz\/dz\/produit\/conmec-machine-a-damer-sauteuse-er70-essence\/","name":"CONMEC MACHINE A DAMER SAUTEUSE ER70 ESSENCE - EURL HOSNA KAMEL","isPartOf":{"@id":"https:\/\/eurlhosnakamel.dz\/dz\/#website"},"primaryImageOfPage":{"@id":"https:\/\/eurlhosnakamel.dz\/dz\/produit\/conmec-machine-a-damer-sauteuse-er70-essence\/#primaryimage"},"image":{"@id":"https:\/\/eurlhosnakamel.dz\/dz\/produit\/conmec-machine-a-damer-sauteuse-er70-essence\/#primaryimage"},"thumbnailUrl":"https:\/\/eurlhosnakamel.dz\/dz\/wp-content\/uploads\/2020\/04\/CONMEC-MACHINE-A-DAMER-SAUTEUSE-ER70-ESS.jpg","datePublished":"2020-04-24T14:16:25+00:00","dateModified":"2020-04-24T14:18:50+00:00","description":"CONMEC MACHINE A DAMER SAUTEUSE ER70 ESSENCE - EURL HOSNA KAMEL","breadcrumb":{"@id":"https:\/\/eurlhosnakamel.dz\/dz\/produit\/conmec-machine-a-damer-sauteuse-er70-essence\/#breadcrumb"},"inLanguage":"fr-FR","potentialAction":[{"@type":"ReadAction","target":["https:\/\/eurlhosnakamel.dz\/dz\/produit\/conmec-machine-a-damer-sauteuse-er70-essence\/"]}]},{"@type":"ImageObject","inLanguage":"fr-FR","@id":"https:\/\/eurlhosnakamel.dz\/dz\/produit\/conmec-machine-a-damer-sauteuse-er70-essence\/#primaryimage","url":"https:\/\/eurlhosnakamel.dz\/dz\/wp-content\/uploads\/2020\/04\/CONMEC-MACHINE-A-DAMER-SAUTEUSE-ER70-ESS.jpg","contentUrl":"https:\/\/eurlhosnakamel.dz\/dz\/wp-content\/uploads\/2020\/04\/CONMEC-MACHINE-A-DAMER-SAUTEUSE-ER70-ESS.jpg","width":165,"height":252},{"@type":"BreadcrumbList","@id":"https:\/\/eurlhosnakamel.dz\/dz\/produit\/conmec-machine-a-damer-sauteuse-er70-essence\/#breadcrumb","itemListElement":[{"@type":"ListItem","position":1,"name":"Accueil","item":"https:\/\/eurlhosnakamel.dz\/dz\/"},{"@type":"ListItem","position":2,"name":"Shop","item":"https:\/\/eurlhosnakamel.dz\/dz\/shop\/"},{"@type":"ListItem","position":3,"name":"CONMEC MACHINE A DAMER SAUTEUSE ER70 ESSENCE"}]},{"@type":"WebSite","@id":"https:\/\/eurlhosnakamel.dz\/dz\/#website","url":"https:\/\/eurlhosnakamel.dz\/dz\/","name":"EURL HOSNA KAMEL","description":"Fournisseur Premium d&#039;Outillages Professionnels en Alg\u00e9rie -","publisher":{"@id":"https:\/\/eurlhosnakamel.dz\/dz\/#organization"},"potentialAction":[{"@type":"SearchAction","target":{"@type":"EntryPoint","urlTemplate":"https:\/\/eurlhosnakamel.dz\/dz\/?s={search_term_string}"},"query-input":"required name=search_term_string"}],"inLanguage":"fr-FR"},{"@type":"Organization","@id":"https:\/\/eurlhosnakamel.dz\/dz\/#organization","name":"EURL HOSNA KAMEL - Bosch alg\u00e9rie","url":"https:\/\/eurlhosnakamel.dz\/dz\/","logo":{"@type":"ImageObject","inLanguage":"fr-FR","@id":"https:\/\/eurlhosnakamel.dz\/dz\/#\/schema\/logo\/image\/","url":"https:\/\/eurlhosnakamel.dz\/wp-content\/uploads\/2020\/04\/LOGO-HOSNA1.png","contentUrl":"https:\/\/eurlhosnakamel.dz\/wp-content\/uploads\/2020\/04\/LOGO-HOSNA1.png","width":120,"height":127,"caption":"EURL HOSNA KAMEL - Bosch alg\u00e9rie"},"image":{"@id":"https:\/\/eurlhosnakamel.dz\/dz\/#\/schema\/logo\/image\/"},"sameAs":["https:\/\/www.facebook.com\/Eurl.Hosna.DZ\/"]}]}},"_links":{"self":[{"href":"https:\/\/eurlhosnakamel.dz\/dz\/wp-json\/wp\/v2\/product\/8197","targetHints":{"allow":["GET"]}}],"collection":[{"href":"https:\/\/eurlhosnakamel.dz\/dz\/wp-json\/wp\/v2\/product"}],"about":[{"href":"https:\/\/eurlhosnakamel.dz\/dz\/wp-json\/wp\/v2\/types\/product"}],"wp:featuredmedia":[{"embeddable":true,"href":"https:\/\/eurlhosnakamel.dz\/dz\/wp-json\/wp\/v2\/media\/8199"}],"wp:attachment":[{"href":"https:\/\/eurlhosnakamel.dz\/dz\/wp-json\/wp\/v2\/media?parent=8197"}],"wp:term":[{"taxonomy":"product_cat","embeddable":true,"href":"https:\/\/eurlhosnakamel.dz\/dz\/wp-json\/wp\/v2\/product_cat?post=8197"},{"taxonomy":"product_tag","embeddable":true,"href":"https:\/\/eurlhosnakamel.dz\/dz\/wp-json\/wp\/v2\/product_tag?post=8197"}],"curies":[{"name":"wp","href":"https:\/\/api.w.org\/{rel}","templated":true}]}}