{"id":8201,"date":"2020-04-24T14:21:04","date_gmt":"2020-04-24T14:21:04","guid":{"rendered":"https:\/\/lhchosting.com\/hosna\/?post_type=product&#038;p=8201"},"modified":"2020-04-24T14:23:13","modified_gmt":"2020-04-24T14:23:13","slug":"conmec-machine-reglette-csd-4-honda-gx35-3m","status":"publish","type":"product","link":"https:\/\/eurlhosnakamel.dz\/dz\/produit\/conmec-machine-reglette-csd-4-honda-gx35-3m\/","title":{"rendered":"CONMEC MACHINE REGLETTE CSD-4 HONDA GX35 3m"},"content":{"rendered":"<table>\n<tbody>\n<tr>\n<th class=\"orange\"><span>Mod\u00e8le<\/span><\/th>\n<th class=\"orange\"><span>Moteur<\/span><\/th>\n<th class=\"orange\"><span>Puissance<\/span><\/th>\n<th class=\"orange\"><span>Poids (lb)<\/span><\/th>\n<\/tr>\n<tr>\n<td class=\"orange\"><span>CSD-4U<\/span><\/td>\n<td class=\"orange\"><span>Honda GX35<\/span><\/td>\n<td class=\"orange\"><span>1,6<\/span><\/td>\n<td class=\"orange\"><span>28,4<\/span><\/td>\n<\/tr>\n<\/tbody>\n<\/table>\n<p>&nbsp;<\/p>\n<div id=\"blades\">\n<p><strong>Lames disponibles<\/strong><\/p>\n<figure><a href=\"https:\/\/conmecusa.com\/screed-blades\/\"><img decoding=\"async\" src=\"https:\/\/conmecusa.com\/wp-content\/uploads\/screed-blades.png\" \/><\/a><figcaption><span>Lames de chape CSDB<\/span><\/figcaption><\/figure>\n<\/div>\n","protected":false},"excerpt":{"rendered":"<div id=\"product-content\"><strong>Lame en aluminium tremp\u00e9 sp\u00e9cialement con\u00e7ue assurant une finition plus lisse que les chapes conventionnelles.\u00a0Poign\u00e9es ergonomiques et r\u00e9glables \u00e0 360 \u00b0 avec poign\u00e9es confortables Supports en caoutchouc \u00e9pais pour r\u00e9duire le niveau de vibration sur la poign\u00e9e.\u00a0Les extr\u00e9mit\u00e9s arrondies de la lame facilitent le contournement des obstacles.\u00a0Le support inclinable maintient le moteur hors du b\u00e9ton ou hors des obstacles au sol.\u00a0Le corps de moulage monobloc se connecte facilement au moteur.<\/strong><\/div>\n","protected":false},"featured_media":8203,"template":"","meta":[],"product_cat":[399],"product_tag":[1773],"class_list":{"0":"post-8201","1":"product","2":"type-product","3":"status-publish","4":"has-post-thumbnail","6":"product_cat-batiment","7":"product_tag-conmec-machine-reglette-csd-4-honda-gx35-3m","8":"product_brand-conmec","10":"first","11":"instock","12":"shipping-taxable","13":"product-type-simple","14":"col-xs-6 col-sm-4","15":"col-md-3 col-lg-3","16":"un-4-cols"},"yoast_head":"<!-- This site is optimized with the Yoast SEO plugin v22.5 - https:\/\/yoast.com\/wordpress\/plugins\/seo\/ -->\n<title>CONMEC MACHINE REGLETTE CSD-4 HONDA GX35 3m - EURL HOSNA KAMEL<\/title>\n<meta name=\"description\" content=\"CONMEC MACHINE REGLETTE CSD-4 HONDA GX35 3m - EURL HOSNA KAMEL\" \/>\n<meta name=\"robots\" content=\"index, follow, max-snippet:-1, max-image-preview:large, max-video-preview:-1\" \/>\n<link rel=\"canonical\" href=\"https:\/\/eurlhosnakamel.dz\/dz\/produit\/conmec-machine-reglette-csd-4-honda-gx35-3m\/\" \/>\n<meta property=\"og:locale\" content=\"fr_FR\" \/>\n<meta property=\"og:type\" content=\"article\" \/>\n<meta property=\"og:title\" content=\"CONMEC MACHINE REGLETTE CSD-4 HONDA GX35 3m - EURL HOSNA KAMEL\" \/>\n<meta property=\"og:description\" content=\"CONMEC MACHINE REGLETTE CSD-4 HONDA GX35 3m - EURL HOSNA KAMEL\" \/>\n<meta property=\"og:url\" content=\"https:\/\/eurlhosnakamel.dz\/dz\/produit\/conmec-machine-reglette-csd-4-honda-gx35-3m\/\" \/>\n<meta property=\"og:site_name\" content=\"EURL HOSNA KAMEL\" \/>\n<meta property=\"article:publisher\" content=\"https:\/\/www.facebook.com\/Eurl.Hosna.DZ\/\" \/>\n<meta property=\"article:modified_time\" content=\"2020-04-24T14:23:13+00:00\" \/>\n<meta property=\"og:image\" content=\"https:\/\/eurlhosnakamel.dz\/dz\/wp-content\/uploads\/2020\/04\/CONMEC-MACHINE-REGLETTE-CSD-4-HONDA-GX35-3m.jpg\" \/>\n\t<meta property=\"og:image:width\" content=\"900\" \/>\n\t<meta property=\"og:image:height\" content=\"837\" \/>\n\t<meta property=\"og:image:type\" content=\"image\/jpeg\" \/>\n<meta name=\"twitter:card\" content=\"summary_large_image\" \/>\n<script type=\"application\/ld+json\" class=\"yoast-schema-graph\">{\"@context\":\"https:\/\/schema.org\",\"@graph\":[{\"@type\":\"WebPage\",\"@id\":\"https:\/\/eurlhosnakamel.dz\/dz\/produit\/conmec-machine-reglette-csd-4-honda-gx35-3m\/\",\"url\":\"https:\/\/eurlhosnakamel.dz\/dz\/produit\/conmec-machine-reglette-csd-4-honda-gx35-3m\/\",\"name\":\"CONMEC MACHINE REGLETTE CSD-4 HONDA GX35 3m - EURL HOSNA KAMEL\",\"isPartOf\":{\"@id\":\"https:\/\/eurlhosnakamel.dz\/dz\/#website\"},\"primaryImageOfPage\":{\"@id\":\"https:\/\/eurlhosnakamel.dz\/dz\/produit\/conmec-machine-reglette-csd-4-honda-gx35-3m\/#primaryimage\"},\"image\":{\"@id\":\"https:\/\/eurlhosnakamel.dz\/dz\/produit\/conmec-machine-reglette-csd-4-honda-gx35-3m\/#primaryimage\"},\"thumbnailUrl\":\"https:\/\/eurlhosnakamel.dz\/dz\/wp-content\/uploads\/2020\/04\/CONMEC-MACHINE-REGLETTE-CSD-4-HONDA-GX35-3m.jpg\",\"datePublished\":\"2020-04-24T14:21:04+00:00\",\"dateModified\":\"2020-04-24T14:23:13+00:00\",\"description\":\"CONMEC MACHINE REGLETTE CSD-4 HONDA GX35 3m - EURL HOSNA KAMEL\",\"breadcrumb\":{\"@id\":\"https:\/\/eurlhosnakamel.dz\/dz\/produit\/conmec-machine-reglette-csd-4-honda-gx35-3m\/#breadcrumb\"},\"inLanguage\":\"fr-FR\",\"potentialAction\":[{\"@type\":\"ReadAction\",\"target\":[\"https:\/\/eurlhosnakamel.dz\/dz\/produit\/conmec-machine-reglette-csd-4-honda-gx35-3m\/\"]}]},{\"@type\":\"ImageObject\",\"inLanguage\":\"fr-FR\",\"@id\":\"https:\/\/eurlhosnakamel.dz\/dz\/produit\/conmec-machine-reglette-csd-4-honda-gx35-3m\/#primaryimage\",\"url\":\"https:\/\/eurlhosnakamel.dz\/dz\/wp-content\/uploads\/2020\/04\/CONMEC-MACHINE-REGLETTE-CSD-4-HONDA-GX35-3m.jpg\",\"contentUrl\":\"https:\/\/eurlhosnakamel.dz\/dz\/wp-content\/uploads\/2020\/04\/CONMEC-MACHINE-REGLETTE-CSD-4-HONDA-GX35-3m.jpg\",\"width\":900,\"height\":837},{\"@type\":\"BreadcrumbList\",\"@id\":\"https:\/\/eurlhosnakamel.dz\/dz\/produit\/conmec-machine-reglette-csd-4-honda-gx35-3m\/#breadcrumb\",\"itemListElement\":[{\"@type\":\"ListItem\",\"position\":1,\"name\":\"Accueil\",\"item\":\"https:\/\/eurlhosnakamel.dz\/dz\/\"},{\"@type\":\"ListItem\",\"position\":2,\"name\":\"Shop\",\"item\":\"https:\/\/eurlhosnakamel.dz\/dz\/shop\/\"},{\"@type\":\"ListItem\",\"position\":3,\"name\":\"CONMEC MACHINE REGLETTE CSD-4 HONDA GX35 3m\"}]},{\"@type\":\"WebSite\",\"@id\":\"https:\/\/eurlhosnakamel.dz\/dz\/#website\",\"url\":\"https:\/\/eurlhosnakamel.dz\/dz\/\",\"name\":\"EURL HOSNA KAMEL\",\"description\":\"Fournisseur Premium d&#039;Outillages Professionnels en Alg\u00e9rie -\",\"publisher\":{\"@id\":\"https:\/\/eurlhosnakamel.dz\/dz\/#organization\"},\"potentialAction\":[{\"@type\":\"SearchAction\",\"target\":{\"@type\":\"EntryPoint\",\"urlTemplate\":\"https:\/\/eurlhosnakamel.dz\/dz\/?s={search_term_string}\"},\"query-input\":\"required name=search_term_string\"}],\"inLanguage\":\"fr-FR\"},{\"@type\":\"Organization\",\"@id\":\"https:\/\/eurlhosnakamel.dz\/dz\/#organization\",\"name\":\"EURL HOSNA KAMEL - Bosch alg\u00e9rie\",\"url\":\"https:\/\/eurlhosnakamel.dz\/dz\/\",\"logo\":{\"@type\":\"ImageObject\",\"inLanguage\":\"fr-FR\",\"@id\":\"https:\/\/eurlhosnakamel.dz\/dz\/#\/schema\/logo\/image\/\",\"url\":\"https:\/\/eurlhosnakamel.dz\/wp-content\/uploads\/2020\/04\/LOGO-HOSNA1.png\",\"contentUrl\":\"https:\/\/eurlhosnakamel.dz\/wp-content\/uploads\/2020\/04\/LOGO-HOSNA1.png\",\"width\":120,\"height\":127,\"caption\":\"EURL HOSNA KAMEL - Bosch alg\u00e9rie\"},\"image\":{\"@id\":\"https:\/\/eurlhosnakamel.dz\/dz\/#\/schema\/logo\/image\/\"},\"sameAs\":[\"https:\/\/www.facebook.com\/Eurl.Hosna.DZ\/\"]}]}<\/script>\n<!-- \/ Yoast SEO plugin. -->","yoast_head_json":{"title":"CONMEC MACHINE REGLETTE CSD-4 HONDA GX35 3m - EURL HOSNA KAMEL","description":"CONMEC MACHINE REGLETTE CSD-4 HONDA GX35 3m - EURL HOSNA KAMEL","robots":{"index":"index","follow":"follow","max-snippet":"max-snippet:-1","max-image-preview":"max-image-preview:large","max-video-preview":"max-video-preview:-1"},"canonical":"https:\/\/eurlhosnakamel.dz\/dz\/produit\/conmec-machine-reglette-csd-4-honda-gx35-3m\/","og_locale":"fr_FR","og_type":"article","og_title":"CONMEC MACHINE REGLETTE CSD-4 HONDA GX35 3m - EURL HOSNA KAMEL","og_description":"CONMEC MACHINE REGLETTE CSD-4 HONDA GX35 3m - EURL HOSNA KAMEL","og_url":"https:\/\/eurlhosnakamel.dz\/dz\/produit\/conmec-machine-reglette-csd-4-honda-gx35-3m\/","og_site_name":"EURL HOSNA KAMEL","article_publisher":"https:\/\/www.facebook.com\/Eurl.Hosna.DZ\/","article_modified_time":"2020-04-24T14:23:13+00:00","og_image":[{"width":900,"height":837,"url":"https:\/\/eurlhosnakamel.dz\/dz\/wp-content\/uploads\/2020\/04\/CONMEC-MACHINE-REGLETTE-CSD-4-HONDA-GX35-3m.jpg","type":"image\/jpeg"}],"twitter_card":"summary_large_image","schema":{"@context":"https:\/\/schema.org","@graph":[{"@type":"WebPage","@id":"https:\/\/eurlhosnakamel.dz\/dz\/produit\/conmec-machine-reglette-csd-4-honda-gx35-3m\/","url":"https:\/\/eurlhosnakamel.dz\/dz\/produit\/conmec-machine-reglette-csd-4-honda-gx35-3m\/","name":"CONMEC MACHINE REGLETTE CSD-4 HONDA GX35 3m - EURL HOSNA KAMEL","isPartOf":{"@id":"https:\/\/eurlhosnakamel.dz\/dz\/#website"},"primaryImageOfPage":{"@id":"https:\/\/eurlhosnakamel.dz\/dz\/produit\/conmec-machine-reglette-csd-4-honda-gx35-3m\/#primaryimage"},"image":{"@id":"https:\/\/eurlhosnakamel.dz\/dz\/produit\/conmec-machine-reglette-csd-4-honda-gx35-3m\/#primaryimage"},"thumbnailUrl":"https:\/\/eurlhosnakamel.dz\/dz\/wp-content\/uploads\/2020\/04\/CONMEC-MACHINE-REGLETTE-CSD-4-HONDA-GX35-3m.jpg","datePublished":"2020-04-24T14:21:04+00:00","dateModified":"2020-04-24T14:23:13+00:00","description":"CONMEC MACHINE REGLETTE CSD-4 HONDA GX35 3m - EURL HOSNA KAMEL","breadcrumb":{"@id":"https:\/\/eurlhosnakamel.dz\/dz\/produit\/conmec-machine-reglette-csd-4-honda-gx35-3m\/#breadcrumb"},"inLanguage":"fr-FR","potentialAction":[{"@type":"ReadAction","target":["https:\/\/eurlhosnakamel.dz\/dz\/produit\/conmec-machine-reglette-csd-4-honda-gx35-3m\/"]}]},{"@type":"ImageObject","inLanguage":"fr-FR","@id":"https:\/\/eurlhosnakamel.dz\/dz\/produit\/conmec-machine-reglette-csd-4-honda-gx35-3m\/#primaryimage","url":"https:\/\/eurlhosnakamel.dz\/dz\/wp-content\/uploads\/2020\/04\/CONMEC-MACHINE-REGLETTE-CSD-4-HONDA-GX35-3m.jpg","contentUrl":"https:\/\/eurlhosnakamel.dz\/dz\/wp-content\/uploads\/2020\/04\/CONMEC-MACHINE-REGLETTE-CSD-4-HONDA-GX35-3m.jpg","width":900,"height":837},{"@type":"BreadcrumbList","@id":"https:\/\/eurlhosnakamel.dz\/dz\/produit\/conmec-machine-reglette-csd-4-honda-gx35-3m\/#breadcrumb","itemListElement":[{"@type":"ListItem","position":1,"name":"Accueil","item":"https:\/\/eurlhosnakamel.dz\/dz\/"},{"@type":"ListItem","position":2,"name":"Shop","item":"https:\/\/eurlhosnakamel.dz\/dz\/shop\/"},{"@type":"ListItem","position":3,"name":"CONMEC MACHINE REGLETTE CSD-4 HONDA GX35 3m"}]},{"@type":"WebSite","@id":"https:\/\/eurlhosnakamel.dz\/dz\/#website","url":"https:\/\/eurlhosnakamel.dz\/dz\/","name":"EURL HOSNA KAMEL","description":"Fournisseur Premium d&#039;Outillages Professionnels en Alg\u00e9rie -","publisher":{"@id":"https:\/\/eurlhosnakamel.dz\/dz\/#organization"},"potentialAction":[{"@type":"SearchAction","target":{"@type":"EntryPoint","urlTemplate":"https:\/\/eurlhosnakamel.dz\/dz\/?s={search_term_string}"},"query-input":"required name=search_term_string"}],"inLanguage":"fr-FR"},{"@type":"Organization","@id":"https:\/\/eurlhosnakamel.dz\/dz\/#organization","name":"EURL HOSNA KAMEL - Bosch alg\u00e9rie","url":"https:\/\/eurlhosnakamel.dz\/dz\/","logo":{"@type":"ImageObject","inLanguage":"fr-FR","@id":"https:\/\/eurlhosnakamel.dz\/dz\/#\/schema\/logo\/image\/","url":"https:\/\/eurlhosnakamel.dz\/wp-content\/uploads\/2020\/04\/LOGO-HOSNA1.png","contentUrl":"https:\/\/eurlhosnakamel.dz\/wp-content\/uploads\/2020\/04\/LOGO-HOSNA1.png","width":120,"height":127,"caption":"EURL HOSNA KAMEL - Bosch alg\u00e9rie"},"image":{"@id":"https:\/\/eurlhosnakamel.dz\/dz\/#\/schema\/logo\/image\/"},"sameAs":["https:\/\/www.facebook.com\/Eurl.Hosna.DZ\/"]}]}},"_links":{"self":[{"href":"https:\/\/eurlhosnakamel.dz\/dz\/wp-json\/wp\/v2\/product\/8201","targetHints":{"allow":["GET"]}}],"collection":[{"href":"https:\/\/eurlhosnakamel.dz\/dz\/wp-json\/wp\/v2\/product"}],"about":[{"href":"https:\/\/eurlhosnakamel.dz\/dz\/wp-json\/wp\/v2\/types\/product"}],"wp:featuredmedia":[{"embeddable":true,"href":"https:\/\/eurlhosnakamel.dz\/dz\/wp-json\/wp\/v2\/media\/8203"}],"wp:attachment":[{"href":"https:\/\/eurlhosnakamel.dz\/dz\/wp-json\/wp\/v2\/media?parent=8201"}],"wp:term":[{"taxonomy":"product_cat","embeddable":true,"href":"https:\/\/eurlhosnakamel.dz\/dz\/wp-json\/wp\/v2\/product_cat?post=8201"},{"taxonomy":"product_tag","embeddable":true,"href":"https:\/\/eurlhosnakamel.dz\/dz\/wp-json\/wp\/v2\/product_tag?post=8201"}],"curies":[{"name":"wp","href":"https:\/\/api.w.org\/{rel}","templated":true}]}}