{"id":8267,"date":"2020-04-25T11:36:53","date_gmt":"2020-04-25T11:36:53","guid":{"rendered":"https:\/\/lhchosting.com\/hosna\/?post_type=product&#038;p=8267"},"modified":"2020-04-25T11:38:21","modified_gmt":"2020-04-25T11:38:21","slug":"disque-a-tronconner-inox-profi-plus","status":"publish","type":"product","link":"https:\/\/eurlhosnakamel.dz\/dz\/produit\/disque-a-tronconner-inox-profi-plus\/","title":{"rendered":"Disque \u00e0 tron\u00e7onner INOX-PROFI PLUS"},"content":{"rendered":"<ul>\n<li>Tr\u00e8s fine (1 mm): Permet une coupe nette avec un minimum d&#8217;effort en peu de temps<\/li>\n<li>R\u00e9sultats optimaux: utilisation pr\u00e9cise au millim\u00e8tre, fonctionnement sans vibrations, pas de d\u00e9coloration bleue thermique ni formation de bavures<\/li>\n<\/ul>\n","protected":false},"excerpt":{"rendered":"<p><strong>Le disque de coupe INOX PROFI PLUS peut \u00eatre utilis\u00e9 avec une meuleuse d&#8217;angle pour la coupe de t\u00f4les minces, de c\u00e2bles en acier, de profil\u00e9s \u00e0 paroi mince, de tubes en acier inoxydable, de m\u00e9taux NE, de mat\u00e9riaux composites ainsi que de mat\u00e9riaux \u00e0 haute temp\u00e9rature. Le facteur de forme mince (1 mm) permet une coupe nette avec un minimum d&#8217;effort.<\/strong><\/p>\n","protected":false},"featured_media":8269,"template":"","meta":[],"product_cat":[29,407],"product_tag":[1795],"class_list":{"0":"post-8267","1":"product","2":"type-product","3":"status-publish","4":"has-post-thumbnail","6":"product_cat-quincaillerie","7":"product_cat-plomberie","8":"product_tag-disque-a-tronconner-inox-profi-plus","9":"product_brand-rothenberger","11":"first","12":"instock","13":"shipping-taxable","14":"product-type-simple","15":"col-xs-6 col-sm-4","16":"col-md-3 col-lg-3","17":"un-4-cols"},"yoast_head":"<!-- This site is optimized with the Yoast SEO plugin v22.5 - https:\/\/yoast.com\/wordpress\/plugins\/seo\/ -->\n<title>Disque \u00e0 tron\u00e7onner INOX-PROFI PLUS - EURL HOSNA KAMEL<\/title>\n<meta name=\"description\" content=\"Disque \u00e0 tron\u00e7onner INOX-PROFI PLUS - EURL HOSNA KAMEL\" \/>\n<meta name=\"robots\" content=\"index, follow, max-snippet:-1, max-image-preview:large, max-video-preview:-1\" \/>\n<link rel=\"canonical\" href=\"https:\/\/eurlhosnakamel.dz\/dz\/produit\/disque-a-tronconner-inox-profi-plus\/\" \/>\n<meta property=\"og:locale\" content=\"fr_FR\" \/>\n<meta property=\"og:type\" content=\"article\" \/>\n<meta property=\"og:title\" content=\"Disque \u00e0 tron\u00e7onner INOX-PROFI PLUS - EURL HOSNA KAMEL\" \/>\n<meta property=\"og:description\" content=\"Disque \u00e0 tron\u00e7onner INOX-PROFI PLUS - EURL HOSNA KAMEL\" \/>\n<meta property=\"og:url\" content=\"https:\/\/eurlhosnakamel.dz\/dz\/produit\/disque-a-tronconner-inox-profi-plus\/\" \/>\n<meta property=\"og:site_name\" content=\"EURL HOSNA KAMEL\" \/>\n<meta property=\"article:publisher\" content=\"https:\/\/www.facebook.com\/Eurl.Hosna.DZ\/\" \/>\n<meta property=\"article:modified_time\" content=\"2020-04-25T11:38:21+00:00\" \/>\n<meta property=\"og:image\" content=\"https:\/\/eurlhosnakamel.dz\/dz\/wp-content\/uploads\/2020\/04\/Disque-\u00e0-tron\u00e7onner-INOX-PROFI-PLUS-eurl-hosna-kamel-algerie.jpg\" \/>\n\t<meta property=\"og:image:width\" content=\"512\" \/>\n\t<meta property=\"og:image:height\" content=\"512\" \/>\n\t<meta property=\"og:image:type\" content=\"image\/jpeg\" \/>\n<meta name=\"twitter:card\" content=\"summary_large_image\" \/>\n<script type=\"application\/ld+json\" class=\"yoast-schema-graph\">{\"@context\":\"https:\/\/schema.org\",\"@graph\":[{\"@type\":\"WebPage\",\"@id\":\"https:\/\/eurlhosnakamel.dz\/dz\/produit\/disque-a-tronconner-inox-profi-plus\/\",\"url\":\"https:\/\/eurlhosnakamel.dz\/dz\/produit\/disque-a-tronconner-inox-profi-plus\/\",\"name\":\"Disque \u00e0 tron\u00e7onner INOX-PROFI PLUS - EURL HOSNA KAMEL\",\"isPartOf\":{\"@id\":\"https:\/\/eurlhosnakamel.dz\/dz\/#website\"},\"primaryImageOfPage\":{\"@id\":\"https:\/\/eurlhosnakamel.dz\/dz\/produit\/disque-a-tronconner-inox-profi-plus\/#primaryimage\"},\"image\":{\"@id\":\"https:\/\/eurlhosnakamel.dz\/dz\/produit\/disque-a-tronconner-inox-profi-plus\/#primaryimage\"},\"thumbnailUrl\":\"https:\/\/eurlhosnakamel.dz\/dz\/wp-content\/uploads\/2020\/04\/Disque-\u00e0-tron\u00e7onner-INOX-PROFI-PLUS-eurl-hosna-kamel-algerie.jpg\",\"datePublished\":\"2020-04-25T11:36:53+00:00\",\"dateModified\":\"2020-04-25T11:38:21+00:00\",\"description\":\"Disque \u00e0 tron\u00e7onner INOX-PROFI PLUS - EURL HOSNA KAMEL\",\"breadcrumb\":{\"@id\":\"https:\/\/eurlhosnakamel.dz\/dz\/produit\/disque-a-tronconner-inox-profi-plus\/#breadcrumb\"},\"inLanguage\":\"fr-FR\",\"potentialAction\":[{\"@type\":\"ReadAction\",\"target\":[\"https:\/\/eurlhosnakamel.dz\/dz\/produit\/disque-a-tronconner-inox-profi-plus\/\"]}]},{\"@type\":\"ImageObject\",\"inLanguage\":\"fr-FR\",\"@id\":\"https:\/\/eurlhosnakamel.dz\/dz\/produit\/disque-a-tronconner-inox-profi-plus\/#primaryimage\",\"url\":\"https:\/\/eurlhosnakamel.dz\/dz\/wp-content\/uploads\/2020\/04\/Disque-\u00e0-tron\u00e7onner-INOX-PROFI-PLUS-eurl-hosna-kamel-algerie.jpg\",\"contentUrl\":\"https:\/\/eurlhosnakamel.dz\/dz\/wp-content\/uploads\/2020\/04\/Disque-\u00e0-tron\u00e7onner-INOX-PROFI-PLUS-eurl-hosna-kamel-algerie.jpg\",\"width\":512,\"height\":512},{\"@type\":\"BreadcrumbList\",\"@id\":\"https:\/\/eurlhosnakamel.dz\/dz\/produit\/disque-a-tronconner-inox-profi-plus\/#breadcrumb\",\"itemListElement\":[{\"@type\":\"ListItem\",\"position\":1,\"name\":\"Accueil\",\"item\":\"https:\/\/eurlhosnakamel.dz\/dz\/\"},{\"@type\":\"ListItem\",\"position\":2,\"name\":\"Shop\",\"item\":\"https:\/\/eurlhosnakamel.dz\/dz\/shop\/\"},{\"@type\":\"ListItem\",\"position\":3,\"name\":\"Disque \u00e0 tron\u00e7onner INOX-PROFI PLUS\"}]},{\"@type\":\"WebSite\",\"@id\":\"https:\/\/eurlhosnakamel.dz\/dz\/#website\",\"url\":\"https:\/\/eurlhosnakamel.dz\/dz\/\",\"name\":\"EURL HOSNA KAMEL\",\"description\":\"Fournisseur Premium d&#039;Outillages Professionnels en Alg\u00e9rie -\",\"publisher\":{\"@id\":\"https:\/\/eurlhosnakamel.dz\/dz\/#organization\"},\"potentialAction\":[{\"@type\":\"SearchAction\",\"target\":{\"@type\":\"EntryPoint\",\"urlTemplate\":\"https:\/\/eurlhosnakamel.dz\/dz\/?s={search_term_string}\"},\"query-input\":\"required name=search_term_string\"}],\"inLanguage\":\"fr-FR\"},{\"@type\":\"Organization\",\"@id\":\"https:\/\/eurlhosnakamel.dz\/dz\/#organization\",\"name\":\"EURL HOSNA KAMEL - Bosch alg\u00e9rie\",\"url\":\"https:\/\/eurlhosnakamel.dz\/dz\/\",\"logo\":{\"@type\":\"ImageObject\",\"inLanguage\":\"fr-FR\",\"@id\":\"https:\/\/eurlhosnakamel.dz\/dz\/#\/schema\/logo\/image\/\",\"url\":\"https:\/\/eurlhosnakamel.dz\/wp-content\/uploads\/2020\/04\/LOGO-HOSNA1.png\",\"contentUrl\":\"https:\/\/eurlhosnakamel.dz\/wp-content\/uploads\/2020\/04\/LOGO-HOSNA1.png\",\"width\":120,\"height\":127,\"caption\":\"EURL HOSNA KAMEL - Bosch alg\u00e9rie\"},\"image\":{\"@id\":\"https:\/\/eurlhosnakamel.dz\/dz\/#\/schema\/logo\/image\/\"},\"sameAs\":[\"https:\/\/www.facebook.com\/Eurl.Hosna.DZ\/\"]}]}<\/script>\n<!-- \/ Yoast SEO plugin. -->","yoast_head_json":{"title":"Disque \u00e0 tron\u00e7onner INOX-PROFI PLUS - EURL HOSNA KAMEL","description":"Disque \u00e0 tron\u00e7onner INOX-PROFI PLUS - EURL HOSNA KAMEL","robots":{"index":"index","follow":"follow","max-snippet":"max-snippet:-1","max-image-preview":"max-image-preview:large","max-video-preview":"max-video-preview:-1"},"canonical":"https:\/\/eurlhosnakamel.dz\/dz\/produit\/disque-a-tronconner-inox-profi-plus\/","og_locale":"fr_FR","og_type":"article","og_title":"Disque \u00e0 tron\u00e7onner INOX-PROFI PLUS - EURL HOSNA KAMEL","og_description":"Disque \u00e0 tron\u00e7onner INOX-PROFI PLUS - EURL HOSNA KAMEL","og_url":"https:\/\/eurlhosnakamel.dz\/dz\/produit\/disque-a-tronconner-inox-profi-plus\/","og_site_name":"EURL HOSNA KAMEL","article_publisher":"https:\/\/www.facebook.com\/Eurl.Hosna.DZ\/","article_modified_time":"2020-04-25T11:38:21+00:00","og_image":[{"width":512,"height":512,"url":"https:\/\/eurlhosnakamel.dz\/dz\/wp-content\/uploads\/2020\/04\/Disque-\u00e0-tron\u00e7onner-INOX-PROFI-PLUS-eurl-hosna-kamel-algerie.jpg","type":"image\/jpeg"}],"twitter_card":"summary_large_image","schema":{"@context":"https:\/\/schema.org","@graph":[{"@type":"WebPage","@id":"https:\/\/eurlhosnakamel.dz\/dz\/produit\/disque-a-tronconner-inox-profi-plus\/","url":"https:\/\/eurlhosnakamel.dz\/dz\/produit\/disque-a-tronconner-inox-profi-plus\/","name":"Disque \u00e0 tron\u00e7onner INOX-PROFI PLUS - EURL HOSNA KAMEL","isPartOf":{"@id":"https:\/\/eurlhosnakamel.dz\/dz\/#website"},"primaryImageOfPage":{"@id":"https:\/\/eurlhosnakamel.dz\/dz\/produit\/disque-a-tronconner-inox-profi-plus\/#primaryimage"},"image":{"@id":"https:\/\/eurlhosnakamel.dz\/dz\/produit\/disque-a-tronconner-inox-profi-plus\/#primaryimage"},"thumbnailUrl":"https:\/\/eurlhosnakamel.dz\/dz\/wp-content\/uploads\/2020\/04\/Disque-\u00e0-tron\u00e7onner-INOX-PROFI-PLUS-eurl-hosna-kamel-algerie.jpg","datePublished":"2020-04-25T11:36:53+00:00","dateModified":"2020-04-25T11:38:21+00:00","description":"Disque \u00e0 tron\u00e7onner INOX-PROFI PLUS - EURL HOSNA KAMEL","breadcrumb":{"@id":"https:\/\/eurlhosnakamel.dz\/dz\/produit\/disque-a-tronconner-inox-profi-plus\/#breadcrumb"},"inLanguage":"fr-FR","potentialAction":[{"@type":"ReadAction","target":["https:\/\/eurlhosnakamel.dz\/dz\/produit\/disque-a-tronconner-inox-profi-plus\/"]}]},{"@type":"ImageObject","inLanguage":"fr-FR","@id":"https:\/\/eurlhosnakamel.dz\/dz\/produit\/disque-a-tronconner-inox-profi-plus\/#primaryimage","url":"https:\/\/eurlhosnakamel.dz\/dz\/wp-content\/uploads\/2020\/04\/Disque-\u00e0-tron\u00e7onner-INOX-PROFI-PLUS-eurl-hosna-kamel-algerie.jpg","contentUrl":"https:\/\/eurlhosnakamel.dz\/dz\/wp-content\/uploads\/2020\/04\/Disque-\u00e0-tron\u00e7onner-INOX-PROFI-PLUS-eurl-hosna-kamel-algerie.jpg","width":512,"height":512},{"@type":"BreadcrumbList","@id":"https:\/\/eurlhosnakamel.dz\/dz\/produit\/disque-a-tronconner-inox-profi-plus\/#breadcrumb","itemListElement":[{"@type":"ListItem","position":1,"name":"Accueil","item":"https:\/\/eurlhosnakamel.dz\/dz\/"},{"@type":"ListItem","position":2,"name":"Shop","item":"https:\/\/eurlhosnakamel.dz\/dz\/shop\/"},{"@type":"ListItem","position":3,"name":"Disque \u00e0 tron\u00e7onner INOX-PROFI PLUS"}]},{"@type":"WebSite","@id":"https:\/\/eurlhosnakamel.dz\/dz\/#website","url":"https:\/\/eurlhosnakamel.dz\/dz\/","name":"EURL HOSNA KAMEL","description":"Fournisseur Premium d&#039;Outillages Professionnels en Alg\u00e9rie -","publisher":{"@id":"https:\/\/eurlhosnakamel.dz\/dz\/#organization"},"potentialAction":[{"@type":"SearchAction","target":{"@type":"EntryPoint","urlTemplate":"https:\/\/eurlhosnakamel.dz\/dz\/?s={search_term_string}"},"query-input":"required name=search_term_string"}],"inLanguage":"fr-FR"},{"@type":"Organization","@id":"https:\/\/eurlhosnakamel.dz\/dz\/#organization","name":"EURL HOSNA KAMEL - Bosch alg\u00e9rie","url":"https:\/\/eurlhosnakamel.dz\/dz\/","logo":{"@type":"ImageObject","inLanguage":"fr-FR","@id":"https:\/\/eurlhosnakamel.dz\/dz\/#\/schema\/logo\/image\/","url":"https:\/\/eurlhosnakamel.dz\/wp-content\/uploads\/2020\/04\/LOGO-HOSNA1.png","contentUrl":"https:\/\/eurlhosnakamel.dz\/wp-content\/uploads\/2020\/04\/LOGO-HOSNA1.png","width":120,"height":127,"caption":"EURL HOSNA KAMEL - Bosch alg\u00e9rie"},"image":{"@id":"https:\/\/eurlhosnakamel.dz\/dz\/#\/schema\/logo\/image\/"},"sameAs":["https:\/\/www.facebook.com\/Eurl.Hosna.DZ\/"]}]}},"_links":{"self":[{"href":"https:\/\/eurlhosnakamel.dz\/dz\/wp-json\/wp\/v2\/product\/8267","targetHints":{"allow":["GET"]}}],"collection":[{"href":"https:\/\/eurlhosnakamel.dz\/dz\/wp-json\/wp\/v2\/product"}],"about":[{"href":"https:\/\/eurlhosnakamel.dz\/dz\/wp-json\/wp\/v2\/types\/product"}],"wp:featuredmedia":[{"embeddable":true,"href":"https:\/\/eurlhosnakamel.dz\/dz\/wp-json\/wp\/v2\/media\/8269"}],"wp:attachment":[{"href":"https:\/\/eurlhosnakamel.dz\/dz\/wp-json\/wp\/v2\/media?parent=8267"}],"wp:term":[{"taxonomy":"product_cat","embeddable":true,"href":"https:\/\/eurlhosnakamel.dz\/dz\/wp-json\/wp\/v2\/product_cat?post=8267"},{"taxonomy":"product_tag","embeddable":true,"href":"https:\/\/eurlhosnakamel.dz\/dz\/wp-json\/wp\/v2\/product_tag?post=8267"}],"curies":[{"name":"wp","href":"https:\/\/api.w.org\/{rel}","templated":true}]}}