{"id":8325,"date":"2020-04-25T12:30:17","date_gmt":"2020-04-25T12:30:17","guid":{"rendered":"https:\/\/lhchosting.com\/hosna\/?post_type=product&#038;p=8325"},"modified":"2020-04-25T12:32:12","modified_gmt":"2020-04-25T12:32:12","slug":"pince-de-pompe-a-eau-rogrip-f","status":"publish","type":"product","link":"https:\/\/eurlhosnakamel.dz\/dz\/produit\/pince-de-pompe-a-eau-rogrip-f\/","title":{"rendered":"Pince de pompe \u00e0 eau ROGRIP F"},"content":{"rendered":"<ul>\n<li>Set complet de r\u00e9frig\u00e9ration \/ climatisation pour l&#8217;installation, la maintenance et la r\u00e9paration de syst\u00e8mes de r\u00e9frig\u00e9ration et de climatisation et de pompes \u00e0 chaleur.<\/li>\n<li>Poign\u00e9es larges: transmission de la force<\/li>\n<li>Syst\u00e8me de verrouillage de s\u00e9curit\u00e9: emp\u00eache l&#8217;ouverture involontaire<\/li>\n<li>Ajustement de la taille de 18 points: pour le travail variable<\/li>\n<li>Poign\u00e9es en plastique antid\u00e9rapantes: Haute adh\u00e9rence m\u00eame lorsque vous travaillez avec de l&#8217;eau et de l&#8217;huile<\/li>\n<li>Conception de la courbe ROTHENBERGER: R\u00e9duit le risque de coincement des doigts<\/li>\n<\/ul>\n","protected":false},"excerpt":{"rendered":"<p class=\"page-title\"><strong>La pince \u00e0 pompe \u00e0 eau ROGRIP F peut \u00eatre utilis\u00e9e pour serrer et faire tourner diff\u00e9rents types de tuyaux jusqu&#8217;\u00e0 \u00d8 1,1 \/ 4 &#8220;(F 7&#8221;) ou \u00d8 2 &#8220;(F 10&#8221;).<\/strong><\/p>\n","protected":false},"featured_media":8327,"template":"","meta":[],"product_cat":[29,407],"product_tag":[1811],"class_list":{"0":"post-8325","1":"product","2":"type-product","3":"status-publish","4":"has-post-thumbnail","6":"product_cat-quincaillerie","7":"product_cat-plomberie","8":"product_tag-pince-de-pompe-a-eau-rogrip-f","9":"product_brand-rothenberger","11":"first","12":"instock","13":"shipping-taxable","14":"product-type-simple","15":"col-xs-6 col-sm-4","16":"col-md-3 col-lg-3","17":"un-4-cols"},"yoast_head":"<!-- This site is optimized with the Yoast SEO plugin v22.5 - https:\/\/yoast.com\/wordpress\/plugins\/seo\/ -->\n<title>Pince de pompe \u00e0 eau ROGRIP F - EURL HOSNA KAMEL<\/title>\n<meta name=\"description\" content=\"Pince de pompe \u00e0 eau ROGRIP F - EURL HOSNA KAMEL\" \/>\n<meta name=\"robots\" content=\"index, follow, max-snippet:-1, max-image-preview:large, max-video-preview:-1\" \/>\n<link rel=\"canonical\" href=\"https:\/\/eurlhosnakamel.dz\/dz\/produit\/pince-de-pompe-a-eau-rogrip-f\/\" \/>\n<meta property=\"og:locale\" content=\"fr_FR\" \/>\n<meta property=\"og:type\" content=\"article\" \/>\n<meta property=\"og:title\" content=\"Pince de pompe \u00e0 eau ROGRIP F - EURL HOSNA KAMEL\" \/>\n<meta property=\"og:description\" content=\"Pince de pompe \u00e0 eau ROGRIP F - EURL HOSNA KAMEL\" \/>\n<meta property=\"og:url\" content=\"https:\/\/eurlhosnakamel.dz\/dz\/produit\/pince-de-pompe-a-eau-rogrip-f\/\" \/>\n<meta property=\"og:site_name\" content=\"EURL HOSNA KAMEL\" \/>\n<meta property=\"article:publisher\" content=\"https:\/\/www.facebook.com\/Eurl.Hosna.DZ\/\" \/>\n<meta property=\"article:modified_time\" content=\"2020-04-25T12:32:12+00:00\" \/>\n<meta property=\"og:image\" content=\"https:\/\/eurlhosnakamel.dz\/dz\/wp-content\/uploads\/2020\/04\/Pince-de-pompe-\u00e0-eau-ROGRIP-F-eurl-hosna-kamel-algerie.jpg\" \/>\n\t<meta property=\"og:image:width\" content=\"512\" \/>\n\t<meta property=\"og:image:height\" content=\"512\" \/>\n\t<meta property=\"og:image:type\" content=\"image\/jpeg\" \/>\n<meta name=\"twitter:card\" content=\"summary_large_image\" \/>\n<script type=\"application\/ld+json\" class=\"yoast-schema-graph\">{\"@context\":\"https:\/\/schema.org\",\"@graph\":[{\"@type\":\"WebPage\",\"@id\":\"https:\/\/eurlhosnakamel.dz\/dz\/produit\/pince-de-pompe-a-eau-rogrip-f\/\",\"url\":\"https:\/\/eurlhosnakamel.dz\/dz\/produit\/pince-de-pompe-a-eau-rogrip-f\/\",\"name\":\"Pince de pompe \u00e0 eau ROGRIP F - EURL HOSNA KAMEL\",\"isPartOf\":{\"@id\":\"https:\/\/eurlhosnakamel.dz\/dz\/#website\"},\"primaryImageOfPage\":{\"@id\":\"https:\/\/eurlhosnakamel.dz\/dz\/produit\/pince-de-pompe-a-eau-rogrip-f\/#primaryimage\"},\"image\":{\"@id\":\"https:\/\/eurlhosnakamel.dz\/dz\/produit\/pince-de-pompe-a-eau-rogrip-f\/#primaryimage\"},\"thumbnailUrl\":\"https:\/\/eurlhosnakamel.dz\/dz\/wp-content\/uploads\/2020\/04\/Pince-de-pompe-\u00e0-eau-ROGRIP-F-eurl-hosna-kamel-algerie.jpg\",\"datePublished\":\"2020-04-25T12:30:17+00:00\",\"dateModified\":\"2020-04-25T12:32:12+00:00\",\"description\":\"Pince de pompe \u00e0 eau ROGRIP F - EURL HOSNA KAMEL\",\"breadcrumb\":{\"@id\":\"https:\/\/eurlhosnakamel.dz\/dz\/produit\/pince-de-pompe-a-eau-rogrip-f\/#breadcrumb\"},\"inLanguage\":\"fr-FR\",\"potentialAction\":[{\"@type\":\"ReadAction\",\"target\":[\"https:\/\/eurlhosnakamel.dz\/dz\/produit\/pince-de-pompe-a-eau-rogrip-f\/\"]}]},{\"@type\":\"ImageObject\",\"inLanguage\":\"fr-FR\",\"@id\":\"https:\/\/eurlhosnakamel.dz\/dz\/produit\/pince-de-pompe-a-eau-rogrip-f\/#primaryimage\",\"url\":\"https:\/\/eurlhosnakamel.dz\/dz\/wp-content\/uploads\/2020\/04\/Pince-de-pompe-\u00e0-eau-ROGRIP-F-eurl-hosna-kamel-algerie.jpg\",\"contentUrl\":\"https:\/\/eurlhosnakamel.dz\/dz\/wp-content\/uploads\/2020\/04\/Pince-de-pompe-\u00e0-eau-ROGRIP-F-eurl-hosna-kamel-algerie.jpg\",\"width\":512,\"height\":512},{\"@type\":\"BreadcrumbList\",\"@id\":\"https:\/\/eurlhosnakamel.dz\/dz\/produit\/pince-de-pompe-a-eau-rogrip-f\/#breadcrumb\",\"itemListElement\":[{\"@type\":\"ListItem\",\"position\":1,\"name\":\"Accueil\",\"item\":\"https:\/\/eurlhosnakamel.dz\/dz\/\"},{\"@type\":\"ListItem\",\"position\":2,\"name\":\"Shop\",\"item\":\"https:\/\/eurlhosnakamel.dz\/dz\/shop\/\"},{\"@type\":\"ListItem\",\"position\":3,\"name\":\"Pince de pompe \u00e0 eau ROGRIP F\"}]},{\"@type\":\"WebSite\",\"@id\":\"https:\/\/eurlhosnakamel.dz\/dz\/#website\",\"url\":\"https:\/\/eurlhosnakamel.dz\/dz\/\",\"name\":\"EURL HOSNA KAMEL\",\"description\":\"Fournisseur Premium d&#039;Outillages Professionnels en Alg\u00e9rie -\",\"publisher\":{\"@id\":\"https:\/\/eurlhosnakamel.dz\/dz\/#organization\"},\"potentialAction\":[{\"@type\":\"SearchAction\",\"target\":{\"@type\":\"EntryPoint\",\"urlTemplate\":\"https:\/\/eurlhosnakamel.dz\/dz\/?s={search_term_string}\"},\"query-input\":\"required name=search_term_string\"}],\"inLanguage\":\"fr-FR\"},{\"@type\":\"Organization\",\"@id\":\"https:\/\/eurlhosnakamel.dz\/dz\/#organization\",\"name\":\"EURL HOSNA KAMEL - Bosch alg\u00e9rie\",\"url\":\"https:\/\/eurlhosnakamel.dz\/dz\/\",\"logo\":{\"@type\":\"ImageObject\",\"inLanguage\":\"fr-FR\",\"@id\":\"https:\/\/eurlhosnakamel.dz\/dz\/#\/schema\/logo\/image\/\",\"url\":\"https:\/\/eurlhosnakamel.dz\/wp-content\/uploads\/2020\/04\/LOGO-HOSNA1.png\",\"contentUrl\":\"https:\/\/eurlhosnakamel.dz\/wp-content\/uploads\/2020\/04\/LOGO-HOSNA1.png\",\"width\":120,\"height\":127,\"caption\":\"EURL HOSNA KAMEL - Bosch alg\u00e9rie\"},\"image\":{\"@id\":\"https:\/\/eurlhosnakamel.dz\/dz\/#\/schema\/logo\/image\/\"},\"sameAs\":[\"https:\/\/www.facebook.com\/Eurl.Hosna.DZ\/\"]}]}<\/script>\n<!-- \/ Yoast SEO plugin. -->","yoast_head_json":{"title":"Pince de pompe \u00e0 eau ROGRIP F - EURL HOSNA KAMEL","description":"Pince de pompe \u00e0 eau ROGRIP F - EURL HOSNA KAMEL","robots":{"index":"index","follow":"follow","max-snippet":"max-snippet:-1","max-image-preview":"max-image-preview:large","max-video-preview":"max-video-preview:-1"},"canonical":"https:\/\/eurlhosnakamel.dz\/dz\/produit\/pince-de-pompe-a-eau-rogrip-f\/","og_locale":"fr_FR","og_type":"article","og_title":"Pince de pompe \u00e0 eau ROGRIP F - EURL HOSNA KAMEL","og_description":"Pince de pompe \u00e0 eau ROGRIP F - EURL HOSNA KAMEL","og_url":"https:\/\/eurlhosnakamel.dz\/dz\/produit\/pince-de-pompe-a-eau-rogrip-f\/","og_site_name":"EURL HOSNA KAMEL","article_publisher":"https:\/\/www.facebook.com\/Eurl.Hosna.DZ\/","article_modified_time":"2020-04-25T12:32:12+00:00","og_image":[{"width":512,"height":512,"url":"https:\/\/eurlhosnakamel.dz\/dz\/wp-content\/uploads\/2020\/04\/Pince-de-pompe-\u00e0-eau-ROGRIP-F-eurl-hosna-kamel-algerie.jpg","type":"image\/jpeg"}],"twitter_card":"summary_large_image","schema":{"@context":"https:\/\/schema.org","@graph":[{"@type":"WebPage","@id":"https:\/\/eurlhosnakamel.dz\/dz\/produit\/pince-de-pompe-a-eau-rogrip-f\/","url":"https:\/\/eurlhosnakamel.dz\/dz\/produit\/pince-de-pompe-a-eau-rogrip-f\/","name":"Pince de pompe \u00e0 eau ROGRIP F - EURL HOSNA KAMEL","isPartOf":{"@id":"https:\/\/eurlhosnakamel.dz\/dz\/#website"},"primaryImageOfPage":{"@id":"https:\/\/eurlhosnakamel.dz\/dz\/produit\/pince-de-pompe-a-eau-rogrip-f\/#primaryimage"},"image":{"@id":"https:\/\/eurlhosnakamel.dz\/dz\/produit\/pince-de-pompe-a-eau-rogrip-f\/#primaryimage"},"thumbnailUrl":"https:\/\/eurlhosnakamel.dz\/dz\/wp-content\/uploads\/2020\/04\/Pince-de-pompe-\u00e0-eau-ROGRIP-F-eurl-hosna-kamel-algerie.jpg","datePublished":"2020-04-25T12:30:17+00:00","dateModified":"2020-04-25T12:32:12+00:00","description":"Pince de pompe \u00e0 eau ROGRIP F - EURL HOSNA KAMEL","breadcrumb":{"@id":"https:\/\/eurlhosnakamel.dz\/dz\/produit\/pince-de-pompe-a-eau-rogrip-f\/#breadcrumb"},"inLanguage":"fr-FR","potentialAction":[{"@type":"ReadAction","target":["https:\/\/eurlhosnakamel.dz\/dz\/produit\/pince-de-pompe-a-eau-rogrip-f\/"]}]},{"@type":"ImageObject","inLanguage":"fr-FR","@id":"https:\/\/eurlhosnakamel.dz\/dz\/produit\/pince-de-pompe-a-eau-rogrip-f\/#primaryimage","url":"https:\/\/eurlhosnakamel.dz\/dz\/wp-content\/uploads\/2020\/04\/Pince-de-pompe-\u00e0-eau-ROGRIP-F-eurl-hosna-kamel-algerie.jpg","contentUrl":"https:\/\/eurlhosnakamel.dz\/dz\/wp-content\/uploads\/2020\/04\/Pince-de-pompe-\u00e0-eau-ROGRIP-F-eurl-hosna-kamel-algerie.jpg","width":512,"height":512},{"@type":"BreadcrumbList","@id":"https:\/\/eurlhosnakamel.dz\/dz\/produit\/pince-de-pompe-a-eau-rogrip-f\/#breadcrumb","itemListElement":[{"@type":"ListItem","position":1,"name":"Accueil","item":"https:\/\/eurlhosnakamel.dz\/dz\/"},{"@type":"ListItem","position":2,"name":"Shop","item":"https:\/\/eurlhosnakamel.dz\/dz\/shop\/"},{"@type":"ListItem","position":3,"name":"Pince de pompe \u00e0 eau ROGRIP F"}]},{"@type":"WebSite","@id":"https:\/\/eurlhosnakamel.dz\/dz\/#website","url":"https:\/\/eurlhosnakamel.dz\/dz\/","name":"EURL HOSNA KAMEL","description":"Fournisseur Premium d&#039;Outillages Professionnels en Alg\u00e9rie -","publisher":{"@id":"https:\/\/eurlhosnakamel.dz\/dz\/#organization"},"potentialAction":[{"@type":"SearchAction","target":{"@type":"EntryPoint","urlTemplate":"https:\/\/eurlhosnakamel.dz\/dz\/?s={search_term_string}"},"query-input":"required name=search_term_string"}],"inLanguage":"fr-FR"},{"@type":"Organization","@id":"https:\/\/eurlhosnakamel.dz\/dz\/#organization","name":"EURL HOSNA KAMEL - Bosch alg\u00e9rie","url":"https:\/\/eurlhosnakamel.dz\/dz\/","logo":{"@type":"ImageObject","inLanguage":"fr-FR","@id":"https:\/\/eurlhosnakamel.dz\/dz\/#\/schema\/logo\/image\/","url":"https:\/\/eurlhosnakamel.dz\/wp-content\/uploads\/2020\/04\/LOGO-HOSNA1.png","contentUrl":"https:\/\/eurlhosnakamel.dz\/wp-content\/uploads\/2020\/04\/LOGO-HOSNA1.png","width":120,"height":127,"caption":"EURL HOSNA KAMEL - Bosch alg\u00e9rie"},"image":{"@id":"https:\/\/eurlhosnakamel.dz\/dz\/#\/schema\/logo\/image\/"},"sameAs":["https:\/\/www.facebook.com\/Eurl.Hosna.DZ\/"]}]}},"_links":{"self":[{"href":"https:\/\/eurlhosnakamel.dz\/dz\/wp-json\/wp\/v2\/product\/8325","targetHints":{"allow":["GET"]}}],"collection":[{"href":"https:\/\/eurlhosnakamel.dz\/dz\/wp-json\/wp\/v2\/product"}],"about":[{"href":"https:\/\/eurlhosnakamel.dz\/dz\/wp-json\/wp\/v2\/types\/product"}],"wp:featuredmedia":[{"embeddable":true,"href":"https:\/\/eurlhosnakamel.dz\/dz\/wp-json\/wp\/v2\/media\/8327"}],"wp:attachment":[{"href":"https:\/\/eurlhosnakamel.dz\/dz\/wp-json\/wp\/v2\/media?parent=8325"}],"wp:term":[{"taxonomy":"product_cat","embeddable":true,"href":"https:\/\/eurlhosnakamel.dz\/dz\/wp-json\/wp\/v2\/product_cat?post=8325"},{"taxonomy":"product_tag","embeddable":true,"href":"https:\/\/eurlhosnakamel.dz\/dz\/wp-json\/wp\/v2\/product_tag?post=8325"}],"curies":[{"name":"wp","href":"https:\/\/api.w.org\/{rel}","templated":true}]}}