{"id":8459,"date":"2020-04-25T14:00:44","date_gmt":"2020-04-25T14:00:44","guid":{"rendered":"https:\/\/lhchosting.com\/hosna\/?post_type=product&#038;p=8459"},"modified":"2020-04-25T14:00:45","modified_gmt":"2020-04-25T14:00:45","slug":"silicone-7070-plus-translucide","status":"publish","type":"product","link":"https:\/\/eurlhosnakamel.dz\/dz\/produit\/silicone-7070-plus-translucide\/","title":{"rendered":"SILICONE 7070 PLUS TRANSLUCIDE"},"content":{"rendered":"<h4>AVANTAGES<\/h4>\n<ul>\n<li>Excellente adh\u00e9rence sans primaire sur la plupart des supports du b\u00e2timent, y compris sur PVC et aluminium laqu\u00e9 (voir le chapitre Pr\u00e9cautions d\u2019emploi &#8211; Recommandations)<\/li>\n<li>Tr\u00e8s facile \u00e0 lisser<\/li>\n<li>Faible odeur<\/li>\n<li>Excellente r\u00e9sistance au vieillissement climatique et aux UV<\/li>\n<li>Permanence dans le temps des propri\u00e9t\u00e9s m\u00e9caniques : adh\u00e9rence, \u00e9lasticit\u00e9, duret\u00e9 shore<\/li>\n<\/ul>\n<div class=\"row\">\n<div class=\"col-xs-12 col-sm-12\">\n<h4>ZONES D&#8217;APPLICATION<\/h4>\n<\/div>\n<div class=\"col-xs-12 col-sm-12\">\n<p>Resserrage de menuiseries bois, aluminium, PVC avec la ma\u00e7onnerie. Joint d\u2019\u00e9tanch\u00e9it\u00e9 et liaison en pr\u00e9fabrication lourde et l\u00e9g\u00e8re, construction traditionnelle et r\u00e9novation. Joint de dilatation entre \u00e9l\u00e9ments de construction. Obturateur \u00e9lastique en vitrerie\/miroiterie.<\/p>\n<\/div>\n<\/div>\n<div class=\"row\" data-js-component=\"pdp\">\n<div class=\"col-xs-12 col-sm-12\">\n<h4>CARACT\u00c9RISTIQUES<\/h4>\n<\/div>\n<div class=\"col-xs-12 col-sm-12\">\n<p><strong>Stockage et conservation<\/strong><\/p>\n<p>Dans l\u2019emballage d\u2019origine non ouvert \u00e0 une temp\u00e9rature comprise entre +5\u00b0C et +25\u00b0C, la dur\u00e9e de conservation est de 12 mois apr\u00e8s la date de production, stock\u00e9 dans un endroit sec.<\/p>\n<\/div>\n<\/div>\n","protected":false},"excerpt":{"rendered":"<div class=\"row\">\n<div class=\"col-xs-12 col-sm-12\">\n<h5>Mastic silicone neutre alcoxy<\/h5>\n<\/div>\n<\/div>\n<div class=\"row\">\n<div class=\"col-xs-12 col-sm-12\">\n<p>Le Silicone 7070 Plus Translucide est un mastic silicone neutre alcoxy monocomposant pour le b\u00e2timent.<\/p>\n<\/div>\n<\/div>\n","protected":false},"featured_media":8461,"template":"","meta":[],"product_cat":[401,1853],"product_tag":[1855],"class_list":{"0":"post-8459","1":"product","2":"type-product","3":"status-publish","4":"has-post-thumbnail","6":"product_cat-droguerie","7":"product_cat-silicones","8":"product_tag-silicone-7070-plus-translucide","9":"product_brand-den-braven","11":"first","12":"instock","13":"shipping-taxable","14":"product-type-simple","15":"col-xs-6 col-sm-4","16":"col-md-3 col-lg-3","17":"un-4-cols"},"yoast_head":"<!-- This site is optimized with the Yoast SEO plugin v22.5 - https:\/\/yoast.com\/wordpress\/plugins\/seo\/ -->\n<title>SILICONE 7070 PLUS TRANSLUCIDE - EURL HOSNA KAMEL<\/title>\n<meta name=\"description\" content=\"SILICONE 7070 PLUS TRANSLUCIDE - EURL HOSNA KAMEL\" \/>\n<meta name=\"robots\" content=\"index, follow, max-snippet:-1, max-image-preview:large, max-video-preview:-1\" \/>\n<link rel=\"canonical\" href=\"https:\/\/eurlhosnakamel.dz\/dz\/produit\/silicone-7070-plus-translucide\/\" \/>\n<meta property=\"og:locale\" content=\"fr_FR\" \/>\n<meta property=\"og:type\" content=\"article\" \/>\n<meta property=\"og:title\" content=\"SILICONE 7070 PLUS TRANSLUCIDE - EURL HOSNA KAMEL\" \/>\n<meta property=\"og:description\" content=\"SILICONE 7070 PLUS TRANSLUCIDE - EURL HOSNA KAMEL\" \/>\n<meta property=\"og:url\" content=\"https:\/\/eurlhosnakamel.dz\/dz\/produit\/silicone-7070-plus-translucide\/\" \/>\n<meta property=\"og:site_name\" content=\"EURL HOSNA KAMEL\" \/>\n<meta property=\"article:publisher\" content=\"https:\/\/www.facebook.com\/Eurl.Hosna.DZ\/\" \/>\n<meta property=\"article:modified_time\" content=\"2020-04-25T14:00:45+00:00\" \/>\n<meta property=\"og:image\" content=\"https:\/\/eurlhosnakamel.dz\/dz\/wp-content\/uploads\/2020\/04\/SILICONE-7070-PLUS-TRANSLUCIDE-eurl-hosna-kamel-algerie.jpg\" \/>\n\t<meta property=\"og:image:width\" content=\"512\" \/>\n\t<meta property=\"og:image:height\" content=\"512\" \/>\n\t<meta property=\"og:image:type\" content=\"image\/jpeg\" \/>\n<meta name=\"twitter:card\" content=\"summary_large_image\" \/>\n<meta name=\"twitter:label1\" content=\"Dur\u00e9e de lecture estim\u00e9e\" \/>\n\t<meta name=\"twitter:data1\" content=\"1 minute\" \/>\n<script type=\"application\/ld+json\" class=\"yoast-schema-graph\">{\"@context\":\"https:\/\/schema.org\",\"@graph\":[{\"@type\":\"WebPage\",\"@id\":\"https:\/\/eurlhosnakamel.dz\/dz\/produit\/silicone-7070-plus-translucide\/\",\"url\":\"https:\/\/eurlhosnakamel.dz\/dz\/produit\/silicone-7070-plus-translucide\/\",\"name\":\"SILICONE 7070 PLUS TRANSLUCIDE - EURL HOSNA KAMEL\",\"isPartOf\":{\"@id\":\"https:\/\/eurlhosnakamel.dz\/dz\/#website\"},\"primaryImageOfPage\":{\"@id\":\"https:\/\/eurlhosnakamel.dz\/dz\/produit\/silicone-7070-plus-translucide\/#primaryimage\"},\"image\":{\"@id\":\"https:\/\/eurlhosnakamel.dz\/dz\/produit\/silicone-7070-plus-translucide\/#primaryimage\"},\"thumbnailUrl\":\"https:\/\/eurlhosnakamel.dz\/dz\/wp-content\/uploads\/2020\/04\/SILICONE-7070-PLUS-TRANSLUCIDE-eurl-hosna-kamel-algerie.jpg\",\"datePublished\":\"2020-04-25T14:00:44+00:00\",\"dateModified\":\"2020-04-25T14:00:45+00:00\",\"description\":\"SILICONE 7070 PLUS TRANSLUCIDE - EURL HOSNA KAMEL\",\"breadcrumb\":{\"@id\":\"https:\/\/eurlhosnakamel.dz\/dz\/produit\/silicone-7070-plus-translucide\/#breadcrumb\"},\"inLanguage\":\"fr-FR\",\"potentialAction\":[{\"@type\":\"ReadAction\",\"target\":[\"https:\/\/eurlhosnakamel.dz\/dz\/produit\/silicone-7070-plus-translucide\/\"]}]},{\"@type\":\"ImageObject\",\"inLanguage\":\"fr-FR\",\"@id\":\"https:\/\/eurlhosnakamel.dz\/dz\/produit\/silicone-7070-plus-translucide\/#primaryimage\",\"url\":\"https:\/\/eurlhosnakamel.dz\/dz\/wp-content\/uploads\/2020\/04\/SILICONE-7070-PLUS-TRANSLUCIDE-eurl-hosna-kamel-algerie.jpg\",\"contentUrl\":\"https:\/\/eurlhosnakamel.dz\/dz\/wp-content\/uploads\/2020\/04\/SILICONE-7070-PLUS-TRANSLUCIDE-eurl-hosna-kamel-algerie.jpg\",\"width\":512,\"height\":512},{\"@type\":\"BreadcrumbList\",\"@id\":\"https:\/\/eurlhosnakamel.dz\/dz\/produit\/silicone-7070-plus-translucide\/#breadcrumb\",\"itemListElement\":[{\"@type\":\"ListItem\",\"position\":1,\"name\":\"Accueil\",\"item\":\"https:\/\/eurlhosnakamel.dz\/dz\/\"},{\"@type\":\"ListItem\",\"position\":2,\"name\":\"Shop\",\"item\":\"https:\/\/eurlhosnakamel.dz\/dz\/shop\/\"},{\"@type\":\"ListItem\",\"position\":3,\"name\":\"SILICONE 7070 PLUS TRANSLUCIDE\"}]},{\"@type\":\"WebSite\",\"@id\":\"https:\/\/eurlhosnakamel.dz\/dz\/#website\",\"url\":\"https:\/\/eurlhosnakamel.dz\/dz\/\",\"name\":\"EURL HOSNA KAMEL\",\"description\":\"Fournisseur Premium d&#039;Outillages Professionnels en Alg\u00e9rie -\",\"publisher\":{\"@id\":\"https:\/\/eurlhosnakamel.dz\/dz\/#organization\"},\"potentialAction\":[{\"@type\":\"SearchAction\",\"target\":{\"@type\":\"EntryPoint\",\"urlTemplate\":\"https:\/\/eurlhosnakamel.dz\/dz\/?s={search_term_string}\"},\"query-input\":\"required name=search_term_string\"}],\"inLanguage\":\"fr-FR\"},{\"@type\":\"Organization\",\"@id\":\"https:\/\/eurlhosnakamel.dz\/dz\/#organization\",\"name\":\"EURL HOSNA KAMEL - Bosch alg\u00e9rie\",\"url\":\"https:\/\/eurlhosnakamel.dz\/dz\/\",\"logo\":{\"@type\":\"ImageObject\",\"inLanguage\":\"fr-FR\",\"@id\":\"https:\/\/eurlhosnakamel.dz\/dz\/#\/schema\/logo\/image\/\",\"url\":\"https:\/\/eurlhosnakamel.dz\/wp-content\/uploads\/2020\/04\/LOGO-HOSNA1.png\",\"contentUrl\":\"https:\/\/eurlhosnakamel.dz\/wp-content\/uploads\/2020\/04\/LOGO-HOSNA1.png\",\"width\":120,\"height\":127,\"caption\":\"EURL HOSNA KAMEL - Bosch alg\u00e9rie\"},\"image\":{\"@id\":\"https:\/\/eurlhosnakamel.dz\/dz\/#\/schema\/logo\/image\/\"},\"sameAs\":[\"https:\/\/www.facebook.com\/Eurl.Hosna.DZ\/\"]}]}<\/script>\n<!-- \/ Yoast SEO plugin. -->","yoast_head_json":{"title":"SILICONE 7070 PLUS TRANSLUCIDE - EURL HOSNA KAMEL","description":"SILICONE 7070 PLUS TRANSLUCIDE - EURL HOSNA KAMEL","robots":{"index":"index","follow":"follow","max-snippet":"max-snippet:-1","max-image-preview":"max-image-preview:large","max-video-preview":"max-video-preview:-1"},"canonical":"https:\/\/eurlhosnakamel.dz\/dz\/produit\/silicone-7070-plus-translucide\/","og_locale":"fr_FR","og_type":"article","og_title":"SILICONE 7070 PLUS TRANSLUCIDE - EURL HOSNA KAMEL","og_description":"SILICONE 7070 PLUS TRANSLUCIDE - EURL HOSNA KAMEL","og_url":"https:\/\/eurlhosnakamel.dz\/dz\/produit\/silicone-7070-plus-translucide\/","og_site_name":"EURL HOSNA KAMEL","article_publisher":"https:\/\/www.facebook.com\/Eurl.Hosna.DZ\/","article_modified_time":"2020-04-25T14:00:45+00:00","og_image":[{"width":512,"height":512,"url":"https:\/\/eurlhosnakamel.dz\/dz\/wp-content\/uploads\/2020\/04\/SILICONE-7070-PLUS-TRANSLUCIDE-eurl-hosna-kamel-algerie.jpg","type":"image\/jpeg"}],"twitter_card":"summary_large_image","twitter_misc":{"Dur\u00e9e de lecture estim\u00e9e":"1 minute"},"schema":{"@context":"https:\/\/schema.org","@graph":[{"@type":"WebPage","@id":"https:\/\/eurlhosnakamel.dz\/dz\/produit\/silicone-7070-plus-translucide\/","url":"https:\/\/eurlhosnakamel.dz\/dz\/produit\/silicone-7070-plus-translucide\/","name":"SILICONE 7070 PLUS TRANSLUCIDE - EURL HOSNA KAMEL","isPartOf":{"@id":"https:\/\/eurlhosnakamel.dz\/dz\/#website"},"primaryImageOfPage":{"@id":"https:\/\/eurlhosnakamel.dz\/dz\/produit\/silicone-7070-plus-translucide\/#primaryimage"},"image":{"@id":"https:\/\/eurlhosnakamel.dz\/dz\/produit\/silicone-7070-plus-translucide\/#primaryimage"},"thumbnailUrl":"https:\/\/eurlhosnakamel.dz\/dz\/wp-content\/uploads\/2020\/04\/SILICONE-7070-PLUS-TRANSLUCIDE-eurl-hosna-kamel-algerie.jpg","datePublished":"2020-04-25T14:00:44+00:00","dateModified":"2020-04-25T14:00:45+00:00","description":"SILICONE 7070 PLUS TRANSLUCIDE - EURL HOSNA KAMEL","breadcrumb":{"@id":"https:\/\/eurlhosnakamel.dz\/dz\/produit\/silicone-7070-plus-translucide\/#breadcrumb"},"inLanguage":"fr-FR","potentialAction":[{"@type":"ReadAction","target":["https:\/\/eurlhosnakamel.dz\/dz\/produit\/silicone-7070-plus-translucide\/"]}]},{"@type":"ImageObject","inLanguage":"fr-FR","@id":"https:\/\/eurlhosnakamel.dz\/dz\/produit\/silicone-7070-plus-translucide\/#primaryimage","url":"https:\/\/eurlhosnakamel.dz\/dz\/wp-content\/uploads\/2020\/04\/SILICONE-7070-PLUS-TRANSLUCIDE-eurl-hosna-kamel-algerie.jpg","contentUrl":"https:\/\/eurlhosnakamel.dz\/dz\/wp-content\/uploads\/2020\/04\/SILICONE-7070-PLUS-TRANSLUCIDE-eurl-hosna-kamel-algerie.jpg","width":512,"height":512},{"@type":"BreadcrumbList","@id":"https:\/\/eurlhosnakamel.dz\/dz\/produit\/silicone-7070-plus-translucide\/#breadcrumb","itemListElement":[{"@type":"ListItem","position":1,"name":"Accueil","item":"https:\/\/eurlhosnakamel.dz\/dz\/"},{"@type":"ListItem","position":2,"name":"Shop","item":"https:\/\/eurlhosnakamel.dz\/dz\/shop\/"},{"@type":"ListItem","position":3,"name":"SILICONE 7070 PLUS TRANSLUCIDE"}]},{"@type":"WebSite","@id":"https:\/\/eurlhosnakamel.dz\/dz\/#website","url":"https:\/\/eurlhosnakamel.dz\/dz\/","name":"EURL HOSNA KAMEL","description":"Fournisseur Premium d&#039;Outillages Professionnels en Alg\u00e9rie -","publisher":{"@id":"https:\/\/eurlhosnakamel.dz\/dz\/#organization"},"potentialAction":[{"@type":"SearchAction","target":{"@type":"EntryPoint","urlTemplate":"https:\/\/eurlhosnakamel.dz\/dz\/?s={search_term_string}"},"query-input":"required name=search_term_string"}],"inLanguage":"fr-FR"},{"@type":"Organization","@id":"https:\/\/eurlhosnakamel.dz\/dz\/#organization","name":"EURL HOSNA KAMEL - Bosch alg\u00e9rie","url":"https:\/\/eurlhosnakamel.dz\/dz\/","logo":{"@type":"ImageObject","inLanguage":"fr-FR","@id":"https:\/\/eurlhosnakamel.dz\/dz\/#\/schema\/logo\/image\/","url":"https:\/\/eurlhosnakamel.dz\/wp-content\/uploads\/2020\/04\/LOGO-HOSNA1.png","contentUrl":"https:\/\/eurlhosnakamel.dz\/wp-content\/uploads\/2020\/04\/LOGO-HOSNA1.png","width":120,"height":127,"caption":"EURL HOSNA KAMEL - Bosch alg\u00e9rie"},"image":{"@id":"https:\/\/eurlhosnakamel.dz\/dz\/#\/schema\/logo\/image\/"},"sameAs":["https:\/\/www.facebook.com\/Eurl.Hosna.DZ\/"]}]}},"_links":{"self":[{"href":"https:\/\/eurlhosnakamel.dz\/dz\/wp-json\/wp\/v2\/product\/8459","targetHints":{"allow":["GET"]}}],"collection":[{"href":"https:\/\/eurlhosnakamel.dz\/dz\/wp-json\/wp\/v2\/product"}],"about":[{"href":"https:\/\/eurlhosnakamel.dz\/dz\/wp-json\/wp\/v2\/types\/product"}],"wp:featuredmedia":[{"embeddable":true,"href":"https:\/\/eurlhosnakamel.dz\/dz\/wp-json\/wp\/v2\/media\/8461"}],"wp:attachment":[{"href":"https:\/\/eurlhosnakamel.dz\/dz\/wp-json\/wp\/v2\/media?parent=8459"}],"wp:term":[{"taxonomy":"product_cat","embeddable":true,"href":"https:\/\/eurlhosnakamel.dz\/dz\/wp-json\/wp\/v2\/product_cat?post=8459"},{"taxonomy":"product_tag","embeddable":true,"href":"https:\/\/eurlhosnakamel.dz\/dz\/wp-json\/wp\/v2\/product_tag?post=8459"}],"curies":[{"name":"wp","href":"https:\/\/api.w.org\/{rel}","templated":true}]}}