{"id":8471,"date":"2020-04-25T14:39:51","date_gmt":"2020-04-25T14:39:51","guid":{"rendered":"https:\/\/lhchosting.com\/hosna\/?post_type=product&#038;p=8471"},"modified":"2020-04-25T14:42:04","modified_gmt":"2020-04-25T14:42:04","slug":"antichute-a-rappel-automatique-avec-sangle-polyester-lg-2-50-m","status":"publish","type":"product","link":"https:\/\/eurlhosnakamel.dz\/dz\/produit\/antichute-a-rappel-automatique-avec-sangle-polyester-lg-2-50-m\/","title":{"rendered":"ANTICHUTE \u00c0 RAPPEL AUTOMATIQUE AVEC SANGLE POLYESTER LG 2.50 M"},"content":{"rendered":"<p><strong>Carter plastique avec sangle polyester<\/strong><\/p>\n<p><strong>Longueur\u00a0maximale :\u00a0<\/strong>2,50 m<\/p>\n<p><strong>Largeur sangle\u00a0:\u00a0<\/strong>50 mm<\/p>\n<p><strong>R\u00e9sistance<\/strong>\u00a0: &gt; 15 kN<\/p>\n<p><strong>Connecteur fourni\u00a0:\u00a0<\/strong>1 mousqueton FA 50\u00a0101 17<\/p>\n<p><strong>HS Code :\u00a0<\/strong>84798997<\/p>\n<p><strong>Conformit\u00e9\u00a0:\u00a0<\/strong>EN360:2002<\/p>\n<p>Muni d&#8217;un carter de protection, d&#8217;un absorbeur d&#8217;\u00e9nergie (45 mm), et d&#8217;un connecteur acier FA 50 101 17 pour connexion avec un harnais.<\/p>\n<p>&nbsp;<\/p>\n<p><img decoding=\"async\" src=\"https:\/\/kratossafety.com\/img\/cms\/ce_logo.jpg\" alt=\"\" width=\"68\" height=\"49\" \/><\/p>\n","protected":false},"excerpt":{"rendered":"<p dir=\"ltr\"><strong>Antichute \u00e0 rappel automatique avec carter plastique et sangle polyester longueur 2,50 m\u00e8tres et mousqueton acier \u00e0 verrouillage \u00e0 vis<\/strong><\/p>\n","protected":false},"featured_media":8473,"template":"","meta":[],"product_cat":[641,557,637],"product_tag":[1859],"class_list":{"0":"post-8471","1":"product","2":"type-product","3":"status-publish","4":"has-post-thumbnail","6":"product_cat-antichute","7":"product_cat-epi","8":"product_cat-protection-antichute","9":"product_tag-antichute-a-rappel-automatique-avec-sangle-polyester-lg-2-50-m","10":"product_brand-kratos","12":"first","13":"instock","14":"shipping-taxable","15":"product-type-simple","16":"col-xs-6 col-sm-4","17":"col-md-3 col-lg-3","18":"un-4-cols"},"yoast_head":"<!-- This site is optimized with the Yoast SEO plugin v22.5 - https:\/\/yoast.com\/wordpress\/plugins\/seo\/ -->\n<title>ANTICHUTE \u00c0 RAPPEL AUTOMATIQUE AVEC SANGLE POLYESTER LG 2.50 M - EURL HOSNA KAMEL<\/title>\n<meta name=\"description\" content=\"ANTICHUTE \u00c0 RAPPEL AUTOMATIQUE AVEC SANGLE POLYESTER LG 2.50 M - EURL HOSNA KAMEL\" \/>\n<meta name=\"robots\" content=\"index, follow, max-snippet:-1, max-image-preview:large, max-video-preview:-1\" \/>\n<link rel=\"canonical\" href=\"https:\/\/eurlhosnakamel.dz\/dz\/produit\/antichute-a-rappel-automatique-avec-sangle-polyester-lg-2-50-m\/\" \/>\n<meta property=\"og:locale\" content=\"fr_FR\" \/>\n<meta property=\"og:type\" content=\"article\" \/>\n<meta property=\"og:title\" content=\"ANTICHUTE \u00c0 RAPPEL AUTOMATIQUE AVEC SANGLE POLYESTER LG 2.50 M - EURL HOSNA KAMEL\" \/>\n<meta property=\"og:description\" content=\"ANTICHUTE \u00c0 RAPPEL AUTOMATIQUE AVEC SANGLE POLYESTER LG 2.50 M - EURL HOSNA KAMEL\" \/>\n<meta property=\"og:url\" content=\"https:\/\/eurlhosnakamel.dz\/dz\/produit\/antichute-a-rappel-automatique-avec-sangle-polyester-lg-2-50-m\/\" \/>\n<meta property=\"og:site_name\" content=\"EURL HOSNA KAMEL\" \/>\n<meta property=\"article:publisher\" content=\"https:\/\/www.facebook.com\/Eurl.Hosna.DZ\/\" \/>\n<meta property=\"article:modified_time\" content=\"2020-04-25T14:42:04+00:00\" \/>\n<meta property=\"og:image\" content=\"https:\/\/eurlhosnakamel.dz\/dz\/wp-content\/uploads\/2020\/04\/antichute-a-rappel-automatique-avec-sangle-polyester-lg-250-m.jpg\" \/>\n\t<meta property=\"og:image:width\" content=\"800\" \/>\n\t<meta property=\"og:image:height\" content=\"800\" \/>\n\t<meta property=\"og:image:type\" content=\"image\/jpeg\" \/>\n<meta name=\"twitter:card\" content=\"summary_large_image\" \/>\n<script type=\"application\/ld+json\" class=\"yoast-schema-graph\">{\"@context\":\"https:\/\/schema.org\",\"@graph\":[{\"@type\":\"WebPage\",\"@id\":\"https:\/\/eurlhosnakamel.dz\/dz\/produit\/antichute-a-rappel-automatique-avec-sangle-polyester-lg-2-50-m\/\",\"url\":\"https:\/\/eurlhosnakamel.dz\/dz\/produit\/antichute-a-rappel-automatique-avec-sangle-polyester-lg-2-50-m\/\",\"name\":\"ANTICHUTE \u00c0 RAPPEL AUTOMATIQUE AVEC SANGLE POLYESTER LG 2.50 M - EURL HOSNA KAMEL\",\"isPartOf\":{\"@id\":\"https:\/\/eurlhosnakamel.dz\/dz\/#website\"},\"primaryImageOfPage\":{\"@id\":\"https:\/\/eurlhosnakamel.dz\/dz\/produit\/antichute-a-rappel-automatique-avec-sangle-polyester-lg-2-50-m\/#primaryimage\"},\"image\":{\"@id\":\"https:\/\/eurlhosnakamel.dz\/dz\/produit\/antichute-a-rappel-automatique-avec-sangle-polyester-lg-2-50-m\/#primaryimage\"},\"thumbnailUrl\":\"https:\/\/eurlhosnakamel.dz\/dz\/wp-content\/uploads\/2020\/04\/antichute-a-rappel-automatique-avec-sangle-polyester-lg-250-m.jpg\",\"datePublished\":\"2020-04-25T14:39:51+00:00\",\"dateModified\":\"2020-04-25T14:42:04+00:00\",\"description\":\"ANTICHUTE \u00c0 RAPPEL AUTOMATIQUE AVEC SANGLE POLYESTER LG 2.50 M - EURL HOSNA KAMEL\",\"breadcrumb\":{\"@id\":\"https:\/\/eurlhosnakamel.dz\/dz\/produit\/antichute-a-rappel-automatique-avec-sangle-polyester-lg-2-50-m\/#breadcrumb\"},\"inLanguage\":\"fr-FR\",\"potentialAction\":[{\"@type\":\"ReadAction\",\"target\":[\"https:\/\/eurlhosnakamel.dz\/dz\/produit\/antichute-a-rappel-automatique-avec-sangle-polyester-lg-2-50-m\/\"]}]},{\"@type\":\"ImageObject\",\"inLanguage\":\"fr-FR\",\"@id\":\"https:\/\/eurlhosnakamel.dz\/dz\/produit\/antichute-a-rappel-automatique-avec-sangle-polyester-lg-2-50-m\/#primaryimage\",\"url\":\"https:\/\/eurlhosnakamel.dz\/dz\/wp-content\/uploads\/2020\/04\/antichute-a-rappel-automatique-avec-sangle-polyester-lg-250-m.jpg\",\"contentUrl\":\"https:\/\/eurlhosnakamel.dz\/dz\/wp-content\/uploads\/2020\/04\/antichute-a-rappel-automatique-avec-sangle-polyester-lg-250-m.jpg\",\"width\":800,\"height\":800},{\"@type\":\"BreadcrumbList\",\"@id\":\"https:\/\/eurlhosnakamel.dz\/dz\/produit\/antichute-a-rappel-automatique-avec-sangle-polyester-lg-2-50-m\/#breadcrumb\",\"itemListElement\":[{\"@type\":\"ListItem\",\"position\":1,\"name\":\"Accueil\",\"item\":\"https:\/\/eurlhosnakamel.dz\/dz\/\"},{\"@type\":\"ListItem\",\"position\":2,\"name\":\"Shop\",\"item\":\"https:\/\/eurlhosnakamel.dz\/dz\/shop\/\"},{\"@type\":\"ListItem\",\"position\":3,\"name\":\"ANTICHUTE \u00c0 RAPPEL AUTOMATIQUE AVEC SANGLE POLYESTER LG 2.50 M\"}]},{\"@type\":\"WebSite\",\"@id\":\"https:\/\/eurlhosnakamel.dz\/dz\/#website\",\"url\":\"https:\/\/eurlhosnakamel.dz\/dz\/\",\"name\":\"EURL HOSNA KAMEL\",\"description\":\"Fournisseur Premium d&#039;Outillages Professionnels en Alg\u00e9rie -\",\"publisher\":{\"@id\":\"https:\/\/eurlhosnakamel.dz\/dz\/#organization\"},\"potentialAction\":[{\"@type\":\"SearchAction\",\"target\":{\"@type\":\"EntryPoint\",\"urlTemplate\":\"https:\/\/eurlhosnakamel.dz\/dz\/?s={search_term_string}\"},\"query-input\":\"required name=search_term_string\"}],\"inLanguage\":\"fr-FR\"},{\"@type\":\"Organization\",\"@id\":\"https:\/\/eurlhosnakamel.dz\/dz\/#organization\",\"name\":\"EURL HOSNA KAMEL - Bosch alg\u00e9rie\",\"url\":\"https:\/\/eurlhosnakamel.dz\/dz\/\",\"logo\":{\"@type\":\"ImageObject\",\"inLanguage\":\"fr-FR\",\"@id\":\"https:\/\/eurlhosnakamel.dz\/dz\/#\/schema\/logo\/image\/\",\"url\":\"https:\/\/eurlhosnakamel.dz\/wp-content\/uploads\/2020\/04\/LOGO-HOSNA1.png\",\"contentUrl\":\"https:\/\/eurlhosnakamel.dz\/wp-content\/uploads\/2020\/04\/LOGO-HOSNA1.png\",\"width\":120,\"height\":127,\"caption\":\"EURL HOSNA KAMEL - Bosch alg\u00e9rie\"},\"image\":{\"@id\":\"https:\/\/eurlhosnakamel.dz\/dz\/#\/schema\/logo\/image\/\"},\"sameAs\":[\"https:\/\/www.facebook.com\/Eurl.Hosna.DZ\/\"]}]}<\/script>\n<!-- \/ Yoast SEO plugin. -->","yoast_head_json":{"title":"ANTICHUTE \u00c0 RAPPEL AUTOMATIQUE AVEC SANGLE POLYESTER LG 2.50 M - EURL HOSNA KAMEL","description":"ANTICHUTE \u00c0 RAPPEL AUTOMATIQUE AVEC SANGLE POLYESTER LG 2.50 M - EURL HOSNA KAMEL","robots":{"index":"index","follow":"follow","max-snippet":"max-snippet:-1","max-image-preview":"max-image-preview:large","max-video-preview":"max-video-preview:-1"},"canonical":"https:\/\/eurlhosnakamel.dz\/dz\/produit\/antichute-a-rappel-automatique-avec-sangle-polyester-lg-2-50-m\/","og_locale":"fr_FR","og_type":"article","og_title":"ANTICHUTE \u00c0 RAPPEL AUTOMATIQUE AVEC SANGLE POLYESTER LG 2.50 M - EURL HOSNA KAMEL","og_description":"ANTICHUTE \u00c0 RAPPEL AUTOMATIQUE AVEC SANGLE POLYESTER LG 2.50 M - EURL HOSNA KAMEL","og_url":"https:\/\/eurlhosnakamel.dz\/dz\/produit\/antichute-a-rappel-automatique-avec-sangle-polyester-lg-2-50-m\/","og_site_name":"EURL HOSNA KAMEL","article_publisher":"https:\/\/www.facebook.com\/Eurl.Hosna.DZ\/","article_modified_time":"2020-04-25T14:42:04+00:00","og_image":[{"width":800,"height":800,"url":"https:\/\/eurlhosnakamel.dz\/dz\/wp-content\/uploads\/2020\/04\/antichute-a-rappel-automatique-avec-sangle-polyester-lg-250-m.jpg","type":"image\/jpeg"}],"twitter_card":"summary_large_image","schema":{"@context":"https:\/\/schema.org","@graph":[{"@type":"WebPage","@id":"https:\/\/eurlhosnakamel.dz\/dz\/produit\/antichute-a-rappel-automatique-avec-sangle-polyester-lg-2-50-m\/","url":"https:\/\/eurlhosnakamel.dz\/dz\/produit\/antichute-a-rappel-automatique-avec-sangle-polyester-lg-2-50-m\/","name":"ANTICHUTE \u00c0 RAPPEL AUTOMATIQUE AVEC SANGLE POLYESTER LG 2.50 M - EURL HOSNA KAMEL","isPartOf":{"@id":"https:\/\/eurlhosnakamel.dz\/dz\/#website"},"primaryImageOfPage":{"@id":"https:\/\/eurlhosnakamel.dz\/dz\/produit\/antichute-a-rappel-automatique-avec-sangle-polyester-lg-2-50-m\/#primaryimage"},"image":{"@id":"https:\/\/eurlhosnakamel.dz\/dz\/produit\/antichute-a-rappel-automatique-avec-sangle-polyester-lg-2-50-m\/#primaryimage"},"thumbnailUrl":"https:\/\/eurlhosnakamel.dz\/dz\/wp-content\/uploads\/2020\/04\/antichute-a-rappel-automatique-avec-sangle-polyester-lg-250-m.jpg","datePublished":"2020-04-25T14:39:51+00:00","dateModified":"2020-04-25T14:42:04+00:00","description":"ANTICHUTE \u00c0 RAPPEL AUTOMATIQUE AVEC SANGLE POLYESTER LG 2.50 M - EURL HOSNA KAMEL","breadcrumb":{"@id":"https:\/\/eurlhosnakamel.dz\/dz\/produit\/antichute-a-rappel-automatique-avec-sangle-polyester-lg-2-50-m\/#breadcrumb"},"inLanguage":"fr-FR","potentialAction":[{"@type":"ReadAction","target":["https:\/\/eurlhosnakamel.dz\/dz\/produit\/antichute-a-rappel-automatique-avec-sangle-polyester-lg-2-50-m\/"]}]},{"@type":"ImageObject","inLanguage":"fr-FR","@id":"https:\/\/eurlhosnakamel.dz\/dz\/produit\/antichute-a-rappel-automatique-avec-sangle-polyester-lg-2-50-m\/#primaryimage","url":"https:\/\/eurlhosnakamel.dz\/dz\/wp-content\/uploads\/2020\/04\/antichute-a-rappel-automatique-avec-sangle-polyester-lg-250-m.jpg","contentUrl":"https:\/\/eurlhosnakamel.dz\/dz\/wp-content\/uploads\/2020\/04\/antichute-a-rappel-automatique-avec-sangle-polyester-lg-250-m.jpg","width":800,"height":800},{"@type":"BreadcrumbList","@id":"https:\/\/eurlhosnakamel.dz\/dz\/produit\/antichute-a-rappel-automatique-avec-sangle-polyester-lg-2-50-m\/#breadcrumb","itemListElement":[{"@type":"ListItem","position":1,"name":"Accueil","item":"https:\/\/eurlhosnakamel.dz\/dz\/"},{"@type":"ListItem","position":2,"name":"Shop","item":"https:\/\/eurlhosnakamel.dz\/dz\/shop\/"},{"@type":"ListItem","position":3,"name":"ANTICHUTE \u00c0 RAPPEL AUTOMATIQUE AVEC SANGLE POLYESTER LG 2.50 M"}]},{"@type":"WebSite","@id":"https:\/\/eurlhosnakamel.dz\/dz\/#website","url":"https:\/\/eurlhosnakamel.dz\/dz\/","name":"EURL HOSNA KAMEL","description":"Fournisseur Premium d&#039;Outillages Professionnels en Alg\u00e9rie -","publisher":{"@id":"https:\/\/eurlhosnakamel.dz\/dz\/#organization"},"potentialAction":[{"@type":"SearchAction","target":{"@type":"EntryPoint","urlTemplate":"https:\/\/eurlhosnakamel.dz\/dz\/?s={search_term_string}"},"query-input":"required name=search_term_string"}],"inLanguage":"fr-FR"},{"@type":"Organization","@id":"https:\/\/eurlhosnakamel.dz\/dz\/#organization","name":"EURL HOSNA KAMEL - Bosch alg\u00e9rie","url":"https:\/\/eurlhosnakamel.dz\/dz\/","logo":{"@type":"ImageObject","inLanguage":"fr-FR","@id":"https:\/\/eurlhosnakamel.dz\/dz\/#\/schema\/logo\/image\/","url":"https:\/\/eurlhosnakamel.dz\/wp-content\/uploads\/2020\/04\/LOGO-HOSNA1.png","contentUrl":"https:\/\/eurlhosnakamel.dz\/wp-content\/uploads\/2020\/04\/LOGO-HOSNA1.png","width":120,"height":127,"caption":"EURL HOSNA KAMEL - Bosch alg\u00e9rie"},"image":{"@id":"https:\/\/eurlhosnakamel.dz\/dz\/#\/schema\/logo\/image\/"},"sameAs":["https:\/\/www.facebook.com\/Eurl.Hosna.DZ\/"]}]}},"_links":{"self":[{"href":"https:\/\/eurlhosnakamel.dz\/dz\/wp-json\/wp\/v2\/product\/8471","targetHints":{"allow":["GET"]}}],"collection":[{"href":"https:\/\/eurlhosnakamel.dz\/dz\/wp-json\/wp\/v2\/product"}],"about":[{"href":"https:\/\/eurlhosnakamel.dz\/dz\/wp-json\/wp\/v2\/types\/product"}],"wp:featuredmedia":[{"embeddable":true,"href":"https:\/\/eurlhosnakamel.dz\/dz\/wp-json\/wp\/v2\/media\/8473"}],"wp:attachment":[{"href":"https:\/\/eurlhosnakamel.dz\/dz\/wp-json\/wp\/v2\/media?parent=8471"}],"wp:term":[{"taxonomy":"product_cat","embeddable":true,"href":"https:\/\/eurlhosnakamel.dz\/dz\/wp-json\/wp\/v2\/product_cat?post=8471"},{"taxonomy":"product_tag","embeddable":true,"href":"https:\/\/eurlhosnakamel.dz\/dz\/wp-json\/wp\/v2\/product_tag?post=8471"}],"curies":[{"name":"wp","href":"https:\/\/api.w.org\/{rel}","templated":true}]}}