{"id":8481,"date":"2020-04-25T14:51:20","date_gmt":"2020-04-25T14:51:20","guid":{"rendered":"https:\/\/lhchosting.com\/hosna\/?post_type=product&#038;p=8481"},"modified":"2020-04-25T14:54:32","modified_gmt":"2020-04-25T14:54:32","slug":"kratos-harnais-antichute-1p-daccrochage-fa1010200","status":"publish","type":"product","link":"https:\/\/eurlhosnakamel.dz\/dz\/produit\/kratos-harnais-antichute-1p-daccrochage-fa1010200\/","title":{"rendered":"KRATOS HARNAIS  ANTICHUTE 1P D&#8217;ACCROCHAGE FA1010200"},"content":{"rendered":"<p><strong>Corde tress\u00e9e semi-statique<\/strong><\/p>\n<p><strong>Harnais 1 point d&#8217;accrochage<\/strong><\/p>\n<p>&nbsp;<\/p>\n<p><strong>Points d&#8217;accrochage &#8211;<\/strong>\u00a01 D\u00e9 dorsal pour syst\u00e8me antichute<\/p>\n<p><strong>Adaptabilit\u00e9 &#8211;<\/strong>\u00a0Cuisses ajustables<\/p>\n<p><strong>Points forts &#8211;\u00a0<\/strong>\u00c9paules et cuisses diff\u00e9renci\u00e9es par 2 couleurs distinctes<\/p>\n<p><strong>Ergonomie &#8211;<\/strong>\u00a0Sangle sous fessi\u00e8re id\u00e9alement plac\u00e9e pour un meilleur confort de l&#8217;utilisateur<\/p>\n<p><strong>Conformit\u00e9 &#8211;<\/strong>\u00a0Conforme \u00e0 la norme\u00a0 EN 361: 2002<\/p>\n<p>Utilisable par un utilisateur ayant un poids maximum de 140 kg.<\/p>\n<p><strong>Taille<\/strong><strong>\u00a0:\u00a0<\/strong>Unique<\/p>\n<p><strong>Poids<\/strong><strong>\u00a0:\u00a0<\/strong>0,72 kg<\/p>\n<p><strong>Mati\u00e8res des sangles\u00a0:\u00a0<\/strong>Polyester<\/p>\n<p><strong>Mati\u00e8res des boucles\u00a0:\u00a0<\/strong>Acier<\/p>\n<p><strong>HS Code\u00a0:\u00a0<\/strong>6307 20 90<\/p>\n<p>&nbsp;<\/p>\n<p><img decoding=\"async\" src=\"https:\/\/kratossafety.com\/img\/cms\/ce_logo.jpg\" alt=\"\" width=\"68\" height=\"49\" \/><\/p>\n","protected":false},"excerpt":{"rendered":"<p dir=\"ltr\"><strong>Harnais avec 1 D\u00e9 dorsal pour syst\u00e8me antichute<\/strong><\/p>\n","protected":false},"featured_media":8483,"template":"","meta":[],"product_cat":[557,639,637],"product_tag":[1863],"class_list":{"0":"post-8481","1":"product","2":"type-product","3":"status-publish","4":"has-post-thumbnail","6":"product_cat-epi","7":"product_cat-harnais-de-securite","8":"product_cat-protection-antichute","9":"product_tag-kratos-harnais-antichute-1p-daccrochage-fa1010200","10":"product_brand-kratos","12":"first","13":"instock","14":"shipping-taxable","15":"product-type-simple","16":"col-xs-6 col-sm-4","17":"col-md-3 col-lg-3","18":"un-4-cols"},"yoast_head":"<!-- This site is optimized with the Yoast SEO plugin v22.5 - https:\/\/yoast.com\/wordpress\/plugins\/seo\/ -->\n<title>KRATOS HARNAIS ANTICHUTE 1P D&#039;ACCROCHAGE FA1010200 - EURL HOSNA KAMEL<\/title>\n<meta name=\"description\" content=\"KRATOS HARNAIS ANTICHUTE 1P D&#039;ACCROCHAGE FA1010200 - EURL HOSNA KAMEL\" \/>\n<meta name=\"robots\" content=\"index, follow, max-snippet:-1, max-image-preview:large, max-video-preview:-1\" \/>\n<link rel=\"canonical\" href=\"https:\/\/eurlhosnakamel.dz\/dz\/produit\/kratos-harnais-antichute-1p-daccrochage-fa1010200\/\" \/>\n<meta property=\"og:locale\" content=\"fr_FR\" \/>\n<meta property=\"og:type\" content=\"article\" \/>\n<meta property=\"og:title\" content=\"KRATOS HARNAIS ANTICHUTE 1P D&#039;ACCROCHAGE FA1010200 - EURL HOSNA KAMEL\" \/>\n<meta property=\"og:description\" content=\"KRATOS HARNAIS ANTICHUTE 1P D&#039;ACCROCHAGE FA1010200 - EURL HOSNA KAMEL\" \/>\n<meta property=\"og:url\" content=\"https:\/\/eurlhosnakamel.dz\/dz\/produit\/kratos-harnais-antichute-1p-daccrochage-fa1010200\/\" \/>\n<meta property=\"og:site_name\" content=\"EURL HOSNA KAMEL\" \/>\n<meta property=\"article:publisher\" content=\"https:\/\/www.facebook.com\/Eurl.Hosna.DZ\/\" \/>\n<meta property=\"article:modified_time\" content=\"2020-04-25T14:54:32+00:00\" \/>\n<meta property=\"og:image\" content=\"https:\/\/eurlhosnakamel.dz\/dz\/wp-content\/uploads\/2020\/04\/harnais-fa1010200-1.jpg\" \/>\n\t<meta property=\"og:image:width\" content=\"800\" \/>\n\t<meta property=\"og:image:height\" content=\"800\" \/>\n\t<meta property=\"og:image:type\" content=\"image\/jpeg\" \/>\n<meta name=\"twitter:card\" content=\"summary_large_image\" \/>\n<script type=\"application\/ld+json\" class=\"yoast-schema-graph\">{\"@context\":\"https:\/\/schema.org\",\"@graph\":[{\"@type\":\"WebPage\",\"@id\":\"https:\/\/eurlhosnakamel.dz\/dz\/produit\/kratos-harnais-antichute-1p-daccrochage-fa1010200\/\",\"url\":\"https:\/\/eurlhosnakamel.dz\/dz\/produit\/kratos-harnais-antichute-1p-daccrochage-fa1010200\/\",\"name\":\"KRATOS HARNAIS ANTICHUTE 1P D'ACCROCHAGE FA1010200 - EURL HOSNA KAMEL\",\"isPartOf\":{\"@id\":\"https:\/\/eurlhosnakamel.dz\/dz\/#website\"},\"primaryImageOfPage\":{\"@id\":\"https:\/\/eurlhosnakamel.dz\/dz\/produit\/kratos-harnais-antichute-1p-daccrochage-fa1010200\/#primaryimage\"},\"image\":{\"@id\":\"https:\/\/eurlhosnakamel.dz\/dz\/produit\/kratos-harnais-antichute-1p-daccrochage-fa1010200\/#primaryimage\"},\"thumbnailUrl\":\"https:\/\/eurlhosnakamel.dz\/dz\/wp-content\/uploads\/2020\/04\/harnais-fa1010200-1.jpg\",\"datePublished\":\"2020-04-25T14:51:20+00:00\",\"dateModified\":\"2020-04-25T14:54:32+00:00\",\"description\":\"KRATOS HARNAIS ANTICHUTE 1P D'ACCROCHAGE FA1010200 - EURL HOSNA KAMEL\",\"breadcrumb\":{\"@id\":\"https:\/\/eurlhosnakamel.dz\/dz\/produit\/kratos-harnais-antichute-1p-daccrochage-fa1010200\/#breadcrumb\"},\"inLanguage\":\"fr-FR\",\"potentialAction\":[{\"@type\":\"ReadAction\",\"target\":[\"https:\/\/eurlhosnakamel.dz\/dz\/produit\/kratos-harnais-antichute-1p-daccrochage-fa1010200\/\"]}]},{\"@type\":\"ImageObject\",\"inLanguage\":\"fr-FR\",\"@id\":\"https:\/\/eurlhosnakamel.dz\/dz\/produit\/kratos-harnais-antichute-1p-daccrochage-fa1010200\/#primaryimage\",\"url\":\"https:\/\/eurlhosnakamel.dz\/dz\/wp-content\/uploads\/2020\/04\/harnais-fa1010200-1.jpg\",\"contentUrl\":\"https:\/\/eurlhosnakamel.dz\/dz\/wp-content\/uploads\/2020\/04\/harnais-fa1010200-1.jpg\",\"width\":800,\"height\":800},{\"@type\":\"BreadcrumbList\",\"@id\":\"https:\/\/eurlhosnakamel.dz\/dz\/produit\/kratos-harnais-antichute-1p-daccrochage-fa1010200\/#breadcrumb\",\"itemListElement\":[{\"@type\":\"ListItem\",\"position\":1,\"name\":\"Accueil\",\"item\":\"https:\/\/eurlhosnakamel.dz\/dz\/\"},{\"@type\":\"ListItem\",\"position\":2,\"name\":\"Shop\",\"item\":\"https:\/\/eurlhosnakamel.dz\/dz\/shop\/\"},{\"@type\":\"ListItem\",\"position\":3,\"name\":\"KRATOS HARNAIS ANTICHUTE 1P D&#8217;ACCROCHAGE FA1010200\"}]},{\"@type\":\"WebSite\",\"@id\":\"https:\/\/eurlhosnakamel.dz\/dz\/#website\",\"url\":\"https:\/\/eurlhosnakamel.dz\/dz\/\",\"name\":\"EURL HOSNA KAMEL\",\"description\":\"Fournisseur Premium d&#039;Outillages Professionnels en Alg\u00e9rie -\",\"publisher\":{\"@id\":\"https:\/\/eurlhosnakamel.dz\/dz\/#organization\"},\"potentialAction\":[{\"@type\":\"SearchAction\",\"target\":{\"@type\":\"EntryPoint\",\"urlTemplate\":\"https:\/\/eurlhosnakamel.dz\/dz\/?s={search_term_string}\"},\"query-input\":\"required name=search_term_string\"}],\"inLanguage\":\"fr-FR\"},{\"@type\":\"Organization\",\"@id\":\"https:\/\/eurlhosnakamel.dz\/dz\/#organization\",\"name\":\"EURL HOSNA KAMEL - Bosch alg\u00e9rie\",\"url\":\"https:\/\/eurlhosnakamel.dz\/dz\/\",\"logo\":{\"@type\":\"ImageObject\",\"inLanguage\":\"fr-FR\",\"@id\":\"https:\/\/eurlhosnakamel.dz\/dz\/#\/schema\/logo\/image\/\",\"url\":\"https:\/\/eurlhosnakamel.dz\/wp-content\/uploads\/2020\/04\/LOGO-HOSNA1.png\",\"contentUrl\":\"https:\/\/eurlhosnakamel.dz\/wp-content\/uploads\/2020\/04\/LOGO-HOSNA1.png\",\"width\":120,\"height\":127,\"caption\":\"EURL HOSNA KAMEL - Bosch alg\u00e9rie\"},\"image\":{\"@id\":\"https:\/\/eurlhosnakamel.dz\/dz\/#\/schema\/logo\/image\/\"},\"sameAs\":[\"https:\/\/www.facebook.com\/Eurl.Hosna.DZ\/\"]}]}<\/script>\n<!-- \/ Yoast SEO plugin. -->","yoast_head_json":{"title":"KRATOS HARNAIS ANTICHUTE 1P D'ACCROCHAGE FA1010200 - EURL HOSNA KAMEL","description":"KRATOS HARNAIS ANTICHUTE 1P D'ACCROCHAGE FA1010200 - EURL HOSNA KAMEL","robots":{"index":"index","follow":"follow","max-snippet":"max-snippet:-1","max-image-preview":"max-image-preview:large","max-video-preview":"max-video-preview:-1"},"canonical":"https:\/\/eurlhosnakamel.dz\/dz\/produit\/kratos-harnais-antichute-1p-daccrochage-fa1010200\/","og_locale":"fr_FR","og_type":"article","og_title":"KRATOS HARNAIS ANTICHUTE 1P D'ACCROCHAGE FA1010200 - EURL HOSNA KAMEL","og_description":"KRATOS HARNAIS ANTICHUTE 1P D'ACCROCHAGE FA1010200 - EURL HOSNA KAMEL","og_url":"https:\/\/eurlhosnakamel.dz\/dz\/produit\/kratos-harnais-antichute-1p-daccrochage-fa1010200\/","og_site_name":"EURL HOSNA KAMEL","article_publisher":"https:\/\/www.facebook.com\/Eurl.Hosna.DZ\/","article_modified_time":"2020-04-25T14:54:32+00:00","og_image":[{"width":800,"height":800,"url":"https:\/\/eurlhosnakamel.dz\/dz\/wp-content\/uploads\/2020\/04\/harnais-fa1010200-1.jpg","type":"image\/jpeg"}],"twitter_card":"summary_large_image","schema":{"@context":"https:\/\/schema.org","@graph":[{"@type":"WebPage","@id":"https:\/\/eurlhosnakamel.dz\/dz\/produit\/kratos-harnais-antichute-1p-daccrochage-fa1010200\/","url":"https:\/\/eurlhosnakamel.dz\/dz\/produit\/kratos-harnais-antichute-1p-daccrochage-fa1010200\/","name":"KRATOS HARNAIS ANTICHUTE 1P D'ACCROCHAGE FA1010200 - EURL HOSNA KAMEL","isPartOf":{"@id":"https:\/\/eurlhosnakamel.dz\/dz\/#website"},"primaryImageOfPage":{"@id":"https:\/\/eurlhosnakamel.dz\/dz\/produit\/kratos-harnais-antichute-1p-daccrochage-fa1010200\/#primaryimage"},"image":{"@id":"https:\/\/eurlhosnakamel.dz\/dz\/produit\/kratos-harnais-antichute-1p-daccrochage-fa1010200\/#primaryimage"},"thumbnailUrl":"https:\/\/eurlhosnakamel.dz\/dz\/wp-content\/uploads\/2020\/04\/harnais-fa1010200-1.jpg","datePublished":"2020-04-25T14:51:20+00:00","dateModified":"2020-04-25T14:54:32+00:00","description":"KRATOS HARNAIS ANTICHUTE 1P D'ACCROCHAGE FA1010200 - EURL HOSNA KAMEL","breadcrumb":{"@id":"https:\/\/eurlhosnakamel.dz\/dz\/produit\/kratos-harnais-antichute-1p-daccrochage-fa1010200\/#breadcrumb"},"inLanguage":"fr-FR","potentialAction":[{"@type":"ReadAction","target":["https:\/\/eurlhosnakamel.dz\/dz\/produit\/kratos-harnais-antichute-1p-daccrochage-fa1010200\/"]}]},{"@type":"ImageObject","inLanguage":"fr-FR","@id":"https:\/\/eurlhosnakamel.dz\/dz\/produit\/kratos-harnais-antichute-1p-daccrochage-fa1010200\/#primaryimage","url":"https:\/\/eurlhosnakamel.dz\/dz\/wp-content\/uploads\/2020\/04\/harnais-fa1010200-1.jpg","contentUrl":"https:\/\/eurlhosnakamel.dz\/dz\/wp-content\/uploads\/2020\/04\/harnais-fa1010200-1.jpg","width":800,"height":800},{"@type":"BreadcrumbList","@id":"https:\/\/eurlhosnakamel.dz\/dz\/produit\/kratos-harnais-antichute-1p-daccrochage-fa1010200\/#breadcrumb","itemListElement":[{"@type":"ListItem","position":1,"name":"Accueil","item":"https:\/\/eurlhosnakamel.dz\/dz\/"},{"@type":"ListItem","position":2,"name":"Shop","item":"https:\/\/eurlhosnakamel.dz\/dz\/shop\/"},{"@type":"ListItem","position":3,"name":"KRATOS HARNAIS ANTICHUTE 1P D&#8217;ACCROCHAGE FA1010200"}]},{"@type":"WebSite","@id":"https:\/\/eurlhosnakamel.dz\/dz\/#website","url":"https:\/\/eurlhosnakamel.dz\/dz\/","name":"EURL HOSNA KAMEL","description":"Fournisseur Premium d&#039;Outillages Professionnels en Alg\u00e9rie -","publisher":{"@id":"https:\/\/eurlhosnakamel.dz\/dz\/#organization"},"potentialAction":[{"@type":"SearchAction","target":{"@type":"EntryPoint","urlTemplate":"https:\/\/eurlhosnakamel.dz\/dz\/?s={search_term_string}"},"query-input":"required name=search_term_string"}],"inLanguage":"fr-FR"},{"@type":"Organization","@id":"https:\/\/eurlhosnakamel.dz\/dz\/#organization","name":"EURL HOSNA KAMEL - Bosch alg\u00e9rie","url":"https:\/\/eurlhosnakamel.dz\/dz\/","logo":{"@type":"ImageObject","inLanguage":"fr-FR","@id":"https:\/\/eurlhosnakamel.dz\/dz\/#\/schema\/logo\/image\/","url":"https:\/\/eurlhosnakamel.dz\/wp-content\/uploads\/2020\/04\/LOGO-HOSNA1.png","contentUrl":"https:\/\/eurlhosnakamel.dz\/wp-content\/uploads\/2020\/04\/LOGO-HOSNA1.png","width":120,"height":127,"caption":"EURL HOSNA KAMEL - Bosch alg\u00e9rie"},"image":{"@id":"https:\/\/eurlhosnakamel.dz\/dz\/#\/schema\/logo\/image\/"},"sameAs":["https:\/\/www.facebook.com\/Eurl.Hosna.DZ\/"]}]}},"_links":{"self":[{"href":"https:\/\/eurlhosnakamel.dz\/dz\/wp-json\/wp\/v2\/product\/8481","targetHints":{"allow":["GET"]}}],"collection":[{"href":"https:\/\/eurlhosnakamel.dz\/dz\/wp-json\/wp\/v2\/product"}],"about":[{"href":"https:\/\/eurlhosnakamel.dz\/dz\/wp-json\/wp\/v2\/types\/product"}],"wp:featuredmedia":[{"embeddable":true,"href":"https:\/\/eurlhosnakamel.dz\/dz\/wp-json\/wp\/v2\/media\/8483"}],"wp:attachment":[{"href":"https:\/\/eurlhosnakamel.dz\/dz\/wp-json\/wp\/v2\/media?parent=8481"}],"wp:term":[{"taxonomy":"product_cat","embeddable":true,"href":"https:\/\/eurlhosnakamel.dz\/dz\/wp-json\/wp\/v2\/product_cat?post=8481"},{"taxonomy":"product_tag","embeddable":true,"href":"https:\/\/eurlhosnakamel.dz\/dz\/wp-json\/wp\/v2\/product_tag?post=8481"}],"curies":[{"name":"wp","href":"https:\/\/api.w.org\/{rel}","templated":true}]}}