{"id":8609,"date":"2020-04-26T12:43:11","date_gmt":"2020-04-26T12:43:11","guid":{"rendered":"https:\/\/lhchosting.com\/hosna\/?post_type=product&#038;p=8609"},"modified":"2021-12-19T08:56:34","modified_gmt":"2021-12-19T08:56:34","slug":"bosch-batterie-li-ion-gba-18v-5-0a-002u5","status":"publish","type":"product","link":"https:\/\/eurlhosnakamel.dz\/dz\/produit\/bosch-batterie-li-ion-gba-18v-5-0a-002u5\/","title":{"rendered":"Batterie Li-Ion 18V GBA 18V 5,0 Ah"},"content":{"rendered":"<h2 class=\"headline hl1\" style=\"text-align: justify\">Avantages<\/h2>\n<div class=\"row\">\n<div class=\"col-md-6\" style=\"text-align: justify\">\n<div class=\"m-product_hightlights__content-wrapper\">\n<h3 class=\"headline hl4\">La batterie XL 18 V endurante de 5,0 Ah avec technologie COOLPACK<\/h3>\n<ul class=\"m-product_hightlights__list\">\n<li>Jusqu\u2019\u00e0 25 % d\u2019autonomie suppl\u00e9mentaire (par rapport \u00e0 une batterie 4,0 Ah)<\/li>\n<li>Technologie COOLPACK pour jusqu\u2019\u00e0 100 % de long\u00e9vit\u00e9 en plus (par rapport \u00e0 une batterie sans COOLPACK)<\/li>\n<li>Compatibilit\u00e9 depuis 2008 : au sein de la m\u00eame cat\u00e9gorie de voltage, toutes nos batteries sont compatibles avec tous les outils \u00e9lectroportatifs nouveaux ou d\u00e9j\u00e0 existants de Bosch Professional.<\/li>\n<\/ul>\n<\/div>\n<\/div>\n<div class=\"col-md-6\">\n<h3 class=\"headline hl4\" style=\"text-align: justify\">Fonctions<\/h3>\n<div class=\"image-row bsTooltip__wrapper\">\n<div class=\"image-col bsTooltip\" style=\"text-align: justify\" title=\"\" data-content=\"Pas d\u2019autod\u00e9charge, pas d\u2019effet m\u00e9moire et un grand rendement \u00e9nerg\u00e9tique gr\u00e2ce \u00e0 la technologie Lithium-Ion\" data-original-title=\"\"><img decoding=\"async\" class=\"img-responsive ls-is-cached lazyloaded\" src=\"https:\/\/www.bosch-professional.com\/binary\/ocsmedia\/optimized\/100x100\/o7427v54_Bosch_BI_Icon_LI-Ion.png\" alt=\"Pas d\u2019autod\u00e9charge, pas d\u2019effet m\u00e9moire et un grand rendement \u00e9nerg\u00e9tique gr\u00e2ce \u00e0 la technologie Lithium-Ion\" data-sizes=\"(max-width: 767px) 100px, (min-width: 768px) and (max-width: 991px) 100px, (-webkit-min-device-pixel-ratio: 2.0) and (min-width: 1000px) 200px, 100px\" data-srcset=\"https:\/\/www.bosch-professional.com\/binary\/ocsmedia\/optimized\/100x100\/o7427v54_Bosch_BI_Icon_LI-Ion.png 100w, https:\/\/www.bosch-professional.com\/binary\/ocsmedia\/optimized\/100x100\/o7427v54_Bosch_BI_Icon_LI-Ion.png 100w, https:\/\/www.bosch-professional.com\/binary\/ocsmedia\/optimized\/100x100\/o7427v54_Bosch_BI_Icon_LI-Ion.png 100w, https:\/\/www.bosch-professional.com\/binary\/ocsmedia\/optimized\/200x200\/o7427v54_Bosch_BI_Icon_LI-Ion.png 200w\" data-src=\"https:\/\/www.bosch-professional.com\/binary\/ocsmedia\/optimized\/100x100\/o7427v54_Bosch_BI_Icon_LI-Ion.png\" \/> \u00a0<img decoding=\"async\" class=\"img-responsive ls-is-cached lazyloaded\" src=\"https:\/\/www.bosch-professional.com\/binary\/ocsmedia\/optimized\/100x100\/o117725v54_Bosch_Bl_Icon_Cool_Pack.png\" alt=\"Protection optimale des cellules contre la surchauffe gr\u00e2ce \u00e0 un bo\u00eetier sp\u00e9cial \u00e0 tr\u00e8s bonne conductivit\u00e9 thermique\" data-sizes=\"(max-width: 767px) 100px, (min-width: 768px) and (max-width: 991px) 100px, (-webkit-min-device-pixel-ratio: 2.0) and (min-width: 1000px) 200px, 100px\" data-srcset=\"https:\/\/www.bosch-professional.com\/binary\/ocsmedia\/optimized\/100x100\/o117725v54_Bosch_Bl_Icon_Cool_Pack.png 100w, https:\/\/www.bosch-professional.com\/binary\/ocsmedia\/optimized\/100x100\/o117725v54_Bosch_Bl_Icon_Cool_Pack.png 100w, https:\/\/www.bosch-professional.com\/binary\/ocsmedia\/optimized\/100x100\/o117725v54_Bosch_Bl_Icon_Cool_Pack.png 100w, https:\/\/www.bosch-professional.com\/binary\/ocsmedia\/optimized\/200x200\/o117725v54_Bosch_Bl_Icon_Cool_Pack.png 200w\" data-src=\"https:\/\/www.bosch-professional.com\/binary\/ocsmedia\/optimized\/100x100\/o117725v54_Bosch_Bl_Icon_Cool_Pack.png\" \/> \u00a0<img decoding=\"async\" class=\"img-responsive ls-is-cached lazyloaded\" src=\"https:\/\/www.bosch-professional.com\/binary\/ocsmedia\/optimized\/100x100\/o167393v54_Bosch_BI_Icon_FlexiblePowerSystem.png\" alt=\"Batterie 100 % compatible avec tous les outils de m\u00eame voltage Batterie \u00ab Premium \u00bb pour plus d\u2019autonomie ou batterie \u00ab Compact \u00bb pour une meilleure maniabilit\u00e9\" data-sizes=\"(max-width: 767px) 100px, (min-width: 768px) and (max-width: 991px) 100px, (-webkit-min-device-pixel-ratio: 2.0) and (min-width: 1000px) 200px, 100px\" data-srcset=\"https:\/\/www.bosch-professional.com\/binary\/ocsmedia\/optimized\/100x100\/o167393v54_Bosch_BI_Icon_FlexiblePowerSystem.png 100w, https:\/\/www.bosch-professional.com\/binary\/ocsmedia\/optimized\/100x100\/o167393v54_Bosch_BI_Icon_FlexiblePowerSystem.png 100w, https:\/\/www.bosch-professional.com\/binary\/ocsmedia\/optimized\/100x100\/o167393v54_Bosch_BI_Icon_FlexiblePowerSystem.png 100w, https:\/\/www.bosch-professional.com\/binary\/ocsmedia\/optimized\/200x200\/o167393v54_Bosch_BI_Icon_FlexiblePowerSystem.png 200w\" data-src=\"https:\/\/www.bosch-professional.com\/binary\/ocsmedia\/optimized\/100x100\/o167393v54_Bosch_BI_Icon_FlexiblePowerSystem.png\" \/> \u00a0<img decoding=\"async\" class=\"img-responsive lazyloaded\" src=\"https:\/\/www.bosch-professional.com\/binary\/ocsmedia\/optimized\/100x100\/o246752v54_metal_picto_01.png\" alt=\"Travail des m\u00e9taux Les outils \u00e9lectroportatifs professionnels Bosch pour travail du m\u00e9tal.\" data-sizes=\"(max-width: 767px) 100px, (min-width: 768px) and (max-width: 991px) 100px, (-webkit-min-device-pixel-ratio: 2.0) and (min-width: 1000px) 200px, 100px\" data-srcset=\"https:\/\/www.bosch-professional.com\/binary\/ocsmedia\/optimized\/100x100\/o246752v54_metal_picto_01.png 100w, https:\/\/www.bosch-professional.com\/binary\/ocsmedia\/optimized\/100x100\/o246752v54_metal_picto_01.png 100w, https:\/\/www.bosch-professional.com\/binary\/ocsmedia\/optimized\/100x100\/o246752v54_metal_picto_01.png 100w, https:\/\/www.bosch-professional.com\/binary\/ocsmedia\/optimized\/200x200\/o246752v54_metal_picto_01.png 200w\" data-src=\"https:\/\/www.bosch-professional.com\/binary\/ocsmedia\/optimized\/100x100\/o246752v54_metal_picto_01.png\" \/> \u00a0<img decoding=\"async\" class=\"img-responsive lazyloaded\" src=\"https:\/\/www.bosch-professional.com\/binary\/ocsmedia\/optimized\/100x100\/o246751v54_construction_picto_01.png\" alt=\"B\u00e2timent Les outils \u00e9lectroportatifs professionnels Bosch pour chantiers de construction.\" data-sizes=\"(max-width: 767px) 100px, (min-width: 768px) and (max-width: 991px) 100px, (-webkit-min-device-pixel-ratio: 2.0) and (min-width: 1000px) 200px, 100px\" data-srcset=\"https:\/\/www.bosch-professional.com\/binary\/ocsmedia\/optimized\/100x100\/o246751v54_construction_picto_01.png 100w, https:\/\/www.bosch-professional.com\/binary\/ocsmedia\/optimized\/100x100\/o246751v54_construction_picto_01.png 100w, https:\/\/www.bosch-professional.com\/binary\/ocsmedia\/optimized\/100x100\/o246751v54_construction_picto_01.png 100w, https:\/\/www.bosch-professional.com\/binary\/ocsmedia\/optimized\/200x200\/o246751v54_construction_picto_01.png 200w\" data-src=\"https:\/\/www.bosch-professional.com\/binary\/ocsmedia\/optimized\/100x100\/o246751v54_construction_picto_01.png\" \/> \u00a0<img decoding=\"async\" class=\"img-responsive ls-is-cached lazyloaded\" src=\"https:\/\/www.bosch-professional.com\/binary\/ocsmedia\/optimized\/100x100\/o246750v54_wood_picto_01.png\" alt=\"Travail du bois Les outils \u00e9lectroportatifs professionnels Bosch pour travail du bois.\" data-sizes=\"(max-width: 767px) 100px, (min-width: 768px) and (max-width: 991px) 100px, (-webkit-min-device-pixel-ratio: 2.0) and (min-width: 1000px) 200px, 100px\" data-srcset=\"https:\/\/www.bosch-professional.com\/binary\/ocsmedia\/optimized\/100x100\/o246750v54_wood_picto_01.png 100w, https:\/\/www.bosch-professional.com\/binary\/ocsmedia\/optimized\/100x100\/o246750v54_wood_picto_01.png 100w, https:\/\/www.bosch-professional.com\/binary\/ocsmedia\/optimized\/100x100\/o246750v54_wood_picto_01.png 100w, https:\/\/www.bosch-professional.com\/binary\/ocsmedia\/optimized\/200x200\/o246750v54_wood_picto_01.png 200w\" data-src=\"https:\/\/www.bosch-professional.com\/binary\/ocsmedia\/optimized\/100x100\/o246750v54_wood_picto_01.png\" \/><\/div>\n<\/div>\n<\/div>\n<\/div>\n","protected":false},"excerpt":{"rendered":"<h4 class=\"headline hl1\">GBA 18V 5.0Ah Professional<\/h4>\n<table class=\"table table--fixed\">\n<thead><\/thead>\n<tbody>\n<tr>\n<td>Tension de la batterie<\/td>\n<td>18 V<\/td>\n<\/tr>\n<tr>\n<td>Poids<\/td>\n<td>620 G<\/td>\n<\/tr>\n<tr>\n<td>Dimensions de la batterie (largeur x longueur x hauteur)<\/td>\n<td>74 x 115 x 56 mm<\/td>\n<\/tr>\n<tr>\n<td>Dimensions de l\u2019emballage (longueur x largeur x hauteur)<\/td>\n<td>90 x 140 x 70 mm<\/td>\n<\/tr>\n<tr>\n<td>Capacit\u00e9 de la batterie<\/td>\n<td>5 Ah<\/td>\n<\/tr>\n<\/tbody>\n<\/table>\n","protected":false},"featured_media":8611,"template":"","meta":[],"product_cat":[1277,405],"product_tag":[3174],"class_list":{"0":"post-8609","1":"product","2":"type-product","3":"status-publish","4":"has-post-thumbnail","6":"product_cat-accessoires-bosch","7":"product_cat-outillage","8":"product_tag-batterie-li-ion-18v-gba-18v-5-0-ah","9":"product_brand-bosch-outillage","11":"first","12":"instock","13":"shipping-taxable","14":"product-type-simple","15":"col-xs-6 col-sm-4","16":"col-md-3 col-lg-3","17":"un-4-cols"},"yoast_head":"<!-- This site is optimized with the Yoast SEO plugin v22.5 - https:\/\/yoast.com\/wordpress\/plugins\/seo\/ -->\n<title>Batterie Li-Ion 18V GBA 18V 5,0 Ah - EURL HOSNA KAMEL<\/title>\n<meta name=\"description\" content=\"Batterie Li-Ion 18V GBA 18V 5,0 Ah - EURL HOSNA KAMEL\" \/>\n<meta name=\"robots\" content=\"index, follow, max-snippet:-1, max-image-preview:large, max-video-preview:-1\" \/>\n<link rel=\"canonical\" href=\"https:\/\/eurlhosnakamel.dz\/dz\/produit\/bosch-batterie-li-ion-gba-18v-5-0a-002u5\/\" \/>\n<meta property=\"og:locale\" content=\"fr_FR\" \/>\n<meta property=\"og:type\" content=\"article\" \/>\n<meta property=\"og:title\" content=\"Batterie Li-Ion 18V GBA 18V 5,0 Ah - EURL HOSNA KAMEL\" \/>\n<meta property=\"og:description\" content=\"Batterie Li-Ion 18V GBA 18V 5,0 Ah - EURL HOSNA KAMEL\" \/>\n<meta property=\"og:url\" content=\"https:\/\/eurlhosnakamel.dz\/dz\/produit\/bosch-batterie-li-ion-gba-18v-5-0a-002u5\/\" \/>\n<meta property=\"og:site_name\" content=\"EURL HOSNA KAMEL\" \/>\n<meta property=\"article:publisher\" content=\"https:\/\/www.facebook.com\/Eurl.Hosna.DZ\/\" \/>\n<meta property=\"article:modified_time\" content=\"2021-12-19T08:56:34+00:00\" \/>\n<meta property=\"og:image\" content=\"https:\/\/eurlhosnakamel.dz\/dz\/wp-content\/uploads\/2020\/04\/BOSCH-BATTERIE-LI.ION-GBA-18V-5.0A-002U5eurl-hosna-kamel-alg\u00e9rie.jpg\" \/>\n\t<meta property=\"og:image:width\" content=\"512\" \/>\n\t<meta property=\"og:image:height\" content=\"512\" \/>\n\t<meta property=\"og:image:type\" content=\"image\/jpeg\" \/>\n<meta name=\"twitter:card\" content=\"summary_large_image\" \/>\n<script type=\"application\/ld+json\" class=\"yoast-schema-graph\">{\"@context\":\"https:\/\/schema.org\",\"@graph\":[{\"@type\":\"WebPage\",\"@id\":\"https:\/\/eurlhosnakamel.dz\/dz\/produit\/bosch-batterie-li-ion-gba-18v-5-0a-002u5\/\",\"url\":\"https:\/\/eurlhosnakamel.dz\/dz\/produit\/bosch-batterie-li-ion-gba-18v-5-0a-002u5\/\",\"name\":\"Batterie Li-Ion 18V GBA 18V 5,0 Ah - EURL HOSNA KAMEL\",\"isPartOf\":{\"@id\":\"https:\/\/eurlhosnakamel.dz\/dz\/#website\"},\"primaryImageOfPage\":{\"@id\":\"https:\/\/eurlhosnakamel.dz\/dz\/produit\/bosch-batterie-li-ion-gba-18v-5-0a-002u5\/#primaryimage\"},\"image\":{\"@id\":\"https:\/\/eurlhosnakamel.dz\/dz\/produit\/bosch-batterie-li-ion-gba-18v-5-0a-002u5\/#primaryimage\"},\"thumbnailUrl\":\"https:\/\/eurlhosnakamel.dz\/dz\/wp-content\/uploads\/2020\/04\/BOSCH-BATTERIE-LI.ION-GBA-18V-5.0A-002U5eurl-hosna-kamel-alg\u00e9rie.jpg\",\"datePublished\":\"2020-04-26T12:43:11+00:00\",\"dateModified\":\"2021-12-19T08:56:34+00:00\",\"description\":\"Batterie Li-Ion 18V GBA 18V 5,0 Ah - EURL HOSNA KAMEL\",\"breadcrumb\":{\"@id\":\"https:\/\/eurlhosnakamel.dz\/dz\/produit\/bosch-batterie-li-ion-gba-18v-5-0a-002u5\/#breadcrumb\"},\"inLanguage\":\"fr-FR\",\"potentialAction\":[{\"@type\":\"ReadAction\",\"target\":[\"https:\/\/eurlhosnakamel.dz\/dz\/produit\/bosch-batterie-li-ion-gba-18v-5-0a-002u5\/\"]}]},{\"@type\":\"ImageObject\",\"inLanguage\":\"fr-FR\",\"@id\":\"https:\/\/eurlhosnakamel.dz\/dz\/produit\/bosch-batterie-li-ion-gba-18v-5-0a-002u5\/#primaryimage\",\"url\":\"https:\/\/eurlhosnakamel.dz\/dz\/wp-content\/uploads\/2020\/04\/BOSCH-BATTERIE-LI.ION-GBA-18V-5.0A-002U5eurl-hosna-kamel-alg\u00e9rie.jpg\",\"contentUrl\":\"https:\/\/eurlhosnakamel.dz\/dz\/wp-content\/uploads\/2020\/04\/BOSCH-BATTERIE-LI.ION-GBA-18V-5.0A-002U5eurl-hosna-kamel-alg\u00e9rie.jpg\",\"width\":512,\"height\":512},{\"@type\":\"BreadcrumbList\",\"@id\":\"https:\/\/eurlhosnakamel.dz\/dz\/produit\/bosch-batterie-li-ion-gba-18v-5-0a-002u5\/#breadcrumb\",\"itemListElement\":[{\"@type\":\"ListItem\",\"position\":1,\"name\":\"Accueil\",\"item\":\"https:\/\/eurlhosnakamel.dz\/dz\/\"},{\"@type\":\"ListItem\",\"position\":2,\"name\":\"Shop\",\"item\":\"https:\/\/eurlhosnakamel.dz\/dz\/shop\/\"},{\"@type\":\"ListItem\",\"position\":3,\"name\":\"Batterie Li-Ion 18V GBA 18V 5,0 Ah\"}]},{\"@type\":\"WebSite\",\"@id\":\"https:\/\/eurlhosnakamel.dz\/dz\/#website\",\"url\":\"https:\/\/eurlhosnakamel.dz\/dz\/\",\"name\":\"EURL HOSNA KAMEL\",\"description\":\"Fournisseur Premium d&#039;Outillages Professionnels en Alg\u00e9rie -\",\"publisher\":{\"@id\":\"https:\/\/eurlhosnakamel.dz\/dz\/#organization\"},\"potentialAction\":[{\"@type\":\"SearchAction\",\"target\":{\"@type\":\"EntryPoint\",\"urlTemplate\":\"https:\/\/eurlhosnakamel.dz\/dz\/?s={search_term_string}\"},\"query-input\":\"required name=search_term_string\"}],\"inLanguage\":\"fr-FR\"},{\"@type\":\"Organization\",\"@id\":\"https:\/\/eurlhosnakamel.dz\/dz\/#organization\",\"name\":\"EURL HOSNA KAMEL - Bosch alg\u00e9rie\",\"url\":\"https:\/\/eurlhosnakamel.dz\/dz\/\",\"logo\":{\"@type\":\"ImageObject\",\"inLanguage\":\"fr-FR\",\"@id\":\"https:\/\/eurlhosnakamel.dz\/dz\/#\/schema\/logo\/image\/\",\"url\":\"https:\/\/eurlhosnakamel.dz\/wp-content\/uploads\/2020\/04\/LOGO-HOSNA1.png\",\"contentUrl\":\"https:\/\/eurlhosnakamel.dz\/wp-content\/uploads\/2020\/04\/LOGO-HOSNA1.png\",\"width\":120,\"height\":127,\"caption\":\"EURL HOSNA KAMEL - Bosch alg\u00e9rie\"},\"image\":{\"@id\":\"https:\/\/eurlhosnakamel.dz\/dz\/#\/schema\/logo\/image\/\"},\"sameAs\":[\"https:\/\/www.facebook.com\/Eurl.Hosna.DZ\/\"]}]}<\/script>\n<!-- \/ Yoast SEO plugin. -->","yoast_head_json":{"title":"Batterie Li-Ion 18V GBA 18V 5,0 Ah - EURL HOSNA KAMEL","description":"Batterie Li-Ion 18V GBA 18V 5,0 Ah - EURL HOSNA KAMEL","robots":{"index":"index","follow":"follow","max-snippet":"max-snippet:-1","max-image-preview":"max-image-preview:large","max-video-preview":"max-video-preview:-1"},"canonical":"https:\/\/eurlhosnakamel.dz\/dz\/produit\/bosch-batterie-li-ion-gba-18v-5-0a-002u5\/","og_locale":"fr_FR","og_type":"article","og_title":"Batterie Li-Ion 18V GBA 18V 5,0 Ah - EURL HOSNA KAMEL","og_description":"Batterie Li-Ion 18V GBA 18V 5,0 Ah - EURL HOSNA KAMEL","og_url":"https:\/\/eurlhosnakamel.dz\/dz\/produit\/bosch-batterie-li-ion-gba-18v-5-0a-002u5\/","og_site_name":"EURL HOSNA KAMEL","article_publisher":"https:\/\/www.facebook.com\/Eurl.Hosna.DZ\/","article_modified_time":"2021-12-19T08:56:34+00:00","og_image":[{"width":512,"height":512,"url":"https:\/\/eurlhosnakamel.dz\/dz\/wp-content\/uploads\/2020\/04\/BOSCH-BATTERIE-LI.ION-GBA-18V-5.0A-002U5eurl-hosna-kamel-alg\u00e9rie.jpg","type":"image\/jpeg"}],"twitter_card":"summary_large_image","schema":{"@context":"https:\/\/schema.org","@graph":[{"@type":"WebPage","@id":"https:\/\/eurlhosnakamel.dz\/dz\/produit\/bosch-batterie-li-ion-gba-18v-5-0a-002u5\/","url":"https:\/\/eurlhosnakamel.dz\/dz\/produit\/bosch-batterie-li-ion-gba-18v-5-0a-002u5\/","name":"Batterie Li-Ion 18V GBA 18V 5,0 Ah - EURL HOSNA KAMEL","isPartOf":{"@id":"https:\/\/eurlhosnakamel.dz\/dz\/#website"},"primaryImageOfPage":{"@id":"https:\/\/eurlhosnakamel.dz\/dz\/produit\/bosch-batterie-li-ion-gba-18v-5-0a-002u5\/#primaryimage"},"image":{"@id":"https:\/\/eurlhosnakamel.dz\/dz\/produit\/bosch-batterie-li-ion-gba-18v-5-0a-002u5\/#primaryimage"},"thumbnailUrl":"https:\/\/eurlhosnakamel.dz\/dz\/wp-content\/uploads\/2020\/04\/BOSCH-BATTERIE-LI.ION-GBA-18V-5.0A-002U5eurl-hosna-kamel-alg\u00e9rie.jpg","datePublished":"2020-04-26T12:43:11+00:00","dateModified":"2021-12-19T08:56:34+00:00","description":"Batterie Li-Ion 18V GBA 18V 5,0 Ah - EURL HOSNA KAMEL","breadcrumb":{"@id":"https:\/\/eurlhosnakamel.dz\/dz\/produit\/bosch-batterie-li-ion-gba-18v-5-0a-002u5\/#breadcrumb"},"inLanguage":"fr-FR","potentialAction":[{"@type":"ReadAction","target":["https:\/\/eurlhosnakamel.dz\/dz\/produit\/bosch-batterie-li-ion-gba-18v-5-0a-002u5\/"]}]},{"@type":"ImageObject","inLanguage":"fr-FR","@id":"https:\/\/eurlhosnakamel.dz\/dz\/produit\/bosch-batterie-li-ion-gba-18v-5-0a-002u5\/#primaryimage","url":"https:\/\/eurlhosnakamel.dz\/dz\/wp-content\/uploads\/2020\/04\/BOSCH-BATTERIE-LI.ION-GBA-18V-5.0A-002U5eurl-hosna-kamel-alg\u00e9rie.jpg","contentUrl":"https:\/\/eurlhosnakamel.dz\/dz\/wp-content\/uploads\/2020\/04\/BOSCH-BATTERIE-LI.ION-GBA-18V-5.0A-002U5eurl-hosna-kamel-alg\u00e9rie.jpg","width":512,"height":512},{"@type":"BreadcrumbList","@id":"https:\/\/eurlhosnakamel.dz\/dz\/produit\/bosch-batterie-li-ion-gba-18v-5-0a-002u5\/#breadcrumb","itemListElement":[{"@type":"ListItem","position":1,"name":"Accueil","item":"https:\/\/eurlhosnakamel.dz\/dz\/"},{"@type":"ListItem","position":2,"name":"Shop","item":"https:\/\/eurlhosnakamel.dz\/dz\/shop\/"},{"@type":"ListItem","position":3,"name":"Batterie Li-Ion 18V GBA 18V 5,0 Ah"}]},{"@type":"WebSite","@id":"https:\/\/eurlhosnakamel.dz\/dz\/#website","url":"https:\/\/eurlhosnakamel.dz\/dz\/","name":"EURL HOSNA KAMEL","description":"Fournisseur Premium d&#039;Outillages Professionnels en Alg\u00e9rie -","publisher":{"@id":"https:\/\/eurlhosnakamel.dz\/dz\/#organization"},"potentialAction":[{"@type":"SearchAction","target":{"@type":"EntryPoint","urlTemplate":"https:\/\/eurlhosnakamel.dz\/dz\/?s={search_term_string}"},"query-input":"required name=search_term_string"}],"inLanguage":"fr-FR"},{"@type":"Organization","@id":"https:\/\/eurlhosnakamel.dz\/dz\/#organization","name":"EURL HOSNA KAMEL - Bosch alg\u00e9rie","url":"https:\/\/eurlhosnakamel.dz\/dz\/","logo":{"@type":"ImageObject","inLanguage":"fr-FR","@id":"https:\/\/eurlhosnakamel.dz\/dz\/#\/schema\/logo\/image\/","url":"https:\/\/eurlhosnakamel.dz\/wp-content\/uploads\/2020\/04\/LOGO-HOSNA1.png","contentUrl":"https:\/\/eurlhosnakamel.dz\/wp-content\/uploads\/2020\/04\/LOGO-HOSNA1.png","width":120,"height":127,"caption":"EURL HOSNA KAMEL - Bosch alg\u00e9rie"},"image":{"@id":"https:\/\/eurlhosnakamel.dz\/dz\/#\/schema\/logo\/image\/"},"sameAs":["https:\/\/www.facebook.com\/Eurl.Hosna.DZ\/"]}]}},"_links":{"self":[{"href":"https:\/\/eurlhosnakamel.dz\/dz\/wp-json\/wp\/v2\/product\/8609","targetHints":{"allow":["GET"]}}],"collection":[{"href":"https:\/\/eurlhosnakamel.dz\/dz\/wp-json\/wp\/v2\/product"}],"about":[{"href":"https:\/\/eurlhosnakamel.dz\/dz\/wp-json\/wp\/v2\/types\/product"}],"wp:featuredmedia":[{"embeddable":true,"href":"https:\/\/eurlhosnakamel.dz\/dz\/wp-json\/wp\/v2\/media\/8611"}],"wp:attachment":[{"href":"https:\/\/eurlhosnakamel.dz\/dz\/wp-json\/wp\/v2\/media?parent=8609"}],"wp:term":[{"taxonomy":"product_cat","embeddable":true,"href":"https:\/\/eurlhosnakamel.dz\/dz\/wp-json\/wp\/v2\/product_cat?post=8609"},{"taxonomy":"product_tag","embeddable":true,"href":"https:\/\/eurlhosnakamel.dz\/dz\/wp-json\/wp\/v2\/product_tag?post=8609"}],"curies":[{"name":"wp","href":"https:\/\/api.w.org\/{rel}","templated":true}]}}