{"id":8749,"date":"2020-04-27T10:36:50","date_gmt":"2020-04-27T10:36:50","guid":{"rendered":"https:\/\/lhchosting.com\/hosna\/?post_type=product&#038;p=8749"},"modified":"2021-12-19T08:54:42","modified_gmt":"2021-12-19T08:54:42","slug":"bosch-burin-sds-plus-40-250mm-beche-0101","status":"publish","type":"product","link":"https:\/\/eurlhosnakamel.dz\/dz\/produit\/bosch-burin-sds-plus-40-250mm-beche-0101\/","title":{"rendered":"Burin SDS plus b\u00e8che 40 x 250 mm"},"content":{"rendered":"<p>S&#8217;utilise avec un dispositif de burinage SDS-plus ou directement dans les marteaux perforateurs SDS-plus, avec stop de rotation. Burin b\u00eache, auto-aff\u00fbtant, d&#8217;une grande long\u00e9vit\u00e9 avec 30% de capacit\u00e9 d&#8217;enl\u00e8vement suppl\u00e9mentaire. 250 x 40 mm.<\/p>\n<h2>Informations techniques<\/h2>\n<table class=\"table table-striped table-striped--dark technical-data__table mb-0\">\n<tbody>\n<tr>\n<th class=\"u-text-black\">Largeur du burin<\/th>\n<td>40 mm<\/td>\n<\/tr>\n<tr>\n<th class=\"u-text-black\">Longueur<\/th>\n<td>250 mm<\/td>\n<\/tr>\n<tr>\n<th class=\"u-text-black\">logement d&#8217;outil<\/th>\n<td>SDS-Plus<\/td>\n<\/tr>\n<tr>\n<th class=\"u-text-black\">Contenu<\/th>\n<td>1 pc(s)<\/td>\n<\/tr>\n<tr>\n<th class=\"u-text-black\">Longueur<\/th>\n<td>250 mm<\/td>\n<\/tr>\n<tr>\n<th class=\"u-text-black\">Type de produit<\/th>\n<td>Burin pelle<\/td>\n<\/tr>\n<\/tbody>\n<\/table>\n","protected":false},"excerpt":{"rendered":"<h3>Burin b\u00eache SDS-plus, 250 x 40 mm, Long Life<\/h3>\n<p><strong>S&#8217;utilise avec un dispositif de burinage SDS-plus ou directement dans les marteaux perforateurs SDS-plus, avec stop de rotation. Burin b\u00eache, auto-aff\u00fbtant, d&#8217;une grande long\u00e9vit\u00e9 avec 30% de capacit\u00e9 d&#8217;enl\u00e8vement suppl\u00e9mentaire. 250 x 40 mm.<\/strong><\/p>\n","protected":false},"featured_media":8751,"template":"","meta":[],"product_cat":[1277,405],"product_tag":[2546],"class_list":{"0":"post-8749","1":"product","2":"type-product","3":"status-publish","4":"has-post-thumbnail","6":"product_cat-accessoires-bosch","7":"product_cat-outillage","8":"product_tag-burin-sds-plus-beche-40-x-250-mm","9":"product_brand-bosch-outillage","11":"first","12":"instock","13":"shipping-taxable","14":"product-type-simple","15":"col-xs-6 col-sm-4","16":"col-md-3 col-lg-3","17":"un-4-cols"},"yoast_head":"<!-- This site is optimized with the Yoast SEO plugin v22.5 - https:\/\/yoast.com\/wordpress\/plugins\/seo\/ -->\n<title>Burin SDS plus b\u00e8che 40 x 250 mm - EURL HOSNA KAMEL<\/title>\n<meta name=\"description\" content=\"Burin SDS plus b\u00e8che 40 x 250 mm - EURL HOSNA KAMEL\" \/>\n<meta name=\"robots\" content=\"index, follow, max-snippet:-1, max-image-preview:large, max-video-preview:-1\" \/>\n<link rel=\"canonical\" href=\"https:\/\/eurlhosnakamel.dz\/dz\/produit\/bosch-burin-sds-plus-40-250mm-beche-0101\/\" \/>\n<meta property=\"og:locale\" content=\"fr_FR\" \/>\n<meta property=\"og:type\" content=\"article\" \/>\n<meta property=\"og:title\" content=\"Burin SDS plus b\u00e8che 40 x 250 mm - EURL HOSNA KAMEL\" \/>\n<meta property=\"og:description\" content=\"Burin SDS plus b\u00e8che 40 x 250 mm - EURL HOSNA KAMEL\" \/>\n<meta property=\"og:url\" content=\"https:\/\/eurlhosnakamel.dz\/dz\/produit\/bosch-burin-sds-plus-40-250mm-beche-0101\/\" \/>\n<meta property=\"og:site_name\" content=\"EURL HOSNA KAMEL\" \/>\n<meta property=\"article:publisher\" content=\"https:\/\/www.facebook.com\/Eurl.Hosna.DZ\/\" \/>\n<meta property=\"article:modified_time\" content=\"2021-12-19T08:54:42+00:00\" \/>\n<meta property=\"og:image\" content=\"https:\/\/eurlhosnakamel.dz\/dz\/wp-content\/uploads\/2020\/04\/BOSCH-BURIN-SDS-PLUS-40-250mm-BECHE-0101eurl-hosna-kamel-alg\u00e9rie.jpg\" \/>\n\t<meta property=\"og:image:width\" content=\"512\" \/>\n\t<meta property=\"og:image:height\" content=\"512\" \/>\n\t<meta property=\"og:image:type\" content=\"image\/jpeg\" \/>\n<meta name=\"twitter:card\" content=\"summary_large_image\" \/>\n<script type=\"application\/ld+json\" class=\"yoast-schema-graph\">{\"@context\":\"https:\/\/schema.org\",\"@graph\":[{\"@type\":\"WebPage\",\"@id\":\"https:\/\/eurlhosnakamel.dz\/dz\/produit\/bosch-burin-sds-plus-40-250mm-beche-0101\/\",\"url\":\"https:\/\/eurlhosnakamel.dz\/dz\/produit\/bosch-burin-sds-plus-40-250mm-beche-0101\/\",\"name\":\"Burin SDS plus b\u00e8che 40 x 250 mm - EURL HOSNA KAMEL\",\"isPartOf\":{\"@id\":\"https:\/\/eurlhosnakamel.dz\/dz\/#website\"},\"primaryImageOfPage\":{\"@id\":\"https:\/\/eurlhosnakamel.dz\/dz\/produit\/bosch-burin-sds-plus-40-250mm-beche-0101\/#primaryimage\"},\"image\":{\"@id\":\"https:\/\/eurlhosnakamel.dz\/dz\/produit\/bosch-burin-sds-plus-40-250mm-beche-0101\/#primaryimage\"},\"thumbnailUrl\":\"https:\/\/eurlhosnakamel.dz\/dz\/wp-content\/uploads\/2020\/04\/BOSCH-BURIN-SDS-PLUS-40-250mm-BECHE-0101eurl-hosna-kamel-alg\u00e9rie.jpg\",\"datePublished\":\"2020-04-27T10:36:50+00:00\",\"dateModified\":\"2021-12-19T08:54:42+00:00\",\"description\":\"Burin SDS plus b\u00e8che 40 x 250 mm - EURL HOSNA KAMEL\",\"breadcrumb\":{\"@id\":\"https:\/\/eurlhosnakamel.dz\/dz\/produit\/bosch-burin-sds-plus-40-250mm-beche-0101\/#breadcrumb\"},\"inLanguage\":\"fr-FR\",\"potentialAction\":[{\"@type\":\"ReadAction\",\"target\":[\"https:\/\/eurlhosnakamel.dz\/dz\/produit\/bosch-burin-sds-plus-40-250mm-beche-0101\/\"]}]},{\"@type\":\"ImageObject\",\"inLanguage\":\"fr-FR\",\"@id\":\"https:\/\/eurlhosnakamel.dz\/dz\/produit\/bosch-burin-sds-plus-40-250mm-beche-0101\/#primaryimage\",\"url\":\"https:\/\/eurlhosnakamel.dz\/dz\/wp-content\/uploads\/2020\/04\/BOSCH-BURIN-SDS-PLUS-40-250mm-BECHE-0101eurl-hosna-kamel-alg\u00e9rie.jpg\",\"contentUrl\":\"https:\/\/eurlhosnakamel.dz\/dz\/wp-content\/uploads\/2020\/04\/BOSCH-BURIN-SDS-PLUS-40-250mm-BECHE-0101eurl-hosna-kamel-alg\u00e9rie.jpg\",\"width\":512,\"height\":512},{\"@type\":\"BreadcrumbList\",\"@id\":\"https:\/\/eurlhosnakamel.dz\/dz\/produit\/bosch-burin-sds-plus-40-250mm-beche-0101\/#breadcrumb\",\"itemListElement\":[{\"@type\":\"ListItem\",\"position\":1,\"name\":\"Accueil\",\"item\":\"https:\/\/eurlhosnakamel.dz\/dz\/\"},{\"@type\":\"ListItem\",\"position\":2,\"name\":\"Shop\",\"item\":\"https:\/\/eurlhosnakamel.dz\/dz\/shop\/\"},{\"@type\":\"ListItem\",\"position\":3,\"name\":\"Burin SDS plus b\u00e8che 40 x 250 mm\"}]},{\"@type\":\"WebSite\",\"@id\":\"https:\/\/eurlhosnakamel.dz\/dz\/#website\",\"url\":\"https:\/\/eurlhosnakamel.dz\/dz\/\",\"name\":\"EURL HOSNA KAMEL\",\"description\":\"Fournisseur Premium d&#039;Outillages Professionnels en Alg\u00e9rie -\",\"publisher\":{\"@id\":\"https:\/\/eurlhosnakamel.dz\/dz\/#organization\"},\"potentialAction\":[{\"@type\":\"SearchAction\",\"target\":{\"@type\":\"EntryPoint\",\"urlTemplate\":\"https:\/\/eurlhosnakamel.dz\/dz\/?s={search_term_string}\"},\"query-input\":\"required name=search_term_string\"}],\"inLanguage\":\"fr-FR\"},{\"@type\":\"Organization\",\"@id\":\"https:\/\/eurlhosnakamel.dz\/dz\/#organization\",\"name\":\"EURL HOSNA KAMEL - Bosch alg\u00e9rie\",\"url\":\"https:\/\/eurlhosnakamel.dz\/dz\/\",\"logo\":{\"@type\":\"ImageObject\",\"inLanguage\":\"fr-FR\",\"@id\":\"https:\/\/eurlhosnakamel.dz\/dz\/#\/schema\/logo\/image\/\",\"url\":\"https:\/\/eurlhosnakamel.dz\/wp-content\/uploads\/2020\/04\/LOGO-HOSNA1.png\",\"contentUrl\":\"https:\/\/eurlhosnakamel.dz\/wp-content\/uploads\/2020\/04\/LOGO-HOSNA1.png\",\"width\":120,\"height\":127,\"caption\":\"EURL HOSNA KAMEL - Bosch alg\u00e9rie\"},\"image\":{\"@id\":\"https:\/\/eurlhosnakamel.dz\/dz\/#\/schema\/logo\/image\/\"},\"sameAs\":[\"https:\/\/www.facebook.com\/Eurl.Hosna.DZ\/\"]}]}<\/script>\n<!-- \/ Yoast SEO plugin. -->","yoast_head_json":{"title":"Burin SDS plus b\u00e8che 40 x 250 mm - EURL HOSNA KAMEL","description":"Burin SDS plus b\u00e8che 40 x 250 mm - EURL HOSNA KAMEL","robots":{"index":"index","follow":"follow","max-snippet":"max-snippet:-1","max-image-preview":"max-image-preview:large","max-video-preview":"max-video-preview:-1"},"canonical":"https:\/\/eurlhosnakamel.dz\/dz\/produit\/bosch-burin-sds-plus-40-250mm-beche-0101\/","og_locale":"fr_FR","og_type":"article","og_title":"Burin SDS plus b\u00e8che 40 x 250 mm - EURL HOSNA KAMEL","og_description":"Burin SDS plus b\u00e8che 40 x 250 mm - EURL HOSNA KAMEL","og_url":"https:\/\/eurlhosnakamel.dz\/dz\/produit\/bosch-burin-sds-plus-40-250mm-beche-0101\/","og_site_name":"EURL HOSNA KAMEL","article_publisher":"https:\/\/www.facebook.com\/Eurl.Hosna.DZ\/","article_modified_time":"2021-12-19T08:54:42+00:00","og_image":[{"width":512,"height":512,"url":"https:\/\/eurlhosnakamel.dz\/dz\/wp-content\/uploads\/2020\/04\/BOSCH-BURIN-SDS-PLUS-40-250mm-BECHE-0101eurl-hosna-kamel-alg\u00e9rie.jpg","type":"image\/jpeg"}],"twitter_card":"summary_large_image","schema":{"@context":"https:\/\/schema.org","@graph":[{"@type":"WebPage","@id":"https:\/\/eurlhosnakamel.dz\/dz\/produit\/bosch-burin-sds-plus-40-250mm-beche-0101\/","url":"https:\/\/eurlhosnakamel.dz\/dz\/produit\/bosch-burin-sds-plus-40-250mm-beche-0101\/","name":"Burin SDS plus b\u00e8che 40 x 250 mm - EURL HOSNA KAMEL","isPartOf":{"@id":"https:\/\/eurlhosnakamel.dz\/dz\/#website"},"primaryImageOfPage":{"@id":"https:\/\/eurlhosnakamel.dz\/dz\/produit\/bosch-burin-sds-plus-40-250mm-beche-0101\/#primaryimage"},"image":{"@id":"https:\/\/eurlhosnakamel.dz\/dz\/produit\/bosch-burin-sds-plus-40-250mm-beche-0101\/#primaryimage"},"thumbnailUrl":"https:\/\/eurlhosnakamel.dz\/dz\/wp-content\/uploads\/2020\/04\/BOSCH-BURIN-SDS-PLUS-40-250mm-BECHE-0101eurl-hosna-kamel-alg\u00e9rie.jpg","datePublished":"2020-04-27T10:36:50+00:00","dateModified":"2021-12-19T08:54:42+00:00","description":"Burin SDS plus b\u00e8che 40 x 250 mm - EURL HOSNA KAMEL","breadcrumb":{"@id":"https:\/\/eurlhosnakamel.dz\/dz\/produit\/bosch-burin-sds-plus-40-250mm-beche-0101\/#breadcrumb"},"inLanguage":"fr-FR","potentialAction":[{"@type":"ReadAction","target":["https:\/\/eurlhosnakamel.dz\/dz\/produit\/bosch-burin-sds-plus-40-250mm-beche-0101\/"]}]},{"@type":"ImageObject","inLanguage":"fr-FR","@id":"https:\/\/eurlhosnakamel.dz\/dz\/produit\/bosch-burin-sds-plus-40-250mm-beche-0101\/#primaryimage","url":"https:\/\/eurlhosnakamel.dz\/dz\/wp-content\/uploads\/2020\/04\/BOSCH-BURIN-SDS-PLUS-40-250mm-BECHE-0101eurl-hosna-kamel-alg\u00e9rie.jpg","contentUrl":"https:\/\/eurlhosnakamel.dz\/dz\/wp-content\/uploads\/2020\/04\/BOSCH-BURIN-SDS-PLUS-40-250mm-BECHE-0101eurl-hosna-kamel-alg\u00e9rie.jpg","width":512,"height":512},{"@type":"BreadcrumbList","@id":"https:\/\/eurlhosnakamel.dz\/dz\/produit\/bosch-burin-sds-plus-40-250mm-beche-0101\/#breadcrumb","itemListElement":[{"@type":"ListItem","position":1,"name":"Accueil","item":"https:\/\/eurlhosnakamel.dz\/dz\/"},{"@type":"ListItem","position":2,"name":"Shop","item":"https:\/\/eurlhosnakamel.dz\/dz\/shop\/"},{"@type":"ListItem","position":3,"name":"Burin SDS plus b\u00e8che 40 x 250 mm"}]},{"@type":"WebSite","@id":"https:\/\/eurlhosnakamel.dz\/dz\/#website","url":"https:\/\/eurlhosnakamel.dz\/dz\/","name":"EURL HOSNA KAMEL","description":"Fournisseur Premium d&#039;Outillages Professionnels en Alg\u00e9rie -","publisher":{"@id":"https:\/\/eurlhosnakamel.dz\/dz\/#organization"},"potentialAction":[{"@type":"SearchAction","target":{"@type":"EntryPoint","urlTemplate":"https:\/\/eurlhosnakamel.dz\/dz\/?s={search_term_string}"},"query-input":"required name=search_term_string"}],"inLanguage":"fr-FR"},{"@type":"Organization","@id":"https:\/\/eurlhosnakamel.dz\/dz\/#organization","name":"EURL HOSNA KAMEL - Bosch alg\u00e9rie","url":"https:\/\/eurlhosnakamel.dz\/dz\/","logo":{"@type":"ImageObject","inLanguage":"fr-FR","@id":"https:\/\/eurlhosnakamel.dz\/dz\/#\/schema\/logo\/image\/","url":"https:\/\/eurlhosnakamel.dz\/wp-content\/uploads\/2020\/04\/LOGO-HOSNA1.png","contentUrl":"https:\/\/eurlhosnakamel.dz\/wp-content\/uploads\/2020\/04\/LOGO-HOSNA1.png","width":120,"height":127,"caption":"EURL HOSNA KAMEL - Bosch alg\u00e9rie"},"image":{"@id":"https:\/\/eurlhosnakamel.dz\/dz\/#\/schema\/logo\/image\/"},"sameAs":["https:\/\/www.facebook.com\/Eurl.Hosna.DZ\/"]}]}},"_links":{"self":[{"href":"https:\/\/eurlhosnakamel.dz\/dz\/wp-json\/wp\/v2\/product\/8749","targetHints":{"allow":["GET"]}}],"collection":[{"href":"https:\/\/eurlhosnakamel.dz\/dz\/wp-json\/wp\/v2\/product"}],"about":[{"href":"https:\/\/eurlhosnakamel.dz\/dz\/wp-json\/wp\/v2\/types\/product"}],"wp:featuredmedia":[{"embeddable":true,"href":"https:\/\/eurlhosnakamel.dz\/dz\/wp-json\/wp\/v2\/media\/8751"}],"wp:attachment":[{"href":"https:\/\/eurlhosnakamel.dz\/dz\/wp-json\/wp\/v2\/media?parent=8749"}],"wp:term":[{"taxonomy":"product_cat","embeddable":true,"href":"https:\/\/eurlhosnakamel.dz\/dz\/wp-json\/wp\/v2\/product_cat?post=8749"},{"taxonomy":"product_tag","embeddable":true,"href":"https:\/\/eurlhosnakamel.dz\/dz\/wp-json\/wp\/v2\/product_tag?post=8749"}],"curies":[{"name":"wp","href":"https:\/\/api.w.org\/{rel}","templated":true}]}}