{"id":8753,"date":"2020-04-27T10:45:29","date_gmt":"2020-04-27T10:45:29","guid":{"rendered":"https:\/\/lhchosting.com\/hosna\/?post_type=product&#038;p=8753"},"modified":"2021-12-19T08:54:36","modified_gmt":"2021-12-19T08:54:36","slug":"bosch-burin-sds-plus-60-250mm-beche-0102","status":"publish","type":"product","link":"https:\/\/eurlhosnakamel.dz\/dz\/produit\/bosch-burin-sds-plus-60-250mm-beche-0102\/","title":{"rendered":"Burin SDS plus b\u00e8che 60 x 250 mm"},"content":{"rendered":"<h3><strong>Provenance des outils et des accessoires Bosch Professional &#8211; 0102<\/strong><\/h3>\n<ul>\n<li>Tous les produits de la marque Bosch proviennent de chez Bosch France.<\/li>\n<li>Master outillage est distributeur officiel de la marque Bosch.<\/li>\n<li>Vous b\u00e9n\u00e9ficiez des services et de la garantie Bosch.<\/li>\n<li>En achetant sur master outillage, vous \u00eates inform\u00e9 en cas de rappel de produit.<\/li>\n<\/ul>\n<h3><strong>Garantie et S.A.V des outils et Accessoires Bosch Professional Burin b\u00eache SDS-plus &#8211; 0102<\/strong><\/h3>\n<p>L&#8217;outillage Bosch est garantie contractuellement, conform\u00e9ment aux dispositions l\u00e9gales\/nationales.<br \/>\nLa dur\u00e9e de garantie est bas\u00e9e sur l&#8217;usage qui est fait d&#8217;un produit :<strong><br \/>\n<\/strong><\/p>\n<ul>\n<li>2 ans pour la gamme Bosch grand public.<\/li>\n<li>1 an pour la gamme Bosch professionnelle.<\/li>\n<\/ul>\n<p>La garantie correspond \u00e0 une utilisation normale de l&#8217;outil. Elle couvre donc tous les d\u00e9fauts de fabrication ou de montage.<br \/>\nElle exclut les consommables, les avaries dues \u00e0 un mauvais usage, \u00e0 un entretien d\u00e9fectueux, \u00e0 l&#8217;usure normale, \u00e0 une surcharge ou \u00e0 une utilisation d&#8217;accessoires non pr\u00e9vus.<\/p>\n<p>La demande de garantie Bosch doit \u00eatre effectu\u00e9e lors de l&#8217;envoi du mat\u00e9riel. Pour qu&#8217;elle soit applicable, l&#8217;outil Bosch doit \u00eatre retourn\u00e9 non ouvert et non d\u00e9mont\u00e9, accompagn\u00e9 de la preuve d&#8217;achat.<\/p>\n<h3><strong>B\u00e9n\u00e9ficiez de l&#8217;extension de garantie 3 ans pour l&#8217;outillage \u00e9lectroportatif et 2 ans pour les batteries et les chargeurs<\/strong>\u00a0:<\/h3>\n<ul>\n<li>La garantie 3 ans s&#8217;applique \u00e0 tous les outils \u00e9lectroportatifs et instruments de mesure Bosch de la gamme Bosch bleu pour professionnels.<\/li>\n<li>La garantie 2 ans s&#8217;applique \u00e0 toutes les batteries et tous les chargeurs Lithium-Ion Bosch de la gamme Bosch bleu pour professionnels.<\/li>\n<\/ul>\n<p><img decoding=\"async\" src=\"https:\/\/www.master-outillage.com\/img\/cms\/garantie_outillage_bosch_2_et_3_ans.jpg\" alt=\"Garantie outillage Bosch\" width=\"265\" height=\"94\" \/><\/p>\n","protected":false},"excerpt":{"rendered":"<h3><strong>Burin b\u00eache SDS-plus pour marteau-perforateur et marteau-piqueur l\u00e9ger de 250 x 60 mm\u00a0<\/strong><\/h3>\n<ul>\n<li><strong>Longueur totale [mm]: 250.0<\/strong><\/li>\n<li><strong>Tranchant de burin [mm]: 60.0<\/strong><\/li>\n<\/ul>\n","protected":false},"featured_media":8757,"template":"","meta":[],"product_cat":[1277,405],"product_tag":[2547],"class_list":{"0":"post-8753","1":"product","2":"type-product","3":"status-publish","4":"has-post-thumbnail","6":"product_cat-accessoires-bosch","7":"product_cat-outillage","8":"product_tag-burin-sds-plus-beche-60-x-250-mm","9":"product_brand-bosch-outillage","11":"first","12":"instock","13":"shipping-taxable","14":"product-type-simple","15":"col-xs-6 col-sm-4","16":"col-md-3 col-lg-3","17":"un-4-cols"},"yoast_head":"<!-- This site is optimized with the Yoast SEO plugin v22.5 - https:\/\/yoast.com\/wordpress\/plugins\/seo\/ -->\n<title>Burin SDS plus b\u00e8che 60 x 250 mm - EURL HOSNA KAMEL<\/title>\n<meta name=\"description\" content=\"Burin SDS plus b\u00e8che 60 x 250 mm - EURL HOSNA KAMEL\" \/>\n<meta name=\"robots\" content=\"index, follow, max-snippet:-1, max-image-preview:large, max-video-preview:-1\" \/>\n<link rel=\"canonical\" href=\"https:\/\/eurlhosnakamel.dz\/dz\/produit\/bosch-burin-sds-plus-60-250mm-beche-0102\/\" \/>\n<meta property=\"og:locale\" content=\"fr_FR\" \/>\n<meta property=\"og:type\" content=\"article\" \/>\n<meta property=\"og:title\" content=\"Burin SDS plus b\u00e8che 60 x 250 mm - EURL HOSNA KAMEL\" \/>\n<meta property=\"og:description\" content=\"Burin SDS plus b\u00e8che 60 x 250 mm - EURL HOSNA KAMEL\" \/>\n<meta property=\"og:url\" content=\"https:\/\/eurlhosnakamel.dz\/dz\/produit\/bosch-burin-sds-plus-60-250mm-beche-0102\/\" \/>\n<meta property=\"og:site_name\" content=\"EURL HOSNA KAMEL\" \/>\n<meta property=\"article:publisher\" content=\"https:\/\/www.facebook.com\/Eurl.Hosna.DZ\/\" \/>\n<meta property=\"article:modified_time\" content=\"2021-12-19T08:54:36+00:00\" \/>\n<meta property=\"og:image\" content=\"https:\/\/eurlhosnakamel.dz\/dz\/wp-content\/uploads\/2020\/04\/BOSCH-BURIN-SDS-PLUS-60-250mm-BECHE-0102eurl-hosna-kamel-alg\u00e9rie-1.jpg\" \/>\n\t<meta property=\"og:image:width\" content=\"512\" \/>\n\t<meta property=\"og:image:height\" content=\"512\" \/>\n\t<meta property=\"og:image:type\" content=\"image\/jpeg\" \/>\n<meta name=\"twitter:card\" content=\"summary_large_image\" \/>\n<meta name=\"twitter:label1\" content=\"Dur\u00e9e de lecture estim\u00e9e\" \/>\n\t<meta name=\"twitter:data1\" content=\"1 minute\" \/>\n<script type=\"application\/ld+json\" class=\"yoast-schema-graph\">{\"@context\":\"https:\/\/schema.org\",\"@graph\":[{\"@type\":\"WebPage\",\"@id\":\"https:\/\/eurlhosnakamel.dz\/dz\/produit\/bosch-burin-sds-plus-60-250mm-beche-0102\/\",\"url\":\"https:\/\/eurlhosnakamel.dz\/dz\/produit\/bosch-burin-sds-plus-60-250mm-beche-0102\/\",\"name\":\"Burin SDS plus b\u00e8che 60 x 250 mm - EURL HOSNA KAMEL\",\"isPartOf\":{\"@id\":\"https:\/\/eurlhosnakamel.dz\/dz\/#website\"},\"primaryImageOfPage\":{\"@id\":\"https:\/\/eurlhosnakamel.dz\/dz\/produit\/bosch-burin-sds-plus-60-250mm-beche-0102\/#primaryimage\"},\"image\":{\"@id\":\"https:\/\/eurlhosnakamel.dz\/dz\/produit\/bosch-burin-sds-plus-60-250mm-beche-0102\/#primaryimage\"},\"thumbnailUrl\":\"https:\/\/eurlhosnakamel.dz\/dz\/wp-content\/uploads\/2020\/04\/BOSCH-BURIN-SDS-PLUS-60-250mm-BECHE-0102eurl-hosna-kamel-alg\u00e9rie-1.jpg\",\"datePublished\":\"2020-04-27T10:45:29+00:00\",\"dateModified\":\"2021-12-19T08:54:36+00:00\",\"description\":\"Burin SDS plus b\u00e8che 60 x 250 mm - EURL HOSNA KAMEL\",\"breadcrumb\":{\"@id\":\"https:\/\/eurlhosnakamel.dz\/dz\/produit\/bosch-burin-sds-plus-60-250mm-beche-0102\/#breadcrumb\"},\"inLanguage\":\"fr-FR\",\"potentialAction\":[{\"@type\":\"ReadAction\",\"target\":[\"https:\/\/eurlhosnakamel.dz\/dz\/produit\/bosch-burin-sds-plus-60-250mm-beche-0102\/\"]}]},{\"@type\":\"ImageObject\",\"inLanguage\":\"fr-FR\",\"@id\":\"https:\/\/eurlhosnakamel.dz\/dz\/produit\/bosch-burin-sds-plus-60-250mm-beche-0102\/#primaryimage\",\"url\":\"https:\/\/eurlhosnakamel.dz\/dz\/wp-content\/uploads\/2020\/04\/BOSCH-BURIN-SDS-PLUS-60-250mm-BECHE-0102eurl-hosna-kamel-alg\u00e9rie-1.jpg\",\"contentUrl\":\"https:\/\/eurlhosnakamel.dz\/dz\/wp-content\/uploads\/2020\/04\/BOSCH-BURIN-SDS-PLUS-60-250mm-BECHE-0102eurl-hosna-kamel-alg\u00e9rie-1.jpg\",\"width\":512,\"height\":512},{\"@type\":\"BreadcrumbList\",\"@id\":\"https:\/\/eurlhosnakamel.dz\/dz\/produit\/bosch-burin-sds-plus-60-250mm-beche-0102\/#breadcrumb\",\"itemListElement\":[{\"@type\":\"ListItem\",\"position\":1,\"name\":\"Accueil\",\"item\":\"https:\/\/eurlhosnakamel.dz\/dz\/\"},{\"@type\":\"ListItem\",\"position\":2,\"name\":\"Shop\",\"item\":\"https:\/\/eurlhosnakamel.dz\/dz\/shop\/\"},{\"@type\":\"ListItem\",\"position\":3,\"name\":\"Burin SDS plus b\u00e8che 60 x 250 mm\"}]},{\"@type\":\"WebSite\",\"@id\":\"https:\/\/eurlhosnakamel.dz\/dz\/#website\",\"url\":\"https:\/\/eurlhosnakamel.dz\/dz\/\",\"name\":\"EURL HOSNA KAMEL\",\"description\":\"Fournisseur Premium d&#039;Outillages Professionnels en Alg\u00e9rie -\",\"publisher\":{\"@id\":\"https:\/\/eurlhosnakamel.dz\/dz\/#organization\"},\"potentialAction\":[{\"@type\":\"SearchAction\",\"target\":{\"@type\":\"EntryPoint\",\"urlTemplate\":\"https:\/\/eurlhosnakamel.dz\/dz\/?s={search_term_string}\"},\"query-input\":\"required name=search_term_string\"}],\"inLanguage\":\"fr-FR\"},{\"@type\":\"Organization\",\"@id\":\"https:\/\/eurlhosnakamel.dz\/dz\/#organization\",\"name\":\"EURL HOSNA KAMEL - Bosch alg\u00e9rie\",\"url\":\"https:\/\/eurlhosnakamel.dz\/dz\/\",\"logo\":{\"@type\":\"ImageObject\",\"inLanguage\":\"fr-FR\",\"@id\":\"https:\/\/eurlhosnakamel.dz\/dz\/#\/schema\/logo\/image\/\",\"url\":\"https:\/\/eurlhosnakamel.dz\/wp-content\/uploads\/2020\/04\/LOGO-HOSNA1.png\",\"contentUrl\":\"https:\/\/eurlhosnakamel.dz\/wp-content\/uploads\/2020\/04\/LOGO-HOSNA1.png\",\"width\":120,\"height\":127,\"caption\":\"EURL HOSNA KAMEL - Bosch alg\u00e9rie\"},\"image\":{\"@id\":\"https:\/\/eurlhosnakamel.dz\/dz\/#\/schema\/logo\/image\/\"},\"sameAs\":[\"https:\/\/www.facebook.com\/Eurl.Hosna.DZ\/\"]}]}<\/script>\n<!-- \/ Yoast SEO plugin. -->","yoast_head_json":{"title":"Burin SDS plus b\u00e8che 60 x 250 mm - EURL HOSNA KAMEL","description":"Burin SDS plus b\u00e8che 60 x 250 mm - EURL HOSNA KAMEL","robots":{"index":"index","follow":"follow","max-snippet":"max-snippet:-1","max-image-preview":"max-image-preview:large","max-video-preview":"max-video-preview:-1"},"canonical":"https:\/\/eurlhosnakamel.dz\/dz\/produit\/bosch-burin-sds-plus-60-250mm-beche-0102\/","og_locale":"fr_FR","og_type":"article","og_title":"Burin SDS plus b\u00e8che 60 x 250 mm - EURL HOSNA KAMEL","og_description":"Burin SDS plus b\u00e8che 60 x 250 mm - EURL HOSNA KAMEL","og_url":"https:\/\/eurlhosnakamel.dz\/dz\/produit\/bosch-burin-sds-plus-60-250mm-beche-0102\/","og_site_name":"EURL HOSNA KAMEL","article_publisher":"https:\/\/www.facebook.com\/Eurl.Hosna.DZ\/","article_modified_time":"2021-12-19T08:54:36+00:00","og_image":[{"width":512,"height":512,"url":"https:\/\/eurlhosnakamel.dz\/dz\/wp-content\/uploads\/2020\/04\/BOSCH-BURIN-SDS-PLUS-60-250mm-BECHE-0102eurl-hosna-kamel-alg\u00e9rie-1.jpg","type":"image\/jpeg"}],"twitter_card":"summary_large_image","twitter_misc":{"Dur\u00e9e de lecture estim\u00e9e":"1 minute"},"schema":{"@context":"https:\/\/schema.org","@graph":[{"@type":"WebPage","@id":"https:\/\/eurlhosnakamel.dz\/dz\/produit\/bosch-burin-sds-plus-60-250mm-beche-0102\/","url":"https:\/\/eurlhosnakamel.dz\/dz\/produit\/bosch-burin-sds-plus-60-250mm-beche-0102\/","name":"Burin SDS plus b\u00e8che 60 x 250 mm - EURL HOSNA KAMEL","isPartOf":{"@id":"https:\/\/eurlhosnakamel.dz\/dz\/#website"},"primaryImageOfPage":{"@id":"https:\/\/eurlhosnakamel.dz\/dz\/produit\/bosch-burin-sds-plus-60-250mm-beche-0102\/#primaryimage"},"image":{"@id":"https:\/\/eurlhosnakamel.dz\/dz\/produit\/bosch-burin-sds-plus-60-250mm-beche-0102\/#primaryimage"},"thumbnailUrl":"https:\/\/eurlhosnakamel.dz\/dz\/wp-content\/uploads\/2020\/04\/BOSCH-BURIN-SDS-PLUS-60-250mm-BECHE-0102eurl-hosna-kamel-alg\u00e9rie-1.jpg","datePublished":"2020-04-27T10:45:29+00:00","dateModified":"2021-12-19T08:54:36+00:00","description":"Burin SDS plus b\u00e8che 60 x 250 mm - EURL HOSNA KAMEL","breadcrumb":{"@id":"https:\/\/eurlhosnakamel.dz\/dz\/produit\/bosch-burin-sds-plus-60-250mm-beche-0102\/#breadcrumb"},"inLanguage":"fr-FR","potentialAction":[{"@type":"ReadAction","target":["https:\/\/eurlhosnakamel.dz\/dz\/produit\/bosch-burin-sds-plus-60-250mm-beche-0102\/"]}]},{"@type":"ImageObject","inLanguage":"fr-FR","@id":"https:\/\/eurlhosnakamel.dz\/dz\/produit\/bosch-burin-sds-plus-60-250mm-beche-0102\/#primaryimage","url":"https:\/\/eurlhosnakamel.dz\/dz\/wp-content\/uploads\/2020\/04\/BOSCH-BURIN-SDS-PLUS-60-250mm-BECHE-0102eurl-hosna-kamel-alg\u00e9rie-1.jpg","contentUrl":"https:\/\/eurlhosnakamel.dz\/dz\/wp-content\/uploads\/2020\/04\/BOSCH-BURIN-SDS-PLUS-60-250mm-BECHE-0102eurl-hosna-kamel-alg\u00e9rie-1.jpg","width":512,"height":512},{"@type":"BreadcrumbList","@id":"https:\/\/eurlhosnakamel.dz\/dz\/produit\/bosch-burin-sds-plus-60-250mm-beche-0102\/#breadcrumb","itemListElement":[{"@type":"ListItem","position":1,"name":"Accueil","item":"https:\/\/eurlhosnakamel.dz\/dz\/"},{"@type":"ListItem","position":2,"name":"Shop","item":"https:\/\/eurlhosnakamel.dz\/dz\/shop\/"},{"@type":"ListItem","position":3,"name":"Burin SDS plus b\u00e8che 60 x 250 mm"}]},{"@type":"WebSite","@id":"https:\/\/eurlhosnakamel.dz\/dz\/#website","url":"https:\/\/eurlhosnakamel.dz\/dz\/","name":"EURL HOSNA KAMEL","description":"Fournisseur Premium d&#039;Outillages Professionnels en Alg\u00e9rie -","publisher":{"@id":"https:\/\/eurlhosnakamel.dz\/dz\/#organization"},"potentialAction":[{"@type":"SearchAction","target":{"@type":"EntryPoint","urlTemplate":"https:\/\/eurlhosnakamel.dz\/dz\/?s={search_term_string}"},"query-input":"required name=search_term_string"}],"inLanguage":"fr-FR"},{"@type":"Organization","@id":"https:\/\/eurlhosnakamel.dz\/dz\/#organization","name":"EURL HOSNA KAMEL - Bosch alg\u00e9rie","url":"https:\/\/eurlhosnakamel.dz\/dz\/","logo":{"@type":"ImageObject","inLanguage":"fr-FR","@id":"https:\/\/eurlhosnakamel.dz\/dz\/#\/schema\/logo\/image\/","url":"https:\/\/eurlhosnakamel.dz\/wp-content\/uploads\/2020\/04\/LOGO-HOSNA1.png","contentUrl":"https:\/\/eurlhosnakamel.dz\/wp-content\/uploads\/2020\/04\/LOGO-HOSNA1.png","width":120,"height":127,"caption":"EURL HOSNA KAMEL - Bosch alg\u00e9rie"},"image":{"@id":"https:\/\/eurlhosnakamel.dz\/dz\/#\/schema\/logo\/image\/"},"sameAs":["https:\/\/www.facebook.com\/Eurl.Hosna.DZ\/"]}]}},"_links":{"self":[{"href":"https:\/\/eurlhosnakamel.dz\/dz\/wp-json\/wp\/v2\/product\/8753","targetHints":{"allow":["GET"]}}],"collection":[{"href":"https:\/\/eurlhosnakamel.dz\/dz\/wp-json\/wp\/v2\/product"}],"about":[{"href":"https:\/\/eurlhosnakamel.dz\/dz\/wp-json\/wp\/v2\/types\/product"}],"wp:featuredmedia":[{"embeddable":true,"href":"https:\/\/eurlhosnakamel.dz\/dz\/wp-json\/wp\/v2\/media\/8757"}],"wp:attachment":[{"href":"https:\/\/eurlhosnakamel.dz\/dz\/wp-json\/wp\/v2\/media?parent=8753"}],"wp:term":[{"taxonomy":"product_cat","embeddable":true,"href":"https:\/\/eurlhosnakamel.dz\/dz\/wp-json\/wp\/v2\/product_cat?post=8753"},{"taxonomy":"product_tag","embeddable":true,"href":"https:\/\/eurlhosnakamel.dz\/dz\/wp-json\/wp\/v2\/product_tag?post=8753"}],"curies":[{"name":"wp","href":"https:\/\/api.w.org\/{rel}","templated":true}]}}