{"id":8813,"date":"2020-04-27T12:49:17","date_gmt":"2020-04-27T12:49:17","guid":{"rendered":"https:\/\/lhchosting.com\/hosna\/?post_type=product&#038;p=8813"},"modified":"2021-12-19T08:54:26","modified_gmt":"2021-12-19T08:54:26","slug":"bosch-commande-a-dist-pr-grl300hv-rc1-069300","status":"publish","type":"product","link":"https:\/\/eurlhosnakamel.dz\/dz\/produit\/bosch-commande-a-dist-pr-grl300hv-rc1-069300\/","title":{"rendered":"Laser rotatif ext\u00e9rieur 300 m\u00e8tres Inclus LR 1 , RC 1, WM 4 GRL 300 HV"},"content":{"rendered":"<div class=\"row\">\n<div class=\"col-xs-12\">\n<h4 class=\"headline hl1\"><strong>Caract\u00e9ristiques techniques<\/strong><\/h4>\n<\/div>\n<\/div>\n<div class=\"row\">\n<div class=\"col-lg-8 col-xs-12\">\n<table class=\"table\">\n<colgroup>\n<col class=\"col-xs-5\" \/>\n<col class=\"col-xs-3\" \/><\/colgroup>\n<thead>\n<tr>\n<th class=\"headline hl4\" colspan=\"2\"><strong>Donn\u00e9es suppl\u00e9mentaires<\/strong><\/th>\n<\/tr>\n<\/thead>\n<tbody>\n<tr>\n<td>Port\u00e9e*<\/td>\n<td>30\u00a0M<\/td>\n<\/tr>\n<tr>\n<td>Alimentation*<\/td>\n<td>1 x 1,5 V LR6 (AA)<\/td>\n<\/tr>\n<tr>\n<td>T\u00e9l\u00e9commande<\/td>\n<td>+<\/td>\n<\/tr>\n<tr>\n<td>Cellule de r\u00e9ception<\/td>\n<td>&#8211;<\/td>\n<\/tr>\n<tr>\n<td>Port\u00e9e, jusqu\u2019\u00e0<\/td>\n<td>30\u00a0M<\/td>\n<\/tr>\n<tr>\n<td>Poids env.*<\/td>\n<td>70\u00a0g<\/td>\n<\/tr>\n<\/tbody>\n<\/table>\n<p>* Donn\u00e9es mises en surbrillance<\/p>\n<h4 class=\"headline hl1\"><strong>Avantages<\/strong><\/h4>\n<div class=\"row\">\n<div class=\"col-md-6\">\n<div class=\"m-product_hightlights__content-wrapper\">\n<h4 class=\"headline hl4\"><strong>Plus de possibilit\u00e9s gr\u00e2ce aux accessoires<\/strong><\/h4>\n<ul class=\"m-product_hightlights__list\">\n<li>T\u00e9l\u00e9commande d\u2019une port\u00e9e de 30 m<\/li>\n<li>Pour toutes les fonctions, y compris l\u2019alignement du plan laser du laser rotatif en mode vertical<\/li>\n<li>Pour GRL 300 HV Professional et GRL 300 HVG Professional<\/li>\n<\/ul>\n<\/div>\n<\/div>\n<\/div>\n<\/div>\n<\/div>\n","protected":false},"excerpt":{"rendered":"<h4 class=\"o-hero_stage__headline-wrapper headline hl1\"><strong><span class=\"o-hero_stage__headline o-hero_stage__headline--sup o-hero_stage__text o-hero_stage__text--white\"><span class=\"si-hero-stage-subheadline\">T\u00e9l\u00e9commande <\/span><\/span><span class=\"o-hero_stage__headline o-hero_stage__text o-hero_stage__text--white pull-left\">RC 1 Professional<\/span><\/strong><\/h4>\n","protected":false},"featured_media":8815,"template":"","meta":[],"product_cat":[457,405],"product_tag":[1973,2463],"class_list":{"0":"post-8813","1":"product","2":"type-product","3":"status-publish","4":"has-post-thumbnail","6":"product_cat-instruments-de-mesure","7":"product_cat-outillage","8":"product_tag-bosch-commande-a-dist-pr-grl300hv-rc1-069300","9":"product_tag-grl-300-hv","10":"product_brand-bosch-outillage","12":"first","13":"instock","14":"shipping-taxable","15":"product-type-simple","16":"col-xs-6 col-sm-4","17":"col-md-3 col-lg-3","18":"un-4-cols"},"yoast_head":"<!-- This site is optimized with the Yoast SEO plugin v22.5 - https:\/\/yoast.com\/wordpress\/plugins\/seo\/ -->\n<title>Laser rotatif ext\u00e9rieur 300 m\u00e8tres Inclus LR 1 , RC 1, WM 4 GRL 300 HV - EURL HOSNA KAMEL<\/title>\n<meta name=\"description\" content=\"Laser rotatif ext\u00e9rieur 300 m\u00e8tres Inclus LR 1 , RC 1, WM 4 GRL 300 HV - EURL HOSNA KAMEL\" \/>\n<meta name=\"robots\" content=\"index, follow, max-snippet:-1, max-image-preview:large, max-video-preview:-1\" \/>\n<link rel=\"canonical\" href=\"https:\/\/eurlhosnakamel.dz\/dz\/produit\/bosch-commande-a-dist-pr-grl300hv-rc1-069300\/\" \/>\n<meta property=\"og:locale\" content=\"fr_FR\" \/>\n<meta property=\"og:type\" content=\"article\" \/>\n<meta property=\"og:title\" content=\"Laser rotatif ext\u00e9rieur 300 m\u00e8tres Inclus LR 1 , RC 1, WM 4 GRL 300 HV - EURL HOSNA KAMEL\" \/>\n<meta property=\"og:description\" content=\"Laser rotatif ext\u00e9rieur 300 m\u00e8tres Inclus LR 1 , RC 1, WM 4 GRL 300 HV - EURL HOSNA KAMEL\" \/>\n<meta property=\"og:url\" content=\"https:\/\/eurlhosnakamel.dz\/dz\/produit\/bosch-commande-a-dist-pr-grl300hv-rc1-069300\/\" \/>\n<meta property=\"og:site_name\" content=\"EURL HOSNA KAMEL\" \/>\n<meta property=\"article:publisher\" content=\"https:\/\/www.facebook.com\/Eurl.Hosna.DZ\/\" \/>\n<meta property=\"article:modified_time\" content=\"2021-12-19T08:54:26+00:00\" \/>\n<meta property=\"og:image\" content=\"https:\/\/eurlhosnakamel.dz\/dz\/wp-content\/uploads\/2020\/04\/BOSCH-COMMANDE-A-DIST.-PR-GRL300HV-RC1-069300eurl-hosna-kamel-alg\u00e9rie.jpg\" \/>\n\t<meta property=\"og:image:width\" content=\"512\" \/>\n\t<meta property=\"og:image:height\" content=\"512\" \/>\n\t<meta property=\"og:image:type\" content=\"image\/jpeg\" \/>\n<meta name=\"twitter:card\" content=\"summary_large_image\" \/>\n<script type=\"application\/ld+json\" class=\"yoast-schema-graph\">{\"@context\":\"https:\/\/schema.org\",\"@graph\":[{\"@type\":\"WebPage\",\"@id\":\"https:\/\/eurlhosnakamel.dz\/dz\/produit\/bosch-commande-a-dist-pr-grl300hv-rc1-069300\/\",\"url\":\"https:\/\/eurlhosnakamel.dz\/dz\/produit\/bosch-commande-a-dist-pr-grl300hv-rc1-069300\/\",\"name\":\"Laser rotatif ext\u00e9rieur 300 m\u00e8tres Inclus LR 1 , RC 1, WM 4 GRL 300 HV - EURL HOSNA KAMEL\",\"isPartOf\":{\"@id\":\"https:\/\/eurlhosnakamel.dz\/dz\/#website\"},\"primaryImageOfPage\":{\"@id\":\"https:\/\/eurlhosnakamel.dz\/dz\/produit\/bosch-commande-a-dist-pr-grl300hv-rc1-069300\/#primaryimage\"},\"image\":{\"@id\":\"https:\/\/eurlhosnakamel.dz\/dz\/produit\/bosch-commande-a-dist-pr-grl300hv-rc1-069300\/#primaryimage\"},\"thumbnailUrl\":\"https:\/\/eurlhosnakamel.dz\/dz\/wp-content\/uploads\/2020\/04\/BOSCH-COMMANDE-A-DIST.-PR-GRL300HV-RC1-069300eurl-hosna-kamel-alg\u00e9rie.jpg\",\"datePublished\":\"2020-04-27T12:49:17+00:00\",\"dateModified\":\"2021-12-19T08:54:26+00:00\",\"description\":\"Laser rotatif ext\u00e9rieur 300 m\u00e8tres Inclus LR 1 , RC 1, WM 4 GRL 300 HV - EURL HOSNA KAMEL\",\"breadcrumb\":{\"@id\":\"https:\/\/eurlhosnakamel.dz\/dz\/produit\/bosch-commande-a-dist-pr-grl300hv-rc1-069300\/#breadcrumb\"},\"inLanguage\":\"fr-FR\",\"potentialAction\":[{\"@type\":\"ReadAction\",\"target\":[\"https:\/\/eurlhosnakamel.dz\/dz\/produit\/bosch-commande-a-dist-pr-grl300hv-rc1-069300\/\"]}]},{\"@type\":\"ImageObject\",\"inLanguage\":\"fr-FR\",\"@id\":\"https:\/\/eurlhosnakamel.dz\/dz\/produit\/bosch-commande-a-dist-pr-grl300hv-rc1-069300\/#primaryimage\",\"url\":\"https:\/\/eurlhosnakamel.dz\/dz\/wp-content\/uploads\/2020\/04\/BOSCH-COMMANDE-A-DIST.-PR-GRL300HV-RC1-069300eurl-hosna-kamel-alg\u00e9rie.jpg\",\"contentUrl\":\"https:\/\/eurlhosnakamel.dz\/dz\/wp-content\/uploads\/2020\/04\/BOSCH-COMMANDE-A-DIST.-PR-GRL300HV-RC1-069300eurl-hosna-kamel-alg\u00e9rie.jpg\",\"width\":512,\"height\":512},{\"@type\":\"BreadcrumbList\",\"@id\":\"https:\/\/eurlhosnakamel.dz\/dz\/produit\/bosch-commande-a-dist-pr-grl300hv-rc1-069300\/#breadcrumb\",\"itemListElement\":[{\"@type\":\"ListItem\",\"position\":1,\"name\":\"Accueil\",\"item\":\"https:\/\/eurlhosnakamel.dz\/dz\/\"},{\"@type\":\"ListItem\",\"position\":2,\"name\":\"Shop\",\"item\":\"https:\/\/eurlhosnakamel.dz\/dz\/shop\/\"},{\"@type\":\"ListItem\",\"position\":3,\"name\":\"Laser rotatif ext\u00e9rieur 300 m\u00e8tres Inclus LR 1 , RC 1, WM 4 GRL 300 HV\"}]},{\"@type\":\"WebSite\",\"@id\":\"https:\/\/eurlhosnakamel.dz\/dz\/#website\",\"url\":\"https:\/\/eurlhosnakamel.dz\/dz\/\",\"name\":\"EURL HOSNA KAMEL\",\"description\":\"Fournisseur Premium d&#039;Outillages Professionnels en Alg\u00e9rie -\",\"publisher\":{\"@id\":\"https:\/\/eurlhosnakamel.dz\/dz\/#organization\"},\"potentialAction\":[{\"@type\":\"SearchAction\",\"target\":{\"@type\":\"EntryPoint\",\"urlTemplate\":\"https:\/\/eurlhosnakamel.dz\/dz\/?s={search_term_string}\"},\"query-input\":\"required name=search_term_string\"}],\"inLanguage\":\"fr-FR\"},{\"@type\":\"Organization\",\"@id\":\"https:\/\/eurlhosnakamel.dz\/dz\/#organization\",\"name\":\"EURL HOSNA KAMEL - Bosch alg\u00e9rie\",\"url\":\"https:\/\/eurlhosnakamel.dz\/dz\/\",\"logo\":{\"@type\":\"ImageObject\",\"inLanguage\":\"fr-FR\",\"@id\":\"https:\/\/eurlhosnakamel.dz\/dz\/#\/schema\/logo\/image\/\",\"url\":\"https:\/\/eurlhosnakamel.dz\/wp-content\/uploads\/2020\/04\/LOGO-HOSNA1.png\",\"contentUrl\":\"https:\/\/eurlhosnakamel.dz\/wp-content\/uploads\/2020\/04\/LOGO-HOSNA1.png\",\"width\":120,\"height\":127,\"caption\":\"EURL HOSNA KAMEL - Bosch alg\u00e9rie\"},\"image\":{\"@id\":\"https:\/\/eurlhosnakamel.dz\/dz\/#\/schema\/logo\/image\/\"},\"sameAs\":[\"https:\/\/www.facebook.com\/Eurl.Hosna.DZ\/\"]}]}<\/script>\n<!-- \/ Yoast SEO plugin. -->","yoast_head_json":{"title":"Laser rotatif ext\u00e9rieur 300 m\u00e8tres Inclus LR 1 , RC 1, WM 4 GRL 300 HV - EURL HOSNA KAMEL","description":"Laser rotatif ext\u00e9rieur 300 m\u00e8tres Inclus LR 1 , RC 1, WM 4 GRL 300 HV - EURL HOSNA KAMEL","robots":{"index":"index","follow":"follow","max-snippet":"max-snippet:-1","max-image-preview":"max-image-preview:large","max-video-preview":"max-video-preview:-1"},"canonical":"https:\/\/eurlhosnakamel.dz\/dz\/produit\/bosch-commande-a-dist-pr-grl300hv-rc1-069300\/","og_locale":"fr_FR","og_type":"article","og_title":"Laser rotatif ext\u00e9rieur 300 m\u00e8tres Inclus LR 1 , RC 1, WM 4 GRL 300 HV - EURL HOSNA KAMEL","og_description":"Laser rotatif ext\u00e9rieur 300 m\u00e8tres Inclus LR 1 , RC 1, WM 4 GRL 300 HV - EURL HOSNA KAMEL","og_url":"https:\/\/eurlhosnakamel.dz\/dz\/produit\/bosch-commande-a-dist-pr-grl300hv-rc1-069300\/","og_site_name":"EURL HOSNA KAMEL","article_publisher":"https:\/\/www.facebook.com\/Eurl.Hosna.DZ\/","article_modified_time":"2021-12-19T08:54:26+00:00","og_image":[{"width":512,"height":512,"url":"https:\/\/eurlhosnakamel.dz\/dz\/wp-content\/uploads\/2020\/04\/BOSCH-COMMANDE-A-DIST.-PR-GRL300HV-RC1-069300eurl-hosna-kamel-alg\u00e9rie.jpg","type":"image\/jpeg"}],"twitter_card":"summary_large_image","schema":{"@context":"https:\/\/schema.org","@graph":[{"@type":"WebPage","@id":"https:\/\/eurlhosnakamel.dz\/dz\/produit\/bosch-commande-a-dist-pr-grl300hv-rc1-069300\/","url":"https:\/\/eurlhosnakamel.dz\/dz\/produit\/bosch-commande-a-dist-pr-grl300hv-rc1-069300\/","name":"Laser rotatif ext\u00e9rieur 300 m\u00e8tres Inclus LR 1 , RC 1, WM 4 GRL 300 HV - EURL HOSNA KAMEL","isPartOf":{"@id":"https:\/\/eurlhosnakamel.dz\/dz\/#website"},"primaryImageOfPage":{"@id":"https:\/\/eurlhosnakamel.dz\/dz\/produit\/bosch-commande-a-dist-pr-grl300hv-rc1-069300\/#primaryimage"},"image":{"@id":"https:\/\/eurlhosnakamel.dz\/dz\/produit\/bosch-commande-a-dist-pr-grl300hv-rc1-069300\/#primaryimage"},"thumbnailUrl":"https:\/\/eurlhosnakamel.dz\/dz\/wp-content\/uploads\/2020\/04\/BOSCH-COMMANDE-A-DIST.-PR-GRL300HV-RC1-069300eurl-hosna-kamel-alg\u00e9rie.jpg","datePublished":"2020-04-27T12:49:17+00:00","dateModified":"2021-12-19T08:54:26+00:00","description":"Laser rotatif ext\u00e9rieur 300 m\u00e8tres Inclus LR 1 , RC 1, WM 4 GRL 300 HV - EURL HOSNA KAMEL","breadcrumb":{"@id":"https:\/\/eurlhosnakamel.dz\/dz\/produit\/bosch-commande-a-dist-pr-grl300hv-rc1-069300\/#breadcrumb"},"inLanguage":"fr-FR","potentialAction":[{"@type":"ReadAction","target":["https:\/\/eurlhosnakamel.dz\/dz\/produit\/bosch-commande-a-dist-pr-grl300hv-rc1-069300\/"]}]},{"@type":"ImageObject","inLanguage":"fr-FR","@id":"https:\/\/eurlhosnakamel.dz\/dz\/produit\/bosch-commande-a-dist-pr-grl300hv-rc1-069300\/#primaryimage","url":"https:\/\/eurlhosnakamel.dz\/dz\/wp-content\/uploads\/2020\/04\/BOSCH-COMMANDE-A-DIST.-PR-GRL300HV-RC1-069300eurl-hosna-kamel-alg\u00e9rie.jpg","contentUrl":"https:\/\/eurlhosnakamel.dz\/dz\/wp-content\/uploads\/2020\/04\/BOSCH-COMMANDE-A-DIST.-PR-GRL300HV-RC1-069300eurl-hosna-kamel-alg\u00e9rie.jpg","width":512,"height":512},{"@type":"BreadcrumbList","@id":"https:\/\/eurlhosnakamel.dz\/dz\/produit\/bosch-commande-a-dist-pr-grl300hv-rc1-069300\/#breadcrumb","itemListElement":[{"@type":"ListItem","position":1,"name":"Accueil","item":"https:\/\/eurlhosnakamel.dz\/dz\/"},{"@type":"ListItem","position":2,"name":"Shop","item":"https:\/\/eurlhosnakamel.dz\/dz\/shop\/"},{"@type":"ListItem","position":3,"name":"Laser rotatif ext\u00e9rieur 300 m\u00e8tres Inclus LR 1 , RC 1, WM 4 GRL 300 HV"}]},{"@type":"WebSite","@id":"https:\/\/eurlhosnakamel.dz\/dz\/#website","url":"https:\/\/eurlhosnakamel.dz\/dz\/","name":"EURL HOSNA KAMEL","description":"Fournisseur Premium d&#039;Outillages Professionnels en Alg\u00e9rie -","publisher":{"@id":"https:\/\/eurlhosnakamel.dz\/dz\/#organization"},"potentialAction":[{"@type":"SearchAction","target":{"@type":"EntryPoint","urlTemplate":"https:\/\/eurlhosnakamel.dz\/dz\/?s={search_term_string}"},"query-input":"required name=search_term_string"}],"inLanguage":"fr-FR"},{"@type":"Organization","@id":"https:\/\/eurlhosnakamel.dz\/dz\/#organization","name":"EURL HOSNA KAMEL - Bosch alg\u00e9rie","url":"https:\/\/eurlhosnakamel.dz\/dz\/","logo":{"@type":"ImageObject","inLanguage":"fr-FR","@id":"https:\/\/eurlhosnakamel.dz\/dz\/#\/schema\/logo\/image\/","url":"https:\/\/eurlhosnakamel.dz\/wp-content\/uploads\/2020\/04\/LOGO-HOSNA1.png","contentUrl":"https:\/\/eurlhosnakamel.dz\/wp-content\/uploads\/2020\/04\/LOGO-HOSNA1.png","width":120,"height":127,"caption":"EURL HOSNA KAMEL - Bosch alg\u00e9rie"},"image":{"@id":"https:\/\/eurlhosnakamel.dz\/dz\/#\/schema\/logo\/image\/"},"sameAs":["https:\/\/www.facebook.com\/Eurl.Hosna.DZ\/"]}]}},"_links":{"self":[{"href":"https:\/\/eurlhosnakamel.dz\/dz\/wp-json\/wp\/v2\/product\/8813","targetHints":{"allow":["GET"]}}],"collection":[{"href":"https:\/\/eurlhosnakamel.dz\/dz\/wp-json\/wp\/v2\/product"}],"about":[{"href":"https:\/\/eurlhosnakamel.dz\/dz\/wp-json\/wp\/v2\/types\/product"}],"wp:featuredmedia":[{"embeddable":true,"href":"https:\/\/eurlhosnakamel.dz\/dz\/wp-json\/wp\/v2\/media\/8815"}],"wp:attachment":[{"href":"https:\/\/eurlhosnakamel.dz\/dz\/wp-json\/wp\/v2\/media?parent=8813"}],"wp:term":[{"taxonomy":"product_cat","embeddable":true,"href":"https:\/\/eurlhosnakamel.dz\/dz\/wp-json\/wp\/v2\/product_cat?post=8813"},{"taxonomy":"product_tag","embeddable":true,"href":"https:\/\/eurlhosnakamel.dz\/dz\/wp-json\/wp\/v2\/product_tag?post=8813"}],"curies":[{"name":"wp","href":"https:\/\/api.w.org\/{rel}","templated":true}]}}