{"id":8851,"date":"2020-04-28T10:28:46","date_gmt":"2020-04-28T10:28:46","guid":{"rendered":"https:\/\/lhchosting.com\/hosna\/?post_type=product&#038;p=8851"},"modified":"2020-04-28T10:33:54","modified_gmt":"2020-04-28T10:33:54","slug":"ponceuse-universelle-lm30-ve-monophasee","status":"publish","type":"product","link":"https:\/\/eurlhosnakamel.dz\/dz\/produit\/ponceuse-universelle-lm30-ve-monophasee\/","title":{"rendered":"PONCEUSE UNIVERSELLE LM30-VE MONOPHAS\u00c9E"},"content":{"rendered":"<div class=\"col-xs-12 col-sm-6 xs-vrythm\">\n<h4 class=\"prodotto__section-title\"><strong>AVANTAGES<\/strong><\/h4>\n<div class=\"typography\">\n<p>LM30-VE est notre ponceuse historique, le mod\u00e8le le plus appr\u00e9ci\u00e9 des ponceuses professionnelles, en Italie et \u00e0 l&#8217;\u00e9tranger.<\/p>\n<ul>\n<li><strong>Moteur triphas\u00e9 entra\u00een\u00e9 par convertisseur de fr\u00e9quence<\/strong>\u00a0, pour une efficacit\u00e9 maximale.<\/li>\n<li><strong>S\u00e9lecteur \u00e0 quatre vitesses diff\u00e9rentes<\/strong>\u00a0pour optimiser le traitement de chaque surface.<\/li>\n<li><strong>R\u00e9glage de la table de la machine<\/strong>\u00a0au moyen d&#8217;un axe de roue excentrique.<\/li>\n<li><strong>Poign\u00e9e de transport et roue pivotante<\/strong>\u00a0pour faciliter le mouvement de la machine.<\/li>\n<\/ul>\n<\/div>\n<\/div>\n<div class=\"col-xs-12 col-sm-6 xs-vrythm\">\n<h4 class=\"prodotto__section-title\"><strong>DONN\u00c9ES TECHNIQUES<\/strong><\/h4>\n<div class=\"typography\">\n<div class=\"table-responsive\">\n<table class=\"table\">\n<tbody>\n<tr>\n<td>puissance<\/td>\n<td>2,2 kW &#8211; 3 HP \/ 3 kW &#8211; 4 HP<\/td>\n<\/tr>\n<tr>\n<td>tension<\/td>\n<td>230V (monophas\u00e9)<\/td>\n<\/tr>\n<tr>\n<td>R\u00e9gime moteur<\/td>\n<td>1400 tr \/ min<\/td>\n<\/tr>\n<tr>\n<td>\u00d8 Plaque de support abrasive<\/td>\n<td>300 mm<\/td>\n<\/tr>\n<tr>\n<td>Virages et vitesse p\u00e9riph\u00e9rique \u00e0 plat<\/td>\n<td>I &#8211; 150 tr \/ min &#8211; 141 m \/ min<br \/>\nII &#8211; 351 tr \/ min &#8211; 330 m \/ min<br \/>\nIII &#8211; 439 tr \/ min &#8211; 413 m \/ min<br \/>\nIV &#8211; 527 tr \/ min &#8211; 496 m \/ min<\/td>\n<\/tr>\n<tr>\n<td>Capacit\u00e9 du r\u00e9servoir d&#8217;eau<\/td>\n<td>26 l<\/td>\n<\/tr>\n<tr>\n<td>dimensions<\/td>\n<td>500x995x1300mm<\/td>\n<\/tr>\n<tr>\n<td>Poids sans accessoires<\/td>\n<td>100 kg<\/td>\n<\/tr>\n<tr>\n<td>Poids brut<\/td>\n<td>120 kg<\/td>\n<\/tr>\n<\/tbody>\n<\/table>\n<\/div>\n<\/div>\n<\/div>\n","protected":false},"excerpt":{"rendered":"<h4 class=\"h2\">PONCEUSE ET POLISSEUSE UNIVERSELLE POUR SOLS EN PIERRE<\/h4>\n<p><strong>Machines\u00a0rectifieuse sols en pierre\u00a0, puissance monophas\u00e9.\u00a0\u00c9quip\u00e9 d&#8217;\u00a0une vitesse r\u00e9glable\u00a0pour le pon\u00e7age et le polissage du\u00a0marbre, du granit, du terrazzo, du ciment, du gr\u00e8s et des pierres dures\u00a0.<\/strong><\/p>\n","protected":false},"featured_media":8853,"template":"","meta":[],"product_cat":[29,571],"product_tag":[1987],"class_list":{"0":"post-8851","1":"product","2":"type-product","3":"status-publish","4":"has-post-thumbnail","6":"product_cat-quincaillerie","7":"product_cat-outils-de-coupe","8":"product_tag-ponceuse-universelle-lm30-ve-monophasee","9":"product_brand-achilli","11":"first","12":"instock","13":"shipping-taxable","14":"product-type-simple","15":"col-xs-6 col-sm-4","16":"col-md-3 col-lg-3","17":"un-4-cols"},"yoast_head":"<!-- This site is optimized with the Yoast SEO plugin v22.5 - https:\/\/yoast.com\/wordpress\/plugins\/seo\/ -->\n<title>PONCEUSE UNIVERSELLE LM30-VE MONOPHAS\u00c9E - EURL HOSNA KAMEL<\/title>\n<meta name=\"description\" content=\"PONCEUSE UNIVERSELLE LM30-VE MONOPHAS\u00c9E - EURL HOSNA KAMEL\" \/>\n<meta name=\"robots\" content=\"index, follow, max-snippet:-1, max-image-preview:large, max-video-preview:-1\" \/>\n<link rel=\"canonical\" href=\"https:\/\/eurlhosnakamel.dz\/dz\/produit\/ponceuse-universelle-lm30-ve-monophasee\/\" \/>\n<meta property=\"og:locale\" content=\"fr_FR\" \/>\n<meta property=\"og:type\" content=\"article\" \/>\n<meta property=\"og:title\" content=\"PONCEUSE UNIVERSELLE LM30-VE MONOPHAS\u00c9E - EURL HOSNA KAMEL\" \/>\n<meta property=\"og:description\" content=\"PONCEUSE UNIVERSELLE LM30-VE MONOPHAS\u00c9E - EURL HOSNA KAMEL\" \/>\n<meta property=\"og:url\" content=\"https:\/\/eurlhosnakamel.dz\/dz\/produit\/ponceuse-universelle-lm30-ve-monophasee\/\" \/>\n<meta property=\"og:site_name\" content=\"EURL HOSNA KAMEL\" \/>\n<meta property=\"article:publisher\" content=\"https:\/\/www.facebook.com\/Eurl.Hosna.DZ\/\" \/>\n<meta property=\"article:modified_time\" content=\"2020-04-28T10:33:54+00:00\" \/>\n<meta property=\"og:image\" content=\"https:\/\/eurlhosnakamel.dz\/dz\/wp-content\/uploads\/2020\/04\/PONCEUSE-UNIVERSELLE-LM30-VE-MONOPHAS\u00c9E-eurl-hosna-kamel-algerie.jpg\" \/>\n\t<meta property=\"og:image:width\" content=\"512\" \/>\n\t<meta property=\"og:image:height\" content=\"512\" \/>\n\t<meta property=\"og:image:type\" content=\"image\/jpeg\" \/>\n<meta name=\"twitter:card\" content=\"summary_large_image\" \/>\n<meta name=\"twitter:label1\" content=\"Dur\u00e9e de lecture estim\u00e9e\" \/>\n\t<meta name=\"twitter:data1\" content=\"1 minute\" \/>\n<script type=\"application\/ld+json\" class=\"yoast-schema-graph\">{\"@context\":\"https:\/\/schema.org\",\"@graph\":[{\"@type\":\"WebPage\",\"@id\":\"https:\/\/eurlhosnakamel.dz\/dz\/produit\/ponceuse-universelle-lm30-ve-monophasee\/\",\"url\":\"https:\/\/eurlhosnakamel.dz\/dz\/produit\/ponceuse-universelle-lm30-ve-monophasee\/\",\"name\":\"PONCEUSE UNIVERSELLE LM30-VE MONOPHAS\u00c9E - EURL HOSNA KAMEL\",\"isPartOf\":{\"@id\":\"https:\/\/eurlhosnakamel.dz\/dz\/#website\"},\"primaryImageOfPage\":{\"@id\":\"https:\/\/eurlhosnakamel.dz\/dz\/produit\/ponceuse-universelle-lm30-ve-monophasee\/#primaryimage\"},\"image\":{\"@id\":\"https:\/\/eurlhosnakamel.dz\/dz\/produit\/ponceuse-universelle-lm30-ve-monophasee\/#primaryimage\"},\"thumbnailUrl\":\"https:\/\/eurlhosnakamel.dz\/dz\/wp-content\/uploads\/2020\/04\/PONCEUSE-UNIVERSELLE-LM30-VE-MONOPHAS\u00c9E-eurl-hosna-kamel-algerie.jpg\",\"datePublished\":\"2020-04-28T10:28:46+00:00\",\"dateModified\":\"2020-04-28T10:33:54+00:00\",\"description\":\"PONCEUSE UNIVERSELLE LM30-VE MONOPHAS\u00c9E - EURL HOSNA KAMEL\",\"breadcrumb\":{\"@id\":\"https:\/\/eurlhosnakamel.dz\/dz\/produit\/ponceuse-universelle-lm30-ve-monophasee\/#breadcrumb\"},\"inLanguage\":\"fr-FR\",\"potentialAction\":[{\"@type\":\"ReadAction\",\"target\":[\"https:\/\/eurlhosnakamel.dz\/dz\/produit\/ponceuse-universelle-lm30-ve-monophasee\/\"]}]},{\"@type\":\"ImageObject\",\"inLanguage\":\"fr-FR\",\"@id\":\"https:\/\/eurlhosnakamel.dz\/dz\/produit\/ponceuse-universelle-lm30-ve-monophasee\/#primaryimage\",\"url\":\"https:\/\/eurlhosnakamel.dz\/dz\/wp-content\/uploads\/2020\/04\/PONCEUSE-UNIVERSELLE-LM30-VE-MONOPHAS\u00c9E-eurl-hosna-kamel-algerie.jpg\",\"contentUrl\":\"https:\/\/eurlhosnakamel.dz\/dz\/wp-content\/uploads\/2020\/04\/PONCEUSE-UNIVERSELLE-LM30-VE-MONOPHAS\u00c9E-eurl-hosna-kamel-algerie.jpg\",\"width\":512,\"height\":512},{\"@type\":\"BreadcrumbList\",\"@id\":\"https:\/\/eurlhosnakamel.dz\/dz\/produit\/ponceuse-universelle-lm30-ve-monophasee\/#breadcrumb\",\"itemListElement\":[{\"@type\":\"ListItem\",\"position\":1,\"name\":\"Accueil\",\"item\":\"https:\/\/eurlhosnakamel.dz\/dz\/\"},{\"@type\":\"ListItem\",\"position\":2,\"name\":\"Shop\",\"item\":\"https:\/\/eurlhosnakamel.dz\/dz\/shop\/\"},{\"@type\":\"ListItem\",\"position\":3,\"name\":\"PONCEUSE UNIVERSELLE LM30-VE MONOPHAS\u00c9E\"}]},{\"@type\":\"WebSite\",\"@id\":\"https:\/\/eurlhosnakamel.dz\/dz\/#website\",\"url\":\"https:\/\/eurlhosnakamel.dz\/dz\/\",\"name\":\"EURL HOSNA KAMEL\",\"description\":\"Fournisseur Premium d&#039;Outillages Professionnels en Alg\u00e9rie -\",\"publisher\":{\"@id\":\"https:\/\/eurlhosnakamel.dz\/dz\/#organization\"},\"potentialAction\":[{\"@type\":\"SearchAction\",\"target\":{\"@type\":\"EntryPoint\",\"urlTemplate\":\"https:\/\/eurlhosnakamel.dz\/dz\/?s={search_term_string}\"},\"query-input\":\"required name=search_term_string\"}],\"inLanguage\":\"fr-FR\"},{\"@type\":\"Organization\",\"@id\":\"https:\/\/eurlhosnakamel.dz\/dz\/#organization\",\"name\":\"EURL HOSNA KAMEL - Bosch alg\u00e9rie\",\"url\":\"https:\/\/eurlhosnakamel.dz\/dz\/\",\"logo\":{\"@type\":\"ImageObject\",\"inLanguage\":\"fr-FR\",\"@id\":\"https:\/\/eurlhosnakamel.dz\/dz\/#\/schema\/logo\/image\/\",\"url\":\"https:\/\/eurlhosnakamel.dz\/wp-content\/uploads\/2020\/04\/LOGO-HOSNA1.png\",\"contentUrl\":\"https:\/\/eurlhosnakamel.dz\/wp-content\/uploads\/2020\/04\/LOGO-HOSNA1.png\",\"width\":120,\"height\":127,\"caption\":\"EURL HOSNA KAMEL - Bosch alg\u00e9rie\"},\"image\":{\"@id\":\"https:\/\/eurlhosnakamel.dz\/dz\/#\/schema\/logo\/image\/\"},\"sameAs\":[\"https:\/\/www.facebook.com\/Eurl.Hosna.DZ\/\"]}]}<\/script>\n<!-- \/ Yoast SEO plugin. -->","yoast_head_json":{"title":"PONCEUSE UNIVERSELLE LM30-VE MONOPHAS\u00c9E - EURL HOSNA KAMEL","description":"PONCEUSE UNIVERSELLE LM30-VE MONOPHAS\u00c9E - EURL HOSNA KAMEL","robots":{"index":"index","follow":"follow","max-snippet":"max-snippet:-1","max-image-preview":"max-image-preview:large","max-video-preview":"max-video-preview:-1"},"canonical":"https:\/\/eurlhosnakamel.dz\/dz\/produit\/ponceuse-universelle-lm30-ve-monophasee\/","og_locale":"fr_FR","og_type":"article","og_title":"PONCEUSE UNIVERSELLE LM30-VE MONOPHAS\u00c9E - EURL HOSNA KAMEL","og_description":"PONCEUSE UNIVERSELLE LM30-VE MONOPHAS\u00c9E - EURL HOSNA KAMEL","og_url":"https:\/\/eurlhosnakamel.dz\/dz\/produit\/ponceuse-universelle-lm30-ve-monophasee\/","og_site_name":"EURL HOSNA KAMEL","article_publisher":"https:\/\/www.facebook.com\/Eurl.Hosna.DZ\/","article_modified_time":"2020-04-28T10:33:54+00:00","og_image":[{"width":512,"height":512,"url":"https:\/\/eurlhosnakamel.dz\/dz\/wp-content\/uploads\/2020\/04\/PONCEUSE-UNIVERSELLE-LM30-VE-MONOPHAS\u00c9E-eurl-hosna-kamel-algerie.jpg","type":"image\/jpeg"}],"twitter_card":"summary_large_image","twitter_misc":{"Dur\u00e9e de lecture estim\u00e9e":"1 minute"},"schema":{"@context":"https:\/\/schema.org","@graph":[{"@type":"WebPage","@id":"https:\/\/eurlhosnakamel.dz\/dz\/produit\/ponceuse-universelle-lm30-ve-monophasee\/","url":"https:\/\/eurlhosnakamel.dz\/dz\/produit\/ponceuse-universelle-lm30-ve-monophasee\/","name":"PONCEUSE UNIVERSELLE LM30-VE MONOPHAS\u00c9E - EURL HOSNA KAMEL","isPartOf":{"@id":"https:\/\/eurlhosnakamel.dz\/dz\/#website"},"primaryImageOfPage":{"@id":"https:\/\/eurlhosnakamel.dz\/dz\/produit\/ponceuse-universelle-lm30-ve-monophasee\/#primaryimage"},"image":{"@id":"https:\/\/eurlhosnakamel.dz\/dz\/produit\/ponceuse-universelle-lm30-ve-monophasee\/#primaryimage"},"thumbnailUrl":"https:\/\/eurlhosnakamel.dz\/dz\/wp-content\/uploads\/2020\/04\/PONCEUSE-UNIVERSELLE-LM30-VE-MONOPHAS\u00c9E-eurl-hosna-kamel-algerie.jpg","datePublished":"2020-04-28T10:28:46+00:00","dateModified":"2020-04-28T10:33:54+00:00","description":"PONCEUSE UNIVERSELLE LM30-VE MONOPHAS\u00c9E - EURL HOSNA KAMEL","breadcrumb":{"@id":"https:\/\/eurlhosnakamel.dz\/dz\/produit\/ponceuse-universelle-lm30-ve-monophasee\/#breadcrumb"},"inLanguage":"fr-FR","potentialAction":[{"@type":"ReadAction","target":["https:\/\/eurlhosnakamel.dz\/dz\/produit\/ponceuse-universelle-lm30-ve-monophasee\/"]}]},{"@type":"ImageObject","inLanguage":"fr-FR","@id":"https:\/\/eurlhosnakamel.dz\/dz\/produit\/ponceuse-universelle-lm30-ve-monophasee\/#primaryimage","url":"https:\/\/eurlhosnakamel.dz\/dz\/wp-content\/uploads\/2020\/04\/PONCEUSE-UNIVERSELLE-LM30-VE-MONOPHAS\u00c9E-eurl-hosna-kamel-algerie.jpg","contentUrl":"https:\/\/eurlhosnakamel.dz\/dz\/wp-content\/uploads\/2020\/04\/PONCEUSE-UNIVERSELLE-LM30-VE-MONOPHAS\u00c9E-eurl-hosna-kamel-algerie.jpg","width":512,"height":512},{"@type":"BreadcrumbList","@id":"https:\/\/eurlhosnakamel.dz\/dz\/produit\/ponceuse-universelle-lm30-ve-monophasee\/#breadcrumb","itemListElement":[{"@type":"ListItem","position":1,"name":"Accueil","item":"https:\/\/eurlhosnakamel.dz\/dz\/"},{"@type":"ListItem","position":2,"name":"Shop","item":"https:\/\/eurlhosnakamel.dz\/dz\/shop\/"},{"@type":"ListItem","position":3,"name":"PONCEUSE UNIVERSELLE LM30-VE MONOPHAS\u00c9E"}]},{"@type":"WebSite","@id":"https:\/\/eurlhosnakamel.dz\/dz\/#website","url":"https:\/\/eurlhosnakamel.dz\/dz\/","name":"EURL HOSNA KAMEL","description":"Fournisseur Premium d&#039;Outillages Professionnels en Alg\u00e9rie -","publisher":{"@id":"https:\/\/eurlhosnakamel.dz\/dz\/#organization"},"potentialAction":[{"@type":"SearchAction","target":{"@type":"EntryPoint","urlTemplate":"https:\/\/eurlhosnakamel.dz\/dz\/?s={search_term_string}"},"query-input":"required name=search_term_string"}],"inLanguage":"fr-FR"},{"@type":"Organization","@id":"https:\/\/eurlhosnakamel.dz\/dz\/#organization","name":"EURL HOSNA KAMEL - Bosch alg\u00e9rie","url":"https:\/\/eurlhosnakamel.dz\/dz\/","logo":{"@type":"ImageObject","inLanguage":"fr-FR","@id":"https:\/\/eurlhosnakamel.dz\/dz\/#\/schema\/logo\/image\/","url":"https:\/\/eurlhosnakamel.dz\/wp-content\/uploads\/2020\/04\/LOGO-HOSNA1.png","contentUrl":"https:\/\/eurlhosnakamel.dz\/wp-content\/uploads\/2020\/04\/LOGO-HOSNA1.png","width":120,"height":127,"caption":"EURL HOSNA KAMEL - Bosch alg\u00e9rie"},"image":{"@id":"https:\/\/eurlhosnakamel.dz\/dz\/#\/schema\/logo\/image\/"},"sameAs":["https:\/\/www.facebook.com\/Eurl.Hosna.DZ\/"]}]}},"_links":{"self":[{"href":"https:\/\/eurlhosnakamel.dz\/dz\/wp-json\/wp\/v2\/product\/8851","targetHints":{"allow":["GET"]}}],"collection":[{"href":"https:\/\/eurlhosnakamel.dz\/dz\/wp-json\/wp\/v2\/product"}],"about":[{"href":"https:\/\/eurlhosnakamel.dz\/dz\/wp-json\/wp\/v2\/types\/product"}],"wp:featuredmedia":[{"embeddable":true,"href":"https:\/\/eurlhosnakamel.dz\/dz\/wp-json\/wp\/v2\/media\/8853"}],"wp:attachment":[{"href":"https:\/\/eurlhosnakamel.dz\/dz\/wp-json\/wp\/v2\/media?parent=8851"}],"wp:term":[{"taxonomy":"product_cat","embeddable":true,"href":"https:\/\/eurlhosnakamel.dz\/dz\/wp-json\/wp\/v2\/product_cat?post=8851"},{"taxonomy":"product_tag","embeddable":true,"href":"https:\/\/eurlhosnakamel.dz\/dz\/wp-json\/wp\/v2\/product_tag?post=8851"}],"curies":[{"name":"wp","href":"https:\/\/api.w.org\/{rel}","templated":true}]}}