{"id":8875,"date":"2020-04-28T10:42:29","date_gmt":"2020-04-28T10:42:29","guid":{"rendered":"https:\/\/lhchosting.com\/hosna\/?post_type=product&#038;p=8875"},"modified":"2021-08-01T09:54:15","modified_gmt":"2021-08-01T09:54:15","slug":"ponceuse-a-marbre-lm30-ce","status":"publish","type":"product","link":"https:\/\/eurlhosnakamel.dz\/dz\/produit\/ponceuse-a-marbre-lm30-ce\/","title":{"rendered":"PONCEUSE \u00c0 MARBRE LM30-CE"},"content":{"rendered":"<div class=\"col-xs-12 col-sm-6 xs-vrythm\">\n<h4 class=\"prodotto__section-title\"><strong>AVANTAGES<\/strong><\/h4>\n<div class=\"typography\">\n<p>La ponceuse LM30-CE simple et performante est le mod\u00e8le monophas\u00e9 le plus utilis\u00e9.<\/p>\n<ul>\n<li><strong>R\u00e9servoir en aluminium<\/strong>\u00a0avec rev\u00eatement en poudre \u00e9poxy.<\/li>\n<li><strong>R\u00e9glage de la table de la machine<\/strong>\u00a0au moyen d&#8217;un axe de roue excentrique.<\/li>\n<li>Possibilit\u00e9 de monter\u00a0<strong>une t\u00eate plan\u00e9taire<\/strong>\u00a0\u00a0pour optimiser le travail sur toutes les surfaces.<\/li>\n<\/ul>\n<\/div>\n<\/div>\n<div class=\"col-xs-12 col-sm-6 xs-vrythm\">\n<h4 class=\"prodotto__section-title\"><strong>DONN\u00c9ES TECHNIQUES<\/strong><\/h4>\n<div class=\"typography\">\n<div class=\"table-responsive\">\n<table class=\"table\">\n<tbody>\n<tr>\n<td>puissance<\/td>\n<td>2,2 kW &#8211; 3 CV<\/td>\n<\/tr>\n<tr>\n<td>tension<\/td>\n<td>230 V (115 V sur demande)<\/td>\n<\/tr>\n<tr>\n<td>R\u00e9gime moteur<\/td>\n<td>1400 tr \/ min<\/td>\n<\/tr>\n<tr>\n<td>\u00d8 Plaque de support abrasive<\/td>\n<td>300 mm<\/td>\n<\/tr>\n<tr>\n<td>Virages et vitesse p\u00e9riph\u00e9rique \u00e0 plat<\/td>\n<td>440 tr \/ min &#8211; 415 m \/ min<\/td>\n<\/tr>\n<tr>\n<td>Capacit\u00e9 du r\u00e9servoir d&#8217;eau<\/td>\n<td>26 l<\/td>\n<\/tr>\n<tr>\n<td>dimensions<\/td>\n<td>500x995x945<\/td>\n<\/tr>\n<tr>\n<td>Poids sans accessoires<\/td>\n<td>90 kg<\/td>\n<\/tr>\n<tr>\n<td>Poids brut<\/td>\n<td>110 kg<\/td>\n<\/tr>\n<\/tbody>\n<\/table>\n<\/div>\n<\/div>\n<\/div>\n<p><iframe src=\"https:\/\/www.youtube.com\/embed\/fme3KJZ1FhQ\" width=\"800\" height=\"450\" frameborder=\"0\" allowfullscreen=\"allowfullscreen\"><span data-mce-type=\"bookmark\" style=\"display: inline-block; width: 0px; overflow: hidden; line-height: 0;\" class=\"mce_SELRES_start\">\ufeff<\/span><span data-mce-type=\"bookmark\" style=\"display: inline-block; width: 0px; overflow: hidden; line-height: 0;\" class=\"mce_SELRES_start\">\ufeff<\/span><span data-mce-type=\"bookmark\" style=\"display: inline-block; width: 0px; overflow: hidden; line-height: 0;\" class=\"mce_SELRES_start\">\ufeff<\/span><\/iframe><\/p>\n","protected":false},"excerpt":{"rendered":"<h4 class=\"h2\">PONCEUSE POUR SOLS EN MARBRE, TERRAZZO, B\u00c9TON ET SIMILAIRES<\/h4>\n<p><strong>Ponceuse et polisseuse monophas\u00e9e,\u00a0sp\u00e9cialement\u00a0con\u00e7ue\u00a0pour travailler le marbre\u00a0, le terrazzo, le b\u00e9ton et les mat\u00e9riaux similaires.<\/strong><\/p>\n","protected":false},"featured_media":8879,"template":"","meta":[],"product_cat":[29,571],"product_tag":[1993],"class_list":{"0":"post-8875","1":"product","2":"type-product","3":"status-publish","4":"has-post-thumbnail","6":"product_cat-quincaillerie","7":"product_cat-outils-de-coupe","8":"product_tag-ponceuse-a-marbre-lm30-ce","9":"product_brand-achilli","11":"first","12":"instock","13":"shipping-taxable","14":"product-type-simple","15":"col-xs-6 col-sm-4","16":"col-md-3 col-lg-3","17":"un-4-cols"},"yoast_head":"<!-- This site is optimized with the Yoast SEO plugin v22.5 - https:\/\/yoast.com\/wordpress\/plugins\/seo\/ -->\n<title>PONCEUSE \u00c0 MARBRE LM30-CE - EURL HOSNA KAMEL<\/title>\n<meta name=\"description\" content=\"PONCEUSE \u00c0 MARBRE LM30-CE - EURL HOSNA KAMEL\" \/>\n<meta name=\"robots\" content=\"index, follow, max-snippet:-1, max-image-preview:large, max-video-preview:-1\" \/>\n<link rel=\"canonical\" href=\"https:\/\/eurlhosnakamel.dz\/dz\/produit\/ponceuse-a-marbre-lm30-ce\/\" \/>\n<meta property=\"og:locale\" content=\"fr_FR\" \/>\n<meta property=\"og:type\" content=\"article\" \/>\n<meta property=\"og:title\" content=\"PONCEUSE \u00c0 MARBRE LM30-CE - EURL HOSNA KAMEL\" \/>\n<meta property=\"og:description\" content=\"PONCEUSE \u00c0 MARBRE LM30-CE - EURL HOSNA KAMEL\" \/>\n<meta property=\"og:url\" content=\"https:\/\/eurlhosnakamel.dz\/dz\/produit\/ponceuse-a-marbre-lm30-ce\/\" \/>\n<meta property=\"og:site_name\" content=\"EURL HOSNA KAMEL\" \/>\n<meta property=\"article:publisher\" content=\"https:\/\/www.facebook.com\/Eurl.Hosna.DZ\/\" \/>\n<meta property=\"article:modified_time\" content=\"2021-08-01T09:54:15+00:00\" \/>\n<meta property=\"og:image\" content=\"https:\/\/eurlhosnakamel.dz\/dz\/wp-content\/uploads\/2020\/04\/PONCEUSE-\u00c0-MARBRE-LM30-CE-eurl-hosna-kamel-algerie.jpg\" \/>\n\t<meta property=\"og:image:width\" content=\"512\" \/>\n\t<meta property=\"og:image:height\" content=\"512\" \/>\n\t<meta property=\"og:image:type\" content=\"image\/jpeg\" \/>\n<meta name=\"twitter:card\" content=\"summary_large_image\" \/>\n<meta name=\"twitter:label1\" content=\"Dur\u00e9e de lecture estim\u00e9e\" \/>\n\t<meta name=\"twitter:data1\" content=\"1 minute\" \/>\n<script type=\"application\/ld+json\" class=\"yoast-schema-graph\">{\"@context\":\"https:\/\/schema.org\",\"@graph\":[{\"@type\":\"WebPage\",\"@id\":\"https:\/\/eurlhosnakamel.dz\/dz\/produit\/ponceuse-a-marbre-lm30-ce\/\",\"url\":\"https:\/\/eurlhosnakamel.dz\/dz\/produit\/ponceuse-a-marbre-lm30-ce\/\",\"name\":\"PONCEUSE \u00c0 MARBRE LM30-CE - EURL HOSNA KAMEL\",\"isPartOf\":{\"@id\":\"https:\/\/eurlhosnakamel.dz\/dz\/#website\"},\"primaryImageOfPage\":{\"@id\":\"https:\/\/eurlhosnakamel.dz\/dz\/produit\/ponceuse-a-marbre-lm30-ce\/#primaryimage\"},\"image\":{\"@id\":\"https:\/\/eurlhosnakamel.dz\/dz\/produit\/ponceuse-a-marbre-lm30-ce\/#primaryimage\"},\"thumbnailUrl\":\"https:\/\/eurlhosnakamel.dz\/dz\/wp-content\/uploads\/2020\/04\/PONCEUSE-\u00c0-MARBRE-LM30-CE-eurl-hosna-kamel-algerie.jpg\",\"datePublished\":\"2020-04-28T10:42:29+00:00\",\"dateModified\":\"2021-08-01T09:54:15+00:00\",\"description\":\"PONCEUSE \u00c0 MARBRE LM30-CE - EURL HOSNA KAMEL\",\"breadcrumb\":{\"@id\":\"https:\/\/eurlhosnakamel.dz\/dz\/produit\/ponceuse-a-marbre-lm30-ce\/#breadcrumb\"},\"inLanguage\":\"fr-FR\",\"potentialAction\":[{\"@type\":\"ReadAction\",\"target\":[\"https:\/\/eurlhosnakamel.dz\/dz\/produit\/ponceuse-a-marbre-lm30-ce\/\"]}]},{\"@type\":\"ImageObject\",\"inLanguage\":\"fr-FR\",\"@id\":\"https:\/\/eurlhosnakamel.dz\/dz\/produit\/ponceuse-a-marbre-lm30-ce\/#primaryimage\",\"url\":\"https:\/\/eurlhosnakamel.dz\/dz\/wp-content\/uploads\/2020\/04\/PONCEUSE-\u00c0-MARBRE-LM30-CE-eurl-hosna-kamel-algerie.jpg\",\"contentUrl\":\"https:\/\/eurlhosnakamel.dz\/dz\/wp-content\/uploads\/2020\/04\/PONCEUSE-\u00c0-MARBRE-LM30-CE-eurl-hosna-kamel-algerie.jpg\",\"width\":512,\"height\":512},{\"@type\":\"BreadcrumbList\",\"@id\":\"https:\/\/eurlhosnakamel.dz\/dz\/produit\/ponceuse-a-marbre-lm30-ce\/#breadcrumb\",\"itemListElement\":[{\"@type\":\"ListItem\",\"position\":1,\"name\":\"Accueil\",\"item\":\"https:\/\/eurlhosnakamel.dz\/dz\/\"},{\"@type\":\"ListItem\",\"position\":2,\"name\":\"Shop\",\"item\":\"https:\/\/eurlhosnakamel.dz\/dz\/shop\/\"},{\"@type\":\"ListItem\",\"position\":3,\"name\":\"PONCEUSE \u00c0 MARBRE LM30-CE\"}]},{\"@type\":\"WebSite\",\"@id\":\"https:\/\/eurlhosnakamel.dz\/dz\/#website\",\"url\":\"https:\/\/eurlhosnakamel.dz\/dz\/\",\"name\":\"EURL HOSNA KAMEL\",\"description\":\"Fournisseur Premium d&#039;Outillages Professionnels en Alg\u00e9rie -\",\"publisher\":{\"@id\":\"https:\/\/eurlhosnakamel.dz\/dz\/#organization\"},\"potentialAction\":[{\"@type\":\"SearchAction\",\"target\":{\"@type\":\"EntryPoint\",\"urlTemplate\":\"https:\/\/eurlhosnakamel.dz\/dz\/?s={search_term_string}\"},\"query-input\":\"required name=search_term_string\"}],\"inLanguage\":\"fr-FR\"},{\"@type\":\"Organization\",\"@id\":\"https:\/\/eurlhosnakamel.dz\/dz\/#organization\",\"name\":\"EURL HOSNA KAMEL - Bosch alg\u00e9rie\",\"url\":\"https:\/\/eurlhosnakamel.dz\/dz\/\",\"logo\":{\"@type\":\"ImageObject\",\"inLanguage\":\"fr-FR\",\"@id\":\"https:\/\/eurlhosnakamel.dz\/dz\/#\/schema\/logo\/image\/\",\"url\":\"https:\/\/eurlhosnakamel.dz\/wp-content\/uploads\/2020\/04\/LOGO-HOSNA1.png\",\"contentUrl\":\"https:\/\/eurlhosnakamel.dz\/wp-content\/uploads\/2020\/04\/LOGO-HOSNA1.png\",\"width\":120,\"height\":127,\"caption\":\"EURL HOSNA KAMEL - Bosch alg\u00e9rie\"},\"image\":{\"@id\":\"https:\/\/eurlhosnakamel.dz\/dz\/#\/schema\/logo\/image\/\"},\"sameAs\":[\"https:\/\/www.facebook.com\/Eurl.Hosna.DZ\/\"]}]}<\/script>\n<!-- \/ Yoast SEO plugin. -->","yoast_head_json":{"title":"PONCEUSE \u00c0 MARBRE LM30-CE - EURL HOSNA KAMEL","description":"PONCEUSE \u00c0 MARBRE LM30-CE - EURL HOSNA KAMEL","robots":{"index":"index","follow":"follow","max-snippet":"max-snippet:-1","max-image-preview":"max-image-preview:large","max-video-preview":"max-video-preview:-1"},"canonical":"https:\/\/eurlhosnakamel.dz\/dz\/produit\/ponceuse-a-marbre-lm30-ce\/","og_locale":"fr_FR","og_type":"article","og_title":"PONCEUSE \u00c0 MARBRE LM30-CE - EURL HOSNA KAMEL","og_description":"PONCEUSE \u00c0 MARBRE LM30-CE - EURL HOSNA KAMEL","og_url":"https:\/\/eurlhosnakamel.dz\/dz\/produit\/ponceuse-a-marbre-lm30-ce\/","og_site_name":"EURL HOSNA KAMEL","article_publisher":"https:\/\/www.facebook.com\/Eurl.Hosna.DZ\/","article_modified_time":"2021-08-01T09:54:15+00:00","og_image":[{"width":512,"height":512,"url":"https:\/\/eurlhosnakamel.dz\/dz\/wp-content\/uploads\/2020\/04\/PONCEUSE-\u00c0-MARBRE-LM30-CE-eurl-hosna-kamel-algerie.jpg","type":"image\/jpeg"}],"twitter_card":"summary_large_image","twitter_misc":{"Dur\u00e9e de lecture estim\u00e9e":"1 minute"},"schema":{"@context":"https:\/\/schema.org","@graph":[{"@type":"WebPage","@id":"https:\/\/eurlhosnakamel.dz\/dz\/produit\/ponceuse-a-marbre-lm30-ce\/","url":"https:\/\/eurlhosnakamel.dz\/dz\/produit\/ponceuse-a-marbre-lm30-ce\/","name":"PONCEUSE \u00c0 MARBRE LM30-CE - EURL HOSNA KAMEL","isPartOf":{"@id":"https:\/\/eurlhosnakamel.dz\/dz\/#website"},"primaryImageOfPage":{"@id":"https:\/\/eurlhosnakamel.dz\/dz\/produit\/ponceuse-a-marbre-lm30-ce\/#primaryimage"},"image":{"@id":"https:\/\/eurlhosnakamel.dz\/dz\/produit\/ponceuse-a-marbre-lm30-ce\/#primaryimage"},"thumbnailUrl":"https:\/\/eurlhosnakamel.dz\/dz\/wp-content\/uploads\/2020\/04\/PONCEUSE-\u00c0-MARBRE-LM30-CE-eurl-hosna-kamel-algerie.jpg","datePublished":"2020-04-28T10:42:29+00:00","dateModified":"2021-08-01T09:54:15+00:00","description":"PONCEUSE \u00c0 MARBRE LM30-CE - EURL HOSNA KAMEL","breadcrumb":{"@id":"https:\/\/eurlhosnakamel.dz\/dz\/produit\/ponceuse-a-marbre-lm30-ce\/#breadcrumb"},"inLanguage":"fr-FR","potentialAction":[{"@type":"ReadAction","target":["https:\/\/eurlhosnakamel.dz\/dz\/produit\/ponceuse-a-marbre-lm30-ce\/"]}]},{"@type":"ImageObject","inLanguage":"fr-FR","@id":"https:\/\/eurlhosnakamel.dz\/dz\/produit\/ponceuse-a-marbre-lm30-ce\/#primaryimage","url":"https:\/\/eurlhosnakamel.dz\/dz\/wp-content\/uploads\/2020\/04\/PONCEUSE-\u00c0-MARBRE-LM30-CE-eurl-hosna-kamel-algerie.jpg","contentUrl":"https:\/\/eurlhosnakamel.dz\/dz\/wp-content\/uploads\/2020\/04\/PONCEUSE-\u00c0-MARBRE-LM30-CE-eurl-hosna-kamel-algerie.jpg","width":512,"height":512},{"@type":"BreadcrumbList","@id":"https:\/\/eurlhosnakamel.dz\/dz\/produit\/ponceuse-a-marbre-lm30-ce\/#breadcrumb","itemListElement":[{"@type":"ListItem","position":1,"name":"Accueil","item":"https:\/\/eurlhosnakamel.dz\/dz\/"},{"@type":"ListItem","position":2,"name":"Shop","item":"https:\/\/eurlhosnakamel.dz\/dz\/shop\/"},{"@type":"ListItem","position":3,"name":"PONCEUSE \u00c0 MARBRE LM30-CE"}]},{"@type":"WebSite","@id":"https:\/\/eurlhosnakamel.dz\/dz\/#website","url":"https:\/\/eurlhosnakamel.dz\/dz\/","name":"EURL HOSNA KAMEL","description":"Fournisseur Premium d&#039;Outillages Professionnels en Alg\u00e9rie -","publisher":{"@id":"https:\/\/eurlhosnakamel.dz\/dz\/#organization"},"potentialAction":[{"@type":"SearchAction","target":{"@type":"EntryPoint","urlTemplate":"https:\/\/eurlhosnakamel.dz\/dz\/?s={search_term_string}"},"query-input":"required name=search_term_string"}],"inLanguage":"fr-FR"},{"@type":"Organization","@id":"https:\/\/eurlhosnakamel.dz\/dz\/#organization","name":"EURL HOSNA KAMEL - Bosch alg\u00e9rie","url":"https:\/\/eurlhosnakamel.dz\/dz\/","logo":{"@type":"ImageObject","inLanguage":"fr-FR","@id":"https:\/\/eurlhosnakamel.dz\/dz\/#\/schema\/logo\/image\/","url":"https:\/\/eurlhosnakamel.dz\/wp-content\/uploads\/2020\/04\/LOGO-HOSNA1.png","contentUrl":"https:\/\/eurlhosnakamel.dz\/wp-content\/uploads\/2020\/04\/LOGO-HOSNA1.png","width":120,"height":127,"caption":"EURL HOSNA KAMEL - Bosch alg\u00e9rie"},"image":{"@id":"https:\/\/eurlhosnakamel.dz\/dz\/#\/schema\/logo\/image\/"},"sameAs":["https:\/\/www.facebook.com\/Eurl.Hosna.DZ\/"]}]}},"_links":{"self":[{"href":"https:\/\/eurlhosnakamel.dz\/dz\/wp-json\/wp\/v2\/product\/8875","targetHints":{"allow":["GET"]}}],"collection":[{"href":"https:\/\/eurlhosnakamel.dz\/dz\/wp-json\/wp\/v2\/product"}],"about":[{"href":"https:\/\/eurlhosnakamel.dz\/dz\/wp-json\/wp\/v2\/types\/product"}],"wp:featuredmedia":[{"embeddable":true,"href":"https:\/\/eurlhosnakamel.dz\/dz\/wp-json\/wp\/v2\/media\/8879"}],"wp:attachment":[{"href":"https:\/\/eurlhosnakamel.dz\/dz\/wp-json\/wp\/v2\/media?parent=8875"}],"wp:term":[{"taxonomy":"product_cat","embeddable":true,"href":"https:\/\/eurlhosnakamel.dz\/dz\/wp-json\/wp\/v2\/product_cat?post=8875"},{"taxonomy":"product_tag","embeddable":true,"href":"https:\/\/eurlhosnakamel.dz\/dz\/wp-json\/wp\/v2\/product_tag?post=8875"}],"curies":[{"name":"wp","href":"https:\/\/api.w.org\/{rel}","templated":true}]}}