{"id":8899,"date":"2020-04-28T11:05:32","date_gmt":"2020-04-28T11:05:32","guid":{"rendered":"https:\/\/lhchosting.com\/hosna\/?post_type=product&#038;p=8899"},"modified":"2020-04-28T11:11:15","modified_gmt":"2020-04-28T11:11:15","slug":"ponceuse-universelle-mec7-ve-triphasee","status":"publish","type":"product","link":"https:\/\/eurlhosnakamel.dz\/dz\/produit\/ponceuse-universelle-mec7-ve-triphasee\/","title":{"rendered":"PONCEUSE UNIVERSELLE MEC7-VE TRIPHAS\u00c9E"},"content":{"rendered":"<div class=\"col-xs-12 col-sm-6 xs-vrythm\">\n<h4 class=\"prodotto__section-title\"><strong>AVANTAGES<\/strong><\/h4>\n<div class=\"typography\">\n<p>La ponceuse MEC7-VE est un mod\u00e8le puissant et performant pour travailler n&#8217;importe quel sol en pierre:<\/p>\n<ul>\n<li><strong>Moteur triphas\u00e9 entra\u00een\u00e9 par convertisseur de fr\u00e9quence<\/strong>\u00a0, pour une efficacit\u00e9 maximale.<\/li>\n<li><strong>S\u00e9lecteur \u00e0 quatre vitesses diff\u00e9rentes<\/strong>\u00a0pour optimiser le traitement de chaque surface.<\/li>\n<li><strong>R\u00e9glage de la table de la machine<\/strong>\u00a0au moyen d&#8217;un axe de roue excentrique.<\/li>\n<li><strong>Poign\u00e9e de transport et roue pivotante<\/strong>\u00a0pour faciliter le mouvement de la machine.<\/li>\n<li>\u00c9galement disponible en\u00a0<strong>version monophas\u00e9e<\/strong><\/li>\n<\/ul>\n<\/div>\n<\/div>\n<div class=\"col-xs-12 col-sm-6 xs-vrythm\">\n<h4 class=\"prodotto__section-title\"><strong>DONN\u00c9ES TECHNIQUES<\/strong><\/h4>\n<div class=\"typography\">\n<div class=\"table-responsive\">\n<table class=\"table\">\n<tbody>\n<tr>\n<td>puissance<\/td>\n<td>4Kw &#8211; 5.5HP<\/td>\n<\/tr>\n<tr>\n<td>tension<\/td>\n<td>400V (triphas\u00e9)<\/td>\n<\/tr>\n<tr>\n<td>R\u00e9gime moteur<\/td>\n<td>1400 tr \/ min<\/td>\n<\/tr>\n<tr>\n<td>\u00d8 Plaque de support abrasive<\/td>\n<td>320 mm<\/td>\n<\/tr>\n<tr>\n<td>Virages et vitesse p\u00e9riph\u00e9rique \u00e0 plat<\/td>\n<td>I &#8211; 370 tr \/ min &#8211; 375 m \/ min<br \/>\nII &#8211; 465 tr \/ min &#8211; 470 m \/ min<br \/>\nIII &#8211; 560 tr \/ min &#8211; 560 m \/ min<br \/>\nIV &#8211; 655 tr \/ min &#8211; 655 m \/ min<\/td>\n<\/tr>\n<tr>\n<td>Capacit\u00e9 du r\u00e9servoir d&#8217;eau<\/td>\n<td>31 l<\/td>\n<\/tr>\n<tr>\n<td>dimensions<\/td>\n<td>520x1055x1300mm<\/td>\n<\/tr>\n<tr>\n<td>Poids sans accessoires<\/td>\n<td>133 kg<\/td>\n<\/tr>\n<tr>\n<td>Poids brut<\/td>\n<td>153 kg<\/td>\n<\/tr>\n<\/tbody>\n<\/table>\n<p>&nbsp;<\/p>\n<\/div>\n<\/div>\n<\/div>\n","protected":false},"excerpt":{"rendered":"<h4 class=\"h2\"><span>PONCEUSE ET POLISSEUSE UNIVERSELLE POUR SOLS EN PIERRE<\/span><\/h4>\n<p><strong>Ponceuse et polisseuse pour sols en pierre, avec\u00a0alimentation triphas\u00e9e\u00a0.\u00a0Puissant et performant, \u00e9quip\u00e9 d&#8217;\u00a0une vitesse r\u00e9glable\u00a0pour travailler facilement le\u00a0marbre, le granit, le terrazzo, le ciment, le gr\u00e8s et les pierres dures\u00a0.<\/strong><\/p>\n","protected":false},"featured_media":8901,"template":"","meta":[],"product_cat":[29,571],"product_tag":[1997],"class_list":{"0":"post-8899","1":"product","2":"type-product","3":"status-publish","4":"has-post-thumbnail","6":"product_cat-quincaillerie","7":"product_cat-outils-de-coupe","8":"product_tag-ponceuse-universelle-mec7-ve-triphasee","9":"product_brand-achilli","11":"first","12":"instock","13":"shipping-taxable","14":"product-type-simple","15":"col-xs-6 col-sm-4","16":"col-md-3 col-lg-3","17":"un-4-cols"},"yoast_head":"<!-- This site is optimized with the Yoast SEO plugin v22.5 - https:\/\/yoast.com\/wordpress\/plugins\/seo\/ -->\n<title>PONCEUSE UNIVERSELLE MEC7-VE TRIPHAS\u00c9E - EURL HOSNA KAMEL<\/title>\n<meta name=\"description\" content=\"PONCEUSE UNIVERSELLE MEC7-VE TRIPHAS\u00c9E - EURL HOSNA KAMEL\" \/>\n<meta name=\"robots\" content=\"index, follow, max-snippet:-1, max-image-preview:large, max-video-preview:-1\" \/>\n<link rel=\"canonical\" href=\"https:\/\/eurlhosnakamel.dz\/dz\/produit\/ponceuse-universelle-mec7-ve-triphasee\/\" \/>\n<meta property=\"og:locale\" content=\"fr_FR\" \/>\n<meta property=\"og:type\" content=\"article\" \/>\n<meta property=\"og:title\" content=\"PONCEUSE UNIVERSELLE MEC7-VE TRIPHAS\u00c9E - EURL HOSNA KAMEL\" \/>\n<meta property=\"og:description\" content=\"PONCEUSE UNIVERSELLE MEC7-VE TRIPHAS\u00c9E - EURL HOSNA KAMEL\" \/>\n<meta property=\"og:url\" content=\"https:\/\/eurlhosnakamel.dz\/dz\/produit\/ponceuse-universelle-mec7-ve-triphasee\/\" \/>\n<meta property=\"og:site_name\" content=\"EURL HOSNA KAMEL\" \/>\n<meta property=\"article:publisher\" content=\"https:\/\/www.facebook.com\/Eurl.Hosna.DZ\/\" \/>\n<meta property=\"article:modified_time\" content=\"2020-04-28T11:11:15+00:00\" \/>\n<meta property=\"og:image\" content=\"https:\/\/eurlhosnakamel.dz\/dz\/wp-content\/uploads\/2020\/04\/PONCEUSE-UNIVERSELLE-MEC7-VE-TRIPHAS\u00c9E-eurl-hosna-kamel-algerie.jpg\" \/>\n\t<meta property=\"og:image:width\" content=\"512\" \/>\n\t<meta property=\"og:image:height\" content=\"512\" \/>\n\t<meta property=\"og:image:type\" content=\"image\/jpeg\" \/>\n<meta name=\"twitter:card\" content=\"summary_large_image\" \/>\n<meta name=\"twitter:label1\" content=\"Dur\u00e9e de lecture estim\u00e9e\" \/>\n\t<meta name=\"twitter:data1\" content=\"1 minute\" \/>\n<script type=\"application\/ld+json\" class=\"yoast-schema-graph\">{\"@context\":\"https:\/\/schema.org\",\"@graph\":[{\"@type\":\"WebPage\",\"@id\":\"https:\/\/eurlhosnakamel.dz\/dz\/produit\/ponceuse-universelle-mec7-ve-triphasee\/\",\"url\":\"https:\/\/eurlhosnakamel.dz\/dz\/produit\/ponceuse-universelle-mec7-ve-triphasee\/\",\"name\":\"PONCEUSE UNIVERSELLE MEC7-VE TRIPHAS\u00c9E - EURL HOSNA KAMEL\",\"isPartOf\":{\"@id\":\"https:\/\/eurlhosnakamel.dz\/dz\/#website\"},\"primaryImageOfPage\":{\"@id\":\"https:\/\/eurlhosnakamel.dz\/dz\/produit\/ponceuse-universelle-mec7-ve-triphasee\/#primaryimage\"},\"image\":{\"@id\":\"https:\/\/eurlhosnakamel.dz\/dz\/produit\/ponceuse-universelle-mec7-ve-triphasee\/#primaryimage\"},\"thumbnailUrl\":\"https:\/\/eurlhosnakamel.dz\/dz\/wp-content\/uploads\/2020\/04\/PONCEUSE-UNIVERSELLE-MEC7-VE-TRIPHAS\u00c9E-eurl-hosna-kamel-algerie.jpg\",\"datePublished\":\"2020-04-28T11:05:32+00:00\",\"dateModified\":\"2020-04-28T11:11:15+00:00\",\"description\":\"PONCEUSE UNIVERSELLE MEC7-VE TRIPHAS\u00c9E - EURL HOSNA KAMEL\",\"breadcrumb\":{\"@id\":\"https:\/\/eurlhosnakamel.dz\/dz\/produit\/ponceuse-universelle-mec7-ve-triphasee\/#breadcrumb\"},\"inLanguage\":\"fr-FR\",\"potentialAction\":[{\"@type\":\"ReadAction\",\"target\":[\"https:\/\/eurlhosnakamel.dz\/dz\/produit\/ponceuse-universelle-mec7-ve-triphasee\/\"]}]},{\"@type\":\"ImageObject\",\"inLanguage\":\"fr-FR\",\"@id\":\"https:\/\/eurlhosnakamel.dz\/dz\/produit\/ponceuse-universelle-mec7-ve-triphasee\/#primaryimage\",\"url\":\"https:\/\/eurlhosnakamel.dz\/dz\/wp-content\/uploads\/2020\/04\/PONCEUSE-UNIVERSELLE-MEC7-VE-TRIPHAS\u00c9E-eurl-hosna-kamel-algerie.jpg\",\"contentUrl\":\"https:\/\/eurlhosnakamel.dz\/dz\/wp-content\/uploads\/2020\/04\/PONCEUSE-UNIVERSELLE-MEC7-VE-TRIPHAS\u00c9E-eurl-hosna-kamel-algerie.jpg\",\"width\":512,\"height\":512},{\"@type\":\"BreadcrumbList\",\"@id\":\"https:\/\/eurlhosnakamel.dz\/dz\/produit\/ponceuse-universelle-mec7-ve-triphasee\/#breadcrumb\",\"itemListElement\":[{\"@type\":\"ListItem\",\"position\":1,\"name\":\"Accueil\",\"item\":\"https:\/\/eurlhosnakamel.dz\/dz\/\"},{\"@type\":\"ListItem\",\"position\":2,\"name\":\"Shop\",\"item\":\"https:\/\/eurlhosnakamel.dz\/dz\/shop\/\"},{\"@type\":\"ListItem\",\"position\":3,\"name\":\"PONCEUSE UNIVERSELLE MEC7-VE TRIPHAS\u00c9E\"}]},{\"@type\":\"WebSite\",\"@id\":\"https:\/\/eurlhosnakamel.dz\/dz\/#website\",\"url\":\"https:\/\/eurlhosnakamel.dz\/dz\/\",\"name\":\"EURL HOSNA KAMEL\",\"description\":\"Fournisseur Premium d&#039;Outillages Professionnels en Alg\u00e9rie -\",\"publisher\":{\"@id\":\"https:\/\/eurlhosnakamel.dz\/dz\/#organization\"},\"potentialAction\":[{\"@type\":\"SearchAction\",\"target\":{\"@type\":\"EntryPoint\",\"urlTemplate\":\"https:\/\/eurlhosnakamel.dz\/dz\/?s={search_term_string}\"},\"query-input\":\"required name=search_term_string\"}],\"inLanguage\":\"fr-FR\"},{\"@type\":\"Organization\",\"@id\":\"https:\/\/eurlhosnakamel.dz\/dz\/#organization\",\"name\":\"EURL HOSNA KAMEL - Bosch alg\u00e9rie\",\"url\":\"https:\/\/eurlhosnakamel.dz\/dz\/\",\"logo\":{\"@type\":\"ImageObject\",\"inLanguage\":\"fr-FR\",\"@id\":\"https:\/\/eurlhosnakamel.dz\/dz\/#\/schema\/logo\/image\/\",\"url\":\"https:\/\/eurlhosnakamel.dz\/wp-content\/uploads\/2020\/04\/LOGO-HOSNA1.png\",\"contentUrl\":\"https:\/\/eurlhosnakamel.dz\/wp-content\/uploads\/2020\/04\/LOGO-HOSNA1.png\",\"width\":120,\"height\":127,\"caption\":\"EURL HOSNA KAMEL - Bosch alg\u00e9rie\"},\"image\":{\"@id\":\"https:\/\/eurlhosnakamel.dz\/dz\/#\/schema\/logo\/image\/\"},\"sameAs\":[\"https:\/\/www.facebook.com\/Eurl.Hosna.DZ\/\"]}]}<\/script>\n<!-- \/ Yoast SEO plugin. -->","yoast_head_json":{"title":"PONCEUSE UNIVERSELLE MEC7-VE TRIPHAS\u00c9E - EURL HOSNA KAMEL","description":"PONCEUSE UNIVERSELLE MEC7-VE TRIPHAS\u00c9E - EURL HOSNA KAMEL","robots":{"index":"index","follow":"follow","max-snippet":"max-snippet:-1","max-image-preview":"max-image-preview:large","max-video-preview":"max-video-preview:-1"},"canonical":"https:\/\/eurlhosnakamel.dz\/dz\/produit\/ponceuse-universelle-mec7-ve-triphasee\/","og_locale":"fr_FR","og_type":"article","og_title":"PONCEUSE UNIVERSELLE MEC7-VE TRIPHAS\u00c9E - EURL HOSNA KAMEL","og_description":"PONCEUSE UNIVERSELLE MEC7-VE TRIPHAS\u00c9E - EURL HOSNA KAMEL","og_url":"https:\/\/eurlhosnakamel.dz\/dz\/produit\/ponceuse-universelle-mec7-ve-triphasee\/","og_site_name":"EURL HOSNA KAMEL","article_publisher":"https:\/\/www.facebook.com\/Eurl.Hosna.DZ\/","article_modified_time":"2020-04-28T11:11:15+00:00","og_image":[{"width":512,"height":512,"url":"https:\/\/eurlhosnakamel.dz\/dz\/wp-content\/uploads\/2020\/04\/PONCEUSE-UNIVERSELLE-MEC7-VE-TRIPHAS\u00c9E-eurl-hosna-kamel-algerie.jpg","type":"image\/jpeg"}],"twitter_card":"summary_large_image","twitter_misc":{"Dur\u00e9e de lecture estim\u00e9e":"1 minute"},"schema":{"@context":"https:\/\/schema.org","@graph":[{"@type":"WebPage","@id":"https:\/\/eurlhosnakamel.dz\/dz\/produit\/ponceuse-universelle-mec7-ve-triphasee\/","url":"https:\/\/eurlhosnakamel.dz\/dz\/produit\/ponceuse-universelle-mec7-ve-triphasee\/","name":"PONCEUSE UNIVERSELLE MEC7-VE TRIPHAS\u00c9E - EURL HOSNA KAMEL","isPartOf":{"@id":"https:\/\/eurlhosnakamel.dz\/dz\/#website"},"primaryImageOfPage":{"@id":"https:\/\/eurlhosnakamel.dz\/dz\/produit\/ponceuse-universelle-mec7-ve-triphasee\/#primaryimage"},"image":{"@id":"https:\/\/eurlhosnakamel.dz\/dz\/produit\/ponceuse-universelle-mec7-ve-triphasee\/#primaryimage"},"thumbnailUrl":"https:\/\/eurlhosnakamel.dz\/dz\/wp-content\/uploads\/2020\/04\/PONCEUSE-UNIVERSELLE-MEC7-VE-TRIPHAS\u00c9E-eurl-hosna-kamel-algerie.jpg","datePublished":"2020-04-28T11:05:32+00:00","dateModified":"2020-04-28T11:11:15+00:00","description":"PONCEUSE UNIVERSELLE MEC7-VE TRIPHAS\u00c9E - EURL HOSNA KAMEL","breadcrumb":{"@id":"https:\/\/eurlhosnakamel.dz\/dz\/produit\/ponceuse-universelle-mec7-ve-triphasee\/#breadcrumb"},"inLanguage":"fr-FR","potentialAction":[{"@type":"ReadAction","target":["https:\/\/eurlhosnakamel.dz\/dz\/produit\/ponceuse-universelle-mec7-ve-triphasee\/"]}]},{"@type":"ImageObject","inLanguage":"fr-FR","@id":"https:\/\/eurlhosnakamel.dz\/dz\/produit\/ponceuse-universelle-mec7-ve-triphasee\/#primaryimage","url":"https:\/\/eurlhosnakamel.dz\/dz\/wp-content\/uploads\/2020\/04\/PONCEUSE-UNIVERSELLE-MEC7-VE-TRIPHAS\u00c9E-eurl-hosna-kamel-algerie.jpg","contentUrl":"https:\/\/eurlhosnakamel.dz\/dz\/wp-content\/uploads\/2020\/04\/PONCEUSE-UNIVERSELLE-MEC7-VE-TRIPHAS\u00c9E-eurl-hosna-kamel-algerie.jpg","width":512,"height":512},{"@type":"BreadcrumbList","@id":"https:\/\/eurlhosnakamel.dz\/dz\/produit\/ponceuse-universelle-mec7-ve-triphasee\/#breadcrumb","itemListElement":[{"@type":"ListItem","position":1,"name":"Accueil","item":"https:\/\/eurlhosnakamel.dz\/dz\/"},{"@type":"ListItem","position":2,"name":"Shop","item":"https:\/\/eurlhosnakamel.dz\/dz\/shop\/"},{"@type":"ListItem","position":3,"name":"PONCEUSE UNIVERSELLE MEC7-VE TRIPHAS\u00c9E"}]},{"@type":"WebSite","@id":"https:\/\/eurlhosnakamel.dz\/dz\/#website","url":"https:\/\/eurlhosnakamel.dz\/dz\/","name":"EURL HOSNA KAMEL","description":"Fournisseur Premium d&#039;Outillages Professionnels en Alg\u00e9rie -","publisher":{"@id":"https:\/\/eurlhosnakamel.dz\/dz\/#organization"},"potentialAction":[{"@type":"SearchAction","target":{"@type":"EntryPoint","urlTemplate":"https:\/\/eurlhosnakamel.dz\/dz\/?s={search_term_string}"},"query-input":"required name=search_term_string"}],"inLanguage":"fr-FR"},{"@type":"Organization","@id":"https:\/\/eurlhosnakamel.dz\/dz\/#organization","name":"EURL HOSNA KAMEL - Bosch alg\u00e9rie","url":"https:\/\/eurlhosnakamel.dz\/dz\/","logo":{"@type":"ImageObject","inLanguage":"fr-FR","@id":"https:\/\/eurlhosnakamel.dz\/dz\/#\/schema\/logo\/image\/","url":"https:\/\/eurlhosnakamel.dz\/wp-content\/uploads\/2020\/04\/LOGO-HOSNA1.png","contentUrl":"https:\/\/eurlhosnakamel.dz\/wp-content\/uploads\/2020\/04\/LOGO-HOSNA1.png","width":120,"height":127,"caption":"EURL HOSNA KAMEL - Bosch alg\u00e9rie"},"image":{"@id":"https:\/\/eurlhosnakamel.dz\/dz\/#\/schema\/logo\/image\/"},"sameAs":["https:\/\/www.facebook.com\/Eurl.Hosna.DZ\/"]}]}},"_links":{"self":[{"href":"https:\/\/eurlhosnakamel.dz\/dz\/wp-json\/wp\/v2\/product\/8899","targetHints":{"allow":["GET"]}}],"collection":[{"href":"https:\/\/eurlhosnakamel.dz\/dz\/wp-json\/wp\/v2\/product"}],"about":[{"href":"https:\/\/eurlhosnakamel.dz\/dz\/wp-json\/wp\/v2\/types\/product"}],"wp:featuredmedia":[{"embeddable":true,"href":"https:\/\/eurlhosnakamel.dz\/dz\/wp-json\/wp\/v2\/media\/8901"}],"wp:attachment":[{"href":"https:\/\/eurlhosnakamel.dz\/dz\/wp-json\/wp\/v2\/media?parent=8899"}],"wp:term":[{"taxonomy":"product_cat","embeddable":true,"href":"https:\/\/eurlhosnakamel.dz\/dz\/wp-json\/wp\/v2\/product_cat?post=8899"},{"taxonomy":"product_tag","embeddable":true,"href":"https:\/\/eurlhosnakamel.dz\/dz\/wp-json\/wp\/v2\/product_tag?post=8899"}],"curies":[{"name":"wp","href":"https:\/\/api.w.org\/{rel}","templated":true}]}}