{"id":8925,"date":"2020-04-28T12:01:48","date_gmt":"2020-04-28T12:01:48","guid":{"rendered":"https:\/\/lhchosting.com\/hosna\/?post_type=product&#038;p=8925"},"modified":"2020-04-28T12:04:37","modified_gmt":"2020-04-28T12:04:37","slug":"ponceuse-double-tete-max-bt","status":"publish","type":"product","link":"https:\/\/eurlhosnakamel.dz\/dz\/produit\/ponceuse-double-tete-max-bt\/","title":{"rendered":"PONCEUSE DOUBLE T\u00caTE MAX BT"},"content":{"rendered":"<div class=\"col-xs-12 col-sm-6 xs-vrythm\">\n<h4 class=\"prodotto__section-title\"><span>AVANTAGES<\/span><\/h4>\n<div class=\"typography\">\n<p><span>MAX BT est con\u00e7u pour optimiser le processus de pon\u00e7age et de polissage sur de grandes surfaces:<\/span><\/p>\n<ul>\n<li><span>\u00c9quip\u00e9 de deux t\u00eates pour maximiser les performances.<\/span><\/li>\n<li><span>R\u00e9glage de la table de la machine au moyen d&#8217;un\u00a0\u00a0<\/span><strong><span>volant de levage<\/span><\/strong><span>\u00a0.<\/span><\/li>\n<li><span>Levage de la machine au moyen d&#8217;\u00a0<\/span><strong><span>une pompe hydraulique manuelle<\/span><\/strong><span>\u00a0.<\/span><\/li>\n<\/ul>\n<\/div>\n<\/div>\n<div class=\"col-xs-12 col-sm-6 xs-vrythm\">\n<h4 class=\"prodotto__section-title\"><span>DONN\u00c9ES TECHNIQUES<\/span><\/h4>\n<div class=\"typography\">\n<div class=\"table-responsive\">\n<table class=\"table\">\n<tbody>\n<tr>\n<td><span>puissance<\/span><\/td>\n<td><span>5,5 kW &#8211; 7,5 CV<\/span><\/td>\n<\/tr>\n<tr>\n<td><span>tension<\/span><\/td>\n<td><span>400 V (230 V triphas\u00e9 sur demande)<\/span><\/td>\n<\/tr>\n<tr>\n<td><span>R\u00e9gime moteur<\/span><\/td>\n<td><span>960 tr \/ min<\/span><\/td>\n<\/tr>\n<tr>\n<td><span>\u00d8 Plaques de support abrasives<\/span><\/td>\n<td><span>2 x 300 mm<\/span><\/td>\n<\/tr>\n<tr>\n<td><span>Virages et vitesse p\u00e9riph\u00e9rique \u00e0 plat<\/span><\/td>\n<td><span>515 tr \/ min &#8211; 485 m \/ min<\/span><\/td>\n<\/tr>\n<tr>\n<td><span>Capacit\u00e9 du r\u00e9servoir d&#8217;eau<\/span><\/td>\n<td><span>48 l<\/span><\/td>\n<\/tr>\n<tr>\n<td><span>dimensions<\/span><\/td>\n<td><span>615x1085x1200<\/span><\/td>\n<\/tr>\n<tr>\n<td><span>Poids sans accessoires<\/span><\/td>\n<td><span>192 kg<\/span><\/td>\n<\/tr>\n<tr>\n<td><span>Poids brut<\/span><\/td>\n<td><span>234 kg<\/span><\/td>\n<\/tr>\n<\/tbody>\n<\/table>\n<\/div>\n<\/div>\n<\/div>\n","protected":false},"excerpt":{"rendered":"<h4 class=\"h2\"><span>PONCEUSE TRIPHAS\u00c9E POUR SOLS \u00c0 DOUBLE T\u00caTE, ID\u00c9ALE POUR TRAVAILLER DE GRANDES SURFACES.<\/span><\/h4>\n<p><span>\u00a0Ponceuse \u00e0\u00a0<strong>double t\u00eate<\/strong>\u00a0id\u00e9ale pour le pon\u00e7age et le polissage de\u00a0<\/span><strong><span>grandes surfaces<\/span><\/strong><span>\u00a0.\u00a0Moteur triphas\u00e9 \u00e0 vitesse fixe, sp\u00e9cifique pour le travail du\u00a0<\/span><strong><span>marbre, du ciment, du terrazzo et des mat\u00e9riaux similaires<\/span><\/strong><span>\u00a0.\u00a0<\/span><\/p>\n","protected":false},"featured_media":8927,"template":"","meta":[],"product_cat":[29,571],"product_tag":[2003],"class_list":{"0":"post-8925","1":"product","2":"type-product","3":"status-publish","4":"has-post-thumbnail","6":"product_cat-quincaillerie","7":"product_cat-outils-de-coupe","8":"product_tag-ponceuse-double-tete-max-bt","9":"product_brand-achilli","11":"first","12":"instock","13":"shipping-taxable","14":"product-type-simple","15":"col-xs-6 col-sm-4","16":"col-md-3 col-lg-3","17":"un-4-cols"},"yoast_head":"<!-- This site is optimized with the Yoast SEO plugin v22.5 - https:\/\/yoast.com\/wordpress\/plugins\/seo\/ -->\n<title>PONCEUSE DOUBLE T\u00caTE MAX BT - EURL HOSNA KAMEL<\/title>\n<meta name=\"description\" content=\"PONCEUSE DOUBLE T\u00caTE MAX BT - EURL HOSNA KAMEL\" \/>\n<meta name=\"robots\" content=\"index, follow, max-snippet:-1, max-image-preview:large, max-video-preview:-1\" \/>\n<link rel=\"canonical\" href=\"https:\/\/eurlhosnakamel.dz\/dz\/produit\/ponceuse-double-tete-max-bt\/\" \/>\n<meta property=\"og:locale\" content=\"fr_FR\" \/>\n<meta property=\"og:type\" content=\"article\" \/>\n<meta property=\"og:title\" content=\"PONCEUSE DOUBLE T\u00caTE MAX BT - EURL HOSNA KAMEL\" \/>\n<meta property=\"og:description\" content=\"PONCEUSE DOUBLE T\u00caTE MAX BT - EURL HOSNA KAMEL\" \/>\n<meta property=\"og:url\" content=\"https:\/\/eurlhosnakamel.dz\/dz\/produit\/ponceuse-double-tete-max-bt\/\" \/>\n<meta property=\"og:site_name\" content=\"EURL HOSNA KAMEL\" \/>\n<meta property=\"article:publisher\" content=\"https:\/\/www.facebook.com\/Eurl.Hosna.DZ\/\" \/>\n<meta property=\"article:modified_time\" content=\"2020-04-28T12:04:37+00:00\" \/>\n<meta property=\"og:image\" content=\"https:\/\/eurlhosnakamel.dz\/dz\/wp-content\/uploads\/2020\/04\/PONCEUSE-DOUBLE-T\u00caTE-MAX-BT-eurl-hosna-kamel-algerie.jpg\" \/>\n\t<meta property=\"og:image:width\" content=\"512\" \/>\n\t<meta property=\"og:image:height\" content=\"512\" \/>\n\t<meta property=\"og:image:type\" content=\"image\/jpeg\" \/>\n<meta name=\"twitter:card\" content=\"summary_large_image\" \/>\n<meta name=\"twitter:label1\" content=\"Dur\u00e9e de lecture estim\u00e9e\" \/>\n\t<meta name=\"twitter:data1\" content=\"1 minute\" \/>\n<script type=\"application\/ld+json\" class=\"yoast-schema-graph\">{\"@context\":\"https:\/\/schema.org\",\"@graph\":[{\"@type\":\"WebPage\",\"@id\":\"https:\/\/eurlhosnakamel.dz\/dz\/produit\/ponceuse-double-tete-max-bt\/\",\"url\":\"https:\/\/eurlhosnakamel.dz\/dz\/produit\/ponceuse-double-tete-max-bt\/\",\"name\":\"PONCEUSE DOUBLE T\u00caTE MAX BT - EURL HOSNA KAMEL\",\"isPartOf\":{\"@id\":\"https:\/\/eurlhosnakamel.dz\/dz\/#website\"},\"primaryImageOfPage\":{\"@id\":\"https:\/\/eurlhosnakamel.dz\/dz\/produit\/ponceuse-double-tete-max-bt\/#primaryimage\"},\"image\":{\"@id\":\"https:\/\/eurlhosnakamel.dz\/dz\/produit\/ponceuse-double-tete-max-bt\/#primaryimage\"},\"thumbnailUrl\":\"https:\/\/eurlhosnakamel.dz\/dz\/wp-content\/uploads\/2020\/04\/PONCEUSE-DOUBLE-T\u00caTE-MAX-BT-eurl-hosna-kamel-algerie.jpg\",\"datePublished\":\"2020-04-28T12:01:48+00:00\",\"dateModified\":\"2020-04-28T12:04:37+00:00\",\"description\":\"PONCEUSE DOUBLE T\u00caTE MAX BT - EURL HOSNA KAMEL\",\"breadcrumb\":{\"@id\":\"https:\/\/eurlhosnakamel.dz\/dz\/produit\/ponceuse-double-tete-max-bt\/#breadcrumb\"},\"inLanguage\":\"fr-FR\",\"potentialAction\":[{\"@type\":\"ReadAction\",\"target\":[\"https:\/\/eurlhosnakamel.dz\/dz\/produit\/ponceuse-double-tete-max-bt\/\"]}]},{\"@type\":\"ImageObject\",\"inLanguage\":\"fr-FR\",\"@id\":\"https:\/\/eurlhosnakamel.dz\/dz\/produit\/ponceuse-double-tete-max-bt\/#primaryimage\",\"url\":\"https:\/\/eurlhosnakamel.dz\/dz\/wp-content\/uploads\/2020\/04\/PONCEUSE-DOUBLE-T\u00caTE-MAX-BT-eurl-hosna-kamel-algerie.jpg\",\"contentUrl\":\"https:\/\/eurlhosnakamel.dz\/dz\/wp-content\/uploads\/2020\/04\/PONCEUSE-DOUBLE-T\u00caTE-MAX-BT-eurl-hosna-kamel-algerie.jpg\",\"width\":512,\"height\":512},{\"@type\":\"BreadcrumbList\",\"@id\":\"https:\/\/eurlhosnakamel.dz\/dz\/produit\/ponceuse-double-tete-max-bt\/#breadcrumb\",\"itemListElement\":[{\"@type\":\"ListItem\",\"position\":1,\"name\":\"Accueil\",\"item\":\"https:\/\/eurlhosnakamel.dz\/dz\/\"},{\"@type\":\"ListItem\",\"position\":2,\"name\":\"Shop\",\"item\":\"https:\/\/eurlhosnakamel.dz\/dz\/shop\/\"},{\"@type\":\"ListItem\",\"position\":3,\"name\":\"PONCEUSE DOUBLE T\u00caTE MAX BT\"}]},{\"@type\":\"WebSite\",\"@id\":\"https:\/\/eurlhosnakamel.dz\/dz\/#website\",\"url\":\"https:\/\/eurlhosnakamel.dz\/dz\/\",\"name\":\"EURL HOSNA KAMEL\",\"description\":\"Fournisseur Premium d&#039;Outillages Professionnels en Alg\u00e9rie -\",\"publisher\":{\"@id\":\"https:\/\/eurlhosnakamel.dz\/dz\/#organization\"},\"potentialAction\":[{\"@type\":\"SearchAction\",\"target\":{\"@type\":\"EntryPoint\",\"urlTemplate\":\"https:\/\/eurlhosnakamel.dz\/dz\/?s={search_term_string}\"},\"query-input\":\"required name=search_term_string\"}],\"inLanguage\":\"fr-FR\"},{\"@type\":\"Organization\",\"@id\":\"https:\/\/eurlhosnakamel.dz\/dz\/#organization\",\"name\":\"EURL HOSNA KAMEL - Bosch alg\u00e9rie\",\"url\":\"https:\/\/eurlhosnakamel.dz\/dz\/\",\"logo\":{\"@type\":\"ImageObject\",\"inLanguage\":\"fr-FR\",\"@id\":\"https:\/\/eurlhosnakamel.dz\/dz\/#\/schema\/logo\/image\/\",\"url\":\"https:\/\/eurlhosnakamel.dz\/wp-content\/uploads\/2020\/04\/LOGO-HOSNA1.png\",\"contentUrl\":\"https:\/\/eurlhosnakamel.dz\/wp-content\/uploads\/2020\/04\/LOGO-HOSNA1.png\",\"width\":120,\"height\":127,\"caption\":\"EURL HOSNA KAMEL - Bosch alg\u00e9rie\"},\"image\":{\"@id\":\"https:\/\/eurlhosnakamel.dz\/dz\/#\/schema\/logo\/image\/\"},\"sameAs\":[\"https:\/\/www.facebook.com\/Eurl.Hosna.DZ\/\"]}]}<\/script>\n<!-- \/ Yoast SEO plugin. -->","yoast_head_json":{"title":"PONCEUSE DOUBLE T\u00caTE MAX BT - EURL HOSNA KAMEL","description":"PONCEUSE DOUBLE T\u00caTE MAX BT - EURL HOSNA KAMEL","robots":{"index":"index","follow":"follow","max-snippet":"max-snippet:-1","max-image-preview":"max-image-preview:large","max-video-preview":"max-video-preview:-1"},"canonical":"https:\/\/eurlhosnakamel.dz\/dz\/produit\/ponceuse-double-tete-max-bt\/","og_locale":"fr_FR","og_type":"article","og_title":"PONCEUSE DOUBLE T\u00caTE MAX BT - EURL HOSNA KAMEL","og_description":"PONCEUSE DOUBLE T\u00caTE MAX BT - EURL HOSNA KAMEL","og_url":"https:\/\/eurlhosnakamel.dz\/dz\/produit\/ponceuse-double-tete-max-bt\/","og_site_name":"EURL HOSNA KAMEL","article_publisher":"https:\/\/www.facebook.com\/Eurl.Hosna.DZ\/","article_modified_time":"2020-04-28T12:04:37+00:00","og_image":[{"width":512,"height":512,"url":"https:\/\/eurlhosnakamel.dz\/dz\/wp-content\/uploads\/2020\/04\/PONCEUSE-DOUBLE-T\u00caTE-MAX-BT-eurl-hosna-kamel-algerie.jpg","type":"image\/jpeg"}],"twitter_card":"summary_large_image","twitter_misc":{"Dur\u00e9e de lecture estim\u00e9e":"1 minute"},"schema":{"@context":"https:\/\/schema.org","@graph":[{"@type":"WebPage","@id":"https:\/\/eurlhosnakamel.dz\/dz\/produit\/ponceuse-double-tete-max-bt\/","url":"https:\/\/eurlhosnakamel.dz\/dz\/produit\/ponceuse-double-tete-max-bt\/","name":"PONCEUSE DOUBLE T\u00caTE MAX BT - EURL HOSNA KAMEL","isPartOf":{"@id":"https:\/\/eurlhosnakamel.dz\/dz\/#website"},"primaryImageOfPage":{"@id":"https:\/\/eurlhosnakamel.dz\/dz\/produit\/ponceuse-double-tete-max-bt\/#primaryimage"},"image":{"@id":"https:\/\/eurlhosnakamel.dz\/dz\/produit\/ponceuse-double-tete-max-bt\/#primaryimage"},"thumbnailUrl":"https:\/\/eurlhosnakamel.dz\/dz\/wp-content\/uploads\/2020\/04\/PONCEUSE-DOUBLE-T\u00caTE-MAX-BT-eurl-hosna-kamel-algerie.jpg","datePublished":"2020-04-28T12:01:48+00:00","dateModified":"2020-04-28T12:04:37+00:00","description":"PONCEUSE DOUBLE T\u00caTE MAX BT - EURL HOSNA KAMEL","breadcrumb":{"@id":"https:\/\/eurlhosnakamel.dz\/dz\/produit\/ponceuse-double-tete-max-bt\/#breadcrumb"},"inLanguage":"fr-FR","potentialAction":[{"@type":"ReadAction","target":["https:\/\/eurlhosnakamel.dz\/dz\/produit\/ponceuse-double-tete-max-bt\/"]}]},{"@type":"ImageObject","inLanguage":"fr-FR","@id":"https:\/\/eurlhosnakamel.dz\/dz\/produit\/ponceuse-double-tete-max-bt\/#primaryimage","url":"https:\/\/eurlhosnakamel.dz\/dz\/wp-content\/uploads\/2020\/04\/PONCEUSE-DOUBLE-T\u00caTE-MAX-BT-eurl-hosna-kamel-algerie.jpg","contentUrl":"https:\/\/eurlhosnakamel.dz\/dz\/wp-content\/uploads\/2020\/04\/PONCEUSE-DOUBLE-T\u00caTE-MAX-BT-eurl-hosna-kamel-algerie.jpg","width":512,"height":512},{"@type":"BreadcrumbList","@id":"https:\/\/eurlhosnakamel.dz\/dz\/produit\/ponceuse-double-tete-max-bt\/#breadcrumb","itemListElement":[{"@type":"ListItem","position":1,"name":"Accueil","item":"https:\/\/eurlhosnakamel.dz\/dz\/"},{"@type":"ListItem","position":2,"name":"Shop","item":"https:\/\/eurlhosnakamel.dz\/dz\/shop\/"},{"@type":"ListItem","position":3,"name":"PONCEUSE DOUBLE T\u00caTE MAX BT"}]},{"@type":"WebSite","@id":"https:\/\/eurlhosnakamel.dz\/dz\/#website","url":"https:\/\/eurlhosnakamel.dz\/dz\/","name":"EURL HOSNA KAMEL","description":"Fournisseur Premium d&#039;Outillages Professionnels en Alg\u00e9rie -","publisher":{"@id":"https:\/\/eurlhosnakamel.dz\/dz\/#organization"},"potentialAction":[{"@type":"SearchAction","target":{"@type":"EntryPoint","urlTemplate":"https:\/\/eurlhosnakamel.dz\/dz\/?s={search_term_string}"},"query-input":"required name=search_term_string"}],"inLanguage":"fr-FR"},{"@type":"Organization","@id":"https:\/\/eurlhosnakamel.dz\/dz\/#organization","name":"EURL HOSNA KAMEL - Bosch alg\u00e9rie","url":"https:\/\/eurlhosnakamel.dz\/dz\/","logo":{"@type":"ImageObject","inLanguage":"fr-FR","@id":"https:\/\/eurlhosnakamel.dz\/dz\/#\/schema\/logo\/image\/","url":"https:\/\/eurlhosnakamel.dz\/wp-content\/uploads\/2020\/04\/LOGO-HOSNA1.png","contentUrl":"https:\/\/eurlhosnakamel.dz\/wp-content\/uploads\/2020\/04\/LOGO-HOSNA1.png","width":120,"height":127,"caption":"EURL HOSNA KAMEL - Bosch alg\u00e9rie"},"image":{"@id":"https:\/\/eurlhosnakamel.dz\/dz\/#\/schema\/logo\/image\/"},"sameAs":["https:\/\/www.facebook.com\/Eurl.Hosna.DZ\/"]}]}},"_links":{"self":[{"href":"https:\/\/eurlhosnakamel.dz\/dz\/wp-json\/wp\/v2\/product\/8925","targetHints":{"allow":["GET"]}}],"collection":[{"href":"https:\/\/eurlhosnakamel.dz\/dz\/wp-json\/wp\/v2\/product"}],"about":[{"href":"https:\/\/eurlhosnakamel.dz\/dz\/wp-json\/wp\/v2\/types\/product"}],"wp:featuredmedia":[{"embeddable":true,"href":"https:\/\/eurlhosnakamel.dz\/dz\/wp-json\/wp\/v2\/media\/8927"}],"wp:attachment":[{"href":"https:\/\/eurlhosnakamel.dz\/dz\/wp-json\/wp\/v2\/media?parent=8925"}],"wp:term":[{"taxonomy":"product_cat","embeddable":true,"href":"https:\/\/eurlhosnakamel.dz\/dz\/wp-json\/wp\/v2\/product_cat?post=8925"},{"taxonomy":"product_tag","embeddable":true,"href":"https:\/\/eurlhosnakamel.dz\/dz\/wp-json\/wp\/v2\/product_tag?post=8925"}],"curies":[{"name":"wp","href":"https:\/\/api.w.org\/{rel}","templated":true}]}}