{"id":8965,"date":"2020-04-28T12:54:07","date_gmt":"2020-04-28T12:54:07","guid":{"rendered":"https:\/\/lhchosting.com\/hosna\/?post_type=product&#038;p=8965"},"modified":"2020-04-28T12:57:02","modified_gmt":"2020-04-28T12:57:02","slug":"europa-88-ponceuse-de-granit-ce","status":"publish","type":"product","link":"https:\/\/eurlhosnakamel.dz\/dz\/produit\/europa-88-ponceuse-de-granit-ce\/","title":{"rendered":"EUROPA 88 &#8211; PONCEUSE DE GRANIT CE"},"content":{"rendered":"<div class=\"col-xs-12 col-sm-6 xs-vrythm\">\n<h4 class=\"prodotto__section-title\"><span>AVANTAGES<\/span><\/h4>\n<div class=\"typography\">\n<p><span>EUROPA 88 &#8211; CE est la solution pour travailler facilement les sols en granit et les mat\u00e9riaux durs:\u00a0<\/span><\/p>\n<ul>\n<li><span>R\u00e9glage de la table de la machine au moyen d&#8217;un\u00a0<\/span><strong><span>volant de levage<\/span><\/strong><span>\u00a0.<\/span><\/li>\n<li><span>Levage de la machine au moyen d&#8217;\u00a0<\/span><strong><span>une pompe hydraulique manuelle<\/span><\/strong><span>\u00a0.<\/span><\/li>\n<li><span>Complet avec\u00a0<\/span><strong><span>t\u00eate plan\u00e9taire<\/span><\/strong><span>\u00a0pour travailler le granit\u00a0<\/span><strong><span>et\u00a0<\/span><\/strong><strong><span>plaque porte-abrasif<\/span><\/strong><span>\u00a0pour d&#8217;autres processus.<\/span><\/li>\n<\/ul>\n<\/div>\n<\/div>\n<div class=\"col-xs-12 col-sm-6 xs-vrythm\">\n<h4 class=\"prodotto__section-title\"><span>DONN\u00c9ES TECHNIQUES<\/span><\/h4>\n<div class=\"typography\">\n<div class=\"table-responsive\">\n<table class=\"table\">\n<tbody>\n<tr>\n<td><span>puissance<\/span><\/td>\n<td><span>5.5Kw &#8211; 7.5HP<\/span><\/td>\n<\/tr>\n<tr>\n<td><span>tension<\/span><\/td>\n<td><span>400V (230V &#8211; triphas\u00e9 sur demande)<\/span><\/td>\n<\/tr>\n<tr>\n<td><span>R\u00e9gime moteur<\/span><\/td>\n<td><span>950 tr \/ min<\/span><\/td>\n<\/tr>\n<tr>\n<td><span>\u00d8 T\u00eate plan\u00e9taire<\/span><\/td>\n<td><span>300 mm<\/span><\/td>\n<\/tr>\n<tr>\n<td><span>\u00d8 Rouleaux abrasifs<\/span><\/td>\n<td><span>100 mm avec raccordement viss\u00e9<\/span><\/td>\n<\/tr>\n<tr>\n<td><span>\u00d8 Plaque de support abrasive<\/span><\/td>\n<td><span>320 mm<\/span><\/td>\n<\/tr>\n<tr>\n<td><span>Tours de plaque de t\u00eate<\/span><\/td>\n<td><span>364 tr \/ min<\/span><\/td>\n<\/tr>\n<tr>\n<td><span>Capacit\u00e9 du r\u00e9servoir d&#8217;eau<\/span><\/td>\n<td><span>31 l<\/span><\/td>\n<\/tr>\n<tr>\n<td><span>dimensions<\/span><\/td>\n<td><span>635x1280x1230<\/span><\/td>\n<\/tr>\n<tr>\n<td><span>Poids sans accessoires<\/span><\/td>\n<td><span>191 kg<\/span><\/td>\n<\/tr>\n<tr>\n<td><span>Poids brut<\/span><\/td>\n<td><span>285 kg<\/span><\/td>\n<\/tr>\n<\/tbody>\n<\/table>\n<\/div>\n<\/div>\n<\/div>\n","protected":false},"excerpt":{"rendered":"<h4 class=\"h2\"><span>PONCEUSE TRIPHAS\u00c9E POUR GRANIT, GR\u00c8S ET PIERRES DURES<\/span><\/h4>\n<p><strong><span>Ponceuse<\/span><\/strong><span>\u00a0triphas\u00e9e\u00a0<\/span><strong><span>avec une t\u00eate plan\u00e9taire<\/span><\/strong><span>\u00a0puissante et performante sp\u00e9cifique pour travailler sur\u00a0<\/span><strong><span>les<\/span><\/strong><span>\u00a0sols en\u00a0<strong>granit, gr\u00e8s et pierre dure<\/strong>\u00a0.<\/span><\/p>\n","protected":false},"featured_media":8967,"template":"","meta":[],"product_cat":[29,571],"product_tag":[2009],"class_list":{"0":"post-8965","1":"product","2":"type-product","3":"status-publish","4":"has-post-thumbnail","6":"product_cat-quincaillerie","7":"product_cat-outils-de-coupe","8":"product_tag-europa-88-ponceuse-de-granit-ce","9":"product_brand-achilli","11":"first","12":"instock","13":"shipping-taxable","14":"product-type-simple","15":"col-xs-6 col-sm-4","16":"col-md-3 col-lg-3","17":"un-4-cols"},"yoast_head":"<!-- This site is optimized with the Yoast SEO plugin v22.5 - https:\/\/yoast.com\/wordpress\/plugins\/seo\/ -->\n<title>EUROPA 88 - PONCEUSE DE GRANIT CE - EURL HOSNA KAMEL<\/title>\n<meta name=\"description\" content=\"EUROPA 88 - PONCEUSE DE GRANIT CE - EURL HOSNA KAMEL\" \/>\n<meta name=\"robots\" content=\"index, follow, max-snippet:-1, max-image-preview:large, max-video-preview:-1\" \/>\n<link rel=\"canonical\" href=\"https:\/\/eurlhosnakamel.dz\/dz\/produit\/europa-88-ponceuse-de-granit-ce\/\" \/>\n<meta property=\"og:locale\" content=\"fr_FR\" \/>\n<meta property=\"og:type\" content=\"article\" \/>\n<meta property=\"og:title\" content=\"EUROPA 88 - PONCEUSE DE GRANIT CE - EURL HOSNA KAMEL\" \/>\n<meta property=\"og:description\" content=\"EUROPA 88 - PONCEUSE DE GRANIT CE - EURL HOSNA KAMEL\" \/>\n<meta property=\"og:url\" content=\"https:\/\/eurlhosnakamel.dz\/dz\/produit\/europa-88-ponceuse-de-granit-ce\/\" \/>\n<meta property=\"og:site_name\" content=\"EURL HOSNA KAMEL\" \/>\n<meta property=\"article:publisher\" content=\"https:\/\/www.facebook.com\/Eurl.Hosna.DZ\/\" \/>\n<meta property=\"article:modified_time\" content=\"2020-04-28T12:57:02+00:00\" \/>\n<meta property=\"og:image\" content=\"https:\/\/eurlhosnakamel.dz\/dz\/wp-content\/uploads\/2020\/04\/EUROPA-88-PONCEUSE-DE-GRANIT-CE-eurl-hosna-kamel-algerie.jpg\" \/>\n\t<meta property=\"og:image:width\" content=\"512\" \/>\n\t<meta property=\"og:image:height\" content=\"512\" \/>\n\t<meta property=\"og:image:type\" content=\"image\/jpeg\" \/>\n<meta name=\"twitter:card\" content=\"summary_large_image\" \/>\n<meta name=\"twitter:label1\" content=\"Dur\u00e9e de lecture estim\u00e9e\" \/>\n\t<meta name=\"twitter:data1\" content=\"1 minute\" \/>\n<script type=\"application\/ld+json\" class=\"yoast-schema-graph\">{\"@context\":\"https:\/\/schema.org\",\"@graph\":[{\"@type\":\"WebPage\",\"@id\":\"https:\/\/eurlhosnakamel.dz\/dz\/produit\/europa-88-ponceuse-de-granit-ce\/\",\"url\":\"https:\/\/eurlhosnakamel.dz\/dz\/produit\/europa-88-ponceuse-de-granit-ce\/\",\"name\":\"EUROPA 88 - PONCEUSE DE GRANIT CE - EURL HOSNA KAMEL\",\"isPartOf\":{\"@id\":\"https:\/\/eurlhosnakamel.dz\/dz\/#website\"},\"primaryImageOfPage\":{\"@id\":\"https:\/\/eurlhosnakamel.dz\/dz\/produit\/europa-88-ponceuse-de-granit-ce\/#primaryimage\"},\"image\":{\"@id\":\"https:\/\/eurlhosnakamel.dz\/dz\/produit\/europa-88-ponceuse-de-granit-ce\/#primaryimage\"},\"thumbnailUrl\":\"https:\/\/eurlhosnakamel.dz\/dz\/wp-content\/uploads\/2020\/04\/EUROPA-88-PONCEUSE-DE-GRANIT-CE-eurl-hosna-kamel-algerie.jpg\",\"datePublished\":\"2020-04-28T12:54:07+00:00\",\"dateModified\":\"2020-04-28T12:57:02+00:00\",\"description\":\"EUROPA 88 - PONCEUSE DE GRANIT CE - EURL HOSNA KAMEL\",\"breadcrumb\":{\"@id\":\"https:\/\/eurlhosnakamel.dz\/dz\/produit\/europa-88-ponceuse-de-granit-ce\/#breadcrumb\"},\"inLanguage\":\"fr-FR\",\"potentialAction\":[{\"@type\":\"ReadAction\",\"target\":[\"https:\/\/eurlhosnakamel.dz\/dz\/produit\/europa-88-ponceuse-de-granit-ce\/\"]}]},{\"@type\":\"ImageObject\",\"inLanguage\":\"fr-FR\",\"@id\":\"https:\/\/eurlhosnakamel.dz\/dz\/produit\/europa-88-ponceuse-de-granit-ce\/#primaryimage\",\"url\":\"https:\/\/eurlhosnakamel.dz\/dz\/wp-content\/uploads\/2020\/04\/EUROPA-88-PONCEUSE-DE-GRANIT-CE-eurl-hosna-kamel-algerie.jpg\",\"contentUrl\":\"https:\/\/eurlhosnakamel.dz\/dz\/wp-content\/uploads\/2020\/04\/EUROPA-88-PONCEUSE-DE-GRANIT-CE-eurl-hosna-kamel-algerie.jpg\",\"width\":512,\"height\":512},{\"@type\":\"BreadcrumbList\",\"@id\":\"https:\/\/eurlhosnakamel.dz\/dz\/produit\/europa-88-ponceuse-de-granit-ce\/#breadcrumb\",\"itemListElement\":[{\"@type\":\"ListItem\",\"position\":1,\"name\":\"Accueil\",\"item\":\"https:\/\/eurlhosnakamel.dz\/dz\/\"},{\"@type\":\"ListItem\",\"position\":2,\"name\":\"Shop\",\"item\":\"https:\/\/eurlhosnakamel.dz\/dz\/shop\/\"},{\"@type\":\"ListItem\",\"position\":3,\"name\":\"EUROPA 88 &#8211; PONCEUSE DE GRANIT CE\"}]},{\"@type\":\"WebSite\",\"@id\":\"https:\/\/eurlhosnakamel.dz\/dz\/#website\",\"url\":\"https:\/\/eurlhosnakamel.dz\/dz\/\",\"name\":\"EURL HOSNA KAMEL\",\"description\":\"Fournisseur Premium d&#039;Outillages Professionnels en Alg\u00e9rie -\",\"publisher\":{\"@id\":\"https:\/\/eurlhosnakamel.dz\/dz\/#organization\"},\"potentialAction\":[{\"@type\":\"SearchAction\",\"target\":{\"@type\":\"EntryPoint\",\"urlTemplate\":\"https:\/\/eurlhosnakamel.dz\/dz\/?s={search_term_string}\"},\"query-input\":\"required name=search_term_string\"}],\"inLanguage\":\"fr-FR\"},{\"@type\":\"Organization\",\"@id\":\"https:\/\/eurlhosnakamel.dz\/dz\/#organization\",\"name\":\"EURL HOSNA KAMEL - Bosch alg\u00e9rie\",\"url\":\"https:\/\/eurlhosnakamel.dz\/dz\/\",\"logo\":{\"@type\":\"ImageObject\",\"inLanguage\":\"fr-FR\",\"@id\":\"https:\/\/eurlhosnakamel.dz\/dz\/#\/schema\/logo\/image\/\",\"url\":\"https:\/\/eurlhosnakamel.dz\/wp-content\/uploads\/2020\/04\/LOGO-HOSNA1.png\",\"contentUrl\":\"https:\/\/eurlhosnakamel.dz\/wp-content\/uploads\/2020\/04\/LOGO-HOSNA1.png\",\"width\":120,\"height\":127,\"caption\":\"EURL HOSNA KAMEL - Bosch alg\u00e9rie\"},\"image\":{\"@id\":\"https:\/\/eurlhosnakamel.dz\/dz\/#\/schema\/logo\/image\/\"},\"sameAs\":[\"https:\/\/www.facebook.com\/Eurl.Hosna.DZ\/\"]}]}<\/script>\n<!-- \/ Yoast SEO plugin. -->","yoast_head_json":{"title":"EUROPA 88 - PONCEUSE DE GRANIT CE - EURL HOSNA KAMEL","description":"EUROPA 88 - PONCEUSE DE GRANIT CE - EURL HOSNA KAMEL","robots":{"index":"index","follow":"follow","max-snippet":"max-snippet:-1","max-image-preview":"max-image-preview:large","max-video-preview":"max-video-preview:-1"},"canonical":"https:\/\/eurlhosnakamel.dz\/dz\/produit\/europa-88-ponceuse-de-granit-ce\/","og_locale":"fr_FR","og_type":"article","og_title":"EUROPA 88 - PONCEUSE DE GRANIT CE - EURL HOSNA KAMEL","og_description":"EUROPA 88 - PONCEUSE DE GRANIT CE - EURL HOSNA KAMEL","og_url":"https:\/\/eurlhosnakamel.dz\/dz\/produit\/europa-88-ponceuse-de-granit-ce\/","og_site_name":"EURL HOSNA KAMEL","article_publisher":"https:\/\/www.facebook.com\/Eurl.Hosna.DZ\/","article_modified_time":"2020-04-28T12:57:02+00:00","og_image":[{"width":512,"height":512,"url":"https:\/\/eurlhosnakamel.dz\/dz\/wp-content\/uploads\/2020\/04\/EUROPA-88-PONCEUSE-DE-GRANIT-CE-eurl-hosna-kamel-algerie.jpg","type":"image\/jpeg"}],"twitter_card":"summary_large_image","twitter_misc":{"Dur\u00e9e de lecture estim\u00e9e":"1 minute"},"schema":{"@context":"https:\/\/schema.org","@graph":[{"@type":"WebPage","@id":"https:\/\/eurlhosnakamel.dz\/dz\/produit\/europa-88-ponceuse-de-granit-ce\/","url":"https:\/\/eurlhosnakamel.dz\/dz\/produit\/europa-88-ponceuse-de-granit-ce\/","name":"EUROPA 88 - PONCEUSE DE GRANIT CE - EURL HOSNA KAMEL","isPartOf":{"@id":"https:\/\/eurlhosnakamel.dz\/dz\/#website"},"primaryImageOfPage":{"@id":"https:\/\/eurlhosnakamel.dz\/dz\/produit\/europa-88-ponceuse-de-granit-ce\/#primaryimage"},"image":{"@id":"https:\/\/eurlhosnakamel.dz\/dz\/produit\/europa-88-ponceuse-de-granit-ce\/#primaryimage"},"thumbnailUrl":"https:\/\/eurlhosnakamel.dz\/dz\/wp-content\/uploads\/2020\/04\/EUROPA-88-PONCEUSE-DE-GRANIT-CE-eurl-hosna-kamel-algerie.jpg","datePublished":"2020-04-28T12:54:07+00:00","dateModified":"2020-04-28T12:57:02+00:00","description":"EUROPA 88 - PONCEUSE DE GRANIT CE - EURL HOSNA KAMEL","breadcrumb":{"@id":"https:\/\/eurlhosnakamel.dz\/dz\/produit\/europa-88-ponceuse-de-granit-ce\/#breadcrumb"},"inLanguage":"fr-FR","potentialAction":[{"@type":"ReadAction","target":["https:\/\/eurlhosnakamel.dz\/dz\/produit\/europa-88-ponceuse-de-granit-ce\/"]}]},{"@type":"ImageObject","inLanguage":"fr-FR","@id":"https:\/\/eurlhosnakamel.dz\/dz\/produit\/europa-88-ponceuse-de-granit-ce\/#primaryimage","url":"https:\/\/eurlhosnakamel.dz\/dz\/wp-content\/uploads\/2020\/04\/EUROPA-88-PONCEUSE-DE-GRANIT-CE-eurl-hosna-kamel-algerie.jpg","contentUrl":"https:\/\/eurlhosnakamel.dz\/dz\/wp-content\/uploads\/2020\/04\/EUROPA-88-PONCEUSE-DE-GRANIT-CE-eurl-hosna-kamel-algerie.jpg","width":512,"height":512},{"@type":"BreadcrumbList","@id":"https:\/\/eurlhosnakamel.dz\/dz\/produit\/europa-88-ponceuse-de-granit-ce\/#breadcrumb","itemListElement":[{"@type":"ListItem","position":1,"name":"Accueil","item":"https:\/\/eurlhosnakamel.dz\/dz\/"},{"@type":"ListItem","position":2,"name":"Shop","item":"https:\/\/eurlhosnakamel.dz\/dz\/shop\/"},{"@type":"ListItem","position":3,"name":"EUROPA 88 &#8211; PONCEUSE DE GRANIT CE"}]},{"@type":"WebSite","@id":"https:\/\/eurlhosnakamel.dz\/dz\/#website","url":"https:\/\/eurlhosnakamel.dz\/dz\/","name":"EURL HOSNA KAMEL","description":"Fournisseur Premium d&#039;Outillages Professionnels en Alg\u00e9rie -","publisher":{"@id":"https:\/\/eurlhosnakamel.dz\/dz\/#organization"},"potentialAction":[{"@type":"SearchAction","target":{"@type":"EntryPoint","urlTemplate":"https:\/\/eurlhosnakamel.dz\/dz\/?s={search_term_string}"},"query-input":"required name=search_term_string"}],"inLanguage":"fr-FR"},{"@type":"Organization","@id":"https:\/\/eurlhosnakamel.dz\/dz\/#organization","name":"EURL HOSNA KAMEL - Bosch alg\u00e9rie","url":"https:\/\/eurlhosnakamel.dz\/dz\/","logo":{"@type":"ImageObject","inLanguage":"fr-FR","@id":"https:\/\/eurlhosnakamel.dz\/dz\/#\/schema\/logo\/image\/","url":"https:\/\/eurlhosnakamel.dz\/wp-content\/uploads\/2020\/04\/LOGO-HOSNA1.png","contentUrl":"https:\/\/eurlhosnakamel.dz\/wp-content\/uploads\/2020\/04\/LOGO-HOSNA1.png","width":120,"height":127,"caption":"EURL HOSNA KAMEL - Bosch alg\u00e9rie"},"image":{"@id":"https:\/\/eurlhosnakamel.dz\/dz\/#\/schema\/logo\/image\/"},"sameAs":["https:\/\/www.facebook.com\/Eurl.Hosna.DZ\/"]}]}},"_links":{"self":[{"href":"https:\/\/eurlhosnakamel.dz\/dz\/wp-json\/wp\/v2\/product\/8965","targetHints":{"allow":["GET"]}}],"collection":[{"href":"https:\/\/eurlhosnakamel.dz\/dz\/wp-json\/wp\/v2\/product"}],"about":[{"href":"https:\/\/eurlhosnakamel.dz\/dz\/wp-json\/wp\/v2\/types\/product"}],"wp:featuredmedia":[{"embeddable":true,"href":"https:\/\/eurlhosnakamel.dz\/dz\/wp-json\/wp\/v2\/media\/8967"}],"wp:attachment":[{"href":"https:\/\/eurlhosnakamel.dz\/dz\/wp-json\/wp\/v2\/media?parent=8965"}],"wp:term":[{"taxonomy":"product_cat","embeddable":true,"href":"https:\/\/eurlhosnakamel.dz\/dz\/wp-json\/wp\/v2\/product_cat?post=8965"},{"taxonomy":"product_tag","embeddable":true,"href":"https:\/\/eurlhosnakamel.dz\/dz\/wp-json\/wp\/v2\/product_tag?post=8965"}],"curies":[{"name":"wp","href":"https:\/\/api.w.org\/{rel}","templated":true}]}}