{"id":9009,"date":"2020-04-28T13:24:37","date_gmt":"2020-04-28T13:24:37","guid":{"rendered":"https:\/\/lhchosting.com\/hosna\/?post_type=product&#038;p=9009"},"modified":"2020-04-28T13:27:23","modified_gmt":"2020-04-28T13:27:23","slug":"coupe-chariot-coulissant-trt-tl","status":"publish","type":"product","link":"https:\/\/eurlhosnakamel.dz\/dz\/produit\/coupe-chariot-coulissant-trt-tl\/","title":{"rendered":"COUPE-CHARIOT COULISSANT TRT-TL"},"content":{"rendered":"<div class=\"col-xs-12 col-sm-6 xs-vrythm\">\n<h4 class=\"prodotto__section-title\"><span>AVANTAGES<\/span><\/h4>\n<div class=\"typography\">\n<p><span>Notre cutter de construction traditionnel TRT-TL est avec chariot coulissant:<\/span><\/p>\n<ul>\n<li><strong><span>Plan de travail en caoutchouc<\/span><\/strong><span>\u00a0\u00a0avec poign\u00e9e int\u00e9gr\u00e9e et carr\u00e9 r\u00e9glable;<\/span><\/li>\n<li><strong><span>R\u00e9servoir de collecte avec<\/span><\/strong><span>\u00a0\u00a0syst\u00e8me de\u00a0<strong>recirculation d&#8217;<\/strong>\u00a0eau int\u00e9gr\u00e9;<\/span><\/li>\n<li><strong><span>Pieds pliants<\/span><\/strong><span>\u00a0\u00a0pour un transport facile avec roues int\u00e9gr\u00e9es.<\/span><\/li>\n<\/ul>\n<\/div>\n<\/div>\n<div class=\"col-xs-12 col-sm-6 xs-vrythm\">\n<h4 class=\"prodotto__section-title\"><span>DONN\u00c9ES TECHNIQUES<\/span><\/h4>\n<div class=\"typography\">\n<div class=\"table-responsive\">\n<table class=\"table\">\n<tbody>\n<tr>\n<td><span>Coupe utile<\/span><\/td>\n<td><span>600-800 mm<\/span><\/td>\n<\/tr>\n<tr>\n<td><span>Diam\u00e8tre du disque diamant<\/span><\/td>\n<td><span>250-300-350 mm<\/span><\/td>\n<\/tr>\n<tr>\n<td><span>Trou de disque de diamant<\/span><\/td>\n<td><span>25,4 mm<\/span><\/td>\n<\/tr>\n<tr>\n<td><span>Puissance moteur<\/span><\/td>\n<td><span>2 kW = 2,7 HP 1 phase<\/span><\/td>\n<\/tr>\n<tr>\n<td><span>Puissance moteur (sur demande)<\/span><\/td>\n<td><span>2,2 kW = 3HP monophas\u00e9 \/ 2,9 kW = 4HP triphas\u00e9<\/span><\/td>\n<\/tr>\n<tr>\n<td><span>Vitesse de rotation du moteur<\/span><\/td>\n<td><span>2800 tr \/ min \u00e0 50 Hz &#8211; 3400 tr \/ min 60 Hz<\/span><\/td>\n<\/tr>\n<tr>\n<td><span>Tension \/ fr\u00e9quence standard<\/span><\/td>\n<td><span>230V-50 \/ 60Hz<\/span><\/td>\n<\/tr>\n<\/tbody>\n<\/table>\n<\/div>\n<\/div>\n<\/div>\n","protected":false},"excerpt":{"rendered":"<h4 class=\"h2\"><span>CUTTER PORTABLE \u00c0 CHARIOT COULISSANT POUR LES MAT\u00c9RIAUX DE CONSTRUCTION<\/span><\/h4>\n<p><strong><span>Cutter portable \u00e0\u00a0<\/span><\/strong><strong><span>chariot coulissant<\/span><\/strong><span>\u00a0pour carreaux, carreaux et\u00a0<\/span><strong><span>mat\u00e9riaux de construction<\/span><\/strong><span>\u00a0.\u00a0Id\u00e9al pour \u00eatre transport\u00e9 sur le chantier, il est robuste, pr\u00e9cis et se caract\u00e9rise par une grande durabilit\u00e9.<\/span><\/p>\n","protected":false},"featured_media":9011,"template":"","meta":[],"product_cat":[29,571],"product_tag":[2015],"class_list":{"0":"post-9009","1":"product","2":"type-product","3":"status-publish","4":"has-post-thumbnail","6":"product_cat-quincaillerie","7":"product_cat-outils-de-coupe","8":"product_tag-coupe-chariot-coulissant-trt-tl","9":"product_brand-achilli","11":"first","12":"instock","13":"shipping-taxable","14":"product-type-simple","15":"col-xs-6 col-sm-4","16":"col-md-3 col-lg-3","17":"un-4-cols"},"yoast_head":"<!-- This site is optimized with the Yoast SEO plugin v22.5 - https:\/\/yoast.com\/wordpress\/plugins\/seo\/ -->\n<title>COUPE-CHARIOT COULISSANT TRT-TL - EURL HOSNA KAMEL<\/title>\n<meta name=\"description\" content=\"COUPE-CHARIOT COULISSANT TRT-TL - EURL HOSNA KAMEL\" \/>\n<meta name=\"robots\" content=\"index, follow, max-snippet:-1, max-image-preview:large, max-video-preview:-1\" \/>\n<link rel=\"canonical\" href=\"https:\/\/eurlhosnakamel.dz\/dz\/produit\/coupe-chariot-coulissant-trt-tl\/\" \/>\n<meta property=\"og:locale\" content=\"fr_FR\" \/>\n<meta property=\"og:type\" content=\"article\" \/>\n<meta property=\"og:title\" content=\"COUPE-CHARIOT COULISSANT TRT-TL - EURL HOSNA KAMEL\" \/>\n<meta property=\"og:description\" content=\"COUPE-CHARIOT COULISSANT TRT-TL - EURL HOSNA KAMEL\" \/>\n<meta property=\"og:url\" content=\"https:\/\/eurlhosnakamel.dz\/dz\/produit\/coupe-chariot-coulissant-trt-tl\/\" \/>\n<meta property=\"og:site_name\" content=\"EURL HOSNA KAMEL\" \/>\n<meta property=\"article:publisher\" content=\"https:\/\/www.facebook.com\/Eurl.Hosna.DZ\/\" \/>\n<meta property=\"article:modified_time\" content=\"2020-04-28T13:27:23+00:00\" \/>\n<meta property=\"og:image\" content=\"https:\/\/eurlhosnakamel.dz\/dz\/wp-content\/uploads\/2020\/04\/COUPE-CHARIOT-COULISSANT-TRT-TL-eurl-hosna-kamel-algerie.jpg\" \/>\n\t<meta property=\"og:image:width\" content=\"512\" \/>\n\t<meta property=\"og:image:height\" content=\"512\" \/>\n\t<meta property=\"og:image:type\" content=\"image\/jpeg\" \/>\n<meta name=\"twitter:card\" content=\"summary_large_image\" \/>\n<meta name=\"twitter:label1\" content=\"Dur\u00e9e de lecture estim\u00e9e\" \/>\n\t<meta name=\"twitter:data1\" content=\"1 minute\" \/>\n<script type=\"application\/ld+json\" class=\"yoast-schema-graph\">{\"@context\":\"https:\/\/schema.org\",\"@graph\":[{\"@type\":\"WebPage\",\"@id\":\"https:\/\/eurlhosnakamel.dz\/dz\/produit\/coupe-chariot-coulissant-trt-tl\/\",\"url\":\"https:\/\/eurlhosnakamel.dz\/dz\/produit\/coupe-chariot-coulissant-trt-tl\/\",\"name\":\"COUPE-CHARIOT COULISSANT TRT-TL - EURL HOSNA KAMEL\",\"isPartOf\":{\"@id\":\"https:\/\/eurlhosnakamel.dz\/dz\/#website\"},\"primaryImageOfPage\":{\"@id\":\"https:\/\/eurlhosnakamel.dz\/dz\/produit\/coupe-chariot-coulissant-trt-tl\/#primaryimage\"},\"image\":{\"@id\":\"https:\/\/eurlhosnakamel.dz\/dz\/produit\/coupe-chariot-coulissant-trt-tl\/#primaryimage\"},\"thumbnailUrl\":\"https:\/\/eurlhosnakamel.dz\/dz\/wp-content\/uploads\/2020\/04\/COUPE-CHARIOT-COULISSANT-TRT-TL-eurl-hosna-kamel-algerie.jpg\",\"datePublished\":\"2020-04-28T13:24:37+00:00\",\"dateModified\":\"2020-04-28T13:27:23+00:00\",\"description\":\"COUPE-CHARIOT COULISSANT TRT-TL - EURL HOSNA KAMEL\",\"breadcrumb\":{\"@id\":\"https:\/\/eurlhosnakamel.dz\/dz\/produit\/coupe-chariot-coulissant-trt-tl\/#breadcrumb\"},\"inLanguage\":\"fr-FR\",\"potentialAction\":[{\"@type\":\"ReadAction\",\"target\":[\"https:\/\/eurlhosnakamel.dz\/dz\/produit\/coupe-chariot-coulissant-trt-tl\/\"]}]},{\"@type\":\"ImageObject\",\"inLanguage\":\"fr-FR\",\"@id\":\"https:\/\/eurlhosnakamel.dz\/dz\/produit\/coupe-chariot-coulissant-trt-tl\/#primaryimage\",\"url\":\"https:\/\/eurlhosnakamel.dz\/dz\/wp-content\/uploads\/2020\/04\/COUPE-CHARIOT-COULISSANT-TRT-TL-eurl-hosna-kamel-algerie.jpg\",\"contentUrl\":\"https:\/\/eurlhosnakamel.dz\/dz\/wp-content\/uploads\/2020\/04\/COUPE-CHARIOT-COULISSANT-TRT-TL-eurl-hosna-kamel-algerie.jpg\",\"width\":512,\"height\":512},{\"@type\":\"BreadcrumbList\",\"@id\":\"https:\/\/eurlhosnakamel.dz\/dz\/produit\/coupe-chariot-coulissant-trt-tl\/#breadcrumb\",\"itemListElement\":[{\"@type\":\"ListItem\",\"position\":1,\"name\":\"Accueil\",\"item\":\"https:\/\/eurlhosnakamel.dz\/dz\/\"},{\"@type\":\"ListItem\",\"position\":2,\"name\":\"Shop\",\"item\":\"https:\/\/eurlhosnakamel.dz\/dz\/shop\/\"},{\"@type\":\"ListItem\",\"position\":3,\"name\":\"COUPE-CHARIOT COULISSANT TRT-TL\"}]},{\"@type\":\"WebSite\",\"@id\":\"https:\/\/eurlhosnakamel.dz\/dz\/#website\",\"url\":\"https:\/\/eurlhosnakamel.dz\/dz\/\",\"name\":\"EURL HOSNA KAMEL\",\"description\":\"Fournisseur Premium d&#039;Outillages Professionnels en Alg\u00e9rie -\",\"publisher\":{\"@id\":\"https:\/\/eurlhosnakamel.dz\/dz\/#organization\"},\"potentialAction\":[{\"@type\":\"SearchAction\",\"target\":{\"@type\":\"EntryPoint\",\"urlTemplate\":\"https:\/\/eurlhosnakamel.dz\/dz\/?s={search_term_string}\"},\"query-input\":\"required name=search_term_string\"}],\"inLanguage\":\"fr-FR\"},{\"@type\":\"Organization\",\"@id\":\"https:\/\/eurlhosnakamel.dz\/dz\/#organization\",\"name\":\"EURL HOSNA KAMEL - Bosch alg\u00e9rie\",\"url\":\"https:\/\/eurlhosnakamel.dz\/dz\/\",\"logo\":{\"@type\":\"ImageObject\",\"inLanguage\":\"fr-FR\",\"@id\":\"https:\/\/eurlhosnakamel.dz\/dz\/#\/schema\/logo\/image\/\",\"url\":\"https:\/\/eurlhosnakamel.dz\/wp-content\/uploads\/2020\/04\/LOGO-HOSNA1.png\",\"contentUrl\":\"https:\/\/eurlhosnakamel.dz\/wp-content\/uploads\/2020\/04\/LOGO-HOSNA1.png\",\"width\":120,\"height\":127,\"caption\":\"EURL HOSNA KAMEL - Bosch alg\u00e9rie\"},\"image\":{\"@id\":\"https:\/\/eurlhosnakamel.dz\/dz\/#\/schema\/logo\/image\/\"},\"sameAs\":[\"https:\/\/www.facebook.com\/Eurl.Hosna.DZ\/\"]}]}<\/script>\n<!-- \/ Yoast SEO plugin. -->","yoast_head_json":{"title":"COUPE-CHARIOT COULISSANT TRT-TL - EURL HOSNA KAMEL","description":"COUPE-CHARIOT COULISSANT TRT-TL - EURL HOSNA KAMEL","robots":{"index":"index","follow":"follow","max-snippet":"max-snippet:-1","max-image-preview":"max-image-preview:large","max-video-preview":"max-video-preview:-1"},"canonical":"https:\/\/eurlhosnakamel.dz\/dz\/produit\/coupe-chariot-coulissant-trt-tl\/","og_locale":"fr_FR","og_type":"article","og_title":"COUPE-CHARIOT COULISSANT TRT-TL - EURL HOSNA KAMEL","og_description":"COUPE-CHARIOT COULISSANT TRT-TL - EURL HOSNA KAMEL","og_url":"https:\/\/eurlhosnakamel.dz\/dz\/produit\/coupe-chariot-coulissant-trt-tl\/","og_site_name":"EURL HOSNA KAMEL","article_publisher":"https:\/\/www.facebook.com\/Eurl.Hosna.DZ\/","article_modified_time":"2020-04-28T13:27:23+00:00","og_image":[{"width":512,"height":512,"url":"https:\/\/eurlhosnakamel.dz\/dz\/wp-content\/uploads\/2020\/04\/COUPE-CHARIOT-COULISSANT-TRT-TL-eurl-hosna-kamel-algerie.jpg","type":"image\/jpeg"}],"twitter_card":"summary_large_image","twitter_misc":{"Dur\u00e9e de lecture estim\u00e9e":"1 minute"},"schema":{"@context":"https:\/\/schema.org","@graph":[{"@type":"WebPage","@id":"https:\/\/eurlhosnakamel.dz\/dz\/produit\/coupe-chariot-coulissant-trt-tl\/","url":"https:\/\/eurlhosnakamel.dz\/dz\/produit\/coupe-chariot-coulissant-trt-tl\/","name":"COUPE-CHARIOT COULISSANT TRT-TL - EURL HOSNA KAMEL","isPartOf":{"@id":"https:\/\/eurlhosnakamel.dz\/dz\/#website"},"primaryImageOfPage":{"@id":"https:\/\/eurlhosnakamel.dz\/dz\/produit\/coupe-chariot-coulissant-trt-tl\/#primaryimage"},"image":{"@id":"https:\/\/eurlhosnakamel.dz\/dz\/produit\/coupe-chariot-coulissant-trt-tl\/#primaryimage"},"thumbnailUrl":"https:\/\/eurlhosnakamel.dz\/dz\/wp-content\/uploads\/2020\/04\/COUPE-CHARIOT-COULISSANT-TRT-TL-eurl-hosna-kamel-algerie.jpg","datePublished":"2020-04-28T13:24:37+00:00","dateModified":"2020-04-28T13:27:23+00:00","description":"COUPE-CHARIOT COULISSANT TRT-TL - EURL HOSNA KAMEL","breadcrumb":{"@id":"https:\/\/eurlhosnakamel.dz\/dz\/produit\/coupe-chariot-coulissant-trt-tl\/#breadcrumb"},"inLanguage":"fr-FR","potentialAction":[{"@type":"ReadAction","target":["https:\/\/eurlhosnakamel.dz\/dz\/produit\/coupe-chariot-coulissant-trt-tl\/"]}]},{"@type":"ImageObject","inLanguage":"fr-FR","@id":"https:\/\/eurlhosnakamel.dz\/dz\/produit\/coupe-chariot-coulissant-trt-tl\/#primaryimage","url":"https:\/\/eurlhosnakamel.dz\/dz\/wp-content\/uploads\/2020\/04\/COUPE-CHARIOT-COULISSANT-TRT-TL-eurl-hosna-kamel-algerie.jpg","contentUrl":"https:\/\/eurlhosnakamel.dz\/dz\/wp-content\/uploads\/2020\/04\/COUPE-CHARIOT-COULISSANT-TRT-TL-eurl-hosna-kamel-algerie.jpg","width":512,"height":512},{"@type":"BreadcrumbList","@id":"https:\/\/eurlhosnakamel.dz\/dz\/produit\/coupe-chariot-coulissant-trt-tl\/#breadcrumb","itemListElement":[{"@type":"ListItem","position":1,"name":"Accueil","item":"https:\/\/eurlhosnakamel.dz\/dz\/"},{"@type":"ListItem","position":2,"name":"Shop","item":"https:\/\/eurlhosnakamel.dz\/dz\/shop\/"},{"@type":"ListItem","position":3,"name":"COUPE-CHARIOT COULISSANT TRT-TL"}]},{"@type":"WebSite","@id":"https:\/\/eurlhosnakamel.dz\/dz\/#website","url":"https:\/\/eurlhosnakamel.dz\/dz\/","name":"EURL HOSNA KAMEL","description":"Fournisseur Premium d&#039;Outillages Professionnels en Alg\u00e9rie -","publisher":{"@id":"https:\/\/eurlhosnakamel.dz\/dz\/#organization"},"potentialAction":[{"@type":"SearchAction","target":{"@type":"EntryPoint","urlTemplate":"https:\/\/eurlhosnakamel.dz\/dz\/?s={search_term_string}"},"query-input":"required name=search_term_string"}],"inLanguage":"fr-FR"},{"@type":"Organization","@id":"https:\/\/eurlhosnakamel.dz\/dz\/#organization","name":"EURL HOSNA KAMEL - Bosch alg\u00e9rie","url":"https:\/\/eurlhosnakamel.dz\/dz\/","logo":{"@type":"ImageObject","inLanguage":"fr-FR","@id":"https:\/\/eurlhosnakamel.dz\/dz\/#\/schema\/logo\/image\/","url":"https:\/\/eurlhosnakamel.dz\/wp-content\/uploads\/2020\/04\/LOGO-HOSNA1.png","contentUrl":"https:\/\/eurlhosnakamel.dz\/wp-content\/uploads\/2020\/04\/LOGO-HOSNA1.png","width":120,"height":127,"caption":"EURL HOSNA KAMEL - Bosch alg\u00e9rie"},"image":{"@id":"https:\/\/eurlhosnakamel.dz\/dz\/#\/schema\/logo\/image\/"},"sameAs":["https:\/\/www.facebook.com\/Eurl.Hosna.DZ\/"]}]}},"_links":{"self":[{"href":"https:\/\/eurlhosnakamel.dz\/dz\/wp-json\/wp\/v2\/product\/9009","targetHints":{"allow":["GET"]}}],"collection":[{"href":"https:\/\/eurlhosnakamel.dz\/dz\/wp-json\/wp\/v2\/product"}],"about":[{"href":"https:\/\/eurlhosnakamel.dz\/dz\/wp-json\/wp\/v2\/types\/product"}],"wp:featuredmedia":[{"embeddable":true,"href":"https:\/\/eurlhosnakamel.dz\/dz\/wp-json\/wp\/v2\/media\/9011"}],"wp:attachment":[{"href":"https:\/\/eurlhosnakamel.dz\/dz\/wp-json\/wp\/v2\/media?parent=9009"}],"wp:term":[{"taxonomy":"product_cat","embeddable":true,"href":"https:\/\/eurlhosnakamel.dz\/dz\/wp-json\/wp\/v2\/product_cat?post=9009"},{"taxonomy":"product_tag","embeddable":true,"href":"https:\/\/eurlhosnakamel.dz\/dz\/wp-json\/wp\/v2\/product_tag?post=9009"}],"curies":[{"name":"wp","href":"https:\/\/api.w.org\/{rel}","templated":true}]}}