{"id":9051,"date":"2020-04-28T13:51:05","date_gmt":"2020-04-28T13:51:05","guid":{"rendered":"https:\/\/lhchosting.com\/hosna\/?post_type=product&#038;p=9051"},"modified":"2020-04-28T13:53:31","modified_gmt":"2020-04-28T13:53:31","slug":"cutter-tag-pour-materiaux-de-construction","status":"publish","type":"product","link":"https:\/\/eurlhosnakamel.dz\/dz\/produit\/cutter-tag-pour-materiaux-de-construction\/","title":{"rendered":"CUTTER TAG POUR MAT\u00c9RIAUX DE CONSTRUCTION"},"content":{"rendered":"<div class=\"col-xs-12 col-sm-6 xs-vrythm\">\n<h4 class=\"prodotto__section-title\"><span>AVANTAGES<\/span><\/h4>\n<div class=\"typography\">\n<p><span>Scie \u00e0 onglet radiale pour coupes angulaires dans toutes les directions:<\/span><\/p>\n<ul>\n<li><strong><span>Structure<\/span><\/strong><span>\u00a0robuste et compacte en\u00a0<strong>acier galvanis\u00e9<\/strong>\u00a0;<\/span><\/li>\n<li><strong><span>R\u00e9servoir de collecte avec<\/span><\/strong><span>\u00a0\u00a0syst\u00e8me de\u00a0<strong>recirculation d&#8217;<\/strong>\u00a0eau int\u00e9gr\u00e9 pour le refroidissement du disque;<\/span><\/li>\n<li><strong><span>Rotation du groupe de t\u00eate de \u00b1 45 \u00b0 \u00e0 0 \u00b0<\/span><\/strong><span>\u00a0avec appels m\u00e9caniques \u00e0 \u00b1 45 \u00b0, \u00b1 22,5 \u00b0 et 0 \u00b0.<\/span><\/li>\n<\/ul>\n<\/div>\n<\/div>\n<div class=\"col-xs-12 col-sm-6 xs-vrythm\">\n<h4 class=\"prodotto__section-title\"><span>DONN\u00c9ES TECHNIQUES<\/span><\/h4>\n<div class=\"typography\">\n<div class=\"table-responsive\">\n<table class=\"table\">\n<tbody>\n<tr>\n<td><span>Coupe utile<\/span><\/td>\n<td><span>280 mm<\/span><\/td>\n<\/tr>\n<tr>\n<td><span>Diam\u00e8tre du disque diamant<\/span><\/td>\n<td><span>300-350 mm<\/span><\/td>\n<\/tr>\n<tr>\n<td><span>Trou de disque de diamant<\/span><\/td>\n<td><span>25,4 mm<\/span><\/td>\n<\/tr>\n<tr>\n<td><span>Puissance moteur<\/span><\/td>\n<td><span>2,2 kW = 3 HP 1ph.<\/span><\/td>\n<\/tr>\n<tr>\n<td><span>Vitesse de rotation du moteur<\/span><\/td>\n<td><span>2800 tr \/ min 50 Hz &#8211; 3400 tr \/ min 60 Hz<\/span><\/td>\n<\/tr>\n<tr>\n<td><span>Tension \/ fr\u00e9quence standard<\/span><\/td>\n<td><span>230V-50 \/ 60Hz<\/span><\/td>\n<\/tr>\n<\/tbody>\n<\/table>\n<\/div>\n<\/div>\n<\/div>\n","protected":false},"excerpt":{"rendered":"<h4 class=\"h2\"><span>COUTEAU PORTABLE POUR COUPES ANGULAIRES DANS TOUTES LES DIRECTIONS<\/span><\/h4>\n<p><strong><span>Fraise rotative pour coupes angulaires dans toutes les directions<\/span><\/strong><span>\u00a0, structure robuste et compacte en\u00a0<\/span><strong><span>acier galvanis\u00e9<\/span><\/strong><span>\u00a0et inclinaison manuelle du pont pour des coupes inclin\u00e9es de 90 \u00e0 45 degr\u00e9s.<\/span><\/p>\n","protected":false},"featured_media":9053,"template":"","meta":[],"product_cat":[29,571],"product_tag":[2021],"class_list":{"0":"post-9051","1":"product","2":"type-product","3":"status-publish","4":"has-post-thumbnail","6":"product_cat-quincaillerie","7":"product_cat-outils-de-coupe","8":"product_tag-cutter-tag-pour-materiaux-de-construction","9":"product_brand-achilli","11":"first","12":"instock","13":"shipping-taxable","14":"product-type-simple","15":"col-xs-6 col-sm-4","16":"col-md-3 col-lg-3","17":"un-4-cols"},"yoast_head":"<!-- This site is optimized with the Yoast SEO plugin v22.5 - https:\/\/yoast.com\/wordpress\/plugins\/seo\/ -->\n<title>CUTTER TAG POUR MAT\u00c9RIAUX DE CONSTRUCTION - EURL HOSNA KAMEL<\/title>\n<meta name=\"description\" content=\"CUTTER TAG POUR MAT\u00c9RIAUX DE CONSTRUCTION - EURL HOSNA KAMEL\" \/>\n<meta name=\"robots\" content=\"index, follow, max-snippet:-1, max-image-preview:large, max-video-preview:-1\" \/>\n<link rel=\"canonical\" href=\"https:\/\/eurlhosnakamel.dz\/dz\/produit\/cutter-tag-pour-materiaux-de-construction\/\" \/>\n<meta property=\"og:locale\" content=\"fr_FR\" \/>\n<meta property=\"og:type\" content=\"article\" \/>\n<meta property=\"og:title\" content=\"CUTTER TAG POUR MAT\u00c9RIAUX DE CONSTRUCTION - EURL HOSNA KAMEL\" \/>\n<meta property=\"og:description\" content=\"CUTTER TAG POUR MAT\u00c9RIAUX DE CONSTRUCTION - EURL HOSNA KAMEL\" \/>\n<meta property=\"og:url\" content=\"https:\/\/eurlhosnakamel.dz\/dz\/produit\/cutter-tag-pour-materiaux-de-construction\/\" \/>\n<meta property=\"og:site_name\" content=\"EURL HOSNA KAMEL\" \/>\n<meta property=\"article:publisher\" content=\"https:\/\/www.facebook.com\/Eurl.Hosna.DZ\/\" \/>\n<meta property=\"article:modified_time\" content=\"2020-04-28T13:53:31+00:00\" \/>\n<meta property=\"og:image\" content=\"https:\/\/eurlhosnakamel.dz\/dz\/wp-content\/uploads\/2020\/04\/CUTTER-TAG-POUR-MAT\u00c9RIAUX-DE-CONSTRUCTION-eurl-hosna-kamel-algerie.jpg\" \/>\n\t<meta property=\"og:image:width\" content=\"512\" \/>\n\t<meta property=\"og:image:height\" content=\"512\" \/>\n\t<meta property=\"og:image:type\" content=\"image\/jpeg\" \/>\n<meta name=\"twitter:card\" content=\"summary_large_image\" \/>\n<script type=\"application\/ld+json\" class=\"yoast-schema-graph\">{\"@context\":\"https:\/\/schema.org\",\"@graph\":[{\"@type\":\"WebPage\",\"@id\":\"https:\/\/eurlhosnakamel.dz\/dz\/produit\/cutter-tag-pour-materiaux-de-construction\/\",\"url\":\"https:\/\/eurlhosnakamel.dz\/dz\/produit\/cutter-tag-pour-materiaux-de-construction\/\",\"name\":\"CUTTER TAG POUR MAT\u00c9RIAUX DE CONSTRUCTION - EURL HOSNA KAMEL\",\"isPartOf\":{\"@id\":\"https:\/\/eurlhosnakamel.dz\/dz\/#website\"},\"primaryImageOfPage\":{\"@id\":\"https:\/\/eurlhosnakamel.dz\/dz\/produit\/cutter-tag-pour-materiaux-de-construction\/#primaryimage\"},\"image\":{\"@id\":\"https:\/\/eurlhosnakamel.dz\/dz\/produit\/cutter-tag-pour-materiaux-de-construction\/#primaryimage\"},\"thumbnailUrl\":\"https:\/\/eurlhosnakamel.dz\/dz\/wp-content\/uploads\/2020\/04\/CUTTER-TAG-POUR-MAT\u00c9RIAUX-DE-CONSTRUCTION-eurl-hosna-kamel-algerie.jpg\",\"datePublished\":\"2020-04-28T13:51:05+00:00\",\"dateModified\":\"2020-04-28T13:53:31+00:00\",\"description\":\"CUTTER TAG POUR MAT\u00c9RIAUX DE CONSTRUCTION - EURL HOSNA KAMEL\",\"breadcrumb\":{\"@id\":\"https:\/\/eurlhosnakamel.dz\/dz\/produit\/cutter-tag-pour-materiaux-de-construction\/#breadcrumb\"},\"inLanguage\":\"fr-FR\",\"potentialAction\":[{\"@type\":\"ReadAction\",\"target\":[\"https:\/\/eurlhosnakamel.dz\/dz\/produit\/cutter-tag-pour-materiaux-de-construction\/\"]}]},{\"@type\":\"ImageObject\",\"inLanguage\":\"fr-FR\",\"@id\":\"https:\/\/eurlhosnakamel.dz\/dz\/produit\/cutter-tag-pour-materiaux-de-construction\/#primaryimage\",\"url\":\"https:\/\/eurlhosnakamel.dz\/dz\/wp-content\/uploads\/2020\/04\/CUTTER-TAG-POUR-MAT\u00c9RIAUX-DE-CONSTRUCTION-eurl-hosna-kamel-algerie.jpg\",\"contentUrl\":\"https:\/\/eurlhosnakamel.dz\/dz\/wp-content\/uploads\/2020\/04\/CUTTER-TAG-POUR-MAT\u00c9RIAUX-DE-CONSTRUCTION-eurl-hosna-kamel-algerie.jpg\",\"width\":512,\"height\":512},{\"@type\":\"BreadcrumbList\",\"@id\":\"https:\/\/eurlhosnakamel.dz\/dz\/produit\/cutter-tag-pour-materiaux-de-construction\/#breadcrumb\",\"itemListElement\":[{\"@type\":\"ListItem\",\"position\":1,\"name\":\"Accueil\",\"item\":\"https:\/\/eurlhosnakamel.dz\/dz\/\"},{\"@type\":\"ListItem\",\"position\":2,\"name\":\"Shop\",\"item\":\"https:\/\/eurlhosnakamel.dz\/dz\/shop\/\"},{\"@type\":\"ListItem\",\"position\":3,\"name\":\"CUTTER TAG POUR MAT\u00c9RIAUX DE CONSTRUCTION\"}]},{\"@type\":\"WebSite\",\"@id\":\"https:\/\/eurlhosnakamel.dz\/dz\/#website\",\"url\":\"https:\/\/eurlhosnakamel.dz\/dz\/\",\"name\":\"EURL HOSNA KAMEL\",\"description\":\"Fournisseur Premium d&#039;Outillages Professionnels en Alg\u00e9rie -\",\"publisher\":{\"@id\":\"https:\/\/eurlhosnakamel.dz\/dz\/#organization\"},\"potentialAction\":[{\"@type\":\"SearchAction\",\"target\":{\"@type\":\"EntryPoint\",\"urlTemplate\":\"https:\/\/eurlhosnakamel.dz\/dz\/?s={search_term_string}\"},\"query-input\":\"required name=search_term_string\"}],\"inLanguage\":\"fr-FR\"},{\"@type\":\"Organization\",\"@id\":\"https:\/\/eurlhosnakamel.dz\/dz\/#organization\",\"name\":\"EURL HOSNA KAMEL - Bosch alg\u00e9rie\",\"url\":\"https:\/\/eurlhosnakamel.dz\/dz\/\",\"logo\":{\"@type\":\"ImageObject\",\"inLanguage\":\"fr-FR\",\"@id\":\"https:\/\/eurlhosnakamel.dz\/dz\/#\/schema\/logo\/image\/\",\"url\":\"https:\/\/eurlhosnakamel.dz\/wp-content\/uploads\/2020\/04\/LOGO-HOSNA1.png\",\"contentUrl\":\"https:\/\/eurlhosnakamel.dz\/wp-content\/uploads\/2020\/04\/LOGO-HOSNA1.png\",\"width\":120,\"height\":127,\"caption\":\"EURL HOSNA KAMEL - Bosch alg\u00e9rie\"},\"image\":{\"@id\":\"https:\/\/eurlhosnakamel.dz\/dz\/#\/schema\/logo\/image\/\"},\"sameAs\":[\"https:\/\/www.facebook.com\/Eurl.Hosna.DZ\/\"]}]}<\/script>\n<!-- \/ Yoast SEO plugin. -->","yoast_head_json":{"title":"CUTTER TAG POUR MAT\u00c9RIAUX DE CONSTRUCTION - EURL HOSNA KAMEL","description":"CUTTER TAG POUR MAT\u00c9RIAUX DE CONSTRUCTION - EURL HOSNA KAMEL","robots":{"index":"index","follow":"follow","max-snippet":"max-snippet:-1","max-image-preview":"max-image-preview:large","max-video-preview":"max-video-preview:-1"},"canonical":"https:\/\/eurlhosnakamel.dz\/dz\/produit\/cutter-tag-pour-materiaux-de-construction\/","og_locale":"fr_FR","og_type":"article","og_title":"CUTTER TAG POUR MAT\u00c9RIAUX DE CONSTRUCTION - EURL HOSNA KAMEL","og_description":"CUTTER TAG POUR MAT\u00c9RIAUX DE CONSTRUCTION - EURL HOSNA KAMEL","og_url":"https:\/\/eurlhosnakamel.dz\/dz\/produit\/cutter-tag-pour-materiaux-de-construction\/","og_site_name":"EURL HOSNA KAMEL","article_publisher":"https:\/\/www.facebook.com\/Eurl.Hosna.DZ\/","article_modified_time":"2020-04-28T13:53:31+00:00","og_image":[{"width":512,"height":512,"url":"https:\/\/eurlhosnakamel.dz\/dz\/wp-content\/uploads\/2020\/04\/CUTTER-TAG-POUR-MAT\u00c9RIAUX-DE-CONSTRUCTION-eurl-hosna-kamel-algerie.jpg","type":"image\/jpeg"}],"twitter_card":"summary_large_image","schema":{"@context":"https:\/\/schema.org","@graph":[{"@type":"WebPage","@id":"https:\/\/eurlhosnakamel.dz\/dz\/produit\/cutter-tag-pour-materiaux-de-construction\/","url":"https:\/\/eurlhosnakamel.dz\/dz\/produit\/cutter-tag-pour-materiaux-de-construction\/","name":"CUTTER TAG POUR MAT\u00c9RIAUX DE CONSTRUCTION - EURL HOSNA KAMEL","isPartOf":{"@id":"https:\/\/eurlhosnakamel.dz\/dz\/#website"},"primaryImageOfPage":{"@id":"https:\/\/eurlhosnakamel.dz\/dz\/produit\/cutter-tag-pour-materiaux-de-construction\/#primaryimage"},"image":{"@id":"https:\/\/eurlhosnakamel.dz\/dz\/produit\/cutter-tag-pour-materiaux-de-construction\/#primaryimage"},"thumbnailUrl":"https:\/\/eurlhosnakamel.dz\/dz\/wp-content\/uploads\/2020\/04\/CUTTER-TAG-POUR-MAT\u00c9RIAUX-DE-CONSTRUCTION-eurl-hosna-kamel-algerie.jpg","datePublished":"2020-04-28T13:51:05+00:00","dateModified":"2020-04-28T13:53:31+00:00","description":"CUTTER TAG POUR MAT\u00c9RIAUX DE CONSTRUCTION - EURL HOSNA KAMEL","breadcrumb":{"@id":"https:\/\/eurlhosnakamel.dz\/dz\/produit\/cutter-tag-pour-materiaux-de-construction\/#breadcrumb"},"inLanguage":"fr-FR","potentialAction":[{"@type":"ReadAction","target":["https:\/\/eurlhosnakamel.dz\/dz\/produit\/cutter-tag-pour-materiaux-de-construction\/"]}]},{"@type":"ImageObject","inLanguage":"fr-FR","@id":"https:\/\/eurlhosnakamel.dz\/dz\/produit\/cutter-tag-pour-materiaux-de-construction\/#primaryimage","url":"https:\/\/eurlhosnakamel.dz\/dz\/wp-content\/uploads\/2020\/04\/CUTTER-TAG-POUR-MAT\u00c9RIAUX-DE-CONSTRUCTION-eurl-hosna-kamel-algerie.jpg","contentUrl":"https:\/\/eurlhosnakamel.dz\/dz\/wp-content\/uploads\/2020\/04\/CUTTER-TAG-POUR-MAT\u00c9RIAUX-DE-CONSTRUCTION-eurl-hosna-kamel-algerie.jpg","width":512,"height":512},{"@type":"BreadcrumbList","@id":"https:\/\/eurlhosnakamel.dz\/dz\/produit\/cutter-tag-pour-materiaux-de-construction\/#breadcrumb","itemListElement":[{"@type":"ListItem","position":1,"name":"Accueil","item":"https:\/\/eurlhosnakamel.dz\/dz\/"},{"@type":"ListItem","position":2,"name":"Shop","item":"https:\/\/eurlhosnakamel.dz\/dz\/shop\/"},{"@type":"ListItem","position":3,"name":"CUTTER TAG POUR MAT\u00c9RIAUX DE CONSTRUCTION"}]},{"@type":"WebSite","@id":"https:\/\/eurlhosnakamel.dz\/dz\/#website","url":"https:\/\/eurlhosnakamel.dz\/dz\/","name":"EURL HOSNA KAMEL","description":"Fournisseur Premium d&#039;Outillages Professionnels en Alg\u00e9rie -","publisher":{"@id":"https:\/\/eurlhosnakamel.dz\/dz\/#organization"},"potentialAction":[{"@type":"SearchAction","target":{"@type":"EntryPoint","urlTemplate":"https:\/\/eurlhosnakamel.dz\/dz\/?s={search_term_string}"},"query-input":"required name=search_term_string"}],"inLanguage":"fr-FR"},{"@type":"Organization","@id":"https:\/\/eurlhosnakamel.dz\/dz\/#organization","name":"EURL HOSNA KAMEL - Bosch alg\u00e9rie","url":"https:\/\/eurlhosnakamel.dz\/dz\/","logo":{"@type":"ImageObject","inLanguage":"fr-FR","@id":"https:\/\/eurlhosnakamel.dz\/dz\/#\/schema\/logo\/image\/","url":"https:\/\/eurlhosnakamel.dz\/wp-content\/uploads\/2020\/04\/LOGO-HOSNA1.png","contentUrl":"https:\/\/eurlhosnakamel.dz\/wp-content\/uploads\/2020\/04\/LOGO-HOSNA1.png","width":120,"height":127,"caption":"EURL HOSNA KAMEL - Bosch alg\u00e9rie"},"image":{"@id":"https:\/\/eurlhosnakamel.dz\/dz\/#\/schema\/logo\/image\/"},"sameAs":["https:\/\/www.facebook.com\/Eurl.Hosna.DZ\/"]}]}},"_links":{"self":[{"href":"https:\/\/eurlhosnakamel.dz\/dz\/wp-json\/wp\/v2\/product\/9051","targetHints":{"allow":["GET"]}}],"collection":[{"href":"https:\/\/eurlhosnakamel.dz\/dz\/wp-json\/wp\/v2\/product"}],"about":[{"href":"https:\/\/eurlhosnakamel.dz\/dz\/wp-json\/wp\/v2\/types\/product"}],"wp:featuredmedia":[{"embeddable":true,"href":"https:\/\/eurlhosnakamel.dz\/dz\/wp-json\/wp\/v2\/media\/9053"}],"wp:attachment":[{"href":"https:\/\/eurlhosnakamel.dz\/dz\/wp-json\/wp\/v2\/media?parent=9051"}],"wp:term":[{"taxonomy":"product_cat","embeddable":true,"href":"https:\/\/eurlhosnakamel.dz\/dz\/wp-json\/wp\/v2\/product_cat?post=9051"},{"taxonomy":"product_tag","embeddable":true,"href":"https:\/\/eurlhosnakamel.dz\/dz\/wp-json\/wp\/v2\/product_tag?post=9051"}],"curies":[{"name":"wp","href":"https:\/\/api.w.org\/{rel}","templated":true}]}}