{"id":9083,"date":"2020-04-28T15:20:39","date_gmt":"2020-04-28T15:20:39","guid":{"rendered":"https:\/\/lhchosting.com\/hosna\/?post_type=product&#038;p=9083"},"modified":"2020-04-28T15:23:30","modified_gmt":"2020-04-28T15:23:30","slug":"scie-a-avance-manuelle-afr-m","status":"publish","type":"product","link":"https:\/\/eurlhosnakamel.dz\/dz\/produit\/scie-a-avance-manuelle-afr-m\/","title":{"rendered":"SCIE \u00c0 AVANCE MANUELLE AFR-M"},"content":{"rendered":"<div class=\"col-xs-12 col-sm-6 xs-vrythm\">\n<h4 class=\"prodotto__section-title\"><strong>AVANTAGES<\/strong><\/h4>\n<div class=\"typography\">\n<p><span>AFR-M est une scie \u00e0 pont fixe robuste et compacte pour couper des carreaux et des dalles jusqu&#8217;\u00e0 1300 mm de longueur:<\/span><\/p>\n<ul>\n<li><span>Conception de poutre particuli\u00e8re pour\u00a0<\/span><strong><span>\u00a0une pr\u00e9cision de coupe maximale<\/span><\/strong><span>\u00a0;<\/span><\/li>\n<li><strong><span>R\u00e9servoir de collecte avec<\/span><\/strong><span>\u00a0\u00a0syst\u00e8me de\u00a0<strong>recirculation d&#8217;<\/strong>\u00a0eau int\u00e9gr\u00e9 pour le refroidissement du disque;<\/span><\/li>\n<li><strong><span>Structure robuste et compacte<\/span><\/strong><span>\u00a0.<\/span><\/li>\n<\/ul>\n<\/div>\n<\/div>\n<div class=\"col-xs-12 col-sm-6 xs-vrythm\">\n<h4 class=\"prodotto__section-title\"><span>DONN\u00c9ES TECHNIQUES<\/span><\/h4>\n<div class=\"typography\">\n<div class=\"table-responsive\">\n<table class=\"table\">\n<tbody>\n<tr>\n<td><\/td>\n<td><span>AFR-M<\/span><\/td>\n<td><span>AFR-M HT<\/span><\/td>\n<\/tr>\n<tr>\n<td><span>Coupe utile<\/span><\/td>\n<td><span>800-1000-1300 mm<\/span><\/td>\n<td><span>800-1000-1300 mm<\/span><\/td>\n<\/tr>\n<tr>\n<td><span>Diam\u00e8tre du disque diamant<\/span><\/td>\n<td><span>250-300-350 mm<\/span><\/td>\n<td><span>400-450-500 mm<\/span><\/td>\n<\/tr>\n<tr>\n<td><span>Trou de disque de diamant<\/span><\/td>\n<td><span>25,4 mm<\/span><\/td>\n<td><span>25,4 mm<\/span><\/td>\n<\/tr>\n<tr>\n<td><span>Puissance moteur<\/span><\/td>\n<td><span>2,2 kW = 3 HP 1ph.\u00a0\/ 3Kw = 4HP 3ph.<\/span><\/td>\n<td><span>4kW = 5,5 CV 3ph.<\/span><\/td>\n<\/tr>\n<tr>\n<td><span>Vitesse de rotation du moteur<\/span><\/td>\n<td><span>2800 tr \/ min 50 Hz &#8211; 3400 tr \/ min 60 Hz<\/span><\/td>\n<td><span>1400 tr \/ min \u00e0 50 Hz &#8211; 1700 tr \/ min \u00e0 60 Hz<\/span><\/td>\n<\/tr>\n<tr>\n<td><span>Tension \/ fr\u00e9quence standard<\/span><\/td>\n<td><span>230V-50 \/ 60Hz \/ 400V-50 \/ 60Hz<\/span><\/td>\n<td><span>230 \/ 400V-50 \/ 60Hz<\/span><\/td>\n<\/tr>\n<\/tbody>\n<\/table>\n<\/div>\n<\/div>\n<\/div>\n","protected":false},"excerpt":{"rendered":"<h4 class=\"h2\"><span>SCIE \u00c0 PONT FIXE POUR DALLES DE MARBRE ET GRANIT<\/span><\/h4>\n<p><span>Scie\u00a0<strong>\u00e0 pont fixe manuelle<\/strong>\u00a0essentielle, compacte et\u00a0<\/span><strong><span>robuste pour couper la pierre, le marbre et le granit<\/span><\/strong><span>\u00a0.\u00a0\u00c9quip\u00e9 d&#8217;un pont basculant et d&#8217;un r\u00e9servoir pour recueillir l&#8217;eau avec une pompe de recirculation int\u00e9gr\u00e9e, il convient pour une utilisation sur les chantiers de construction et dans les petits ateliers.<\/span><\/p>\n","protected":false},"featured_media":9085,"template":"","meta":[],"product_cat":[29,571],"product_tag":[2027],"class_list":{"0":"post-9083","1":"product","2":"type-product","3":"status-publish","4":"has-post-thumbnail","6":"product_cat-quincaillerie","7":"product_cat-outils-de-coupe","8":"product_tag-scie-a-avance-manuelle-afr-m","9":"product_brand-achilli","11":"first","12":"instock","13":"shipping-taxable","14":"product-type-simple","15":"col-xs-6 col-sm-4","16":"col-md-3 col-lg-3","17":"un-4-cols"},"yoast_head":"<!-- This site is optimized with the Yoast SEO plugin v22.5 - https:\/\/yoast.com\/wordpress\/plugins\/seo\/ -->\n<title>SCIE \u00c0 AVANCE MANUELLE AFR-M - EURL HOSNA KAMEL<\/title>\n<meta name=\"description\" content=\"SCIE \u00c0 AVANCE MANUELLE AFR-M - EURL HOSNA KAMEL\" \/>\n<meta name=\"robots\" content=\"index, follow, max-snippet:-1, max-image-preview:large, max-video-preview:-1\" \/>\n<link rel=\"canonical\" href=\"https:\/\/eurlhosnakamel.dz\/dz\/produit\/scie-a-avance-manuelle-afr-m\/\" \/>\n<meta property=\"og:locale\" content=\"fr_FR\" \/>\n<meta property=\"og:type\" content=\"article\" \/>\n<meta property=\"og:title\" content=\"SCIE \u00c0 AVANCE MANUELLE AFR-M - EURL HOSNA KAMEL\" \/>\n<meta property=\"og:description\" content=\"SCIE \u00c0 AVANCE MANUELLE AFR-M - EURL HOSNA KAMEL\" \/>\n<meta property=\"og:url\" content=\"https:\/\/eurlhosnakamel.dz\/dz\/produit\/scie-a-avance-manuelle-afr-m\/\" \/>\n<meta property=\"og:site_name\" content=\"EURL HOSNA KAMEL\" \/>\n<meta property=\"article:publisher\" content=\"https:\/\/www.facebook.com\/Eurl.Hosna.DZ\/\" \/>\n<meta property=\"article:modified_time\" content=\"2020-04-28T15:23:30+00:00\" \/>\n<meta property=\"og:image\" content=\"https:\/\/eurlhosnakamel.dz\/dz\/wp-content\/uploads\/2020\/04\/SCIE-\u00c0-AVANCE-MANUELLE-AFR-M-eurl-hosna-kamel-algerie.jpg\" \/>\n\t<meta property=\"og:image:width\" content=\"512\" \/>\n\t<meta property=\"og:image:height\" content=\"512\" \/>\n\t<meta property=\"og:image:type\" content=\"image\/jpeg\" \/>\n<meta name=\"twitter:card\" content=\"summary_large_image\" \/>\n<meta name=\"twitter:label1\" content=\"Dur\u00e9e de lecture estim\u00e9e\" \/>\n\t<meta name=\"twitter:data1\" content=\"1 minute\" \/>\n<script type=\"application\/ld+json\" class=\"yoast-schema-graph\">{\"@context\":\"https:\/\/schema.org\",\"@graph\":[{\"@type\":\"WebPage\",\"@id\":\"https:\/\/eurlhosnakamel.dz\/dz\/produit\/scie-a-avance-manuelle-afr-m\/\",\"url\":\"https:\/\/eurlhosnakamel.dz\/dz\/produit\/scie-a-avance-manuelle-afr-m\/\",\"name\":\"SCIE \u00c0 AVANCE MANUELLE AFR-M - EURL HOSNA KAMEL\",\"isPartOf\":{\"@id\":\"https:\/\/eurlhosnakamel.dz\/dz\/#website\"},\"primaryImageOfPage\":{\"@id\":\"https:\/\/eurlhosnakamel.dz\/dz\/produit\/scie-a-avance-manuelle-afr-m\/#primaryimage\"},\"image\":{\"@id\":\"https:\/\/eurlhosnakamel.dz\/dz\/produit\/scie-a-avance-manuelle-afr-m\/#primaryimage\"},\"thumbnailUrl\":\"https:\/\/eurlhosnakamel.dz\/dz\/wp-content\/uploads\/2020\/04\/SCIE-\u00c0-AVANCE-MANUELLE-AFR-M-eurl-hosna-kamel-algerie.jpg\",\"datePublished\":\"2020-04-28T15:20:39+00:00\",\"dateModified\":\"2020-04-28T15:23:30+00:00\",\"description\":\"SCIE \u00c0 AVANCE MANUELLE AFR-M - EURL HOSNA KAMEL\",\"breadcrumb\":{\"@id\":\"https:\/\/eurlhosnakamel.dz\/dz\/produit\/scie-a-avance-manuelle-afr-m\/#breadcrumb\"},\"inLanguage\":\"fr-FR\",\"potentialAction\":[{\"@type\":\"ReadAction\",\"target\":[\"https:\/\/eurlhosnakamel.dz\/dz\/produit\/scie-a-avance-manuelle-afr-m\/\"]}]},{\"@type\":\"ImageObject\",\"inLanguage\":\"fr-FR\",\"@id\":\"https:\/\/eurlhosnakamel.dz\/dz\/produit\/scie-a-avance-manuelle-afr-m\/#primaryimage\",\"url\":\"https:\/\/eurlhosnakamel.dz\/dz\/wp-content\/uploads\/2020\/04\/SCIE-\u00c0-AVANCE-MANUELLE-AFR-M-eurl-hosna-kamel-algerie.jpg\",\"contentUrl\":\"https:\/\/eurlhosnakamel.dz\/dz\/wp-content\/uploads\/2020\/04\/SCIE-\u00c0-AVANCE-MANUELLE-AFR-M-eurl-hosna-kamel-algerie.jpg\",\"width\":512,\"height\":512},{\"@type\":\"BreadcrumbList\",\"@id\":\"https:\/\/eurlhosnakamel.dz\/dz\/produit\/scie-a-avance-manuelle-afr-m\/#breadcrumb\",\"itemListElement\":[{\"@type\":\"ListItem\",\"position\":1,\"name\":\"Accueil\",\"item\":\"https:\/\/eurlhosnakamel.dz\/dz\/\"},{\"@type\":\"ListItem\",\"position\":2,\"name\":\"Shop\",\"item\":\"https:\/\/eurlhosnakamel.dz\/dz\/shop\/\"},{\"@type\":\"ListItem\",\"position\":3,\"name\":\"SCIE \u00c0 AVANCE MANUELLE AFR-M\"}]},{\"@type\":\"WebSite\",\"@id\":\"https:\/\/eurlhosnakamel.dz\/dz\/#website\",\"url\":\"https:\/\/eurlhosnakamel.dz\/dz\/\",\"name\":\"EURL HOSNA KAMEL\",\"description\":\"Fournisseur Premium d&#039;Outillages Professionnels en Alg\u00e9rie -\",\"publisher\":{\"@id\":\"https:\/\/eurlhosnakamel.dz\/dz\/#organization\"},\"potentialAction\":[{\"@type\":\"SearchAction\",\"target\":{\"@type\":\"EntryPoint\",\"urlTemplate\":\"https:\/\/eurlhosnakamel.dz\/dz\/?s={search_term_string}\"},\"query-input\":\"required name=search_term_string\"}],\"inLanguage\":\"fr-FR\"},{\"@type\":\"Organization\",\"@id\":\"https:\/\/eurlhosnakamel.dz\/dz\/#organization\",\"name\":\"EURL HOSNA KAMEL - Bosch alg\u00e9rie\",\"url\":\"https:\/\/eurlhosnakamel.dz\/dz\/\",\"logo\":{\"@type\":\"ImageObject\",\"inLanguage\":\"fr-FR\",\"@id\":\"https:\/\/eurlhosnakamel.dz\/dz\/#\/schema\/logo\/image\/\",\"url\":\"https:\/\/eurlhosnakamel.dz\/wp-content\/uploads\/2020\/04\/LOGO-HOSNA1.png\",\"contentUrl\":\"https:\/\/eurlhosnakamel.dz\/wp-content\/uploads\/2020\/04\/LOGO-HOSNA1.png\",\"width\":120,\"height\":127,\"caption\":\"EURL HOSNA KAMEL - Bosch alg\u00e9rie\"},\"image\":{\"@id\":\"https:\/\/eurlhosnakamel.dz\/dz\/#\/schema\/logo\/image\/\"},\"sameAs\":[\"https:\/\/www.facebook.com\/Eurl.Hosna.DZ\/\"]}]}<\/script>\n<!-- \/ Yoast SEO plugin. -->","yoast_head_json":{"title":"SCIE \u00c0 AVANCE MANUELLE AFR-M - EURL HOSNA KAMEL","description":"SCIE \u00c0 AVANCE MANUELLE AFR-M - EURL HOSNA KAMEL","robots":{"index":"index","follow":"follow","max-snippet":"max-snippet:-1","max-image-preview":"max-image-preview:large","max-video-preview":"max-video-preview:-1"},"canonical":"https:\/\/eurlhosnakamel.dz\/dz\/produit\/scie-a-avance-manuelle-afr-m\/","og_locale":"fr_FR","og_type":"article","og_title":"SCIE \u00c0 AVANCE MANUELLE AFR-M - EURL HOSNA KAMEL","og_description":"SCIE \u00c0 AVANCE MANUELLE AFR-M - EURL HOSNA KAMEL","og_url":"https:\/\/eurlhosnakamel.dz\/dz\/produit\/scie-a-avance-manuelle-afr-m\/","og_site_name":"EURL HOSNA KAMEL","article_publisher":"https:\/\/www.facebook.com\/Eurl.Hosna.DZ\/","article_modified_time":"2020-04-28T15:23:30+00:00","og_image":[{"width":512,"height":512,"url":"https:\/\/eurlhosnakamel.dz\/dz\/wp-content\/uploads\/2020\/04\/SCIE-\u00c0-AVANCE-MANUELLE-AFR-M-eurl-hosna-kamel-algerie.jpg","type":"image\/jpeg"}],"twitter_card":"summary_large_image","twitter_misc":{"Dur\u00e9e de lecture estim\u00e9e":"1 minute"},"schema":{"@context":"https:\/\/schema.org","@graph":[{"@type":"WebPage","@id":"https:\/\/eurlhosnakamel.dz\/dz\/produit\/scie-a-avance-manuelle-afr-m\/","url":"https:\/\/eurlhosnakamel.dz\/dz\/produit\/scie-a-avance-manuelle-afr-m\/","name":"SCIE \u00c0 AVANCE MANUELLE AFR-M - EURL HOSNA KAMEL","isPartOf":{"@id":"https:\/\/eurlhosnakamel.dz\/dz\/#website"},"primaryImageOfPage":{"@id":"https:\/\/eurlhosnakamel.dz\/dz\/produit\/scie-a-avance-manuelle-afr-m\/#primaryimage"},"image":{"@id":"https:\/\/eurlhosnakamel.dz\/dz\/produit\/scie-a-avance-manuelle-afr-m\/#primaryimage"},"thumbnailUrl":"https:\/\/eurlhosnakamel.dz\/dz\/wp-content\/uploads\/2020\/04\/SCIE-\u00c0-AVANCE-MANUELLE-AFR-M-eurl-hosna-kamel-algerie.jpg","datePublished":"2020-04-28T15:20:39+00:00","dateModified":"2020-04-28T15:23:30+00:00","description":"SCIE \u00c0 AVANCE MANUELLE AFR-M - EURL HOSNA KAMEL","breadcrumb":{"@id":"https:\/\/eurlhosnakamel.dz\/dz\/produit\/scie-a-avance-manuelle-afr-m\/#breadcrumb"},"inLanguage":"fr-FR","potentialAction":[{"@type":"ReadAction","target":["https:\/\/eurlhosnakamel.dz\/dz\/produit\/scie-a-avance-manuelle-afr-m\/"]}]},{"@type":"ImageObject","inLanguage":"fr-FR","@id":"https:\/\/eurlhosnakamel.dz\/dz\/produit\/scie-a-avance-manuelle-afr-m\/#primaryimage","url":"https:\/\/eurlhosnakamel.dz\/dz\/wp-content\/uploads\/2020\/04\/SCIE-\u00c0-AVANCE-MANUELLE-AFR-M-eurl-hosna-kamel-algerie.jpg","contentUrl":"https:\/\/eurlhosnakamel.dz\/dz\/wp-content\/uploads\/2020\/04\/SCIE-\u00c0-AVANCE-MANUELLE-AFR-M-eurl-hosna-kamel-algerie.jpg","width":512,"height":512},{"@type":"BreadcrumbList","@id":"https:\/\/eurlhosnakamel.dz\/dz\/produit\/scie-a-avance-manuelle-afr-m\/#breadcrumb","itemListElement":[{"@type":"ListItem","position":1,"name":"Accueil","item":"https:\/\/eurlhosnakamel.dz\/dz\/"},{"@type":"ListItem","position":2,"name":"Shop","item":"https:\/\/eurlhosnakamel.dz\/dz\/shop\/"},{"@type":"ListItem","position":3,"name":"SCIE \u00c0 AVANCE MANUELLE AFR-M"}]},{"@type":"WebSite","@id":"https:\/\/eurlhosnakamel.dz\/dz\/#website","url":"https:\/\/eurlhosnakamel.dz\/dz\/","name":"EURL HOSNA KAMEL","description":"Fournisseur Premium d&#039;Outillages Professionnels en Alg\u00e9rie -","publisher":{"@id":"https:\/\/eurlhosnakamel.dz\/dz\/#organization"},"potentialAction":[{"@type":"SearchAction","target":{"@type":"EntryPoint","urlTemplate":"https:\/\/eurlhosnakamel.dz\/dz\/?s={search_term_string}"},"query-input":"required name=search_term_string"}],"inLanguage":"fr-FR"},{"@type":"Organization","@id":"https:\/\/eurlhosnakamel.dz\/dz\/#organization","name":"EURL HOSNA KAMEL - Bosch alg\u00e9rie","url":"https:\/\/eurlhosnakamel.dz\/dz\/","logo":{"@type":"ImageObject","inLanguage":"fr-FR","@id":"https:\/\/eurlhosnakamel.dz\/dz\/#\/schema\/logo\/image\/","url":"https:\/\/eurlhosnakamel.dz\/wp-content\/uploads\/2020\/04\/LOGO-HOSNA1.png","contentUrl":"https:\/\/eurlhosnakamel.dz\/wp-content\/uploads\/2020\/04\/LOGO-HOSNA1.png","width":120,"height":127,"caption":"EURL HOSNA KAMEL - Bosch alg\u00e9rie"},"image":{"@id":"https:\/\/eurlhosnakamel.dz\/dz\/#\/schema\/logo\/image\/"},"sameAs":["https:\/\/www.facebook.com\/Eurl.Hosna.DZ\/"]}]}},"_links":{"self":[{"href":"https:\/\/eurlhosnakamel.dz\/dz\/wp-json\/wp\/v2\/product\/9083","targetHints":{"allow":["GET"]}}],"collection":[{"href":"https:\/\/eurlhosnakamel.dz\/dz\/wp-json\/wp\/v2\/product"}],"about":[{"href":"https:\/\/eurlhosnakamel.dz\/dz\/wp-json\/wp\/v2\/types\/product"}],"wp:featuredmedia":[{"embeddable":true,"href":"https:\/\/eurlhosnakamel.dz\/dz\/wp-json\/wp\/v2\/media\/9085"}],"wp:attachment":[{"href":"https:\/\/eurlhosnakamel.dz\/dz\/wp-json\/wp\/v2\/media?parent=9083"}],"wp:term":[{"taxonomy":"product_cat","embeddable":true,"href":"https:\/\/eurlhosnakamel.dz\/dz\/wp-json\/wp\/v2\/product_cat?post=9083"},{"taxonomy":"product_tag","embeddable":true,"href":"https:\/\/eurlhosnakamel.dz\/dz\/wp-json\/wp\/v2\/product_tag?post=9083"}],"curies":[{"name":"wp","href":"https:\/\/api.w.org\/{rel}","templated":true}]}}