{"id":9149,"date":"2020-04-29T09:08:21","date_gmt":"2020-04-29T09:08:21","guid":{"rendered":"https:\/\/lhchosting.com\/hosna\/?post_type=product&#038;p=9149"},"modified":"2021-12-19T08:53:47","modified_gmt":"2021-12-19T08:53:47","slug":"bosch-lame-scie-egoine-jeux-5pcs-s1122hf-225mm-mult-mat-6021","status":"publish","type":"product","link":"https:\/\/eurlhosnakamel.dz\/dz\/produit\/bosch-lame-scie-egoine-jeux-5pcs-s1122hf-225mm-mult-mat-6021\/","title":{"rendered":"Lames pour scie sabre Multi-Mat\u00e9riaux S 1122 HF 175mm (5 Pi\u00e8ces)"},"content":{"rendered":"<h2 class=\"headline hl1\" style=\"text-align: justify\">Points forts des produits<\/h2>\n<div class=\"row\">\n<div class=\"col-md-6 xs-mb-30 lg-mb-0\" style=\"text-align: justify\">\n<h3 class=\"headline hl4\">Lames de scie sabre S 1122 HF Flexible for Wood and Metal<\/h3>\n<p>Lame de scie sabre\u00a0S 1122 HF Flexible for Wood and Metal pour la r\u00e9alisation de coupes \u00e0 ras dans le bois et le m\u00e9tal<\/p>\n<ul>\n<li>\u00c9paisseur de mat\u00e9riau (0,9\u00a0mm) et longueur standard (225\u00a0mm) permettant la r\u00e9alisation des coupes \u00e0 ras<\/li>\n<li>La lame Bim\u00e9tal optimis\u00e9e pour les travaux de r\u00e9paration de palettes<\/li>\n<li>Pr\u00e9sentant une denture \u00e0 pas moyen (2,5\u00a0mm) pour la coupe des clous et agrafes utilis\u00e9s dans la construction de palettes<\/li>\n<\/ul>\n<div class=\"m-product_hightlights__description\">\n<h3 class=\"headline hl4\">Descriptions des produits<\/h3>\n<div>\n<p>La lame de scie sabre S 1122 HF Flexible for Wood and Metal permet la r\u00e9alisation de coupes \u00e0 ras dans le bois et le m\u00e9tal. L\u2019\u00e9paisseur du mat\u00e9riau (0,9 mm) et la longueur standard (225 mm) de la lame permettent la r\u00e9alisation des coupes \u00e0 ras. La combinaison Bim\u00e9tal d\u2019une lame en acier \u00e0 haute teneur en carbone (HCS) et d\u2019une denture progressive en acier \u00e0 coupe rapide (HSS) rend cette lame de scie sabre optimale pour les travaux de r\u00e9paration de palettes. Pr\u00e9sentant une denture \u00e0 pas moyen (2,5 mm) permettant de couper les clous et agrafes utilis\u00e9s dans la construction de palettes. Elle est de longueur standard de 225 mm pour une capacit\u00e9 de coupe allant jusqu\u2019\u00e0 175 mm. Pour scies sabres avec syst\u00e8mes d\u2019emmanchement universel de 1\/2 pouce.<\/p>\n<\/div>\n<\/div>\n<\/div>\n<div class=\"col-md-6\">\n<h3 class=\"headline hl4\" style=\"text-align: justify\">Fonctions<\/h3>\n<div class=\"image-row\">\n<div class=\"image-col\" style=\"text-align: justify\"><img decoding=\"async\" class=\"img-responsive  lazyloaded\" title=\"\" src=\"https:\/\/www.bosch-professional.com\/binary\/ocsmedia\/optimized\/100x100\/o42218v82_pss4103_bs.png\" alt=\"\" data-srcset=\"\n            https:\/\/www.bosch-professional.com\/binary\/ocsmedia\/optimized\/100x100\/o42218v82_pss4103_bs.png 100w,\n            https:\/\/www.bosch-professional.com\/binary\/ocsmedia\/optimized\/200x200\/o42218v82_pss4103_bs.png 200w\n          \" \/> \u00a0<img decoding=\"async\" class=\"img-responsive  lazyloaded\" title=\"\" src=\"https:\/\/www.bosch-professional.com\/binary\/ocsmedia\/optimized\/100x100\/o40543v82_pss4112.png\" alt=\"\" data-srcset=\"\n            https:\/\/www.bosch-professional.com\/binary\/ocsmedia\/optimized\/100x100\/o40543v82_pss4112.png 100w,\n            https:\/\/www.bosch-professional.com\/binary\/ocsmedia\/optimized\/200x200\/o40543v82_pss4112.png 200w\n          \" \/> \u00a0<img decoding=\"async\" class=\"img-responsive  ls-is-cached lazyloaded\" title=\"\" src=\"https:\/\/www.bosch-professional.com\/binary\/ocsmedia\/optimized\/100x100\/o98245v82_PTAC_B_LongLife_1C_110727.png\" alt=\"\" data-srcset=\"\n            https:\/\/www.bosch-professional.com\/binary\/ocsmedia\/optimized\/100x100\/o98245v82_PTAC_B_LongLife_1C_110727.png 100w,\n            https:\/\/www.bosch-professional.com\/binary\/ocsmedia\/optimized\/200x200\/o98245v82_PTAC_B_LongLife_1C_110727.png 200w\n          \" \/><\/div>\n<\/div>\n<\/div>\n<\/div>\n","protected":false},"excerpt":{"rendered":"<h4>Lame de scie sabre S 1122 HF<\/h4>\n<table class=\"m-datatable m-datatable--light\">\n<thead>\n<tr>\n<th class=\"no-sort\" data-priority=\"1\">D\u00e9tails<\/th>\n<th class=\"no-sort\" data-priority=\"1\"><\/th>\n<\/tr>\n<\/thead>\n<tbody>\n<tr class=\"\">\n<td>Pas [mm] \/ TPI<\/td>\n<td>2,5 \/ 10<\/td>\n<\/tr>\n<tr class=\"\">\n<td>Dimensions L x l x D [mm]<\/td>\n<td>225 x 19 x 0.9<\/td>\n<\/tr>\n<\/tbody>\n<\/table>\n","protected":false},"featured_media":10838,"template":"","meta":[],"product_cat":[1277,405],"product_tag":[2834],"class_list":{"0":"post-9149","1":"product","2":"type-product","3":"status-publish","4":"has-post-thumbnail","6":"product_cat-accessoires-bosch","7":"product_cat-outillage","8":"product_tag-lames-pour-scie-sabre-multi-materiaux-s-1122-hf-175mm-5-pieces","9":"product_brand-bosch-outillage","11":"first","12":"instock","13":"shipping-taxable","14":"product-type-simple","15":"col-xs-6 col-sm-4","16":"col-md-3 col-lg-3","17":"un-4-cols"},"yoast_head":"<!-- This site is optimized with the Yoast SEO plugin v22.5 - https:\/\/yoast.com\/wordpress\/plugins\/seo\/ -->\n<title>Lames pour scie sabre Multi-Mat\u00e9riaux S 1122 HF 175mm (5 Pi\u00e8ces) - EURL HOSNA KAMEL<\/title>\n<meta name=\"description\" content=\"Lames pour scie sabre Multi-Mat\u00e9riaux S 1122 HF 175mm (5 Pi\u00e8ces) - EURL HOSNA KAMEL\" \/>\n<meta name=\"robots\" content=\"index, follow, max-snippet:-1, max-image-preview:large, max-video-preview:-1\" \/>\n<link rel=\"canonical\" href=\"https:\/\/eurlhosnakamel.dz\/dz\/produit\/bosch-lame-scie-egoine-jeux-5pcs-s1122hf-225mm-mult-mat-6021\/\" \/>\n<meta property=\"og:locale\" content=\"fr_FR\" \/>\n<meta property=\"og:type\" content=\"article\" \/>\n<meta property=\"og:title\" content=\"Lames pour scie sabre Multi-Mat\u00e9riaux S 1122 HF 175mm (5 Pi\u00e8ces) - EURL HOSNA KAMEL\" \/>\n<meta property=\"og:description\" content=\"Lames pour scie sabre Multi-Mat\u00e9riaux S 1122 HF 175mm (5 Pi\u00e8ces) - EURL HOSNA KAMEL\" \/>\n<meta property=\"og:url\" content=\"https:\/\/eurlhosnakamel.dz\/dz\/produit\/bosch-lame-scie-egoine-jeux-5pcs-s1122hf-225mm-mult-mat-6021\/\" \/>\n<meta property=\"og:site_name\" content=\"EURL HOSNA KAMEL\" \/>\n<meta property=\"article:publisher\" content=\"https:\/\/www.facebook.com\/Eurl.Hosna.DZ\/\" \/>\n<meta property=\"article:modified_time\" content=\"2021-12-19T08:53:47+00:00\" \/>\n<meta property=\"og:image\" content=\"https:\/\/eurlhosnakamel.dz\/dz\/wp-content\/uploads\/2020\/04\/Lames-pour-scie-sabre-Multi-Mat\u00e9riaux-S-1122-HF-175mm-5-Pi\u00e8ces-eurl-hosna-kamel-alg\u00e9rie.jpg\" \/>\n\t<meta property=\"og:image:width\" content=\"512\" \/>\n\t<meta property=\"og:image:height\" content=\"512\" \/>\n\t<meta property=\"og:image:type\" content=\"image\/jpeg\" \/>\n<meta name=\"twitter:card\" content=\"summary_large_image\" \/>\n<meta name=\"twitter:label1\" content=\"Dur\u00e9e de lecture estim\u00e9e\" \/>\n\t<meta name=\"twitter:data1\" content=\"1 minute\" \/>\n<script type=\"application\/ld+json\" class=\"yoast-schema-graph\">{\"@context\":\"https:\/\/schema.org\",\"@graph\":[{\"@type\":\"WebPage\",\"@id\":\"https:\/\/eurlhosnakamel.dz\/dz\/produit\/bosch-lame-scie-egoine-jeux-5pcs-s1122hf-225mm-mult-mat-6021\/\",\"url\":\"https:\/\/eurlhosnakamel.dz\/dz\/produit\/bosch-lame-scie-egoine-jeux-5pcs-s1122hf-225mm-mult-mat-6021\/\",\"name\":\"Lames pour scie sabre Multi-Mat\u00e9riaux S 1122 HF 175mm (5 Pi\u00e8ces) - EURL HOSNA KAMEL\",\"isPartOf\":{\"@id\":\"https:\/\/eurlhosnakamel.dz\/dz\/#website\"},\"primaryImageOfPage\":{\"@id\":\"https:\/\/eurlhosnakamel.dz\/dz\/produit\/bosch-lame-scie-egoine-jeux-5pcs-s1122hf-225mm-mult-mat-6021\/#primaryimage\"},\"image\":{\"@id\":\"https:\/\/eurlhosnakamel.dz\/dz\/produit\/bosch-lame-scie-egoine-jeux-5pcs-s1122hf-225mm-mult-mat-6021\/#primaryimage\"},\"thumbnailUrl\":\"https:\/\/eurlhosnakamel.dz\/dz\/wp-content\/uploads\/2020\/04\/Lames-pour-scie-sabre-Multi-Mat\u00e9riaux-S-1122-HF-175mm-5-Pi\u00e8ces-eurl-hosna-kamel-alg\u00e9rie.jpg\",\"datePublished\":\"2020-04-29T09:08:21+00:00\",\"dateModified\":\"2021-12-19T08:53:47+00:00\",\"description\":\"Lames pour scie sabre Multi-Mat\u00e9riaux S 1122 HF 175mm (5 Pi\u00e8ces) - EURL HOSNA KAMEL\",\"breadcrumb\":{\"@id\":\"https:\/\/eurlhosnakamel.dz\/dz\/produit\/bosch-lame-scie-egoine-jeux-5pcs-s1122hf-225mm-mult-mat-6021\/#breadcrumb\"},\"inLanguage\":\"fr-FR\",\"potentialAction\":[{\"@type\":\"ReadAction\",\"target\":[\"https:\/\/eurlhosnakamel.dz\/dz\/produit\/bosch-lame-scie-egoine-jeux-5pcs-s1122hf-225mm-mult-mat-6021\/\"]}]},{\"@type\":\"ImageObject\",\"inLanguage\":\"fr-FR\",\"@id\":\"https:\/\/eurlhosnakamel.dz\/dz\/produit\/bosch-lame-scie-egoine-jeux-5pcs-s1122hf-225mm-mult-mat-6021\/#primaryimage\",\"url\":\"https:\/\/eurlhosnakamel.dz\/dz\/wp-content\/uploads\/2020\/04\/Lames-pour-scie-sabre-Multi-Mat\u00e9riaux-S-1122-HF-175mm-5-Pi\u00e8ces-eurl-hosna-kamel-alg\u00e9rie.jpg\",\"contentUrl\":\"https:\/\/eurlhosnakamel.dz\/dz\/wp-content\/uploads\/2020\/04\/Lames-pour-scie-sabre-Multi-Mat\u00e9riaux-S-1122-HF-175mm-5-Pi\u00e8ces-eurl-hosna-kamel-alg\u00e9rie.jpg\",\"width\":512,\"height\":512},{\"@type\":\"BreadcrumbList\",\"@id\":\"https:\/\/eurlhosnakamel.dz\/dz\/produit\/bosch-lame-scie-egoine-jeux-5pcs-s1122hf-225mm-mult-mat-6021\/#breadcrumb\",\"itemListElement\":[{\"@type\":\"ListItem\",\"position\":1,\"name\":\"Accueil\",\"item\":\"https:\/\/eurlhosnakamel.dz\/dz\/\"},{\"@type\":\"ListItem\",\"position\":2,\"name\":\"Shop\",\"item\":\"https:\/\/eurlhosnakamel.dz\/dz\/shop\/\"},{\"@type\":\"ListItem\",\"position\":3,\"name\":\"Lames pour scie sabre Multi-Mat\u00e9riaux S 1122 HF 175mm (5 Pi\u00e8ces)\"}]},{\"@type\":\"WebSite\",\"@id\":\"https:\/\/eurlhosnakamel.dz\/dz\/#website\",\"url\":\"https:\/\/eurlhosnakamel.dz\/dz\/\",\"name\":\"EURL HOSNA KAMEL\",\"description\":\"Fournisseur Premium d&#039;Outillages Professionnels en Alg\u00e9rie -\",\"publisher\":{\"@id\":\"https:\/\/eurlhosnakamel.dz\/dz\/#organization\"},\"potentialAction\":[{\"@type\":\"SearchAction\",\"target\":{\"@type\":\"EntryPoint\",\"urlTemplate\":\"https:\/\/eurlhosnakamel.dz\/dz\/?s={search_term_string}\"},\"query-input\":\"required name=search_term_string\"}],\"inLanguage\":\"fr-FR\"},{\"@type\":\"Organization\",\"@id\":\"https:\/\/eurlhosnakamel.dz\/dz\/#organization\",\"name\":\"EURL HOSNA KAMEL - Bosch alg\u00e9rie\",\"url\":\"https:\/\/eurlhosnakamel.dz\/dz\/\",\"logo\":{\"@type\":\"ImageObject\",\"inLanguage\":\"fr-FR\",\"@id\":\"https:\/\/eurlhosnakamel.dz\/dz\/#\/schema\/logo\/image\/\",\"url\":\"https:\/\/eurlhosnakamel.dz\/wp-content\/uploads\/2020\/04\/LOGO-HOSNA1.png\",\"contentUrl\":\"https:\/\/eurlhosnakamel.dz\/wp-content\/uploads\/2020\/04\/LOGO-HOSNA1.png\",\"width\":120,\"height\":127,\"caption\":\"EURL HOSNA KAMEL - Bosch alg\u00e9rie\"},\"image\":{\"@id\":\"https:\/\/eurlhosnakamel.dz\/dz\/#\/schema\/logo\/image\/\"},\"sameAs\":[\"https:\/\/www.facebook.com\/Eurl.Hosna.DZ\/\"]}]}<\/script>\n<!-- \/ Yoast SEO plugin. -->","yoast_head_json":{"title":"Lames pour scie sabre Multi-Mat\u00e9riaux S 1122 HF 175mm (5 Pi\u00e8ces) - EURL HOSNA KAMEL","description":"Lames pour scie sabre Multi-Mat\u00e9riaux S 1122 HF 175mm (5 Pi\u00e8ces) - EURL HOSNA KAMEL","robots":{"index":"index","follow":"follow","max-snippet":"max-snippet:-1","max-image-preview":"max-image-preview:large","max-video-preview":"max-video-preview:-1"},"canonical":"https:\/\/eurlhosnakamel.dz\/dz\/produit\/bosch-lame-scie-egoine-jeux-5pcs-s1122hf-225mm-mult-mat-6021\/","og_locale":"fr_FR","og_type":"article","og_title":"Lames pour scie sabre Multi-Mat\u00e9riaux S 1122 HF 175mm (5 Pi\u00e8ces) - EURL HOSNA KAMEL","og_description":"Lames pour scie sabre Multi-Mat\u00e9riaux S 1122 HF 175mm (5 Pi\u00e8ces) - EURL HOSNA KAMEL","og_url":"https:\/\/eurlhosnakamel.dz\/dz\/produit\/bosch-lame-scie-egoine-jeux-5pcs-s1122hf-225mm-mult-mat-6021\/","og_site_name":"EURL HOSNA KAMEL","article_publisher":"https:\/\/www.facebook.com\/Eurl.Hosna.DZ\/","article_modified_time":"2021-12-19T08:53:47+00:00","og_image":[{"width":512,"height":512,"url":"https:\/\/eurlhosnakamel.dz\/dz\/wp-content\/uploads\/2020\/04\/Lames-pour-scie-sabre-Multi-Mat\u00e9riaux-S-1122-HF-175mm-5-Pi\u00e8ces-eurl-hosna-kamel-alg\u00e9rie.jpg","type":"image\/jpeg"}],"twitter_card":"summary_large_image","twitter_misc":{"Dur\u00e9e de lecture estim\u00e9e":"1 minute"},"schema":{"@context":"https:\/\/schema.org","@graph":[{"@type":"WebPage","@id":"https:\/\/eurlhosnakamel.dz\/dz\/produit\/bosch-lame-scie-egoine-jeux-5pcs-s1122hf-225mm-mult-mat-6021\/","url":"https:\/\/eurlhosnakamel.dz\/dz\/produit\/bosch-lame-scie-egoine-jeux-5pcs-s1122hf-225mm-mult-mat-6021\/","name":"Lames pour scie sabre Multi-Mat\u00e9riaux S 1122 HF 175mm (5 Pi\u00e8ces) - EURL HOSNA KAMEL","isPartOf":{"@id":"https:\/\/eurlhosnakamel.dz\/dz\/#website"},"primaryImageOfPage":{"@id":"https:\/\/eurlhosnakamel.dz\/dz\/produit\/bosch-lame-scie-egoine-jeux-5pcs-s1122hf-225mm-mult-mat-6021\/#primaryimage"},"image":{"@id":"https:\/\/eurlhosnakamel.dz\/dz\/produit\/bosch-lame-scie-egoine-jeux-5pcs-s1122hf-225mm-mult-mat-6021\/#primaryimage"},"thumbnailUrl":"https:\/\/eurlhosnakamel.dz\/dz\/wp-content\/uploads\/2020\/04\/Lames-pour-scie-sabre-Multi-Mat\u00e9riaux-S-1122-HF-175mm-5-Pi\u00e8ces-eurl-hosna-kamel-alg\u00e9rie.jpg","datePublished":"2020-04-29T09:08:21+00:00","dateModified":"2021-12-19T08:53:47+00:00","description":"Lames pour scie sabre Multi-Mat\u00e9riaux S 1122 HF 175mm (5 Pi\u00e8ces) - EURL HOSNA KAMEL","breadcrumb":{"@id":"https:\/\/eurlhosnakamel.dz\/dz\/produit\/bosch-lame-scie-egoine-jeux-5pcs-s1122hf-225mm-mult-mat-6021\/#breadcrumb"},"inLanguage":"fr-FR","potentialAction":[{"@type":"ReadAction","target":["https:\/\/eurlhosnakamel.dz\/dz\/produit\/bosch-lame-scie-egoine-jeux-5pcs-s1122hf-225mm-mult-mat-6021\/"]}]},{"@type":"ImageObject","inLanguage":"fr-FR","@id":"https:\/\/eurlhosnakamel.dz\/dz\/produit\/bosch-lame-scie-egoine-jeux-5pcs-s1122hf-225mm-mult-mat-6021\/#primaryimage","url":"https:\/\/eurlhosnakamel.dz\/dz\/wp-content\/uploads\/2020\/04\/Lames-pour-scie-sabre-Multi-Mat\u00e9riaux-S-1122-HF-175mm-5-Pi\u00e8ces-eurl-hosna-kamel-alg\u00e9rie.jpg","contentUrl":"https:\/\/eurlhosnakamel.dz\/dz\/wp-content\/uploads\/2020\/04\/Lames-pour-scie-sabre-Multi-Mat\u00e9riaux-S-1122-HF-175mm-5-Pi\u00e8ces-eurl-hosna-kamel-alg\u00e9rie.jpg","width":512,"height":512},{"@type":"BreadcrumbList","@id":"https:\/\/eurlhosnakamel.dz\/dz\/produit\/bosch-lame-scie-egoine-jeux-5pcs-s1122hf-225mm-mult-mat-6021\/#breadcrumb","itemListElement":[{"@type":"ListItem","position":1,"name":"Accueil","item":"https:\/\/eurlhosnakamel.dz\/dz\/"},{"@type":"ListItem","position":2,"name":"Shop","item":"https:\/\/eurlhosnakamel.dz\/dz\/shop\/"},{"@type":"ListItem","position":3,"name":"Lames pour scie sabre Multi-Mat\u00e9riaux S 1122 HF 175mm (5 Pi\u00e8ces)"}]},{"@type":"WebSite","@id":"https:\/\/eurlhosnakamel.dz\/dz\/#website","url":"https:\/\/eurlhosnakamel.dz\/dz\/","name":"EURL HOSNA KAMEL","description":"Fournisseur Premium d&#039;Outillages Professionnels en Alg\u00e9rie -","publisher":{"@id":"https:\/\/eurlhosnakamel.dz\/dz\/#organization"},"potentialAction":[{"@type":"SearchAction","target":{"@type":"EntryPoint","urlTemplate":"https:\/\/eurlhosnakamel.dz\/dz\/?s={search_term_string}"},"query-input":"required name=search_term_string"}],"inLanguage":"fr-FR"},{"@type":"Organization","@id":"https:\/\/eurlhosnakamel.dz\/dz\/#organization","name":"EURL HOSNA KAMEL - Bosch alg\u00e9rie","url":"https:\/\/eurlhosnakamel.dz\/dz\/","logo":{"@type":"ImageObject","inLanguage":"fr-FR","@id":"https:\/\/eurlhosnakamel.dz\/dz\/#\/schema\/logo\/image\/","url":"https:\/\/eurlhosnakamel.dz\/wp-content\/uploads\/2020\/04\/LOGO-HOSNA1.png","contentUrl":"https:\/\/eurlhosnakamel.dz\/wp-content\/uploads\/2020\/04\/LOGO-HOSNA1.png","width":120,"height":127,"caption":"EURL HOSNA KAMEL - Bosch alg\u00e9rie"},"image":{"@id":"https:\/\/eurlhosnakamel.dz\/dz\/#\/schema\/logo\/image\/"},"sameAs":["https:\/\/www.facebook.com\/Eurl.Hosna.DZ\/"]}]}},"_links":{"self":[{"href":"https:\/\/eurlhosnakamel.dz\/dz\/wp-json\/wp\/v2\/product\/9149","targetHints":{"allow":["GET"]}}],"collection":[{"href":"https:\/\/eurlhosnakamel.dz\/dz\/wp-json\/wp\/v2\/product"}],"about":[{"href":"https:\/\/eurlhosnakamel.dz\/dz\/wp-json\/wp\/v2\/types\/product"}],"wp:featuredmedia":[{"embeddable":true,"href":"https:\/\/eurlhosnakamel.dz\/dz\/wp-json\/wp\/v2\/media\/10838"}],"wp:attachment":[{"href":"https:\/\/eurlhosnakamel.dz\/dz\/wp-json\/wp\/v2\/media?parent=9149"}],"wp:term":[{"taxonomy":"product_cat","embeddable":true,"href":"https:\/\/eurlhosnakamel.dz\/dz\/wp-json\/wp\/v2\/product_cat?post=9149"},{"taxonomy":"product_tag","embeddable":true,"href":"https:\/\/eurlhosnakamel.dz\/dz\/wp-json\/wp\/v2\/product_tag?post=9149"}],"curies":[{"name":"wp","href":"https:\/\/api.w.org\/{rel}","templated":true}]}}