{"id":9183,"date":"2020-04-29T10:27:15","date_gmt":"2020-04-29T10:27:15","guid":{"rendered":"https:\/\/lhchosting.com\/hosna\/?post_type=product&#038;p=9183"},"modified":"2021-12-19T08:53:28","modified_gmt":"2021-12-19T08:53:28","slug":"bosch-disq-diam-230mm-universal-2195-15065","status":"publish","type":"product","link":"https:\/\/eurlhosnakamel.dz\/dz\/produit\/bosch-disq-diam-230mm-universal-2195-15065\/","title":{"rendered":"Disque diamant Universal 230 x 22.23 x 10,0mm"},"content":{"rendered":"<h2 class=\"headline hl1\" style=\"text-align: justify\"><span>Points forts du produit<\/span><\/h2>\n<div class=\"row\">\n<div class=\"col-md-6 xs-mb-30 lg-mb-0\" style=\"text-align: justify\">\n<h3 class=\"headline hl4\"><span>Norme pour les disques diamant\u00e9s universels<\/span><\/h3>\n<p><span>La norme pour le disque de coupe diamant universel fournit des coupes fiables dans les mat\u00e9riaux de construction universels<\/span><\/p>\n<ul>\n<li><span>La matrice diamant optimis\u00e9e offre des r\u00e9sultats solides gr\u00e2ce aux normes de haute qualit\u00e9 du disque<\/span><\/li>\n<li><span>Normes de qualit\u00e9 \u00e9lev\u00e9es garanties par le centre de comp\u00e9tence diamant de Bosch en Suisse<\/span><\/li>\n<\/ul>\n<div class=\"m-product_hightlights__description\">\n<h3 class=\"headline hl4\"><span>Descriptions des produits<\/span><\/h3>\n<div>\n<p><span>La norme pour les disques \u00e0 tron\u00e7onner diamant\u00e9s universels permet des coupes fiables dans les mat\u00e9riaux de construction universels.\u00a0Sa matrice diamant optimis\u00e9e fournit des r\u00e9sultats solides gr\u00e2ce aux normes de haute qualit\u00e9 du disque.\u00a0Le centre de comp\u00e9tence diamant de Bosch en Suisse garantit ces normes en permettant une qualit\u00e9 constante \u00e0 maintes reprises.\u00a0Utilisez ce disque pour couper des mat\u00e9riaux de construction tels que le b\u00e9ton et la ma\u00e7onnerie.<\/span><\/p>\n<\/div>\n<\/div>\n<\/div>\n<div class=\"col-md-6\">\n<h3 class=\"headline hl4\" style=\"text-align: justify\"><span>Les fonctions<\/span><\/h3>\n<div class=\"image-row\">\n<div class=\"image-col\" style=\"text-align: justify\"><img decoding=\"async\" class=\"img-responsive  ls-is-cached lazyloaded\" title=\"\" src=\"https:\/\/www.bosch-professional.com\/binary\/ocsmedia\/optimized\/100x100\/o76515v82_winkelschleifer_3D.png\" alt=\"\" data-srcset=\"\n            https:\/\/www.bosch-professional.com\/binary\/ocsmedia\/optimized\/100x100\/o76515v82_winkelschleifer_3D.png 100w,\n            https:\/\/www.bosch-professional.com\/binary\/ocsmedia\/optimized\/200x200\/o76515v82_winkelschleifer_3D.png 200w\n          \" \/> \u00a0<img decoding=\"async\" class=\"img-responsive  lazyloaded\" title=\"\" src=\"https:\/\/www.bosch-professional.com\/binary\/ocsmedia\/optimized\/100x100\/o101918v82_pdi9675_extra.png\" alt=\"\" data-srcset=\"\n            https:\/\/www.bosch-professional.com\/binary\/ocsmedia\/optimized\/100x100\/o101918v82_pdi9675_extra.png 100w,\n            https:\/\/www.bosch-professional.com\/binary\/ocsmedia\/optimized\/200x200\/o101918v82_pdi9675_extra.png 200w\n          \" \/><\/div>\n<\/div>\n<\/div>\n<\/div>\n","protected":false},"excerpt":{"rendered":"<h4>Disque \u00e0 tron\u00e7onner diamant standard pour Universal 230&#215;22.23<\/h4>\n<table class=\"m-datatable m-datatable--light\">\n<thead>\n<tr>\n<th class=\"no-sort\" data-priority=\"1\"><span>D\u00e9tails<\/span><\/th>\n<th class=\"no-sort\" data-priority=\"1\"><\/th>\n<\/tr>\n<\/thead>\n<tbody>\n<tr class=\"\">\n<td><span>Diam\u00e8tre mm<\/span><\/td>\n<td><span>230<\/span><\/td>\n<\/tr>\n<tr class=\"\">\n<td><span>Diam\u00e8tre d&#8217;al\u00e9sage mm<\/span><\/td>\n<td><span>22,23<\/span><\/td>\n<\/tr>\n<tr class=\"\">\n<td><span>Largeur de coupe mm<\/span><\/td>\n<td><span>2.6<\/span><\/td>\n<\/tr>\n<tr class=\"\">\n<td><span>Hauteur de segment mm<\/span><\/td>\n<td><span>dix<\/span><\/td>\n<\/tr>\n<\/tbody>\n<\/table>\n","protected":false},"featured_media":10772,"template":"","meta":[],"product_cat":[1277,405],"product_tag":[2596],"class_list":{"0":"post-9183","1":"product","2":"type-product","3":"status-publish","4":"has-post-thumbnail","6":"product_cat-accessoires-bosch","7":"product_cat-outillage","8":"product_tag-disque-diamant-universal-230-x-22-23-x-10-0mm","9":"product_brand-bosch-outillage","11":"first","12":"instock","13":"shipping-taxable","14":"product-type-simple","15":"col-xs-6 col-sm-4","16":"col-md-3 col-lg-3","17":"un-4-cols"},"yoast_head":"<!-- This site is optimized with the Yoast SEO plugin v22.5 - https:\/\/yoast.com\/wordpress\/plugins\/seo\/ -->\n<title>Disque diamant Universal 230 x 22.23 x 10,0mm - EURL HOSNA KAMEL<\/title>\n<meta name=\"description\" content=\"Disque diamant Universal 230 x 22.23 x 10,0mm - EURL HOSNA KAMEL\" \/>\n<meta name=\"robots\" content=\"index, follow, max-snippet:-1, max-image-preview:large, max-video-preview:-1\" \/>\n<link rel=\"canonical\" href=\"https:\/\/eurlhosnakamel.dz\/dz\/produit\/bosch-disq-diam-230mm-universal-2195-15065\/\" \/>\n<meta property=\"og:locale\" content=\"fr_FR\" \/>\n<meta property=\"og:type\" content=\"article\" \/>\n<meta property=\"og:title\" content=\"Disque diamant Universal 230 x 22.23 x 10,0mm - EURL HOSNA KAMEL\" \/>\n<meta property=\"og:description\" content=\"Disque diamant Universal 230 x 22.23 x 10,0mm - EURL HOSNA KAMEL\" \/>\n<meta property=\"og:url\" content=\"https:\/\/eurlhosnakamel.dz\/dz\/produit\/bosch-disq-diam-230mm-universal-2195-15065\/\" \/>\n<meta property=\"og:site_name\" content=\"EURL HOSNA KAMEL\" \/>\n<meta property=\"article:publisher\" content=\"https:\/\/www.facebook.com\/Eurl.Hosna.DZ\/\" \/>\n<meta property=\"article:modified_time\" content=\"2021-12-19T08:53:28+00:00\" \/>\n<meta property=\"og:image\" content=\"https:\/\/eurlhosnakamel.dz\/dz\/wp-content\/uploads\/2020\/04\/Disque-diamant-Universal-230-x-22.23-x-100mm-eurl-hosna-kamel-alg\u00e9rie.jpg\" \/>\n\t<meta property=\"og:image:width\" content=\"512\" \/>\n\t<meta property=\"og:image:height\" content=\"512\" \/>\n\t<meta property=\"og:image:type\" content=\"image\/jpeg\" \/>\n<meta name=\"twitter:card\" content=\"summary_large_image\" \/>\n<meta name=\"twitter:label1\" content=\"Dur\u00e9e de lecture estim\u00e9e\" \/>\n\t<meta name=\"twitter:data1\" content=\"1 minute\" \/>\n<script type=\"application\/ld+json\" class=\"yoast-schema-graph\">{\"@context\":\"https:\/\/schema.org\",\"@graph\":[{\"@type\":\"WebPage\",\"@id\":\"https:\/\/eurlhosnakamel.dz\/dz\/produit\/bosch-disq-diam-230mm-universal-2195-15065\/\",\"url\":\"https:\/\/eurlhosnakamel.dz\/dz\/produit\/bosch-disq-diam-230mm-universal-2195-15065\/\",\"name\":\"Disque diamant Universal 230 x 22.23 x 10,0mm - EURL HOSNA KAMEL\",\"isPartOf\":{\"@id\":\"https:\/\/eurlhosnakamel.dz\/dz\/#website\"},\"primaryImageOfPage\":{\"@id\":\"https:\/\/eurlhosnakamel.dz\/dz\/produit\/bosch-disq-diam-230mm-universal-2195-15065\/#primaryimage\"},\"image\":{\"@id\":\"https:\/\/eurlhosnakamel.dz\/dz\/produit\/bosch-disq-diam-230mm-universal-2195-15065\/#primaryimage\"},\"thumbnailUrl\":\"https:\/\/eurlhosnakamel.dz\/dz\/wp-content\/uploads\/2020\/04\/Disque-diamant-Universal-230-x-22.23-x-100mm-eurl-hosna-kamel-alg\u00e9rie.jpg\",\"datePublished\":\"2020-04-29T10:27:15+00:00\",\"dateModified\":\"2021-12-19T08:53:28+00:00\",\"description\":\"Disque diamant Universal 230 x 22.23 x 10,0mm - EURL HOSNA KAMEL\",\"breadcrumb\":{\"@id\":\"https:\/\/eurlhosnakamel.dz\/dz\/produit\/bosch-disq-diam-230mm-universal-2195-15065\/#breadcrumb\"},\"inLanguage\":\"fr-FR\",\"potentialAction\":[{\"@type\":\"ReadAction\",\"target\":[\"https:\/\/eurlhosnakamel.dz\/dz\/produit\/bosch-disq-diam-230mm-universal-2195-15065\/\"]}]},{\"@type\":\"ImageObject\",\"inLanguage\":\"fr-FR\",\"@id\":\"https:\/\/eurlhosnakamel.dz\/dz\/produit\/bosch-disq-diam-230mm-universal-2195-15065\/#primaryimage\",\"url\":\"https:\/\/eurlhosnakamel.dz\/dz\/wp-content\/uploads\/2020\/04\/Disque-diamant-Universal-230-x-22.23-x-100mm-eurl-hosna-kamel-alg\u00e9rie.jpg\",\"contentUrl\":\"https:\/\/eurlhosnakamel.dz\/dz\/wp-content\/uploads\/2020\/04\/Disque-diamant-Universal-230-x-22.23-x-100mm-eurl-hosna-kamel-alg\u00e9rie.jpg\",\"width\":512,\"height\":512},{\"@type\":\"BreadcrumbList\",\"@id\":\"https:\/\/eurlhosnakamel.dz\/dz\/produit\/bosch-disq-diam-230mm-universal-2195-15065\/#breadcrumb\",\"itemListElement\":[{\"@type\":\"ListItem\",\"position\":1,\"name\":\"Accueil\",\"item\":\"https:\/\/eurlhosnakamel.dz\/dz\/\"},{\"@type\":\"ListItem\",\"position\":2,\"name\":\"Shop\",\"item\":\"https:\/\/eurlhosnakamel.dz\/dz\/shop\/\"},{\"@type\":\"ListItem\",\"position\":3,\"name\":\"Disque diamant Universal 230 x 22.23 x 10,0mm\"}]},{\"@type\":\"WebSite\",\"@id\":\"https:\/\/eurlhosnakamel.dz\/dz\/#website\",\"url\":\"https:\/\/eurlhosnakamel.dz\/dz\/\",\"name\":\"EURL HOSNA KAMEL\",\"description\":\"Fournisseur Premium d&#039;Outillages Professionnels en Alg\u00e9rie -\",\"publisher\":{\"@id\":\"https:\/\/eurlhosnakamel.dz\/dz\/#organization\"},\"potentialAction\":[{\"@type\":\"SearchAction\",\"target\":{\"@type\":\"EntryPoint\",\"urlTemplate\":\"https:\/\/eurlhosnakamel.dz\/dz\/?s={search_term_string}\"},\"query-input\":\"required name=search_term_string\"}],\"inLanguage\":\"fr-FR\"},{\"@type\":\"Organization\",\"@id\":\"https:\/\/eurlhosnakamel.dz\/dz\/#organization\",\"name\":\"EURL HOSNA KAMEL - Bosch alg\u00e9rie\",\"url\":\"https:\/\/eurlhosnakamel.dz\/dz\/\",\"logo\":{\"@type\":\"ImageObject\",\"inLanguage\":\"fr-FR\",\"@id\":\"https:\/\/eurlhosnakamel.dz\/dz\/#\/schema\/logo\/image\/\",\"url\":\"https:\/\/eurlhosnakamel.dz\/wp-content\/uploads\/2020\/04\/LOGO-HOSNA1.png\",\"contentUrl\":\"https:\/\/eurlhosnakamel.dz\/wp-content\/uploads\/2020\/04\/LOGO-HOSNA1.png\",\"width\":120,\"height\":127,\"caption\":\"EURL HOSNA KAMEL - Bosch alg\u00e9rie\"},\"image\":{\"@id\":\"https:\/\/eurlhosnakamel.dz\/dz\/#\/schema\/logo\/image\/\"},\"sameAs\":[\"https:\/\/www.facebook.com\/Eurl.Hosna.DZ\/\"]}]}<\/script>\n<!-- \/ Yoast SEO plugin. -->","yoast_head_json":{"title":"Disque diamant Universal 230 x 22.23 x 10,0mm - EURL HOSNA KAMEL","description":"Disque diamant Universal 230 x 22.23 x 10,0mm - EURL HOSNA KAMEL","robots":{"index":"index","follow":"follow","max-snippet":"max-snippet:-1","max-image-preview":"max-image-preview:large","max-video-preview":"max-video-preview:-1"},"canonical":"https:\/\/eurlhosnakamel.dz\/dz\/produit\/bosch-disq-diam-230mm-universal-2195-15065\/","og_locale":"fr_FR","og_type":"article","og_title":"Disque diamant Universal 230 x 22.23 x 10,0mm - EURL HOSNA KAMEL","og_description":"Disque diamant Universal 230 x 22.23 x 10,0mm - EURL HOSNA KAMEL","og_url":"https:\/\/eurlhosnakamel.dz\/dz\/produit\/bosch-disq-diam-230mm-universal-2195-15065\/","og_site_name":"EURL HOSNA KAMEL","article_publisher":"https:\/\/www.facebook.com\/Eurl.Hosna.DZ\/","article_modified_time":"2021-12-19T08:53:28+00:00","og_image":[{"width":512,"height":512,"url":"https:\/\/eurlhosnakamel.dz\/dz\/wp-content\/uploads\/2020\/04\/Disque-diamant-Universal-230-x-22.23-x-100mm-eurl-hosna-kamel-alg\u00e9rie.jpg","type":"image\/jpeg"}],"twitter_card":"summary_large_image","twitter_misc":{"Dur\u00e9e de lecture estim\u00e9e":"1 minute"},"schema":{"@context":"https:\/\/schema.org","@graph":[{"@type":"WebPage","@id":"https:\/\/eurlhosnakamel.dz\/dz\/produit\/bosch-disq-diam-230mm-universal-2195-15065\/","url":"https:\/\/eurlhosnakamel.dz\/dz\/produit\/bosch-disq-diam-230mm-universal-2195-15065\/","name":"Disque diamant Universal 230 x 22.23 x 10,0mm - EURL HOSNA KAMEL","isPartOf":{"@id":"https:\/\/eurlhosnakamel.dz\/dz\/#website"},"primaryImageOfPage":{"@id":"https:\/\/eurlhosnakamel.dz\/dz\/produit\/bosch-disq-diam-230mm-universal-2195-15065\/#primaryimage"},"image":{"@id":"https:\/\/eurlhosnakamel.dz\/dz\/produit\/bosch-disq-diam-230mm-universal-2195-15065\/#primaryimage"},"thumbnailUrl":"https:\/\/eurlhosnakamel.dz\/dz\/wp-content\/uploads\/2020\/04\/Disque-diamant-Universal-230-x-22.23-x-100mm-eurl-hosna-kamel-alg\u00e9rie.jpg","datePublished":"2020-04-29T10:27:15+00:00","dateModified":"2021-12-19T08:53:28+00:00","description":"Disque diamant Universal 230 x 22.23 x 10,0mm - EURL HOSNA KAMEL","breadcrumb":{"@id":"https:\/\/eurlhosnakamel.dz\/dz\/produit\/bosch-disq-diam-230mm-universal-2195-15065\/#breadcrumb"},"inLanguage":"fr-FR","potentialAction":[{"@type":"ReadAction","target":["https:\/\/eurlhosnakamel.dz\/dz\/produit\/bosch-disq-diam-230mm-universal-2195-15065\/"]}]},{"@type":"ImageObject","inLanguage":"fr-FR","@id":"https:\/\/eurlhosnakamel.dz\/dz\/produit\/bosch-disq-diam-230mm-universal-2195-15065\/#primaryimage","url":"https:\/\/eurlhosnakamel.dz\/dz\/wp-content\/uploads\/2020\/04\/Disque-diamant-Universal-230-x-22.23-x-100mm-eurl-hosna-kamel-alg\u00e9rie.jpg","contentUrl":"https:\/\/eurlhosnakamel.dz\/dz\/wp-content\/uploads\/2020\/04\/Disque-diamant-Universal-230-x-22.23-x-100mm-eurl-hosna-kamel-alg\u00e9rie.jpg","width":512,"height":512},{"@type":"BreadcrumbList","@id":"https:\/\/eurlhosnakamel.dz\/dz\/produit\/bosch-disq-diam-230mm-universal-2195-15065\/#breadcrumb","itemListElement":[{"@type":"ListItem","position":1,"name":"Accueil","item":"https:\/\/eurlhosnakamel.dz\/dz\/"},{"@type":"ListItem","position":2,"name":"Shop","item":"https:\/\/eurlhosnakamel.dz\/dz\/shop\/"},{"@type":"ListItem","position":3,"name":"Disque diamant Universal 230 x 22.23 x 10,0mm"}]},{"@type":"WebSite","@id":"https:\/\/eurlhosnakamel.dz\/dz\/#website","url":"https:\/\/eurlhosnakamel.dz\/dz\/","name":"EURL HOSNA KAMEL","description":"Fournisseur Premium d&#039;Outillages Professionnels en Alg\u00e9rie -","publisher":{"@id":"https:\/\/eurlhosnakamel.dz\/dz\/#organization"},"potentialAction":[{"@type":"SearchAction","target":{"@type":"EntryPoint","urlTemplate":"https:\/\/eurlhosnakamel.dz\/dz\/?s={search_term_string}"},"query-input":"required name=search_term_string"}],"inLanguage":"fr-FR"},{"@type":"Organization","@id":"https:\/\/eurlhosnakamel.dz\/dz\/#organization","name":"EURL HOSNA KAMEL - Bosch alg\u00e9rie","url":"https:\/\/eurlhosnakamel.dz\/dz\/","logo":{"@type":"ImageObject","inLanguage":"fr-FR","@id":"https:\/\/eurlhosnakamel.dz\/dz\/#\/schema\/logo\/image\/","url":"https:\/\/eurlhosnakamel.dz\/wp-content\/uploads\/2020\/04\/LOGO-HOSNA1.png","contentUrl":"https:\/\/eurlhosnakamel.dz\/wp-content\/uploads\/2020\/04\/LOGO-HOSNA1.png","width":120,"height":127,"caption":"EURL HOSNA KAMEL - Bosch alg\u00e9rie"},"image":{"@id":"https:\/\/eurlhosnakamel.dz\/dz\/#\/schema\/logo\/image\/"},"sameAs":["https:\/\/www.facebook.com\/Eurl.Hosna.DZ\/"]}]}},"_links":{"self":[{"href":"https:\/\/eurlhosnakamel.dz\/dz\/wp-json\/wp\/v2\/product\/9183","targetHints":{"allow":["GET"]}}],"collection":[{"href":"https:\/\/eurlhosnakamel.dz\/dz\/wp-json\/wp\/v2\/product"}],"about":[{"href":"https:\/\/eurlhosnakamel.dz\/dz\/wp-json\/wp\/v2\/types\/product"}],"wp:featuredmedia":[{"embeddable":true,"href":"https:\/\/eurlhosnakamel.dz\/dz\/wp-json\/wp\/v2\/media\/10772"}],"wp:attachment":[{"href":"https:\/\/eurlhosnakamel.dz\/dz\/wp-json\/wp\/v2\/media?parent=9183"}],"wp:term":[{"taxonomy":"product_cat","embeddable":true,"href":"https:\/\/eurlhosnakamel.dz\/dz\/wp-json\/wp\/v2\/product_cat?post=9183"},{"taxonomy":"product_tag","embeddable":true,"href":"https:\/\/eurlhosnakamel.dz\/dz\/wp-json\/wp\/v2\/product_tag?post=9183"}],"curies":[{"name":"wp","href":"https:\/\/api.w.org\/{rel}","templated":true}]}}